{"id":32160,"date":"2026-04-20T10:03:38","date_gmt":"2026-04-20T08:03:38","guid":{"rendered":"https:\/\/women.lv\/?post_type=product&#038;p=32160"},"modified":"2026-04-20T10:43:28","modified_gmt":"2026-04-20T08:43:28","slug":"lidz-72h-dezodorants-viriesiem","status":"publish","type":"product","link":"https:\/\/women.lv\/ru\/product\/lidz-72h-dezodorants-viriesiem\/","title":{"rendered":"L\u012bdz 72h dezodorants v\u012brie\u0161iem"},"content":{"rendered":"<p><span style=\"font-family: Helvetica;\"><span style=\"font-size: 18px;\">Neitraliz\u0113jot smaku izraiso\u0161\u0101s bakt\u0113rijas, m\u0113s atbalst\u0101m J\u016bsu \u0137erme\u0146a dabisk\u0101s sist\u0113mas, nodro\u0161inot proakt\u012bvu aizsardz\u012bbu pret smaku, neaizsprostot poras, nekairinot \u0101du un neizmantojot skarbas sast\u0101vda\u013cas, kas atrodamas citos dezodorantos.<\/span><\/span><\/p>\n<p><span style=\"font-family: Helvetica;\"><span style=\"font-size: 18px;\">T\u0101pat k\u0101 jebkurai sk\u016btai \u0101dai, J\u016bsu paduses ir j\u0101kondicion\u0113 un j\u0101nomierina \u2014 t\u0101 ir jut\u012bga \u0137erme\u0146a zona, un t\u0101 ir j\u0101kopj. Lavilin satur maigus augu un augu ekstraktus, kas kondicion\u0113, mitrina un aizsarg\u0101 J\u016bsu maigo padu\u0161u \u0101du. Arom\u0101ts ir neitr\u0101ls.<\/span><\/span><\/p>\n<ul>\n<li><span style=\"font-family: Helvetica;\"><span style=\"font-size: 18px;\">P\u0101rbaud\u012bts un pier\u0101d\u012bts, ka tas ir efekt\u012bvs<\/span><\/span><\/li>\n<li><span style=\"font-family: Helvetica;\"><span style=\"font-size: 18px;\">Izstr\u0101d\u0101ts sportistiem<\/span><\/span><\/li>\n<li><span style=\"font-family: Helvetica;\"><span style=\"font-size: 18px;\">Akt\u012bv\u0101s dab\u012bg\u0101s sast\u0101vda\u013cas<\/span><\/span><\/li>\n<\/ul>\n<p><strong><span style=\"font-family: Helvetica;\"><span style=\"font-size: 18px;\">BEZ ALUM\u012aNIJA, ALKOHOLA UN PARAB\u0112NIEM!<\/span><\/span><\/strong><\/p>","protected":false},"excerpt":{"rendered":"<p>\u041d\u0435\u0439\u0442\u0440\u0430\u043b\u0438\u0437\u0443\u044f \u0431\u0430\u043a\u0442\u0435\u0440\u0438\u0438, \u0432\u044b\u0437\u044b\u0432\u0430\u044e\u0449\u0438\u0435 \u043d\u0435\u043f\u0440\u0438\u044f\u0442\u043d\u044b\u0439 \u0437\u0430\u043f\u0430\u0445, \u043c\u044b \u043f\u043e\u0434\u0434\u0435\u0440\u0436\u0438\u0432\u0430\u0435\u043c \u0435\u0441\u0442\u0435\u0441\u0442\u0432\u0435\u043d\u043d\u044b\u0435 \u0441\u0438\u0441\u0442\u0435\u043c\u044b \u0432\u0430\u0448\u0435\u0433\u043e \u043e\u0440\u0433\u0430\u043d\u0438\u0437\u043c\u0430, \u043e\u0431\u0435\u0441\u043f\u0435\u0447\u0438\u0432\u0430\u044f \u0430\u043a\u0442\u0438\u0432\u043d\u0443\u044e \u0437\u0430\u0449\u0438\u0442\u0443 \u043e\u0442 \u0437\u0430\u043f\u0430\u0445\u0430, \u043d\u0435 \u0437\u0430\u043a\u0443\u043f\u043e\u0440\u0438\u0432\u0430\u044f \u043f\u043e\u0440\u044b, \u043d\u0435 \u0440\u0430\u0437\u0434\u0440\u0430\u0436\u0430\u044f \u043a\u043e\u0436\u0443 \u0438<\/p>","protected":false},"featured_media":32161,"comment_status":"open","ping_status":"closed","template":"","meta":[],"product_brand":[4306],"product_cat":[2229,2208,2215,2220],"product_tag":[2244,2243,3559,4307,4308,4309,2245],"class_list":{"0":"post-32160","1":"product","2":"type-product","3":"status-publish","4":"has-post-thumbnail","6":"product_brand-lavilin","7":"product_cat-antiperspiranti-dezodoranti","8":"product_cat-kermena-kopsanas-lidzekii","9":"product_cat-visi-produkti","10":"product_cat-viss-viriesiem","11":"product_tag-israel","12":"product_tag-izraela","13":"product_tag-lavilin","14":"product_tag-lidz-72h-dezodorants-viriesiem","15":"product_tag-up-to-72h-deodorant-for-men","16":"product_tag--72h---","17":"product_tag-2245","18":"pa_brand_nc-lavilin","19":"pa_ean_nc-4310","20":"pa_ean_nc-israel","22":"first","23":"instock","24":"sale","25":"taxable","26":"shipping-taxable","27":"purchasable","28":"product-type-simple"},"yoast_head":"<!-- This site is optimized with the Yoast SEO plugin v27.4 - https:\/\/yoast.com\/product\/yoast-seo-wordpress\/ -->\n<title>l\u012bdz 72h dezodorants v\u012brie\u0161iem<\/title>\n<meta name=\"description\" content=\"P\u0101rbaud\u012bts un pier\u0101d\u012bts, ka tas ir efekt\u012bvs, Izstr\u0101d\u0101ts sportistiem, Akt\u012bv\u0101s dab\u012bg\u0101s sast\u0101vda\u013cas\" \/>\n<meta name=\"robots\" content=\"index, follow, max-snippet:-1, max-image-preview:large, max-video-preview:-1\" \/>\n<link rel=\"canonical\" href=\"https:\/\/women.lv\/ru\/product\/lidz-72h-dezodorants-viriesiem\/\" \/>\n<meta property=\"og:locale\" content=\"ru_RU\" \/>\n<meta property=\"og:type\" content=\"article\" \/>\n<meta property=\"og:title\" content=\"l\u012bdz 72h dezodorants v\u012brie\u0161iem\" \/>\n<meta property=\"og:description\" content=\"P\u0101rbaud\u012bts un pier\u0101d\u012bts, ka tas ir efekt\u012bvs, Izstr\u0101d\u0101ts sportistiem, Akt\u012bv\u0101s dab\u012bg\u0101s sast\u0101vda\u013cas\" \/>\n<meta property=\"og:url\" content=\"https:\/\/women.lv\/ru\/product\/lidz-72h-dezodorants-viriesiem\/\" \/>\n<meta property=\"og:site_name\" content=\"Women Veikals\" \/>\n<meta property=\"article:modified_time\" content=\"2026-04-20T08:43:28+00:00\" \/>\n<meta property=\"og:image\" content=\"https:\/\/women.lv\/wp-content\/uploads\/2026\/04\/Men-deodorant-stick.webp\" \/>\n\t<meta property=\"og:image:width\" content=\"1080\" \/>\n\t<meta property=\"og:image:height\" content=\"1080\" \/>\n\t<meta property=\"og:image:type\" content=\"image\/webp\" \/>\n<meta name=\"twitter:card\" content=\"summary_large_image\" \/>\n<meta name=\"twitter:label1\" content=\"\u041f\u0440\u0438\u043c\u0435\u0440\u043d\u043e\u0435 \u0432\u0440\u0435\u043c\u044f \u0434\u043b\u044f \u0447\u0442\u0435\u043d\u0438\u044f\" \/>\n\t<meta name=\"twitter:data1\" content=\"1 \u043c\u0438\u043d\u0443\u0442\u0430\" \/>\n<script type=\"application\/ld+json\" class=\"yoast-schema-graph\">{\"@context\":\"https:\\\/\\\/schema.org\",\"@graph\":[{\"@type\":\"WebPage\",\"@id\":\"https:\\\/\\\/women.lv\\\/product\\\/lidz-72h-dezodorants-viriesiem\\\/\",\"url\":\"https:\\\/\\\/women.lv\\\/product\\\/lidz-72h-dezodorants-viriesiem\\\/\",\"name\":\"l\u012bdz 72h dezodorants v\u012brie\u0161iem\",\"isPartOf\":{\"@id\":\"https:\\\/\\\/women.lv\\\/#website\"},\"primaryImageOfPage\":{\"@id\":\"https:\\\/\\\/women.lv\\\/product\\\/lidz-72h-dezodorants-viriesiem\\\/#primaryimage\"},\"image\":{\"@id\":\"https:\\\/\\\/women.lv\\\/product\\\/lidz-72h-dezodorants-viriesiem\\\/#primaryimage\"},\"thumbnailUrl\":\"https:\\\/\\\/women.lv\\\/wp-content\\\/uploads\\\/2026\\\/04\\\/Men-deodorant-stick.webp\",\"datePublished\":\"2026-04-20T08:03:38+00:00\",\"dateModified\":\"2026-04-20T08:43:28+00:00\",\"description\":\"P\u0101rbaud\u012bts un pier\u0101d\u012bts, ka tas ir efekt\u012bvs, Izstr\u0101d\u0101ts sportistiem, Akt\u012bv\u0101s dab\u012bg\u0101s sast\u0101vda\u013cas\",\"breadcrumb\":{\"@id\":\"https:\\\/\\\/women.lv\\\/product\\\/lidz-72h-dezodorants-viriesiem\\\/#breadcrumb\"},\"inLanguage\":\"ru-RU\",\"potentialAction\":[{\"@type\":\"ReadAction\",\"target\":[\"https:\\\/\\\/women.lv\\\/product\\\/lidz-72h-dezodorants-viriesiem\\\/\"]}]},{\"@type\":\"ImageObject\",\"inLanguage\":\"ru-RU\",\"@id\":\"https:\\\/\\\/women.lv\\\/product\\\/lidz-72h-dezodorants-viriesiem\\\/#primaryimage\",\"url\":\"https:\\\/\\\/women.lv\\\/wp-content\\\/uploads\\\/2026\\\/04\\\/Men-deodorant-stick.webp\",\"contentUrl\":\"https:\\\/\\\/women.lv\\\/wp-content\\\/uploads\\\/2026\\\/04\\\/Men-deodorant-stick.webp\",\"width\":1080,\"height\":1080},{\"@type\":\"BreadcrumbList\",\"@id\":\"https:\\\/\\\/women.lv\\\/product\\\/lidz-72h-dezodorants-viriesiem\\\/#breadcrumb\",\"itemListElement\":[{\"@type\":\"ListItem\",\"position\":1,\"name\":\"Home\",\"item\":\"https:\\\/\\\/women.lv\\\/\"},{\"@type\":\"ListItem\",\"position\":2,\"name\":\"Products\",\"item\":\"https:\\\/\\\/women.lv\\\/en\\\/shop\\\/\"},{\"@type\":\"ListItem\",\"position\":3,\"name\":\"L\u012bdz 72h dezodorants v\u012brie\u0161iem\"}]},{\"@type\":\"WebSite\",\"@id\":\"https:\\\/\\\/women.lv\\\/#website\",\"url\":\"https:\\\/\\\/women.lv\\\/\",\"name\":\"Women Veikals\",\"description\":\"Uzdr\u012bksties b\u016bt skaista\",\"potentialAction\":[{\"@type\":\"SearchAction\",\"target\":{\"@type\":\"EntryPoint\",\"urlTemplate\":\"https:\\\/\\\/women.lv\\\/?s={search_term_string}\"},\"query-input\":{\"@type\":\"PropertyValueSpecification\",\"valueRequired\":true,\"valueName\":\"search_term_string\"}}],\"inLanguage\":\"ru-RU\"}]}<\/script>\n<!-- \/ Yoast SEO plugin. -->","yoast_head_json":{"title":"l\u012bdz 72h dezodorants v\u012brie\u0161iem","description":"P\u0101rbaud\u012bts un pier\u0101d\u012bts, ka tas ir efekt\u012bvs, Izstr\u0101d\u0101ts sportistiem, Akt\u012bv\u0101s dab\u012bg\u0101s sast\u0101vda\u013cas","robots":{"index":"index","follow":"follow","max-snippet":"max-snippet:-1","max-image-preview":"max-image-preview:large","max-video-preview":"max-video-preview:-1"},"canonical":"https:\/\/women.lv\/ru\/product\/lidz-72h-dezodorants-viriesiem\/","og_locale":"ru_RU","og_type":"article","og_title":"l\u012bdz 72h dezodorants v\u012brie\u0161iem","og_description":"P\u0101rbaud\u012bts un pier\u0101d\u012bts, ka tas ir efekt\u012bvs, Izstr\u0101d\u0101ts sportistiem, Akt\u012bv\u0101s dab\u012bg\u0101s sast\u0101vda\u013cas","og_url":"https:\/\/women.lv\/ru\/product\/lidz-72h-dezodorants-viriesiem\/","og_site_name":"Women Veikals","article_modified_time":"2026-04-20T08:43:28+00:00","og_image":[{"width":1080,"height":1080,"url":"https:\/\/women.lv\/wp-content\/uploads\/2026\/04\/Men-deodorant-stick.webp","type":"image\/webp"}],"twitter_card":"summary_large_image","twitter_misc":{"\u041f\u0440\u0438\u043c\u0435\u0440\u043d\u043e\u0435 \u0432\u0440\u0435\u043c\u044f \u0434\u043b\u044f \u0447\u0442\u0435\u043d\u0438\u044f":"1 \u043c\u0438\u043d\u0443\u0442\u0430"},"schema":{"@context":"https:\/\/schema.org","@graph":[{"@type":"WebPage","@id":"https:\/\/women.lv\/product\/lidz-72h-dezodorants-viriesiem\/","url":"https:\/\/women.lv\/product\/lidz-72h-dezodorants-viriesiem\/","name":"l\u012bdz 72h dezodorants v\u012brie\u0161iem","isPartOf":{"@id":"https:\/\/women.lv\/#website"},"primaryImageOfPage":{"@id":"https:\/\/women.lv\/product\/lidz-72h-dezodorants-viriesiem\/#primaryimage"},"image":{"@id":"https:\/\/women.lv\/product\/lidz-72h-dezodorants-viriesiem\/#primaryimage"},"thumbnailUrl":"https:\/\/women.lv\/wp-content\/uploads\/2026\/04\/Men-deodorant-stick.webp","datePublished":"2026-04-20T08:03:38+00:00","dateModified":"2026-04-20T08:43:28+00:00","description":"P\u0101rbaud\u012bts un pier\u0101d\u012bts, ka tas ir efekt\u012bvs, Izstr\u0101d\u0101ts sportistiem, Akt\u012bv\u0101s dab\u012bg\u0101s sast\u0101vda\u013cas","breadcrumb":{"@id":"https:\/\/women.lv\/product\/lidz-72h-dezodorants-viriesiem\/#breadcrumb"},"inLanguage":"ru-RU","potentialAction":[{"@type":"ReadAction","target":["https:\/\/women.lv\/product\/lidz-72h-dezodorants-viriesiem\/"]}]},{"@type":"ImageObject","inLanguage":"ru-RU","@id":"https:\/\/women.lv\/product\/lidz-72h-dezodorants-viriesiem\/#primaryimage","url":"https:\/\/women.lv\/wp-content\/uploads\/2026\/04\/Men-deodorant-stick.webp","contentUrl":"https:\/\/women.lv\/wp-content\/uploads\/2026\/04\/Men-deodorant-stick.webp","width":1080,"height":1080},{"@type":"BreadcrumbList","@id":"https:\/\/women.lv\/product\/lidz-72h-dezodorants-viriesiem\/#breadcrumb","itemListElement":[{"@type":"ListItem","position":1,"name":"Home","item":"https:\/\/women.lv\/"},{"@type":"ListItem","position":2,"name":"Products","item":"https:\/\/women.lv\/en\/shop\/"},{"@type":"ListItem","position":3,"name":"L\u012bdz 72h dezodorants v\u012brie\u0161iem"}]},{"@type":"WebSite","@id":"https:\/\/women.lv\/#website","url":"https:\/\/women.lv\/","name":"\u041c\u0430\u0433\u0430\u0437\u0438\u043d Women","description":"Uzdr\u012bksties b\u016bt skaista","potentialAction":[{"@type":"SearchAction","target":{"@type":"EntryPoint","urlTemplate":"https:\/\/women.lv\/?s={search_term_string}"},"query-input":{"@type":"PropertyValueSpecification","valueRequired":true,"valueName":"search_term_string"}}],"inLanguage":"ru-RU"}]}},"_links":{"self":[{"href":"https:\/\/women.lv\/ru\/wp-json\/wp\/v2\/product\/32160","targetHints":{"allow":["GET"]}}],"collection":[{"href":"https:\/\/women.lv\/ru\/wp-json\/wp\/v2\/product"}],"about":[{"href":"https:\/\/women.lv\/ru\/wp-json\/wp\/v2\/types\/product"}],"replies":[{"embeddable":true,"href":"https:\/\/women.lv\/ru\/wp-json\/wp\/v2\/comments?post=32160"}],"version-history":[{"count":0,"href":"https:\/\/women.lv\/ru\/wp-json\/wp\/v2\/product\/32160\/revisions"}],"wp:featuredmedia":[{"embeddable":true,"href":"https:\/\/women.lv\/ru\/wp-json\/wp\/v2\/media\/32161"}],"wp:attachment":[{"href":"https:\/\/women.lv\/ru\/wp-json\/wp\/v2\/media?parent=32160"}],"wp:term":[{"taxonomy":"product_brand","embeddable":true,"href":"https:\/\/women.lv\/ru\/wp-json\/wp\/v2\/product_brand?post=32160"},{"taxonomy":"product_cat","embeddable":true,"href":"https:\/\/women.lv\/ru\/wp-json\/wp\/v2\/product_cat?post=32160"},{"taxonomy":"product_tag","embeddable":true,"href":"https:\/\/women.lv\/ru\/wp-json\/wp\/v2\/product_tag?post=32160"}],"curies":[{"name":"wp","href":"https:\/\/api.w.org\/{rel}","templated":true}]}}