{"id":29001,"date":"2024-09-25T18:38:59","date_gmt":"2024-09-25T18:38:59","guid":{"rendered":"https:\/\/women.lv\/?product=musk-al-sabaya"},"modified":"2025-11-05T13:26:35","modified_gmt":"2025-11-05T13:26:35","slug":"musk-al-sabaya","status":"publish","type":"product","link":"https:\/\/women.lv\/ru\/product\/musk-al-sabaya\/","title":{"rendered":"\u041c\u0443\u0441\u043a\u0443\u0441 \u0410\u043b\u044c \u0421\u0430\u0431\u0430\u0439\u044f"},"content":{"rendered":"<p><span style=\"font-family: Helvetica;\"><span style=\"font-size: 18px;\">\u041c\u0443\u0441\u043a\u0443\u0441 Al Sabaya Deo \u043e\u0442\u043a\u0440\u044b\u0432\u0430\u0435\u0442\u0441\u044f \u0441\u0432\u0435\u0436\u0438\u043c\u0438 \u0446\u0438\u0442\u0440\u0443\u0441\u043e\u0432\u044b\u043c\u0438, \u0440\u043e\u0437\u043e\u0432\u044b\u043c\u0438 \u0438 \u0437\u0435\u043b\u0435\u043d\u044b\u043c\u0438 \u043d\u043e\u0442\u0430\u043c\u0438, \u043a\u043e\u0442\u043e\u0440\u044b\u0435 \u0443\u0441\u0442\u0443\u043f\u0430\u044e\u0442 \u043c\u0435\u0441\u0442\u043e \u0437\u0435\u043b\u0435\u043d\u044b\u043c \u043d\u043e\u0442\u0430\u043c \u0438 \u043f\u0435\u0440\u0435\u0445\u043e\u0434\u044f\u0442 \u0432 \u0432\u043e\u0441\u0442\u043e\u0447\u043d\u044b\u0435 \u0446\u0438\u0442\u0440\u0443\u0441\u043e\u0432\u044b\u0435, \u0440\u043e\u0437\u043e\u0432\u044b\u0435 \u0438 \u0437\u0435\u043b\u0435\u043d\u044b\u0435 \u043d\u043e\u0442\u044b.<\/span><\/span><\/p>\n<p><span style=\"font-family: Helvetica;\"><span style=\"font-size: 18px;\"><b>\u041d\u0435 \u0438\u0441\u043f\u043e\u043b\u044c\u0437\u0443\u0439\u0442\u0435 \u043d\u0430 \u0441\u0443\u0445\u043e\u0439, \u0432\u043e\u0441\u043f\u0430\u043b\u0435\u043d\u043d\u043e\u0439 \u043a\u043e\u0436\u0435 \u0438\u043b\u0438 \u043f\u043e\u0441\u043b\u0435 \u0431\u0440\u0438\u0442\u044c\u044f.<\/b><\/span><\/span><\/p>","protected":false},"excerpt":{"rendered":"<p>\u041c\u0443\u0441\u043a\u0443\u0441 Al Sabaya Deo \u043e\u0442\u043a\u0440\u044b\u0432\u0430\u0435\u0442\u0441\u044f \u0441\u0432\u0435\u0436\u0438\u043c\u0438 \u0446\u0438\u0442\u0440\u0443\u0441\u043e\u0432\u044b\u043c\u0438, \u0440\u043e\u0437\u043e\u0432\u044b\u043c\u0438 \u0438 \u0437\u0435\u043b\u0435\u043d\u044b\u043c\u0438 \u043d\u043e\u0442\u0430\u043c\u0438, \u0441\u043c\u0435\u043d\u044f\u044f\u0441\u044c \u0437\u0435\u043b\u0435\u043d\u044b\u043c\u0438 \u043d\u043e\u0442\u0430\u043c\u0438 \u0438 \u0437\u0430\u0432\u0435\u0440\u0448\u0430\u044f\u0441\u044c \u0432\u043e\u0441\u0442\u043e\u0447\u043d\u044b\u043c\u0438 \u0446\u0438\u0442\u0440\u0443\u0441\u043e\u0432\u044b\u043c\u0438.<\/p>","protected":false},"featured_media":29002,"comment_status":"open","ping_status":"closed","template":"","meta":[],"product_brand":[],"product_cat":[2229,2208,2215,2220],"product_tag":[3727,3838,3837,3721,3857,3853,3726,3839,3728],"class_list":{"0":"post-29001","1":"product","2":"type-product","3":"status-publish","4":"has-post-thumbnail","6":"product_cat-antiperspiranti-dezodoranti","7":"product_cat-kermena-kopsanas-lidzekii","8":"product_cat-visi-produkti","9":"product_cat-viss-viriesiem","10":"product_tag-apvienotie-arabu-emirati","11":"product_tag-deodorant","12":"product_tag-dezodorants","13":"product_tag-louis-cardin","14":"product_tag-musk-al-sabaya","15":"product_tag-spray","16":"product_tag-united-arab-emirates","17":"product_tag-3839","18":"product_tag-3728","19":"pa_brand_nc-louis-cardin","20":"pa_ean_nc-3856","21":"pa_ean_nc-united-arab-emirates","23":"first","24":"instock","25":"sale","26":"taxable","27":"shipping-taxable","28":"purchasable","29":"product-type-simple"},"yoast_head":"<!-- This site is optimized with the Yoast SEO plugin v23.9 - https:\/\/yoast.com\/wordpress\/plugins\/seo\/ -->\n<title>Musk Al Sabaya<\/title>\n<meta name=\"description\" content=\"Man, Muskuss Al Sabaya Deo s\u0101kas ar svaig\u0101m citrusaug\u013cu, ro\u017eu un za\u013co not\u012bm, dodot vietu za\u013caj\u0101m not\u012bm, un nok\u013c\u016bst austrumniecisk\u0101s citrusaug\u013cu, ro\u017eu un za\u013c\u0101s notis.\" \/>\n<meta name=\"robots\" content=\"index, follow, max-snippet:-1, max-image-preview:large, max-video-preview:-1\" \/>\n<link rel=\"canonical\" href=\"https:\/\/women.lv\/ru\/product\/musk-al-sabaya\/\" \/>\n<meta property=\"og:locale\" content=\"ru_RU\" \/>\n<meta property=\"og:type\" content=\"article\" \/>\n<meta property=\"og:title\" content=\"Musk Al Sabaya\" \/>\n<meta property=\"og:description\" content=\"Man, Muskuss Al Sabaya Deo s\u0101kas ar svaig\u0101m citrusaug\u013cu, ro\u017eu un za\u013co not\u012bm, dodot vietu za\u013caj\u0101m not\u012bm, un nok\u013c\u016bst austrumniecisk\u0101s citrusaug\u013cu, ro\u017eu un za\u013c\u0101s notis.\" \/>\n<meta property=\"og:url\" content=\"https:\/\/women.lv\/ru\/product\/musk-al-sabaya\/\" \/>\n<meta property=\"og:site_name\" content=\"Women Veikals\" \/>\n<meta property=\"article:modified_time\" content=\"2025-11-05T13:26:35+00:00\" \/>\n<meta property=\"og:image\" content=\"https:\/\/women.lv\/wp-content\/uploads\/nc\/catalog\/United-Arab-Emirates\/Louis-Cardin\/Deo-Spray\/musk-al-sabaya-deo-spray.png\" \/>\n\t<meta property=\"og:image:width\" content=\"671\" \/>\n\t<meta property=\"og:image:height\" content=\"1026\" \/>\n\t<meta property=\"og:image:type\" content=\"image\/png\" \/>\n<meta name=\"twitter:card\" content=\"summary_large_image\" \/>\n<meta name=\"twitter:label1\" content=\"\u041f\u0440\u0438\u043c\u0435\u0440\u043d\u043e\u0435 \u0432\u0440\u0435\u043c\u044f \u0434\u043b\u044f \u0447\u0442\u0435\u043d\u0438\u044f\" \/>\n\t<meta name=\"twitter:data1\" content=\"1 \u043c\u0438\u043d\u0443\u0442\u0430\" \/>\n<script type=\"application\/ld+json\" class=\"yoast-schema-graph\">{\"@context\":\"https:\/\/schema.org\",\"@graph\":[{\"@type\":\"WebPage\",\"@id\":\"https:\/\/women.lv\/product\/musk-al-sabaya\/\",\"url\":\"https:\/\/women.lv\/product\/musk-al-sabaya\/\",\"name\":\"Musk Al Sabaya\",\"isPartOf\":{\"@id\":\"https:\/\/women.lv\/#website\"},\"primaryImageOfPage\":{\"@id\":\"https:\/\/women.lv\/product\/musk-al-sabaya\/#primaryimage\"},\"image\":{\"@id\":\"https:\/\/women.lv\/product\/musk-al-sabaya\/#primaryimage\"},\"thumbnailUrl\":\"https:\/\/women.lv\/wp-content\/uploads\/nc\/catalog\/United-Arab-Emirates\/Louis-Cardin\/Deo-Spray\/musk-al-sabaya-deo-spray.png\",\"datePublished\":\"2024-09-25T18:38:59+00:00\",\"dateModified\":\"2025-11-05T13:26:35+00:00\",\"description\":\"Man, Muskuss Al Sabaya Deo s\u0101kas ar svaig\u0101m citrusaug\u013cu, ro\u017eu un za\u013co not\u012bm, dodot vietu za\u013caj\u0101m not\u012bm, un nok\u013c\u016bst austrumniecisk\u0101s citrusaug\u013cu, ro\u017eu un za\u013c\u0101s notis.\",\"breadcrumb\":{\"@id\":\"https:\/\/women.lv\/product\/musk-al-sabaya\/#breadcrumb\"},\"inLanguage\":\"ru-RU\",\"potentialAction\":[{\"@type\":\"ReadAction\",\"target\":[\"https:\/\/women.lv\/product\/musk-al-sabaya\/\"]}]},{\"@type\":\"ImageObject\",\"inLanguage\":\"ru-RU\",\"@id\":\"https:\/\/women.lv\/product\/musk-al-sabaya\/#primaryimage\",\"url\":\"https:\/\/women.lv\/wp-content\/uploads\/nc\/catalog\/United-Arab-Emirates\/Louis-Cardin\/Deo-Spray\/musk-al-sabaya-deo-spray.png\",\"contentUrl\":\"https:\/\/women.lv\/wp-content\/uploads\/nc\/catalog\/United-Arab-Emirates\/Louis-Cardin\/Deo-Spray\/musk-al-sabaya-deo-spray.png\",\"width\":671,\"height\":1026,\"caption\":\"Musk Al Sabaya\"},{\"@type\":\"BreadcrumbList\",\"@id\":\"https:\/\/women.lv\/product\/musk-al-sabaya\/#breadcrumb\",\"itemListElement\":[{\"@type\":\"ListItem\",\"position\":1,\"name\":\"Home\",\"item\":\"https:\/\/women.lv\/\"},{\"@type\":\"ListItem\",\"position\":2,\"name\":\"Products\",\"item\":\"https:\/\/women.lv\/en\/shop\/\"},{\"@type\":\"ListItem\",\"position\":3,\"name\":\"Musk Al Sabaya\"}]},{\"@type\":\"WebSite\",\"@id\":\"https:\/\/women.lv\/#website\",\"url\":\"https:\/\/women.lv\/\",\"name\":\"Women Veikals\",\"description\":\"Uzdr\u012bksties b\u016bt skaista\",\"potentialAction\":[{\"@type\":\"SearchAction\",\"target\":{\"@type\":\"EntryPoint\",\"urlTemplate\":\"https:\/\/women.lv\/?s={search_term_string}\"},\"query-input\":{\"@type\":\"PropertyValueSpecification\",\"valueRequired\":true,\"valueName\":\"search_term_string\"}}],\"inLanguage\":\"ru-RU\"}]}<\/script>\n<!-- \/ Yoast SEO plugin. -->","yoast_head_json":{"title":"Musk Al Sabaya","description":"Man, Muskuss Al Sabaya Deo s\u0101kas ar svaig\u0101m citrusaug\u013cu, ro\u017eu un za\u013co not\u012bm, dodot vietu za\u013caj\u0101m not\u012bm, un nok\u013c\u016bst austrumniecisk\u0101s citrusaug\u013cu, ro\u017eu un za\u013c\u0101s notis.","robots":{"index":"index","follow":"follow","max-snippet":"max-snippet:-1","max-image-preview":"max-image-preview:large","max-video-preview":"max-video-preview:-1"},"canonical":"https:\/\/women.lv\/ru\/product\/musk-al-sabaya\/","og_locale":"ru_RU","og_type":"article","og_title":"Musk Al Sabaya","og_description":"Man, Muskuss Al Sabaya Deo s\u0101kas ar svaig\u0101m citrusaug\u013cu, ro\u017eu un za\u013co not\u012bm, dodot vietu za\u013caj\u0101m not\u012bm, un nok\u013c\u016bst austrumniecisk\u0101s citrusaug\u013cu, ro\u017eu un za\u013c\u0101s notis.","og_url":"https:\/\/women.lv\/ru\/product\/musk-al-sabaya\/","og_site_name":"Women Veikals","article_modified_time":"2025-11-05T13:26:35+00:00","og_image":[{"width":671,"height":1026,"url":"https:\/\/women.lv\/wp-content\/uploads\/nc\/catalog\/United-Arab-Emirates\/Louis-Cardin\/Deo-Spray\/musk-al-sabaya-deo-spray.png","type":"image\/png"}],"twitter_card":"summary_large_image","twitter_misc":{"\u041f\u0440\u0438\u043c\u0435\u0440\u043d\u043e\u0435 \u0432\u0440\u0435\u043c\u044f \u0434\u043b\u044f \u0447\u0442\u0435\u043d\u0438\u044f":"1 \u043c\u0438\u043d\u0443\u0442\u0430"},"schema":{"@context":"https:\/\/schema.org","@graph":[{"@type":"WebPage","@id":"https:\/\/women.lv\/product\/musk-al-sabaya\/","url":"https:\/\/women.lv\/product\/musk-al-sabaya\/","name":"Musk Al Sabaya","isPartOf":{"@id":"https:\/\/women.lv\/#website"},"primaryImageOfPage":{"@id":"https:\/\/women.lv\/product\/musk-al-sabaya\/#primaryimage"},"image":{"@id":"https:\/\/women.lv\/product\/musk-al-sabaya\/#primaryimage"},"thumbnailUrl":"https:\/\/women.lv\/wp-content\/uploads\/nc\/catalog\/United-Arab-Emirates\/Louis-Cardin\/Deo-Spray\/musk-al-sabaya-deo-spray.png","datePublished":"2024-09-25T18:38:59+00:00","dateModified":"2025-11-05T13:26:35+00:00","description":"Man, Muskuss Al Sabaya Deo s\u0101kas ar svaig\u0101m citrusaug\u013cu, ro\u017eu un za\u013co not\u012bm, dodot vietu za\u013caj\u0101m not\u012bm, un nok\u013c\u016bst austrumniecisk\u0101s citrusaug\u013cu, ro\u017eu un za\u013c\u0101s notis.","breadcrumb":{"@id":"https:\/\/women.lv\/product\/musk-al-sabaya\/#breadcrumb"},"inLanguage":"ru-RU","potentialAction":[{"@type":"ReadAction","target":["https:\/\/women.lv\/product\/musk-al-sabaya\/"]}]},{"@type":"ImageObject","inLanguage":"ru-RU","@id":"https:\/\/women.lv\/product\/musk-al-sabaya\/#primaryimage","url":"https:\/\/women.lv\/wp-content\/uploads\/nc\/catalog\/United-Arab-Emirates\/Louis-Cardin\/Deo-Spray\/musk-al-sabaya-deo-spray.png","contentUrl":"https:\/\/women.lv\/wp-content\/uploads\/nc\/catalog\/United-Arab-Emirates\/Louis-Cardin\/Deo-Spray\/musk-al-sabaya-deo-spray.png","width":671,"height":1026,"caption":"Musk Al Sabaya"},{"@type":"BreadcrumbList","@id":"https:\/\/women.lv\/product\/musk-al-sabaya\/#breadcrumb","itemListElement":[{"@type":"ListItem","position":1,"name":"Home","item":"https:\/\/women.lv\/"},{"@type":"ListItem","position":2,"name":"Products","item":"https:\/\/women.lv\/en\/shop\/"},{"@type":"ListItem","position":3,"name":"Musk Al Sabaya"}]},{"@type":"WebSite","@id":"https:\/\/women.lv\/#website","url":"https:\/\/women.lv\/","name":"Women Veikals","description":"Uzdr\u012bksties b\u016bt skaista","potentialAction":[{"@type":"SearchAction","target":{"@type":"EntryPoint","urlTemplate":"https:\/\/women.lv\/?s={search_term_string}"},"query-input":{"@type":"PropertyValueSpecification","valueRequired":true,"valueName":"search_term_string"}}],"inLanguage":"ru-RU"}]}},"_links":{"self":[{"href":"https:\/\/women.lv\/ru\/wp-json\/wp\/v2\/product\/29001","targetHints":{"allow":["GET"]}}],"collection":[{"href":"https:\/\/women.lv\/ru\/wp-json\/wp\/v2\/product"}],"about":[{"href":"https:\/\/women.lv\/ru\/wp-json\/wp\/v2\/types\/product"}],"replies":[{"embeddable":true,"href":"https:\/\/women.lv\/ru\/wp-json\/wp\/v2\/comments?post=29001"}],"version-history":[{"count":4,"href":"https:\/\/women.lv\/ru\/wp-json\/wp\/v2\/product\/29001\/revisions"}],"predecessor-version":[{"id":29445,"href":"https:\/\/women.lv\/ru\/wp-json\/wp\/v2\/product\/29001\/revisions\/29445"}],"wp:featuredmedia":[{"embeddable":true,"href":"https:\/\/women.lv\/ru\/wp-json\/wp\/v2\/media\/29002"}],"wp:attachment":[{"href":"https:\/\/women.lv\/ru\/wp-json\/wp\/v2\/media?parent=29001"}],"wp:term":[{"taxonomy":"product_brand","embeddable":true,"href":"https:\/\/women.lv\/ru\/wp-json\/wp\/v2\/product_brand?post=29001"},{"taxonomy":"product_cat","embeddable":true,"href":"https:\/\/women.lv\/ru\/wp-json\/wp\/v2\/product_cat?post=29001"},{"taxonomy":"product_tag","embeddable":true,"href":"https:\/\/women.lv\/ru\/wp-json\/wp\/v2\/product_tag?post=29001"}],"curies":[{"name":"wp","href":"https:\/\/api.w.org\/{rel}","templated":true}]}}