{"id":28999,"date":"2024-09-25T18:29:49","date_gmt":"2024-09-25T18:29:49","guid":{"rendered":"https:\/\/women.lv\/?product=empower"},"modified":"2025-11-05T13:26:35","modified_gmt":"2025-11-05T13:26:35","slug":"empower-deo-spray","status":"publish","type":"product","link":"https:\/\/women.lv\/ru\/product\/empower-deo-spray\/","title":{"rendered":"\u0440\u0430\u0441\u0448\u0438\u0440\u0438\u0442\u044c \u0432\u043e\u0437\u043c\u043e\u0436\u043d\u043e\u0441\u0442\u0438"},"content":{"rendered":"<p><span style=\"font-family: Helvetica;\"><span style=\"font-size: 18px;\">Empower \u043d\u0430\u0447\u0438\u043d\u0430\u0435\u0442\u0441\u044f \u0444\u0440\u0443\u043a\u0442\u043e\u0432\u044b\u043c\u0438 \u0430\u0440\u043e\u043c\u0430\u0442\u0438\u0447\u0435\u0441\u043a\u0438\u043c\u0438 \u043d\u043e\u0442\u0430\u043c\u0438 \u0446\u0438\u0442\u0440\u0443\u0441\u043e\u0432\u044b\u0445, \u0431\u0435\u0440\u0433\u0430\u043c\u043e\u0442\u0430, \u043c\u044f\u0442\u044b, \u043a\u043e\u0442\u043e\u0440\u044b\u0435 \u0441\u043c\u0435\u043d\u044f\u044e\u0442\u0441\u044f \u0446\u0432\u0435\u0442\u043e\u0447\u043d\u043e\u0439 \u043f\u0440\u044f\u043d\u043e\u0441\u0442\u044c\u044e, \u0433\u0435\u0440\u0430\u043d\u0438, \u043a\u0430\u0440\u0434\u0430\u043c\u043e\u043d\u0430 \u0438 \u0437\u0430\u0432\u0435\u0440\u0448\u0430\u044e\u0442\u0441\u044f \u0432\u043e\u0441\u0442\u043e\u0447\u043d\u044b\u043c\u0438 \u0434\u0440\u0435\u0432\u0435\u0441\u043d\u044b\u043c\u0438 \u043d\u043e\u0442\u0430\u043c\u0438, \u043c\u0443\u0441\u043a\u0443\u0441\u043e\u043c, \u0441\u0430\u043d\u0434\u0430\u043b\u043e\u043c \u0438 \u043c\u0443\u0441\u043a\u0443\u0441\u043e\u043c.<\/span><\/span><\/p>\n<p><span style=\"font-family: Helvetica;\"><span style=\"font-size: 18px;\"><b>\u041d\u0435 \u0438\u0441\u043f\u043e\u043b\u044c\u0437\u0443\u0439\u0442\u0435 \u043d\u0430 \u0441\u0443\u0445\u043e\u0439, \u0432\u043e\u0441\u043f\u0430\u043b\u0435\u043d\u043d\u043e\u0439 \u043a\u043e\u0436\u0435 \u0438\u043b\u0438 \u043f\u043e\u0441\u043b\u0435 \u0431\u0440\u0438\u0442\u044c\u044f.<\/b><\/span><\/span><\/p>","protected":false},"excerpt":{"rendered":"<p>Empower \u043d\u0430\u0447\u0438\u043d\u0430\u0435\u0442\u0441\u044f \u0444\u0440\u0443\u043a\u0442\u043e\u0432\u044b\u043c\u0438 \u0430\u0440\u043e\u043c\u0430\u0442\u0438\u0447\u0435\u0441\u043a\u0438\u043c\u0438 \u043d\u043e\u0442\u0430\u043c\u0438 \u0446\u0438\u0442\u0440\u0443\u0441\u043e\u0432\u044b\u0445, \u0431\u0435\u0440\u0433\u0430\u043c\u043e\u0442\u0430, \u043c\u044f\u0442\u044b, \u043a\u043e\u0442\u043e\u0440\u044b\u0435 \u0441\u043c\u0435\u043d\u044f\u044e\u0442\u0441\u044f \u0446\u0432\u0435\u0442\u043e\u0447\u043d\u043e\u0439 \u043f\u0440\u044f\u043d\u043e\u0441\u0442\u044c\u044e, \u0433\u0435\u0440\u0430\u043d\u0438, \u043a\u0430\u0440\u0434\u0430\u043c\u043e\u043d\u0430 \u0438 \u0434\u043e\u0441\u0442\u0438\u0433\u0430\u044e\u0442 \u0432\u043e\u0441\u0442\u043e\u0447\u043d\u044b\u0445 \u043d\u043e\u0442.<\/p>","protected":false},"featured_media":29000,"comment_status":"open","ping_status":"closed","template":"","meta":[],"product_brand":[],"product_cat":[2229,2208,2215,2220],"product_tag":[3727,3838,3837,3855,3721,3853,3726,3839,3728],"class_list":{"0":"post-28999","1":"product","2":"type-product","3":"status-publish","4":"has-post-thumbnail","6":"product_cat-antiperspiranti-dezodoranti","7":"product_cat-kermena-kopsanas-lidzekii","8":"product_cat-visi-produkti","9":"product_cat-viss-viriesiem","10":"product_tag-apvienotie-arabu-emirati","11":"product_tag-deodorant","12":"product_tag-dezodorants","13":"product_tag-empower","14":"product_tag-louis-cardin","15":"product_tag-spray","16":"product_tag-united-arab-emirates","17":"product_tag-3839","18":"product_tag-3728","19":"pa_brand_nc-louis-cardin","20":"pa_ean_nc-3854","21":"pa_ean_nc-united-arab-emirates","23":"first","24":"instock","25":"sale","26":"taxable","27":"shipping-taxable","28":"purchasable","29":"product-type-simple"},"yoast_head":"<!-- This site is optimized with the Yoast SEO plugin v23.9 - https:\/\/yoast.com\/wordpress\/plugins\/seo\/ -->\n<title>Empower<\/title>\n<meta name=\"description\" content=\"Man, Empower s\u0101kas ar aug\u013cu arom\u0101tisk\u0101m citrusaug\u013cu, bergamotes, piparm\u0113tru not\u012bm, kas dod vietu ziedu pikantumam, \u0123er\u0101nijai, kardamonam un non\u0101k pie austrumniecisk\u0101s koksnes, muskusa, sandalkoka un muskusa notis.\" \/>\n<meta name=\"robots\" content=\"index, follow, max-snippet:-1, max-image-preview:large, max-video-preview:-1\" \/>\n<link rel=\"canonical\" href=\"https:\/\/women.lv\/ru\/product\/empower-deo-spray\/\" \/>\n<meta property=\"og:locale\" content=\"ru_RU\" \/>\n<meta property=\"og:type\" content=\"article\" \/>\n<meta property=\"og:title\" content=\"Empower\" \/>\n<meta property=\"og:description\" content=\"Man, Empower s\u0101kas ar aug\u013cu arom\u0101tisk\u0101m citrusaug\u013cu, bergamotes, piparm\u0113tru not\u012bm, kas dod vietu ziedu pikantumam, \u0123er\u0101nijai, kardamonam un non\u0101k pie austrumniecisk\u0101s koksnes, muskusa, sandalkoka un muskusa notis.\" \/>\n<meta property=\"og:url\" content=\"https:\/\/women.lv\/ru\/product\/empower-deo-spray\/\" \/>\n<meta property=\"og:site_name\" content=\"Women Veikals\" \/>\n<meta property=\"article:modified_time\" content=\"2025-11-05T13:26:35+00:00\" \/>\n<meta property=\"og:image\" content=\"https:\/\/women.lv\/wp-content\/uploads\/nc\/catalog\/United-Arab-Emirates\/Louis-Cardin\/Deo-Spray\/empower-deo-spray.png\" \/>\n\t<meta property=\"og:image:width\" content=\"672\" \/>\n\t<meta property=\"og:image:height\" content=\"1026\" \/>\n\t<meta property=\"og:image:type\" content=\"image\/png\" \/>\n<meta name=\"twitter:card\" content=\"summary_large_image\" \/>\n<script type=\"application\/ld+json\" class=\"yoast-schema-graph\">{\"@context\":\"https:\/\/schema.org\",\"@graph\":[{\"@type\":\"WebPage\",\"@id\":\"https:\/\/women.lv\/product\/empower-deo-spray\/\",\"url\":\"https:\/\/women.lv\/product\/empower-deo-spray\/\",\"name\":\"Empower\",\"isPartOf\":{\"@id\":\"https:\/\/women.lv\/#website\"},\"primaryImageOfPage\":{\"@id\":\"https:\/\/women.lv\/product\/empower-deo-spray\/#primaryimage\"},\"image\":{\"@id\":\"https:\/\/women.lv\/product\/empower-deo-spray\/#primaryimage\"},\"thumbnailUrl\":\"https:\/\/women.lv\/wp-content\/uploads\/nc\/catalog\/United-Arab-Emirates\/Louis-Cardin\/Deo-Spray\/empower-deo-spray.png\",\"datePublished\":\"2024-09-25T18:29:49+00:00\",\"dateModified\":\"2025-11-05T13:26:35+00:00\",\"description\":\"Man, Empower s\u0101kas ar aug\u013cu arom\u0101tisk\u0101m citrusaug\u013cu, bergamotes, piparm\u0113tru not\u012bm, kas dod vietu ziedu pikantumam, \u0123er\u0101nijai, kardamonam un non\u0101k pie austrumniecisk\u0101s koksnes, muskusa, sandalkoka un muskusa notis.\",\"breadcrumb\":{\"@id\":\"https:\/\/women.lv\/product\/empower-deo-spray\/#breadcrumb\"},\"inLanguage\":\"ru-RU\",\"potentialAction\":[{\"@type\":\"ReadAction\",\"target\":[\"https:\/\/women.lv\/product\/empower-deo-spray\/\"]}]},{\"@type\":\"ImageObject\",\"inLanguage\":\"ru-RU\",\"@id\":\"https:\/\/women.lv\/product\/empower-deo-spray\/#primaryimage\",\"url\":\"https:\/\/women.lv\/wp-content\/uploads\/nc\/catalog\/United-Arab-Emirates\/Louis-Cardin\/Deo-Spray\/empower-deo-spray.png\",\"contentUrl\":\"https:\/\/women.lv\/wp-content\/uploads\/nc\/catalog\/United-Arab-Emirates\/Louis-Cardin\/Deo-Spray\/empower-deo-spray.png\",\"width\":672,\"height\":1026,\"caption\":\"Empower\"},{\"@type\":\"BreadcrumbList\",\"@id\":\"https:\/\/women.lv\/product\/empower-deo-spray\/#breadcrumb\",\"itemListElement\":[{\"@type\":\"ListItem\",\"position\":1,\"name\":\"Home\",\"item\":\"https:\/\/women.lv\/\"},{\"@type\":\"ListItem\",\"position\":2,\"name\":\"Products\",\"item\":\"https:\/\/women.lv\/en\/shop\/\"},{\"@type\":\"ListItem\",\"position\":3,\"name\":\"Empower\"}]},{\"@type\":\"WebSite\",\"@id\":\"https:\/\/women.lv\/#website\",\"url\":\"https:\/\/women.lv\/\",\"name\":\"Women Veikals\",\"description\":\"Uzdr\u012bksties b\u016bt skaista\",\"potentialAction\":[{\"@type\":\"SearchAction\",\"target\":{\"@type\":\"EntryPoint\",\"urlTemplate\":\"https:\/\/women.lv\/?s={search_term_string}\"},\"query-input\":{\"@type\":\"PropertyValueSpecification\",\"valueRequired\":true,\"valueName\":\"search_term_string\"}}],\"inLanguage\":\"ru-RU\"}]}<\/script>\n<!-- \/ Yoast SEO plugin. -->","yoast_head_json":{"title":"Empower","description":"Man, Empower s\u0101kas ar aug\u013cu arom\u0101tisk\u0101m citrusaug\u013cu, bergamotes, piparm\u0113tru not\u012bm, kas dod vietu ziedu pikantumam, \u0123er\u0101nijai, kardamonam un non\u0101k pie austrumniecisk\u0101s koksnes, muskusa, sandalkoka un muskusa notis.","robots":{"index":"index","follow":"follow","max-snippet":"max-snippet:-1","max-image-preview":"max-image-preview:large","max-video-preview":"max-video-preview:-1"},"canonical":"https:\/\/women.lv\/ru\/product\/empower-deo-spray\/","og_locale":"ru_RU","og_type":"article","og_title":"Empower","og_description":"Man, Empower s\u0101kas ar aug\u013cu arom\u0101tisk\u0101m citrusaug\u013cu, bergamotes, piparm\u0113tru not\u012bm, kas dod vietu ziedu pikantumam, \u0123er\u0101nijai, kardamonam un non\u0101k pie austrumniecisk\u0101s koksnes, muskusa, sandalkoka un muskusa notis.","og_url":"https:\/\/women.lv\/ru\/product\/empower-deo-spray\/","og_site_name":"Women Veikals","article_modified_time":"2025-11-05T13:26:35+00:00","og_image":[{"width":672,"height":1026,"url":"https:\/\/women.lv\/wp-content\/uploads\/nc\/catalog\/United-Arab-Emirates\/Louis-Cardin\/Deo-Spray\/empower-deo-spray.png","type":"image\/png"}],"twitter_card":"summary_large_image","schema":{"@context":"https:\/\/schema.org","@graph":[{"@type":"WebPage","@id":"https:\/\/women.lv\/product\/empower-deo-spray\/","url":"https:\/\/women.lv\/product\/empower-deo-spray\/","name":"Empower","isPartOf":{"@id":"https:\/\/women.lv\/#website"},"primaryImageOfPage":{"@id":"https:\/\/women.lv\/product\/empower-deo-spray\/#primaryimage"},"image":{"@id":"https:\/\/women.lv\/product\/empower-deo-spray\/#primaryimage"},"thumbnailUrl":"https:\/\/women.lv\/wp-content\/uploads\/nc\/catalog\/United-Arab-Emirates\/Louis-Cardin\/Deo-Spray\/empower-deo-spray.png","datePublished":"2024-09-25T18:29:49+00:00","dateModified":"2025-11-05T13:26:35+00:00","description":"Man, Empower s\u0101kas ar aug\u013cu arom\u0101tisk\u0101m citrusaug\u013cu, bergamotes, piparm\u0113tru not\u012bm, kas dod vietu ziedu pikantumam, \u0123er\u0101nijai, kardamonam un non\u0101k pie austrumniecisk\u0101s koksnes, muskusa, sandalkoka un muskusa notis.","breadcrumb":{"@id":"https:\/\/women.lv\/product\/empower-deo-spray\/#breadcrumb"},"inLanguage":"ru-RU","potentialAction":[{"@type":"ReadAction","target":["https:\/\/women.lv\/product\/empower-deo-spray\/"]}]},{"@type":"ImageObject","inLanguage":"ru-RU","@id":"https:\/\/women.lv\/product\/empower-deo-spray\/#primaryimage","url":"https:\/\/women.lv\/wp-content\/uploads\/nc\/catalog\/United-Arab-Emirates\/Louis-Cardin\/Deo-Spray\/empower-deo-spray.png","contentUrl":"https:\/\/women.lv\/wp-content\/uploads\/nc\/catalog\/United-Arab-Emirates\/Louis-Cardin\/Deo-Spray\/empower-deo-spray.png","width":672,"height":1026,"caption":"Empower"},{"@type":"BreadcrumbList","@id":"https:\/\/women.lv\/product\/empower-deo-spray\/#breadcrumb","itemListElement":[{"@type":"ListItem","position":1,"name":"Home","item":"https:\/\/women.lv\/"},{"@type":"ListItem","position":2,"name":"Products","item":"https:\/\/women.lv\/en\/shop\/"},{"@type":"ListItem","position":3,"name":"Empower"}]},{"@type":"WebSite","@id":"https:\/\/women.lv\/#website","url":"https:\/\/women.lv\/","name":"Women Veikals","description":"Uzdr\u012bksties b\u016bt skaista","potentialAction":[{"@type":"SearchAction","target":{"@type":"EntryPoint","urlTemplate":"https:\/\/women.lv\/?s={search_term_string}"},"query-input":{"@type":"PropertyValueSpecification","valueRequired":true,"valueName":"search_term_string"}}],"inLanguage":"ru-RU"}]}},"_links":{"self":[{"href":"https:\/\/women.lv\/ru\/wp-json\/wp\/v2\/product\/28999","targetHints":{"allow":["GET"]}}],"collection":[{"href":"https:\/\/women.lv\/ru\/wp-json\/wp\/v2\/product"}],"about":[{"href":"https:\/\/women.lv\/ru\/wp-json\/wp\/v2\/types\/product"}],"replies":[{"embeddable":true,"href":"https:\/\/women.lv\/ru\/wp-json\/wp\/v2\/comments?post=28999"}],"version-history":[{"count":2,"href":"https:\/\/women.lv\/ru\/wp-json\/wp\/v2\/product\/28999\/revisions"}],"predecessor-version":[{"id":29447,"href":"https:\/\/women.lv\/ru\/wp-json\/wp\/v2\/product\/28999\/revisions\/29447"}],"wp:featuredmedia":[{"embeddable":true,"href":"https:\/\/women.lv\/ru\/wp-json\/wp\/v2\/media\/29000"}],"wp:attachment":[{"href":"https:\/\/women.lv\/ru\/wp-json\/wp\/v2\/media?parent=28999"}],"wp:term":[{"taxonomy":"product_brand","embeddable":true,"href":"https:\/\/women.lv\/ru\/wp-json\/wp\/v2\/product_brand?post=28999"},{"taxonomy":"product_cat","embeddable":true,"href":"https:\/\/women.lv\/ru\/wp-json\/wp\/v2\/product_cat?post=28999"},{"taxonomy":"product_tag","embeddable":true,"href":"https:\/\/women.lv\/ru\/wp-json\/wp\/v2\/product_tag?post=28999"}],"curies":[{"name":"wp","href":"https:\/\/api.w.org\/{rel}","templated":true}]}}