{"id":28997,"date":"2024-09-25T17:52:11","date_gmt":"2024-09-25T17:52:11","guid":{"rendered":"https:\/\/women.lv\/?product=uzticams-homme"},"modified":"2025-11-05T13:26:35","modified_gmt":"2025-11-05T13:26:35","slug":"credible-homme-deo-spray","status":"publish","type":"product","link":"https:\/\/women.lv\/ru\/product\/credible-homme-deo-spray\/","title":{"rendered":"\u041d\u0430\u0434\u0435\u0436\u043d\u044b\u0439 \u0447\u0435\u043b\u043e\u0432\u0435\u043a"},"content":{"rendered":"<p><span style=\"font-family: Helvetica;\"><span style=\"font-size: 18px;\">Credible Homme \u043e\u0442\u043a\u0440\u044b\u0432\u0430\u0435\u0442\u0441\u044f \u0444\u0440\u0443\u043a\u0442\u043e\u0432\u044b\u043c\u0438 \u043d\u043e\u0442\u0430\u043c\u0438 \u0431\u0435\u0440\u0433\u0430\u043c\u043e\u0442\u0430, \u043d\u0435\u0440\u043e\u043b\u0438, \u043b\u0438\u043c\u043e\u043d\u0430, \u0430\u043f\u0435\u043b\u044c\u0441\u0438\u043d\u0430, \u0437\u0435\u043b\u0435\u043d\u0438, \u0441\u043c\u0435\u043d\u044f\u044f\u0441\u044c \u0440\u043e\u0437\u043e\u0439, \u0436\u0430\u0441\u043c\u0438\u043d\u043e\u043c, \u0438\u0440\u0438\u0441\u043e\u043c, \u0438\u043c\u0431\u0438\u0440\u0435\u043c \u0438 \u0434\u043e\u0441\u0442\u0438\u0433\u0430\u044f \u0432\u043e\u0441\u0442\u043e\u0447\u043d\u044b\u0445 \u043d\u043e\u0442 \u043a\u0435\u0434\u0440\u0430, \u0441\u0430\u043d\u0434\u0430\u043b\u043e\u0432\u043e\u0433\u043e \u0434\u0435\u0440\u0435\u0432\u0430, \u0432\u0435\u0442\u0438\u0432\u0435\u0440\u0430, \u043f\u0430\u0447\u0443\u043b\u0438, \u0443\u0434\u043e\u0432\u043e\u0433\u043e \u0431\u0430\u043b\u044c\u0437\u0430\u043c\u0430, \u043c\u0443\u0441\u043a\u0443\u0441\u0430 \u0438 \u043a\u043e\u0436\u0438.<\/span><\/span><\/p>\n<p><span style=\"font-family: Helvetica;\"><span style=\"font-size: 18px;\"><b>\u041d\u0435 \u0438\u0441\u043f\u043e\u043b\u044c\u0437\u0443\u0439\u0442\u0435 \u043d\u0430 \u0441\u0443\u0445\u043e\u0439, \u0432\u043e\u0441\u043f\u0430\u043b\u0435\u043d\u043d\u043e\u0439 \u043a\u043e\u0436\u0435 \u0438\u043b\u0438 \u043f\u043e\u0441\u043b\u0435 \u0431\u0440\u0438\u0442\u044c\u044f.<\/b><\/span><\/span><\/p>","protected":false},"excerpt":{"rendered":"<p>Credible Homme \u043d\u0430\u0447\u0438\u043d\u0430\u0435\u0442\u0441\u044f \u0444\u0440\u0443\u043a\u0442\u043e\u0432\u044b\u043c\u0438 \u043d\u043e\u0442\u0430\u043c\u0438 \u0431\u0435\u0440\u0433\u0430\u043c\u043e\u0442\u0430, \u043d\u0435\u0440\u043e\u043b\u0438, \u043b\u0438\u043c\u043e\u043d\u0430, \u0430\u043f\u0435\u043b\u044c\u0441\u0438\u043d\u0430, \u0437\u0435\u043b\u0435\u043d\u0438, \u0441\u043c\u0435\u043d\u044f\u0435\u0442\u0441\u044f \u0440\u043e\u0437\u043e\u0439, \u0436\u0430\u0441\u043c\u0438\u043d\u043e\u043c, \u0438\u0440\u0438\u0441\u043e\u043c, \u0438\u043c\u0431\u0438\u0440\u0435\u043c \u0438 \u043f\u0440\u0438\u0431\u043b\u0438\u0436\u0430\u0435\u0442\u0441\u044f \u043a \u0432\u043e\u0441\u0442\u043e\u0447\u043d\u044b\u043c.<\/p>","protected":false},"featured_media":28998,"comment_status":"open","ping_status":"closed","template":"","meta":[],"product_brand":[],"product_cat":[2229,2208,2215,2220],"product_tag":[3727,3850,3838,3837,3721,3853,3726,3852,3839,3851,3728],"class_list":{"0":"post-28997","1":"product","2":"type-product","3":"status-publish","4":"has-post-thumbnail","6":"product_cat-antiperspiranti-dezodoranti","7":"product_cat-kermena-kopsanas-lidzekii","8":"product_cat-visi-produkti","9":"product_cat-viss-viriesiem","10":"product_tag-apvienotie-arabu-emirati","11":"product_tag-credible-homme","12":"product_tag-deodorant","13":"product_tag-dezodorants","14":"product_tag-louis-cardin","15":"product_tag-spray","16":"product_tag-united-arab-emirates","17":"product_tag-uzticams-homme","18":"product_tag-3839","19":"product_tag-3851","20":"product_tag-3728","21":"pa_brand_nc-louis-cardin","22":"pa_ean_nc-3849","23":"pa_ean_nc-united-arab-emirates","25":"first","26":"instock","27":"sale","28":"taxable","29":"shipping-taxable","30":"purchasable","31":"product-type-simple"},"yoast_head":"<!-- This site is optimized with the Yoast SEO plugin v23.9 - https:\/\/yoast.com\/wordpress\/plugins\/seo\/ -->\n<title>Uzticams Homme<\/title>\n<meta name=\"description\" content=\"Man, Credible Homme s\u0101kas ar aug\u013cainaj\u0101m bergamotes, neroli, citrona, apels\u012bna, za\u013c\u0101s not\u012bm, dodot vietu rozei, jasm\u012bnam, orrisam, ingveram un piek\u013c\u016bst austrumniecisk\u0101m ciedra, sandalkoka, vetiv\u0113rijas, pa\u010d\u016blijas, oud balzama, muskusa un \u0101das notis. .\" \/>\n<meta name=\"robots\" content=\"index, follow, max-snippet:-1, max-image-preview:large, max-video-preview:-1\" \/>\n<link rel=\"canonical\" href=\"https:\/\/women.lv\/ru\/product\/credible-homme-deo-spray\/\" \/>\n<meta property=\"og:locale\" content=\"ru_RU\" \/>\n<meta property=\"og:type\" content=\"article\" \/>\n<meta property=\"og:title\" content=\"Uzticams Homme\" \/>\n<meta property=\"og:description\" content=\"Man, Credible Homme s\u0101kas ar aug\u013cainaj\u0101m bergamotes, neroli, citrona, apels\u012bna, za\u013c\u0101s not\u012bm, dodot vietu rozei, jasm\u012bnam, orrisam, ingveram un piek\u013c\u016bst austrumniecisk\u0101m ciedra, sandalkoka, vetiv\u0113rijas, pa\u010d\u016blijas, oud balzama, muskusa un \u0101das notis. .\" \/>\n<meta property=\"og:url\" content=\"https:\/\/women.lv\/ru\/product\/credible-homme-deo-spray\/\" \/>\n<meta property=\"og:site_name\" content=\"Women Veikals\" \/>\n<meta property=\"article:modified_time\" content=\"2025-11-05T13:26:35+00:00\" \/>\n<meta property=\"og:image\" content=\"https:\/\/women.lv\/wp-content\/uploads\/nc\/catalog\/United-Arab-Emirates\/Louis-Cardin\/Deo-Spray\/credible-homme-deo-spray.png\" \/>\n\t<meta property=\"og:image:width\" content=\"671\" \/>\n\t<meta property=\"og:image:height\" content=\"1023\" \/>\n\t<meta property=\"og:image:type\" content=\"image\/png\" \/>\n<meta name=\"twitter:card\" content=\"summary_large_image\" \/>\n<script type=\"application\/ld+json\" class=\"yoast-schema-graph\">{\"@context\":\"https:\/\/schema.org\",\"@graph\":[{\"@type\":\"WebPage\",\"@id\":\"https:\/\/women.lv\/product\/credible-homme-deo-spray\/\",\"url\":\"https:\/\/women.lv\/product\/credible-homme-deo-spray\/\",\"name\":\"Uzticams Homme\",\"isPartOf\":{\"@id\":\"https:\/\/women.lv\/#website\"},\"primaryImageOfPage\":{\"@id\":\"https:\/\/women.lv\/product\/credible-homme-deo-spray\/#primaryimage\"},\"image\":{\"@id\":\"https:\/\/women.lv\/product\/credible-homme-deo-spray\/#primaryimage\"},\"thumbnailUrl\":\"https:\/\/women.lv\/wp-content\/uploads\/nc\/catalog\/United-Arab-Emirates\/Louis-Cardin\/Deo-Spray\/credible-homme-deo-spray.png\",\"datePublished\":\"2024-09-25T17:52:11+00:00\",\"dateModified\":\"2025-11-05T13:26:35+00:00\",\"description\":\"Man, Credible Homme s\u0101kas ar aug\u013cainaj\u0101m bergamotes, neroli, citrona, apels\u012bna, za\u013c\u0101s not\u012bm, dodot vietu rozei, jasm\u012bnam, orrisam, ingveram un piek\u013c\u016bst austrumniecisk\u0101m ciedra, sandalkoka, vetiv\u0113rijas, pa\u010d\u016blijas, oud balzama, muskusa un \u0101das notis. .\",\"breadcrumb\":{\"@id\":\"https:\/\/women.lv\/product\/credible-homme-deo-spray\/#breadcrumb\"},\"inLanguage\":\"ru-RU\",\"potentialAction\":[{\"@type\":\"ReadAction\",\"target\":[\"https:\/\/women.lv\/product\/credible-homme-deo-spray\/\"]}]},{\"@type\":\"ImageObject\",\"inLanguage\":\"ru-RU\",\"@id\":\"https:\/\/women.lv\/product\/credible-homme-deo-spray\/#primaryimage\",\"url\":\"https:\/\/women.lv\/wp-content\/uploads\/nc\/catalog\/United-Arab-Emirates\/Louis-Cardin\/Deo-Spray\/credible-homme-deo-spray.png\",\"contentUrl\":\"https:\/\/women.lv\/wp-content\/uploads\/nc\/catalog\/United-Arab-Emirates\/Louis-Cardin\/Deo-Spray\/credible-homme-deo-spray.png\",\"width\":671,\"height\":1023,\"caption\":\"Uzticams Homme\"},{\"@type\":\"BreadcrumbList\",\"@id\":\"https:\/\/women.lv\/product\/credible-homme-deo-spray\/#breadcrumb\",\"itemListElement\":[{\"@type\":\"ListItem\",\"position\":1,\"name\":\"Home\",\"item\":\"https:\/\/women.lv\/\"},{\"@type\":\"ListItem\",\"position\":2,\"name\":\"Products\",\"item\":\"https:\/\/women.lv\/en\/shop\/\"},{\"@type\":\"ListItem\",\"position\":3,\"name\":\"Credible Homme\"}]},{\"@type\":\"WebSite\",\"@id\":\"https:\/\/women.lv\/#website\",\"url\":\"https:\/\/women.lv\/\",\"name\":\"Women Veikals\",\"description\":\"Uzdr\u012bksties b\u016bt skaista\",\"potentialAction\":[{\"@type\":\"SearchAction\",\"target\":{\"@type\":\"EntryPoint\",\"urlTemplate\":\"https:\/\/women.lv\/?s={search_term_string}\"},\"query-input\":{\"@type\":\"PropertyValueSpecification\",\"valueRequired\":true,\"valueName\":\"search_term_string\"}}],\"inLanguage\":\"ru-RU\"}]}<\/script>\n<!-- \/ Yoast SEO plugin. -->","yoast_head_json":{"title":"Uzticams Homme","description":"Man, Credible Homme s\u0101kas ar aug\u013cainaj\u0101m bergamotes, neroli, citrona, apels\u012bna, za\u013c\u0101s not\u012bm, dodot vietu rozei, jasm\u012bnam, orrisam, ingveram un piek\u013c\u016bst austrumniecisk\u0101m ciedra, sandalkoka, vetiv\u0113rijas, pa\u010d\u016blijas, oud balzama, muskusa un \u0101das notis. .","robots":{"index":"index","follow":"follow","max-snippet":"max-snippet:-1","max-image-preview":"max-image-preview:large","max-video-preview":"max-video-preview:-1"},"canonical":"https:\/\/women.lv\/ru\/product\/credible-homme-deo-spray\/","og_locale":"ru_RU","og_type":"article","og_title":"Uzticams Homme","og_description":"Man, Credible Homme s\u0101kas ar aug\u013cainaj\u0101m bergamotes, neroli, citrona, apels\u012bna, za\u013c\u0101s not\u012bm, dodot vietu rozei, jasm\u012bnam, orrisam, ingveram un piek\u013c\u016bst austrumniecisk\u0101m ciedra, sandalkoka, vetiv\u0113rijas, pa\u010d\u016blijas, oud balzama, muskusa un \u0101das notis. .","og_url":"https:\/\/women.lv\/ru\/product\/credible-homme-deo-spray\/","og_site_name":"Women Veikals","article_modified_time":"2025-11-05T13:26:35+00:00","og_image":[{"width":671,"height":1023,"url":"https:\/\/women.lv\/wp-content\/uploads\/nc\/catalog\/United-Arab-Emirates\/Louis-Cardin\/Deo-Spray\/credible-homme-deo-spray.png","type":"image\/png"}],"twitter_card":"summary_large_image","schema":{"@context":"https:\/\/schema.org","@graph":[{"@type":"WebPage","@id":"https:\/\/women.lv\/product\/credible-homme-deo-spray\/","url":"https:\/\/women.lv\/product\/credible-homme-deo-spray\/","name":"Uzticams Homme","isPartOf":{"@id":"https:\/\/women.lv\/#website"},"primaryImageOfPage":{"@id":"https:\/\/women.lv\/product\/credible-homme-deo-spray\/#primaryimage"},"image":{"@id":"https:\/\/women.lv\/product\/credible-homme-deo-spray\/#primaryimage"},"thumbnailUrl":"https:\/\/women.lv\/wp-content\/uploads\/nc\/catalog\/United-Arab-Emirates\/Louis-Cardin\/Deo-Spray\/credible-homme-deo-spray.png","datePublished":"2024-09-25T17:52:11+00:00","dateModified":"2025-11-05T13:26:35+00:00","description":"Man, Credible Homme s\u0101kas ar aug\u013cainaj\u0101m bergamotes, neroli, citrona, apels\u012bna, za\u013c\u0101s not\u012bm, dodot vietu rozei, jasm\u012bnam, orrisam, ingveram un piek\u013c\u016bst austrumniecisk\u0101m ciedra, sandalkoka, vetiv\u0113rijas, pa\u010d\u016blijas, oud balzama, muskusa un \u0101das notis. .","breadcrumb":{"@id":"https:\/\/women.lv\/product\/credible-homme-deo-spray\/#breadcrumb"},"inLanguage":"ru-RU","potentialAction":[{"@type":"ReadAction","target":["https:\/\/women.lv\/product\/credible-homme-deo-spray\/"]}]},{"@type":"ImageObject","inLanguage":"ru-RU","@id":"https:\/\/women.lv\/product\/credible-homme-deo-spray\/#primaryimage","url":"https:\/\/women.lv\/wp-content\/uploads\/nc\/catalog\/United-Arab-Emirates\/Louis-Cardin\/Deo-Spray\/credible-homme-deo-spray.png","contentUrl":"https:\/\/women.lv\/wp-content\/uploads\/nc\/catalog\/United-Arab-Emirates\/Louis-Cardin\/Deo-Spray\/credible-homme-deo-spray.png","width":671,"height":1023,"caption":"Uzticams Homme"},{"@type":"BreadcrumbList","@id":"https:\/\/women.lv\/product\/credible-homme-deo-spray\/#breadcrumb","itemListElement":[{"@type":"ListItem","position":1,"name":"Home","item":"https:\/\/women.lv\/"},{"@type":"ListItem","position":2,"name":"Products","item":"https:\/\/women.lv\/en\/shop\/"},{"@type":"ListItem","position":3,"name":"Credible Homme"}]},{"@type":"WebSite","@id":"https:\/\/women.lv\/#website","url":"https:\/\/women.lv\/","name":"Women Veikals","description":"Uzdr\u012bksties b\u016bt skaista","potentialAction":[{"@type":"SearchAction","target":{"@type":"EntryPoint","urlTemplate":"https:\/\/women.lv\/?s={search_term_string}"},"query-input":{"@type":"PropertyValueSpecification","valueRequired":true,"valueName":"search_term_string"}}],"inLanguage":"ru-RU"}]}},"_links":{"self":[{"href":"https:\/\/women.lv\/ru\/wp-json\/wp\/v2\/product\/28997","targetHints":{"allow":["GET"]}}],"collection":[{"href":"https:\/\/women.lv\/ru\/wp-json\/wp\/v2\/product"}],"about":[{"href":"https:\/\/women.lv\/ru\/wp-json\/wp\/v2\/types\/product"}],"replies":[{"embeddable":true,"href":"https:\/\/women.lv\/ru\/wp-json\/wp\/v2\/comments?post=28997"}],"version-history":[{"count":2,"href":"https:\/\/women.lv\/ru\/wp-json\/wp\/v2\/product\/28997\/revisions"}],"predecessor-version":[{"id":29449,"href":"https:\/\/women.lv\/ru\/wp-json\/wp\/v2\/product\/28997\/revisions\/29449"}],"wp:featuredmedia":[{"embeddable":true,"href":"https:\/\/women.lv\/ru\/wp-json\/wp\/v2\/media\/28998"}],"wp:attachment":[{"href":"https:\/\/women.lv\/ru\/wp-json\/wp\/v2\/media?parent=28997"}],"wp:term":[{"taxonomy":"product_brand","embeddable":true,"href":"https:\/\/women.lv\/ru\/wp-json\/wp\/v2\/product_brand?post=28997"},{"taxonomy":"product_cat","embeddable":true,"href":"https:\/\/women.lv\/ru\/wp-json\/wp\/v2\/product_cat?post=28997"},{"taxonomy":"product_tag","embeddable":true,"href":"https:\/\/women.lv\/ru\/wp-json\/wp\/v2\/product_tag?post=28997"}],"curies":[{"name":"wp","href":"https:\/\/api.w.org\/{rel}","templated":true}]}}