{"id":28985,"date":"2024-09-25T10:11:13","date_gmt":"2024-09-25T10:11:13","guid":{"rendered":"https:\/\/women.lv\/?product=scenty-diamond"},"modified":"2025-11-05T13:26:41","modified_gmt":"2025-11-05T13:26:41","slug":"scenty-diamond","status":"publish","type":"product","link":"https:\/\/women.lv\/ru\/product\/scenty-diamond\/","title":{"rendered":"\u0410\u0440\u043e\u043c\u0430\u0442\u043d\u044b\u0439 \u0431\u0440\u0438\u043b\u043b\u0438\u0430\u043d\u0442"},"content":{"rendered":"<p><span style=\"font-family: Helvetica;\"><span style=\"font-size: 18px;\">Scenty Diamond EDP \u043e\u0442\u043a\u0440\u044b\u0432\u0430\u0435\u0442\u0441\u044f \u0441\u0432\u0435\u0436\u0438\u043c\u0438 \u0430\u0440\u043e\u043c\u0430\u0442\u0438\u0447\u0435\u0441\u043a\u0438\u043c\u0438 \u0432\u0435\u0440\u0445\u043d\u0438\u043c\u0438 \u043d\u043e\u0442\u0430\u043c\u0438 \u0433\u0440\u0435\u0439\u043f\u0444\u0440\u0443\u0442\u0430, \u043a\u0430\u0440\u0434\u0430\u043c\u043e\u043d\u0430 \u0438 \u0440\u043e\u0437\u044b, \u0441\u043c\u0435\u043d\u044f\u044e\u0449\u0438\u043c\u0438\u0441\u044f \u0446\u0432\u0435\u0442\u043e\u0447\u043d\u044b\u043c\u0438 \u0441\u0440\u0435\u0434\u043d\u0438\u043c\u0438 \u043d\u043e\u0442\u0430\u043c\u0438 \u0438\u043b\u0430\u043d\u0433-\u0438\u043b\u0430\u043d\u0433\u0430, \u0442\u0443\u0431\u0435\u0440\u043e\u0437\u044b \u0438 \u0431\u0430\u0437\u043e\u0432\u044b\u043c\u0438 \u043d\u043e\u0442\u0430\u043c\u0438 \u043a\u043e\u0436\u0438, \u043a\u0435\u0434\u0440\u0430 \u0438 \u0432\u0435\u0442\u0438\u0432\u0435\u0440\u0430.<\/span><\/span><\/p>","protected":false},"excerpt":{"rendered":"<p>Scenty Diamond EDP \u043e\u0442\u043a\u0440\u044b\u0432\u0430\u0435\u0442\u0441\u044f \u0441\u0432\u0435\u0436\u0438\u043c\u0438 \u0430\u0440\u043e\u043c\u0430\u0442\u0438\u0447\u0435\u0441\u043a\u0438\u043c\u0438 \u0432\u0435\u0440\u0445\u043d\u0438\u043c\u0438 \u043d\u043e\u0442\u0430\u043c\u0438 \u0433\u0440\u0435\u0439\u043f\u0444\u0440\u0443\u0442\u0430, \u043a\u0430\u0440\u0434\u0430\u043c\u043e\u043d\u0430 \u0438 \u0440\u043e\u0437\u044b, \u0441\u043c\u0435\u043d\u044f\u044e\u0449\u0438\u043c\u0438\u0441\u044f \u0446\u0432\u0435\u0442\u043e\u0447\u043d\u044b\u043c\u0438 \u0441\u0440\u0435\u0434\u043d\u0438\u043c\u0438 \u043d\u043e\u0442\u0430\u043c\u0438 \u0438\u043b\u0430\u043d\u0433-\u0438\u043b\u0430\u043d\u0433\u0430 \u0438 \u0442\u0443\u0431\u0435\u0440\u043e\u0437\u044b.<\/p>","protected":false},"featured_media":28986,"comment_status":"open","ping_status":"closed","template":"","meta":[],"product_brand":[],"product_cat":[2232,2234,2215],"product_tag":[3727,3782,3811,3783,3721,3823,3784,3726,3824,3785,3728],"class_list":{"0":"post-28985","1":"product","2":"type-product","3":"status-publish","4":"has-post-thumbnail","6":"product_cat-aromats-lv","7":"product_cat-lv-for-her-edp","8":"product_cat-visi-produkti","9":"product_tag-apvienotie-arabu-emirati","10":"product_tag-edp","11":"product_tag-femme","12":"product_tag-fragrance","13":"product_tag-louis-cardin","14":"product_tag-scenty-diamond","15":"product_tag-smarzas","16":"product_tag-united-arab-emirates","17":"product_tag-3824","18":"product_tag-3785","19":"product_tag-3728","20":"pa_brand_nc-louis-cardin","21":"pa_ean_nc-3822","22":"pa_izcelsmes-valsts-united-arab-emirates","23":"pa_izveleties-tilpumu-100-ml","24":"pa_izveleties-tilpumu-3-ml","26":"first","27":"instock","28":"taxable","29":"shipping-taxable","30":"purchasable","31":"product-type-variable"},"yoast_head":"<!-- This site is optimized with the Yoast SEO plugin v27.4 - https:\/\/yoast.com\/product\/yoast-seo-wordpress\/ -->\n<title>Scenty Diamond<\/title>\n<meta name=\"description\" content=\"Scenty Diamond EDP s\u0101kas ar svaig\u0101m arom\u0101tisk\u0101m greipfr\u016bta, kardamona, ro\u017eu aug\u0161\u0113j\u0101m not\u012bm, dodot ce\u013cu uz ziedu vidus not\u012bm ilang-ilang, tuberozi un \u0101das, ciedra koka, vetiv\u0113rijas pamatnotis.\" \/>\n<meta name=\"robots\" content=\"index, follow, max-snippet:-1, max-image-preview:large, max-video-preview:-1\" \/>\n<link rel=\"canonical\" href=\"https:\/\/women.lv\/ru\/product\/scenty-diamond\/\" \/>\n<meta property=\"og:locale\" content=\"ru_RU\" \/>\n<meta property=\"og:type\" content=\"article\" \/>\n<meta property=\"og:title\" content=\"Scenty Diamond\" \/>\n<meta property=\"og:description\" content=\"Scenty Diamond EDP s\u0101kas ar svaig\u0101m arom\u0101tisk\u0101m greipfr\u016bta, kardamona, ro\u017eu aug\u0161\u0113j\u0101m not\u012bm, dodot ce\u013cu uz ziedu vidus not\u012bm ilang-ilang, tuberozi un \u0101das, ciedra koka, vetiv\u0113rijas pamatnotis.\" \/>\n<meta property=\"og:url\" content=\"https:\/\/women.lv\/ru\/product\/scenty-diamond\/\" \/>\n<meta property=\"og:site_name\" content=\"Women Veikals\" \/>\n<meta property=\"article:modified_time\" content=\"2025-11-05T13:26:41+00:00\" \/>\n<meta property=\"og:image\" content=\"https:\/\/women.lv\/wp-content\/uploads\/nc\/catalog\/United-Arab-Emirates\/Louis-Cardin\/For-Her\/scenty-diamond-femme-100ml.jpg\" \/>\n\t<meta property=\"og:image:width\" content=\"1024\" \/>\n\t<meta property=\"og:image:height\" content=\"1024\" \/>\n\t<meta property=\"og:image:type\" content=\"image\/jpeg\" \/>\n<meta name=\"twitter:card\" content=\"summary_large_image\" \/>\n<meta name=\"twitter:label1\" content=\"\u041f\u0440\u0438\u043c\u0435\u0440\u043d\u043e\u0435 \u0432\u0440\u0435\u043c\u044f \u0434\u043b\u044f \u0447\u0442\u0435\u043d\u0438\u044f\" \/>\n\t<meta name=\"twitter:data1\" content=\"1 \u043c\u0438\u043d\u0443\u0442\u0430\" \/>\n<script type=\"application\/ld+json\" class=\"yoast-schema-graph\">{\"@context\":\"https:\\\/\\\/schema.org\",\"@graph\":[{\"@type\":\"WebPage\",\"@id\":\"https:\\\/\\\/women.lv\\\/product\\\/scenty-diamond\\\/\",\"url\":\"https:\\\/\\\/women.lv\\\/product\\\/scenty-diamond\\\/\",\"name\":\"Scenty Diamond\",\"isPartOf\":{\"@id\":\"https:\\\/\\\/women.lv\\\/#website\"},\"primaryImageOfPage\":{\"@id\":\"https:\\\/\\\/women.lv\\\/product\\\/scenty-diamond\\\/#primaryimage\"},\"image\":{\"@id\":\"https:\\\/\\\/women.lv\\\/product\\\/scenty-diamond\\\/#primaryimage\"},\"thumbnailUrl\":\"https:\\\/\\\/women.lv\\\/wp-content\\\/uploads\\\/nc\\\/catalog\\\/United-Arab-Emirates\\\/Louis-Cardin\\\/For-Her\\\/scenty-diamond-femme-100ml.jpg\",\"datePublished\":\"2024-09-25T10:11:13+00:00\",\"dateModified\":\"2025-11-05T13:26:41+00:00\",\"description\":\"Scenty Diamond EDP s\u0101kas ar svaig\u0101m arom\u0101tisk\u0101m greipfr\u016bta, kardamona, ro\u017eu aug\u0161\u0113j\u0101m not\u012bm, dodot ce\u013cu uz ziedu vidus not\u012bm ilang-ilang, tuberozi un \u0101das, ciedra koka, vetiv\u0113rijas pamatnotis.\",\"breadcrumb\":{\"@id\":\"https:\\\/\\\/women.lv\\\/product\\\/scenty-diamond\\\/#breadcrumb\"},\"inLanguage\":\"ru-RU\",\"potentialAction\":[{\"@type\":\"ReadAction\",\"target\":[\"https:\\\/\\\/women.lv\\\/product\\\/scenty-diamond\\\/\"]}]},{\"@type\":\"ImageObject\",\"inLanguage\":\"ru-RU\",\"@id\":\"https:\\\/\\\/women.lv\\\/product\\\/scenty-diamond\\\/#primaryimage\",\"url\":\"https:\\\/\\\/women.lv\\\/wp-content\\\/uploads\\\/nc\\\/catalog\\\/United-Arab-Emirates\\\/Louis-Cardin\\\/For-Her\\\/scenty-diamond-femme-100ml.jpg\",\"contentUrl\":\"https:\\\/\\\/women.lv\\\/wp-content\\\/uploads\\\/nc\\\/catalog\\\/United-Arab-Emirates\\\/Louis-Cardin\\\/For-Her\\\/scenty-diamond-femme-100ml.jpg\",\"width\":1024,\"height\":1024,\"caption\":\"Scenty Diamond\"},{\"@type\":\"BreadcrumbList\",\"@id\":\"https:\\\/\\\/women.lv\\\/product\\\/scenty-diamond\\\/#breadcrumb\",\"itemListElement\":[{\"@type\":\"ListItem\",\"position\":1,\"name\":\"Home\",\"item\":\"https:\\\/\\\/women.lv\\\/\"},{\"@type\":\"ListItem\",\"position\":2,\"name\":\"Products\",\"item\":\"https:\\\/\\\/women.lv\\\/en\\\/shop\\\/\"},{\"@type\":\"ListItem\",\"position\":3,\"name\":\"Scenty Diamond\"}]},{\"@type\":\"WebSite\",\"@id\":\"https:\\\/\\\/women.lv\\\/#website\",\"url\":\"https:\\\/\\\/women.lv\\\/\",\"name\":\"Women Veikals\",\"description\":\"Uzdr\u012bksties b\u016bt skaista\",\"potentialAction\":[{\"@type\":\"SearchAction\",\"target\":{\"@type\":\"EntryPoint\",\"urlTemplate\":\"https:\\\/\\\/women.lv\\\/?s={search_term_string}\"},\"query-input\":{\"@type\":\"PropertyValueSpecification\",\"valueRequired\":true,\"valueName\":\"search_term_string\"}}],\"inLanguage\":\"ru-RU\"}]}<\/script>\n<!-- \/ Yoast SEO plugin. -->","yoast_head_json":{"title":"\u0410\u0440\u043e\u043c\u0430\u0442\u043d\u044b\u0439 \u0431\u0440\u0438\u043b\u043b\u0438\u0430\u043d\u0442","description":"Scenty Diamond EDP \u043e\u0442\u043a\u0440\u044b\u0432\u0430\u0435\u0442\u0441\u044f \u0441\u0432\u0435\u0436\u0438\u043c\u0438 \u0430\u0440\u043e\u043c\u0430\u0442\u0438\u0447\u0435\u0441\u043a\u0438\u043c\u0438 \u0432\u0435\u0440\u0445\u043d\u0438\u043c\u0438 \u043d\u043e\u0442\u0430\u043c\u0438 \u0433\u0440\u0435\u0439\u043f\u0444\u0440\u0443\u0442\u0430, \u043a\u0430\u0440\u0434\u0430\u043c\u043e\u043d\u0430 \u0438 \u0440\u043e\u0437\u044b, \u0441\u043c\u0435\u043d\u044f\u044e\u0449\u0438\u043c\u0438\u0441\u044f \u0446\u0432\u0435\u0442\u043e\u0447\u043d\u044b\u043c\u0438 \u0441\u0440\u0435\u0434\u043d\u0438\u043c\u0438 \u043d\u043e\u0442\u0430\u043c\u0438 \u0438\u043b\u0430\u043d\u0433-\u0438\u043b\u0430\u043d\u0433\u0430, \u0442\u0443\u0431\u0435\u0440\u043e\u0437\u044b \u0438 \u0431\u0430\u0437\u043e\u0432\u044b\u043c\u0438 \u043d\u043e\u0442\u0430\u043c\u0438 \u043a\u043e\u0436\u0438, \u043a\u0435\u0434\u0440\u0430 \u0438 \u0432\u0435\u0442\u0438\u0432\u0435\u0440\u0430.","robots":{"index":"index","follow":"follow","max-snippet":"max-snippet:-1","max-image-preview":"max-image-preview:large","max-video-preview":"max-video-preview:-1"},"canonical":"https:\/\/women.lv\/ru\/product\/scenty-diamond\/","og_locale":"ru_RU","og_type":"article","og_title":"Scenty Diamond","og_description":"Scenty Diamond EDP s\u0101kas ar svaig\u0101m arom\u0101tisk\u0101m greipfr\u016bta, kardamona, ro\u017eu aug\u0161\u0113j\u0101m not\u012bm, dodot ce\u013cu uz ziedu vidus not\u012bm ilang-ilang, tuberozi un \u0101das, ciedra koka, vetiv\u0113rijas pamatnotis.","og_url":"https:\/\/women.lv\/ru\/product\/scenty-diamond\/","og_site_name":"Women Veikals","article_modified_time":"2025-11-05T13:26:41+00:00","og_image":[{"width":1024,"height":1024,"url":"https:\/\/women.lv\/wp-content\/uploads\/nc\/catalog\/United-Arab-Emirates\/Louis-Cardin\/For-Her\/scenty-diamond-femme-100ml.jpg","type":"image\/jpeg"}],"twitter_card":"summary_large_image","twitter_misc":{"\u041f\u0440\u0438\u043c\u0435\u0440\u043d\u043e\u0435 \u0432\u0440\u0435\u043c\u044f \u0434\u043b\u044f \u0447\u0442\u0435\u043d\u0438\u044f":"1 \u043c\u0438\u043d\u0443\u0442\u0430"},"schema":{"@context":"https:\/\/schema.org","@graph":[{"@type":"WebPage","@id":"https:\/\/women.lv\/product\/scenty-diamond\/","url":"https:\/\/women.lv\/product\/scenty-diamond\/","name":"\u0410\u0440\u043e\u043c\u0430\u0442\u043d\u044b\u0439 \u0431\u0440\u0438\u043b\u043b\u0438\u0430\u043d\u0442","isPartOf":{"@id":"https:\/\/women.lv\/#website"},"primaryImageOfPage":{"@id":"https:\/\/women.lv\/product\/scenty-diamond\/#primaryimage"},"image":{"@id":"https:\/\/women.lv\/product\/scenty-diamond\/#primaryimage"},"thumbnailUrl":"https:\/\/women.lv\/wp-content\/uploads\/nc\/catalog\/United-Arab-Emirates\/Louis-Cardin\/For-Her\/scenty-diamond-femme-100ml.jpg","datePublished":"2024-09-25T10:11:13+00:00","dateModified":"2025-11-05T13:26:41+00:00","description":"Scenty Diamond EDP \u043e\u0442\u043a\u0440\u044b\u0432\u0430\u0435\u0442\u0441\u044f \u0441\u0432\u0435\u0436\u0438\u043c\u0438 \u0430\u0440\u043e\u043c\u0430\u0442\u0438\u0447\u0435\u0441\u043a\u0438\u043c\u0438 \u0432\u0435\u0440\u0445\u043d\u0438\u043c\u0438 \u043d\u043e\u0442\u0430\u043c\u0438 \u0433\u0440\u0435\u0439\u043f\u0444\u0440\u0443\u0442\u0430, \u043a\u0430\u0440\u0434\u0430\u043c\u043e\u043d\u0430 \u0438 \u0440\u043e\u0437\u044b, \u0441\u043c\u0435\u043d\u044f\u044e\u0449\u0438\u043c\u0438\u0441\u044f \u0446\u0432\u0435\u0442\u043e\u0447\u043d\u044b\u043c\u0438 \u0441\u0440\u0435\u0434\u043d\u0438\u043c\u0438 \u043d\u043e\u0442\u0430\u043c\u0438 \u0438\u043b\u0430\u043d\u0433-\u0438\u043b\u0430\u043d\u0433\u0430, \u0442\u0443\u0431\u0435\u0440\u043e\u0437\u044b \u0438 \u0431\u0430\u0437\u043e\u0432\u044b\u043c\u0438 \u043d\u043e\u0442\u0430\u043c\u0438 \u043a\u043e\u0436\u0438, \u043a\u0435\u0434\u0440\u0430 \u0438 \u0432\u0435\u0442\u0438\u0432\u0435\u0440\u0430.","breadcrumb":{"@id":"https:\/\/women.lv\/product\/scenty-diamond\/#breadcrumb"},"inLanguage":"ru-RU","potentialAction":[{"@type":"ReadAction","target":["https:\/\/women.lv\/product\/scenty-diamond\/"]}]},{"@type":"ImageObject","inLanguage":"ru-RU","@id":"https:\/\/women.lv\/product\/scenty-diamond\/#primaryimage","url":"https:\/\/women.lv\/wp-content\/uploads\/nc\/catalog\/United-Arab-Emirates\/Louis-Cardin\/For-Her\/scenty-diamond-femme-100ml.jpg","contentUrl":"https:\/\/women.lv\/wp-content\/uploads\/nc\/catalog\/United-Arab-Emirates\/Louis-Cardin\/For-Her\/scenty-diamond-femme-100ml.jpg","width":1024,"height":1024,"caption":"Scenty Diamond"},{"@type":"BreadcrumbList","@id":"https:\/\/women.lv\/product\/scenty-diamond\/#breadcrumb","itemListElement":[{"@type":"ListItem","position":1,"name":"Home","item":"https:\/\/women.lv\/"},{"@type":"ListItem","position":2,"name":"Products","item":"https:\/\/women.lv\/en\/shop\/"},{"@type":"ListItem","position":3,"name":"Scenty Diamond"}]},{"@type":"WebSite","@id":"https:\/\/women.lv\/#website","url":"https:\/\/women.lv\/","name":"\u041c\u0430\u0433\u0430\u0437\u0438\u043d Women","description":"Uzdr\u012bksties b\u016bt skaista","potentialAction":[{"@type":"SearchAction","target":{"@type":"EntryPoint","urlTemplate":"https:\/\/women.lv\/?s={search_term_string}"},"query-input":{"@type":"PropertyValueSpecification","valueRequired":true,"valueName":"search_term_string"}}],"inLanguage":"ru-RU"}]}},"_links":{"self":[{"href":"https:\/\/women.lv\/ru\/wp-json\/wp\/v2\/product\/28985","targetHints":{"allow":["GET"]}}],"collection":[{"href":"https:\/\/women.lv\/ru\/wp-json\/wp\/v2\/product"}],"about":[{"href":"https:\/\/women.lv\/ru\/wp-json\/wp\/v2\/types\/product"}],"replies":[{"embeddable":true,"href":"https:\/\/women.lv\/ru\/wp-json\/wp\/v2\/comments?post=28985"}],"version-history":[{"count":1,"href":"https:\/\/women.lv\/ru\/wp-json\/wp\/v2\/product\/28985\/revisions"}],"predecessor-version":[{"id":29479,"href":"https:\/\/women.lv\/ru\/wp-json\/wp\/v2\/product\/28985\/revisions\/29479"}],"wp:featuredmedia":[{"embeddable":true,"href":"https:\/\/women.lv\/ru\/wp-json\/wp\/v2\/media\/28986"}],"wp:attachment":[{"href":"https:\/\/women.lv\/ru\/wp-json\/wp\/v2\/media?parent=28985"}],"wp:term":[{"taxonomy":"product_brand","embeddable":true,"href":"https:\/\/women.lv\/ru\/wp-json\/wp\/v2\/product_brand?post=28985"},{"taxonomy":"product_cat","embeddable":true,"href":"https:\/\/women.lv\/ru\/wp-json\/wp\/v2\/product_cat?post=28985"},{"taxonomy":"product_tag","embeddable":true,"href":"https:\/\/women.lv\/ru\/wp-json\/wp\/v2\/product_tag?post=28985"}],"curies":[{"name":"wp","href":"https:\/\/api.w.org\/{rel}","templated":true}]}}