{"id":28977,"date":"2024-09-25T09:25:52","date_gmt":"2024-09-25T09:25:52","guid":{"rendered":"https:\/\/women.lv\/?product=scenty-blue"},"modified":"2025-11-05T13:26:43","modified_gmt":"2025-11-05T13:26:43","slug":"scenty-blue","status":"publish","type":"product","link":"https:\/\/women.lv\/ru\/product\/scenty-blue\/","title":{"rendered":"\u0410\u0440\u043e\u043c\u0430\u0442\u043d\u044b\u0439 \u0441\u0438\u043d\u0438\u0439"},"content":{"rendered":"<p><span style=\"font-family: Helvetica;\"><span style=\"font-size: 18px;\">Smar\u017e\u012bgi zils EDP s\u0101kas ar svaig\u0101m ziedu aug\u0161\u0113j\u0101m not\u012bm \u2013 bergamotes, apels\u012bna, rozmar\u012bna, \u0123er\u0101nijas, lavand\u012bna, ciprese, dodot ce\u013cu l\u012bdz ro\u017eu, jasm\u012bna, orrisa, violeto ziedu, kardamona, koriandra un ciedru, vetiv\u0113rijas pamatnot\u0113m, Pa\u010d\u016blija, muskuss, dzintars, vani\u013ca.<\/span><\/span><\/p>","protected":false},"excerpt":{"rendered":"<p>\u0410\u0440\u043e\u043c\u0430\u0442\u043d\u0430\u044f \u0441\u0438\u043d\u044f\u044f EDP \u043d\u0430\u0447\u0438\u043d\u0430\u0435\u0442\u0441\u044f \u0441\u0432\u0435\u0436\u0438\u043c\u0438 \u0446\u0432\u0435\u0442\u043e\u0447\u043d\u044b\u043c\u0438 \u043d\u043e\u0442\u0430\u043c\u0438 \u0431\u0435\u0440\u0433\u0430\u043c\u043e\u0442\u0430, \u0430\u043f\u0435\u043b\u044c\u0441\u0438\u043d\u0430, \u0440\u043e\u0437\u043c\u0430\u0440\u0438\u043d\u0430, \u0433\u0435\u0440\u0430\u043d\u0438, \u043b\u0430\u0432\u0430\u043d\u0434\u044b, \u043a\u0438\u043f\u0430\u0440\u0438\u0441\u0430, \u0441\u043c\u0435\u043d\u044f\u044e\u0449\u0438\u0445\u0441\u044f \u0440\u043e\u0437\u043e\u0439.<\/p>","protected":false},"featured_media":28978,"comment_status":"open","ping_status":"closed","template":"","meta":[],"product_brand":[],"product_cat":[2232,2234,2215],"product_tag":[3727,3782,3811,3783,3721,3810,3784,3726,3812,3785,3728],"class_list":{"0":"post-28977","1":"product","2":"type-product","3":"status-publish","4":"has-post-thumbnail","6":"product_cat-aromats-lv","7":"product_cat-lv-for-her-edp","8":"product_cat-visi-produkti","9":"product_tag-apvienotie-arabu-emirati","10":"product_tag-edp","11":"product_tag-femme","12":"product_tag-fragrance","13":"product_tag-louis-cardin","14":"product_tag-scenty-blue","15":"product_tag-smarzas","16":"product_tag-united-arab-emirates","17":"product_tag-3812","18":"product_tag-3785","19":"product_tag-3728","20":"pa_brand_nc-louis-cardin","21":"pa_ean_nc-3809","22":"pa_izcelsmes-valsts-united-arab-emirates","23":"pa_izveleties-tilpumu-100-ml","24":"pa_izveleties-tilpumu-3-ml","26":"first","27":"instock","28":"taxable","29":"shipping-taxable","30":"purchasable","31":"product-type-variable"},"yoast_head":"<!-- This site is optimized with the Yoast SEO plugin v23.9 - https:\/\/yoast.com\/wordpress\/plugins\/seo\/ -->\n<title>Scenty Blue<\/title>\n<meta name=\"description\" content=\"Smar\u017e\u012bgi zils EDP s\u0101kas ar svaig\u0101m ziedu aug\u0161\u0113j\u0101m not\u012bm \u2013 bergamotes, apels\u012bna, rozmar\u012bna, \u0123er\u0101nijas, lavand\u012bna, ciprese, dodot ce\u013cu l\u012bdz ro\u017eu, jasm\u012bna, orrisa, violeto ziedu, kardamona, koriandra un ciedru, vetiv\u0113rijas pamatnot\u0113m, Pa\u010d\u016blija, muskuss, dzin\" \/>\n<meta name=\"robots\" content=\"index, follow, max-snippet:-1, max-image-preview:large, max-video-preview:-1\" \/>\n<link rel=\"canonical\" href=\"https:\/\/women.lv\/ru\/product\/scenty-blue\/\" \/>\n<meta property=\"og:locale\" content=\"ru_RU\" \/>\n<meta property=\"og:type\" content=\"article\" \/>\n<meta property=\"og:title\" content=\"Scenty Blue\" \/>\n<meta property=\"og:description\" content=\"Smar\u017e\u012bgi zils EDP s\u0101kas ar svaig\u0101m ziedu aug\u0161\u0113j\u0101m not\u012bm \u2013 bergamotes, apels\u012bna, rozmar\u012bna, \u0123er\u0101nijas, lavand\u012bna, ciprese, dodot ce\u013cu l\u012bdz ro\u017eu, jasm\u012bna, orrisa, violeto ziedu, kardamona, koriandra un ciedru, vetiv\u0113rijas pamatnot\u0113m, Pa\u010d\u016blija, muskuss, dzin\" \/>\n<meta property=\"og:url\" content=\"https:\/\/women.lv\/ru\/product\/scenty-blue\/\" \/>\n<meta property=\"og:site_name\" content=\"Women Veikals\" \/>\n<meta property=\"article:modified_time\" content=\"2025-11-05T13:26:43+00:00\" \/>\n<meta property=\"og:image\" content=\"https:\/\/women.lv\/wp-content\/uploads\/nc\/catalog\/United-Arab-Emirates\/Louis-Cardin\/For-Her\/scenty-blue-femme-100ml.jpg\" \/>\n\t<meta property=\"og:image:width\" content=\"1024\" \/>\n\t<meta property=\"og:image:height\" content=\"1024\" \/>\n\t<meta property=\"og:image:type\" content=\"image\/jpeg\" \/>\n<meta name=\"twitter:card\" content=\"summary_large_image\" \/>\n<meta name=\"twitter:label1\" content=\"\u041f\u0440\u0438\u043c\u0435\u0440\u043d\u043e\u0435 \u0432\u0440\u0435\u043c\u044f \u0434\u043b\u044f \u0447\u0442\u0435\u043d\u0438\u044f\" \/>\n\t<meta name=\"twitter:data1\" content=\"1 \u043c\u0438\u043d\u0443\u0442\u0430\" \/>\n<script type=\"application\/ld+json\" class=\"yoast-schema-graph\">{\"@context\":\"https:\/\/schema.org\",\"@graph\":[{\"@type\":\"WebPage\",\"@id\":\"https:\/\/women.lv\/product\/scenty-blue\/\",\"url\":\"https:\/\/women.lv\/product\/scenty-blue\/\",\"name\":\"Scenty Blue\",\"isPartOf\":{\"@id\":\"https:\/\/women.lv\/#website\"},\"primaryImageOfPage\":{\"@id\":\"https:\/\/women.lv\/product\/scenty-blue\/#primaryimage\"},\"image\":{\"@id\":\"https:\/\/women.lv\/product\/scenty-blue\/#primaryimage\"},\"thumbnailUrl\":\"https:\/\/women.lv\/wp-content\/uploads\/nc\/catalog\/United-Arab-Emirates\/Louis-Cardin\/For-Her\/scenty-blue-femme-100ml.jpg\",\"datePublished\":\"2024-09-25T09:25:52+00:00\",\"dateModified\":\"2025-11-05T13:26:43+00:00\",\"description\":\"Smar\u017e\u012bgi zils EDP s\u0101kas ar svaig\u0101m ziedu aug\u0161\u0113j\u0101m not\u012bm \u2013 bergamotes, apels\u012bna, rozmar\u012bna, \u0123er\u0101nijas, lavand\u012bna, ciprese, dodot ce\u013cu l\u012bdz ro\u017eu, jasm\u012bna, orrisa, violeto ziedu, kardamona, koriandra un ciedru, vetiv\u0113rijas pamatnot\u0113m, Pa\u010d\u016blija, muskuss, dzin\",\"breadcrumb\":{\"@id\":\"https:\/\/women.lv\/product\/scenty-blue\/#breadcrumb\"},\"inLanguage\":\"ru-RU\",\"potentialAction\":[{\"@type\":\"ReadAction\",\"target\":[\"https:\/\/women.lv\/product\/scenty-blue\/\"]}]},{\"@type\":\"ImageObject\",\"inLanguage\":\"ru-RU\",\"@id\":\"https:\/\/women.lv\/product\/scenty-blue\/#primaryimage\",\"url\":\"https:\/\/women.lv\/wp-content\/uploads\/nc\/catalog\/United-Arab-Emirates\/Louis-Cardin\/For-Her\/scenty-blue-femme-100ml.jpg\",\"contentUrl\":\"https:\/\/women.lv\/wp-content\/uploads\/nc\/catalog\/United-Arab-Emirates\/Louis-Cardin\/For-Her\/scenty-blue-femme-100ml.jpg\",\"width\":1024,\"height\":1024,\"caption\":\"Scenty Blue\"},{\"@type\":\"BreadcrumbList\",\"@id\":\"https:\/\/women.lv\/product\/scenty-blue\/#breadcrumb\",\"itemListElement\":[{\"@type\":\"ListItem\",\"position\":1,\"name\":\"Home\",\"item\":\"https:\/\/women.lv\/\"},{\"@type\":\"ListItem\",\"position\":2,\"name\":\"Products\",\"item\":\"https:\/\/women.lv\/en\/shop\/\"},{\"@type\":\"ListItem\",\"position\":3,\"name\":\"Scenty Blue\"}]},{\"@type\":\"WebSite\",\"@id\":\"https:\/\/women.lv\/#website\",\"url\":\"https:\/\/women.lv\/\",\"name\":\"Women Veikals\",\"description\":\"Uzdr\u012bksties b\u016bt skaista\",\"potentialAction\":[{\"@type\":\"SearchAction\",\"target\":{\"@type\":\"EntryPoint\",\"urlTemplate\":\"https:\/\/women.lv\/?s={search_term_string}\"},\"query-input\":{\"@type\":\"PropertyValueSpecification\",\"valueRequired\":true,\"valueName\":\"search_term_string\"}}],\"inLanguage\":\"ru-RU\"}]}<\/script>\n<!-- \/ Yoast SEO plugin. -->","yoast_head_json":{"title":"Scenty Blue","description":"Smar\u017e\u012bgi zils EDP s\u0101kas ar svaig\u0101m ziedu aug\u0161\u0113j\u0101m not\u012bm \u2013 bergamotes, apels\u012bna, rozmar\u012bna, \u0123er\u0101nijas, lavand\u012bna, ciprese, dodot ce\u013cu l\u012bdz ro\u017eu, jasm\u012bna, orrisa, violeto ziedu, kardamona, koriandra un ciedru, vetiv\u0113rijas pamatnot\u0113m, Pa\u010d\u016blija, muskuss, dzin","robots":{"index":"index","follow":"follow","max-snippet":"max-snippet:-1","max-image-preview":"max-image-preview:large","max-video-preview":"max-video-preview:-1"},"canonical":"https:\/\/women.lv\/ru\/product\/scenty-blue\/","og_locale":"ru_RU","og_type":"article","og_title":"Scenty Blue","og_description":"Smar\u017e\u012bgi zils EDP s\u0101kas ar svaig\u0101m ziedu aug\u0161\u0113j\u0101m not\u012bm \u2013 bergamotes, apels\u012bna, rozmar\u012bna, \u0123er\u0101nijas, lavand\u012bna, ciprese, dodot ce\u013cu l\u012bdz ro\u017eu, jasm\u012bna, orrisa, violeto ziedu, kardamona, koriandra un ciedru, vetiv\u0113rijas pamatnot\u0113m, Pa\u010d\u016blija, muskuss, dzin","og_url":"https:\/\/women.lv\/ru\/product\/scenty-blue\/","og_site_name":"Women Veikals","article_modified_time":"2025-11-05T13:26:43+00:00","og_image":[{"width":1024,"height":1024,"url":"https:\/\/women.lv\/wp-content\/uploads\/nc\/catalog\/United-Arab-Emirates\/Louis-Cardin\/For-Her\/scenty-blue-femme-100ml.jpg","type":"image\/jpeg"}],"twitter_card":"summary_large_image","twitter_misc":{"\u041f\u0440\u0438\u043c\u0435\u0440\u043d\u043e\u0435 \u0432\u0440\u0435\u043c\u044f \u0434\u043b\u044f \u0447\u0442\u0435\u043d\u0438\u044f":"1 \u043c\u0438\u043d\u0443\u0442\u0430"},"schema":{"@context":"https:\/\/schema.org","@graph":[{"@type":"WebPage","@id":"https:\/\/women.lv\/product\/scenty-blue\/","url":"https:\/\/women.lv\/product\/scenty-blue\/","name":"Scenty Blue","isPartOf":{"@id":"https:\/\/women.lv\/#website"},"primaryImageOfPage":{"@id":"https:\/\/women.lv\/product\/scenty-blue\/#primaryimage"},"image":{"@id":"https:\/\/women.lv\/product\/scenty-blue\/#primaryimage"},"thumbnailUrl":"https:\/\/women.lv\/wp-content\/uploads\/nc\/catalog\/United-Arab-Emirates\/Louis-Cardin\/For-Her\/scenty-blue-femme-100ml.jpg","datePublished":"2024-09-25T09:25:52+00:00","dateModified":"2025-11-05T13:26:43+00:00","description":"Smar\u017e\u012bgi zils EDP s\u0101kas ar svaig\u0101m ziedu aug\u0161\u0113j\u0101m not\u012bm \u2013 bergamotes, apels\u012bna, rozmar\u012bna, \u0123er\u0101nijas, lavand\u012bna, ciprese, dodot ce\u013cu l\u012bdz ro\u017eu, jasm\u012bna, orrisa, violeto ziedu, kardamona, koriandra un ciedru, vetiv\u0113rijas pamatnot\u0113m, Pa\u010d\u016blija, muskuss, dzin","breadcrumb":{"@id":"https:\/\/women.lv\/product\/scenty-blue\/#breadcrumb"},"inLanguage":"ru-RU","potentialAction":[{"@type":"ReadAction","target":["https:\/\/women.lv\/product\/scenty-blue\/"]}]},{"@type":"ImageObject","inLanguage":"ru-RU","@id":"https:\/\/women.lv\/product\/scenty-blue\/#primaryimage","url":"https:\/\/women.lv\/wp-content\/uploads\/nc\/catalog\/United-Arab-Emirates\/Louis-Cardin\/For-Her\/scenty-blue-femme-100ml.jpg","contentUrl":"https:\/\/women.lv\/wp-content\/uploads\/nc\/catalog\/United-Arab-Emirates\/Louis-Cardin\/For-Her\/scenty-blue-femme-100ml.jpg","width":1024,"height":1024,"caption":"Scenty Blue"},{"@type":"BreadcrumbList","@id":"https:\/\/women.lv\/product\/scenty-blue\/#breadcrumb","itemListElement":[{"@type":"ListItem","position":1,"name":"Home","item":"https:\/\/women.lv\/"},{"@type":"ListItem","position":2,"name":"Products","item":"https:\/\/women.lv\/en\/shop\/"},{"@type":"ListItem","position":3,"name":"Scenty Blue"}]},{"@type":"WebSite","@id":"https:\/\/women.lv\/#website","url":"https:\/\/women.lv\/","name":"Women Veikals","description":"Uzdr\u012bksties b\u016bt skaista","potentialAction":[{"@type":"SearchAction","target":{"@type":"EntryPoint","urlTemplate":"https:\/\/women.lv\/?s={search_term_string}"},"query-input":{"@type":"PropertyValueSpecification","valueRequired":true,"valueName":"search_term_string"}}],"inLanguage":"ru-RU"}]}},"_links":{"self":[{"href":"https:\/\/women.lv\/ru\/wp-json\/wp\/v2\/product\/28977","targetHints":{"allow":["GET"]}}],"collection":[{"href":"https:\/\/women.lv\/ru\/wp-json\/wp\/v2\/product"}],"about":[{"href":"https:\/\/women.lv\/ru\/wp-json\/wp\/v2\/types\/product"}],"replies":[{"embeddable":true,"href":"https:\/\/women.lv\/ru\/wp-json\/wp\/v2\/comments?post=28977"}],"version-history":[{"count":2,"href":"https:\/\/women.lv\/ru\/wp-json\/wp\/v2\/product\/28977\/revisions"}],"predecessor-version":[{"id":29486,"href":"https:\/\/women.lv\/ru\/wp-json\/wp\/v2\/product\/28977\/revisions\/29486"}],"wp:featuredmedia":[{"embeddable":true,"href":"https:\/\/women.lv\/ru\/wp-json\/wp\/v2\/media\/28978"}],"wp:attachment":[{"href":"https:\/\/women.lv\/ru\/wp-json\/wp\/v2\/media?parent=28977"}],"wp:term":[{"taxonomy":"product_brand","embeddable":true,"href":"https:\/\/women.lv\/ru\/wp-json\/wp\/v2\/product_brand?post=28977"},{"taxonomy":"product_cat","embeddable":true,"href":"https:\/\/women.lv\/ru\/wp-json\/wp\/v2\/product_cat?post=28977"},{"taxonomy":"product_tag","embeddable":true,"href":"https:\/\/women.lv\/ru\/wp-json\/wp\/v2\/product_tag?post=28977"}],"curies":[{"name":"wp","href":"https:\/\/api.w.org\/{rel}","templated":true}]}}