{"id":28975,"date":"2024-09-24T23:00:16","date_gmt":"2024-09-24T23:00:16","guid":{"rendered":"https:\/\/women.lv\/?product=exotic-scent-homme"},"modified":"2025-11-05T13:26:36","modified_gmt":"2025-11-05T13:26:36","slug":"exotic-scent-homme","status":"publish","type":"product","link":"https:\/\/women.lv\/ru\/product\/exotic-scent-homme\/","title":{"rendered":"\u042d\u043a\u0437\u043e\u0442\u0438\u0447\u0435\u0441\u043a\u0438\u0439 \u0430\u0440\u043e\u043c\u0430\u0442 \u0434\u043b\u044f \u043c\u0443\u0436\u0447\u0438\u043d"},"content":{"rendered":"<p><span style=\"font-family: Helvetica;\"><span style=\"font-size: 18px;\">Eksotisk\u0101 smar\u017ea EDP atveras ar svaigu aug\u013cu aug\u0161\u0113jo anan\u0101su, za\u013co not\u012bm, mandar\u012bnu apels\u012bnu, papaiju, bergamotes, kardamona, citrona not\u012bm, dodot ce\u013cu uz saldaj\u0101m ziedu vidus not\u012bm \u2013 muskatriekstu, violetu, Orrisa sakni, jasm\u012bnu, maijpu\u0137\u012bti, Roze, baltie ziedi, karamele un pamatnot\u012bm sandalkoks, dzintars, muskuss, ciedra koks, ozola koks, vani\u013ca.<\/span><\/span><\/p>","protected":false},"excerpt":{"rendered":"<p>\u042d\u043a\u0437\u043e\u0442\u0438\u0447\u0435\u0441\u043a\u0438\u0439 \u0430\u0440\u043e\u043c\u0430\u0442 EDP \u043e\u0442\u043a\u0440\u044b\u0432\u0430\u0435\u0442\u0441\u044f \u0441\u0432\u0435\u0436\u0438\u043c\u0438 \u0444\u0440\u0443\u043a\u0442\u043e\u0432\u044b\u043c\u0438 \u0432\u0435\u0440\u0445\u043d\u0438\u043c\u0438 \u043d\u043e\u0442\u0430\u043c\u0438 \u0430\u043d\u0430\u043d\u0430\u0441\u0430, \u0437\u0435\u043b\u0435\u043d\u044b\u0445 \u043d\u043e\u0442, \u043c\u0430\u043d\u0434\u0430\u0440\u0438\u043d\u0430, \u043f\u0430\u043f\u0430\u0439\u0438, \u0431\u0435\u0440\u0433\u0430\u043c\u043e\u0442\u0430, \u043a\u0430\u0440\u0434\u0430\u043c\u043e\u043d\u0430 \u0438 \u043b\u0438\u043c\u043e\u043d\u0430.<\/p>","protected":false},"featured_media":28976,"comment_status":"open","ping_status":"closed","template":"","meta":[],"product_brand":[],"product_cat":[2232,2235,2215,2220],"product_tag":[3727,3782,3807,3783,3721,3784,3726,3785,3728,3808],"class_list":{"0":"post-28975","1":"product","2":"type-product","3":"status-publish","4":"has-post-thumbnail","6":"product_cat-aromats-lv","7":"product_cat-lv-for-him-edp","8":"product_cat-visi-produkti","9":"product_cat-viss-viriesiem","10":"product_tag-apvienotie-arabu-emirati","11":"product_tag-edp","12":"product_tag-exotic-scent-homme","13":"product_tag-fragrance","14":"product_tag-louis-cardin","15":"product_tag-smarzas","16":"product_tag-united-arab-emirates","17":"product_tag-3785","18":"product_tag-3728","19":"product_tag-3808","20":"pa_brand_nc-louis-cardin","21":"pa_ean_nc-3806","22":"pa_izcelsmes-valsts-united-arab-emirates","23":"pa_izveleties-tilpumu-100-ml","24":"pa_izveleties-tilpumu-3-ml","26":"first","27":"instock","28":"taxable","29":"shipping-taxable","30":"purchasable","31":"product-type-variable"},"yoast_head":"<!-- This site is optimized with the Yoast SEO plugin v23.9 - https:\/\/yoast.com\/wordpress\/plugins\/seo\/ -->\n<title>Exotic Scent Homme<\/title>\n<meta name=\"description\" content=\"Eksotisk\u0101 smar\u017ea EDP atveras ar svaigu aug\u013cu aug\u0161\u0113jo anan\u0101su, za\u013co not\u012bm, mandar\u012bnu apels\u012bnu, papaiju, bergamotes, kardamona, citrona not\u012bm, dodot ce\u013cu uz saldaj\u0101m ziedu vidus not\u012bm \u2013 muskatriekstu, violetu, Orrisa sakni, jasm\u012bnu, maijpu\u0137\u012bti, Roze, baltie\" \/>\n<meta name=\"robots\" content=\"index, follow, max-snippet:-1, max-image-preview:large, max-video-preview:-1\" \/>\n<link rel=\"canonical\" href=\"https:\/\/women.lv\/ru\/product\/exotic-scent-homme\/\" \/>\n<meta property=\"og:locale\" content=\"ru_RU\" \/>\n<meta property=\"og:type\" content=\"article\" \/>\n<meta property=\"og:title\" content=\"Exotic Scent Homme\" \/>\n<meta property=\"og:description\" content=\"Eksotisk\u0101 smar\u017ea EDP atveras ar svaigu aug\u013cu aug\u0161\u0113jo anan\u0101su, za\u013co not\u012bm, mandar\u012bnu apels\u012bnu, papaiju, bergamotes, kardamona, citrona not\u012bm, dodot ce\u013cu uz saldaj\u0101m ziedu vidus not\u012bm \u2013 muskatriekstu, violetu, Orrisa sakni, jasm\u012bnu, maijpu\u0137\u012bti, Roze, baltie\" \/>\n<meta property=\"og:url\" content=\"https:\/\/women.lv\/ru\/product\/exotic-scent-homme\/\" \/>\n<meta property=\"og:site_name\" content=\"Women Veikals\" \/>\n<meta property=\"article:modified_time\" content=\"2025-11-05T13:26:36+00:00\" \/>\n<meta property=\"og:image\" content=\"https:\/\/women.lv\/wp-content\/uploads\/nc\/catalog\/United-Arab-Emirates\/Louis-Cardin\/For-Him\/exotic-scent-homme-100ml.png\" \/>\n\t<meta property=\"og:image:width\" content=\"1022\" \/>\n\t<meta property=\"og:image:height\" content=\"1027\" \/>\n\t<meta property=\"og:image:type\" content=\"image\/png\" \/>\n<meta name=\"twitter:card\" content=\"summary_large_image\" \/>\n<meta name=\"twitter:label1\" content=\"\u041f\u0440\u0438\u043c\u0435\u0440\u043d\u043e\u0435 \u0432\u0440\u0435\u043c\u044f \u0434\u043b\u044f \u0447\u0442\u0435\u043d\u0438\u044f\" \/>\n\t<meta name=\"twitter:data1\" content=\"1 \u043c\u0438\u043d\u0443\u0442\u0430\" \/>\n<script type=\"application\/ld+json\" class=\"yoast-schema-graph\">{\"@context\":\"https:\/\/schema.org\",\"@graph\":[{\"@type\":\"WebPage\",\"@id\":\"https:\/\/women.lv\/product\/exotic-scent-homme\/\",\"url\":\"https:\/\/women.lv\/product\/exotic-scent-homme\/\",\"name\":\"Exotic Scent Homme\",\"isPartOf\":{\"@id\":\"https:\/\/women.lv\/#website\"},\"primaryImageOfPage\":{\"@id\":\"https:\/\/women.lv\/product\/exotic-scent-homme\/#primaryimage\"},\"image\":{\"@id\":\"https:\/\/women.lv\/product\/exotic-scent-homme\/#primaryimage\"},\"thumbnailUrl\":\"https:\/\/women.lv\/wp-content\/uploads\/nc\/catalog\/United-Arab-Emirates\/Louis-Cardin\/For-Him\/exotic-scent-homme-100ml.png\",\"datePublished\":\"2024-09-24T23:00:16+00:00\",\"dateModified\":\"2025-11-05T13:26:36+00:00\",\"description\":\"Eksotisk\u0101 smar\u017ea EDP atveras ar svaigu aug\u013cu aug\u0161\u0113jo anan\u0101su, za\u013co not\u012bm, mandar\u012bnu apels\u012bnu, papaiju, bergamotes, kardamona, citrona not\u012bm, dodot ce\u013cu uz saldaj\u0101m ziedu vidus not\u012bm \u2013 muskatriekstu, violetu, Orrisa sakni, jasm\u012bnu, maijpu\u0137\u012bti, Roze, baltie\",\"breadcrumb\":{\"@id\":\"https:\/\/women.lv\/product\/exotic-scent-homme\/#breadcrumb\"},\"inLanguage\":\"ru-RU\",\"potentialAction\":[{\"@type\":\"ReadAction\",\"target\":[\"https:\/\/women.lv\/product\/exotic-scent-homme\/\"]}]},{\"@type\":\"ImageObject\",\"inLanguage\":\"ru-RU\",\"@id\":\"https:\/\/women.lv\/product\/exotic-scent-homme\/#primaryimage\",\"url\":\"https:\/\/women.lv\/wp-content\/uploads\/nc\/catalog\/United-Arab-Emirates\/Louis-Cardin\/For-Him\/exotic-scent-homme-100ml.png\",\"contentUrl\":\"https:\/\/women.lv\/wp-content\/uploads\/nc\/catalog\/United-Arab-Emirates\/Louis-Cardin\/For-Him\/exotic-scent-homme-100ml.png\",\"width\":1022,\"height\":1027,\"caption\":\"Exotic Scent Homme\"},{\"@type\":\"BreadcrumbList\",\"@id\":\"https:\/\/women.lv\/product\/exotic-scent-homme\/#breadcrumb\",\"itemListElement\":[{\"@type\":\"ListItem\",\"position\":1,\"name\":\"Home\",\"item\":\"https:\/\/women.lv\/\"},{\"@type\":\"ListItem\",\"position\":2,\"name\":\"Products\",\"item\":\"https:\/\/women.lv\/en\/shop\/\"},{\"@type\":\"ListItem\",\"position\":3,\"name\":\"Exotic Scent Homme\"}]},{\"@type\":\"WebSite\",\"@id\":\"https:\/\/women.lv\/#website\",\"url\":\"https:\/\/women.lv\/\",\"name\":\"Women Veikals\",\"description\":\"Uzdr\u012bksties b\u016bt skaista\",\"potentialAction\":[{\"@type\":\"SearchAction\",\"target\":{\"@type\":\"EntryPoint\",\"urlTemplate\":\"https:\/\/women.lv\/?s={search_term_string}\"},\"query-input\":{\"@type\":\"PropertyValueSpecification\",\"valueRequired\":true,\"valueName\":\"search_term_string\"}}],\"inLanguage\":\"ru-RU\"}]}<\/script>\n<!-- \/ Yoast SEO plugin. -->","yoast_head_json":{"title":"Exotic Scent Homme","description":"Eksotisk\u0101 smar\u017ea EDP atveras ar svaigu aug\u013cu aug\u0161\u0113jo anan\u0101su, za\u013co not\u012bm, mandar\u012bnu apels\u012bnu, papaiju, bergamotes, kardamona, citrona not\u012bm, dodot ce\u013cu uz saldaj\u0101m ziedu vidus not\u012bm \u2013 muskatriekstu, violetu, Orrisa sakni, jasm\u012bnu, maijpu\u0137\u012bti, Roze, baltie","robots":{"index":"index","follow":"follow","max-snippet":"max-snippet:-1","max-image-preview":"max-image-preview:large","max-video-preview":"max-video-preview:-1"},"canonical":"https:\/\/women.lv\/ru\/product\/exotic-scent-homme\/","og_locale":"ru_RU","og_type":"article","og_title":"Exotic Scent Homme","og_description":"Eksotisk\u0101 smar\u017ea EDP atveras ar svaigu aug\u013cu aug\u0161\u0113jo anan\u0101su, za\u013co not\u012bm, mandar\u012bnu apels\u012bnu, papaiju, bergamotes, kardamona, citrona not\u012bm, dodot ce\u013cu uz saldaj\u0101m ziedu vidus not\u012bm \u2013 muskatriekstu, violetu, Orrisa sakni, jasm\u012bnu, maijpu\u0137\u012bti, Roze, baltie","og_url":"https:\/\/women.lv\/ru\/product\/exotic-scent-homme\/","og_site_name":"Women Veikals","article_modified_time":"2025-11-05T13:26:36+00:00","og_image":[{"width":1022,"height":1027,"url":"https:\/\/women.lv\/wp-content\/uploads\/nc\/catalog\/United-Arab-Emirates\/Louis-Cardin\/For-Him\/exotic-scent-homme-100ml.png","type":"image\/png"}],"twitter_card":"summary_large_image","twitter_misc":{"\u041f\u0440\u0438\u043c\u0435\u0440\u043d\u043e\u0435 \u0432\u0440\u0435\u043c\u044f \u0434\u043b\u044f \u0447\u0442\u0435\u043d\u0438\u044f":"1 \u043c\u0438\u043d\u0443\u0442\u0430"},"schema":{"@context":"https:\/\/schema.org","@graph":[{"@type":"WebPage","@id":"https:\/\/women.lv\/product\/exotic-scent-homme\/","url":"https:\/\/women.lv\/product\/exotic-scent-homme\/","name":"Exotic Scent Homme","isPartOf":{"@id":"https:\/\/women.lv\/#website"},"primaryImageOfPage":{"@id":"https:\/\/women.lv\/product\/exotic-scent-homme\/#primaryimage"},"image":{"@id":"https:\/\/women.lv\/product\/exotic-scent-homme\/#primaryimage"},"thumbnailUrl":"https:\/\/women.lv\/wp-content\/uploads\/nc\/catalog\/United-Arab-Emirates\/Louis-Cardin\/For-Him\/exotic-scent-homme-100ml.png","datePublished":"2024-09-24T23:00:16+00:00","dateModified":"2025-11-05T13:26:36+00:00","description":"Eksotisk\u0101 smar\u017ea EDP atveras ar svaigu aug\u013cu aug\u0161\u0113jo anan\u0101su, za\u013co not\u012bm, mandar\u012bnu apels\u012bnu, papaiju, bergamotes, kardamona, citrona not\u012bm, dodot ce\u013cu uz saldaj\u0101m ziedu vidus not\u012bm \u2013 muskatriekstu, violetu, Orrisa sakni, jasm\u012bnu, maijpu\u0137\u012bti, Roze, baltie","breadcrumb":{"@id":"https:\/\/women.lv\/product\/exotic-scent-homme\/#breadcrumb"},"inLanguage":"ru-RU","potentialAction":[{"@type":"ReadAction","target":["https:\/\/women.lv\/product\/exotic-scent-homme\/"]}]},{"@type":"ImageObject","inLanguage":"ru-RU","@id":"https:\/\/women.lv\/product\/exotic-scent-homme\/#primaryimage","url":"https:\/\/women.lv\/wp-content\/uploads\/nc\/catalog\/United-Arab-Emirates\/Louis-Cardin\/For-Him\/exotic-scent-homme-100ml.png","contentUrl":"https:\/\/women.lv\/wp-content\/uploads\/nc\/catalog\/United-Arab-Emirates\/Louis-Cardin\/For-Him\/exotic-scent-homme-100ml.png","width":1022,"height":1027,"caption":"Exotic Scent Homme"},{"@type":"BreadcrumbList","@id":"https:\/\/women.lv\/product\/exotic-scent-homme\/#breadcrumb","itemListElement":[{"@type":"ListItem","position":1,"name":"Home","item":"https:\/\/women.lv\/"},{"@type":"ListItem","position":2,"name":"Products","item":"https:\/\/women.lv\/en\/shop\/"},{"@type":"ListItem","position":3,"name":"Exotic Scent Homme"}]},{"@type":"WebSite","@id":"https:\/\/women.lv\/#website","url":"https:\/\/women.lv\/","name":"Women Veikals","description":"Uzdr\u012bksties b\u016bt skaista","potentialAction":[{"@type":"SearchAction","target":{"@type":"EntryPoint","urlTemplate":"https:\/\/women.lv\/?s={search_term_string}"},"query-input":{"@type":"PropertyValueSpecification","valueRequired":true,"valueName":"search_term_string"}}],"inLanguage":"ru-RU"}]}},"_links":{"self":[{"href":"https:\/\/women.lv\/ru\/wp-json\/wp\/v2\/product\/28975","targetHints":{"allow":["GET"]}}],"collection":[{"href":"https:\/\/women.lv\/ru\/wp-json\/wp\/v2\/product"}],"about":[{"href":"https:\/\/women.lv\/ru\/wp-json\/wp\/v2\/types\/product"}],"replies":[{"embeddable":true,"href":"https:\/\/women.lv\/ru\/wp-json\/wp\/v2\/comments?post=28975"}],"version-history":[{"count":2,"href":"https:\/\/women.lv\/ru\/wp-json\/wp\/v2\/product\/28975\/revisions"}],"predecessor-version":[{"id":29488,"href":"https:\/\/women.lv\/ru\/wp-json\/wp\/v2\/product\/28975\/revisions\/29488"}],"wp:featuredmedia":[{"embeddable":true,"href":"https:\/\/women.lv\/ru\/wp-json\/wp\/v2\/media\/28976"}],"wp:attachment":[{"href":"https:\/\/women.lv\/ru\/wp-json\/wp\/v2\/media?parent=28975"}],"wp:term":[{"taxonomy":"product_brand","embeddable":true,"href":"https:\/\/women.lv\/ru\/wp-json\/wp\/v2\/product_brand?post=28975"},{"taxonomy":"product_cat","embeddable":true,"href":"https:\/\/women.lv\/ru\/wp-json\/wp\/v2\/product_cat?post=28975"},{"taxonomy":"product_tag","embeddable":true,"href":"https:\/\/women.lv\/ru\/wp-json\/wp\/v2\/product_tag?post=28975"}],"curies":[{"name":"wp","href":"https:\/\/api.w.org\/{rel}","templated":true}]}}