{"id":28959,"date":"2024-08-23T21:47:56","date_gmt":"2024-08-23T21:47:56","guid":{"rendered":"https:\/\/women.lv\/?product=sieviesu-rullejamais-dezodorants"},"modified":"2025-11-05T13:26:31","modified_gmt":"2025-11-05T13:26:31","slug":"sieviesu-dezodorants-roll-on","status":"publish","type":"product","link":"https:\/\/women.lv\/ru\/product\/sieviesu-dezodorants-roll-on\/","title":{"rendered":"\u0416\u0435\u043d\u0441\u043a\u0438\u0439 \u0448\u0430\u0440\u0438\u043a\u043e\u0432\u044b\u0439 \u0434\u0435\u0437\u043e\u0434\u043e\u0440\u0430\u043d\u0442"},"content":{"rendered":"<p><span style=\"font-family: Helvetica;\"><span style=\"font-size: 18px;\"><b>LAVILIN &#8211; LAB\u0100K\u0100 PERSON\u012aG\u0100 APR\u016aPE darbojas ar j\u016bsu \u0137ermeni, nevis pret to.<\/b><\/span><\/span><\/p>\n<p><span style=\"font-family: Helvetica;\"><span style=\"font-size: 18px;\">Neitraliz\u0113jot smaku izraiso\u0161\u0101s bakt\u0113rijas, m\u0113s atbalst\u0101m j\u016bsu \u0137erme\u0146a dabisk\u0101s sist\u0113mas, nodro\u0161inot proakt\u012bvu aizsardz\u012bbu pret smaku, neaizsprostot poras, nekairinot \u0101du un neizmantojot skarbas sast\u0101vda\u013cas, kas atrodamas citos dezodorantos.<\/span><\/span><\/p>\n<p><span style=\"font-family: Helvetica;\"><span style=\"font-size: 18px;\">T\u0101pat k\u0101 jebkurai sk\u016btai \u0101dai, j\u016bsu paduses ir j\u0101kondicion\u0113 un j\u0101nomierina \u2014 t\u0101 ir jut\u012bga \u0137erme\u0146a zona, un t\u0101 ir j\u0101kopj. <b>Lavilin satur maigus augu un augu ekstraktus, kas kondicion\u0113, \u200b\u200bmitrina un aizsarg\u0101 j\u016bsu maigo padu\u0161u \u0101du.<\/b> Arom\u0101ts ir neitr\u0101ls un nesaskarsies ar j\u016bsu smar\u017e\u0101m.<\/span><\/span><\/p>\n<ul>\n<li><span style=\"font-family: Helvetica;\"><span style=\"font-size: 18px;\">P\u0101rbaud\u012bts un pier\u0101d\u012bts, ka tas ir efekt\u012bvs<\/span><\/span><\/li>\n<li><span style=\"font-family: Helvetica;\"><span style=\"font-size: 18px;\">Izstr\u0101d\u0101ts sportistiem<\/span><\/span><\/li>\n<li><span style=\"font-family: Helvetica;\"><span style=\"font-size: 18px;\">Akt\u012bv\u0101s dab\u012bg\u0101s sast\u0101vda\u013cas<\/span><\/span><\/li>\n<\/ul>\n<p><span style=\"font-family: Helvetica;\"><span style=\"font-size: 18px;\"><b>BEZ ALUM\u012aNIJA, ALKOHOLA UN PARAB\u0112NIEM!<\/b><\/span><\/span><\/p>","protected":false},"excerpt":{"rendered":"<p>\u041b\u0410\u0412\u0418\u041b\u0418\u041d \u2013 \u041b\u0423\u0427\u0428\u0418\u0419 \u0423\u0425\u041e\u0414 \u0417\u0410 \u041b\u0418\u0427\u041d\u041e\u0421\u0422\u042c\u042e \u0440\u0430\u0431\u043e\u0442\u0430\u0435\u0442 \u0432\u043c\u0435\u0441\u0442\u0435 \u0441 \u0432\u0430\u0448\u0438\u043c \u0442\u0435\u043b\u043e\u043c, \u0430 \u043d\u0435 \u043f\u0440\u043e\u0442\u0438\u0432 \u043d\u0435\u0433\u043e. \u041d\u0435\u0439\u0442\u0440\u0430\u043b\u0438\u0437\u0443\u044f \u0431\u0430\u043a\u0442\u0435\u0440\u0438\u0438, \u0432\u044b\u0437\u044b\u0432\u0430\u044e\u0449\u0438\u0435 \u043d\u0435\u043f\u0440\u0438\u044f\u0442\u043d\u044b\u0439 \u0437\u0430\u043f\u0430\u0445, \u043c\u044b \u043f\u043e\u0434\u0434\u0435\u0440\u0436\u0438\u0432\u0430\u0435\u043c \u0432\u0430\u0448\u0435 \u0442\u0435\u043b\u043e.<\/p>","protected":false},"featured_media":28960,"comment_status":"open","ping_status":"closed","template":"","meta":[],"product_brand":[],"product_cat":[2229,2208,2215],"product_tag":[2244,2243,3559,3693,3776,2245,3692],"class_list":{"0":"post-28959","1":"product","2":"type-product","3":"status-publish","4":"has-post-thumbnail","6":"product_cat-antiperspiranti-dezodoranti","7":"product_cat-kermena-kopsanas-lidzekii","8":"product_cat-visi-produkti","9":"product_tag-israel","10":"product_tag-izraela","11":"product_tag-lavilin","12":"product_tag-sieviesu-rullejamais-dezodorants","13":"product_tag-womens-roll-on-deodorant","14":"product_tag-2245","15":"product_tag-3692","16":"pa_brand_nc-lavilin","17":"pa_ean_nc-3775","18":"pa_ean_nc-israel","20":"first","21":"instock","22":"sale","23":"taxable","24":"shipping-taxable","25":"purchasable","26":"product-type-simple"},"yoast_head":"<!-- This site is optimized with the Yoast SEO plugin v27.5 - https:\/\/yoast.com\/product\/yoast-seo-wordpress\/ -->\n<title>Sievie\u0161u rull\u0113jamais dezodorants<\/title>\n<meta name=\"description\" content=\"Arom\u0101ts ir neitr\u0101ls un nesaskarsies ar j\u016bsu smar\u017e\u0101m.\" \/>\n<meta name=\"robots\" content=\"index, follow, max-snippet:-1, max-image-preview:large, max-video-preview:-1\" \/>\n<link rel=\"canonical\" href=\"https:\/\/women.lv\/ru\/product\/sieviesu-dezodorants-roll-on\/\" \/>\n<meta property=\"og:locale\" content=\"ru_RU\" \/>\n<meta property=\"og:type\" content=\"article\" \/>\n<meta property=\"og:title\" content=\"Sievie\u0161u rull\u0113jamais dezodorants\" \/>\n<meta property=\"og:description\" content=\"Arom\u0101ts ir neitr\u0101ls un nesaskarsies ar j\u016bsu smar\u017e\u0101m.\" \/>\n<meta property=\"og:url\" content=\"https:\/\/women.lv\/ru\/product\/sieviesu-dezodorants-roll-on\/\" \/>\n<meta property=\"og:site_name\" content=\"Women Veikals\" \/>\n<meta property=\"article:modified_time\" content=\"2025-11-05T13:26:31+00:00\" \/>\n<meta property=\"og:image\" content=\"https:\/\/women.lv\/wp-content\/uploads\/nc\/catalog\/Israel\/Lavilin\/Women-deodorant-roll-on.png\" \/>\n\t<meta property=\"og:image:width\" content=\"932\" \/>\n\t<meta property=\"og:image:height\" content=\"1026\" \/>\n\t<meta property=\"og:image:type\" content=\"image\/png\" \/>\n<meta name=\"twitter:card\" content=\"summary_large_image\" \/>\n<meta name=\"twitter:label1\" content=\"\u041f\u0440\u0438\u043c\u0435\u0440\u043d\u043e\u0435 \u0432\u0440\u0435\u043c\u044f \u0434\u043b\u044f \u0447\u0442\u0435\u043d\u0438\u044f\" \/>\n\t<meta name=\"twitter:data1\" content=\"1 \u043c\u0438\u043d\u0443\u0442\u0430\" \/>\n<script type=\"application\/ld+json\" class=\"yoast-schema-graph\">{\"@context\":\"https:\\\/\\\/schema.org\",\"@graph\":[{\"@type\":\"WebPage\",\"@id\":\"https:\\\/\\\/women.lv\\\/product\\\/sieviesu-dezodorants-roll-on\\\/\",\"url\":\"https:\\\/\\\/women.lv\\\/product\\\/sieviesu-dezodorants-roll-on\\\/\",\"name\":\"Sievie\u0161u rull\u0113jamais dezodorants\",\"isPartOf\":{\"@id\":\"https:\\\/\\\/women.lv\\\/#website\"},\"primaryImageOfPage\":{\"@id\":\"https:\\\/\\\/women.lv\\\/product\\\/sieviesu-dezodorants-roll-on\\\/#primaryimage\"},\"image\":{\"@id\":\"https:\\\/\\\/women.lv\\\/product\\\/sieviesu-dezodorants-roll-on\\\/#primaryimage\"},\"thumbnailUrl\":\"https:\\\/\\\/women.lv\\\/wp-content\\\/uploads\\\/nc\\\/catalog\\\/Israel\\\/Lavilin\\\/Women-deodorant-roll-on.png\",\"datePublished\":\"2024-08-23T21:47:56+00:00\",\"dateModified\":\"2025-11-05T13:26:31+00:00\",\"description\":\"Arom\u0101ts ir neitr\u0101ls un nesaskarsies ar j\u016bsu smar\u017e\u0101m.\",\"breadcrumb\":{\"@id\":\"https:\\\/\\\/women.lv\\\/product\\\/sieviesu-dezodorants-roll-on\\\/#breadcrumb\"},\"inLanguage\":\"ru-RU\",\"potentialAction\":[{\"@type\":\"ReadAction\",\"target\":[\"https:\\\/\\\/women.lv\\\/product\\\/sieviesu-dezodorants-roll-on\\\/\"]}]},{\"@type\":\"ImageObject\",\"inLanguage\":\"ru-RU\",\"@id\":\"https:\\\/\\\/women.lv\\\/product\\\/sieviesu-dezodorants-roll-on\\\/#primaryimage\",\"url\":\"https:\\\/\\\/women.lv\\\/wp-content\\\/uploads\\\/nc\\\/catalog\\\/Israel\\\/Lavilin\\\/Women-deodorant-roll-on.png\",\"contentUrl\":\"https:\\\/\\\/women.lv\\\/wp-content\\\/uploads\\\/nc\\\/catalog\\\/Israel\\\/Lavilin\\\/Women-deodorant-roll-on.png\",\"width\":932,\"height\":1026,\"caption\":\"Sievie\u0161u rull\u0113jamais dezodorants\"},{\"@type\":\"BreadcrumbList\",\"@id\":\"https:\\\/\\\/women.lv\\\/product\\\/sieviesu-dezodorants-roll-on\\\/#breadcrumb\",\"itemListElement\":[{\"@type\":\"ListItem\",\"position\":1,\"name\":\"Home\",\"item\":\"https:\\\/\\\/women.lv\\\/\"},{\"@type\":\"ListItem\",\"position\":2,\"name\":\"Products\",\"item\":\"https:\\\/\\\/women.lv\\\/en\\\/shop\\\/\"},{\"@type\":\"ListItem\",\"position\":3,\"name\":\"Sievie\u0161u rull\u0113jamais dezodorants\"}]},{\"@type\":\"WebSite\",\"@id\":\"https:\\\/\\\/women.lv\\\/#website\",\"url\":\"https:\\\/\\\/women.lv\\\/\",\"name\":\"Women Veikals\",\"description\":\"Uzdr\u012bksties b\u016bt skaista\",\"potentialAction\":[{\"@type\":\"SearchAction\",\"target\":{\"@type\":\"EntryPoint\",\"urlTemplate\":\"https:\\\/\\\/women.lv\\\/?s={search_term_string}\"},\"query-input\":{\"@type\":\"PropertyValueSpecification\",\"valueRequired\":true,\"valueName\":\"search_term_string\"}}],\"inLanguage\":\"ru-RU\"}]}<\/script>\n<!-- \/ Yoast SEO plugin. -->","yoast_head_json":{"title":"\u0416\u0435\u043d\u0441\u043a\u0438\u0439 \u0448\u0430\u0440\u0438\u043a\u043e\u0432\u044b\u0439 \u0434\u0435\u0437\u043e\u0434\u043e\u0440\u0430\u043d\u0442","description":"Arom\u0101ts ir neitr\u0101ls un nesaskarsies ar j\u016bsu smar\u017e\u0101m.","robots":{"index":"index","follow":"follow","max-snippet":"max-snippet:-1","max-image-preview":"max-image-preview:large","max-video-preview":"max-video-preview:-1"},"canonical":"https:\/\/women.lv\/ru\/product\/sieviesu-dezodorants-roll-on\/","og_locale":"ru_RU","og_type":"article","og_title":"Sievie\u0161u rull\u0113jamais dezodorants","og_description":"Arom\u0101ts ir neitr\u0101ls un nesaskarsies ar j\u016bsu smar\u017e\u0101m.","og_url":"https:\/\/women.lv\/ru\/product\/sieviesu-dezodorants-roll-on\/","og_site_name":"Women Veikals","article_modified_time":"2025-11-05T13:26:31+00:00","og_image":[{"width":932,"height":1026,"url":"https:\/\/women.lv\/wp-content\/uploads\/nc\/catalog\/Israel\/Lavilin\/Women-deodorant-roll-on.png","type":"image\/png"}],"twitter_card":"summary_large_image","twitter_misc":{"\u041f\u0440\u0438\u043c\u0435\u0440\u043d\u043e\u0435 \u0432\u0440\u0435\u043c\u044f \u0434\u043b\u044f \u0447\u0442\u0435\u043d\u0438\u044f":"1 \u043c\u0438\u043d\u0443\u0442\u0430"},"schema":{"@context":"https:\/\/schema.org","@graph":[{"@type":"WebPage","@id":"https:\/\/women.lv\/product\/sieviesu-dezodorants-roll-on\/","url":"https:\/\/women.lv\/product\/sieviesu-dezodorants-roll-on\/","name":"\u0416\u0435\u043d\u0441\u043a\u0438\u0439 \u0448\u0430\u0440\u0438\u043a\u043e\u0432\u044b\u0439 \u0434\u0435\u0437\u043e\u0434\u043e\u0440\u0430\u043d\u0442","isPartOf":{"@id":"https:\/\/women.lv\/#website"},"primaryImageOfPage":{"@id":"https:\/\/women.lv\/product\/sieviesu-dezodorants-roll-on\/#primaryimage"},"image":{"@id":"https:\/\/women.lv\/product\/sieviesu-dezodorants-roll-on\/#primaryimage"},"thumbnailUrl":"https:\/\/women.lv\/wp-content\/uploads\/nc\/catalog\/Israel\/Lavilin\/Women-deodorant-roll-on.png","datePublished":"2024-08-23T21:47:56+00:00","dateModified":"2025-11-05T13:26:31+00:00","description":"Arom\u0101ts ir neitr\u0101ls un nesaskarsies ar j\u016bsu smar\u017e\u0101m.","breadcrumb":{"@id":"https:\/\/women.lv\/product\/sieviesu-dezodorants-roll-on\/#breadcrumb"},"inLanguage":"ru-RU","potentialAction":[{"@type":"ReadAction","target":["https:\/\/women.lv\/product\/sieviesu-dezodorants-roll-on\/"]}]},{"@type":"ImageObject","inLanguage":"ru-RU","@id":"https:\/\/women.lv\/product\/sieviesu-dezodorants-roll-on\/#primaryimage","url":"https:\/\/women.lv\/wp-content\/uploads\/nc\/catalog\/Israel\/Lavilin\/Women-deodorant-roll-on.png","contentUrl":"https:\/\/women.lv\/wp-content\/uploads\/nc\/catalog\/Israel\/Lavilin\/Women-deodorant-roll-on.png","width":932,"height":1026,"caption":"Sievie\u0161u rull\u0113jamais dezodorants"},{"@type":"BreadcrumbList","@id":"https:\/\/women.lv\/product\/sieviesu-dezodorants-roll-on\/#breadcrumb","itemListElement":[{"@type":"ListItem","position":1,"name":"Home","item":"https:\/\/women.lv\/"},{"@type":"ListItem","position":2,"name":"Products","item":"https:\/\/women.lv\/en\/shop\/"},{"@type":"ListItem","position":3,"name":"Sievie\u0161u rull\u0113jamais dezodorants"}]},{"@type":"WebSite","@id":"https:\/\/women.lv\/#website","url":"https:\/\/women.lv\/","name":"\u041c\u0430\u0433\u0430\u0437\u0438\u043d Women","description":"Uzdr\u012bksties b\u016bt skaista","potentialAction":[{"@type":"SearchAction","target":{"@type":"EntryPoint","urlTemplate":"https:\/\/women.lv\/?s={search_term_string}"},"query-input":{"@type":"PropertyValueSpecification","valueRequired":true,"valueName":"search_term_string"}}],"inLanguage":"ru-RU"}]}},"_links":{"self":[{"href":"https:\/\/women.lv\/ru\/wp-json\/wp\/v2\/product\/28959","targetHints":{"allow":["GET"]}}],"collection":[{"href":"https:\/\/women.lv\/ru\/wp-json\/wp\/v2\/product"}],"about":[{"href":"https:\/\/women.lv\/ru\/wp-json\/wp\/v2\/types\/product"}],"replies":[{"embeddable":true,"href":"https:\/\/women.lv\/ru\/wp-json\/wp\/v2\/comments?post=28959"}],"version-history":[{"count":0,"href":"https:\/\/women.lv\/ru\/wp-json\/wp\/v2\/product\/28959\/revisions"}],"wp:featuredmedia":[{"embeddable":true,"href":"https:\/\/women.lv\/ru\/wp-json\/wp\/v2\/media\/28960"}],"wp:attachment":[{"href":"https:\/\/women.lv\/ru\/wp-json\/wp\/v2\/media?parent=28959"}],"wp:term":[{"taxonomy":"product_brand","embeddable":true,"href":"https:\/\/women.lv\/ru\/wp-json\/wp\/v2\/product_brand?post=28959"},{"taxonomy":"product_cat","embeddable":true,"href":"https:\/\/women.lv\/ru\/wp-json\/wp\/v2\/product_cat?post=28959"},{"taxonomy":"product_tag","embeddable":true,"href":"https:\/\/women.lv\/ru\/wp-json\/wp\/v2\/product_tag?post=28959"}],"curies":[{"name":"wp","href":"https:\/\/api.w.org\/{rel}","templated":true}]}}