{"id":28944,"date":"2024-07-04T16:38:10","date_gmt":"2024-07-04T16:38:10","guid":{"rendered":"https:\/\/women.lv\/?product=fresija"},"modified":"2025-11-05T13:26:40","modified_gmt":"2025-11-05T13:26:40","slug":"fresija","status":"publish","type":"product","link":"https:\/\/women.lv\/ru\/product\/fresija\/","title":{"rendered":"\u0424\u0440\u0435\u0437\u0438\u044f"},"content":{"rendered":"<p><span style=\"font-family: Helvetica;\"><span style=\"font-size: 18px;\">Fressia Body Mist s\u0101kas ar ziedu smar\u017eu ar svaigiem madar\u012bna, gur\u0137u, zeme\u0146u un melones arom\u0101tiem, dodot vietu vijol\u012btes, ro\u017eu, jasm\u012bna, za\u013c\u0101s notis. Pamata notis dzintara, vani\u013cas, sandalkoka un balt\u0101 muskusa notis.<\/span><\/span><\/p>","protected":false},"excerpt":{"rendered":"<p>Fressia Body Mist \u043d\u0430\u0447\u0438\u043d\u0430\u0435\u0442\u0441\u044f \u0446\u0432\u0435\u0442\u043e\u0447\u043d\u044b\u043c \u0430\u0440\u043e\u043c\u0430\u0442\u043e\u043c \u0441\u043e \u0441\u0432\u0435\u0436\u0438\u043c\u0438 \u043d\u043e\u0442\u0430\u043c\u0438 \u043c\u0430\u0434\u0430\u0440\u0438\u043d\u0430, \u043e\u0433\u0443\u0440\u0446\u0430, \u043a\u043b\u0443\u0431\u043d\u0438\u043a\u0438 \u0438 \u0434\u044b\u043d\u0438, \u0441\u043c\u0435\u043d\u044f\u044e\u0449\u0438\u043c\u0438\u0441\u044f \u043d\u043e\u0442\u0430\u043c\u0438 \u0444\u0438\u0430\u043b\u043a\u0438, \u0440\u043e\u0437\u044b, \u0436\u0430\u0441\u043c\u0438\u043d\u0430.<\/p>","protected":false},"featured_media":28945,"comment_status":"open","ping_status":"closed","template":"","meta":[],"product_brand":[],"product_cat":[2232,2233,2215],"product_tag":[3727,3722,3755,3754,3721,3726,3728,3756],"class_list":{"0":"post-28944","1":"product","2":"type-product","3":"status-publish","4":"has-post-thumbnail","6":"product_cat-aromats-lv","7":"product_cat-lv-body-mist","8":"product_cat-visi-produkti","9":"product_tag-apvienotie-arabu-emirati","10":"product_tag-body-mist","11":"product_tag-fresija","12":"product_tag-fressia","13":"product_tag-louis-cardin","14":"product_tag-united-arab-emirates","15":"product_tag-3728","16":"product_tag-3756","17":"pa_brand_nc-louis-cardin","18":"pa_ean_nc-3753","19":"pa_izcelsmes-valsts-united-arab-emirates","20":"pa_izveleties-tilpumu-250-ml","21":"pa_izveleties-tilpumu-3-ml","23":"first","24":"instock","25":"taxable","26":"shipping-taxable","27":"purchasable","28":"product-type-variable"},"yoast_head":"<!-- This site is optimized with the Yoast SEO plugin v23.9 - https:\/\/yoast.com\/wordpress\/plugins\/seo\/ -->\n<title>Fresija<\/title>\n<meta name=\"description\" content=\"Fressia Body Mist s\u0101kas ar ziedu smar\u017eu ar svaigiem madar\u012bna, gur\u0137u, zeme\u0146u un melones arom\u0101tiem, dodot vietu vijol\u012btes, ro\u017eu, jasm\u012bna, za\u013c\u0101s notis. Pamata notis dzintara, vani\u013cas, sandalkoka un balt\u0101 muskusa notis.\" \/>\n<meta name=\"robots\" content=\"index, follow, max-snippet:-1, max-image-preview:large, max-video-preview:-1\" \/>\n<link rel=\"canonical\" href=\"https:\/\/women.lv\/ru\/product\/fresija\/\" \/>\n<meta property=\"og:locale\" content=\"ru_RU\" \/>\n<meta property=\"og:type\" content=\"article\" \/>\n<meta property=\"og:title\" content=\"Fresija\" \/>\n<meta property=\"og:description\" content=\"Fressia Body Mist s\u0101kas ar ziedu smar\u017eu ar svaigiem madar\u012bna, gur\u0137u, zeme\u0146u un melones arom\u0101tiem, dodot vietu vijol\u012btes, ro\u017eu, jasm\u012bna, za\u013c\u0101s notis. Pamata notis dzintara, vani\u013cas, sandalkoka un balt\u0101 muskusa notis.\" \/>\n<meta property=\"og:url\" content=\"https:\/\/women.lv\/ru\/product\/fresija\/\" \/>\n<meta property=\"og:site_name\" content=\"Women Veikals\" \/>\n<meta property=\"article:modified_time\" content=\"2025-11-05T13:26:40+00:00\" \/>\n<meta property=\"og:image\" content=\"https:\/\/women.lv\/wp-content\/uploads\/nc\/catalog\/United-Arab-Emirates\/Louis-Cardin\/Body-mist\/freesia-1024x1024.jpg\" \/>\n\t<meta property=\"og:image:width\" content=\"1024\" \/>\n\t<meta property=\"og:image:height\" content=\"1024\" \/>\n\t<meta property=\"og:image:type\" content=\"image\/jpeg\" \/>\n<meta name=\"twitter:card\" content=\"summary_large_image\" \/>\n<meta name=\"twitter:label1\" content=\"\u041f\u0440\u0438\u043c\u0435\u0440\u043d\u043e\u0435 \u0432\u0440\u0435\u043c\u044f \u0434\u043b\u044f \u0447\u0442\u0435\u043d\u0438\u044f\" \/>\n\t<meta name=\"twitter:data1\" content=\"1 \u043c\u0438\u043d\u0443\u0442\u0430\" \/>\n<script type=\"application\/ld+json\" class=\"yoast-schema-graph\">{\"@context\":\"https:\/\/schema.org\",\"@graph\":[{\"@type\":\"WebPage\",\"@id\":\"https:\/\/women.lv\/product\/fresija\/\",\"url\":\"https:\/\/women.lv\/product\/fresija\/\",\"name\":\"Fresija\",\"isPartOf\":{\"@id\":\"https:\/\/women.lv\/#website\"},\"primaryImageOfPage\":{\"@id\":\"https:\/\/women.lv\/product\/fresija\/#primaryimage\"},\"image\":{\"@id\":\"https:\/\/women.lv\/product\/fresija\/#primaryimage\"},\"thumbnailUrl\":\"https:\/\/women.lv\/wp-content\/uploads\/nc\/catalog\/United-Arab-Emirates\/Louis-Cardin\/Body-mist\/freesia-1024x1024.jpg\",\"datePublished\":\"2024-07-04T16:38:10+00:00\",\"dateModified\":\"2025-11-05T13:26:40+00:00\",\"description\":\"Fressia Body Mist s\u0101kas ar ziedu smar\u017eu ar svaigiem madar\u012bna, gur\u0137u, zeme\u0146u un melones arom\u0101tiem, dodot vietu vijol\u012btes, ro\u017eu, jasm\u012bna, za\u013c\u0101s notis. Pamata notis dzintara, vani\u013cas, sandalkoka un balt\u0101 muskusa notis.\",\"breadcrumb\":{\"@id\":\"https:\/\/women.lv\/product\/fresija\/#breadcrumb\"},\"inLanguage\":\"ru-RU\",\"potentialAction\":[{\"@type\":\"ReadAction\",\"target\":[\"https:\/\/women.lv\/product\/fresija\/\"]}]},{\"@type\":\"ImageObject\",\"inLanguage\":\"ru-RU\",\"@id\":\"https:\/\/women.lv\/product\/fresija\/#primaryimage\",\"url\":\"https:\/\/women.lv\/wp-content\/uploads\/nc\/catalog\/United-Arab-Emirates\/Louis-Cardin\/Body-mist\/freesia-1024x1024.jpg\",\"contentUrl\":\"https:\/\/women.lv\/wp-content\/uploads\/nc\/catalog\/United-Arab-Emirates\/Louis-Cardin\/Body-mist\/freesia-1024x1024.jpg\",\"width\":1024,\"height\":1024,\"caption\":\"Fresija\"},{\"@type\":\"BreadcrumbList\",\"@id\":\"https:\/\/women.lv\/product\/fresija\/#breadcrumb\",\"itemListElement\":[{\"@type\":\"ListItem\",\"position\":1,\"name\":\"Home\",\"item\":\"https:\/\/women.lv\/\"},{\"@type\":\"ListItem\",\"position\":2,\"name\":\"Products\",\"item\":\"https:\/\/women.lv\/en\/shop\/\"},{\"@type\":\"ListItem\",\"position\":3,\"name\":\"Fresija\"}]},{\"@type\":\"WebSite\",\"@id\":\"https:\/\/women.lv\/#website\",\"url\":\"https:\/\/women.lv\/\",\"name\":\"Women Veikals\",\"description\":\"Uzdr\u012bksties b\u016bt skaista\",\"potentialAction\":[{\"@type\":\"SearchAction\",\"target\":{\"@type\":\"EntryPoint\",\"urlTemplate\":\"https:\/\/women.lv\/?s={search_term_string}\"},\"query-input\":{\"@type\":\"PropertyValueSpecification\",\"valueRequired\":true,\"valueName\":\"search_term_string\"}}],\"inLanguage\":\"ru-RU\"}]}<\/script>\n<!-- \/ Yoast SEO plugin. -->","yoast_head_json":{"title":"Fresija","description":"Fressia Body Mist s\u0101kas ar ziedu smar\u017eu ar svaigiem madar\u012bna, gur\u0137u, zeme\u0146u un melones arom\u0101tiem, dodot vietu vijol\u012btes, ro\u017eu, jasm\u012bna, za\u013c\u0101s notis. Pamata notis dzintara, vani\u013cas, sandalkoka un balt\u0101 muskusa notis.","robots":{"index":"index","follow":"follow","max-snippet":"max-snippet:-1","max-image-preview":"max-image-preview:large","max-video-preview":"max-video-preview:-1"},"canonical":"https:\/\/women.lv\/ru\/product\/fresija\/","og_locale":"ru_RU","og_type":"article","og_title":"Fresija","og_description":"Fressia Body Mist s\u0101kas ar ziedu smar\u017eu ar svaigiem madar\u012bna, gur\u0137u, zeme\u0146u un melones arom\u0101tiem, dodot vietu vijol\u012btes, ro\u017eu, jasm\u012bna, za\u013c\u0101s notis. Pamata notis dzintara, vani\u013cas, sandalkoka un balt\u0101 muskusa notis.","og_url":"https:\/\/women.lv\/ru\/product\/fresija\/","og_site_name":"Women Veikals","article_modified_time":"2025-11-05T13:26:40+00:00","og_image":[{"width":1024,"height":1024,"url":"https:\/\/women.lv\/wp-content\/uploads\/nc\/catalog\/United-Arab-Emirates\/Louis-Cardin\/Body-mist\/freesia-1024x1024.jpg","type":"image\/jpeg"}],"twitter_card":"summary_large_image","twitter_misc":{"\u041f\u0440\u0438\u043c\u0435\u0440\u043d\u043e\u0435 \u0432\u0440\u0435\u043c\u044f \u0434\u043b\u044f \u0447\u0442\u0435\u043d\u0438\u044f":"1 \u043c\u0438\u043d\u0443\u0442\u0430"},"schema":{"@context":"https:\/\/schema.org","@graph":[{"@type":"WebPage","@id":"https:\/\/women.lv\/product\/fresija\/","url":"https:\/\/women.lv\/product\/fresija\/","name":"Fresija","isPartOf":{"@id":"https:\/\/women.lv\/#website"},"primaryImageOfPage":{"@id":"https:\/\/women.lv\/product\/fresija\/#primaryimage"},"image":{"@id":"https:\/\/women.lv\/product\/fresija\/#primaryimage"},"thumbnailUrl":"https:\/\/women.lv\/wp-content\/uploads\/nc\/catalog\/United-Arab-Emirates\/Louis-Cardin\/Body-mist\/freesia-1024x1024.jpg","datePublished":"2024-07-04T16:38:10+00:00","dateModified":"2025-11-05T13:26:40+00:00","description":"Fressia Body Mist s\u0101kas ar ziedu smar\u017eu ar svaigiem madar\u012bna, gur\u0137u, zeme\u0146u un melones arom\u0101tiem, dodot vietu vijol\u012btes, ro\u017eu, jasm\u012bna, za\u013c\u0101s notis. Pamata notis dzintara, vani\u013cas, sandalkoka un balt\u0101 muskusa notis.","breadcrumb":{"@id":"https:\/\/women.lv\/product\/fresija\/#breadcrumb"},"inLanguage":"ru-RU","potentialAction":[{"@type":"ReadAction","target":["https:\/\/women.lv\/product\/fresija\/"]}]},{"@type":"ImageObject","inLanguage":"ru-RU","@id":"https:\/\/women.lv\/product\/fresija\/#primaryimage","url":"https:\/\/women.lv\/wp-content\/uploads\/nc\/catalog\/United-Arab-Emirates\/Louis-Cardin\/Body-mist\/freesia-1024x1024.jpg","contentUrl":"https:\/\/women.lv\/wp-content\/uploads\/nc\/catalog\/United-Arab-Emirates\/Louis-Cardin\/Body-mist\/freesia-1024x1024.jpg","width":1024,"height":1024,"caption":"Fresija"},{"@type":"BreadcrumbList","@id":"https:\/\/women.lv\/product\/fresija\/#breadcrumb","itemListElement":[{"@type":"ListItem","position":1,"name":"Home","item":"https:\/\/women.lv\/"},{"@type":"ListItem","position":2,"name":"Products","item":"https:\/\/women.lv\/en\/shop\/"},{"@type":"ListItem","position":3,"name":"Fresija"}]},{"@type":"WebSite","@id":"https:\/\/women.lv\/#website","url":"https:\/\/women.lv\/","name":"Women Veikals","description":"Uzdr\u012bksties b\u016bt skaista","potentialAction":[{"@type":"SearchAction","target":{"@type":"EntryPoint","urlTemplate":"https:\/\/women.lv\/?s={search_term_string}"},"query-input":{"@type":"PropertyValueSpecification","valueRequired":true,"valueName":"search_term_string"}}],"inLanguage":"ru-RU"}]}},"_links":{"self":[{"href":"https:\/\/women.lv\/ru\/wp-json\/wp\/v2\/product\/28944","targetHints":{"allow":["GET"]}}],"collection":[{"href":"https:\/\/women.lv\/ru\/wp-json\/wp\/v2\/product"}],"about":[{"href":"https:\/\/women.lv\/ru\/wp-json\/wp\/v2\/types\/product"}],"replies":[{"embeddable":true,"href":"https:\/\/women.lv\/ru\/wp-json\/wp\/v2\/comments?post=28944"}],"version-history":[{"count":1,"href":"https:\/\/women.lv\/ru\/wp-json\/wp\/v2\/product\/28944\/revisions"}],"predecessor-version":[{"id":29645,"href":"https:\/\/women.lv\/ru\/wp-json\/wp\/v2\/product\/28944\/revisions\/29645"}],"wp:featuredmedia":[{"embeddable":true,"href":"https:\/\/women.lv\/ru\/wp-json\/wp\/v2\/media\/28945"}],"wp:attachment":[{"href":"https:\/\/women.lv\/ru\/wp-json\/wp\/v2\/media?parent=28944"}],"wp:term":[{"taxonomy":"product_brand","embeddable":true,"href":"https:\/\/women.lv\/ru\/wp-json\/wp\/v2\/product_brand?post=28944"},{"taxonomy":"product_cat","embeddable":true,"href":"https:\/\/women.lv\/ru\/wp-json\/wp\/v2\/product_cat?post=28944"},{"taxonomy":"product_tag","embeddable":true,"href":"https:\/\/women.lv\/ru\/wp-json\/wp\/v2\/product_tag?post=28944"}],"curies":[{"name":"wp","href":"https:\/\/api.w.org\/{rel}","templated":true}]}}