{"id":28928,"date":"2024-05-29T15:26:45","date_gmt":"2024-05-29T15:26:45","guid":{"rendered":"https:\/\/women.lv\/?product=pretgrumbu-dienas-krems-45"},"modified":"2026-04-22T07:34:42","modified_gmt":"2026-04-22T05:34:42","slug":"pretgrumbu-dienas-krems-45","status":"publish","type":"product","link":"https:\/\/women.lv\/ru\/product\/pretgrumbu-dienas-krems-45\/","title":{"rendered":"\u041a\u0440\u0435\u043c \u0434\u043d\u0435\u0432\u043d\u043e\u0439 \u043f\u0440\u043e\u0442\u0438\u0432 \u043c\u043e\u0440\u0449\u0438\u043d 45+"},"content":{"rendered":"<p><span style=\"font-family: Helvetica;\"><span style=\"font-size: 18px;\"><b>\u041a\u0440\u0435\u043c \u0434\u043d\u0435\u0432\u043d\u043e\u0439 \u043f\u0440\u043e\u0442\u0438\u0432 \u043c\u043e\u0440\u0449\u0438\u043d 45+<\/b> \u2014 \u0430\u043d\u0442\u0438\u0432\u043e\u0437\u0440\u0430\u0441\u0442\u043d\u043e\u0439 \u0434\u043d\u0435\u0432\u043d\u043e\u0439 \u043a\u0440\u0435\u043c \u043d\u0430 \u043e\u0441\u043d\u043e\u0432\u0435 \u0447\u0435\u0440\u043d\u043e\u0433\u043e \u0436\u0435\u043c\u0447\u0443\u0433\u0430 \u0438 \u043c\u0438\u043d\u0435\u0440\u0430\u043b\u043e\u0432 \u041c\u0435\u0440\u0442\u0432\u043e\u0433\u043e \u043c\u043e\u0440\u044f. \u041f\u043e\u043c\u043e\u0433\u0430\u0435\u0442 \u0438\u0437\u0431\u0430\u0432\u0438\u0442\u044c\u0441\u044f \u043e\u0442 \u043c\u0438\u043c\u0438\u0447\u0435\u0441\u043a\u0438\u0445 \u043c\u043e\u0440\u0449\u0438\u043d \u0438 \u043f\u0440\u0435\u0434\u043e\u0442\u0432\u0440\u0430\u0449\u0430\u0435\u0442 \u0438\u0445 \u043f\u043e\u044f\u0432\u043b\u0435\u043d\u0438\u0435, \u0441\u043e\u0445\u0440\u0430\u043d\u044f\u044f \u043a\u043e\u0436\u0443 \u043c\u043e\u043b\u043e\u0434\u043e\u0439 \u0438 \u043a\u0440\u0430\u0441\u0438\u0432\u043e\u0439.<\/span><\/span><\/p>\n<p><span style=\"font-size: 18px;\">\u041c\u0438\u043d\u0435\u0440\u0430\u043b\u044b \u041c\u0435\u0440\u0442\u0432\u043e\u0433\u043e \u043c\u043e\u0440\u044f \u0438\u043d\u0442\u0435\u043d\u0441\u0438\u0432\u043d\u043e \u043f\u0438\u0442\u0430\u044e\u0442 \u0438 \u0443\u0432\u043b\u0430\u0436\u043d\u044f\u044e\u0442 \u0441\u0442\u0430\u0440\u0435\u044e\u0449\u0443\u044e \u043a\u043e\u0436\u0443, \u0434\u0435\u043b\u0430\u044f \u0435\u0435 \u043c\u044f\u0433\u043a\u043e\u0439 \u0438 \u0431\u0430\u0440\u0445\u0430\u0442\u0438\u0441\u0442\u043e\u0439. \u041d\u0430\u0445\u043e\u0434\u044f\u0441\u044c \u0432 \u0441\u043e\u0441\u0442\u0430\u0432\u0435 \u043a\u0440\u0435\u043c\u0430, \u0447\u0435\u0440\u043d\u044b\u0439 \u0436\u0435\u043c\u0447\u0443\u0433 \u0430\u043a\u0442\u0438\u0432\u0438\u0437\u0438\u0440\u0443\u0435\u0442 \u043f\u0440\u043e\u0446\u0435\u0441\u0441\u044b \u0440\u0435\u0433\u0435\u043d\u0435\u0440\u0430\u0446\u0438\u0438. \u0421\u043f\u043e\u0441\u043e\u0431\u0441\u0442\u0432\u0443\u0435\u0442 \u0443\u0441\u043a\u043e\u0440\u0435\u043d\u043d\u043e\u0439 \u0440\u0435\u0433\u0435\u043d\u0435\u0440\u0430\u0446\u0438\u0438 \u043a\u043e\u0436\u0438. \u041f\u0440\u0435\u043a\u0440\u0430\u0441\u043d\u043e \u0440\u0430\u0437\u0433\u043b\u0430\u0436\u0438\u0432\u0430\u0435\u0442 \u043a\u043e\u0436\u0443 \u043b\u0438\u0446\u0430 \u0438 \u043f\u0440\u0438\u0434\u0430\u0435\u0442 \u0435\u0439 \u043d\u0435\u0436\u043d\u043e\u0435 \u0441\u0438\u044f\u043d\u0438\u0435.<\/span><\/p>\n<p><span style=\"font-size: 18px;\">\u041a\u0440\u0435\u043c \u0448\u0435\u043b\u043a\u043e\u0432\u0438\u0441\u0442\u043e\u0439 \u0442\u0435\u043a\u0441\u0442\u0443\u0440\u044b \u0431\u044b\u0441\u0442\u0440\u043e \u0432\u043f\u0438\u0442\u044b\u0432\u0430\u0435\u0442\u0441\u044f \u0438 \u043d\u0435 \u043e\u0441\u0442\u0430\u0432\u043b\u044f\u0435\u0442 \u0436\u0438\u0440\u043d\u043e\u0433\u043e \u0431\u043b\u0435\u0441\u043a\u0430, \u0438\u0434\u0435\u0430\u043b\u0435\u043d \u0432 \u043a\u0430\u0447\u0435\u0441\u0442\u0432\u0435 \u043e\u0441\u043d\u043e\u0432\u044b \u043f\u043e\u0434 \u043c\u0430\u043a\u0438\u044f\u0436.<\/span><\/p>\n<p><span style=\"font-size: 18px;\">\u041a\u0440\u0435\u043c \u0441\u043e\u0434\u0435\u0440\u0436\u0438\u0442 \u0441\u043e\u043b\u043d\u0446\u0435\u0437\u0430\u0449\u0438\u0442\u043d\u044b\u0439 \u0444\u0438\u043b\u044c\u0442\u0440 SPF 25.<\/span><\/p>\n<p><span style=\"font-size: 18px;\"><b>\u0410\u043a\u0442\u0438\u0432\u043d\u044b\u0435 \u0438\u043d\u0433\u0440\u0435\u0434\u0438\u0435\u043d\u0442\u044b:<\/b> \u041c\u0430\u0441\u043b\u043e \u0441\u0435\u043c\u044f\u043d \u0431\u0443\u0440\u0430\u0447\u043d\u0438\u043a\u0430, \u043c\u0430\u0441\u043b\u043e \u0441\u0435\u043c\u044f\u043d \u043f\u043e\u0434\u0441\u043e\u043b\u043d\u0435\u0447\u043d\u0438\u043a\u0430, \u044d\u043a\u0441\u0442\u0440\u0430\u043a\u0442 \u0446\u0432\u0435\u0442\u043a\u043e\u0432 \u043a\u0430\u043b\u0435\u043d\u0434\u0443\u043b\u044b \u043b\u0435\u043a\u0430\u0440\u0441\u0442\u0432\u0435\u043d\u043d\u043e\u0439, \u0436\u0435\u043c\u0447\u0443\u0436\u043d\u044b\u0439 \u043f\u043e\u0440\u043e\u0448\u043e\u043a, \u0441\u043e\u043b\u044c \u041c\u0435\u0440\u0442\u0432\u043e\u0433\u043e \u043c\u043e\u0440\u044f.<\/span><\/p>\n<p>&nbsp;<\/p>","protected":false},"excerpt":{"rendered":"<p>\u0414\u043d\u0435\u0432\u043d\u043e\u0439 \u043a\u0440\u0435\u043c \u043f\u0440\u043e\u0442\u0438\u0432 \u043c\u043e\u0440\u0449\u0438\u043d 45+ \u2013 \u0430\u043d\u0442\u0438\u0432\u043e\u0437\u0440\u0430\u0441\u0442\u043d\u043e\u0439 \u0434\u043d\u0435\u0432\u043d\u043e\u0439 \u043a\u0440\u0435\u043c \u043d\u0430 \u043e\u0441\u043d\u043e\u0432\u0435 \u0447\u0435\u0440\u043d\u043e\u0433\u043e \u0436\u0435\u043c\u0447\u0443\u0433\u0430 \u0438 \u043c\u0438\u043d\u0435\u0440\u0430\u043b\u043e\u0432 \u041c\u0435\u0440\u0442\u0432\u043e\u0433\u043e \u043c\u043e\u0440\u044f. \u041f\u043e\u043c\u043e\u0433\u0430\u0435\u0442 \u0438\u0437\u0431\u0430\u0432\u0438\u0442\u044c\u0441\u044f \u043e\u0442<\/p>","protected":false},"featured_media":28929,"comment_status":"open","ping_status":"closed","template":"","meta":[],"product_brand":[],"product_cat":[2212,2231,2201,2200,2203,2215],"product_tag":[2433,2244,2243,2717,2719,2718,2245],"class_list":{"0":"post-28928","1":"product","2":"type-product","3":"status-publish","4":"has-post-thumbnail","6":"product_cat-dienas-kremi","7":"product_cat-lv-on-sale","8":"product_cat-pretnovecosanas-un-pretgrumbu","9":"product_cat-sejas-kopsanas-lidzekli","10":"product_cat-sejas-kremi","11":"product_cat-visi-produkti","12":"product_tag-black-pearl-royalty","13":"product_tag-israel","14":"product_tag-izraela","15":"product_tag-perfect-day-cream-45","16":"product_tag-pretgrumbu-dienas-krems-45","17":"product_tag-----45","18":"product_tag-2245","19":"pa_brand_nc-black-pearl-royalty","20":"pa_ean_nc-3718","21":"pa_ean_nc-israel","23":"first","24":"instock","25":"sale","26":"taxable","27":"shipping-taxable","28":"purchasable","29":"product-type-simple"},"yoast_head":"<!-- This site is optimized with the Yoast SEO plugin v27.4 - https:\/\/yoast.com\/product\/yoast-seo-wordpress\/ -->\n<title>Pretgrumbu dienas kr\u0113ms 45+<\/title>\n<meta name=\"description\" content=\"Pretgrumbu dienas kr\u0113ms 45+ ir pretnoveco\u0161an\u0101s dienas kr\u0113ms, kura pamat\u0101 ir meln\u0101s p\u0113rles un N\u0101ves j\u016bras miner\u0101li. Pal\u012bdz atbr\u012bvoties no sejas grumb\u0101m un nov\u0113r\u0161 to par\u0101d\u012b\u0161anos, lai saglab\u0101tu j\u016bsu \u0101das jaun\u012bbu un skaistumu.\" \/>\n<meta name=\"robots\" content=\"index, follow, max-snippet:-1, max-image-preview:large, max-video-preview:-1\" \/>\n<link rel=\"canonical\" href=\"https:\/\/women.lv\/ru\/product\/pretgrumbu-dienas-krems-45\/\" \/>\n<meta property=\"og:locale\" content=\"ru_RU\" \/>\n<meta property=\"og:type\" content=\"article\" \/>\n<meta property=\"og:title\" content=\"Pretgrumbu dienas kr\u0113ms 45+\" \/>\n<meta property=\"og:description\" content=\"Pretgrumbu dienas kr\u0113ms 45+ ir pretnoveco\u0161an\u0101s dienas kr\u0113ms, kura pamat\u0101 ir meln\u0101s p\u0113rles un N\u0101ves j\u016bras miner\u0101li. Pal\u012bdz atbr\u012bvoties no sejas grumb\u0101m un nov\u0113r\u0161 to par\u0101d\u012b\u0161anos, lai saglab\u0101tu j\u016bsu \u0101das jaun\u012bbu un skaistumu.\" \/>\n<meta property=\"og:url\" content=\"https:\/\/women.lv\/ru\/product\/pretgrumbu-dienas-krems-45\/\" \/>\n<meta property=\"og:site_name\" content=\"Women Veikals\" \/>\n<meta property=\"article:modified_time\" content=\"2026-04-22T05:34:42+00:00\" \/>\n<meta property=\"og:image\" content=\"https:\/\/women.lv\/wp-content\/uploads\/nc\/catalog\/Black-Pearl-Royalty\/perfect-day-cream-45-spf-25.png\" \/>\n\t<meta property=\"og:image:width\" content=\"950\" \/>\n\t<meta property=\"og:image:height\" content=\"781\" \/>\n\t<meta property=\"og:image:type\" content=\"image\/png\" \/>\n<meta name=\"twitter:card\" content=\"summary_large_image\" \/>\n<meta name=\"twitter:label1\" content=\"\u041f\u0440\u0438\u043c\u0435\u0440\u043d\u043e\u0435 \u0432\u0440\u0435\u043c\u044f \u0434\u043b\u044f \u0447\u0442\u0435\u043d\u0438\u044f\" \/>\n\t<meta name=\"twitter:data1\" content=\"1 \u043c\u0438\u043d\u0443\u0442\u0430\" \/>\n<script type=\"application\/ld+json\" class=\"yoast-schema-graph\">{\"@context\":\"https:\\\/\\\/schema.org\",\"@graph\":[{\"@type\":\"WebPage\",\"@id\":\"https:\\\/\\\/women.lv\\\/product\\\/pretgrumbu-dienas-krems-45\\\/\",\"url\":\"https:\\\/\\\/women.lv\\\/product\\\/pretgrumbu-dienas-krems-45\\\/\",\"name\":\"Pretgrumbu dienas kr\u0113ms 45+\",\"isPartOf\":{\"@id\":\"https:\\\/\\\/women.lv\\\/#website\"},\"primaryImageOfPage\":{\"@id\":\"https:\\\/\\\/women.lv\\\/product\\\/pretgrumbu-dienas-krems-45\\\/#primaryimage\"},\"image\":{\"@id\":\"https:\\\/\\\/women.lv\\\/product\\\/pretgrumbu-dienas-krems-45\\\/#primaryimage\"},\"thumbnailUrl\":\"https:\\\/\\\/women.lv\\\/wp-content\\\/uploads\\\/nc\\\/catalog\\\/Black-Pearl-Royalty\\\/perfect-day-cream-45-spf-25.png\",\"datePublished\":\"2024-05-29T15:26:45+00:00\",\"dateModified\":\"2026-04-22T05:34:42+00:00\",\"description\":\"Pretgrumbu dienas kr\u0113ms 45+ ir pretnoveco\u0161an\u0101s dienas kr\u0113ms, kura pamat\u0101 ir meln\u0101s p\u0113rles un N\u0101ves j\u016bras miner\u0101li. Pal\u012bdz atbr\u012bvoties no sejas grumb\u0101m un nov\u0113r\u0161 to par\u0101d\u012b\u0161anos, lai saglab\u0101tu j\u016bsu \u0101das jaun\u012bbu un skaistumu.\",\"breadcrumb\":{\"@id\":\"https:\\\/\\\/women.lv\\\/product\\\/pretgrumbu-dienas-krems-45\\\/#breadcrumb\"},\"inLanguage\":\"ru-RU\",\"potentialAction\":[{\"@type\":\"ReadAction\",\"target\":[\"https:\\\/\\\/women.lv\\\/product\\\/pretgrumbu-dienas-krems-45\\\/\"]}]},{\"@type\":\"ImageObject\",\"inLanguage\":\"ru-RU\",\"@id\":\"https:\\\/\\\/women.lv\\\/product\\\/pretgrumbu-dienas-krems-45\\\/#primaryimage\",\"url\":\"https:\\\/\\\/women.lv\\\/wp-content\\\/uploads\\\/nc\\\/catalog\\\/Black-Pearl-Royalty\\\/perfect-day-cream-45-spf-25.png\",\"contentUrl\":\"https:\\\/\\\/women.lv\\\/wp-content\\\/uploads\\\/nc\\\/catalog\\\/Black-Pearl-Royalty\\\/perfect-day-cream-45-spf-25.png\",\"width\":950,\"height\":781,\"caption\":\"Pretgrumbu dienas kr\u0113ms 45+\"},{\"@type\":\"BreadcrumbList\",\"@id\":\"https:\\\/\\\/women.lv\\\/product\\\/pretgrumbu-dienas-krems-45\\\/#breadcrumb\",\"itemListElement\":[{\"@type\":\"ListItem\",\"position\":1,\"name\":\"Home\",\"item\":\"https:\\\/\\\/women.lv\\\/\"},{\"@type\":\"ListItem\",\"position\":2,\"name\":\"Products\",\"item\":\"https:\\\/\\\/women.lv\\\/en\\\/shop\\\/\"},{\"@type\":\"ListItem\",\"position\":3,\"name\":\"Pretgrumbu dienas kr\u0113ms 45+\"}]},{\"@type\":\"WebSite\",\"@id\":\"https:\\\/\\\/women.lv\\\/#website\",\"url\":\"https:\\\/\\\/women.lv\\\/\",\"name\":\"Women Veikals\",\"description\":\"Uzdr\u012bksties b\u016bt skaista\",\"potentialAction\":[{\"@type\":\"SearchAction\",\"target\":{\"@type\":\"EntryPoint\",\"urlTemplate\":\"https:\\\/\\\/women.lv\\\/?s={search_term_string}\"},\"query-input\":{\"@type\":\"PropertyValueSpecification\",\"valueRequired\":true,\"valueName\":\"search_term_string\"}}],\"inLanguage\":\"ru-RU\"}]}<\/script>\n<!-- \/ Yoast SEO plugin. -->","yoast_head_json":{"title":"\u041a\u0440\u0435\u043c \u0434\u043d\u0435\u0432\u043d\u043e\u0439 \u043f\u0440\u043e\u0442\u0438\u0432 \u043c\u043e\u0440\u0449\u0438\u043d 45+","description":"Pretgrumbu dienas kr\u0113ms 45+ ir pretnoveco\u0161an\u0101s dienas kr\u0113ms, kura pamat\u0101 ir meln\u0101s p\u0113rles un N\u0101ves j\u016bras miner\u0101li. Pal\u012bdz atbr\u012bvoties no sejas grumb\u0101m un nov\u0113r\u0161 to par\u0101d\u012b\u0161anos, lai saglab\u0101tu j\u016bsu \u0101das jaun\u012bbu un skaistumu.","robots":{"index":"index","follow":"follow","max-snippet":"max-snippet:-1","max-image-preview":"max-image-preview:large","max-video-preview":"max-video-preview:-1"},"canonical":"https:\/\/women.lv\/ru\/product\/pretgrumbu-dienas-krems-45\/","og_locale":"ru_RU","og_type":"article","og_title":"Pretgrumbu dienas kr\u0113ms 45+","og_description":"Pretgrumbu dienas kr\u0113ms 45+ ir pretnoveco\u0161an\u0101s dienas kr\u0113ms, kura pamat\u0101 ir meln\u0101s p\u0113rles un N\u0101ves j\u016bras miner\u0101li. Pal\u012bdz atbr\u012bvoties no sejas grumb\u0101m un nov\u0113r\u0161 to par\u0101d\u012b\u0161anos, lai saglab\u0101tu j\u016bsu \u0101das jaun\u012bbu un skaistumu.","og_url":"https:\/\/women.lv\/ru\/product\/pretgrumbu-dienas-krems-45\/","og_site_name":"Women Veikals","article_modified_time":"2026-04-22T05:34:42+00:00","og_image":[{"width":950,"height":781,"url":"https:\/\/women.lv\/wp-content\/uploads\/nc\/catalog\/Black-Pearl-Royalty\/perfect-day-cream-45-spf-25.png","type":"image\/png"}],"twitter_card":"summary_large_image","twitter_misc":{"\u041f\u0440\u0438\u043c\u0435\u0440\u043d\u043e\u0435 \u0432\u0440\u0435\u043c\u044f \u0434\u043b\u044f \u0447\u0442\u0435\u043d\u0438\u044f":"1 \u043c\u0438\u043d\u0443\u0442\u0430"},"schema":{"@context":"https:\/\/schema.org","@graph":[{"@type":"WebPage","@id":"https:\/\/women.lv\/product\/pretgrumbu-dienas-krems-45\/","url":"https:\/\/women.lv\/product\/pretgrumbu-dienas-krems-45\/","name":"\u041a\u0440\u0435\u043c \u0434\u043d\u0435\u0432\u043d\u043e\u0439 \u043f\u0440\u043e\u0442\u0438\u0432 \u043c\u043e\u0440\u0449\u0438\u043d 45+","isPartOf":{"@id":"https:\/\/women.lv\/#website"},"primaryImageOfPage":{"@id":"https:\/\/women.lv\/product\/pretgrumbu-dienas-krems-45\/#primaryimage"},"image":{"@id":"https:\/\/women.lv\/product\/pretgrumbu-dienas-krems-45\/#primaryimage"},"thumbnailUrl":"https:\/\/women.lv\/wp-content\/uploads\/nc\/catalog\/Black-Pearl-Royalty\/perfect-day-cream-45-spf-25.png","datePublished":"2024-05-29T15:26:45+00:00","dateModified":"2026-04-22T05:34:42+00:00","description":"Pretgrumbu dienas kr\u0113ms 45+ ir pretnoveco\u0161an\u0101s dienas kr\u0113ms, kura pamat\u0101 ir meln\u0101s p\u0113rles un N\u0101ves j\u016bras miner\u0101li. Pal\u012bdz atbr\u012bvoties no sejas grumb\u0101m un nov\u0113r\u0161 to par\u0101d\u012b\u0161anos, lai saglab\u0101tu j\u016bsu \u0101das jaun\u012bbu un skaistumu.","breadcrumb":{"@id":"https:\/\/women.lv\/product\/pretgrumbu-dienas-krems-45\/#breadcrumb"},"inLanguage":"ru-RU","potentialAction":[{"@type":"ReadAction","target":["https:\/\/women.lv\/product\/pretgrumbu-dienas-krems-45\/"]}]},{"@type":"ImageObject","inLanguage":"ru-RU","@id":"https:\/\/women.lv\/product\/pretgrumbu-dienas-krems-45\/#primaryimage","url":"https:\/\/women.lv\/wp-content\/uploads\/nc\/catalog\/Black-Pearl-Royalty\/perfect-day-cream-45-spf-25.png","contentUrl":"https:\/\/women.lv\/wp-content\/uploads\/nc\/catalog\/Black-Pearl-Royalty\/perfect-day-cream-45-spf-25.png","width":950,"height":781,"caption":"Pretgrumbu dienas kr\u0113ms 45+"},{"@type":"BreadcrumbList","@id":"https:\/\/women.lv\/product\/pretgrumbu-dienas-krems-45\/#breadcrumb","itemListElement":[{"@type":"ListItem","position":1,"name":"Home","item":"https:\/\/women.lv\/"},{"@type":"ListItem","position":2,"name":"Products","item":"https:\/\/women.lv\/en\/shop\/"},{"@type":"ListItem","position":3,"name":"Pretgrumbu dienas kr\u0113ms 45+"}]},{"@type":"WebSite","@id":"https:\/\/women.lv\/#website","url":"https:\/\/women.lv\/","name":"\u041c\u0430\u0433\u0430\u0437\u0438\u043d Women","description":"Uzdr\u012bksties b\u016bt skaista","potentialAction":[{"@type":"SearchAction","target":{"@type":"EntryPoint","urlTemplate":"https:\/\/women.lv\/?s={search_term_string}"},"query-input":{"@type":"PropertyValueSpecification","valueRequired":true,"valueName":"search_term_string"}}],"inLanguage":"ru-RU"}]}},"_links":{"self":[{"href":"https:\/\/women.lv\/ru\/wp-json\/wp\/v2\/product\/28928","targetHints":{"allow":["GET"]}}],"collection":[{"href":"https:\/\/women.lv\/ru\/wp-json\/wp\/v2\/product"}],"about":[{"href":"https:\/\/women.lv\/ru\/wp-json\/wp\/v2\/types\/product"}],"replies":[{"embeddable":true,"href":"https:\/\/women.lv\/ru\/wp-json\/wp\/v2\/comments?post=28928"}],"version-history":[{"count":0,"href":"https:\/\/women.lv\/ru\/wp-json\/wp\/v2\/product\/28928\/revisions"}],"wp:featuredmedia":[{"embeddable":true,"href":"https:\/\/women.lv\/ru\/wp-json\/wp\/v2\/media\/28929"}],"wp:attachment":[{"href":"https:\/\/women.lv\/ru\/wp-json\/wp\/v2\/media?parent=28928"}],"wp:term":[{"taxonomy":"product_brand","embeddable":true,"href":"https:\/\/women.lv\/ru\/wp-json\/wp\/v2\/product_brand?post=28928"},{"taxonomy":"product_cat","embeddable":true,"href":"https:\/\/women.lv\/ru\/wp-json\/wp\/v2\/product_cat?post=28928"},{"taxonomy":"product_tag","embeddable":true,"href":"https:\/\/women.lv\/ru\/wp-json\/wp\/v2\/product_tag?post=28928"}],"curies":[{"name":"wp","href":"https:\/\/api.w.org\/{rel}","templated":true}]}}