{"id":28924,"date":"2024-01-25T21:00:19","date_gmt":"2024-01-25T21:00:19","guid":{"rendered":"https:\/\/women.lv\/?product=sieviesu-dezodorantu-salvetes"},"modified":"2025-11-05T13:26:29","modified_gmt":"2025-11-05T13:26:29","slug":"sieviesu-dezodorantu-salvetes","status":"publish","type":"product","link":"https:\/\/women.lv\/ru\/product\/sieviesu-dezodorantu-salvetes\/","title":{"rendered":"\u0416\u0435\u043d\u0441\u043a\u0438\u0435 \u0441\u0430\u043b\u0444\u0435\u0442\u043a\u0438-\u0434\u0435\u0437\u043e\u0434\u043e\u0440\u0430\u043d\u0442\u044b"},"content":{"rendered":"<p><span style=\"font-family: Helvetica;\"><span style=\"font-size: 18px;\">\u041d\u0435\u0437\u0430\u043c\u0435\u043d\u0438\u043c\u0430\u044f \u0437\u0430\u0449\u0438\u0442\u0430 \u043e\u0442 \u0437\u0430\u043f\u0430\u0445\u0430!<\/span><\/span><\/p>\n<p><span style=\"font-family: Helvetica;\"><span style=\"font-size: 18px;\">\u0421\u0430\u043b\u0444\u0435\u0442\u043a\u0438 Lavilin Deo \u2014 \u0432\u0430\u0448\u0435 \u043d\u043e\u0432\u043e\u0435 \u043d\u0435\u0437\u0430\u043c\u0435\u043d\u0438\u043c\u043e\u0435 \u0440\u0435\u0448\u0435\u043d\u0438\u0435 \u0432\u043e \u0432\u0441\u0435\u0445 \u0441\u043b\u0443\u0447\u0430\u044f\u0445, \u043a\u043e\u0433\u0434\u0430 \u0432\u0430\u043c \u043d\u0443\u0436\u043d\u043e \u043c\u0433\u043d\u043e\u0432\u0435\u043d\u043d\u043e\u0435 \u043e\u0449\u0443\u0449\u0435\u043d\u0438\u0435 \u0441\u0432\u0435\u0436\u0435\u0441\u0442\u0438. \u041e\u0441\u0442\u0430\u043b\u0441\u044f \u0432\u0441\u0435\u0433\u043e \u043c\u0438\u0433? \u0421\u0430\u043b\u0444\u0435\u0442\u043a\u0438 Lavilin \u0431\u044b\u0441\u0442\u0440\u043e \u0443\u0434\u0430\u043b\u044f\u044e\u0442 \u043f\u043e\u0442 \u0438 \u043d\u0435\u0439\u0442\u0440\u0430\u043b\u0438\u0437\u0443\u044e\u0442 \u0437\u0430\u043f\u0430\u0445\u0438, \u043e\u043a\u0430\u0437\u044b\u0432\u0430\u044f \u043d\u0435\u043c\u0435\u0434\u043b\u0435\u043d\u043d\u044b\u0439 \u044d\u0444\u0444\u0435\u043a\u0442 \u0437\u0430\u0449\u0438\u0442\u044b \u043e\u0442 \u0437\u0430\u043f\u0430\u0445\u0430. \u041f\u0440\u043e\u0441\u0442\u043e \u0437\u0430\u043a\u0438\u043d\u044c\u0442\u0435 \u0441\u0443\u043c\u043a\u0443 \u0438 \u0438\u0434\u0438\u0442\u0435. \u041d\u0430\u0442\u0443\u0440\u0430\u043b\u044c\u043d\u0430\u044f \u043a\u0430\u043b\u0435\u043d\u0434\u0443\u043b\u0430 \u0438 \u0430\u043a\u0442\u0438\u0432\u043d\u044b\u0435 \u0434\u0435\u0437\u043e\u0434\u043e\u0440\u0438\u0440\u0443\u044e\u0449\u0438\u0435 \u044d\u043a\u0441\u0442\u0440\u0430\u043a\u0442\u044b \u0443\u0441\u043f\u043e\u043a\u0430\u0438\u0432\u0430\u044e\u0442 \u0438 \u0443\u0432\u043b\u0430\u0436\u043d\u044f\u044e\u0442 \u043a\u043e\u0436\u0443, \u0440\u0430\u0431\u043e\u0442\u0430\u044f \u0441\u0438\u043d\u0445\u0440\u043e\u043d\u043d\u043e \u0441 \u0435\u0441\u0442\u0435\u0441\u0442\u0432\u0435\u043d\u043d\u044b\u043c \u0431\u0430\u043b\u0430\u043d\u0441\u043e\u043c \u0432\u0430\u0448\u0435\u0433\u043e \u0442\u0435\u043b\u0430, \u0437\u0430\u0449\u0438\u0449\u0430\u044f \u043e\u0442 \u0442\u043e\u043a\u0441\u0438\u043d\u043e\u0432. \u0422\u0435\u043f\u0435\u0440\u044c \u0432\u044b \u043c\u043e\u0436\u0435\u0442\u0435 \u043d\u0435 \u0431\u0435\u0441\u043f\u043e\u043a\u043e\u0438\u0442\u044c\u0441\u044f \u043e \u0437\u0430\u043f\u0430\u0445\u0435 \u0434\u043e\u043c\u0430, \u0432 \u043e\u0444\u0438\u0441\u0435 \u0438 \u0432 \u0434\u043e\u0440\u043e\u0433\u0435. \u041f\u0440\u0438\u043c\u0435\u0447\u0430\u0442\u0435\u043b\u044c\u043d\u044b\u0435 \u043e\u0441\u043e\u0431\u0435\u043d\u043d\u043e\u0441\u0442\u0438 \u0432\u043a\u043b\u044e\u0447\u0430\u044e\u0442 \u0432 \u0441\u0435\u0431\u044f:<\/span><\/span><\/p>\n<ul>\n<li><span style=\"font-family: Helvetica;\"><span style=\"font-size: 18px;\">\u041d\u0435 \u0441\u043e\u0434\u0435\u0440\u0436\u0438\u0442 \u0430\u043b\u044e\u043c\u0438\u043d\u0438\u044f, \u0441\u043f\u0438\u0440\u0442\u0430 \u0438 \u043f\u0430\u0440\u0430\u0431\u0435\u043d\u043e\u0432.<\/span><\/span><\/li>\n<li><span style=\"font-family: Helvetica;\"><span style=\"font-size: 18px;\">\u0410\u043a\u0442\u0438\u0432\u043d\u044b\u0435 \u043d\u0430\u0442\u0443\u0440\u0430\u043b\u044c\u043d\u044b\u0435 \u044d\u043a\u0441\u0442\u0440\u0430\u043a\u0442\u044b<\/span><\/span><\/li>\n<li><span style=\"font-family: Helvetica;\"><span style=\"font-size: 18px;\">\u041c\u0430\u043a\u0441\u0438\u043c\u0430\u043b\u044c\u043d\u0430\u044f \u044d\u0444\u0444\u0435\u043a\u0442\u0438\u0432\u043d\u043e\u0441\u0442\u044c<\/span><\/span><\/li>\n<\/ul>","protected":false},"excerpt":{"rendered":"<p>\u041d\u0435\u0437\u0430\u043c\u0435\u043d\u0438\u043c\u0430\u044f \u0437\u0430\u0449\u0438\u0442\u0430 \u043e\u0442 \u0437\u0430\u043f\u0430\u0445\u0430! \u0421\u0430\u043b\u0444\u0435\u0442\u043a\u0438 Lavilin Deo \u2014 \u0432\u0430\u0448\u0435 \u043d\u043e\u0432\u043e\u0435 \u043d\u0435\u0437\u0430\u043c\u0435\u043d\u0438\u043c\u043e\u0435 \u0440\u0435\u0448\u0435\u043d\u0438\u0435 \u0432\u043e \u0432\u0441\u0435\u0445 \u0441\u043b\u0443\u0447\u0430\u044f\u0445, \u043a\u043e\u0433\u0434\u0430 \u0432\u0430\u043c \u043d\u0443\u0436\u043d\u043e \u043c\u0433\u043d\u043e\u0432\u0435\u043d\u043d\u043e\u0435 \u043e\u0449\u0443\u0449\u0435\u043d\u0438\u0435 \u0441\u0432\u0435\u0436\u0435\u0441\u0442\u0438. \u0422\u043e\u043b\u044c\u043a\u043e<\/p>","protected":false},"featured_media":28925,"comment_status":"open","ping_status":"closed","template":"","meta":[],"product_brand":[],"product_cat":[2229,2208,2215],"product_tag":[2244,2243,3559,3713,3711,3712,2245],"class_list":{"0":"post-28924","1":"product","2":"type-product","3":"status-publish","4":"has-post-thumbnail","6":"product_cat-antiperspiranti-dezodoranti","7":"product_cat-kermena-kopsanas-lidzekii","8":"product_cat-visi-produkti","9":"product_tag-israel","10":"product_tag-izraela","11":"product_tag-lavilin","12":"product_tag-sieviesu-dezodorantu-salvetes","13":"product_tag-womens-deodorant-wipes","14":"product_tag-3712","15":"product_tag-2245","16":"pa_brand_nc-lavilin","17":"pa_ean_nc-3710","18":"pa_ean_nc-israel","20":"first","21":"instock","22":"taxable","23":"shipping-taxable","24":"purchasable","25":"product-type-simple"},"yoast_head":"<!-- This site is optimized with the Yoast SEO plugin v27.5 - https:\/\/yoast.com\/product\/yoast-seo-wordpress\/ -->\n<title>Sievie\u0161u dezodorantu salvetes<\/title>\n<meta name=\"description\" content=\"Vienk\u0101r\u0161i iemet tos sav\u0101 som\u0101 un aizmirsti par nepat\u012bkamaj\u0101m smak\u0101m.\" \/>\n<meta name=\"robots\" content=\"index, follow, max-snippet:-1, max-image-preview:large, max-video-preview:-1\" \/>\n<link rel=\"canonical\" href=\"https:\/\/women.lv\/ru\/product\/sieviesu-dezodorantu-salvetes\/\" \/>\n<meta property=\"og:locale\" content=\"ru_RU\" \/>\n<meta property=\"og:type\" content=\"article\" \/>\n<meta property=\"og:title\" content=\"Sievie\u0161u dezodorantu salvetes\" \/>\n<meta property=\"og:description\" content=\"Vienk\u0101r\u0161i iemet tos sav\u0101 som\u0101 un aizmirsti par nepat\u012bkamaj\u0101m smak\u0101m.\" \/>\n<meta property=\"og:url\" content=\"https:\/\/women.lv\/ru\/product\/sieviesu-dezodorantu-salvetes\/\" \/>\n<meta property=\"og:site_name\" content=\"Women Veikals\" \/>\n<meta property=\"article:modified_time\" content=\"2025-11-05T13:26:29+00:00\" \/>\n<meta property=\"og:image\" content=\"https:\/\/women.lv\/wp-content\/uploads\/nc\/catalog\/Israel\/Lavilin\/Women-deodorant-wipes.png\" \/>\n\t<meta property=\"og:image:width\" content=\"1020\" \/>\n\t<meta property=\"og:image:height\" content=\"1006\" \/>\n\t<meta property=\"og:image:type\" content=\"image\/png\" \/>\n<meta name=\"twitter:card\" content=\"summary_large_image\" \/>\n<meta name=\"twitter:label1\" content=\"\u041f\u0440\u0438\u043c\u0435\u0440\u043d\u043e\u0435 \u0432\u0440\u0435\u043c\u044f \u0434\u043b\u044f \u0447\u0442\u0435\u043d\u0438\u044f\" \/>\n\t<meta name=\"twitter:data1\" content=\"1 \u043c\u0438\u043d\u0443\u0442\u0430\" \/>\n<script type=\"application\/ld+json\" class=\"yoast-schema-graph\">{\"@context\":\"https:\\\/\\\/schema.org\",\"@graph\":[{\"@type\":\"WebPage\",\"@id\":\"https:\\\/\\\/women.lv\\\/product\\\/sieviesu-dezodorantu-salvetes\\\/\",\"url\":\"https:\\\/\\\/women.lv\\\/product\\\/sieviesu-dezodorantu-salvetes\\\/\",\"name\":\"Sievie\u0161u dezodorantu salvetes\",\"isPartOf\":{\"@id\":\"https:\\\/\\\/women.lv\\\/#website\"},\"primaryImageOfPage\":{\"@id\":\"https:\\\/\\\/women.lv\\\/product\\\/sieviesu-dezodorantu-salvetes\\\/#primaryimage\"},\"image\":{\"@id\":\"https:\\\/\\\/women.lv\\\/product\\\/sieviesu-dezodorantu-salvetes\\\/#primaryimage\"},\"thumbnailUrl\":\"https:\\\/\\\/women.lv\\\/wp-content\\\/uploads\\\/nc\\\/catalog\\\/Israel\\\/Lavilin\\\/Women-deodorant-wipes.png\",\"datePublished\":\"2024-01-25T21:00:19+00:00\",\"dateModified\":\"2025-11-05T13:26:29+00:00\",\"description\":\"Vienk\u0101r\u0161i iemet tos sav\u0101 som\u0101 un aizmirsti par nepat\u012bkamaj\u0101m smak\u0101m.\",\"breadcrumb\":{\"@id\":\"https:\\\/\\\/women.lv\\\/product\\\/sieviesu-dezodorantu-salvetes\\\/#breadcrumb\"},\"inLanguage\":\"ru-RU\",\"potentialAction\":[{\"@type\":\"ReadAction\",\"target\":[\"https:\\\/\\\/women.lv\\\/product\\\/sieviesu-dezodorantu-salvetes\\\/\"]}]},{\"@type\":\"ImageObject\",\"inLanguage\":\"ru-RU\",\"@id\":\"https:\\\/\\\/women.lv\\\/product\\\/sieviesu-dezodorantu-salvetes\\\/#primaryimage\",\"url\":\"https:\\\/\\\/women.lv\\\/wp-content\\\/uploads\\\/nc\\\/catalog\\\/Israel\\\/Lavilin\\\/Women-deodorant-wipes.png\",\"contentUrl\":\"https:\\\/\\\/women.lv\\\/wp-content\\\/uploads\\\/nc\\\/catalog\\\/Israel\\\/Lavilin\\\/Women-deodorant-wipes.png\",\"width\":1020,\"height\":1006,\"caption\":\"Sievie\u0161u dezodorantu salvetes\"},{\"@type\":\"BreadcrumbList\",\"@id\":\"https:\\\/\\\/women.lv\\\/product\\\/sieviesu-dezodorantu-salvetes\\\/#breadcrumb\",\"itemListElement\":[{\"@type\":\"ListItem\",\"position\":1,\"name\":\"Home\",\"item\":\"https:\\\/\\\/women.lv\\\/\"},{\"@type\":\"ListItem\",\"position\":2,\"name\":\"Products\",\"item\":\"https:\\\/\\\/women.lv\\\/en\\\/shop\\\/\"},{\"@type\":\"ListItem\",\"position\":3,\"name\":\"Sievie\u0161u dezodorantu salvetes\"}]},{\"@type\":\"WebSite\",\"@id\":\"https:\\\/\\\/women.lv\\\/#website\",\"url\":\"https:\\\/\\\/women.lv\\\/\",\"name\":\"Women Veikals\",\"description\":\"Uzdr\u012bksties b\u016bt skaista\",\"potentialAction\":[{\"@type\":\"SearchAction\",\"target\":{\"@type\":\"EntryPoint\",\"urlTemplate\":\"https:\\\/\\\/women.lv\\\/?s={search_term_string}\"},\"query-input\":{\"@type\":\"PropertyValueSpecification\",\"valueRequired\":true,\"valueName\":\"search_term_string\"}}],\"inLanguage\":\"ru-RU\"}]}<\/script>\n<!-- \/ Yoast SEO plugin. -->","yoast_head_json":{"title":"\u0416\u0435\u043d\u0441\u043a\u0438\u0435 \u0441\u0430\u043b\u0444\u0435\u0442\u043a\u0438-\u0434\u0435\u0437\u043e\u0434\u043e\u0440\u0430\u043d\u0442\u044b","description":"Vienk\u0101r\u0161i iemet tos sav\u0101 som\u0101 un aizmirsti par nepat\u012bkamaj\u0101m smak\u0101m.","robots":{"index":"index","follow":"follow","max-snippet":"max-snippet:-1","max-image-preview":"max-image-preview:large","max-video-preview":"max-video-preview:-1"},"canonical":"https:\/\/women.lv\/ru\/product\/sieviesu-dezodorantu-salvetes\/","og_locale":"ru_RU","og_type":"article","og_title":"Sievie\u0161u dezodorantu salvetes","og_description":"Vienk\u0101r\u0161i iemet tos sav\u0101 som\u0101 un aizmirsti par nepat\u012bkamaj\u0101m smak\u0101m.","og_url":"https:\/\/women.lv\/ru\/product\/sieviesu-dezodorantu-salvetes\/","og_site_name":"Women Veikals","article_modified_time":"2025-11-05T13:26:29+00:00","og_image":[{"width":1020,"height":1006,"url":"https:\/\/women.lv\/wp-content\/uploads\/nc\/catalog\/Israel\/Lavilin\/Women-deodorant-wipes.png","type":"image\/png"}],"twitter_card":"summary_large_image","twitter_misc":{"\u041f\u0440\u0438\u043c\u0435\u0440\u043d\u043e\u0435 \u0432\u0440\u0435\u043c\u044f \u0434\u043b\u044f \u0447\u0442\u0435\u043d\u0438\u044f":"1 \u043c\u0438\u043d\u0443\u0442\u0430"},"schema":{"@context":"https:\/\/schema.org","@graph":[{"@type":"WebPage","@id":"https:\/\/women.lv\/product\/sieviesu-dezodorantu-salvetes\/","url":"https:\/\/women.lv\/product\/sieviesu-dezodorantu-salvetes\/","name":"\u0416\u0435\u043d\u0441\u043a\u0438\u0435 \u0441\u0430\u043b\u0444\u0435\u0442\u043a\u0438-\u0434\u0435\u0437\u043e\u0434\u043e\u0440\u0430\u043d\u0442\u044b","isPartOf":{"@id":"https:\/\/women.lv\/#website"},"primaryImageOfPage":{"@id":"https:\/\/women.lv\/product\/sieviesu-dezodorantu-salvetes\/#primaryimage"},"image":{"@id":"https:\/\/women.lv\/product\/sieviesu-dezodorantu-salvetes\/#primaryimage"},"thumbnailUrl":"https:\/\/women.lv\/wp-content\/uploads\/nc\/catalog\/Israel\/Lavilin\/Women-deodorant-wipes.png","datePublished":"2024-01-25T21:00:19+00:00","dateModified":"2025-11-05T13:26:29+00:00","description":"Vienk\u0101r\u0161i iemet tos sav\u0101 som\u0101 un aizmirsti par nepat\u012bkamaj\u0101m smak\u0101m.","breadcrumb":{"@id":"https:\/\/women.lv\/product\/sieviesu-dezodorantu-salvetes\/#breadcrumb"},"inLanguage":"ru-RU","potentialAction":[{"@type":"ReadAction","target":["https:\/\/women.lv\/product\/sieviesu-dezodorantu-salvetes\/"]}]},{"@type":"ImageObject","inLanguage":"ru-RU","@id":"https:\/\/women.lv\/product\/sieviesu-dezodorantu-salvetes\/#primaryimage","url":"https:\/\/women.lv\/wp-content\/uploads\/nc\/catalog\/Israel\/Lavilin\/Women-deodorant-wipes.png","contentUrl":"https:\/\/women.lv\/wp-content\/uploads\/nc\/catalog\/Israel\/Lavilin\/Women-deodorant-wipes.png","width":1020,"height":1006,"caption":"Sievie\u0161u dezodorantu salvetes"},{"@type":"BreadcrumbList","@id":"https:\/\/women.lv\/product\/sieviesu-dezodorantu-salvetes\/#breadcrumb","itemListElement":[{"@type":"ListItem","position":1,"name":"Home","item":"https:\/\/women.lv\/"},{"@type":"ListItem","position":2,"name":"Products","item":"https:\/\/women.lv\/en\/shop\/"},{"@type":"ListItem","position":3,"name":"Sievie\u0161u dezodorantu salvetes"}]},{"@type":"WebSite","@id":"https:\/\/women.lv\/#website","url":"https:\/\/women.lv\/","name":"\u041c\u0430\u0433\u0430\u0437\u0438\u043d Women","description":"Uzdr\u012bksties b\u016bt skaista","potentialAction":[{"@type":"SearchAction","target":{"@type":"EntryPoint","urlTemplate":"https:\/\/women.lv\/?s={search_term_string}"},"query-input":{"@type":"PropertyValueSpecification","valueRequired":true,"valueName":"search_term_string"}}],"inLanguage":"ru-RU"}]}},"_links":{"self":[{"href":"https:\/\/women.lv\/ru\/wp-json\/wp\/v2\/product\/28924","targetHints":{"allow":["GET"]}}],"collection":[{"href":"https:\/\/women.lv\/ru\/wp-json\/wp\/v2\/product"}],"about":[{"href":"https:\/\/women.lv\/ru\/wp-json\/wp\/v2\/types\/product"}],"replies":[{"embeddable":true,"href":"https:\/\/women.lv\/ru\/wp-json\/wp\/v2\/comments?post=28924"}],"version-history":[{"count":0,"href":"https:\/\/women.lv\/ru\/wp-json\/wp\/v2\/product\/28924\/revisions"}],"wp:featuredmedia":[{"embeddable":true,"href":"https:\/\/women.lv\/ru\/wp-json\/wp\/v2\/media\/28925"}],"wp:attachment":[{"href":"https:\/\/women.lv\/ru\/wp-json\/wp\/v2\/media?parent=28924"}],"wp:term":[{"taxonomy":"product_brand","embeddable":true,"href":"https:\/\/women.lv\/ru\/wp-json\/wp\/v2\/product_brand?post=28924"},{"taxonomy":"product_cat","embeddable":true,"href":"https:\/\/women.lv\/ru\/wp-json\/wp\/v2\/product_cat?post=28924"},{"taxonomy":"product_tag","embeddable":true,"href":"https:\/\/women.lv\/ru\/wp-json\/wp\/v2\/product_tag?post=28924"}],"curies":[{"name":"wp","href":"https:\/\/api.w.org\/{rel}","templated":true}]}}