{"id":28915,"date":"2023-11-27T14:56:05","date_gmt":"2023-11-27T14:56:05","guid":{"rendered":"https:\/\/women.lv\/?product=bio-balance-72h-dezodorants"},"modified":"2026-04-28T17:54:52","modified_gmt":"2026-04-28T15:54:52","slug":"bio-balance-72h-dezodorants","status":"publish","type":"product","link":"https:\/\/women.lv\/ru\/product\/bio-balance-72h-dezodorants\/","title":{"rendered":"Bio Balance 72h dezodorants"},"content":{"rendered":"<p><span style=\"font-family: Helvetica;\"><span style=\"font-size: 18px;\">Lavilin Stick dezodorants nodro\u0161ina \u0101tru, ilgsto\u0161u aizsardz\u012bbu pret smaku, uz kuru varat pa\u013cauties tikai ar vienu vilk\u0161anu. Lavilin \u016bdensiztur\u012bg\u0101 formula, kas kl\u012bniski p\u0101rbaud\u012bta efekt\u012bvai smakas kontrolei, \u0101tri neitraliz\u0113 bakt\u0113rijas, neaizsprostojot poras un netrauc\u0113jot J\u016bsu dabiskajam biolo\u0123iskajam l\u012bdzsvaram. Lavilin, \u0137ermenim draudz\u012bgs risin\u0101jums, nodro\u0161ina maksim\u0101lu aizsardz\u012bbu pat p\u0113c du\u0161as, peld\u0113\u0161anas vai treni\u0146a. Mitrin\u0101t\u0101ji un dabiskie ekstrakti pal\u012bdz mitrin\u0101t un aizsarg\u0101t \u0101du smalkaj\u0101 padu\u0161u zon\u0101.<\/span><\/span><\/p>\n<p><span style=\"font-family: Helvetica;\"><span style=\"font-size: 18px;\">Nodro\u0161ina maksim\u0101lu aizsardz\u012bbu pat p\u0113c du\u0161as, peld\u0113\u0161anas vai treni\u0146a. Nesatur alum\u012bniju, alkoholu un parab\u0113nus.<\/span><\/span><\/p>\n<p><span style=\"font-family: Helvetica;\"><span style=\"font-size: 18px;\"><b>\u041d\u0435 \u0438\u0441\u043f\u043e\u043b\u044c\u0437\u0443\u0439\u0442\u0435 \u043d\u0430 \u0441\u0443\u0445\u043e\u0439, \u0432\u043e\u0441\u043f\u0430\u043b\u0435\u043d\u043d\u043e\u0439 \u043a\u043e\u0436\u0435 \u0438\u043b\u0438 \u043f\u043e\u0441\u043b\u0435 \u0431\u0440\u0438\u0442\u044c\u044f.<\/b><\/span><\/span><\/p>","protected":false},"excerpt":{"rendered":"<p>Lavilin Stick dezodorants nodro\u0161ina \u0101tru, ilgsto\u0161u aizsardz\u012bbu pret smaku, uz kuru varat pa\u013cauties tikai ar vienu vilk\u0161anu. Lavilin \u016bdensiztur\u012bg\u0101 formula,<\/p>","protected":false},"featured_media":28916,"comment_status":"open","ping_status":"closed","template":"","meta":[],"product_brand":[4306],"product_cat":[2229,2208,2215],"product_tag":[3696,3695,3697,2244,2243,3559,2245],"class_list":{"0":"post-28915","1":"product","2":"type-product","3":"status-publish","4":"has-post-thumbnail","6":"product_brand-lavilin","7":"product_cat-antiperspiranti-dezodoranti","8":"product_cat-kermena-kopsanas-lidzekii","9":"product_cat-visi-produkti","10":"product_tag-bio-balance-72h-deodorant-stick","11":"product_tag-bio-balance-72h-dezodorants","12":"product_tag-bio-balance-72h--","13":"product_tag-israel","14":"product_tag-izraela","15":"product_tag-lavilin","16":"product_tag-2245","17":"pa_brand_nc-lavilin","18":"pa_ean_nc-3694","19":"pa_ean_nc-israel","21":"first","22":"instock","23":"sale","24":"taxable","25":"shipping-taxable","26":"purchasable","27":"product-type-simple"},"yoast_head":"<!-- This site is optimized with the Yoast SEO plugin v27.5 - https:\/\/yoast.com\/product\/yoast-seo-wordpress\/ -->\n<title>Bio Balance 72h dezodorants<\/title>\n<meta name=\"description\" content=\"Nodro\u0161ina maksim\u0101lu aizsardz\u012bbu pat p\u0113c du\u0161as, peld\u0113\u0161anas vai treni\u0146a. Nesatur alum\u012bniju, alkoholu un parab\u0113nus.\" \/>\n<meta name=\"robots\" content=\"index, follow, max-snippet:-1, max-image-preview:large, max-video-preview:-1\" \/>\n<link rel=\"canonical\" href=\"https:\/\/women.lv\/ru\/product\/bio-balance-72h-dezodorants\/\" \/>\n<meta property=\"og:locale\" content=\"ru_RU\" \/>\n<meta property=\"og:type\" content=\"article\" \/>\n<meta property=\"og:title\" content=\"Bio Balance 72h dezodorants\" \/>\n<meta property=\"og:description\" content=\"Nodro\u0161ina maksim\u0101lu aizsardz\u012bbu pat p\u0113c du\u0161as, peld\u0113\u0161anas vai treni\u0146a. Nesatur alum\u012bniju, alkoholu un parab\u0113nus.\" \/>\n<meta property=\"og:url\" content=\"https:\/\/women.lv\/ru\/product\/bio-balance-72h-dezodorants\/\" \/>\n<meta property=\"og:site_name\" content=\"Women Veikals\" \/>\n<meta property=\"article:modified_time\" content=\"2026-04-28T15:54:52+00:00\" \/>\n<meta property=\"og:image\" content=\"https:\/\/women.lv\/wp-content\/uploads\/nc\/catalog\/Israel\/Lavilin\/bio-balance-72h-deodorant-stick.png\" \/>\n\t<meta property=\"og:image:width\" content=\"1043\" \/>\n\t<meta property=\"og:image:height\" content=\"1039\" \/>\n\t<meta property=\"og:image:type\" content=\"image\/png\" \/>\n<meta name=\"twitter:card\" content=\"summary_large_image\" \/>\n<meta name=\"twitter:label1\" content=\"\u041f\u0440\u0438\u043c\u0435\u0440\u043d\u043e\u0435 \u0432\u0440\u0435\u043c\u044f \u0434\u043b\u044f \u0447\u0442\u0435\u043d\u0438\u044f\" \/>\n\t<meta name=\"twitter:data1\" content=\"1 \u043c\u0438\u043d\u0443\u0442\u0430\" \/>\n<script type=\"application\/ld+json\" class=\"yoast-schema-graph\">{\"@context\":\"https:\\\/\\\/schema.org\",\"@graph\":[{\"@type\":\"WebPage\",\"@id\":\"https:\\\/\\\/women.lv\\\/product\\\/bio-balance-72h-dezodorants\\\/\",\"url\":\"https:\\\/\\\/women.lv\\\/product\\\/bio-balance-72h-dezodorants\\\/\",\"name\":\"Bio Balance 72h dezodorants\",\"isPartOf\":{\"@id\":\"https:\\\/\\\/women.lv\\\/#website\"},\"primaryImageOfPage\":{\"@id\":\"https:\\\/\\\/women.lv\\\/product\\\/bio-balance-72h-dezodorants\\\/#primaryimage\"},\"image\":{\"@id\":\"https:\\\/\\\/women.lv\\\/product\\\/bio-balance-72h-dezodorants\\\/#primaryimage\"},\"thumbnailUrl\":\"https:\\\/\\\/women.lv\\\/wp-content\\\/uploads\\\/nc\\\/catalog\\\/Israel\\\/Lavilin\\\/bio-balance-72h-deodorant-stick.png\",\"datePublished\":\"2023-11-27T14:56:05+00:00\",\"dateModified\":\"2026-04-28T15:54:52+00:00\",\"description\":\"Nodro\u0161ina maksim\u0101lu aizsardz\u012bbu pat p\u0113c du\u0161as, peld\u0113\u0161anas vai treni\u0146a. Nesatur alum\u012bniju, alkoholu un parab\u0113nus.\",\"breadcrumb\":{\"@id\":\"https:\\\/\\\/women.lv\\\/product\\\/bio-balance-72h-dezodorants\\\/#breadcrumb\"},\"inLanguage\":\"ru-RU\",\"potentialAction\":[{\"@type\":\"ReadAction\",\"target\":[\"https:\\\/\\\/women.lv\\\/product\\\/bio-balance-72h-dezodorants\\\/\"]}]},{\"@type\":\"ImageObject\",\"inLanguage\":\"ru-RU\",\"@id\":\"https:\\\/\\\/women.lv\\\/product\\\/bio-balance-72h-dezodorants\\\/#primaryimage\",\"url\":\"https:\\\/\\\/women.lv\\\/wp-content\\\/uploads\\\/nc\\\/catalog\\\/Israel\\\/Lavilin\\\/bio-balance-72h-deodorant-stick.png\",\"contentUrl\":\"https:\\\/\\\/women.lv\\\/wp-content\\\/uploads\\\/nc\\\/catalog\\\/Israel\\\/Lavilin\\\/bio-balance-72h-deodorant-stick.png\",\"width\":1043,\"height\":1039,\"caption\":\"Bio Balance 72h dezodorants\"},{\"@type\":\"BreadcrumbList\",\"@id\":\"https:\\\/\\\/women.lv\\\/product\\\/bio-balance-72h-dezodorants\\\/#breadcrumb\",\"itemListElement\":[{\"@type\":\"ListItem\",\"position\":1,\"name\":\"Home\",\"item\":\"https:\\\/\\\/women.lv\\\/\"},{\"@type\":\"ListItem\",\"position\":2,\"name\":\"Products\",\"item\":\"https:\\\/\\\/women.lv\\\/en\\\/shop\\\/\"},{\"@type\":\"ListItem\",\"position\":3,\"name\":\"Bio Balance 72h dezodorants\"}]},{\"@type\":\"WebSite\",\"@id\":\"https:\\\/\\\/women.lv\\\/#website\",\"url\":\"https:\\\/\\\/women.lv\\\/\",\"name\":\"Women Veikals\",\"description\":\"Uzdr\u012bksties b\u016bt skaista\",\"potentialAction\":[{\"@type\":\"SearchAction\",\"target\":{\"@type\":\"EntryPoint\",\"urlTemplate\":\"https:\\\/\\\/women.lv\\\/?s={search_term_string}\"},\"query-input\":{\"@type\":\"PropertyValueSpecification\",\"valueRequired\":true,\"valueName\":\"search_term_string\"}}],\"inLanguage\":\"ru-RU\"}]}<\/script>\n<!-- \/ Yoast SEO plugin. -->","yoast_head_json":{"title":"Bio Balance 72h dezodorants","description":"Nodro\u0161ina maksim\u0101lu aizsardz\u012bbu pat p\u0113c du\u0161as, peld\u0113\u0161anas vai treni\u0146a. Nesatur alum\u012bniju, alkoholu un parab\u0113nus.","robots":{"index":"index","follow":"follow","max-snippet":"max-snippet:-1","max-image-preview":"max-image-preview:large","max-video-preview":"max-video-preview:-1"},"canonical":"https:\/\/women.lv\/ru\/product\/bio-balance-72h-dezodorants\/","og_locale":"ru_RU","og_type":"article","og_title":"Bio Balance 72h dezodorants","og_description":"Nodro\u0161ina maksim\u0101lu aizsardz\u012bbu pat p\u0113c du\u0161as, peld\u0113\u0161anas vai treni\u0146a. Nesatur alum\u012bniju, alkoholu un parab\u0113nus.","og_url":"https:\/\/women.lv\/ru\/product\/bio-balance-72h-dezodorants\/","og_site_name":"Women Veikals","article_modified_time":"2026-04-28T15:54:52+00:00","og_image":[{"width":1043,"height":1039,"url":"https:\/\/women.lv\/wp-content\/uploads\/nc\/catalog\/Israel\/Lavilin\/bio-balance-72h-deodorant-stick.png","type":"image\/png"}],"twitter_card":"summary_large_image","twitter_misc":{"\u041f\u0440\u0438\u043c\u0435\u0440\u043d\u043e\u0435 \u0432\u0440\u0435\u043c\u044f \u0434\u043b\u044f \u0447\u0442\u0435\u043d\u0438\u044f":"1 \u043c\u0438\u043d\u0443\u0442\u0430"},"schema":{"@context":"https:\/\/schema.org","@graph":[{"@type":"WebPage","@id":"https:\/\/women.lv\/product\/bio-balance-72h-dezodorants\/","url":"https:\/\/women.lv\/product\/bio-balance-72h-dezodorants\/","name":"Bio Balance 72h dezodorants","isPartOf":{"@id":"https:\/\/women.lv\/#website"},"primaryImageOfPage":{"@id":"https:\/\/women.lv\/product\/bio-balance-72h-dezodorants\/#primaryimage"},"image":{"@id":"https:\/\/women.lv\/product\/bio-balance-72h-dezodorants\/#primaryimage"},"thumbnailUrl":"https:\/\/women.lv\/wp-content\/uploads\/nc\/catalog\/Israel\/Lavilin\/bio-balance-72h-deodorant-stick.png","datePublished":"2023-11-27T14:56:05+00:00","dateModified":"2026-04-28T15:54:52+00:00","description":"Nodro\u0161ina maksim\u0101lu aizsardz\u012bbu pat p\u0113c du\u0161as, peld\u0113\u0161anas vai treni\u0146a. Nesatur alum\u012bniju, alkoholu un parab\u0113nus.","breadcrumb":{"@id":"https:\/\/women.lv\/product\/bio-balance-72h-dezodorants\/#breadcrumb"},"inLanguage":"ru-RU","potentialAction":[{"@type":"ReadAction","target":["https:\/\/women.lv\/product\/bio-balance-72h-dezodorants\/"]}]},{"@type":"ImageObject","inLanguage":"ru-RU","@id":"https:\/\/women.lv\/product\/bio-balance-72h-dezodorants\/#primaryimage","url":"https:\/\/women.lv\/wp-content\/uploads\/nc\/catalog\/Israel\/Lavilin\/bio-balance-72h-deodorant-stick.png","contentUrl":"https:\/\/women.lv\/wp-content\/uploads\/nc\/catalog\/Israel\/Lavilin\/bio-balance-72h-deodorant-stick.png","width":1043,"height":1039,"caption":"Bio Balance 72h dezodorants"},{"@type":"BreadcrumbList","@id":"https:\/\/women.lv\/product\/bio-balance-72h-dezodorants\/#breadcrumb","itemListElement":[{"@type":"ListItem","position":1,"name":"Home","item":"https:\/\/women.lv\/"},{"@type":"ListItem","position":2,"name":"Products","item":"https:\/\/women.lv\/en\/shop\/"},{"@type":"ListItem","position":3,"name":"Bio Balance 72h dezodorants"}]},{"@type":"WebSite","@id":"https:\/\/women.lv\/#website","url":"https:\/\/women.lv\/","name":"\u041c\u0430\u0433\u0430\u0437\u0438\u043d Women","description":"Uzdr\u012bksties b\u016bt skaista","potentialAction":[{"@type":"SearchAction","target":{"@type":"EntryPoint","urlTemplate":"https:\/\/women.lv\/?s={search_term_string}"},"query-input":{"@type":"PropertyValueSpecification","valueRequired":true,"valueName":"search_term_string"}}],"inLanguage":"ru-RU"}]}},"_links":{"self":[{"href":"https:\/\/women.lv\/ru\/wp-json\/wp\/v2\/product\/28915","targetHints":{"allow":["GET"]}}],"collection":[{"href":"https:\/\/women.lv\/ru\/wp-json\/wp\/v2\/product"}],"about":[{"href":"https:\/\/women.lv\/ru\/wp-json\/wp\/v2\/types\/product"}],"replies":[{"embeddable":true,"href":"https:\/\/women.lv\/ru\/wp-json\/wp\/v2\/comments?post=28915"}],"version-history":[{"count":4,"href":"https:\/\/women.lv\/ru\/wp-json\/wp\/v2\/product\/28915\/revisions"}],"predecessor-version":[{"id":32199,"href":"https:\/\/women.lv\/ru\/wp-json\/wp\/v2\/product\/28915\/revisions\/32199"}],"wp:featuredmedia":[{"embeddable":true,"href":"https:\/\/women.lv\/ru\/wp-json\/wp\/v2\/media\/28916"}],"wp:attachment":[{"href":"https:\/\/women.lv\/ru\/wp-json\/wp\/v2\/media?parent=28915"}],"wp:term":[{"taxonomy":"product_brand","embeddable":true,"href":"https:\/\/women.lv\/ru\/wp-json\/wp\/v2\/product_brand?post=28915"},{"taxonomy":"product_cat","embeddable":true,"href":"https:\/\/women.lv\/ru\/wp-json\/wp\/v2\/product_cat?post=28915"},{"taxonomy":"product_tag","embeddable":true,"href":"https:\/\/women.lv\/ru\/wp-json\/wp\/v2\/product_tag?post=28915"}],"curies":[{"name":"wp","href":"https:\/\/api.w.org\/{rel}","templated":true}]}}