{"id":28913,"date":"2023-11-27T14:29:24","date_gmt":"2023-11-27T14:29:24","guid":{"rendered":"https:\/\/women.lv\/?product=bio-spa-sieviesu-rullejamais-dezodorants"},"modified":"2025-11-05T13:26:29","modified_gmt":"2025-11-05T13:26:29","slug":"bio-spa-sieviesu-rullejamais-dezodorants","status":"publish","type":"product","link":"https:\/\/women.lv\/ru\/product\/bio-spa-sieviesu-rullejamais-dezodorants\/","title":{"rendered":"Bio Spa \u0416\u0435\u043d\u0441\u043a\u0438\u0439 \u0448\u0430\u0440\u0438\u043a\u043e\u0432\u044b\u0439 \u0434\u0435\u0437\u043e\u0434\u043e\u0440\u0430\u043d\u0442"},"content":{"rendered":"<p><span style=\"font-family: Helvetica;\"><span style=\"font-size: 18px;\">Maigs, notur\u012bgs rull\u0113jamais dezodorants, kas bag\u0101tin\u0101ts ar gran\u0101t\u0101bolu, ol\u012bvu un v\u012b\u0123u ekstraktiem. \u0160is dezodorants nodro\u0161in\u0101s Jums svaiguma saj\u016btu 24 stundas.<\/span><\/span><\/p>","protected":false},"excerpt":{"rendered":"<p>Maigs, notur\u012bgs rull\u0113jamais dezodorants, kas bag\u0101tin\u0101ts ar gran\u0101t\u0101bolu, ol\u012bvu un v\u012b\u0123u ekstraktiem. \u0160is dezodorants nodro\u0161in\u0101s Jums svaiguma saj\u016btu 24 stundas.<\/p>","protected":false},"featured_media":28914,"comment_status":"open","ping_status":"closed","template":"","meta":[],"product_brand":[],"product_cat":[2208,2229,2215],"product_tag":[3585,2244,2243,2933,3693,3691,2245,3692],"class_list":{"0":"post-28913","1":"product","2":"type-product","3":"status-publish","4":"has-post-thumbnail","6":"product_cat-kermena-kopsanas-lidzekii","7":"product_cat-antiperspiranti-dezodoranti","8":"product_cat-visi-produkti","9":"product_tag-bio-spa","10":"product_tag-israel","11":"product_tag-izraela","12":"product_tag-sea-of-spa","13":"product_tag-sieviesu-rullejamais-dezodorants","14":"product_tag-womens-deodorant-roll-on","15":"product_tag-2245","16":"product_tag-3692","17":"pa_brand_nc-sea-of-spa","18":"pa_ean_nc-3690","19":"pa_ean_nc-israel","21":"first","22":"instock","23":"taxable","24":"shipping-taxable","25":"purchasable","26":"product-type-simple"},"yoast_head":"<!-- This site is optimized with the Yoast SEO plugin v23.9 - https:\/\/yoast.com\/wordpress\/plugins\/seo\/ -->\n<title>Bio Spa Sievie\u0161u rull\u0113jamais dezodorants<\/title>\n<meta name=\"description\" content=\"Maigs, notur\u012bgs V\u012brie\u0161u rull\u0113jamais dezodorants, kas bag\u0101tin\u0101ts ar gran\u0101t\u0101bolu, ol\u012bvu un v\u012b\u0123u ekstraktiem. \u0160is dezodorants nodro\u0161in\u0101s Jums svaiguma saj\u016btu 24 stundas.\" \/>\n<meta name=\"robots\" content=\"index, follow, max-snippet:-1, max-image-preview:large, max-video-preview:-1\" \/>\n<link rel=\"canonical\" href=\"https:\/\/women.lv\/ru\/product\/bio-spa-sieviesu-rullejamais-dezodorants\/\" \/>\n<meta property=\"og:locale\" content=\"ru_RU\" \/>\n<meta property=\"og:type\" content=\"article\" \/>\n<meta property=\"og:title\" content=\"Bio Spa Sievie\u0161u rull\u0113jamais dezodorants\" \/>\n<meta property=\"og:description\" content=\"Maigs, notur\u012bgs V\u012brie\u0161u rull\u0113jamais dezodorants, kas bag\u0101tin\u0101ts ar gran\u0101t\u0101bolu, ol\u012bvu un v\u012b\u0123u ekstraktiem. \u0160is dezodorants nodro\u0161in\u0101s Jums svaiguma saj\u016btu 24 stundas.\" \/>\n<meta property=\"og:url\" content=\"https:\/\/women.lv\/ru\/product\/bio-spa-sieviesu-rullejamais-dezodorants\/\" \/>\n<meta property=\"og:site_name\" content=\"Women Veikals\" \/>\n<meta property=\"article:modified_time\" content=\"2025-11-05T13:26:29+00:00\" \/>\n<meta property=\"og:image\" content=\"https:\/\/women.lv\/wp-content\/uploads\/nc\/catalog\/SOS-Sea-of-Spa\/BIO-SPA\/women-deodorant-roll-on.jpg\" \/>\n\t<meta property=\"og:image:width\" content=\"1000\" \/>\n\t<meta property=\"og:image:height\" content=\"1000\" \/>\n\t<meta property=\"og:image:type\" content=\"image\/jpeg\" \/>\n<meta name=\"twitter:card\" content=\"summary_large_image\" \/>\n<meta name=\"twitter:label1\" content=\"\u041f\u0440\u0438\u043c\u0435\u0440\u043d\u043e\u0435 \u0432\u0440\u0435\u043c\u044f \u0434\u043b\u044f \u0447\u0442\u0435\u043d\u0438\u044f\" \/>\n\t<meta name=\"twitter:data1\" content=\"1 \u043c\u0438\u043d\u0443\u0442\u0430\" \/>\n<script type=\"application\/ld+json\" class=\"yoast-schema-graph\">{\"@context\":\"https:\/\/schema.org\",\"@graph\":[{\"@type\":\"WebPage\",\"@id\":\"https:\/\/women.lv\/product\/bio-spa-sieviesu-rullejamais-dezodorants\/\",\"url\":\"https:\/\/women.lv\/product\/bio-spa-sieviesu-rullejamais-dezodorants\/\",\"name\":\"Bio Spa Sievie\u0161u rull\u0113jamais dezodorants\",\"isPartOf\":{\"@id\":\"https:\/\/women.lv\/#website\"},\"primaryImageOfPage\":{\"@id\":\"https:\/\/women.lv\/product\/bio-spa-sieviesu-rullejamais-dezodorants\/#primaryimage\"},\"image\":{\"@id\":\"https:\/\/women.lv\/product\/bio-spa-sieviesu-rullejamais-dezodorants\/#primaryimage\"},\"thumbnailUrl\":\"https:\/\/women.lv\/wp-content\/uploads\/nc\/catalog\/SOS-Sea-of-Spa\/BIO-SPA\/women-deodorant-roll-on.jpg\",\"datePublished\":\"2023-11-27T14:29:24+00:00\",\"dateModified\":\"2025-11-05T13:26:29+00:00\",\"description\":\"Maigs, notur\u012bgs V\u012brie\u0161u rull\u0113jamais dezodorants, kas bag\u0101tin\u0101ts ar gran\u0101t\u0101bolu, ol\u012bvu un v\u012b\u0123u ekstraktiem. \u0160is dezodorants nodro\u0161in\u0101s Jums svaiguma saj\u016btu 24 stundas.\",\"breadcrumb\":{\"@id\":\"https:\/\/women.lv\/product\/bio-spa-sieviesu-rullejamais-dezodorants\/#breadcrumb\"},\"inLanguage\":\"ru-RU\",\"potentialAction\":[{\"@type\":\"ReadAction\",\"target\":[\"https:\/\/women.lv\/product\/bio-spa-sieviesu-rullejamais-dezodorants\/\"]}]},{\"@type\":\"ImageObject\",\"inLanguage\":\"ru-RU\",\"@id\":\"https:\/\/women.lv\/product\/bio-spa-sieviesu-rullejamais-dezodorants\/#primaryimage\",\"url\":\"https:\/\/women.lv\/wp-content\/uploads\/nc\/catalog\/SOS-Sea-of-Spa\/BIO-SPA\/women-deodorant-roll-on.jpg\",\"contentUrl\":\"https:\/\/women.lv\/wp-content\/uploads\/nc\/catalog\/SOS-Sea-of-Spa\/BIO-SPA\/women-deodorant-roll-on.jpg\",\"width\":1000,\"height\":1000,\"caption\":\"Bio Spa Sievie\u0161u rull\u0113jamais dezodorants\"},{\"@type\":\"BreadcrumbList\",\"@id\":\"https:\/\/women.lv\/product\/bio-spa-sieviesu-rullejamais-dezodorants\/#breadcrumb\",\"itemListElement\":[{\"@type\":\"ListItem\",\"position\":1,\"name\":\"Home\",\"item\":\"https:\/\/women.lv\/\"},{\"@type\":\"ListItem\",\"position\":2,\"name\":\"Products\",\"item\":\"https:\/\/women.lv\/en\/shop\/\"},{\"@type\":\"ListItem\",\"position\":3,\"name\":\"Bio Spa Sievie\u0161u rull\u0113jamais dezodorants\"}]},{\"@type\":\"WebSite\",\"@id\":\"https:\/\/women.lv\/#website\",\"url\":\"https:\/\/women.lv\/\",\"name\":\"Women Veikals\",\"description\":\"Uzdr\u012bksties b\u016bt skaista\",\"potentialAction\":[{\"@type\":\"SearchAction\",\"target\":{\"@type\":\"EntryPoint\",\"urlTemplate\":\"https:\/\/women.lv\/?s={search_term_string}\"},\"query-input\":{\"@type\":\"PropertyValueSpecification\",\"valueRequired\":true,\"valueName\":\"search_term_string\"}}],\"inLanguage\":\"ru-RU\"}]}<\/script>\n<!-- \/ Yoast SEO plugin. -->","yoast_head_json":{"title":"Bio Spa Sievie\u0161u rull\u0113jamais dezodorants","description":"Maigs, notur\u012bgs V\u012brie\u0161u rull\u0113jamais dezodorants, kas bag\u0101tin\u0101ts ar gran\u0101t\u0101bolu, ol\u012bvu un v\u012b\u0123u ekstraktiem. \u0160is dezodorants nodro\u0161in\u0101s Jums svaiguma saj\u016btu 24 stundas.","robots":{"index":"index","follow":"follow","max-snippet":"max-snippet:-1","max-image-preview":"max-image-preview:large","max-video-preview":"max-video-preview:-1"},"canonical":"https:\/\/women.lv\/ru\/product\/bio-spa-sieviesu-rullejamais-dezodorants\/","og_locale":"ru_RU","og_type":"article","og_title":"Bio Spa Sievie\u0161u rull\u0113jamais dezodorants","og_description":"Maigs, notur\u012bgs V\u012brie\u0161u rull\u0113jamais dezodorants, kas bag\u0101tin\u0101ts ar gran\u0101t\u0101bolu, ol\u012bvu un v\u012b\u0123u ekstraktiem. \u0160is dezodorants nodro\u0161in\u0101s Jums svaiguma saj\u016btu 24 stundas.","og_url":"https:\/\/women.lv\/ru\/product\/bio-spa-sieviesu-rullejamais-dezodorants\/","og_site_name":"Women Veikals","article_modified_time":"2025-11-05T13:26:29+00:00","og_image":[{"width":1000,"height":1000,"url":"https:\/\/women.lv\/wp-content\/uploads\/nc\/catalog\/SOS-Sea-of-Spa\/BIO-SPA\/women-deodorant-roll-on.jpg","type":"image\/jpeg"}],"twitter_card":"summary_large_image","twitter_misc":{"\u041f\u0440\u0438\u043c\u0435\u0440\u043d\u043e\u0435 \u0432\u0440\u0435\u043c\u044f \u0434\u043b\u044f \u0447\u0442\u0435\u043d\u0438\u044f":"1 \u043c\u0438\u043d\u0443\u0442\u0430"},"schema":{"@context":"https:\/\/schema.org","@graph":[{"@type":"WebPage","@id":"https:\/\/women.lv\/product\/bio-spa-sieviesu-rullejamais-dezodorants\/","url":"https:\/\/women.lv\/product\/bio-spa-sieviesu-rullejamais-dezodorants\/","name":"Bio Spa Sievie\u0161u rull\u0113jamais dezodorants","isPartOf":{"@id":"https:\/\/women.lv\/#website"},"primaryImageOfPage":{"@id":"https:\/\/women.lv\/product\/bio-spa-sieviesu-rullejamais-dezodorants\/#primaryimage"},"image":{"@id":"https:\/\/women.lv\/product\/bio-spa-sieviesu-rullejamais-dezodorants\/#primaryimage"},"thumbnailUrl":"https:\/\/women.lv\/wp-content\/uploads\/nc\/catalog\/SOS-Sea-of-Spa\/BIO-SPA\/women-deodorant-roll-on.jpg","datePublished":"2023-11-27T14:29:24+00:00","dateModified":"2025-11-05T13:26:29+00:00","description":"Maigs, notur\u012bgs V\u012brie\u0161u rull\u0113jamais dezodorants, kas bag\u0101tin\u0101ts ar gran\u0101t\u0101bolu, ol\u012bvu un v\u012b\u0123u ekstraktiem. \u0160is dezodorants nodro\u0161in\u0101s Jums svaiguma saj\u016btu 24 stundas.","breadcrumb":{"@id":"https:\/\/women.lv\/product\/bio-spa-sieviesu-rullejamais-dezodorants\/#breadcrumb"},"inLanguage":"ru-RU","potentialAction":[{"@type":"ReadAction","target":["https:\/\/women.lv\/product\/bio-spa-sieviesu-rullejamais-dezodorants\/"]}]},{"@type":"ImageObject","inLanguage":"ru-RU","@id":"https:\/\/women.lv\/product\/bio-spa-sieviesu-rullejamais-dezodorants\/#primaryimage","url":"https:\/\/women.lv\/wp-content\/uploads\/nc\/catalog\/SOS-Sea-of-Spa\/BIO-SPA\/women-deodorant-roll-on.jpg","contentUrl":"https:\/\/women.lv\/wp-content\/uploads\/nc\/catalog\/SOS-Sea-of-Spa\/BIO-SPA\/women-deodorant-roll-on.jpg","width":1000,"height":1000,"caption":"Bio Spa Sievie\u0161u rull\u0113jamais dezodorants"},{"@type":"BreadcrumbList","@id":"https:\/\/women.lv\/product\/bio-spa-sieviesu-rullejamais-dezodorants\/#breadcrumb","itemListElement":[{"@type":"ListItem","position":1,"name":"Home","item":"https:\/\/women.lv\/"},{"@type":"ListItem","position":2,"name":"Products","item":"https:\/\/women.lv\/en\/shop\/"},{"@type":"ListItem","position":3,"name":"Bio Spa Sievie\u0161u rull\u0113jamais dezodorants"}]},{"@type":"WebSite","@id":"https:\/\/women.lv\/#website","url":"https:\/\/women.lv\/","name":"Women Veikals","description":"Uzdr\u012bksties b\u016bt skaista","potentialAction":[{"@type":"SearchAction","target":{"@type":"EntryPoint","urlTemplate":"https:\/\/women.lv\/?s={search_term_string}"},"query-input":{"@type":"PropertyValueSpecification","valueRequired":true,"valueName":"search_term_string"}}],"inLanguage":"ru-RU"}]}},"_links":{"self":[{"href":"https:\/\/women.lv\/ru\/wp-json\/wp\/v2\/product\/28913","targetHints":{"allow":["GET"]}}],"collection":[{"href":"https:\/\/women.lv\/ru\/wp-json\/wp\/v2\/product"}],"about":[{"href":"https:\/\/women.lv\/ru\/wp-json\/wp\/v2\/types\/product"}],"replies":[{"embeddable":true,"href":"https:\/\/women.lv\/ru\/wp-json\/wp\/v2\/comments?post=28913"}],"version-history":[{"count":2,"href":"https:\/\/women.lv\/ru\/wp-json\/wp\/v2\/product\/28913\/revisions"}],"predecessor-version":[{"id":32101,"href":"https:\/\/women.lv\/ru\/wp-json\/wp\/v2\/product\/28913\/revisions\/32101"}],"wp:featuredmedia":[{"embeddable":true,"href":"https:\/\/women.lv\/ru\/wp-json\/wp\/v2\/media\/28914"}],"wp:attachment":[{"href":"https:\/\/women.lv\/ru\/wp-json\/wp\/v2\/media?parent=28913"}],"wp:term":[{"taxonomy":"product_brand","embeddable":true,"href":"https:\/\/women.lv\/ru\/wp-json\/wp\/v2\/product_brand?post=28913"},{"taxonomy":"product_cat","embeddable":true,"href":"https:\/\/women.lv\/ru\/wp-json\/wp\/v2\/product_cat?post=28913"},{"taxonomy":"product_tag","embeddable":true,"href":"https:\/\/women.lv\/ru\/wp-json\/wp\/v2\/product_tag?post=28913"}],"curies":[{"name":"wp","href":"https:\/\/api.w.org\/{rel}","templated":true}]}}