{"id":28907,"date":"2023-08-10T12:23:47","date_gmt":"2023-08-10T12:23:47","guid":{"rendered":"https:\/\/women.lv\/?product=black-pearl-hialurona-serums-sejai"},"modified":"2026-04-22T07:34:42","modified_gmt":"2026-04-22T05:34:42","slug":"black-pearl-royalty-hialurona-serums-sejai","status":"publish","type":"product","link":"https:\/\/women.lv\/ru\/product\/black-pearl-royalty-hialurona-serums-sejai\/","title":{"rendered":"\u0413\u0438\u0430\u043b\u0443\u0440\u043e\u043d\u043e\u0432\u0430\u044f \u0441\u044b\u0432\u043e\u0440\u043e\u0442\u043a\u0430 \u0434\u043b\u044f \u043b\u0438\u0446\u0430 Black Pearl"},"content":{"rendered":"<p><span style=\"font-size: 18px; font-family: Helvetica;\">\u0160is serums ir izveidots ar sp\u0113c\u012bgu koncentr\u0113tu dabisko \u0101du atbalsto\u0161o sast\u0101vda\u013cu mais\u012bjumu, un tas nodro\u0161ina bag\u0101t\u012bgu barojo\u0161u piedevu, lai uzlabotu jaun\u012bbu un gludu, gludu saj\u016btu. Seruma pamat\u0101 ir hialuronsk\u0101be, vit\u0101li svar\u012bga dab\u012bg\u0101 \u0101das sast\u0101vda\u013ca, kas saglab\u0101 mitrumu, veido aizsargbarjeru un uzlabo kolag\u0113na un elast\u012bna \u0161\u0137iedras.<\/span><\/p>\n<p><span style=\"font-family: Helvetica;\"><span style=\"font-size: 18px;\">Formul\u0101 ietilpst <b>ar\u012b A un E vitam\u012bnu kokteilis, k\u0101 ar\u012b provitam\u012bns B5<\/b>, kas nodro\u0161ina tie\u0161u antioksidantu sp\u0113ku, kas pal\u012bdz samazin\u0101t noveco\u0161an\u0101s paz\u012bmes, izl\u012bdzinot smalk\u0101s l\u012bnijas un grumbi\u0146as, k\u0101 ar\u012b palielinot \u0101das dabisko tvirtumu un elast\u012bbu.<\/span><\/span><\/p>\n<p><span style=\"font-family: Helvetica;\"><span style=\"font-size: 18px;\">Novatoriskais LipigenineTM ir barojo\u0161s lip\u012bdu mitrin\u0101t\u0101js, kas pal\u012bdz uztur\u0113t \u0101das dabisko hidrat\u0101cijas l\u012bdzsvaru, un ChronogeneTM ir izstr\u0101d\u0101ts, lai uzlabotu \u0101das dabiskos ikdienas re\u0123ener\u0101cijas ciklus optim\u0101lai pretnoveco\u0161an\u0101s iedarb\u012bbai un dabiskam \u0101das atdz\u012bvin\u0101\u0161anas stimulam.<\/span><\/span><\/p>\n<p><span style=\"font-family: Helvetica;\"><span style=\"font-size: 18px;\">Resveratrols ir novatorisks ar antioksidantiem bag\u0101ts sast\u0101vs, kas pal\u012bdz c\u012bn\u012bties ar br\u012bvajiem radik\u0101\u013ciem, lai uzlabotu \u0101das aizsardz\u012bbu. Ir zin\u0101ms, ka t\u012bri N\u0101ves j\u016bras miner\u0101li uzlabo asinsriti, no\u0146em atmiru\u0161\u0101s \u0101das \u0161\u016bnas un uzlabo \u0101das atjauno\u0161anos, radot jaunekl\u012bgu izskatu.<\/span><\/span><\/p>\n<p><span style=\"font-family: Helvetica;\"><span style=\"font-size: 18px;\">Naktssveces un smilts\u0113rk\u0161\u0137u e\u013c\u013cas nodro\u0161ina dabisko mitrin\u0101\u0161anu, kas atst\u0101j \u0101du barotu un piepild\u012btu. Ar hidr\u0101tiem bag\u0101tais skval\u0101ns, kas ieg\u016bts no organisk\u0101m ol\u012bv\u0101m, \u0101tri uzs\u016bcas, lai pal\u012bdz\u0113tu atjaunot un nomierin\u0101t \u0101du. \u0160is barojo\u0161ais serums, kas intens\u012bvi izstr\u0101d\u0101ts ar dab\u012bgu hialuronsk\u0101bi saturo\u0161u uzturvielu, ir \u013coti efekt\u012bvs \u0101das re\u0123ener\u0113t\u0101js un rehidrat\u0113t\u0101js.<\/span><\/span><\/p>","protected":false},"excerpt":{"rendered":"<p>\u042d\u0442\u0430 \u0441\u044b\u0432\u043e\u0440\u043e\u0442\u043a\u0430, \u0441\u043e\u0437\u0434\u0430\u043d\u043d\u0430\u044f \u043d\u0430 \u043e\u0441\u043d\u043e\u0432\u0435 \u043c\u043e\u0449\u043d\u043e\u0439 \u043a\u043e\u043d\u0446\u0435\u043d\u0442\u0440\u0438\u0440\u043e\u0432\u0430\u043d\u043d\u043e\u0439 \u0441\u043c\u0435\u0441\u0438 \u043d\u0430\u0442\u0443\u0440\u0430\u043b\u044c\u043d\u044b\u0445 \u0443\u0445\u0430\u0436\u0438\u0432\u0430\u044e\u0449\u0438\u0445 \u0437\u0430 \u043a\u043e\u0436\u0435\u0439 \u0438\u043d\u0433\u0440\u0435\u0434\u0438\u0435\u043d\u0442\u043e\u0432, \u043e\u0431\u0435\u0441\u043f\u0435\u0447\u0438\u0432\u0430\u0435\u0442 \u0431\u043e\u0433\u0430\u0442\u043e\u0435 \u043f\u0438\u0442\u0430\u043d\u0438\u0435 \u0438 \u0443\u043b\u0443\u0447\u0448\u0435\u043d\u0438\u0435 \u0441\u043e\u0441\u0442\u043e\u044f\u043d\u0438\u044f \u043a\u043e\u0436\u0438.<\/p>","protected":false},"featured_media":28908,"comment_status":"open","ping_status":"closed","template":"","meta":[],"product_brand":[],"product_cat":[2201,2200,2202,2215],"product_tag":[2433,3680,3679,2244,2243,3681,2245],"class_list":{"0":"post-28907","1":"product","2":"type-product","3":"status-publish","4":"has-post-thumbnail","6":"product_cat-pretnovecosanas-un-pretgrumbu","7":"product_cat-sejas-kopsanas-lidzekli","8":"product_cat-serumi","9":"product_cat-visi-produkti","10":"product_tag-black-pearl-royalty","11":"product_tag-hialurona-serums-sejai","12":"product_tag-hyaluronic-facial-serum","13":"product_tag-israel","14":"product_tag-izraela","15":"product_tag-3681","16":"product_tag-2245","17":"pa_brand_nc-black-pearl-royalty","18":"pa_ean_nc-3678","19":"pa_ean_nc-israel","21":"first","22":"instock","23":"sale","24":"taxable","25":"shipping-taxable","26":"purchasable","27":"product-type-simple"},"yoast_head":"<!-- This site is optimized with the Yoast SEO plugin v27.5 - https:\/\/yoast.com\/product\/yoast-seo-wordpress\/ -->\n<title>Black Pearl Hialurona Serums Sejai<\/title>\n<meta name=\"description\" content=\"Formul\u0101 ietilpst ar\u012b A un E vitam\u012bnu kokteilis, k\u0101 ar\u012b provitam\u012bns B5, kas nodro\u0161ina tie\u0161u antioksidantu sp\u0113ku, kas pal\u012bdz samazin\u0101t noveco\u0161an\u0101s paz\u012bmes, izl\u012bdzinot smalk\u0101s l\u012bnijas un grumbi\u0146as, k\u0101 ar\u012b palielinot \u0101das dabisko tvirtumu un elast\u012bbu.\" \/>\n<meta name=\"robots\" content=\"index, follow, max-snippet:-1, max-image-preview:large, max-video-preview:-1\" \/>\n<link rel=\"canonical\" href=\"https:\/\/women.lv\/ru\/product\/black-pearl-royalty-hialurona-serums-sejai\/\" \/>\n<meta property=\"og:locale\" content=\"ru_RU\" \/>\n<meta property=\"og:type\" content=\"article\" \/>\n<meta property=\"og:title\" content=\"Black Pearl Hialurona Serums Sejai\" \/>\n<meta property=\"og:description\" content=\"Formul\u0101 ietilpst ar\u012b A un E vitam\u012bnu kokteilis, k\u0101 ar\u012b provitam\u012bns B5, kas nodro\u0161ina tie\u0161u antioksidantu sp\u0113ku, kas pal\u012bdz samazin\u0101t noveco\u0161an\u0101s paz\u012bmes, izl\u012bdzinot smalk\u0101s l\u012bnijas un grumbi\u0146as, k\u0101 ar\u012b palielinot \u0101das dabisko tvirtumu un elast\u012bbu.\" \/>\n<meta property=\"og:url\" content=\"https:\/\/women.lv\/ru\/product\/black-pearl-royalty-hialurona-serums-sejai\/\" \/>\n<meta property=\"og:site_name\" content=\"Women Veikals\" \/>\n<meta property=\"article:modified_time\" content=\"2026-04-22T05:34:42+00:00\" \/>\n<meta property=\"og:image\" content=\"https:\/\/women.lv\/wp-content\/uploads\/nc\/catalog\/Israel\/Sea-of-Spa\/Black-Pearl\/BP-hyaluronic-facial-serum.JPG\" \/>\n\t<meta property=\"og:image:width\" content=\"928\" \/>\n\t<meta property=\"og:image:height\" content=\"933\" \/>\n\t<meta property=\"og:image:type\" content=\"image\/jpeg\" \/>\n<meta name=\"twitter:card\" content=\"summary_large_image\" \/>\n<meta name=\"twitter:label1\" content=\"\u041f\u0440\u0438\u043c\u0435\u0440\u043d\u043e\u0435 \u0432\u0440\u0435\u043c\u044f \u0434\u043b\u044f \u0447\u0442\u0435\u043d\u0438\u044f\" \/>\n\t<meta name=\"twitter:data1\" content=\"1 \u043c\u0438\u043d\u0443\u0442\u0430\" \/>\n<script type=\"application\/ld+json\" class=\"yoast-schema-graph\">{\"@context\":\"https:\\\/\\\/schema.org\",\"@graph\":[{\"@type\":\"WebPage\",\"@id\":\"https:\\\/\\\/women.lv\\\/product\\\/black-pearl-royalty-hialurona-serums-sejai\\\/\",\"url\":\"https:\\\/\\\/women.lv\\\/product\\\/black-pearl-royalty-hialurona-serums-sejai\\\/\",\"name\":\"Black Pearl Hialurona Serums Sejai\",\"isPartOf\":{\"@id\":\"https:\\\/\\\/women.lv\\\/#website\"},\"primaryImageOfPage\":{\"@id\":\"https:\\\/\\\/women.lv\\\/product\\\/black-pearl-royalty-hialurona-serums-sejai\\\/#primaryimage\"},\"image\":{\"@id\":\"https:\\\/\\\/women.lv\\\/product\\\/black-pearl-royalty-hialurona-serums-sejai\\\/#primaryimage\"},\"thumbnailUrl\":\"https:\\\/\\\/women.lv\\\/wp-content\\\/uploads\\\/nc\\\/catalog\\\/Israel\\\/Sea-of-Spa\\\/Black-Pearl\\\/BP-hyaluronic-facial-serum.JPG\",\"datePublished\":\"2023-08-10T12:23:47+00:00\",\"dateModified\":\"2026-04-22T05:34:42+00:00\",\"description\":\"Formul\u0101 ietilpst ar\u012b A un E vitam\u012bnu kokteilis, k\u0101 ar\u012b provitam\u012bns B5, kas nodro\u0161ina tie\u0161u antioksidantu sp\u0113ku, kas pal\u012bdz samazin\u0101t noveco\u0161an\u0101s paz\u012bmes, izl\u012bdzinot smalk\u0101s l\u012bnijas un grumbi\u0146as, k\u0101 ar\u012b palielinot \u0101das dabisko tvirtumu un elast\u012bbu.\",\"breadcrumb\":{\"@id\":\"https:\\\/\\\/women.lv\\\/product\\\/black-pearl-royalty-hialurona-serums-sejai\\\/#breadcrumb\"},\"inLanguage\":\"ru-RU\",\"potentialAction\":[{\"@type\":\"ReadAction\",\"target\":[\"https:\\\/\\\/women.lv\\\/product\\\/black-pearl-royalty-hialurona-serums-sejai\\\/\"]}]},{\"@type\":\"ImageObject\",\"inLanguage\":\"ru-RU\",\"@id\":\"https:\\\/\\\/women.lv\\\/product\\\/black-pearl-royalty-hialurona-serums-sejai\\\/#primaryimage\",\"url\":\"https:\\\/\\\/women.lv\\\/wp-content\\\/uploads\\\/nc\\\/catalog\\\/Israel\\\/Sea-of-Spa\\\/Black-Pearl\\\/BP-hyaluronic-facial-serum.JPG\",\"contentUrl\":\"https:\\\/\\\/women.lv\\\/wp-content\\\/uploads\\\/nc\\\/catalog\\\/Israel\\\/Sea-of-Spa\\\/Black-Pearl\\\/BP-hyaluronic-facial-serum.JPG\",\"width\":928,\"height\":933,\"caption\":\"Black Pearl Hialurona Serums Sejai\"},{\"@type\":\"BreadcrumbList\",\"@id\":\"https:\\\/\\\/women.lv\\\/product\\\/black-pearl-royalty-hialurona-serums-sejai\\\/#breadcrumb\",\"itemListElement\":[{\"@type\":\"ListItem\",\"position\":1,\"name\":\"Home\",\"item\":\"https:\\\/\\\/women.lv\\\/\"},{\"@type\":\"ListItem\",\"position\":2,\"name\":\"Products\",\"item\":\"https:\\\/\\\/women.lv\\\/en\\\/shop\\\/\"},{\"@type\":\"ListItem\",\"position\":3,\"name\":\"Black Pearl Hialurona Serums Sejai\"}]},{\"@type\":\"WebSite\",\"@id\":\"https:\\\/\\\/women.lv\\\/#website\",\"url\":\"https:\\\/\\\/women.lv\\\/\",\"name\":\"Women Veikals\",\"description\":\"Uzdr\u012bksties b\u016bt skaista\",\"potentialAction\":[{\"@type\":\"SearchAction\",\"target\":{\"@type\":\"EntryPoint\",\"urlTemplate\":\"https:\\\/\\\/women.lv\\\/?s={search_term_string}\"},\"query-input\":{\"@type\":\"PropertyValueSpecification\",\"valueRequired\":true,\"valueName\":\"search_term_string\"}}],\"inLanguage\":\"ru-RU\"}]}<\/script>\n<!-- \/ Yoast SEO plugin. -->","yoast_head_json":{"title":"\u0413\u0438\u0430\u043b\u0443\u0440\u043e\u043d\u043e\u0432\u0430\u044f \u0441\u044b\u0432\u043e\u0440\u043e\u0442\u043a\u0430 \u0434\u043b\u044f \u043b\u0438\u0446\u0430 Black Pearl","description":"Formul\u0101 ietilpst ar\u012b A un E vitam\u012bnu kokteilis, k\u0101 ar\u012b provitam\u012bns B5, kas nodro\u0161ina tie\u0161u antioksidantu sp\u0113ku, kas pal\u012bdz samazin\u0101t noveco\u0161an\u0101s paz\u012bmes, izl\u012bdzinot smalk\u0101s l\u012bnijas un grumbi\u0146as, k\u0101 ar\u012b palielinot \u0101das dabisko tvirtumu un elast\u012bbu.","robots":{"index":"index","follow":"follow","max-snippet":"max-snippet:-1","max-image-preview":"max-image-preview:large","max-video-preview":"max-video-preview:-1"},"canonical":"https:\/\/women.lv\/ru\/product\/black-pearl-royalty-hialurona-serums-sejai\/","og_locale":"ru_RU","og_type":"article","og_title":"Black Pearl Hialurona Serums Sejai","og_description":"Formul\u0101 ietilpst ar\u012b A un E vitam\u012bnu kokteilis, k\u0101 ar\u012b provitam\u012bns B5, kas nodro\u0161ina tie\u0161u antioksidantu sp\u0113ku, kas pal\u012bdz samazin\u0101t noveco\u0161an\u0101s paz\u012bmes, izl\u012bdzinot smalk\u0101s l\u012bnijas un grumbi\u0146as, k\u0101 ar\u012b palielinot \u0101das dabisko tvirtumu un elast\u012bbu.","og_url":"https:\/\/women.lv\/ru\/product\/black-pearl-royalty-hialurona-serums-sejai\/","og_site_name":"Women Veikals","article_modified_time":"2026-04-22T05:34:42+00:00","og_image":[{"width":928,"height":933,"url":"https:\/\/women.lv\/wp-content\/uploads\/nc\/catalog\/Israel\/Sea-of-Spa\/Black-Pearl\/BP-hyaluronic-facial-serum.JPG","type":"image\/jpeg"}],"twitter_card":"summary_large_image","twitter_misc":{"\u041f\u0440\u0438\u043c\u0435\u0440\u043d\u043e\u0435 \u0432\u0440\u0435\u043c\u044f \u0434\u043b\u044f \u0447\u0442\u0435\u043d\u0438\u044f":"1 \u043c\u0438\u043d\u0443\u0442\u0430"},"schema":{"@context":"https:\/\/schema.org","@graph":[{"@type":"WebPage","@id":"https:\/\/women.lv\/product\/black-pearl-royalty-hialurona-serums-sejai\/","url":"https:\/\/women.lv\/product\/black-pearl-royalty-hialurona-serums-sejai\/","name":"\u0413\u0438\u0430\u043b\u0443\u0440\u043e\u043d\u043e\u0432\u0430\u044f \u0441\u044b\u0432\u043e\u0440\u043e\u0442\u043a\u0430 \u0434\u043b\u044f \u043b\u0438\u0446\u0430 Black Pearl","isPartOf":{"@id":"https:\/\/women.lv\/#website"},"primaryImageOfPage":{"@id":"https:\/\/women.lv\/product\/black-pearl-royalty-hialurona-serums-sejai\/#primaryimage"},"image":{"@id":"https:\/\/women.lv\/product\/black-pearl-royalty-hialurona-serums-sejai\/#primaryimage"},"thumbnailUrl":"https:\/\/women.lv\/wp-content\/uploads\/nc\/catalog\/Israel\/Sea-of-Spa\/Black-Pearl\/BP-hyaluronic-facial-serum.JPG","datePublished":"2023-08-10T12:23:47+00:00","dateModified":"2026-04-22T05:34:42+00:00","description":"Formul\u0101 ietilpst ar\u012b A un E vitam\u012bnu kokteilis, k\u0101 ar\u012b provitam\u012bns B5, kas nodro\u0161ina tie\u0161u antioksidantu sp\u0113ku, kas pal\u012bdz samazin\u0101t noveco\u0161an\u0101s paz\u012bmes, izl\u012bdzinot smalk\u0101s l\u012bnijas un grumbi\u0146as, k\u0101 ar\u012b palielinot \u0101das dabisko tvirtumu un elast\u012bbu.","breadcrumb":{"@id":"https:\/\/women.lv\/product\/black-pearl-royalty-hialurona-serums-sejai\/#breadcrumb"},"inLanguage":"ru-RU","potentialAction":[{"@type":"ReadAction","target":["https:\/\/women.lv\/product\/black-pearl-royalty-hialurona-serums-sejai\/"]}]},{"@type":"ImageObject","inLanguage":"ru-RU","@id":"https:\/\/women.lv\/product\/black-pearl-royalty-hialurona-serums-sejai\/#primaryimage","url":"https:\/\/women.lv\/wp-content\/uploads\/nc\/catalog\/Israel\/Sea-of-Spa\/Black-Pearl\/BP-hyaluronic-facial-serum.JPG","contentUrl":"https:\/\/women.lv\/wp-content\/uploads\/nc\/catalog\/Israel\/Sea-of-Spa\/Black-Pearl\/BP-hyaluronic-facial-serum.JPG","width":928,"height":933,"caption":"Black Pearl Hialurona Serums Sejai"},{"@type":"BreadcrumbList","@id":"https:\/\/women.lv\/product\/black-pearl-royalty-hialurona-serums-sejai\/#breadcrumb","itemListElement":[{"@type":"ListItem","position":1,"name":"Home","item":"https:\/\/women.lv\/"},{"@type":"ListItem","position":2,"name":"Products","item":"https:\/\/women.lv\/en\/shop\/"},{"@type":"ListItem","position":3,"name":"Black Pearl Hialurona Serums Sejai"}]},{"@type":"WebSite","@id":"https:\/\/women.lv\/#website","url":"https:\/\/women.lv\/","name":"\u041c\u0430\u0433\u0430\u0437\u0438\u043d Women","description":"Uzdr\u012bksties b\u016bt skaista","potentialAction":[{"@type":"SearchAction","target":{"@type":"EntryPoint","urlTemplate":"https:\/\/women.lv\/?s={search_term_string}"},"query-input":{"@type":"PropertyValueSpecification","valueRequired":true,"valueName":"search_term_string"}}],"inLanguage":"ru-RU"}]}},"_links":{"self":[{"href":"https:\/\/women.lv\/ru\/wp-json\/wp\/v2\/product\/28907","targetHints":{"allow":["GET"]}}],"collection":[{"href":"https:\/\/women.lv\/ru\/wp-json\/wp\/v2\/product"}],"about":[{"href":"https:\/\/women.lv\/ru\/wp-json\/wp\/v2\/types\/product"}],"replies":[{"embeddable":true,"href":"https:\/\/women.lv\/ru\/wp-json\/wp\/v2\/comments?post=28907"}],"version-history":[{"count":0,"href":"https:\/\/women.lv\/ru\/wp-json\/wp\/v2\/product\/28907\/revisions"}],"wp:featuredmedia":[{"embeddable":true,"href":"https:\/\/women.lv\/ru\/wp-json\/wp\/v2\/media\/28908"}],"wp:attachment":[{"href":"https:\/\/women.lv\/ru\/wp-json\/wp\/v2\/media?parent=28907"}],"wp:term":[{"taxonomy":"product_brand","embeddable":true,"href":"https:\/\/women.lv\/ru\/wp-json\/wp\/v2\/product_brand?post=28907"},{"taxonomy":"product_cat","embeddable":true,"href":"https:\/\/women.lv\/ru\/wp-json\/wp\/v2\/product_cat?post=28907"},{"taxonomy":"product_tag","embeddable":true,"href":"https:\/\/women.lv\/ru\/wp-json\/wp\/v2\/product_tag?post=28907"}],"curies":[{"name":"wp","href":"https:\/\/api.w.org\/{rel}","templated":true}]}}