{"id":28898,"date":"2023-03-15T17:15:42","date_gmt":"2023-03-15T17:15:42","guid":{"rendered":"https:\/\/women.lv\/?product=intensiva-matu-maska-ar-ricinellu-makadamijas-un-argana-ellu"},"modified":"2026-03-21T11:43:28","modified_gmt":"2026-03-21T09:43:28","slug":"lv-intensiva-matu-maska-ar-ricinellu-makadamijas-un-argana-ellu","status":"publish","type":"product","link":"https:\/\/women.lv\/ru\/product\/lv-intensiva-matu-maska-ar-ricinellu-makadamijas-un-argana-ellu\/","title":{"rendered":"\u0418\u043d\u0442\u0435\u043d\u0441\u0438\u0432\u043d\u0430\u044f \u043c\u0430\u0441\u043a\u0430 \u0434\u043b\u044f \u0432\u043e\u043b\u043e\u0441 \u0441 \u043a\u0430\u0441\u0442\u043e\u0440\u043e\u0432\u044b\u043c \u043c\u0430\u0441\u043b\u043e\u043c, \u043c\u0430\u0441\u043b\u043e\u043c \u043c\u0430\u043a\u0430\u0434\u0430\u043c\u0438\u0438 \u0438 \u0430\u0440\u0433\u0430\u043d\u043e\u0432\u044b\u043c \u043c\u0430\u0441\u043b\u043e\u043c."},"content":{"rendered":"<p><span style=\"font-family: Helvetica;\"><span style=\"font-size: 18px;\">\u0423\u043a\u0440\u0435\u043f\u043b\u044f\u044e\u0449\u0430\u044f \u0438 \u0440\u0435\u0433\u0435\u043d\u0435\u0440\u0438\u0440\u0443\u044e\u0449\u0430\u044f \u043b\u0435\u0447\u0435\u0431\u043d\u0430\u044f \u043c\u0430\u0441\u043a\u0430 \u0441 \u043a\u0430\u0441\u0442\u043e\u0440\u043e\u0432\u044b\u043c \u043c\u0430\u0441\u043b\u043e\u043c \u0414\u043b\u044f \u0434\u043e\u043f\u043e\u043b\u043d\u0438\u0442\u0435\u043b\u044c\u043d\u043e\u0433\u043e \u0443\u0432\u043b\u0430\u0436\u043d\u0435\u043d\u0438\u044f \u0438 \u0443\u043a\u0440\u0435\u043f\u043b\u0435\u043d\u0438\u044f \u0432\u043e\u043b\u043e\u043a\u043e\u043d \u0432\u043e\u043b\u043e\u0441 \u0441 \u043d\u0430\u0442\u0443\u0440\u0430\u043b\u044c\u043d\u044b\u043c\u0438 \u043c\u0430\u0441\u043b\u0430\u043c\u0438 \u0438 \u044d\u043a\u0441\u0442\u0440\u0430\u043a\u0442\u0430\u043c\u0438, \u0442\u0430\u043a\u0438\u043c\u0438 \u043a\u0430\u043a: \u043c\u0430\u0441\u043b\u043e \u0448\u0438, \u043a\u0430\u0441\u0442\u043e\u0440\u043e\u0432\u043e\u0435 \u043c\u0430\u0441\u043b\u043e \u0438 \u043c\u0430\u0441\u043b\u043e \u043c\u0430\u043a\u0430\u0434\u0430\u043c\u0438\u0438. \u0412\u043e\u0441\u0441\u0442\u0430\u043d\u0430\u0432\u043b\u0438\u0432\u0430\u0435\u0442 \u0441\u0438\u043b\u0443 \u0438 \u0443\u0441\u0442\u043e\u0439\u0447\u0438\u0432\u043e\u0441\u0442\u044c \u043f\u043e\u0432\u0440\u0435\u0436\u0434\u0435\u043d\u043d\u044b\u0445, \u043b\u043e\u043c\u043a\u0438\u0445 \u0438\u043b\u0438 \u0445\u0438\u043c\u0438\u0447\u0435\u0441\u043a\u0438 \u043e\u0431\u0440\u0430\u0431\u043e\u0442\u0430\u043d\u043d\u044b\u0445 \u0432\u043e\u043b\u043e\u0441. \u041c\u0430\u0441\u043a\u0430 \u0433\u043b\u0443\u0431\u043e\u043a\u043e\u0433\u043e \u043a\u043e\u043d\u0434\u0438\u0446\u0438\u043e\u043d\u0438\u0440\u043e\u0432\u0430\u043d\u0438\u044f \u043f\u043e\u0434\u0434\u0435\u0440\u0436\u0438\u0432\u0430\u0435\u0442 \u044d\u043b\u0430\u0441\u0442\u0438\u0447\u043d\u043e\u0441\u0442\u044c \u0432\u043e\u043b\u043e\u0441, \u0443\u043c\u0435\u043d\u044c\u0448\u0430\u0435\u0442 \u0438\u0445 \u043b\u043e\u043c\u043a\u043e\u0441\u0442\u044c \u0438 \u0432\u044b\u043f\u0430\u0434\u0435\u043d\u0438\u0435. \u0418\u0434\u0435\u0430\u043b\u044c\u043d\u043e \u043f\u043e\u0434\u0445\u043e\u0434\u0438\u0442 \u0434\u043b\u044f \u0442\u0435\u0445, \u043a\u0442\u043e \u0440\u0435\u0433\u0443\u043b\u044f\u0440\u043d\u043e \u043a\u0440\u0430\u0441\u0438\u0442, \u0432\u044b\u043f\u0440\u044f\u043c\u043b\u044f\u0435\u0442, \u0437\u0430\u0432\u0438\u0432\u0430\u0435\u0442 \u0438\u043b\u0438 \u0442\u0435\u0440\u043c\u0438\u0447\u0435\u0441\u043a\u0438 \u0443\u043a\u043b\u0430\u0434\u044b\u0432\u0430\u0435\u0442 (\u043e\u0431\u0440\u0430\u0431\u0430\u0442\u044b\u0432\u0430\u0435\u0442) \u0432\u043e\u043b\u043e\u0441\u044b.<\/span><\/span><\/p>","protected":false},"excerpt":{"rendered":"<p>\u0423\u043a\u0440\u0435\u043f\u043b\u044f\u044e\u0449\u0430\u044f \u0438 \u0440\u0435\u0433\u0435\u043d\u0435\u0440\u0438\u0440\u0443\u044e\u0449\u0430\u044f \u043b\u0435\u0447\u0435\u0431\u043d\u0430\u044f \u043c\u0430\u0441\u043a\u0430 \u0441 \u043a\u0430\u0441\u0442\u043e\u0440\u043e\u0432\u044b\u043c \u043c\u0430\u0441\u043b\u043e\u043c. \u0414\u043b\u044f \u0434\u043e\u043f\u043e\u043b\u043d\u0438\u0442\u0435\u043b\u044c\u043d\u043e\u0433\u043e \u0443\u0432\u043b\u0430\u0436\u043d\u0435\u043d\u0438\u044f \u0438 \u0443\u043a\u0440\u0435\u043f\u043b\u0435\u043d\u0438\u044f \u0432\u043e\u043b\u043e\u043a\u043e\u043d \u0432\u043e\u043b\u043e\u0441 \u0441 \u043d\u0430\u0442\u0443\u0440\u0430\u043b\u044c\u043d\u044b\u043c\u0438 \u043c\u0430\u0441\u043b\u0430\u043c\u0438 \u0438 \u044d\u043a\u0441\u0442\u0440\u0430\u043a\u0442\u0430\u043c\u0438, \u0442\u0430\u043a\u0438\u043c\u0438 \u043a\u0430\u043a: \u043c\u0430\u0441\u043b\u043e \u0448\u0438,<\/p>","protected":false},"featured_media":29623,"comment_status":"open","ping_status":"closed","template":"","meta":[],"product_brand":[],"product_cat":[2204,2207,2215],"product_tag":[3668,3664,2244,2243,3665,3669,3643,2245,3666,3667],"class_list":{"0":"post-28898","1":"product","2":"type-product","3":"status-publish","4":"has-post-thumbnail","6":"product_cat-matu-kopsanas-lidzekli","7":"product_cat-matu-maskas","8":"product_cat-visi-produkti","9":"product_tag-intensiva-matu-maska-ar-ricinellu","10":"product_tag-intensive-hair-mask-with-castor-oil","11":"product_tag-israel","12":"product_tag-izraela","13":"product_tag-macadamia-oil-and-argan-oil","14":"product_tag-makadamijas-un-argana-ellu","15":"product_tag-peptid","16":"product_tag-2245","17":"product_tag-3666","18":"product_tag-3667","19":"pa_brand_nc-peptid","20":"pa_ean_nc-3663","21":"pa_ean_nc-israel","23":"first","24":"instock","25":"sale","26":"taxable","27":"shipping-taxable","28":"purchasable","29":"product-type-simple"},"yoast_head":"<!-- This site is optimized with the Yoast SEO plugin v23.9 - https:\/\/yoast.com\/wordpress\/plugins\/seo\/ -->\n<title>Intens\u012bva matu maska ar r\u012bcine\u013c\u013cu, makad\u0101mijas un argana e\u013c\u013cu<\/title>\n<meta name=\"description\" content=\"Atjauno sp\u0113ku un notur\u012bbu boj\u0101tiem, trausliem vai \u0137\u012bmiski apstr\u0101d\u0101tiem matiem.\" \/>\n<meta name=\"robots\" content=\"index, follow, max-snippet:-1, max-image-preview:large, max-video-preview:-1\" \/>\n<link rel=\"canonical\" href=\"https:\/\/women.lv\/ru\/product\/lv-intensiva-matu-maska-ar-ricinellu-makadamijas-un-argana-ellu\/\" \/>\n<meta property=\"og:locale\" content=\"ru_RU\" \/>\n<meta property=\"og:type\" content=\"article\" \/>\n<meta property=\"og:title\" content=\"Intens\u012bva matu maska ar r\u012bcine\u013c\u013cu, makad\u0101mijas un argana e\u013c\u013cu\" \/>\n<meta property=\"og:description\" content=\"Atjauno sp\u0113ku un notur\u012bbu boj\u0101tiem, trausliem vai \u0137\u012bmiski apstr\u0101d\u0101tiem matiem.\" \/>\n<meta property=\"og:url\" content=\"https:\/\/women.lv\/ru\/product\/lv-intensiva-matu-maska-ar-ricinellu-makadamijas-un-argana-ellu\/\" \/>\n<meta property=\"og:site_name\" content=\"Women Veikals\" \/>\n<meta property=\"article:modified_time\" content=\"2026-03-21T09:43:28+00:00\" \/>\n<meta property=\"og:image\" content=\"https:\/\/women.lv\/wp-content\/uploads\/2023\/03\/peptid-castor-oil-macadamia-intensive-mask.jpg\" \/>\n\t<meta property=\"og:image:width\" content=\"1080\" \/>\n\t<meta property=\"og:image:height\" content=\"1080\" \/>\n\t<meta property=\"og:image:type\" content=\"image\/jpeg\" \/>\n<meta name=\"twitter:card\" content=\"summary_large_image\" \/>\n<script type=\"application\/ld+json\" class=\"yoast-schema-graph\">{\"@context\":\"https:\/\/schema.org\",\"@graph\":[{\"@type\":\"WebPage\",\"@id\":\"https:\/\/women.lv\/product\/lv-intensiva-matu-maska-ar-ricinellu-makadamijas-un-argana-ellu\/\",\"url\":\"https:\/\/women.lv\/product\/lv-intensiva-matu-maska-ar-ricinellu-makadamijas-un-argana-ellu\/\",\"name\":\"Intens\u012bva matu maska ar r\u012bcine\u013c\u013cu, makad\u0101mijas un argana e\u013c\u013cu\",\"isPartOf\":{\"@id\":\"https:\/\/women.lv\/#website\"},\"primaryImageOfPage\":{\"@id\":\"https:\/\/women.lv\/product\/lv-intensiva-matu-maska-ar-ricinellu-makadamijas-un-argana-ellu\/#primaryimage\"},\"image\":{\"@id\":\"https:\/\/women.lv\/product\/lv-intensiva-matu-maska-ar-ricinellu-makadamijas-un-argana-ellu\/#primaryimage\"},\"thumbnailUrl\":\"https:\/\/women.lv\/wp-content\/uploads\/2023\/03\/peptid-castor-oil-macadamia-intensive-mask.jpg\",\"datePublished\":\"2023-03-15T17:15:42+00:00\",\"dateModified\":\"2026-03-21T09:43:28+00:00\",\"description\":\"Atjauno sp\u0113ku un notur\u012bbu boj\u0101tiem, trausliem vai \u0137\u012bmiski apstr\u0101d\u0101tiem matiem.\",\"breadcrumb\":{\"@id\":\"https:\/\/women.lv\/product\/lv-intensiva-matu-maska-ar-ricinellu-makadamijas-un-argana-ellu\/#breadcrumb\"},\"inLanguage\":\"ru-RU\",\"potentialAction\":[{\"@type\":\"ReadAction\",\"target\":[\"https:\/\/women.lv\/product\/lv-intensiva-matu-maska-ar-ricinellu-makadamijas-un-argana-ellu\/\"]}]},{\"@type\":\"ImageObject\",\"inLanguage\":\"ru-RU\",\"@id\":\"https:\/\/women.lv\/product\/lv-intensiva-matu-maska-ar-ricinellu-makadamijas-un-argana-ellu\/#primaryimage\",\"url\":\"https:\/\/women.lv\/wp-content\/uploads\/2023\/03\/peptid-castor-oil-macadamia-intensive-mask.jpg\",\"contentUrl\":\"https:\/\/women.lv\/wp-content\/uploads\/2023\/03\/peptid-castor-oil-macadamia-intensive-mask.jpg\",\"width\":1080,\"height\":1080},{\"@type\":\"BreadcrumbList\",\"@id\":\"https:\/\/women.lv\/product\/lv-intensiva-matu-maska-ar-ricinellu-makadamijas-un-argana-ellu\/#breadcrumb\",\"itemListElement\":[{\"@type\":\"ListItem\",\"position\":1,\"name\":\"Home\",\"item\":\"https:\/\/women.lv\/\"},{\"@type\":\"ListItem\",\"position\":2,\"name\":\"Products\",\"item\":\"https:\/\/women.lv\/en\/shop\/\"},{\"@type\":\"ListItem\",\"position\":3,\"name\":\"Intens\u012bva matu maska ar r\u012bcine\u013c\u013cu, makad\u0101mijas un argana e\u013c\u013cu\"}]},{\"@type\":\"WebSite\",\"@id\":\"https:\/\/women.lv\/#website\",\"url\":\"https:\/\/women.lv\/\",\"name\":\"Women Veikals\",\"description\":\"Uzdr\u012bksties b\u016bt skaista\",\"potentialAction\":[{\"@type\":\"SearchAction\",\"target\":{\"@type\":\"EntryPoint\",\"urlTemplate\":\"https:\/\/women.lv\/?s={search_term_string}\"},\"query-input\":{\"@type\":\"PropertyValueSpecification\",\"valueRequired\":true,\"valueName\":\"search_term_string\"}}],\"inLanguage\":\"ru-RU\"}]}<\/script>\n<!-- \/ Yoast SEO plugin. -->","yoast_head_json":{"title":"Intens\u012bva matu maska ar r\u012bcine\u013c\u013cu, makad\u0101mijas un argana e\u013c\u013cu","description":"Atjauno sp\u0113ku un notur\u012bbu boj\u0101tiem, trausliem vai \u0137\u012bmiski apstr\u0101d\u0101tiem matiem.","robots":{"index":"index","follow":"follow","max-snippet":"max-snippet:-1","max-image-preview":"max-image-preview:large","max-video-preview":"max-video-preview:-1"},"canonical":"https:\/\/women.lv\/ru\/product\/lv-intensiva-matu-maska-ar-ricinellu-makadamijas-un-argana-ellu\/","og_locale":"ru_RU","og_type":"article","og_title":"Intens\u012bva matu maska ar r\u012bcine\u013c\u013cu, makad\u0101mijas un argana e\u013c\u013cu","og_description":"Atjauno sp\u0113ku un notur\u012bbu boj\u0101tiem, trausliem vai \u0137\u012bmiski apstr\u0101d\u0101tiem matiem.","og_url":"https:\/\/women.lv\/ru\/product\/lv-intensiva-matu-maska-ar-ricinellu-makadamijas-un-argana-ellu\/","og_site_name":"Women Veikals","article_modified_time":"2026-03-21T09:43:28+00:00","og_image":[{"width":1080,"height":1080,"url":"https:\/\/women.lv\/wp-content\/uploads\/2023\/03\/peptid-castor-oil-macadamia-intensive-mask.jpg","type":"image\/jpeg"}],"twitter_card":"summary_large_image","schema":{"@context":"https:\/\/schema.org","@graph":[{"@type":"WebPage","@id":"https:\/\/women.lv\/product\/lv-intensiva-matu-maska-ar-ricinellu-makadamijas-un-argana-ellu\/","url":"https:\/\/women.lv\/product\/lv-intensiva-matu-maska-ar-ricinellu-makadamijas-un-argana-ellu\/","name":"Intens\u012bva matu maska ar r\u012bcine\u013c\u013cu, makad\u0101mijas un argana e\u013c\u013cu","isPartOf":{"@id":"https:\/\/women.lv\/#website"},"primaryImageOfPage":{"@id":"https:\/\/women.lv\/product\/lv-intensiva-matu-maska-ar-ricinellu-makadamijas-un-argana-ellu\/#primaryimage"},"image":{"@id":"https:\/\/women.lv\/product\/lv-intensiva-matu-maska-ar-ricinellu-makadamijas-un-argana-ellu\/#primaryimage"},"thumbnailUrl":"https:\/\/women.lv\/wp-content\/uploads\/2023\/03\/peptid-castor-oil-macadamia-intensive-mask.jpg","datePublished":"2023-03-15T17:15:42+00:00","dateModified":"2026-03-21T09:43:28+00:00","description":"Atjauno sp\u0113ku un notur\u012bbu boj\u0101tiem, trausliem vai \u0137\u012bmiski apstr\u0101d\u0101tiem matiem.","breadcrumb":{"@id":"https:\/\/women.lv\/product\/lv-intensiva-matu-maska-ar-ricinellu-makadamijas-un-argana-ellu\/#breadcrumb"},"inLanguage":"ru-RU","potentialAction":[{"@type":"ReadAction","target":["https:\/\/women.lv\/product\/lv-intensiva-matu-maska-ar-ricinellu-makadamijas-un-argana-ellu\/"]}]},{"@type":"ImageObject","inLanguage":"ru-RU","@id":"https:\/\/women.lv\/product\/lv-intensiva-matu-maska-ar-ricinellu-makadamijas-un-argana-ellu\/#primaryimage","url":"https:\/\/women.lv\/wp-content\/uploads\/2023\/03\/peptid-castor-oil-macadamia-intensive-mask.jpg","contentUrl":"https:\/\/women.lv\/wp-content\/uploads\/2023\/03\/peptid-castor-oil-macadamia-intensive-mask.jpg","width":1080,"height":1080},{"@type":"BreadcrumbList","@id":"https:\/\/women.lv\/product\/lv-intensiva-matu-maska-ar-ricinellu-makadamijas-un-argana-ellu\/#breadcrumb","itemListElement":[{"@type":"ListItem","position":1,"name":"Home","item":"https:\/\/women.lv\/"},{"@type":"ListItem","position":2,"name":"Products","item":"https:\/\/women.lv\/en\/shop\/"},{"@type":"ListItem","position":3,"name":"Intens\u012bva matu maska ar r\u012bcine\u013c\u013cu, makad\u0101mijas un argana e\u013c\u013cu"}]},{"@type":"WebSite","@id":"https:\/\/women.lv\/#website","url":"https:\/\/women.lv\/","name":"Women Veikals","description":"Uzdr\u012bksties b\u016bt skaista","potentialAction":[{"@type":"SearchAction","target":{"@type":"EntryPoint","urlTemplate":"https:\/\/women.lv\/?s={search_term_string}"},"query-input":{"@type":"PropertyValueSpecification","valueRequired":true,"valueName":"search_term_string"}}],"inLanguage":"ru-RU"}]}},"_links":{"self":[{"href":"https:\/\/women.lv\/ru\/wp-json\/wp\/v2\/product\/28898","targetHints":{"allow":["GET"]}}],"collection":[{"href":"https:\/\/women.lv\/ru\/wp-json\/wp\/v2\/product"}],"about":[{"href":"https:\/\/women.lv\/ru\/wp-json\/wp\/v2\/types\/product"}],"replies":[{"embeddable":true,"href":"https:\/\/women.lv\/ru\/wp-json\/wp\/v2\/comments?post=28898"}],"version-history":[{"count":2,"href":"https:\/\/women.lv\/ru\/wp-json\/wp\/v2\/product\/28898\/revisions"}],"predecessor-version":[{"id":29628,"href":"https:\/\/women.lv\/ru\/wp-json\/wp\/v2\/product\/28898\/revisions\/29628"}],"wp:featuredmedia":[{"embeddable":true,"href":"https:\/\/women.lv\/ru\/wp-json\/wp\/v2\/media\/29623"}],"wp:attachment":[{"href":"https:\/\/women.lv\/ru\/wp-json\/wp\/v2\/media?parent=28898"}],"wp:term":[{"taxonomy":"product_brand","embeddable":true,"href":"https:\/\/women.lv\/ru\/wp-json\/wp\/v2\/product_brand?post=28898"},{"taxonomy":"product_cat","embeddable":true,"href":"https:\/\/women.lv\/ru\/wp-json\/wp\/v2\/product_cat?post=28898"},{"taxonomy":"product_tag","embeddable":true,"href":"https:\/\/women.lv\/ru\/wp-json\/wp\/v2\/product_tag?post=28898"}],"curies":[{"name":"wp","href":"https:\/\/api.w.org\/{rel}","templated":true}]}}