{"id":28896,"date":"2023-03-15T16:52:46","date_gmt":"2023-03-15T16:52:46","guid":{"rendered":"https:\/\/women.lv\/?product=kolagena-apjoma-matu-maska-planiem-matiem"},"modified":"2026-03-21T11:43:41","modified_gmt":"2026-03-21T09:43:41","slug":"lv-kolagena-apjoma-matu-maska-planiem-matiem","status":"publish","type":"product","link":"https:\/\/women.lv\/ru\/product\/lv-kolagena-apjoma-matu-maska-planiem-matiem\/","title":{"rendered":"\u041a\u043e\u043b\u043b\u0430\u0433\u0435\u043d\u043e\u0432\u0430\u044f \u043c\u0430\u0441\u043a\u0430 \u0434\u043b\u044f \u043e\u0431\u044a\u0435\u043c\u0430 \u0432\u043e\u043b\u043e\u0441 \u0434\u043b\u044f \u0442\u043e\u043d\u043a\u0438\u0445 \u0432\u043e\u043b\u043e\u0441."},"content":{"rendered":"<p><span style=\"font-family: Helvetica;\"><span style=\"font-size: 18px;\">Biot\u012bna un kolag\u0113na matu maska ar hidroliz\u0113tu kolag\u0113nu un argana e\u013c\u013cu. Bag\u0101t\u012bgais dabisko sast\u0101vda\u013cu mais\u012bjums pal\u012bdz atjaunot nepiecie\u0161am\u0101s uzturvielas katr\u0101 \u0161\u0137ipsn\u0101 un padara matus stipr\u0101kus, piln\u012bg\u0101kus un biez\u0101kus. Izmantojiet Peptid+ s\u0113rijas \u0161amp\u016bnu, lai ieg\u016btu lab\u0101ko rezult\u0101tu.<\/span><\/span><\/p>","protected":false},"excerpt":{"rendered":"<p>\u041c\u0430\u0441\u043a\u0430 \u0434\u043b\u044f \u0432\u043e\u043b\u043e\u0441 \u0441 \u0431\u0438\u043e\u0442\u0438\u043d\u043e\u043c \u0438 \u043a\u043e\u043b\u043b\u0430\u0433\u0435\u043d\u043e\u043c \u0441 \u0433\u0438\u0434\u0440\u043e\u043b\u0438\u0437\u043e\u0432\u0430\u043d\u043d\u044b\u043c \u043a\u043e\u043b\u043b\u0430\u0433\u0435\u043d\u043e\u043c \u0438 \u0430\u0440\u0433\u0430\u043d\u043e\u0432\u044b\u043c \u043c\u0430\u0441\u043b\u043e\u043c. \u0411\u043e\u0433\u0430\u0442\u0430\u044f \u0441\u043c\u0435\u0441\u044c \u043d\u0430\u0442\u0443\u0440\u0430\u043b\u044c\u043d\u044b\u0445 \u0438\u043d\u0433\u0440\u0435\u0434\u0438\u0435\u043d\u0442\u043e\u0432 \u043f\u043e\u043c\u043e\u0433\u0430\u0435\u0442 \u0432\u043e\u0441\u0441\u0442\u0430\u043d\u043e\u0432\u0438\u0442\u044c \u043d\u0435\u043e\u0431\u0445\u043e\u0434\u0438\u043c\u044b\u0435 \u043f\u0438\u0442\u0430\u0442\u0435\u043b\u044c\u043d\u044b\u0435 \u0432\u0435\u0449\u0435\u0441\u0442\u0432\u0430 \u0432 \u043a\u0430\u0436\u0434\u043e\u043c \u043e\u0440\u0433\u0430\u043d\u0438\u0437\u043c\u0435.<\/p>","protected":false},"featured_media":29630,"comment_status":"open","ping_status":"closed","template":"","meta":[],"product_brand":[],"product_cat":[2204,2207,2215],"product_tag":[3660,2244,2243,3662,3643,2245,3661],"class_list":{"0":"post-28896","1":"product","2":"type-product","3":"status-publish","4":"has-post-thumbnail","6":"product_cat-matu-kopsanas-lidzekli","7":"product_cat-matu-maskas","8":"product_cat-visi-produkti","9":"product_tag-collagen-intensive-volume-hair-mask-for-thin-hair","10":"product_tag-israel","11":"product_tag-izraela","12":"product_tag-kolagena-apjoma-matu-maska-planiem-matiem","13":"product_tag-peptid","14":"product_tag-2245","15":"product_tag-3661","16":"pa_brand_nc-peptid","17":"pa_ean_nc-3659","18":"pa_ean_nc-israel","20":"first","21":"instock","22":"sale","23":"taxable","24":"shipping-taxable","25":"purchasable","26":"product-type-simple"},"yoast_head":"<!-- This site is optimized with the Yoast SEO plugin v23.9 - https:\/\/yoast.com\/wordpress\/plugins\/seo\/ -->\n<title>Kolag\u0113na apjoma Matu Maska pl\u0101niem matiem<\/title>\n<meta name=\"description\" content=\"Biot\u012bna un kolag\u0113na matu maska ar hidroliz\u0113tu kolag\u0113nu un argana e\u013c\u013cu. Bag\u0101t\u012bgais dabisko sast\u0101vda\u013cu mais\u012bjums pal\u012bdz atjaunot nepiecie\u0161am\u0101s uzturvielas katr\u0101 \u0161\u0137ipsn\u0101 un padara matus stipr\u0101kus, piln\u012bg\u0101kus un biez\u0101kus. Izmantojiet Peptid+ s\u0113rijas \u0161amp\u016bnu,\" \/>\n<meta name=\"robots\" content=\"index, follow, max-snippet:-1, max-image-preview:large, max-video-preview:-1\" \/>\n<link rel=\"canonical\" href=\"https:\/\/women.lv\/ru\/product\/lv-kolagena-apjoma-matu-maska-planiem-matiem\/\" \/>\n<meta property=\"og:locale\" content=\"ru_RU\" \/>\n<meta property=\"og:type\" content=\"article\" \/>\n<meta property=\"og:title\" content=\"Kolag\u0113na apjoma Matu Maska pl\u0101niem matiem\" \/>\n<meta property=\"og:description\" content=\"Biot\u012bna un kolag\u0113na matu maska ar hidroliz\u0113tu kolag\u0113nu un argana e\u013c\u013cu. Bag\u0101t\u012bgais dabisko sast\u0101vda\u013cu mais\u012bjums pal\u012bdz atjaunot nepiecie\u0161am\u0101s uzturvielas katr\u0101 \u0161\u0137ipsn\u0101 un padara matus stipr\u0101kus, piln\u012bg\u0101kus un biez\u0101kus. Izmantojiet Peptid+ s\u0113rijas \u0161amp\u016bnu,\" \/>\n<meta property=\"og:url\" content=\"https:\/\/women.lv\/ru\/product\/lv-kolagena-apjoma-matu-maska-planiem-matiem\/\" \/>\n<meta property=\"og:site_name\" content=\"Women Veikals\" \/>\n<meta property=\"article:modified_time\" content=\"2026-03-21T09:43:41+00:00\" \/>\n<meta property=\"og:image\" content=\"https:\/\/women.lv\/wp-content\/uploads\/2023\/03\/peptid-collagen-intensive-volume-hair-mask-for-thin-hair.jpg\" \/>\n\t<meta property=\"og:image:width\" content=\"1024\" \/>\n\t<meta property=\"og:image:height\" content=\"1024\" \/>\n\t<meta property=\"og:image:type\" content=\"image\/jpeg\" \/>\n<meta name=\"twitter:card\" content=\"summary_large_image\" \/>\n<script type=\"application\/ld+json\" class=\"yoast-schema-graph\">{\"@context\":\"https:\/\/schema.org\",\"@graph\":[{\"@type\":\"WebPage\",\"@id\":\"https:\/\/women.lv\/product\/lv-kolagena-apjoma-matu-maska-planiem-matiem\/\",\"url\":\"https:\/\/women.lv\/product\/lv-kolagena-apjoma-matu-maska-planiem-matiem\/\",\"name\":\"Kolag\u0113na apjoma Matu Maska pl\u0101niem matiem\",\"isPartOf\":{\"@id\":\"https:\/\/women.lv\/#website\"},\"primaryImageOfPage\":{\"@id\":\"https:\/\/women.lv\/product\/lv-kolagena-apjoma-matu-maska-planiem-matiem\/#primaryimage\"},\"image\":{\"@id\":\"https:\/\/women.lv\/product\/lv-kolagena-apjoma-matu-maska-planiem-matiem\/#primaryimage\"},\"thumbnailUrl\":\"https:\/\/women.lv\/wp-content\/uploads\/2023\/03\/peptid-collagen-intensive-volume-hair-mask-for-thin-hair.jpg\",\"datePublished\":\"2023-03-15T16:52:46+00:00\",\"dateModified\":\"2026-03-21T09:43:41+00:00\",\"description\":\"Biot\u012bna un kolag\u0113na matu maska ar hidroliz\u0113tu kolag\u0113nu un argana e\u013c\u013cu. Bag\u0101t\u012bgais dabisko sast\u0101vda\u013cu mais\u012bjums pal\u012bdz atjaunot nepiecie\u0161am\u0101s uzturvielas katr\u0101 \u0161\u0137ipsn\u0101 un padara matus stipr\u0101kus, piln\u012bg\u0101kus un biez\u0101kus. Izmantojiet Peptid+ s\u0113rijas \u0161amp\u016bnu,\",\"breadcrumb\":{\"@id\":\"https:\/\/women.lv\/product\/lv-kolagena-apjoma-matu-maska-planiem-matiem\/#breadcrumb\"},\"inLanguage\":\"ru-RU\",\"potentialAction\":[{\"@type\":\"ReadAction\",\"target\":[\"https:\/\/women.lv\/product\/lv-kolagena-apjoma-matu-maska-planiem-matiem\/\"]}]},{\"@type\":\"ImageObject\",\"inLanguage\":\"ru-RU\",\"@id\":\"https:\/\/women.lv\/product\/lv-kolagena-apjoma-matu-maska-planiem-matiem\/#primaryimage\",\"url\":\"https:\/\/women.lv\/wp-content\/uploads\/2023\/03\/peptid-collagen-intensive-volume-hair-mask-for-thin-hair.jpg\",\"contentUrl\":\"https:\/\/women.lv\/wp-content\/uploads\/2023\/03\/peptid-collagen-intensive-volume-hair-mask-for-thin-hair.jpg\",\"width\":1024,\"height\":1024},{\"@type\":\"BreadcrumbList\",\"@id\":\"https:\/\/women.lv\/product\/lv-kolagena-apjoma-matu-maska-planiem-matiem\/#breadcrumb\",\"itemListElement\":[{\"@type\":\"ListItem\",\"position\":1,\"name\":\"Home\",\"item\":\"https:\/\/women.lv\/\"},{\"@type\":\"ListItem\",\"position\":2,\"name\":\"Products\",\"item\":\"https:\/\/women.lv\/en\/shop\/\"},{\"@type\":\"ListItem\",\"position\":3,\"name\":\"Kolag\u0113na apjoma Matu Maska pl\u0101niem matiem\"}]},{\"@type\":\"WebSite\",\"@id\":\"https:\/\/women.lv\/#website\",\"url\":\"https:\/\/women.lv\/\",\"name\":\"Women Veikals\",\"description\":\"Uzdr\u012bksties b\u016bt skaista\",\"potentialAction\":[{\"@type\":\"SearchAction\",\"target\":{\"@type\":\"EntryPoint\",\"urlTemplate\":\"https:\/\/women.lv\/?s={search_term_string}\"},\"query-input\":{\"@type\":\"PropertyValueSpecification\",\"valueRequired\":true,\"valueName\":\"search_term_string\"}}],\"inLanguage\":\"ru-RU\"}]}<\/script>\n<!-- \/ Yoast SEO plugin. -->","yoast_head_json":{"title":"Kolag\u0113na apjoma Matu Maska pl\u0101niem matiem","description":"Biot\u012bna un kolag\u0113na matu maska ar hidroliz\u0113tu kolag\u0113nu un argana e\u013c\u013cu. Bag\u0101t\u012bgais dabisko sast\u0101vda\u013cu mais\u012bjums pal\u012bdz atjaunot nepiecie\u0161am\u0101s uzturvielas katr\u0101 \u0161\u0137ipsn\u0101 un padara matus stipr\u0101kus, piln\u012bg\u0101kus un biez\u0101kus. Izmantojiet Peptid+ s\u0113rijas \u0161amp\u016bnu,","robots":{"index":"index","follow":"follow","max-snippet":"max-snippet:-1","max-image-preview":"max-image-preview:large","max-video-preview":"max-video-preview:-1"},"canonical":"https:\/\/women.lv\/ru\/product\/lv-kolagena-apjoma-matu-maska-planiem-matiem\/","og_locale":"ru_RU","og_type":"article","og_title":"Kolag\u0113na apjoma Matu Maska pl\u0101niem matiem","og_description":"Biot\u012bna un kolag\u0113na matu maska ar hidroliz\u0113tu kolag\u0113nu un argana e\u013c\u013cu. Bag\u0101t\u012bgais dabisko sast\u0101vda\u013cu mais\u012bjums pal\u012bdz atjaunot nepiecie\u0161am\u0101s uzturvielas katr\u0101 \u0161\u0137ipsn\u0101 un padara matus stipr\u0101kus, piln\u012bg\u0101kus un biez\u0101kus. Izmantojiet Peptid+ s\u0113rijas \u0161amp\u016bnu,","og_url":"https:\/\/women.lv\/ru\/product\/lv-kolagena-apjoma-matu-maska-planiem-matiem\/","og_site_name":"Women Veikals","article_modified_time":"2026-03-21T09:43:41+00:00","og_image":[{"width":1024,"height":1024,"url":"https:\/\/women.lv\/wp-content\/uploads\/2023\/03\/peptid-collagen-intensive-volume-hair-mask-for-thin-hair.jpg","type":"image\/jpeg"}],"twitter_card":"summary_large_image","schema":{"@context":"https:\/\/schema.org","@graph":[{"@type":"WebPage","@id":"https:\/\/women.lv\/product\/lv-kolagena-apjoma-matu-maska-planiem-matiem\/","url":"https:\/\/women.lv\/product\/lv-kolagena-apjoma-matu-maska-planiem-matiem\/","name":"Kolag\u0113na apjoma Matu Maska pl\u0101niem matiem","isPartOf":{"@id":"https:\/\/women.lv\/#website"},"primaryImageOfPage":{"@id":"https:\/\/women.lv\/product\/lv-kolagena-apjoma-matu-maska-planiem-matiem\/#primaryimage"},"image":{"@id":"https:\/\/women.lv\/product\/lv-kolagena-apjoma-matu-maska-planiem-matiem\/#primaryimage"},"thumbnailUrl":"https:\/\/women.lv\/wp-content\/uploads\/2023\/03\/peptid-collagen-intensive-volume-hair-mask-for-thin-hair.jpg","datePublished":"2023-03-15T16:52:46+00:00","dateModified":"2026-03-21T09:43:41+00:00","description":"Biot\u012bna un kolag\u0113na matu maska ar hidroliz\u0113tu kolag\u0113nu un argana e\u013c\u013cu. Bag\u0101t\u012bgais dabisko sast\u0101vda\u013cu mais\u012bjums pal\u012bdz atjaunot nepiecie\u0161am\u0101s uzturvielas katr\u0101 \u0161\u0137ipsn\u0101 un padara matus stipr\u0101kus, piln\u012bg\u0101kus un biez\u0101kus. Izmantojiet Peptid+ s\u0113rijas \u0161amp\u016bnu,","breadcrumb":{"@id":"https:\/\/women.lv\/product\/lv-kolagena-apjoma-matu-maska-planiem-matiem\/#breadcrumb"},"inLanguage":"ru-RU","potentialAction":[{"@type":"ReadAction","target":["https:\/\/women.lv\/product\/lv-kolagena-apjoma-matu-maska-planiem-matiem\/"]}]},{"@type":"ImageObject","inLanguage":"ru-RU","@id":"https:\/\/women.lv\/product\/lv-kolagena-apjoma-matu-maska-planiem-matiem\/#primaryimage","url":"https:\/\/women.lv\/wp-content\/uploads\/2023\/03\/peptid-collagen-intensive-volume-hair-mask-for-thin-hair.jpg","contentUrl":"https:\/\/women.lv\/wp-content\/uploads\/2023\/03\/peptid-collagen-intensive-volume-hair-mask-for-thin-hair.jpg","width":1024,"height":1024},{"@type":"BreadcrumbList","@id":"https:\/\/women.lv\/product\/lv-kolagena-apjoma-matu-maska-planiem-matiem\/#breadcrumb","itemListElement":[{"@type":"ListItem","position":1,"name":"Home","item":"https:\/\/women.lv\/"},{"@type":"ListItem","position":2,"name":"Products","item":"https:\/\/women.lv\/en\/shop\/"},{"@type":"ListItem","position":3,"name":"Kolag\u0113na apjoma Matu Maska pl\u0101niem matiem"}]},{"@type":"WebSite","@id":"https:\/\/women.lv\/#website","url":"https:\/\/women.lv\/","name":"Women Veikals","description":"Uzdr\u012bksties b\u016bt skaista","potentialAction":[{"@type":"SearchAction","target":{"@type":"EntryPoint","urlTemplate":"https:\/\/women.lv\/?s={search_term_string}"},"query-input":{"@type":"PropertyValueSpecification","valueRequired":true,"valueName":"search_term_string"}}],"inLanguage":"ru-RU"}]}},"_links":{"self":[{"href":"https:\/\/women.lv\/ru\/wp-json\/wp\/v2\/product\/28896","targetHints":{"allow":["GET"]}}],"collection":[{"href":"https:\/\/women.lv\/ru\/wp-json\/wp\/v2\/product"}],"about":[{"href":"https:\/\/women.lv\/ru\/wp-json\/wp\/v2\/types\/product"}],"replies":[{"embeddable":true,"href":"https:\/\/women.lv\/ru\/wp-json\/wp\/v2\/comments?post=28896"}],"version-history":[{"count":2,"href":"https:\/\/women.lv\/ru\/wp-json\/wp\/v2\/product\/28896\/revisions"}],"predecessor-version":[{"id":29631,"href":"https:\/\/women.lv\/ru\/wp-json\/wp\/v2\/product\/28896\/revisions\/29631"}],"wp:featuredmedia":[{"embeddable":true,"href":"https:\/\/women.lv\/ru\/wp-json\/wp\/v2\/media\/29630"}],"wp:attachment":[{"href":"https:\/\/women.lv\/ru\/wp-json\/wp\/v2\/media?parent=28896"}],"wp:term":[{"taxonomy":"product_brand","embeddable":true,"href":"https:\/\/women.lv\/ru\/wp-json\/wp\/v2\/product_brand?post=28896"},{"taxonomy":"product_cat","embeddable":true,"href":"https:\/\/women.lv\/ru\/wp-json\/wp\/v2\/product_cat?post=28896"},{"taxonomy":"product_tag","embeddable":true,"href":"https:\/\/women.lv\/ru\/wp-json\/wp\/v2\/product_tag?post=28896"}],"curies":[{"name":"wp","href":"https:\/\/api.w.org\/{rel}","templated":true}]}}