{"id":28890,"date":"2023-03-11T09:19:21","date_gmt":"2023-03-11T09:19:21","guid":{"rendered":"https:\/\/women.lv\/?product=argana-ellas-barojoss-sampuns-sausiem-un-bojatiem-matiem"},"modified":"2025-11-05T13:26:27","modified_gmt":"2025-11-05T13:26:27","slug":"lv-argana-ellas-barojoss-sampuns-sausiem-un-bojatiem-matiem","status":"publish","type":"product","link":"https:\/\/women.lv\/ru\/product\/lv-argana-ellas-barojoss-sampuns-sausiem-un-bojatiem-matiem\/","title":{"rendered":"\u041f\u0438\u0442\u0430\u0442\u0435\u043b\u044c\u043d\u044b\u0439 \u0448\u0430\u043c\u043f\u0443\u043d\u044c \u0441 \u043c\u0430\u0441\u043b\u043e\u043c \u0430\u0440\u0433\u0430\u043d\u044b \u0434\u043b\u044f \u0441\u0443\u0445\u0438\u0445 \u0438 \u043f\u043e\u0432\u0440\u0435\u0436\u0434\u0435\u043d\u043d\u044b\u0445 \u0432\u043e\u043b\u043e\u0441."},"content":{"rendered":"<p><span style=\"font-family: Helvetica;\"><span style=\"font-size: 18px;\">M\u0113s ticam dabas sp\u0113kam skaistum kop\u0161an\u0101. \u0160\u012b ret\u0101 formula jau sen ir nodro\u0161in\u0101jusi dabisku E vitam\u012bnu un antioksidantus, vienlaikus atjaunojot J\u016bsu matu \u0161\u016bnu strukt\u016bru, pie\u0161\u0137irot tiem sp\u012bdumu un radot sul\u012bgu m\u012bkstumu. V\u0113rt\u012bgs Marokas argana e\u013c\u013cas mais\u012bjums, kas acumirkl\u012b iek\u013c\u016bst matu stiebros, atjaunojot sp\u012bdumu un m\u012bkstumu, vienlaikus stiprinot matu folikulu. C\u012bn\u0101s pret karstuma vi\u013c\u0146iem un UV boj\u0101jumiem, vienlaikus pal\u012bdzot att\u012br\u012bt un aizsarg\u0101t matus.<\/span><\/span><\/p>","protected":false},"excerpt":{"rendered":"<p>\u041c\u044b \u0432\u0435\u0440\u0438\u043c \u0432 \u0441\u0438\u043b\u0443 \u043f\u0440\u0438\u0440\u043e\u0434\u044b \u0432 \u043a\u0440\u0430\u0441\u0438\u0432\u043e\u043c \u0443\u0445\u043e\u0434\u0435. \u0414\u0430\u0432\u043d\u043e \u0438\u0437\u0432\u0435\u0441\u0442\u043d\u043e, \u0447\u0442\u043e \u044d\u0442\u0430 \u0440\u0435\u0434\u043a\u0430\u044f \u0444\u043e\u0440\u043c\u0443\u043b\u0430 \u043e\u0431\u0435\u0441\u043f\u0435\u0447\u0438\u0432\u0430\u0435\u0442 \u043d\u0430\u0442\u0443\u0440\u0430\u043b\u044c\u043d\u044b\u0439 \u0432\u0438\u0442\u0430\u043c\u0438\u043d \u0415 \u0438 \u0430\u043d\u0442\u0438\u043e\u043a\u0441\u0438\u0434\u0430\u043d\u0442\u044b, \u043e\u0434\u043d\u043e\u0432\u0440\u0435\u043c\u0435\u043d\u043d\u043e \u0432\u043e\u0441\u0441\u0442\u0430\u043d\u0430\u0432\u043b\u0438\u0432\u0430\u044f \u043a\u043e\u0436\u0443.<\/p>","protected":false},"featured_media":29587,"comment_status":"open","ping_status":"closed","template":"","meta":[],"product_brand":[],"product_cat":[2204,2206,2215],"product_tag":[3648,3650,2244,2243,3643,2245,3649],"class_list":{"0":"post-28890","1":"product","2":"type-product","3":"status-publish","4":"has-post-thumbnail","6":"product_cat-matu-kopsanas-lidzekli","7":"product_cat-sampuni","8":"product_cat-visi-produkti","9":"product_tag-argan-oil-nutritive-shampoo-for-dry-amp-damaged-hair","10":"product_tag-argana-ellas-barojoss-sampuns-sausiem-un-bojatiem-matiem","11":"product_tag-israel","12":"product_tag-izraela","13":"product_tag-peptid","14":"product_tag-2245","15":"product_tag-3649","16":"pa_brand_nc-peptid","17":"pa_ean_nc-3647","18":"pa_ean_nc-israel","20":"first","21":"instock","22":"taxable","23":"shipping-taxable","24":"purchasable","25":"product-type-simple"},"yoast_head":"<!-- This site is optimized with the Yoast SEO plugin v27.4 - https:\/\/yoast.com\/product\/yoast-seo-wordpress\/ -->\n<title>Argana e\u013c\u013cas barojo\u0161s \u0161amp\u016bns sausiem un boj\u0101tiem matiem<\/title>\n<meta name=\"description\" content=\"V\u0113rt\u012bgs Marokas argana e\u013c\u013cas mais\u012bjums, kas acumirkl\u012b iek\u013c\u016bst matu stiebros, atjaunojot sp\u012bdumu un m\u012bkstumu, vienlaikus stiprinot matu folikulu.\" \/>\n<meta name=\"robots\" content=\"index, follow, max-snippet:-1, max-image-preview:large, max-video-preview:-1\" \/>\n<link rel=\"canonical\" href=\"https:\/\/women.lv\/ru\/product\/lv-argana-ellas-barojoss-sampuns-sausiem-un-bojatiem-matiem\/\" \/>\n<meta property=\"og:locale\" content=\"ru_RU\" \/>\n<meta property=\"og:type\" content=\"article\" \/>\n<meta property=\"og:title\" content=\"Argana e\u013c\u013cas barojo\u0161s \u0161amp\u016bns sausiem un boj\u0101tiem matiem\" \/>\n<meta property=\"og:description\" content=\"V\u0113rt\u012bgs Marokas argana e\u013c\u013cas mais\u012bjums, kas acumirkl\u012b iek\u013c\u016bst matu stiebros, atjaunojot sp\u012bdumu un m\u012bkstumu, vienlaikus stiprinot matu folikulu.\" \/>\n<meta property=\"og:url\" content=\"https:\/\/women.lv\/ru\/product\/lv-argana-ellas-barojoss-sampuns-sausiem-un-bojatiem-matiem\/\" \/>\n<meta property=\"og:site_name\" content=\"Women Veikals\" \/>\n<meta property=\"article:modified_time\" content=\"2025-11-05T13:26:27+00:00\" \/>\n<meta property=\"og:image\" content=\"https:\/\/women.lv\/wp-content\/uploads\/2023\/03\/peptid-argan-oil-nutritive-shampoo-for-dry-damaged-hair.jpg\" \/>\n\t<meta property=\"og:image:width\" content=\"2000\" \/>\n\t<meta property=\"og:image:height\" content=\"2000\" \/>\n\t<meta property=\"og:image:type\" content=\"image\/jpeg\" \/>\n<meta name=\"twitter:card\" content=\"summary_large_image\" \/>\n<script type=\"application\/ld+json\" class=\"yoast-schema-graph\">{\"@context\":\"https:\\\/\\\/schema.org\",\"@graph\":[{\"@type\":\"WebPage\",\"@id\":\"https:\\\/\\\/women.lv\\\/product\\\/lv-argana-ellas-barojoss-sampuns-sausiem-un-bojatiem-matiem\\\/\",\"url\":\"https:\\\/\\\/women.lv\\\/product\\\/lv-argana-ellas-barojoss-sampuns-sausiem-un-bojatiem-matiem\\\/\",\"name\":\"Argana e\u013c\u013cas barojo\u0161s \u0161amp\u016bns sausiem un boj\u0101tiem matiem\",\"isPartOf\":{\"@id\":\"https:\\\/\\\/women.lv\\\/#website\"},\"primaryImageOfPage\":{\"@id\":\"https:\\\/\\\/women.lv\\\/product\\\/lv-argana-ellas-barojoss-sampuns-sausiem-un-bojatiem-matiem\\\/#primaryimage\"},\"image\":{\"@id\":\"https:\\\/\\\/women.lv\\\/product\\\/lv-argana-ellas-barojoss-sampuns-sausiem-un-bojatiem-matiem\\\/#primaryimage\"},\"thumbnailUrl\":\"https:\\\/\\\/women.lv\\\/wp-content\\\/uploads\\\/2023\\\/03\\\/peptid-argan-oil-nutritive-shampoo-for-dry-damaged-hair.jpg\",\"datePublished\":\"2023-03-11T09:19:21+00:00\",\"dateModified\":\"2025-11-05T13:26:27+00:00\",\"description\":\"V\u0113rt\u012bgs Marokas argana e\u013c\u013cas mais\u012bjums, kas acumirkl\u012b iek\u013c\u016bst matu stiebros, atjaunojot sp\u012bdumu un m\u012bkstumu, vienlaikus stiprinot matu folikulu.\",\"breadcrumb\":{\"@id\":\"https:\\\/\\\/women.lv\\\/product\\\/lv-argana-ellas-barojoss-sampuns-sausiem-un-bojatiem-matiem\\\/#breadcrumb\"},\"inLanguage\":\"ru-RU\",\"potentialAction\":[{\"@type\":\"ReadAction\",\"target\":[\"https:\\\/\\\/women.lv\\\/product\\\/lv-argana-ellas-barojoss-sampuns-sausiem-un-bojatiem-matiem\\\/\"]}]},{\"@type\":\"ImageObject\",\"inLanguage\":\"ru-RU\",\"@id\":\"https:\\\/\\\/women.lv\\\/product\\\/lv-argana-ellas-barojoss-sampuns-sausiem-un-bojatiem-matiem\\\/#primaryimage\",\"url\":\"https:\\\/\\\/women.lv\\\/wp-content\\\/uploads\\\/2023\\\/03\\\/peptid-argan-oil-nutritive-shampoo-for-dry-damaged-hair.jpg\",\"contentUrl\":\"https:\\\/\\\/women.lv\\\/wp-content\\\/uploads\\\/2023\\\/03\\\/peptid-argan-oil-nutritive-shampoo-for-dry-damaged-hair.jpg\",\"width\":2000,\"height\":2000},{\"@type\":\"BreadcrumbList\",\"@id\":\"https:\\\/\\\/women.lv\\\/product\\\/lv-argana-ellas-barojoss-sampuns-sausiem-un-bojatiem-matiem\\\/#breadcrumb\",\"itemListElement\":[{\"@type\":\"ListItem\",\"position\":1,\"name\":\"Home\",\"item\":\"https:\\\/\\\/women.lv\\\/\"},{\"@type\":\"ListItem\",\"position\":2,\"name\":\"Products\",\"item\":\"https:\\\/\\\/women.lv\\\/en\\\/shop\\\/\"},{\"@type\":\"ListItem\",\"position\":3,\"name\":\"Argana e\u013c\u013cas barojo\u0161s \u0161amp\u016bns sausiem un boj\u0101tiem matiem\"}]},{\"@type\":\"WebSite\",\"@id\":\"https:\\\/\\\/women.lv\\\/#website\",\"url\":\"https:\\\/\\\/women.lv\\\/\",\"name\":\"Women Veikals\",\"description\":\"Uzdr\u012bksties b\u016bt skaista\",\"potentialAction\":[{\"@type\":\"SearchAction\",\"target\":{\"@type\":\"EntryPoint\",\"urlTemplate\":\"https:\\\/\\\/women.lv\\\/?s={search_term_string}\"},\"query-input\":{\"@type\":\"PropertyValueSpecification\",\"valueRequired\":true,\"valueName\":\"search_term_string\"}}],\"inLanguage\":\"ru-RU\"}]}<\/script>\n<!-- \/ Yoast SEO plugin. -->","yoast_head_json":{"title":"\u041f\u0438\u0442\u0430\u0442\u0435\u043b\u044c\u043d\u044b\u0439 \u0448\u0430\u043c\u043f\u0443\u043d\u044c \u0441 \u043c\u0430\u0441\u043b\u043e\u043c \u0430\u0440\u0433\u0430\u043d\u044b \u0434\u043b\u044f \u0441\u0443\u0445\u0438\u0445 \u0438 \u043f\u043e\u0432\u0440\u0435\u0436\u0434\u0435\u043d\u043d\u044b\u0445 \u0432\u043e\u043b\u043e\u0441.","description":"V\u0113rt\u012bgs Marokas argana e\u013c\u013cas mais\u012bjums, kas acumirkl\u012b iek\u013c\u016bst matu stiebros, atjaunojot sp\u012bdumu un m\u012bkstumu, vienlaikus stiprinot matu folikulu.","robots":{"index":"index","follow":"follow","max-snippet":"max-snippet:-1","max-image-preview":"max-image-preview:large","max-video-preview":"max-video-preview:-1"},"canonical":"https:\/\/women.lv\/ru\/product\/lv-argana-ellas-barojoss-sampuns-sausiem-un-bojatiem-matiem\/","og_locale":"ru_RU","og_type":"article","og_title":"Argana e\u013c\u013cas barojo\u0161s \u0161amp\u016bns sausiem un boj\u0101tiem matiem","og_description":"V\u0113rt\u012bgs Marokas argana e\u013c\u013cas mais\u012bjums, kas acumirkl\u012b iek\u013c\u016bst matu stiebros, atjaunojot sp\u012bdumu un m\u012bkstumu, vienlaikus stiprinot matu folikulu.","og_url":"https:\/\/women.lv\/ru\/product\/lv-argana-ellas-barojoss-sampuns-sausiem-un-bojatiem-matiem\/","og_site_name":"Women Veikals","article_modified_time":"2025-11-05T13:26:27+00:00","og_image":[{"width":2000,"height":2000,"url":"https:\/\/women.lv\/wp-content\/uploads\/2023\/03\/peptid-argan-oil-nutritive-shampoo-for-dry-damaged-hair.jpg","type":"image\/jpeg"}],"twitter_card":"summary_large_image","schema":{"@context":"https:\/\/schema.org","@graph":[{"@type":"WebPage","@id":"https:\/\/women.lv\/product\/lv-argana-ellas-barojoss-sampuns-sausiem-un-bojatiem-matiem\/","url":"https:\/\/women.lv\/product\/lv-argana-ellas-barojoss-sampuns-sausiem-un-bojatiem-matiem\/","name":"\u041f\u0438\u0442\u0430\u0442\u0435\u043b\u044c\u043d\u044b\u0439 \u0448\u0430\u043c\u043f\u0443\u043d\u044c \u0441 \u043c\u0430\u0441\u043b\u043e\u043c \u0430\u0440\u0433\u0430\u043d\u044b \u0434\u043b\u044f \u0441\u0443\u0445\u0438\u0445 \u0438 \u043f\u043e\u0432\u0440\u0435\u0436\u0434\u0435\u043d\u043d\u044b\u0445 \u0432\u043e\u043b\u043e\u0441.","isPartOf":{"@id":"https:\/\/women.lv\/#website"},"primaryImageOfPage":{"@id":"https:\/\/women.lv\/product\/lv-argana-ellas-barojoss-sampuns-sausiem-un-bojatiem-matiem\/#primaryimage"},"image":{"@id":"https:\/\/women.lv\/product\/lv-argana-ellas-barojoss-sampuns-sausiem-un-bojatiem-matiem\/#primaryimage"},"thumbnailUrl":"https:\/\/women.lv\/wp-content\/uploads\/2023\/03\/peptid-argan-oil-nutritive-shampoo-for-dry-damaged-hair.jpg","datePublished":"2023-03-11T09:19:21+00:00","dateModified":"2025-11-05T13:26:27+00:00","description":"V\u0113rt\u012bgs Marokas argana e\u013c\u013cas mais\u012bjums, kas acumirkl\u012b iek\u013c\u016bst matu stiebros, atjaunojot sp\u012bdumu un m\u012bkstumu, vienlaikus stiprinot matu folikulu.","breadcrumb":{"@id":"https:\/\/women.lv\/product\/lv-argana-ellas-barojoss-sampuns-sausiem-un-bojatiem-matiem\/#breadcrumb"},"inLanguage":"ru-RU","potentialAction":[{"@type":"ReadAction","target":["https:\/\/women.lv\/product\/lv-argana-ellas-barojoss-sampuns-sausiem-un-bojatiem-matiem\/"]}]},{"@type":"ImageObject","inLanguage":"ru-RU","@id":"https:\/\/women.lv\/product\/lv-argana-ellas-barojoss-sampuns-sausiem-un-bojatiem-matiem\/#primaryimage","url":"https:\/\/women.lv\/wp-content\/uploads\/2023\/03\/peptid-argan-oil-nutritive-shampoo-for-dry-damaged-hair.jpg","contentUrl":"https:\/\/women.lv\/wp-content\/uploads\/2023\/03\/peptid-argan-oil-nutritive-shampoo-for-dry-damaged-hair.jpg","width":2000,"height":2000},{"@type":"BreadcrumbList","@id":"https:\/\/women.lv\/product\/lv-argana-ellas-barojoss-sampuns-sausiem-un-bojatiem-matiem\/#breadcrumb","itemListElement":[{"@type":"ListItem","position":1,"name":"Home","item":"https:\/\/women.lv\/"},{"@type":"ListItem","position":2,"name":"Products","item":"https:\/\/women.lv\/en\/shop\/"},{"@type":"ListItem","position":3,"name":"Argana e\u013c\u013cas barojo\u0161s \u0161amp\u016bns sausiem un boj\u0101tiem matiem"}]},{"@type":"WebSite","@id":"https:\/\/women.lv\/#website","url":"https:\/\/women.lv\/","name":"\u041c\u0430\u0433\u0430\u0437\u0438\u043d Women","description":"Uzdr\u012bksties b\u016bt skaista","potentialAction":[{"@type":"SearchAction","target":{"@type":"EntryPoint","urlTemplate":"https:\/\/women.lv\/?s={search_term_string}"},"query-input":{"@type":"PropertyValueSpecification","valueRequired":true,"valueName":"search_term_string"}}],"inLanguage":"ru-RU"}]}},"_links":{"self":[{"href":"https:\/\/women.lv\/ru\/wp-json\/wp\/v2\/product\/28890","targetHints":{"allow":["GET"]}}],"collection":[{"href":"https:\/\/women.lv\/ru\/wp-json\/wp\/v2\/product"}],"about":[{"href":"https:\/\/women.lv\/ru\/wp-json\/wp\/v2\/types\/product"}],"replies":[{"embeddable":true,"href":"https:\/\/women.lv\/ru\/wp-json\/wp\/v2\/comments?post=28890"}],"version-history":[{"count":0,"href":"https:\/\/women.lv\/ru\/wp-json\/wp\/v2\/product\/28890\/revisions"}],"wp:featuredmedia":[{"embeddable":true,"href":"https:\/\/women.lv\/ru\/wp-json\/wp\/v2\/media\/29587"}],"wp:attachment":[{"href":"https:\/\/women.lv\/ru\/wp-json\/wp\/v2\/media?parent=28890"}],"wp:term":[{"taxonomy":"product_brand","embeddable":true,"href":"https:\/\/women.lv\/ru\/wp-json\/wp\/v2\/product_brand?post=28890"},{"taxonomy":"product_cat","embeddable":true,"href":"https:\/\/women.lv\/ru\/wp-json\/wp\/v2\/product_cat?post=28890"},{"taxonomy":"product_tag","embeddable":true,"href":"https:\/\/women.lv\/ru\/wp-json\/wp\/v2\/product_tag?post=28890"}],"curies":[{"name":"wp","href":"https:\/\/api.w.org\/{rel}","templated":true}]}}