{"id":28885,"date":"2023-01-27T14:04:59","date_gmt":"2023-01-27T14:04:59","guid":{"rendered":"https:\/\/women.lv\/?product=botoksa-taisnosana"},"modified":"2025-11-06T00:00:37","modified_gmt":"2025-11-06T00:00:37","slug":"botoksa-taisnosana","status":"publish","type":"product","link":"https:\/\/women.lv\/ru\/product\/botoksa-taisnosana\/","title":{"rendered":"\u0411\u043e\u0442\u043e\u043a\u0441 \u0432\u044b\u043f\u0440\u044f\u043c\u043b\u0435\u043d\u0438\u0435"},"content":{"rendered":"<p><span style=\"font-family: Helvetica;\"><span style=\"font-size: 18px;\">\u0411\u043e\u0442\u043e\u043a\u0441 \u0434\u043b\u044f \u0432\u043e\u043b\u043e\u0441 \u2014 \u044d\u0442\u043e \u0440\u0430\u0437\u043d\u043e\u0432\u0438\u0434\u043d\u043e\u0441\u0442\u044c \u043f\u0440\u043e\u0446\u0435\u0434\u0443\u0440\u044b \u0433\u043b\u0443\u0431\u043e\u043a\u043e\u0433\u043e \u043a\u043e\u043d\u0434\u0438\u0446\u0438\u043e\u043d\u0438\u0440\u043e\u0432\u0430\u043d\u0438\u044f, \u043f\u043e\u044d\u0442\u043e\u043c\u0443 \u0432\u0430\u0448\u0438 \u0432\u043e\u043b\u043e\u0441\u044b \u0431\u0443\u0434\u0443\u0442 \u0431\u043e\u043b\u0435\u0435 \u0433\u043b\u0430\u0434\u043a\u0438\u043c\u0438 \u0438 \u0443\u0432\u043b\u0430\u0436\u043d\u0435\u043d\u043d\u044b\u043c\u0438, \u0447\u0435\u043c \u043f\u043e\u0441\u043b\u0435 \u043a\u0435\u0440\u0430\u0442\u0438\u043d\u043e\u0432\u043e\u0433\u043e \u043b\u0435\u0447\u0435\u043d\u0438\u044f. \u041a\u0440\u043e\u043c\u0435 \u0442\u043e\u0433\u043e, \u0432\u0430\u043c \u043d\u0435 \u043d\u0443\u0436\u043d\u043e \u0436\u0434\u0430\u0442\u044c 72 \u0447\u0430\u0441\u0430, \u0447\u0442\u043e\u0431\u044b \u043a\u0435\u0440\u0430\u0442\u0438\u043d \u0437\u0430\u0441\u0442\u044b\u043b. \u041c\u044b\u0442\u044c \u0433\u043e\u043b\u043e\u0432\u0443 \u043c\u043e\u0436\u043d\u043e \u0447\u0435\u0440\u0435\u0437 24 \u0447\u0430\u0441\u0430.\u00a0<\/span><\/span><\/p>\n<p><span style=\"font-family: Helvetica;\"><span style=\"font-size: 18px;\">\u0414\u0435\u0439\u0441\u0442\u0432\u0438\u0435 \u0411\u041e\u0422\u041e\u041a\u0421\u0430 \u0434\u043b\u0438\u0442\u0441\u044f \u043e\u0442 8 \u0434\u043e 16 \u043d\u0435\u0434\u0435\u043b\u044c, \u0432 \u0437\u0430\u0432\u0438\u0441\u0438\u043c\u043e\u0441\u0442\u0438 \u043e\u0442 \u0443\u0445\u043e\u0434\u0430 \u0437\u0430 \u0432\u043e\u043b\u043e\u0441\u0430\u043c\u0438 \u0438 \u0441\u0442\u0440\u0443\u043a\u0442\u0443\u0440\u044b, \u043f\u043e\u0440\u0438\u0441\u0442\u043e\u0441\u0442\u0438 \u0438 \u0434\u0440\u0443\u0433\u0438\u0445 \u043e\u0441\u043e\u0431\u0435\u043d\u043d\u043e\u0441\u0442\u0435\u0439 \u0438\u043d\u0434\u0438\u0432\u0438\u0434\u0443\u0430\u043b\u044c\u043d\u044b\u0445 \u0432\u043e\u043b\u043e\u0441. \u0412 \u043e\u0441\u043d\u043e\u0432\u0435 \u043f\u0440\u043e\u0446\u0435\u0434\u0443\u0440\u044b \u043b\u0435\u0436\u0438\u0442 \u043f\u0440\u0438\u043d\u0446\u0438\u043f \u0443\u043d\u0438\u043a\u0430\u043b\u044c\u043d\u043e\u0433\u043e \u0432\u043e\u0441\u0441\u0442\u0430\u043d\u043e\u0432\u043b\u0435\u043d\u0438\u044f \u0441\u0442\u0440\u0443\u043a\u0442\u0443\u0440\u044b \u043f\u043e\u0432\u0440\u0435\u0436\u0434\u0435\u043d\u043d\u044b\u0445 \u043f\u043e\u0440\u0438\u0441\u0442\u044b\u0445, \u0445\u0438\u043c\u0438\u0447\u0435\u0441\u043a\u0438 \u043f\u043e\u0432\u0440\u0435\u0436\u0434\u0435\u043d\u043d\u044b\u0445 \u0438\u043b\u0438 \u0438\u043d\u044b\u043c \u043e\u0431\u0440\u0430\u0437\u043e\u043c \u043f\u043e\u0432\u0440\u0435\u0436\u0434\u0435\u043d\u043d\u044b\u0445 \u0432\u043e\u043b\u043e\u0441. \u041f<\/span><\/span><span style=\"font-family: Helvetica; font-size: 18px;\">\u0443\u0441\u043b\u0443\u0433\u0443 \u0432\u044b\u043f\u043e\u043b\u043d\u044f\u0435\u0442 \u0441\u0435\u0440\u0442\u0438\u0444\u0438\u0446\u0438\u0440\u043e\u0432\u0430\u043d\u043d\u044b\u0439 \u0441\u043f\u0435\u0446\u0438\u0430\u043b\u0438\u0441\u0442.<\/span><\/p>\n<p><span style=\"font-family: Helvetica;\"><span style=\"font-size: 18px;\">\u00a0<\/span><\/span><\/p>\n<p><span style=\"font-family: Helvetica;\"><span style=\"font-size: 18px;\"><b>\u041d\u0430\u043f\u043e\u043b\u043d\u0435\u043d\u0438\u0435 \u0432\u043e\u043b\u043e\u0441 \u0431\u043e\u0442\u043e\u043a\u0441\u043e\u043c:<\/b><\/span><\/span><\/p>\n<ul>\n<li><span style=\"font-family: Helvetica;\"><span style=\"font-size: 18px;\">\u0412\u043e\u0441\u0441\u0442\u0430\u043d\u0430\u0432\u043b\u0438\u0432\u0430\u0435\u0442 \u0441\u0443\u0445\u0438\u0435 \u0438 \u043f\u043e\u0432\u0440\u0435\u0436\u0434\u0435\u043d\u043d\u044b\u0435 \u0432\u043e\u043b\u043e\u0441\u044b,<\/span><\/span><\/li>\n<li><span style=\"font-family: Helvetica;\"><span style=\"font-size: 18px;\">\u041f\u0440\u0435\u0434\u043e\u0442\u0432\u0440\u0430\u0449\u0430\u0435\u0442 \u0441\u0435\u043a\u0443\u0449\u0438\u0435\u0441\u044f \u043a\u043e\u043d\u0447\u0438\u043a\u0438 \u0438 \u043f\u0443\u0448\u0438\u0441\u0442\u043e\u0441\u0442\u044c,<\/span><\/span><\/li>\n<li><span style=\"font-family: Helvetica;\"><span style=\"font-size: 18px;\">\u041f\u0440\u0438\u0434\u0430\u0451\u0442 \u0432\u043e\u043b\u043e\u0441\u0430\u043c \u0431\u043b\u0435\u0441\u043a<\/span><\/span><\/li>\n<li><span style=\"font-family: Helvetica;\"><span style=\"font-size: 18px;\">\u041f\u0440\u0435\u0434\u043e\u0442\u0432\u0440\u0430\u0449\u0430\u0435\u0442 \u043b\u043e\u043c\u043a\u043e\u0441\u0442\u044c \u0432\u043e\u043b\u043e\u0441 \u0438 \u0443\u043b\u0443\u0447\u0448\u0430\u0435\u0442 \u0438\u0445 \u0442\u0435\u043a\u0441\u0442\u0443\u0440\u0443.<\/span><\/span><\/li>\n<li><span style=\"font-family: Helvetica;\"><span style=\"font-size: 18px;\">\u041f\u043e\u0434\u0445\u043e\u0434\u0438\u0442 \u0434\u043b\u044f \u0432\u0441\u0435\u0445 \u0442\u0438\u043f\u043e\u0432 \u0432\u043e\u043b\u043e\u0441 (\u043d\u0435\u043e\u043a\u0440\u0430\u0448\u0435\u043d\u043d\u044b\u0445, \u043e\u0441\u0432\u0435\u0442\u043b\u0435\u043d\u043d\u044b\u0445, \u043e\u043a\u0440\u0430\u0448\u0435\u043d\u043d\u044b\u0445, \u0445\u0438\u043c\u0438\u0447\u0435\u0441\u043a\u0438 \u043e\u0431\u0440\u0430\u0431\u043e\u0442\u0430\u043d\u043d\u044b\u0445),<\/span><\/span><\/li>\n<li><span style=\"font-family: Helvetica;\"><span style=\"font-size: 18px;\">\u0413\u043b\u0443\u0431\u043e\u043a\u043e \u0443\u0432\u043b\u0430\u0436\u043d\u044f\u0435\u0442 \u0432\u043e\u043b\u043e\u0441\u044f\u043d\u043e\u0439 \u0444\u043e\u043b\u043b\u0438\u043a\u0443\u043b.<\/span><\/span><\/li>\n<\/ul>\n<p><span style=\"font-family: Helvetica;\"><span style=\"font-size: 18px;\"><b>\u0425\u043e\u0434 \u043f\u0440\u043e\u0446\u0435\u0434\u0443\u0440\u044b:<\/b><\/span><\/span><\/p>\n<ul>\n<li><span style=\"font-family: Helvetica;\"><span style=\"font-size: 18px;\">\u0412\u043e\u043b\u043e\u0441\u044b \u043c\u043e\u044e\u0442 \u0441\u043f\u0435\u0446\u0438\u0430\u043b\u044c\u043d\u044b\u043c \u0448\u0430\u043c\u043f\u0443\u043d\u0435\u043c, \u043e\u0442\u043a\u0440\u044b\u0432\u0430\u044e\u0449\u0438\u043c \u0447\u0435\u0448\u0443\u0439\u043a\u0438.<\/span><\/span><\/li>\n<li><span style=\"font-family: Helvetica;\"><span style=\"font-size: 18px;\">\u0412\u043e\u043b\u043e\u0441\u044b \u0441\u0443\u0448\u0430\u0442 \u0432 60-701\u0422\u041f3\u0422.\u00a0<\/span><\/span><\/li>\n<li><span style=\"font-family: Helvetica;\"><span style=\"font-size: 18px;\">\u041d\u0430 \u0432\u043e\u043b\u043e\u0441\u044b \u043d\u0430\u043d\u043e\u0441\u0438\u0442\u0441\u044f \u0431\u043e\u0442\u043e\u043a\u0441.<\/span><\/span><\/li>\n<li><span style=\"font-family: Helvetica;\"><span style=\"font-size: 18px;\">\u0416\u0434\u0435\u043c \u044d\u0444\u0444\u0435\u043a\u0442\u0430 \u0431\u043e\u0442\u043e\u043a\u0441\u0430 20-30 \u043c\u0438\u043d\u0443\u0442 (\u043d\u0435\u043c\u043d\u043e\u0433\u043e \u0441\u0443\u0448\u0438\u043c \u0444\u0435\u043d\u043e\u043c)<\/span>\n<p><\/span><\/li>\n<li><span style=\"font-family: Helvetica; font-size: 18px;\">\u0411\u043e\u0442\u043e\u043a\u0441 \u0432\u0432\u043e\u0434\u0438\u0442\u0441\u044f \u0432 \u0432\u043e\u043b\u043e\u0441\u044b \u0441 \u043f\u043e\u043c\u043e\u0449\u044c\u044e \u0432\u044b\u043f\u0440\u044f\u043c\u0438\u0442\u0435\u043b\u044f, \u043f\u043e\u0441\u043b\u0435 \u0447\u0435\u0433\u043e \u0432\u043e\u043b\u043e\u0441\u044b \u043d\u0435\u043b\u044c\u0437\u044f \u0443\u0432\u043b\u0430\u0436\u043d\u044f\u0442\u044c \u0432 \u0442\u0435\u0447\u0435\u043d\u0438\u0435 24 \u0447\u0430\u0441\u043e\u0432.<\/span><\/li>\n<\/ul>\n<p>&nbsp;<\/p>\n<p><span style=\"font-family: Helvetica; font-size: 18px;\">\u041f\u0440\u043e\u0446\u0435\u0434\u0443\u0440\u0430 \u043f\u0440\u043e\u0438\u0441\u0445\u043e\u0434\u0438\u0442 \u0432 \u041e\u0433\u0440\u0435 \u043f\u043e \u043f\u0440\u0435\u0434\u0432\u0430\u0440\u0438\u0442\u0435\u043b\u044c\u043d\u043e\u0439 \u0437\u0430\u043f\u0438\u0441\u0438 (\u043f\u043e\u043c\u0435\u0449\u0435\u043d\u0438\u0435 \u0442\u043e\u0432\u0430\u0440\u0430 \u0432 \u043a\u043e\u0440\u0437\u0438\u043d\u0443 - \u0443\u043a\u0430\u0437\u0430\u043d\u0438\u0435 \u0432 \u043a\u043e\u043c\u043c\u0435\u043d\u0442\u0430\u0440\u0438\u0438 \u0436\u0435\u043b\u0430\u0435\u043c\u044b\u0445 \u0434\u0430\u0442 \u0438 \u0432\u0440\u0435\u043c\u0435\u043d\u0438, \u0437\u0430\u0432\u0435\u0440\u0448\u0435\u043d\u0438\u0435 \u043f\u043e\u043a\u0443\u043f\u043a\u0438 \u0437\u0430 0,00 EUR. \u041f\u043e\u0441\u043b\u0435 \u0447\u0435\u0433\u043e \u0441 \u0432\u0430\u043c\u0438 \u0441\u0432\u044f\u0436\u0435\u0442\u0441\u044f \u043c\u0435\u043d\u0435\u0434\u0436\u0435\u0440 \u0438 \u0441\u043e\u0433\u043b\u0430\u0441\u0443\u0435\u0442 \u043d\u0430\u0438\u0431\u043e\u043b\u0435\u0435 \u0443\u0434\u043e\u0431\u043d\u043e\u0435 \u0434\u043b\u044f \u0432\u0430\u0441 \u0432\u0440\u0435\u043c\u044f. \u0438 \u043c\u044b). \u0423\u0431\u0435\u0434\u0438\u0442\u0435\u0441\u044c, \u0447\u0442\u043e \u0432\u044b \u0443\u043a\u0430\u0437\u0430\u043b\u0438 \u043f\u0440\u0430\u0432\u0438\u043b\u044c\u043d\u044b\u0439 \u0430\u0434\u0440\u0435\u0441 \u044d\u043b\u0435\u043a\u0442\u0440\u043e\u043d\u043d\u043e\u0439 \u043f\u043e\u0447\u0442\u044b.<\/span><\/p>\n<p>&nbsp;<\/p>\n<p><span style=\"font-family: Helvetica;\"><span style=\"font-size: 18px;\"><b>\u0426\u0435\u043d\u044b:<\/b><\/span><\/span><\/p>\n<p><span style=\"font-family: Helvetica;\"><span style=\"font-size: 18px;\"><u><i>\u041a\u043e\u0440\u043e\u0442\u043a\u0438\u0435 \u0432\u043e\u043b\u043e\u0441\u044b \/1,5-2 \u0447\u0430\u0441\u0430\/<\/i><\/u><\/p>\n<p><\/span><\/span><span style=\"font-size: 18px; font-family: Helvetica;\">\u0422\u043e\u043d\u043a\u0438\u0439-35\u20ac, \u0441\u0440\u0435\u0434\u043d\u0438\u0439 \u0442\u043e\u043b\u0441\u0442\u044b\u0439-40\u0435, \u0442\u043e\u043b\u0441\u0442\u044b\u0439-45\u0435<\/span><\/p>\n<p><span style=\"font-family: Helvetica;\"><span style=\"font-size: 18px;\"><u><i>\u0412\u043e\u043b\u043e\u0441\u044b \u0441\u0440\u0435\u0434\u043d\u0435\u0439 \u0434\u043b\u0438\u043d\u044b (\u043e\u0442 \u043f\u043b\u0435\u0447 \u0434\u043e \u0433\u0440\u0443\u0434\u0438) \/1,5-2,5 \u0447\u0430\u0441\u0430\/<\/i><\/u><\/span><\/span><\/p>\n<p><span style=\"font-family: Helvetica;\"><span style=\"font-size: 18px;\">\u0422\u043e\u043d\u043a\u0438\u0439-45\u20ac, \u0441\u0440\u0435\u0434\u043d\u0438\u0439 \u0442\u043e\u043b\u0441\u0442\u044b\u0439-50\u0435, \u0442\u043e\u043b\u0441\u0442\u044b\u0439-55\u0435<\/span><\/span><\/p>\n<p><span style=\"font-family: Helvetica;\"><span style=\"font-size: 18px;\"><u><i>\u0414\u043b\u0438\u043d\u043d\u044b\u0435 \u0432\u043e\u043b\u043e\u0441\u044b \/2-3\u0447\/<\/i><\/u><\/span><\/span><\/p>\n<p><span style=\"font-family: Helvetica;\"><span style=\"font-size: 18px;\">\u0422\u043e\u043d\u043a\u0438\u0439-55\u20ac, \u0441\u0440\u0435\u0434\u043d\u0438\u0439 \u0442\u043e\u043b\u0441\u0442\u044b\u0439-60\u0435, \u0442\u043e\u043b\u0441\u0442\u044b\u0439-65\u0435<\/span><\/span><\/p>","protected":false},"excerpt":{"rendered":"<p>\u0411\u043e\u0442\u043e\u043a\u0441 \u0434\u043b\u044f \u0432\u043e\u043b\u043e\u0441 \u2014 \u044d\u0442\u043e \u0440\u0430\u0437\u043d\u043e\u0432\u0438\u0434\u043d\u043e\u0441\u0442\u044c \u043f\u0440\u043e\u0446\u0435\u0434\u0443\u0440\u044b \u0433\u043b\u0443\u0431\u043e\u043a\u043e\u0433\u043e \u043a\u043e\u043d\u0434\u0438\u0446\u0438\u043e\u043d\u0438\u0440\u043e\u0432\u0430\u043d\u0438\u044f, \u043f\u043e\u044d\u0442\u043e\u043c\u0443 \u0432\u0430\u0448\u0438 \u0432\u043e\u043b\u043e\u0441\u044b \u0431\u0443\u0434\u0443\u0442 \u0431\u043e\u043b\u0435\u0435 \u0433\u043b\u0430\u0434\u043a\u0438\u043c\u0438 \u0438 \u0443\u0432\u043b\u0430\u0436\u043d\u0435\u043d\u043d\u044b\u043c\u0438, \u0447\u0435\u043c \u043f\u043e\u0441\u043b\u0435 \u043a\u0435\u0440\u0430\u0442\u0438\u043d\u043e\u0432\u043e\u0433\u043e \u043b\u0435\u0447\u0435\u043d\u0438\u044f. \u041f\u043e\u043c\u0438\u043c\u043e \u0442\u0435\u0431\u044f<\/p>","protected":false},"featured_media":28886,"comment_status":"open","ping_status":"closed","template":"","meta":[],"product_brand":[],"product_cat":[2230],"product_tag":[3635,3636,3637],"class_list":{"0":"post-28885","1":"product","2":"type-product","3":"status-publish","4":"has-post-thumbnail","6":"product_cat-lv-women-pakalpojumi","7":"product_tag-botoksa-taisnosana","8":"product_tag-botox-straightening","9":"product_tag-3637","11":"first","12":"instock","13":"taxable","14":"shipping-taxable","15":"purchasable","16":"product-type-simple"},"yoast_head":"<!-- This site is optimized with the Yoast SEO plugin v27.4 - https:\/\/yoast.com\/product\/yoast-seo-wordpress\/ -->\n<title>Botoksa taisno\u0161ana<\/title>\n<meta name=\"description\" content=\"Matu botox ir dzi\u013ci kondicion\u0113jo\u0161as proced\u016bras veids, t\u0101p\u0113c J\u016bsu mati jut\u012bsies glud\u0101ki un mitrin\u0101t\u0101ki, nek\u0101 veicot kerat\u012bna proced\u016bru. Turkl\u0101t jums nav j\u0101gaida 72 stundas, l\u012bdz kerat\u012bns nofiks\u0113jas. Jau p\u0113c 24 stund\u0101m varat mazg\u0101t matus.\" \/>\n<meta name=\"robots\" content=\"index, follow, max-snippet:-1, max-image-preview:large, max-video-preview:-1\" \/>\n<link rel=\"canonical\" href=\"https:\/\/women.lv\/ru\/product\/botoksa-taisnosana\/\" \/>\n<meta property=\"og:locale\" content=\"ru_RU\" \/>\n<meta property=\"og:type\" content=\"article\" \/>\n<meta property=\"og:title\" content=\"Botoksa taisno\u0161ana\" \/>\n<meta property=\"og:description\" content=\"Matu botox ir dzi\u013ci kondicion\u0113jo\u0161as proced\u016bras veids, t\u0101p\u0113c J\u016bsu mati jut\u012bsies glud\u0101ki un mitrin\u0101t\u0101ki, nek\u0101 veicot kerat\u012bna proced\u016bru. Turkl\u0101t jums nav j\u0101gaida 72 stundas, l\u012bdz kerat\u012bns nofiks\u0113jas. Jau p\u0113c 24 stund\u0101m varat mazg\u0101t matus.\" \/>\n<meta property=\"og:url\" content=\"https:\/\/women.lv\/ru\/product\/botoksa-taisnosana\/\" \/>\n<meta property=\"og:site_name\" content=\"Women Veikals\" \/>\n<meta property=\"article:modified_time\" content=\"2025-11-06T00:00:37+00:00\" \/>\n<meta property=\"og:image\" content=\"https:\/\/women.lv\/wp-content\/uploads\/nc\/catalog\/Women-salons\/botox.jpg\" \/>\n\t<meta property=\"og:image:width\" content=\"1200\" \/>\n\t<meta property=\"og:image:height\" content=\"799\" \/>\n\t<meta property=\"og:image:type\" content=\"image\/jpeg\" \/>\n<meta name=\"twitter:card\" content=\"summary_large_image\" \/>\n<meta name=\"twitter:label1\" content=\"\u041f\u0440\u0438\u043c\u0435\u0440\u043d\u043e\u0435 \u0432\u0440\u0435\u043c\u044f \u0434\u043b\u044f \u0447\u0442\u0435\u043d\u0438\u044f\" \/>\n\t<meta name=\"twitter:data1\" content=\"2 \u043c\u0438\u043d\u0443\u0442\u044b\" \/>\n<script type=\"application\/ld+json\" class=\"yoast-schema-graph\">{\"@context\":\"https:\\\/\\\/schema.org\",\"@graph\":[{\"@type\":\"WebPage\",\"@id\":\"https:\\\/\\\/women.lv\\\/product\\\/botoksa-taisnosana\\\/\",\"url\":\"https:\\\/\\\/women.lv\\\/product\\\/botoksa-taisnosana\\\/\",\"name\":\"Botoksa taisno\u0161ana\",\"isPartOf\":{\"@id\":\"https:\\\/\\\/women.lv\\\/#website\"},\"primaryImageOfPage\":{\"@id\":\"https:\\\/\\\/women.lv\\\/product\\\/botoksa-taisnosana\\\/#primaryimage\"},\"image\":{\"@id\":\"https:\\\/\\\/women.lv\\\/product\\\/botoksa-taisnosana\\\/#primaryimage\"},\"thumbnailUrl\":\"https:\\\/\\\/women.lv\\\/wp-content\\\/uploads\\\/nc\\\/catalog\\\/Women-salons\\\/botox.jpg\",\"datePublished\":\"2023-01-27T14:04:59+00:00\",\"dateModified\":\"2025-11-06T00:00:37+00:00\",\"description\":\"Matu botox ir dzi\u013ci kondicion\u0113jo\u0161as proced\u016bras veids, t\u0101p\u0113c J\u016bsu mati jut\u012bsies glud\u0101ki un mitrin\u0101t\u0101ki, nek\u0101 veicot kerat\u012bna proced\u016bru. Turkl\u0101t jums nav j\u0101gaida 72 stundas, l\u012bdz kerat\u012bns nofiks\u0113jas. Jau p\u0113c 24 stund\u0101m varat mazg\u0101t matus.\",\"breadcrumb\":{\"@id\":\"https:\\\/\\\/women.lv\\\/product\\\/botoksa-taisnosana\\\/#breadcrumb\"},\"inLanguage\":\"ru-RU\",\"potentialAction\":[{\"@type\":\"ReadAction\",\"target\":[\"https:\\\/\\\/women.lv\\\/product\\\/botoksa-taisnosana\\\/\"]}]},{\"@type\":\"ImageObject\",\"inLanguage\":\"ru-RU\",\"@id\":\"https:\\\/\\\/women.lv\\\/product\\\/botoksa-taisnosana\\\/#primaryimage\",\"url\":\"https:\\\/\\\/women.lv\\\/wp-content\\\/uploads\\\/nc\\\/catalog\\\/Women-salons\\\/botox.jpg\",\"contentUrl\":\"https:\\\/\\\/women.lv\\\/wp-content\\\/uploads\\\/nc\\\/catalog\\\/Women-salons\\\/botox.jpg\",\"width\":1200,\"height\":799,\"caption\":\"Botoksa taisno\u0161ana\"},{\"@type\":\"BreadcrumbList\",\"@id\":\"https:\\\/\\\/women.lv\\\/product\\\/botoksa-taisnosana\\\/#breadcrumb\",\"itemListElement\":[{\"@type\":\"ListItem\",\"position\":1,\"name\":\"Home\",\"item\":\"https:\\\/\\\/women.lv\\\/\"},{\"@type\":\"ListItem\",\"position\":2,\"name\":\"Products\",\"item\":\"https:\\\/\\\/women.lv\\\/en\\\/shop\\\/\"},{\"@type\":\"ListItem\",\"position\":3,\"name\":\"Botoksa taisno\u0161ana\"}]},{\"@type\":\"WebSite\",\"@id\":\"https:\\\/\\\/women.lv\\\/#website\",\"url\":\"https:\\\/\\\/women.lv\\\/\",\"name\":\"Women Veikals\",\"description\":\"Uzdr\u012bksties b\u016bt skaista\",\"potentialAction\":[{\"@type\":\"SearchAction\",\"target\":{\"@type\":\"EntryPoint\",\"urlTemplate\":\"https:\\\/\\\/women.lv\\\/?s={search_term_string}\"},\"query-input\":{\"@type\":\"PropertyValueSpecification\",\"valueRequired\":true,\"valueName\":\"search_term_string\"}}],\"inLanguage\":\"ru-RU\"}]}<\/script>\n<!-- \/ Yoast SEO plugin. -->","yoast_head_json":{"title":"\u0411\u043e\u0442\u043e\u043a\u0441 \u0432\u044b\u043f\u0440\u044f\u043c\u043b\u0435\u043d\u0438\u0435","description":"\u0411\u043e\u0442\u043e\u043a\u0441 \u0434\u043b\u044f \u0432\u043e\u043b\u043e\u0441 \u2014 \u044d\u0442\u043e \u0440\u0430\u0437\u043d\u043e\u0432\u0438\u0434\u043d\u043e\u0441\u0442\u044c \u043f\u0440\u043e\u0446\u0435\u0434\u0443\u0440\u044b \u0433\u043b\u0443\u0431\u043e\u043a\u043e\u0433\u043e \u043a\u043e\u043d\u0434\u0438\u0446\u0438\u043e\u043d\u0438\u0440\u043e\u0432\u0430\u043d\u0438\u044f, \u043f\u043e\u044d\u0442\u043e\u043c\u0443 \u0432\u0430\u0448\u0438 \u0432\u043e\u043b\u043e\u0441\u044b \u0431\u0443\u0434\u0443\u0442 \u0431\u043e\u043b\u0435\u0435 \u0433\u043b\u0430\u0434\u043a\u0438\u043c\u0438 \u0438 \u0443\u0432\u043b\u0430\u0436\u043d\u0435\u043d\u043d\u044b\u043c\u0438, \u0447\u0435\u043c \u043f\u043e\u0441\u043b\u0435 \u043a\u0435\u0440\u0430\u0442\u0438\u043d\u043e\u0432\u043e\u0433\u043e \u043b\u0435\u0447\u0435\u043d\u0438\u044f. \u041a\u0440\u043e\u043c\u0435 \u0442\u043e\u0433\u043e, \u0432\u0430\u043c \u043d\u0435 \u043d\u0443\u0436\u043d\u043e \u0436\u0434\u0430\u0442\u044c 72 \u0447\u0430\u0441\u0430, \u0447\u0442\u043e\u0431\u044b \u043a\u0435\u0440\u0430\u0442\u0438\u043d \u0437\u0430\u0441\u0442\u044b\u043b. \u041c\u044b\u0442\u044c \u0433\u043e\u043b\u043e\u0432\u0443 \u043c\u043e\u0436\u043d\u043e \u0447\u0435\u0440\u0435\u0437 24 \u0447\u0430\u0441\u0430.","robots":{"index":"index","follow":"follow","max-snippet":"max-snippet:-1","max-image-preview":"max-image-preview:large","max-video-preview":"max-video-preview:-1"},"canonical":"https:\/\/women.lv\/ru\/product\/botoksa-taisnosana\/","og_locale":"ru_RU","og_type":"article","og_title":"Botoksa taisno\u0161ana","og_description":"Matu botox ir dzi\u013ci kondicion\u0113jo\u0161as proced\u016bras veids, t\u0101p\u0113c J\u016bsu mati jut\u012bsies glud\u0101ki un mitrin\u0101t\u0101ki, nek\u0101 veicot kerat\u012bna proced\u016bru. Turkl\u0101t jums nav j\u0101gaida 72 stundas, l\u012bdz kerat\u012bns nofiks\u0113jas. Jau p\u0113c 24 stund\u0101m varat mazg\u0101t matus.","og_url":"https:\/\/women.lv\/ru\/product\/botoksa-taisnosana\/","og_site_name":"Women Veikals","article_modified_time":"2025-11-06T00:00:37+00:00","og_image":[{"width":1200,"height":799,"url":"https:\/\/women.lv\/wp-content\/uploads\/nc\/catalog\/Women-salons\/botox.jpg","type":"image\/jpeg"}],"twitter_card":"summary_large_image","twitter_misc":{"\u041f\u0440\u0438\u043c\u0435\u0440\u043d\u043e\u0435 \u0432\u0440\u0435\u043c\u044f \u0434\u043b\u044f \u0447\u0442\u0435\u043d\u0438\u044f":"2 \u043c\u0438\u043d\u0443\u0442\u044b"},"schema":{"@context":"https:\/\/schema.org","@graph":[{"@type":"WebPage","@id":"https:\/\/women.lv\/product\/botoksa-taisnosana\/","url":"https:\/\/women.lv\/product\/botoksa-taisnosana\/","name":"\u0411\u043e\u0442\u043e\u043a\u0441 \u0432\u044b\u043f\u0440\u044f\u043c\u043b\u0435\u043d\u0438\u0435","isPartOf":{"@id":"https:\/\/women.lv\/#website"},"primaryImageOfPage":{"@id":"https:\/\/women.lv\/product\/botoksa-taisnosana\/#primaryimage"},"image":{"@id":"https:\/\/women.lv\/product\/botoksa-taisnosana\/#primaryimage"},"thumbnailUrl":"https:\/\/women.lv\/wp-content\/uploads\/nc\/catalog\/Women-salons\/botox.jpg","datePublished":"2023-01-27T14:04:59+00:00","dateModified":"2025-11-06T00:00:37+00:00","description":"\u0411\u043e\u0442\u043e\u043a\u0441 \u0434\u043b\u044f \u0432\u043e\u043b\u043e\u0441 \u2014 \u044d\u0442\u043e \u0440\u0430\u0437\u043d\u043e\u0432\u0438\u0434\u043d\u043e\u0441\u0442\u044c \u043f\u0440\u043e\u0446\u0435\u0434\u0443\u0440\u044b \u0433\u043b\u0443\u0431\u043e\u043a\u043e\u0433\u043e \u043a\u043e\u043d\u0434\u0438\u0446\u0438\u043e\u043d\u0438\u0440\u043e\u0432\u0430\u043d\u0438\u044f, \u043f\u043e\u044d\u0442\u043e\u043c\u0443 \u0432\u0430\u0448\u0438 \u0432\u043e\u043b\u043e\u0441\u044b \u0431\u0443\u0434\u0443\u0442 \u0431\u043e\u043b\u0435\u0435 \u0433\u043b\u0430\u0434\u043a\u0438\u043c\u0438 \u0438 \u0443\u0432\u043b\u0430\u0436\u043d\u0435\u043d\u043d\u044b\u043c\u0438, \u0447\u0435\u043c \u043f\u043e\u0441\u043b\u0435 \u043a\u0435\u0440\u0430\u0442\u0438\u043d\u043e\u0432\u043e\u0433\u043e \u043b\u0435\u0447\u0435\u043d\u0438\u044f. \u041a\u0440\u043e\u043c\u0435 \u0442\u043e\u0433\u043e, \u0432\u0430\u043c \u043d\u0435 \u043d\u0443\u0436\u043d\u043e \u0436\u0434\u0430\u0442\u044c 72 \u0447\u0430\u0441\u0430, \u0447\u0442\u043e\u0431\u044b \u043a\u0435\u0440\u0430\u0442\u0438\u043d \u0437\u0430\u0441\u0442\u044b\u043b. \u041c\u044b\u0442\u044c \u0433\u043e\u043b\u043e\u0432\u0443 \u043c\u043e\u0436\u043d\u043e \u0447\u0435\u0440\u0435\u0437 24 \u0447\u0430\u0441\u0430.","breadcrumb":{"@id":"https:\/\/women.lv\/product\/botoksa-taisnosana\/#breadcrumb"},"inLanguage":"ru-RU","potentialAction":[{"@type":"ReadAction","target":["https:\/\/women.lv\/product\/botoksa-taisnosana\/"]}]},{"@type":"ImageObject","inLanguage":"ru-RU","@id":"https:\/\/women.lv\/product\/botoksa-taisnosana\/#primaryimage","url":"https:\/\/women.lv\/wp-content\/uploads\/nc\/catalog\/Women-salons\/botox.jpg","contentUrl":"https:\/\/women.lv\/wp-content\/uploads\/nc\/catalog\/Women-salons\/botox.jpg","width":1200,"height":799,"caption":"Botoksa taisno\u0161ana"},{"@type":"BreadcrumbList","@id":"https:\/\/women.lv\/product\/botoksa-taisnosana\/#breadcrumb","itemListElement":[{"@type":"ListItem","position":1,"name":"Home","item":"https:\/\/women.lv\/"},{"@type":"ListItem","position":2,"name":"Products","item":"https:\/\/women.lv\/en\/shop\/"},{"@type":"ListItem","position":3,"name":"Botoksa taisno\u0161ana"}]},{"@type":"WebSite","@id":"https:\/\/women.lv\/#website","url":"https:\/\/women.lv\/","name":"\u041c\u0430\u0433\u0430\u0437\u0438\u043d Women","description":"Uzdr\u012bksties b\u016bt skaista","potentialAction":[{"@type":"SearchAction","target":{"@type":"EntryPoint","urlTemplate":"https:\/\/women.lv\/?s={search_term_string}"},"query-input":{"@type":"PropertyValueSpecification","valueRequired":true,"valueName":"search_term_string"}}],"inLanguage":"ru-RU"}]}},"_links":{"self":[{"href":"https:\/\/women.lv\/ru\/wp-json\/wp\/v2\/product\/28885","targetHints":{"allow":["GET"]}}],"collection":[{"href":"https:\/\/women.lv\/ru\/wp-json\/wp\/v2\/product"}],"about":[{"href":"https:\/\/women.lv\/ru\/wp-json\/wp\/v2\/types\/product"}],"replies":[{"embeddable":true,"href":"https:\/\/women.lv\/ru\/wp-json\/wp\/v2\/comments?post=28885"}],"version-history":[{"count":0,"href":"https:\/\/women.lv\/ru\/wp-json\/wp\/v2\/product\/28885\/revisions"}],"wp:featuredmedia":[{"embeddable":true,"href":"https:\/\/women.lv\/ru\/wp-json\/wp\/v2\/media\/28886"}],"wp:attachment":[{"href":"https:\/\/women.lv\/ru\/wp-json\/wp\/v2\/media?parent=28885"}],"wp:term":[{"taxonomy":"product_brand","embeddable":true,"href":"https:\/\/women.lv\/ru\/wp-json\/wp\/v2\/product_brand?post=28885"},{"taxonomy":"product_cat","embeddable":true,"href":"https:\/\/women.lv\/ru\/wp-json\/wp\/v2\/product_cat?post=28885"},{"taxonomy":"product_tag","embeddable":true,"href":"https:\/\/women.lv\/ru\/wp-json\/wp\/v2\/product_tag?post=28885"}],"curies":[{"name":"wp","href":"https:\/\/api.w.org\/{rel}","templated":true}]}}