{"id":28883,"date":"2023-01-27T13:33:06","date_gmt":"2023-01-27T13:33:06","guid":{"rendered":"https:\/\/women.lv\/?product=keratina-taisnosana"},"modified":"2025-11-06T00:00:37","modified_gmt":"2025-11-06T00:00:37","slug":"keratina-taisnosana","status":"publish","type":"product","link":"https:\/\/women.lv\/ru\/product\/keratina-taisnosana\/","title":{"rendered":"\u041a\u0435\u0440\u0430\u0442\u0438\u043d\u043e\u0432\u043e\u0435 \u0432\u044b\u043f\u0440\u044f\u043c\u043b\u0435\u043d\u0438\u0435"},"content":{"rendered":"<p><span style=\"font-family: Helvetica;\"><span style=\"font-size: 18px;\">Kerat\u012bna matu taisno\u0161ana pal\u012bdz ieg\u016bt skaistus, taisnus, gludus, mirdzo\u0161us un veselus matus. P\u0113c proced\u016bras tie b\u016bs\u00a0 sp\u012bd\u012bg\u0101ki, glud\u0101ki un nep\u016bkosies.\u00a0<\/span><\/span><span style=\"font-size: 18px; font-family: Helvetica;\">Kerat\u012bns sniedz t\u016bl\u012bt\u0113ju efektu un rezult\u0101ts saglab\u0101jas 2-6 m\u0113ne\u0161us\u00a0<\/span><span style=\"font-family: Helvetica; font-size: 18px;\">(katram individu\u0101li)<\/span><span style=\"font-family: Helvetica; font-size: 18px;\">.\u00a0<\/span><span style=\"font-family: Helvetica; font-size: 18px;\">Pakalpojumu veic sertific\u0113ts speci\u0101lists.<\/span><\/p>\n<p><span style=\"font-family: Helvetica;\"><span style=\"font-size: 18px;\"><b><\/p>\n<p>Mata piepild\u012b\u0161ana ar kerat\u012bnu:<\/b><\/span><\/span><\/p>\n<ul>\n<li><span style=\"font-family: Helvetica;\"><span style=\"font-size: 18px;\">Samazina matu p\u016bko\u0161anos,<\/span><\/span><\/li>\n<li><span style=\"font-family: Helvetica;\"><span style=\"font-size: 18px;\">Nov\u0113rs matu boj\u0101jumus,<\/span><\/span><\/li>\n<li><span style=\"font-family: Helvetica;\"><span style=\"font-size: 18px;\">\u041f\u0440\u0438\u0434\u0430\u0451\u0442 \u0432\u043e\u043b\u043e\u0441\u0430\u043c \u0431\u043b\u0435\u0441\u043a<\/span><\/span><\/li>\n<li><span style=\"font-family: Helvetica;\"><span style=\"font-size: 18px;\">Nov\u0113r\u0161 matu l\u016b\u0161anu,<\/span><\/span><\/li>\n<li><span style=\"font-family: Helvetica;\"><span style=\"font-size: 18px;\">Piem\u0113rots visiem matu tipiem (nekr\u0101sotiem, balin\u0101tiem, kr\u0101sotiem, \u0137\u012bmiski apstr\u0101d\u0101tiem).<\/span><\/span><\/li>\n<\/ul>\n<p><span style=\"font-family: Helvetica;\"><span style=\"font-size: 18px;\"><b>\u0425\u043e\u0434 \u043f\u0440\u043e\u0446\u0435\u0434\u0443\u0440\u044b:<\/b><\/span><\/span><\/p>\n<ul>\n<li><span style=\"font-family: Helvetica;\"><span style=\"font-size: 18px;\">\u0412\u043e\u043b\u043e\u0441\u044b \u043c\u043e\u044e\u0442 \u0441\u043f\u0435\u0446\u0438\u0430\u043b\u044c\u043d\u044b\u043c \u0448\u0430\u043c\u043f\u0443\u043d\u0435\u043c, \u043e\u0442\u043a\u0440\u044b\u0432\u0430\u044e\u0449\u0438\u043c \u0447\u0435\u0448\u0443\u0439\u043a\u0438.<\/span><\/span><\/li>\n<li><span style=\"font-family: Helvetica;\"><span style=\"font-size: 18px;\">Mati tiek piln\u012bb\u0101 iz\u017e\u0101v\u0113ti.\u00a0<\/span><\/span><\/li>\n<li><span style=\"font-family: Helvetica;\"><span style=\"font-size: 18px;\">Uz matiem uzkl\u0101j dab\u012bgo kerat\u012bnu. Kerat\u012bns ir viela, no k\u0101 ir b\u016bv\u0113ts cilv\u0113ka mats (neskait\u0101mi kerat\u012bna sl\u0101\u0146i). Toties tagad m\u0113s varam mata no\u0101rd\u012btos kerat\u012bna sl\u0101\u0146us aizpild\u012bt ar dab\u012bgo kerat\u012bnu.\u00a0<\/span><span style=\"font-size: 18px;\">Gaidam kerat\u012bna iedarb\u012bbu 30-40min (mazliet f\u0113nojam)<\/span><\/span><\/li>\n<li><span style=\"font-family: Helvetica;\"><span style=\"font-size: 18px;\">Matus silda ar taisnot\u0101ju, lai tiktu ievad\u012btas nano-kerat\u012bna da\u013ci\u0146as J\u016bsu matos.<\/span><\/span><\/li>\n<\/ul>\n<p><span style=\"font-family: Helvetica; font-size: 18px;\">Turpm\u0101k matus nedr\u012bkst mazg\u0101t un mitrin\u0101t 72 stundas. Ja mati tiek samitrin\u0101ti ar lietu vai cit\u0101d\u0101 veid\u0101 tad tie ir j\u0101iz\u017e\u0101v\u0113 un j\u0101pietaisno. P\u0113c mazg\u0101\u0161anas ar matiem var dar\u012bt visu.<\/span><span style=\"font-family: Helvetica;\"><\/p>\n<p><\/span><\/p>\n<p>&nbsp;<\/p>\n<p><span style=\"font-family: Helvetica; font-size: 18px;\">\u041f\u0440\u043e\u0446\u0435\u0434\u0443\u0440\u0430 \u043f\u0440\u043e\u0438\u0441\u0445\u043e\u0434\u0438\u0442 \u0432 \u041e\u0433\u0440\u0435 \u043f\u043e \u043f\u0440\u0435\u0434\u0432\u0430\u0440\u0438\u0442\u0435\u043b\u044c\u043d\u043e\u0439 \u0437\u0430\u043f\u0438\u0441\u0438 (\u043f\u043e\u043c\u0435\u0449\u0435\u043d\u0438\u0435 \u0442\u043e\u0432\u0430\u0440\u0430 \u0432 \u043a\u043e\u0440\u0437\u0438\u043d\u0443 - \u0443\u043a\u0430\u0437\u0430\u043d\u0438\u0435 \u0432 \u043a\u043e\u043c\u043c\u0435\u043d\u0442\u0430\u0440\u0438\u0438 \u0436\u0435\u043b\u0430\u0435\u043c\u044b\u0445 \u0434\u0430\u0442 \u0438 \u0432\u0440\u0435\u043c\u0435\u043d\u0438, \u0437\u0430\u0432\u0435\u0440\u0448\u0435\u043d\u0438\u0435 \u043f\u043e\u043a\u0443\u043f\u043a\u0438 \u0437\u0430 0,00 EUR. \u041f\u043e\u0441\u043b\u0435 \u0447\u0435\u0433\u043e \u0441 \u0432\u0430\u043c\u0438 \u0441\u0432\u044f\u0436\u0435\u0442\u0441\u044f \u043c\u0435\u043d\u0435\u0434\u0436\u0435\u0440 \u0438 \u0441\u043e\u0433\u043b\u0430\u0441\u0443\u0435\u0442 \u043d\u0430\u0438\u0431\u043e\u043b\u0435\u0435 \u0443\u0434\u043e\u0431\u043d\u043e\u0435 \u0434\u043b\u044f \u0432\u0430\u0441 \u0432\u0440\u0435\u043c\u044f. \u0438 \u043c\u044b). \u0423\u0431\u0435\u0434\u0438\u0442\u0435\u0441\u044c, \u0447\u0442\u043e \u0432\u044b \u0443\u043a\u0430\u0437\u0430\u043b\u0438 \u043f\u0440\u0430\u0432\u0438\u043b\u044c\u043d\u044b\u0439 \u0430\u0434\u0440\u0435\u0441 \u044d\u043b\u0435\u043a\u0442\u0440\u043e\u043d\u043d\u043e\u0439 \u043f\u043e\u0447\u0442\u044b.<\/span><\/p>\n<p><span style=\"font-family: Helvetica;\"><span style=\"font-size: 18px;\"><b>\u00a0<\/b><\/span><\/span><\/p>\n<p><span style=\"font-family: Helvetica;\"><span style=\"font-size: 18px;\"><b>\u0426\u0435\u043d\u044b:<\/b><\/span><\/span><\/p>\n<p><i style=\"font-size: 18px; font-family: Helvetica;\"><u>\u041a\u043e\u0440\u043e\u0442\u043a\u0438\u0435 \u0432\u043e\u043b\u043e\u0441\u044b \/1,5-2 \u0447\u0430\u0441\u0430\/<\/u><\/i><\/p>\n<p><span style=\"font-family: Helvetica;\"><span style=\"font-size: 18px;\">Pl\u0101ni-25\u20ac, vid\u0113ji biezi-30e, biezi-35e<\/p>\n<p><\/span><\/span><u style=\"font-size: 18px; font-family: Helvetica;\"><i><\/p>\n<p>\u0412\u043e\u043b\u043e\u0441\u044b \u0441\u0440\u0435\u0434\u043d\u0435\u0439 \u0434\u043b\u0438\u043d\u044b (\u043e\u0442 \u043f\u043b\u0435\u0447 \u0434\u043e \u0433\u0440\u0443\u0434\u0438) \/1,5-2,5 \u0447\u0430\u0441\u0430\/<\/i><\/u><span style=\"font-family: Helvetica;\"><span style=\"font-size: 18px;\"><\/p>\n<p><\/span><\/span><\/p>\n<p><span style=\"font-family: Helvetica;\"><span style=\"font-size: 18px;\">\u0422\u043e\u043d\u043a\u0438\u0439-35\u20ac, \u0441\u0440\u0435\u0434\u043d\u0438\u0439 \u0442\u043e\u043b\u0441\u0442\u044b\u0439-40\u0435, \u0442\u043e\u043b\u0441\u0442\u044b\u0439-45\u0435<\/p>\n<p><\/span><\/span><u style=\"font-size: 18px; font-family: Helvetica;\"><i><\/p>\n<p>\u0414\u043b\u0438\u043d\u043d\u044b\u0435 \u0432\u043e\u043b\u043e\u0441\u044b \/2-3\u0447\/<\/i><\/u><span style=\"font-family: Helvetica;\"><span style=\"font-size: 18px;\"><\/p>\n<p><\/span><\/span><\/p>\n<p><span style=\"font-family: Helvetica;\"><span style=\"font-size: 18px;\">\u0422\u043e\u043d\u043a\u0438\u0439-45\u20ac, \u0441\u0440\u0435\u0434\u043d\u0438\u0439 \u0442\u043e\u043b\u0441\u0442\u044b\u0439-50\u0435, \u0442\u043e\u043b\u0441\u0442\u044b\u0439-55\u0435<\/span><\/span><\/p>\n<p>&nbsp;<\/p>","protected":false},"excerpt":{"rendered":"<p>\u041a\u0435\u0440\u0430\u0442\u0438\u043d\u043e\u0432\u043e\u0435 \u0432\u044b\u043f\u0440\u044f\u043c\u043b\u0435\u043d\u0438\u0435 \u0432\u043e\u043b\u043e\u0441 \u043f\u043e\u043c\u043e\u0433\u0430\u0435\u0442 \u0434\u043e\u0431\u0438\u0442\u044c\u0441\u044f \u043a\u0440\u0430\u0441\u0438\u0432\u044b\u0445, \u043f\u0440\u044f\u043c\u044b\u0445, \u0433\u043b\u0430\u0434\u043a\u0438\u0445, \u0431\u043b\u0435\u0441\u0442\u044f\u0449\u0438\u0445 \u0438 \u0437\u0434\u043e\u0440\u043e\u0432\u044b\u0445 \u0432\u043e\u043b\u043e\u0441. \u041f\u043e\u0441\u043b\u0435 \u043f\u0440\u043e\u0446\u0435\u0434\u0443\u0440\u044b \u043e\u043d\u0438 \u0441\u0442\u0430\u043d\u0443\u0442 \u0431\u043e\u043b\u0435\u0435 \u0431\u043b\u0435\u0441\u0442\u044f\u0449\u0438\u043c\u0438, \u0433\u043b\u0430\u0434\u043a\u0438\u043c\u0438 \u0438 \u043d\u0435 \u0431\u0443\u0434\u0443\u0442 \u043f\u0443\u0448\u0438\u0442\u044c\u0441\u044f. \u041a\u0435\u0440\u0430\u0442\u0438\u043d<\/p>","protected":false},"featured_media":28884,"comment_status":"open","ping_status":"closed","template":"","meta":[],"product_brand":[],"product_cat":[2230],"product_tag":[3634,3632,3633],"class_list":{"0":"post-28883","1":"product","2":"type-product","3":"status-publish","4":"has-post-thumbnail","6":"product_cat-lv-women-pakalpojumi","7":"product_tag-keratin-straightening","8":"product_tag-keratina-taisnosana","9":"product_tag-3633","11":"first","12":"instock","13":"taxable","14":"shipping-taxable","15":"purchasable","16":"product-type-simple"},"yoast_head":"<!-- This site is optimized with the Yoast SEO plugin v23.9 - https:\/\/yoast.com\/wordpress\/plugins\/seo\/ -->\n<title>Kerat\u012bna taisno\u0161ana<\/title>\n<meta name=\"description\" content=\"Kerat\u012bna matu taisno\u0161ana pal\u012bdz ieg\u016bt skaistus, taisnus, gludus, mirdzo\u0161us un veselus matus. P\u0113c proced\u016bras tie b\u016bs sp\u012bd\u012bg\u0101ki, glud\u0101ki un nep\u016bkosies. Kerat\u012bns sniedz t\u016bl\u012bt\u0113ju efektu un rezult\u0101ts saglab\u0101jas 2-6 m\u0113ne\u0161us (katram individu\u0101li). Pakalpojumu ve\" \/>\n<meta name=\"robots\" content=\"index, follow, max-snippet:-1, max-image-preview:large, max-video-preview:-1\" \/>\n<link rel=\"canonical\" href=\"https:\/\/women.lv\/ru\/product\/keratina-taisnosana\/\" \/>\n<meta property=\"og:locale\" content=\"ru_RU\" \/>\n<meta property=\"og:type\" content=\"article\" \/>\n<meta property=\"og:title\" content=\"Kerat\u012bna taisno\u0161ana\" \/>\n<meta property=\"og:description\" content=\"Kerat\u012bna matu taisno\u0161ana pal\u012bdz ieg\u016bt skaistus, taisnus, gludus, mirdzo\u0161us un veselus matus. P\u0113c proced\u016bras tie b\u016bs sp\u012bd\u012bg\u0101ki, glud\u0101ki un nep\u016bkosies. Kerat\u012bns sniedz t\u016bl\u012bt\u0113ju efektu un rezult\u0101ts saglab\u0101jas 2-6 m\u0113ne\u0161us (katram individu\u0101li). Pakalpojumu ve\" \/>\n<meta property=\"og:url\" content=\"https:\/\/women.lv\/ru\/product\/keratina-taisnosana\/\" \/>\n<meta property=\"og:site_name\" content=\"Women Veikals\" \/>\n<meta property=\"article:modified_time\" content=\"2025-11-06T00:00:37+00:00\" \/>\n<meta property=\"og:image\" content=\"https:\/\/women.lv\/wp-content\/uploads\/nc\/catalog\/Women-salons\/keratin-women.jpeg\" \/>\n\t<meta property=\"og:image:width\" content=\"1087\" \/>\n\t<meta property=\"og:image:height\" content=\"1600\" \/>\n\t<meta property=\"og:image:type\" content=\"image\/jpeg\" \/>\n<meta name=\"twitter:card\" content=\"summary_large_image\" \/>\n<meta name=\"twitter:label1\" content=\"\u041f\u0440\u0438\u043c\u0435\u0440\u043d\u043e\u0435 \u0432\u0440\u0435\u043c\u044f \u0434\u043b\u044f \u0447\u0442\u0435\u043d\u0438\u044f\" \/>\n\t<meta name=\"twitter:data1\" content=\"2 \u043c\u0438\u043d\u0443\u0442\u044b\" \/>\n<script type=\"application\/ld+json\" class=\"yoast-schema-graph\">{\"@context\":\"https:\/\/schema.org\",\"@graph\":[{\"@type\":\"WebPage\",\"@id\":\"https:\/\/women.lv\/product\/keratina-taisnosana\/\",\"url\":\"https:\/\/women.lv\/product\/keratina-taisnosana\/\",\"name\":\"Kerat\u012bna taisno\u0161ana\",\"isPartOf\":{\"@id\":\"https:\/\/women.lv\/#website\"},\"primaryImageOfPage\":{\"@id\":\"https:\/\/women.lv\/product\/keratina-taisnosana\/#primaryimage\"},\"image\":{\"@id\":\"https:\/\/women.lv\/product\/keratina-taisnosana\/#primaryimage\"},\"thumbnailUrl\":\"https:\/\/women.lv\/wp-content\/uploads\/nc\/catalog\/Women-salons\/keratin-women.jpeg\",\"datePublished\":\"2023-01-27T13:33:06+00:00\",\"dateModified\":\"2025-11-06T00:00:37+00:00\",\"description\":\"Kerat\u012bna matu taisno\u0161ana pal\u012bdz ieg\u016bt skaistus, taisnus, gludus, mirdzo\u0161us un veselus matus. P\u0113c proced\u016bras tie b\u016bs sp\u012bd\u012bg\u0101ki, glud\u0101ki un nep\u016bkosies. Kerat\u012bns sniedz t\u016bl\u012bt\u0113ju efektu un rezult\u0101ts saglab\u0101jas 2-6 m\u0113ne\u0161us (katram individu\u0101li). Pakalpojumu ve\",\"breadcrumb\":{\"@id\":\"https:\/\/women.lv\/product\/keratina-taisnosana\/#breadcrumb\"},\"inLanguage\":\"ru-RU\",\"potentialAction\":[{\"@type\":\"ReadAction\",\"target\":[\"https:\/\/women.lv\/product\/keratina-taisnosana\/\"]}]},{\"@type\":\"ImageObject\",\"inLanguage\":\"ru-RU\",\"@id\":\"https:\/\/women.lv\/product\/keratina-taisnosana\/#primaryimage\",\"url\":\"https:\/\/women.lv\/wp-content\/uploads\/nc\/catalog\/Women-salons\/keratin-women.jpeg\",\"contentUrl\":\"https:\/\/women.lv\/wp-content\/uploads\/nc\/catalog\/Women-salons\/keratin-women.jpeg\",\"width\":1087,\"height\":1600,\"caption\":\"Kerat\u012bna taisno\u0161ana\"},{\"@type\":\"BreadcrumbList\",\"@id\":\"https:\/\/women.lv\/product\/keratina-taisnosana\/#breadcrumb\",\"itemListElement\":[{\"@type\":\"ListItem\",\"position\":1,\"name\":\"Home\",\"item\":\"https:\/\/women.lv\/\"},{\"@type\":\"ListItem\",\"position\":2,\"name\":\"Products\",\"item\":\"https:\/\/women.lv\/en\/shop\/\"},{\"@type\":\"ListItem\",\"position\":3,\"name\":\"Kerat\u012bna taisno\u0161ana\"}]},{\"@type\":\"WebSite\",\"@id\":\"https:\/\/women.lv\/#website\",\"url\":\"https:\/\/women.lv\/\",\"name\":\"Women Veikals\",\"description\":\"Uzdr\u012bksties b\u016bt skaista\",\"potentialAction\":[{\"@type\":\"SearchAction\",\"target\":{\"@type\":\"EntryPoint\",\"urlTemplate\":\"https:\/\/women.lv\/?s={search_term_string}\"},\"query-input\":{\"@type\":\"PropertyValueSpecification\",\"valueRequired\":true,\"valueName\":\"search_term_string\"}}],\"inLanguage\":\"ru-RU\"}]}<\/script>\n<!-- \/ Yoast SEO plugin. -->","yoast_head_json":{"title":"Kerat\u012bna taisno\u0161ana","description":"Kerat\u012bna matu taisno\u0161ana pal\u012bdz ieg\u016bt skaistus, taisnus, gludus, mirdzo\u0161us un veselus matus. P\u0113c proced\u016bras tie b\u016bs sp\u012bd\u012bg\u0101ki, glud\u0101ki un nep\u016bkosies. Kerat\u012bns sniedz t\u016bl\u012bt\u0113ju efektu un rezult\u0101ts saglab\u0101jas 2-6 m\u0113ne\u0161us (katram individu\u0101li). Pakalpojumu ve","robots":{"index":"index","follow":"follow","max-snippet":"max-snippet:-1","max-image-preview":"max-image-preview:large","max-video-preview":"max-video-preview:-1"},"canonical":"https:\/\/women.lv\/ru\/product\/keratina-taisnosana\/","og_locale":"ru_RU","og_type":"article","og_title":"Kerat\u012bna taisno\u0161ana","og_description":"Kerat\u012bna matu taisno\u0161ana pal\u012bdz ieg\u016bt skaistus, taisnus, gludus, mirdzo\u0161us un veselus matus. P\u0113c proced\u016bras tie b\u016bs sp\u012bd\u012bg\u0101ki, glud\u0101ki un nep\u016bkosies. Kerat\u012bns sniedz t\u016bl\u012bt\u0113ju efektu un rezult\u0101ts saglab\u0101jas 2-6 m\u0113ne\u0161us (katram individu\u0101li). Pakalpojumu ve","og_url":"https:\/\/women.lv\/ru\/product\/keratina-taisnosana\/","og_site_name":"Women Veikals","article_modified_time":"2025-11-06T00:00:37+00:00","og_image":[{"width":1087,"height":1600,"url":"https:\/\/women.lv\/wp-content\/uploads\/nc\/catalog\/Women-salons\/keratin-women.jpeg","type":"image\/jpeg"}],"twitter_card":"summary_large_image","twitter_misc":{"\u041f\u0440\u0438\u043c\u0435\u0440\u043d\u043e\u0435 \u0432\u0440\u0435\u043c\u044f \u0434\u043b\u044f \u0447\u0442\u0435\u043d\u0438\u044f":"2 \u043c\u0438\u043d\u0443\u0442\u044b"},"schema":{"@context":"https:\/\/schema.org","@graph":[{"@type":"WebPage","@id":"https:\/\/women.lv\/product\/keratina-taisnosana\/","url":"https:\/\/women.lv\/product\/keratina-taisnosana\/","name":"Kerat\u012bna taisno\u0161ana","isPartOf":{"@id":"https:\/\/women.lv\/#website"},"primaryImageOfPage":{"@id":"https:\/\/women.lv\/product\/keratina-taisnosana\/#primaryimage"},"image":{"@id":"https:\/\/women.lv\/product\/keratina-taisnosana\/#primaryimage"},"thumbnailUrl":"https:\/\/women.lv\/wp-content\/uploads\/nc\/catalog\/Women-salons\/keratin-women.jpeg","datePublished":"2023-01-27T13:33:06+00:00","dateModified":"2025-11-06T00:00:37+00:00","description":"Kerat\u012bna matu taisno\u0161ana pal\u012bdz ieg\u016bt skaistus, taisnus, gludus, mirdzo\u0161us un veselus matus. P\u0113c proced\u016bras tie b\u016bs sp\u012bd\u012bg\u0101ki, glud\u0101ki un nep\u016bkosies. Kerat\u012bns sniedz t\u016bl\u012bt\u0113ju efektu un rezult\u0101ts saglab\u0101jas 2-6 m\u0113ne\u0161us (katram individu\u0101li). Pakalpojumu ve","breadcrumb":{"@id":"https:\/\/women.lv\/product\/keratina-taisnosana\/#breadcrumb"},"inLanguage":"ru-RU","potentialAction":[{"@type":"ReadAction","target":["https:\/\/women.lv\/product\/keratina-taisnosana\/"]}]},{"@type":"ImageObject","inLanguage":"ru-RU","@id":"https:\/\/women.lv\/product\/keratina-taisnosana\/#primaryimage","url":"https:\/\/women.lv\/wp-content\/uploads\/nc\/catalog\/Women-salons\/keratin-women.jpeg","contentUrl":"https:\/\/women.lv\/wp-content\/uploads\/nc\/catalog\/Women-salons\/keratin-women.jpeg","width":1087,"height":1600,"caption":"Kerat\u012bna taisno\u0161ana"},{"@type":"BreadcrumbList","@id":"https:\/\/women.lv\/product\/keratina-taisnosana\/#breadcrumb","itemListElement":[{"@type":"ListItem","position":1,"name":"Home","item":"https:\/\/women.lv\/"},{"@type":"ListItem","position":2,"name":"Products","item":"https:\/\/women.lv\/en\/shop\/"},{"@type":"ListItem","position":3,"name":"Kerat\u012bna taisno\u0161ana"}]},{"@type":"WebSite","@id":"https:\/\/women.lv\/#website","url":"https:\/\/women.lv\/","name":"Women Veikals","description":"Uzdr\u012bksties b\u016bt skaista","potentialAction":[{"@type":"SearchAction","target":{"@type":"EntryPoint","urlTemplate":"https:\/\/women.lv\/?s={search_term_string}"},"query-input":{"@type":"PropertyValueSpecification","valueRequired":true,"valueName":"search_term_string"}}],"inLanguage":"ru-RU"}]}},"_links":{"self":[{"href":"https:\/\/women.lv\/ru\/wp-json\/wp\/v2\/product\/28883","targetHints":{"allow":["GET"]}}],"collection":[{"href":"https:\/\/women.lv\/ru\/wp-json\/wp\/v2\/product"}],"about":[{"href":"https:\/\/women.lv\/ru\/wp-json\/wp\/v2\/types\/product"}],"replies":[{"embeddable":true,"href":"https:\/\/women.lv\/ru\/wp-json\/wp\/v2\/comments?post=28883"}],"version-history":[{"count":3,"href":"https:\/\/women.lv\/ru\/wp-json\/wp\/v2\/product\/28883\/revisions"}],"predecessor-version":[{"id":31812,"href":"https:\/\/women.lv\/ru\/wp-json\/wp\/v2\/product\/28883\/revisions\/31812"}],"wp:featuredmedia":[{"embeddable":true,"href":"https:\/\/women.lv\/ru\/wp-json\/wp\/v2\/media\/28884"}],"wp:attachment":[{"href":"https:\/\/women.lv\/ru\/wp-json\/wp\/v2\/media?parent=28883"}],"wp:term":[{"taxonomy":"product_brand","embeddable":true,"href":"https:\/\/women.lv\/ru\/wp-json\/wp\/v2\/product_brand?post=28883"},{"taxonomy":"product_cat","embeddable":true,"href":"https:\/\/women.lv\/ru\/wp-json\/wp\/v2\/product_cat?post=28883"},{"taxonomy":"product_tag","embeddable":true,"href":"https:\/\/women.lv\/ru\/wp-json\/wp\/v2\/product_tag?post=28883"}],"curies":[{"name":"wp","href":"https:\/\/api.w.org\/{rel}","templated":true}]}}