{"id":28877,"date":"2022-05-27T12:55:49","date_gmt":"2022-05-27T12:55:49","guid":{"rendered":"https:\/\/women.lv\/?product=dusas-gels"},"modified":"2025-11-05T13:26:26","modified_gmt":"2025-11-05T13:26:26","slug":"dusas-gels","status":"publish","type":"product","link":"https:\/\/women.lv\/ru\/product\/dusas-gels\/","title":{"rendered":"\u0413\u0435\u043b\u044c \u0434\u043b\u044f \u0434\u0443\u0448\u0430"},"content":{"rendered":"<p><span style=\"font-family: Helvetica;\"><span style=\"font-size: 18px;\">\u041a\u0440\u0435\u043c \u0434\u043b\u044f \u0434\u0443\u0448\u0430 \u0441 \u043c\u0430\u0441\u043b\u043e\u043c \u043a\u043e\u043d\u043e\u043f\u043b\u0438 INDIA \u0442\u0449\u0430\u0442\u0435\u043b\u044c\u043d\u043e \u043e\u0447\u0438\u0441\u0442\u0438\u0442 \u0438 \u043f\u0438\u0442\u0430\u0435\u0442 \u0432\u0430\u0448\u0443 \u043a\u043e\u0436\u0443.<\/span><\/span><\/p>\n<p><span style=\"font-family: Helvetica;\"><span style=\"font-size: 18px;\">\u041a\u0440\u0435\u043c \u0434\u043b\u044f \u0434\u0443\u0448\u0430 INDIA \u0431\u043b\u0430\u0433\u043e\u0434\u0430\u0440\u044f \u0441\u0432\u043e\u0435\u043c\u0443 \u043e\u0440\u0433\u0430\u043d\u0438\u0447\u0435\u0441\u043a\u043e\u043c\u0443 \u0441\u043e\u0441\u0442\u0430\u0432\u0443 \u0431\u0435\u0440\u0435\u0436\u043d\u043e \u043e\u0447\u0438\u0449\u0430\u0435\u0442 \u043a\u043e\u0436\u0443, \u043d\u0435 \u043f\u0435\u0440\u0435\u0441\u0443\u0448\u0438\u0432\u0430\u044f \u0435\u0435. 901\u0422\u041f3\u0422 \u0435\u0433\u043e \u043a\u043e\u043c\u043f\u043e\u043d\u0435\u043d\u0442\u044b \u0438\u043c\u0435\u044e\u0442 \u043f\u0440\u0438\u0440\u043e\u0434\u043d\u043e\u0435 \u043f\u0440\u043e\u0438\u0441\u0445\u043e\u0436\u0434\u0435\u043d\u0438\u0435. \u0411\u043b\u0430\u0433\u043e\u0434\u0430\u0440\u044f \u0443\u0441\u043f\u043e\u043a\u0430\u0438\u0432\u0430\u044e\u0449\u0438\u043c \u0441\u0432\u043e\u0439\u0441\u0442\u0432\u0430\u043c \u043a\u0440\u0435\u043c \u043c\u043e\u0436\u0435\u0442 \u0438\u0441\u043f\u043e\u043b\u044c\u0437\u043e\u0432\u0430\u0442\u044c\u0441\u044f \u043b\u044e\u0434\u044c\u043c\u0438 \u0441 \u043f\u0440\u043e\u0431\u043b\u0435\u043c\u0430\u043c\u0438 \u043a\u043e\u0436\u0438. \u041e\u0441\u0432\u0435\u0436\u0430\u044e\u0449\u0438\u0439 \u0430\u0440\u043e\u043c\u0430\u0442 \u043e\u0431\u0435\u0441\u043f\u0435\u0447\u0438\u0432\u0430\u0435\u0442 \u0434\u043b\u0438\u0442\u0435\u043b\u044c\u043d\u043e\u0435 \u043e\u0449\u0443\u0449\u0435\u043d\u0438\u0435 \u0441\u0432\u0435\u0436\u0435\u0441\u0442\u0438. \u042d\u0442\u043e\u0442 \u0443\u043d\u0438\u0432\u0435\u0440\u0441\u0430\u043b\u044c\u043d\u044b\u0439 \u0430\u0440\u043e\u043c\u0430\u0442 \u0434\u0435\u043b\u0430\u0435\u0442 \u043f\u0440\u043e\u0434\u0443\u043a\u0442 \u043f\u043e\u0434\u0445\u043e\u0434\u044f\u0449\u0438\u043c \u043a\u0430\u043a \u0434\u043b\u044f \u0436\u0435\u043d\u0449\u0438\u043d, \u0442\u0430\u043a \u0438 \u0434\u043b\u044f \u043c\u0443\u0436\u0447\u0438\u043d.<\/span><\/span><\/p>\n<ul>\n<li><span style=\"font-family: Helvetica;\"><span style=\"font-size: 18px;\"><i>\u041a\u043e\u043d\u043e\u043f\u043b\u044f\u043d\u043e\u0435 \u043c\u0430\u0441\u043b\u043e:<\/i> \u044d\u0444\u0444\u0435\u043a\u0442\u0438\u0432\u043d\u043e \u0443\u0432\u043b\u0430\u0436\u043d\u044f\u0435\u0442 \u0438 \u043f\u0438\u0442\u0430\u0435\u0442 \u043a\u043e\u0436\u0443, \u0443\u0441\u043f\u043e\u043a\u0430\u0438\u0432\u0430\u0435\u0442 \u0440\u0430\u0437\u0434\u0440\u0430\u0436\u0435\u043d\u0438\u044f \u0438 \u0443\u0441\u043a\u043e\u0440\u044f\u0435\u0442 \u0440\u0435\u0433\u0435\u043d\u0435\u0440\u0430\u0446\u0438\u044e \u043a\u043e\u0436\u0438;<\/span><\/span><\/li>\n<li><span style=\"font-family: Helvetica;\"><span style=\"font-size: 18px;\"><i>\u0412\u0438\u0442\u0430\u043c\u0438\u043d \u0415:<\/i> \u043e\u0431\u043b\u0430\u0434\u0430\u0435\u0442 \u0430\u043d\u0442\u0438\u043e\u043a\u0441\u0438\u0434\u0430\u043d\u0442\u043d\u044b\u043c\u0438 \u0441\u0432\u043e\u0439\u0441\u0442\u0432\u0430\u043c\u0438, \u0437\u0430\u0449\u0438\u0449\u0430\u0435\u0442 \u043a\u043e\u0436\u0443 \u043e\u0442 \u0441\u0432\u043e\u0431\u043e\u0434\u043d\u044b\u0445 \u0440\u0430\u0434\u0438\u043a\u0430\u043b\u043e\u0432. \u041a\u0440\u043e\u043c\u0435 \u0442\u043e\u0433\u043e, \u043e\u043d \u0443\u0441\u043a\u043e\u0440\u044f\u0435\u0442 \u0437\u0430\u0436\u0438\u0432\u043b\u0435\u043d\u0438\u0435 \u0440\u0430\u043d \u0438 \u043f\u0440\u0435\u0434\u043e\u0442\u0432\u0440\u0430\u0449\u0430\u0435\u0442 \u043e\u0431\u0435\u0437\u0432\u043e\u0436\u0438\u0432\u0430\u043d\u0438\u0435 \u043a\u043e\u0436\u0438.<\/span><\/span><\/li>\n<\/ul>","protected":false},"excerpt":{"rendered":"<p>\u041a\u0440\u0435\u043c \u0434\u043b\u044f \u0434\u0443\u0448\u0430 \u0441 \u043c\u0430\u0441\u043b\u043e\u043c \u043a\u043e\u043d\u043e\u043f\u043b\u0438 INDIA \u0442\u0449\u0430\u0442\u0435\u043b\u044c\u043d\u043e \u043e\u0447\u0438\u0441\u0442\u0438\u0442 \u0438 \u043f\u0438\u0442\u0430\u0435\u0442 \u0432\u0430\u0448\u0443 \u043a\u043e\u0436\u0443. \u041a\u0440\u0435\u043c \u0434\u043b\u044f \u0434\u0443\u0448\u0430 INDIA \u0431\u0435\u0440\u0435\u0436\u043d\u043e \u043e\u0447\u0438\u0449\u0430\u0435\u0442 \u0431\u043b\u0430\u0433\u043e\u0434\u0430\u0440\u044f \u043e\u0440\u0433\u0430\u043d\u0438\u0447\u0435\u0441\u043a\u043e\u043c\u0443 \u0441\u043e\u0441\u0442\u0430\u0432\u0443.<\/p>","protected":false},"featured_media":28878,"comment_status":"open","ping_status":"closed","template":"","meta":[],"product_brand":[],"product_cat":[2208,2209,2215],"product_tag":[3624,3605,3606,3608,3609,3626,3625,3607,3610],"class_list":{"0":"post-28877","1":"product","2":"type-product","3":"status-publish","4":"has-post-thumbnail","6":"product_cat-kermena-kopsanas-lidzekii","7":"product_cat-mazgasana-un-attirisana","8":"product_cat-visi-produkti","9":"product_tag-dusas-gels","10":"product_tag-india","11":"product_tag-indija","12":"product_tag-poland","13":"product_tag-polija","14":"product_tag-shower-cream","15":"product_tag-3625","16":"product_tag-3607","17":"product_tag-3610","18":"pa_brand_nc-india","19":"pa_ean_nc-3623","20":"pa_ean_nc-poland","22":"first","23":"instock","24":"sale","25":"taxable","26":"shipping-taxable","27":"purchasable","28":"product-type-simple"},"yoast_head":"<!-- This site is optimized with the Yoast SEO plugin v27.4 - https:\/\/yoast.com\/product\/yoast-seo-wordpress\/ -->\n<title>Du\u0161as g\u0113ls<\/title>\n<meta name=\"description\" content=\"Atsvaidzino\u0161a smar\u017ea nodro\u0161ina ilgsto\u0161u svaiguma saj\u016btu. \u0160is univers\u0101lais arom\u0101ts padara produktu piem\u0113rotu gan sieviet\u0113m, gan v\u012brie\u0161iem.\" \/>\n<meta name=\"robots\" content=\"index, follow, max-snippet:-1, max-image-preview:large, max-video-preview:-1\" \/>\n<link rel=\"canonical\" href=\"https:\/\/women.lv\/ru\/product\/dusas-gels\/\" \/>\n<meta property=\"og:locale\" content=\"ru_RU\" \/>\n<meta property=\"og:type\" content=\"article\" \/>\n<meta property=\"og:title\" content=\"Du\u0161as g\u0113ls\" \/>\n<meta property=\"og:description\" content=\"Atsvaidzino\u0161a smar\u017ea nodro\u0161ina ilgsto\u0161u svaiguma saj\u016btu. \u0160is univers\u0101lais arom\u0101ts padara produktu piem\u0113rotu gan sieviet\u0113m, gan v\u012brie\u0161iem.\" \/>\n<meta property=\"og:url\" content=\"https:\/\/women.lv\/ru\/product\/dusas-gels\/\" \/>\n<meta property=\"og:site_name\" content=\"Women Veikals\" \/>\n<meta property=\"article:modified_time\" content=\"2025-11-05T13:26:26+00:00\" \/>\n<meta property=\"og:image\" content=\"https:\/\/women.lv\/wp-content\/uploads\/nc\/catalog\/India\/shower-cream-200-ml-india.jpg\" \/>\n\t<meta property=\"og:image:width\" content=\"1000\" \/>\n\t<meta property=\"og:image:height\" content=\"1000\" \/>\n\t<meta property=\"og:image:type\" content=\"image\/jpeg\" \/>\n<meta name=\"twitter:card\" content=\"summary_large_image\" \/>\n<meta name=\"twitter:label1\" content=\"\u041f\u0440\u0438\u043c\u0435\u0440\u043d\u043e\u0435 \u0432\u0440\u0435\u043c\u044f \u0434\u043b\u044f \u0447\u0442\u0435\u043d\u0438\u044f\" \/>\n\t<meta name=\"twitter:data1\" content=\"1 \u043c\u0438\u043d\u0443\u0442\u0430\" \/>\n<script type=\"application\/ld+json\" class=\"yoast-schema-graph\">{\"@context\":\"https:\\\/\\\/schema.org\",\"@graph\":[{\"@type\":\"WebPage\",\"@id\":\"https:\\\/\\\/women.lv\\\/product\\\/dusas-gels\\\/\",\"url\":\"https:\\\/\\\/women.lv\\\/product\\\/dusas-gels\\\/\",\"name\":\"Du\u0161as g\u0113ls\",\"isPartOf\":{\"@id\":\"https:\\\/\\\/women.lv\\\/#website\"},\"primaryImageOfPage\":{\"@id\":\"https:\\\/\\\/women.lv\\\/product\\\/dusas-gels\\\/#primaryimage\"},\"image\":{\"@id\":\"https:\\\/\\\/women.lv\\\/product\\\/dusas-gels\\\/#primaryimage\"},\"thumbnailUrl\":\"https:\\\/\\\/women.lv\\\/wp-content\\\/uploads\\\/nc\\\/catalog\\\/India\\\/shower-cream-200-ml-india.jpg\",\"datePublished\":\"2022-05-27T12:55:49+00:00\",\"dateModified\":\"2025-11-05T13:26:26+00:00\",\"description\":\"Atsvaidzino\u0161a smar\u017ea nodro\u0161ina ilgsto\u0161u svaiguma saj\u016btu. \u0160is univers\u0101lais arom\u0101ts padara produktu piem\u0113rotu gan sieviet\u0113m, gan v\u012brie\u0161iem.\",\"breadcrumb\":{\"@id\":\"https:\\\/\\\/women.lv\\\/product\\\/dusas-gels\\\/#breadcrumb\"},\"inLanguage\":\"ru-RU\",\"potentialAction\":[{\"@type\":\"ReadAction\",\"target\":[\"https:\\\/\\\/women.lv\\\/product\\\/dusas-gels\\\/\"]}]},{\"@type\":\"ImageObject\",\"inLanguage\":\"ru-RU\",\"@id\":\"https:\\\/\\\/women.lv\\\/product\\\/dusas-gels\\\/#primaryimage\",\"url\":\"https:\\\/\\\/women.lv\\\/wp-content\\\/uploads\\\/nc\\\/catalog\\\/India\\\/shower-cream-200-ml-india.jpg\",\"contentUrl\":\"https:\\\/\\\/women.lv\\\/wp-content\\\/uploads\\\/nc\\\/catalog\\\/India\\\/shower-cream-200-ml-india.jpg\",\"width\":1000,\"height\":1000,\"caption\":\"Du\u0161as g\u0113ls\"},{\"@type\":\"BreadcrumbList\",\"@id\":\"https:\\\/\\\/women.lv\\\/product\\\/dusas-gels\\\/#breadcrumb\",\"itemListElement\":[{\"@type\":\"ListItem\",\"position\":1,\"name\":\"Home\",\"item\":\"https:\\\/\\\/women.lv\\\/\"},{\"@type\":\"ListItem\",\"position\":2,\"name\":\"Products\",\"item\":\"https:\\\/\\\/women.lv\\\/en\\\/shop\\\/\"},{\"@type\":\"ListItem\",\"position\":3,\"name\":\"Du\u0161as g\u0113ls\"}]},{\"@type\":\"WebSite\",\"@id\":\"https:\\\/\\\/women.lv\\\/#website\",\"url\":\"https:\\\/\\\/women.lv\\\/\",\"name\":\"Women Veikals\",\"description\":\"Uzdr\u012bksties b\u016bt skaista\",\"potentialAction\":[{\"@type\":\"SearchAction\",\"target\":{\"@type\":\"EntryPoint\",\"urlTemplate\":\"https:\\\/\\\/women.lv\\\/?s={search_term_string}\"},\"query-input\":{\"@type\":\"PropertyValueSpecification\",\"valueRequired\":true,\"valueName\":\"search_term_string\"}}],\"inLanguage\":\"ru-RU\"}]}<\/script>\n<!-- \/ Yoast SEO plugin. -->","yoast_head_json":{"title":"\u0413\u0435\u043b\u044c \u0434\u043b\u044f \u0434\u0443\u0448\u0430","description":"Atsvaidzino\u0161a smar\u017ea nodro\u0161ina ilgsto\u0161u svaiguma saj\u016btu. \u0160is univers\u0101lais arom\u0101ts padara produktu piem\u0113rotu gan sieviet\u0113m, gan v\u012brie\u0161iem.","robots":{"index":"index","follow":"follow","max-snippet":"max-snippet:-1","max-image-preview":"max-image-preview:large","max-video-preview":"max-video-preview:-1"},"canonical":"https:\/\/women.lv\/ru\/product\/dusas-gels\/","og_locale":"ru_RU","og_type":"article","og_title":"Du\u0161as g\u0113ls","og_description":"Atsvaidzino\u0161a smar\u017ea nodro\u0161ina ilgsto\u0161u svaiguma saj\u016btu. \u0160is univers\u0101lais arom\u0101ts padara produktu piem\u0113rotu gan sieviet\u0113m, gan v\u012brie\u0161iem.","og_url":"https:\/\/women.lv\/ru\/product\/dusas-gels\/","og_site_name":"Women Veikals","article_modified_time":"2025-11-05T13:26:26+00:00","og_image":[{"width":1000,"height":1000,"url":"https:\/\/women.lv\/wp-content\/uploads\/nc\/catalog\/India\/shower-cream-200-ml-india.jpg","type":"image\/jpeg"}],"twitter_card":"summary_large_image","twitter_misc":{"\u041f\u0440\u0438\u043c\u0435\u0440\u043d\u043e\u0435 \u0432\u0440\u0435\u043c\u044f \u0434\u043b\u044f \u0447\u0442\u0435\u043d\u0438\u044f":"1 \u043c\u0438\u043d\u0443\u0442\u0430"},"schema":{"@context":"https:\/\/schema.org","@graph":[{"@type":"WebPage","@id":"https:\/\/women.lv\/product\/dusas-gels\/","url":"https:\/\/women.lv\/product\/dusas-gels\/","name":"\u0413\u0435\u043b\u044c \u0434\u043b\u044f \u0434\u0443\u0448\u0430","isPartOf":{"@id":"https:\/\/women.lv\/#website"},"primaryImageOfPage":{"@id":"https:\/\/women.lv\/product\/dusas-gels\/#primaryimage"},"image":{"@id":"https:\/\/women.lv\/product\/dusas-gels\/#primaryimage"},"thumbnailUrl":"https:\/\/women.lv\/wp-content\/uploads\/nc\/catalog\/India\/shower-cream-200-ml-india.jpg","datePublished":"2022-05-27T12:55:49+00:00","dateModified":"2025-11-05T13:26:26+00:00","description":"Atsvaidzino\u0161a smar\u017ea nodro\u0161ina ilgsto\u0161u svaiguma saj\u016btu. \u0160is univers\u0101lais arom\u0101ts padara produktu piem\u0113rotu gan sieviet\u0113m, gan v\u012brie\u0161iem.","breadcrumb":{"@id":"https:\/\/women.lv\/product\/dusas-gels\/#breadcrumb"},"inLanguage":"ru-RU","potentialAction":[{"@type":"ReadAction","target":["https:\/\/women.lv\/product\/dusas-gels\/"]}]},{"@type":"ImageObject","inLanguage":"ru-RU","@id":"https:\/\/women.lv\/product\/dusas-gels\/#primaryimage","url":"https:\/\/women.lv\/wp-content\/uploads\/nc\/catalog\/India\/shower-cream-200-ml-india.jpg","contentUrl":"https:\/\/women.lv\/wp-content\/uploads\/nc\/catalog\/India\/shower-cream-200-ml-india.jpg","width":1000,"height":1000,"caption":"Du\u0161as g\u0113ls"},{"@type":"BreadcrumbList","@id":"https:\/\/women.lv\/product\/dusas-gels\/#breadcrumb","itemListElement":[{"@type":"ListItem","position":1,"name":"Home","item":"https:\/\/women.lv\/"},{"@type":"ListItem","position":2,"name":"Products","item":"https:\/\/women.lv\/en\/shop\/"},{"@type":"ListItem","position":3,"name":"Du\u0161as g\u0113ls"}]},{"@type":"WebSite","@id":"https:\/\/women.lv\/#website","url":"https:\/\/women.lv\/","name":"\u041c\u0430\u0433\u0430\u0437\u0438\u043d Women","description":"Uzdr\u012bksties b\u016bt skaista","potentialAction":[{"@type":"SearchAction","target":{"@type":"EntryPoint","urlTemplate":"https:\/\/women.lv\/?s={search_term_string}"},"query-input":{"@type":"PropertyValueSpecification","valueRequired":true,"valueName":"search_term_string"}}],"inLanguage":"ru-RU"}]}},"_links":{"self":[{"href":"https:\/\/women.lv\/ru\/wp-json\/wp\/v2\/product\/28877","targetHints":{"allow":["GET"]}}],"collection":[{"href":"https:\/\/women.lv\/ru\/wp-json\/wp\/v2\/product"}],"about":[{"href":"https:\/\/women.lv\/ru\/wp-json\/wp\/v2\/types\/product"}],"replies":[{"embeddable":true,"href":"https:\/\/women.lv\/ru\/wp-json\/wp\/v2\/comments?post=28877"}],"version-history":[{"count":0,"href":"https:\/\/women.lv\/ru\/wp-json\/wp\/v2\/product\/28877\/revisions"}],"wp:featuredmedia":[{"embeddable":true,"href":"https:\/\/women.lv\/ru\/wp-json\/wp\/v2\/media\/28878"}],"wp:attachment":[{"href":"https:\/\/women.lv\/ru\/wp-json\/wp\/v2\/media?parent=28877"}],"wp:term":[{"taxonomy":"product_brand","embeddable":true,"href":"https:\/\/women.lv\/ru\/wp-json\/wp\/v2\/product_brand?post=28877"},{"taxonomy":"product_cat","embeddable":true,"href":"https:\/\/women.lv\/ru\/wp-json\/wp\/v2\/product_cat?post=28877"},{"taxonomy":"product_tag","embeddable":true,"href":"https:\/\/women.lv\/ru\/wp-json\/wp\/v2\/product_tag?post=28877"}],"curies":[{"name":"wp","href":"https:\/\/api.w.org\/{rel}","templated":true}]}}