{"id":28871,"date":"2022-05-24T21:31:50","date_gmt":"2022-05-24T21:31:50","guid":{"rendered":"https:\/\/women.lv\/?product=aknes-mazinosi-pilieni"},"modified":"2026-03-21T11:35:30","modified_gmt":"2026-03-21T09:35:30","slug":"aknes-mazinosi-pilieni","status":"publish","type":"product","link":"https:\/\/women.lv\/ru\/product\/aknes-mazinosi-pilieni\/","title":{"rendered":"\u041a\u0430\u043f\u043b\u0438 \u043e\u0442 \u043f\u0440\u044b\u0449\u0435\u0439"},"content":{"rendered":"<p><span style=\"font-family: Helvetica;\"><span style=\"font-size: 18px;\">\u0418\u043d\u0434\u0438\u0439\u0441\u043a\u0438\u0435 \u043a\u0430\u043f\u043b\u0438 \u043e\u0442 \u043f\u0440\u044b\u0449\u0435\u0439 \u044d\u0444\u0444\u0435\u043a\u0442\u0438\u0432\u043d\u044b \u0432 \u0431\u043e\u0440\u044c\u0431\u0435 \u0441 \u043f\u0440\u044b\u0449\u0430\u043c\u0438.<\/span><\/span><\/p>\n<p><span style=\"font-family: Helvetica;\"><span style=\"font-size: 18px;\">\u041e\u043d\u0438 \u043e\u0431\u043b\u0430\u0434\u0430\u044e\u0442 \u0430\u043d\u0442\u0438\u0441\u0435\u043f\u0442\u0438\u0447\u0435\u0441\u043a\u0438\u043c\u0438 \u0438 \u0430\u043d\u0442\u0438\u0431\u0430\u043a\u0442\u0435\u0440\u0438\u0430\u043b\u044c\u043d\u044b\u043c\u0438 \u0441\u0432\u043e\u0439\u0441\u0442\u0432\u0430\u043c\u0438 \u2013 \u043d\u0430\u0442\u0443\u0440\u0430\u043b\u044c\u043d\u044b\u0435 \u0438\u043d\u0433\u0440\u0435\u0434\u0438\u0435\u043d\u0442\u044b \u0432 \u0444\u043e\u0440\u043c\u0443\u043b\u0435 \u0433\u0430\u0440\u0430\u043d\u0442\u0438\u0440\u0443\u044e\u0442 \u043c\u044f\u0433\u043a\u043e\u0435, \u043d\u043e \u044d\u0444\u0444\u0435\u043a\u0442\u0438\u0432\u043d\u043e\u0435 \u0434\u0435\u0439\u0441\u0442\u0432\u0438\u0435 \u0438 \u0434\u043b\u0438\u0442\u0435\u043b\u044c\u043d\u044b\u0439 \u044d\u0444\u0444\u0435\u043a\u0442. \u041a\u0430\u043f\u043b\u0438 \u0443\u0441\u043a\u043e\u0440\u044f\u044e\u0442 \u0437\u0430\u0436\u0438\u0432\u043b\u0435\u043d\u0438\u0435 \u043f\u044f\u0442\u0435\u043d \u0438 \u043c\u0435\u043b\u043a\u0438\u0445 \u0440\u0430\u043d\u043e\u043a \u0438 \u043f\u0440\u0435\u0434\u043e\u0442\u0432\u0440\u0430\u0449\u0430\u044e\u0442 \u0434\u0430\u043b\u044c\u043d\u0435\u0439\u0448\u0438\u0435 \u0438\u0437\u043c\u0435\u043d\u0435\u043d\u0438\u044f \u043a\u043e\u0436\u0438.<\/span><\/span><\/p>\n<p><span style=\"font-family: Helvetica;\"><span style=\"font-size: 18px;\"><b>\u0410\u043a\u0442\u0438\u0432\u043d\u044b\u0435 \u0438\u043d\u0433\u0440\u0435\u0434\u0438\u0435\u043d\u0442\u044b:<\/b><\/span><\/span><\/p>\n<ul>\n<li><span style=\"font-family: Helvetica;\"><span style=\"font-size: 18px;\"><i>\u041c\u0430\u0441\u043b\u043e \u0447\u0430\u0439\u043d\u043e\u0433\u043e \u0434\u0435\u0440\u0435\u0432\u0430:<\/i> \u043e\u0431\u043b\u0430\u0434\u0430\u0435\u0442 \u0434\u0435\u0437\u0438\u043d\u0444\u0438\u0446\u0438\u0440\u0443\u044e\u0449\u0438\u043c\u0438 \u0438 \u0430\u043d\u0442\u0438\u0431\u0430\u043a\u0442\u0435\u0440\u0438\u0430\u043b\u044c\u043d\u044b\u043c\u0438 \u0441\u0432\u043e\u0439\u0441\u0442\u0432\u0430\u043c\u0438. \u0414\u0435\u0439\u0441\u0442\u0432\u0443\u0435\u0442 \u043a\u0430\u043a \u0431\u0430\u043a\u0442\u0435\u0440\u0438\u0446\u0438\u0434\u043d\u043e\u0435 \u0441\u0440\u0435\u0434\u0441\u0442\u0432\u043e \u043f\u0440\u043e\u0442\u0438\u0432 \u0430\u043d\u0430\u044d\u0440\u043e\u0431\u043d\u044b\u0445 \u0431\u0430\u043a\u0442\u0435\u0440\u0438\u0439, \u0432\u044b\u0437\u044b\u0432\u0430\u044e\u0449\u0438\u0445 \u043f\u0440\u044b\u0449\u0438;<\/span><\/span><\/li>\n<li><span style=\"font-family: Helvetica;\"><span style=\"font-size: 18px;\"><i>\u041a\u043e\u043d\u043e\u043f\u043b\u044f\u043d\u043e\u0435 \u043c\u0430\u0441\u043b\u043e:<\/i> \u043e\u0431\u0435\u0441\u043f\u0435\u0447\u0438\u0432\u0430\u0435\u0442 \u0434\u043e\u0441\u0442\u0430\u0442\u043e\u0447\u043d\u043e\u0435 \u0443\u0432\u043b\u0430\u0436\u043d\u0435\u043d\u0438\u0435, \u0432\u043e\u0441\u0441\u0442\u0430\u043d\u0430\u0432\u043b\u0438\u0432\u0430\u0435\u0442 \u043a\u043e\u0436\u0443 \u0438 \u0434\u0435\u043b\u0430\u0435\u0442 \u0435\u0435 \u0431\u043e\u043b\u0435\u0435 \u044d\u043b\u0430\u0441\u0442\u0438\u0447\u043d\u043e\u0439. \u041f\u043e\u043b\u0435\u0437\u043d\u043e \u043f\u0440\u0438 \u043a\u043e\u0436\u043d\u044b\u0445 \u0437\u0430\u0431\u043e\u043b\u0435\u0432\u0430\u043d\u0438\u044f\u0445, \u0442\u0430\u043a\u0438\u0445 \u043a\u0430\u043a \u043f\u0441\u043e\u0440\u0438\u0430\u0437, \u044d\u043a\u0437\u0435\u043c\u0430 \u0438 \u0441\u0435\u0431\u043e\u0440\u0435\u044f. \u041e\u0431\u043b\u0430\u0434\u0430\u0435\u0442 \u0441\u043f\u043e\u0441\u043e\u0431\u043d\u043e\u0441\u0442\u044c\u044e \u0440\u0435\u0433\u0443\u043b\u0438\u0440\u043e\u0432\u0430\u0442\u044c \u0441\u0435\u043a\u0440\u0435\u0446\u0438\u044e \u043a\u043e\u0436\u043d\u043e\u0433\u043e \u0441\u0430\u043b\u0430, \u043f\u0440\u0435\u0434\u043e\u0442\u0432\u0440\u0430\u0449\u0430\u044f \u0442\u0435\u043c \u0441\u0430\u043c\u044b\u043c \u0440\u0430\u0437\u043c\u043d\u043e\u0436\u0435\u043d\u0438\u0435 \u043f\u0440\u044b\u0449\u0435\u0439;<\/span><\/span><\/li>\n<li><span style=\"font-family: Helvetica;\"><span style=\"font-size: 18px;\"><i>\u042d\u043a\u0441\u0442\u0440\u0430\u043a\u0442 \u043b\u0430\u0432\u0430\u043d\u0434\u044b:<\/i> \u0441\u043f\u043e\u0441\u043e\u0431\u0441\u0442\u0432\u0443\u0435\u0442 \u0437\u0430\u0436\u0438\u0432\u043b\u0435\u043d\u0438\u044e \u0440\u0430\u043d \u043f\u043e\u0441\u043b\u0435 \u043f\u0440\u044b\u0449\u0435\u0439.<\/span><\/span><\/li>\n<\/ul>","protected":false},"excerpt":{"rendered":"<p>\u0418\u043d\u0434\u0438\u0439\u0441\u043a\u0438\u0435 \u043a\u0430\u043f\u043b\u0438 \u043e\u0442 \u043f\u0440\u044b\u0449\u0435\u0439 \u044d\u0444\u0444\u0435\u043a\u0442\u0438\u0432\u043d\u044b \u0432 \u0431\u043e\u0440\u044c\u0431\u0435 \u0441 \u043f\u0440\u044b\u0449\u0430\u043c\u0438. \u041e\u043d\u0438 \u043e\u0431\u043b\u0430\u0434\u0430\u044e\u0442 \u0430\u043d\u0442\u0438\u0441\u0435\u043f\u0442\u0438\u0447\u0435\u0441\u043a\u0438\u043c\u0438 \u0438 \u0430\u043d\u0442\u0438\u0431\u0430\u043a\u0442\u0435\u0440\u0438\u0430\u043b\u044c\u043d\u044b\u043c\u0438 \u0441\u0432\u043e\u0439\u0441\u0442\u0432\u0430\u043c\u0438 \u2013 \u043d\u0430\u0442\u0443\u0440\u0430\u043b\u044c\u043d\u044b\u0435 \u0438\u043d\u0433\u0440\u0435\u0434\u0438\u0435\u043d\u0442\u044b \u0432 \u0444\u043e\u0440\u043c\u0443\u043b\u0435.<\/p>","protected":false},"featured_media":28872,"comment_status":"open","ping_status":"closed","template":"","meta":[],"product_brand":[],"product_cat":[2214,2231,2200,2215],"product_tag":[3614,3612,3605,3606,3608,3609,3607,3613,3610],"class_list":{"0":"post-28871","1":"product","2":"type-product","3":"status-publish","4":"has-post-thumbnail","6":"product_cat-citi-sejas-kopsanas-lidzekli","7":"product_cat-lv-on-sale","8":"product_cat-sejas-kopsanas-lidzekli","9":"product_cat-visi-produkti","10":"product_tag-acne-mitigating-drops","11":"product_tag-aknes-mazinosi-pilieni","12":"product_tag-india","13":"product_tag-indija","14":"product_tag-poland","15":"product_tag-polija","16":"product_tag-3607","17":"product_tag-3613","18":"product_tag-3610","19":"pa_brand_nc-india","20":"pa_ean_nc-3611","21":"pa_ean_nc-poland","23":"first","24":"outofstock","25":"sale","26":"taxable","27":"shipping-taxable","28":"purchasable","29":"product-type-simple"},"yoast_head":"<!-- This site is optimized with the Yoast SEO plugin v23.9 - https:\/\/yoast.com\/wordpress\/plugins\/seo\/ -->\n<title>Aknes mazino\u0161i pilieni<\/title>\n<meta name=\"description\" content=\"Tiem piem\u012bt antiseptiskas un antibakteri\u0101las \u012bpa\u0161\u012bbas - formulas sast\u0101v\u0101 eso\u0161\u0101s dab\u012bg\u0101s sast\u0101vda\u013cas garant\u0113 maigu, bet efekt\u012bvu darb\u012bbu un ilgsto\u0161u iedarb\u012bbu. Pilieni pa\u0101trina plankumu un mazu br\u016b\u010du dz\u012b\u0161anu un nov\u0113r\u0161 turpm\u0101kas \u0101das izmai\u0146as.\" \/>\n<meta name=\"robots\" content=\"index, follow, max-snippet:-1, max-image-preview:large, max-video-preview:-1\" \/>\n<link rel=\"canonical\" href=\"https:\/\/women.lv\/ru\/product\/aknes-mazinosi-pilieni\/\" \/>\n<meta property=\"og:locale\" content=\"ru_RU\" \/>\n<meta property=\"og:type\" content=\"article\" \/>\n<meta property=\"og:title\" content=\"Aknes mazino\u0161i pilieni\" \/>\n<meta property=\"og:description\" content=\"Tiem piem\u012bt antiseptiskas un antibakteri\u0101las \u012bpa\u0161\u012bbas - formulas sast\u0101v\u0101 eso\u0161\u0101s dab\u012bg\u0101s sast\u0101vda\u013cas garant\u0113 maigu, bet efekt\u012bvu darb\u012bbu un ilgsto\u0161u iedarb\u012bbu. Pilieni pa\u0101trina plankumu un mazu br\u016b\u010du dz\u012b\u0161anu un nov\u0113r\u0161 turpm\u0101kas \u0101das izmai\u0146as.\" \/>\n<meta property=\"og:url\" content=\"https:\/\/women.lv\/ru\/product\/aknes-mazinosi-pilieni\/\" \/>\n<meta property=\"og:site_name\" content=\"Women Veikals\" \/>\n<meta property=\"article:modified_time\" content=\"2026-03-21T09:35:30+00:00\" \/>\n<meta property=\"og:image\" content=\"https:\/\/women.lv\/wp-content\/uploads\/nc\/catalog\/India\/acne-mitigating-drops-30ml-india.jpg\" \/>\n\t<meta property=\"og:image:width\" content=\"1000\" \/>\n\t<meta property=\"og:image:height\" content=\"1000\" \/>\n\t<meta property=\"og:image:type\" content=\"image\/jpeg\" \/>\n<meta name=\"twitter:card\" content=\"summary_large_image\" \/>\n<meta name=\"twitter:label1\" content=\"\u041f\u0440\u0438\u043c\u0435\u0440\u043d\u043e\u0435 \u0432\u0440\u0435\u043c\u044f \u0434\u043b\u044f \u0447\u0442\u0435\u043d\u0438\u044f\" \/>\n\t<meta name=\"twitter:data1\" content=\"1 \u043c\u0438\u043d\u0443\u0442\u0430\" \/>\n<script type=\"application\/ld+json\" class=\"yoast-schema-graph\">{\"@context\":\"https:\/\/schema.org\",\"@graph\":[{\"@type\":\"WebPage\",\"@id\":\"https:\/\/women.lv\/product\/aknes-mazinosi-pilieni\/\",\"url\":\"https:\/\/women.lv\/product\/aknes-mazinosi-pilieni\/\",\"name\":\"Aknes mazino\u0161i pilieni\",\"isPartOf\":{\"@id\":\"https:\/\/women.lv\/#website\"},\"primaryImageOfPage\":{\"@id\":\"https:\/\/women.lv\/product\/aknes-mazinosi-pilieni\/#primaryimage\"},\"image\":{\"@id\":\"https:\/\/women.lv\/product\/aknes-mazinosi-pilieni\/#primaryimage\"},\"thumbnailUrl\":\"https:\/\/women.lv\/wp-content\/uploads\/nc\/catalog\/India\/acne-mitigating-drops-30ml-india.jpg\",\"datePublished\":\"2022-05-24T21:31:50+00:00\",\"dateModified\":\"2026-03-21T09:35:30+00:00\",\"description\":\"Tiem piem\u012bt antiseptiskas un antibakteri\u0101las \u012bpa\u0161\u012bbas - formulas sast\u0101v\u0101 eso\u0161\u0101s dab\u012bg\u0101s sast\u0101vda\u013cas garant\u0113 maigu, bet efekt\u012bvu darb\u012bbu un ilgsto\u0161u iedarb\u012bbu. Pilieni pa\u0101trina plankumu un mazu br\u016b\u010du dz\u012b\u0161anu un nov\u0113r\u0161 turpm\u0101kas \u0101das izmai\u0146as.\",\"breadcrumb\":{\"@id\":\"https:\/\/women.lv\/product\/aknes-mazinosi-pilieni\/#breadcrumb\"},\"inLanguage\":\"ru-RU\",\"potentialAction\":[{\"@type\":\"ReadAction\",\"target\":[\"https:\/\/women.lv\/product\/aknes-mazinosi-pilieni\/\"]}]},{\"@type\":\"ImageObject\",\"inLanguage\":\"ru-RU\",\"@id\":\"https:\/\/women.lv\/product\/aknes-mazinosi-pilieni\/#primaryimage\",\"url\":\"https:\/\/women.lv\/wp-content\/uploads\/nc\/catalog\/India\/acne-mitigating-drops-30ml-india.jpg\",\"contentUrl\":\"https:\/\/women.lv\/wp-content\/uploads\/nc\/catalog\/India\/acne-mitigating-drops-30ml-india.jpg\",\"width\":1000,\"height\":1000,\"caption\":\"Aknes mazino\u0161i pilieni\"},{\"@type\":\"BreadcrumbList\",\"@id\":\"https:\/\/women.lv\/product\/aknes-mazinosi-pilieni\/#breadcrumb\",\"itemListElement\":[{\"@type\":\"ListItem\",\"position\":1,\"name\":\"Home\",\"item\":\"https:\/\/women.lv\/\"},{\"@type\":\"ListItem\",\"position\":2,\"name\":\"Products\",\"item\":\"https:\/\/women.lv\/en\/shop\/\"},{\"@type\":\"ListItem\",\"position\":3,\"name\":\"Aknes mazino\u0161i pilieni\"}]},{\"@type\":\"WebSite\",\"@id\":\"https:\/\/women.lv\/#website\",\"url\":\"https:\/\/women.lv\/\",\"name\":\"Women Veikals\",\"description\":\"Uzdr\u012bksties b\u016bt skaista\",\"potentialAction\":[{\"@type\":\"SearchAction\",\"target\":{\"@type\":\"EntryPoint\",\"urlTemplate\":\"https:\/\/women.lv\/?s={search_term_string}\"},\"query-input\":{\"@type\":\"PropertyValueSpecification\",\"valueRequired\":true,\"valueName\":\"search_term_string\"}}],\"inLanguage\":\"ru-RU\"}]}<\/script>\n<!-- \/ Yoast SEO plugin. -->","yoast_head_json":{"title":"Aknes mazino\u0161i pilieni","description":"Tiem piem\u012bt antiseptiskas un antibakteri\u0101las \u012bpa\u0161\u012bbas - formulas sast\u0101v\u0101 eso\u0161\u0101s dab\u012bg\u0101s sast\u0101vda\u013cas garant\u0113 maigu, bet efekt\u012bvu darb\u012bbu un ilgsto\u0161u iedarb\u012bbu. Pilieni pa\u0101trina plankumu un mazu br\u016b\u010du dz\u012b\u0161anu un nov\u0113r\u0161 turpm\u0101kas \u0101das izmai\u0146as.","robots":{"index":"index","follow":"follow","max-snippet":"max-snippet:-1","max-image-preview":"max-image-preview:large","max-video-preview":"max-video-preview:-1"},"canonical":"https:\/\/women.lv\/ru\/product\/aknes-mazinosi-pilieni\/","og_locale":"ru_RU","og_type":"article","og_title":"Aknes mazino\u0161i pilieni","og_description":"Tiem piem\u012bt antiseptiskas un antibakteri\u0101las \u012bpa\u0161\u012bbas - formulas sast\u0101v\u0101 eso\u0161\u0101s dab\u012bg\u0101s sast\u0101vda\u013cas garant\u0113 maigu, bet efekt\u012bvu darb\u012bbu un ilgsto\u0161u iedarb\u012bbu. Pilieni pa\u0101trina plankumu un mazu br\u016b\u010du dz\u012b\u0161anu un nov\u0113r\u0161 turpm\u0101kas \u0101das izmai\u0146as.","og_url":"https:\/\/women.lv\/ru\/product\/aknes-mazinosi-pilieni\/","og_site_name":"Women Veikals","article_modified_time":"2026-03-21T09:35:30+00:00","og_image":[{"width":1000,"height":1000,"url":"https:\/\/women.lv\/wp-content\/uploads\/nc\/catalog\/India\/acne-mitigating-drops-30ml-india.jpg","type":"image\/jpeg"}],"twitter_card":"summary_large_image","twitter_misc":{"\u041f\u0440\u0438\u043c\u0435\u0440\u043d\u043e\u0435 \u0432\u0440\u0435\u043c\u044f \u0434\u043b\u044f \u0447\u0442\u0435\u043d\u0438\u044f":"1 \u043c\u0438\u043d\u0443\u0442\u0430"},"schema":{"@context":"https:\/\/schema.org","@graph":[{"@type":"WebPage","@id":"https:\/\/women.lv\/product\/aknes-mazinosi-pilieni\/","url":"https:\/\/women.lv\/product\/aknes-mazinosi-pilieni\/","name":"Aknes mazino\u0161i pilieni","isPartOf":{"@id":"https:\/\/women.lv\/#website"},"primaryImageOfPage":{"@id":"https:\/\/women.lv\/product\/aknes-mazinosi-pilieni\/#primaryimage"},"image":{"@id":"https:\/\/women.lv\/product\/aknes-mazinosi-pilieni\/#primaryimage"},"thumbnailUrl":"https:\/\/women.lv\/wp-content\/uploads\/nc\/catalog\/India\/acne-mitigating-drops-30ml-india.jpg","datePublished":"2022-05-24T21:31:50+00:00","dateModified":"2026-03-21T09:35:30+00:00","description":"Tiem piem\u012bt antiseptiskas un antibakteri\u0101las \u012bpa\u0161\u012bbas - formulas sast\u0101v\u0101 eso\u0161\u0101s dab\u012bg\u0101s sast\u0101vda\u013cas garant\u0113 maigu, bet efekt\u012bvu darb\u012bbu un ilgsto\u0161u iedarb\u012bbu. Pilieni pa\u0101trina plankumu un mazu br\u016b\u010du dz\u012b\u0161anu un nov\u0113r\u0161 turpm\u0101kas \u0101das izmai\u0146as.","breadcrumb":{"@id":"https:\/\/women.lv\/product\/aknes-mazinosi-pilieni\/#breadcrumb"},"inLanguage":"ru-RU","potentialAction":[{"@type":"ReadAction","target":["https:\/\/women.lv\/product\/aknes-mazinosi-pilieni\/"]}]},{"@type":"ImageObject","inLanguage":"ru-RU","@id":"https:\/\/women.lv\/product\/aknes-mazinosi-pilieni\/#primaryimage","url":"https:\/\/women.lv\/wp-content\/uploads\/nc\/catalog\/India\/acne-mitigating-drops-30ml-india.jpg","contentUrl":"https:\/\/women.lv\/wp-content\/uploads\/nc\/catalog\/India\/acne-mitigating-drops-30ml-india.jpg","width":1000,"height":1000,"caption":"Aknes mazino\u0161i pilieni"},{"@type":"BreadcrumbList","@id":"https:\/\/women.lv\/product\/aknes-mazinosi-pilieni\/#breadcrumb","itemListElement":[{"@type":"ListItem","position":1,"name":"Home","item":"https:\/\/women.lv\/"},{"@type":"ListItem","position":2,"name":"Products","item":"https:\/\/women.lv\/en\/shop\/"},{"@type":"ListItem","position":3,"name":"Aknes mazino\u0161i pilieni"}]},{"@type":"WebSite","@id":"https:\/\/women.lv\/#website","url":"https:\/\/women.lv\/","name":"Women Veikals","description":"Uzdr\u012bksties b\u016bt skaista","potentialAction":[{"@type":"SearchAction","target":{"@type":"EntryPoint","urlTemplate":"https:\/\/women.lv\/?s={search_term_string}"},"query-input":{"@type":"PropertyValueSpecification","valueRequired":true,"valueName":"search_term_string"}}],"inLanguage":"ru-RU"}]}},"_links":{"self":[{"href":"https:\/\/women.lv\/ru\/wp-json\/wp\/v2\/product\/28871","targetHints":{"allow":["GET"]}}],"collection":[{"href":"https:\/\/women.lv\/ru\/wp-json\/wp\/v2\/product"}],"about":[{"href":"https:\/\/women.lv\/ru\/wp-json\/wp\/v2\/types\/product"}],"replies":[{"embeddable":true,"href":"https:\/\/women.lv\/ru\/wp-json\/wp\/v2\/comments?post=28871"}],"version-history":[{"count":1,"href":"https:\/\/women.lv\/ru\/wp-json\/wp\/v2\/product\/28871\/revisions"}],"predecessor-version":[{"id":29519,"href":"https:\/\/women.lv\/ru\/wp-json\/wp\/v2\/product\/28871\/revisions\/29519"}],"wp:featuredmedia":[{"embeddable":true,"href":"https:\/\/women.lv\/ru\/wp-json\/wp\/v2\/media\/28872"}],"wp:attachment":[{"href":"https:\/\/women.lv\/ru\/wp-json\/wp\/v2\/media?parent=28871"}],"wp:term":[{"taxonomy":"product_brand","embeddable":true,"href":"https:\/\/women.lv\/ru\/wp-json\/wp\/v2\/product_brand?post=28871"},{"taxonomy":"product_cat","embeddable":true,"href":"https:\/\/women.lv\/ru\/wp-json\/wp\/v2\/product_cat?post=28871"},{"taxonomy":"product_tag","embeddable":true,"href":"https:\/\/women.lv\/ru\/wp-json\/wp\/v2\/product_tag?post=28871"}],"curies":[{"name":"wp","href":"https:\/\/api.w.org\/{rel}","templated":true}]}}