{"id":28869,"date":"2022-05-23T23:28:48","date_gmt":"2022-05-23T23:28:48","guid":{"rendered":"https:\/\/women.lv\/?product=lupu-balzams-38g"},"modified":"2026-04-22T07:34:42","modified_gmt":"2026-04-22T05:34:42","slug":"lupu-balzams-3-8","status":"publish","type":"product","link":"https:\/\/women.lv\/ru\/product\/lupu-balzams-3-8\/","title":{"rendered":"\u0411\u0430\u043b\u044c\u0437\u0430\u043c \u0434\u043b\u044f \u0433\u0443\u0431 3,8\u0433"},"content":{"rendered":"<p><span style=\"font-family: Helvetica;\"><span style=\"font-size: 18px;\">\u012apa\u0161\u0101 formula maigi iee\u013c\u013co l\u016bpas, veidojot virs \u0101das aizsarg\u0101jo\u0161u sl\u0101ni, pasarg\u0101jot l\u016bpas no \u0101r\u0113jiem faktoriem, piem\u0113ram, v\u0113sa gaisa vai v\u0113ja. Taj\u0101 pa\u0161\u0101 laik\u0101 l\u016bpu balz\u0101ms mitrina un pie\u0161\u0137ir l\u016bp\u0101m vesel\u012bgu izskatu.<\/span><\/span><\/p>","protected":false},"excerpt":{"rendered":"<p>\u0421\u043f\u0435\u0446\u0438\u0430\u043b\u044c\u043d\u0430\u044f \u0444\u043e\u0440\u043c\u0443\u043b\u0430 \u043d\u0435\u0436\u043d\u043e \u0441\u043c\u0430\u0437\u044b\u0432\u0430\u0435\u0442 \u0433\u0443\u0431\u044b, \u043e\u0431\u0440\u0430\u0437\u0443\u044f \u043d\u0430 \u043a\u043e\u0436\u0435 \u0437\u0430\u0449\u0438\u0442\u043d\u044b\u0439 \u0441\u043b\u043e\u0439, \u0437\u0430\u0449\u0438\u0449\u0430\u044e\u0449\u0438\u0439 \u0433\u0443\u0431\u044b \u043e\u0442 \u0432\u043d\u0435\u0448\u043d\u0438\u0445 \u0444\u0430\u043a\u0442\u043e\u0440\u043e\u0432, \u0442\u0430\u043a\u0438\u0445 \u043a\u0430\u043a \u043f\u0440\u043e\u0445\u043b\u0430\u0434\u043d\u044b\u0439 \u0432\u043e\u0437\u0434\u0443\u0445 \u0438\u043b\u0438 \u0432\u0435\u0442\u0435\u0440.<\/p>","protected":false},"featured_media":28870,"comment_status":"open","ping_status":"closed","template":"","meta":[],"product_brand":[],"product_cat":[2214,2200,2215],"product_tag":[3604,3602,3600,3605,3606,3603,3599,3608,3609,3601,3607,3610],"class_list":{"0":"post-28869","1":"product","2":"type-product","3":"status-publish","4":"has-post-thumbnail","6":"product_cat-citi-sejas-kopsanas-lidzekli","7":"product_cat-sejas-kopsanas-lidzekli","8":"product_cat-visi-produkti","9":"product_tag-8-g","10":"product_tag-8-","11":"product_tag-8g","12":"product_tag-india","13":"product_tag-indija","14":"product_tag-lip-balm-3","15":"product_tag-lupu-balzams-3","16":"product_tag-poland","17":"product_tag-polija","18":"product_tag----3","19":"product_tag-3607","20":"product_tag-3610","21":"pa_brand_nc-india","22":"pa_ean_nc-3598","23":"pa_ean_nc-poland","25":"first","26":"instock","27":"sale","28":"taxable","29":"shipping-taxable","30":"purchasable","31":"product-type-simple"},"yoast_head":"<!-- This site is optimized with the Yoast SEO plugin v27.5 - https:\/\/yoast.com\/product\/yoast-seo-wordpress\/ -->\n<title>L\u016bpu balzams 3,8g<\/title>\n<meta name=\"description\" content=\"\u012apa\u0161\u0101 formula maigi iee\u013c\u013co l\u016bpas, veidojot virs \u0101das aizsarg\u0101jo\u0161u sl\u0101ni, pasarg\u0101jot l\u016bpas no \u0101r\u0113jiem faktoriem, piem\u0113ram, v\u0113sa gaisa vai v\u0113ja. Taj\u0101 pa\u0161\u0101 laik\u0101 l\u016bpu balz\u0101ms mitrina un pie\u0161\u0137ir l\u016bp\u0101m vesel\u012bgu izskatu.\" \/>\n<meta name=\"robots\" content=\"index, follow, max-snippet:-1, max-image-preview:large, max-video-preview:-1\" \/>\n<link rel=\"canonical\" href=\"https:\/\/women.lv\/ru\/product\/lupu-balzams-3-8\/\" \/>\n<meta property=\"og:locale\" content=\"ru_RU\" \/>\n<meta property=\"og:type\" content=\"article\" \/>\n<meta property=\"og:title\" content=\"L\u016bpu balzams 3,8g\" \/>\n<meta property=\"og:description\" content=\"\u012apa\u0161\u0101 formula maigi iee\u013c\u013co l\u016bpas, veidojot virs \u0101das aizsarg\u0101jo\u0161u sl\u0101ni, pasarg\u0101jot l\u016bpas no \u0101r\u0113jiem faktoriem, piem\u0113ram, v\u0113sa gaisa vai v\u0113ja. Taj\u0101 pa\u0161\u0101 laik\u0101 l\u016bpu balz\u0101ms mitrina un pie\u0161\u0137ir l\u016bp\u0101m vesel\u012bgu izskatu.\" \/>\n<meta property=\"og:url\" content=\"https:\/\/women.lv\/ru\/product\/lupu-balzams-3-8\/\" \/>\n<meta property=\"og:site_name\" content=\"Women Veikals\" \/>\n<meta property=\"article:modified_time\" content=\"2026-04-22T05:34:42+00:00\" \/>\n<meta property=\"og:image\" content=\"https:\/\/women.lv\/wp-content\/uploads\/nc\/catalog\/India\/lip-balm-india.jpg\" \/>\n\t<meta property=\"og:image:width\" content=\"1000\" \/>\n\t<meta property=\"og:image:height\" content=\"1000\" \/>\n\t<meta property=\"og:image:type\" content=\"image\/jpeg\" \/>\n<meta name=\"twitter:card\" content=\"summary_large_image\" \/>\n<script type=\"application\/ld+json\" class=\"yoast-schema-graph\">{\"@context\":\"https:\\\/\\\/schema.org\",\"@graph\":[{\"@type\":\"WebPage\",\"@id\":\"https:\\\/\\\/women.lv\\\/product\\\/lupu-balzams-3-8\\\/\",\"url\":\"https:\\\/\\\/women.lv\\\/product\\\/lupu-balzams-3-8\\\/\",\"name\":\"L\u016bpu balzams 3,8g\",\"isPartOf\":{\"@id\":\"https:\\\/\\\/women.lv\\\/#website\"},\"primaryImageOfPage\":{\"@id\":\"https:\\\/\\\/women.lv\\\/product\\\/lupu-balzams-3-8\\\/#primaryimage\"},\"image\":{\"@id\":\"https:\\\/\\\/women.lv\\\/product\\\/lupu-balzams-3-8\\\/#primaryimage\"},\"thumbnailUrl\":\"https:\\\/\\\/women.lv\\\/wp-content\\\/uploads\\\/nc\\\/catalog\\\/India\\\/lip-balm-india.jpg\",\"datePublished\":\"2022-05-23T23:28:48+00:00\",\"dateModified\":\"2026-04-22T05:34:42+00:00\",\"description\":\"\u012apa\u0161\u0101 formula maigi iee\u013c\u013co l\u016bpas, veidojot virs \u0101das aizsarg\u0101jo\u0161u sl\u0101ni, pasarg\u0101jot l\u016bpas no \u0101r\u0113jiem faktoriem, piem\u0113ram, v\u0113sa gaisa vai v\u0113ja. Taj\u0101 pa\u0161\u0101 laik\u0101 l\u016bpu balz\u0101ms mitrina un pie\u0161\u0137ir l\u016bp\u0101m vesel\u012bgu izskatu.\",\"breadcrumb\":{\"@id\":\"https:\\\/\\\/women.lv\\\/product\\\/lupu-balzams-3-8\\\/#breadcrumb\"},\"inLanguage\":\"ru-RU\",\"potentialAction\":[{\"@type\":\"ReadAction\",\"target\":[\"https:\\\/\\\/women.lv\\\/product\\\/lupu-balzams-3-8\\\/\"]}]},{\"@type\":\"ImageObject\",\"inLanguage\":\"ru-RU\",\"@id\":\"https:\\\/\\\/women.lv\\\/product\\\/lupu-balzams-3-8\\\/#primaryimage\",\"url\":\"https:\\\/\\\/women.lv\\\/wp-content\\\/uploads\\\/nc\\\/catalog\\\/India\\\/lip-balm-india.jpg\",\"contentUrl\":\"https:\\\/\\\/women.lv\\\/wp-content\\\/uploads\\\/nc\\\/catalog\\\/India\\\/lip-balm-india.jpg\",\"width\":1000,\"height\":1000,\"caption\":\"L\u016bpu balzams 3,8g\"},{\"@type\":\"BreadcrumbList\",\"@id\":\"https:\\\/\\\/women.lv\\\/product\\\/lupu-balzams-3-8\\\/#breadcrumb\",\"itemListElement\":[{\"@type\":\"ListItem\",\"position\":1,\"name\":\"Home\",\"item\":\"https:\\\/\\\/women.lv\\\/\"},{\"@type\":\"ListItem\",\"position\":2,\"name\":\"Products\",\"item\":\"https:\\\/\\\/women.lv\\\/en\\\/shop\\\/\"},{\"@type\":\"ListItem\",\"position\":3,\"name\":\"L\u016bpu balzams 3,8g\"}]},{\"@type\":\"WebSite\",\"@id\":\"https:\\\/\\\/women.lv\\\/#website\",\"url\":\"https:\\\/\\\/women.lv\\\/\",\"name\":\"Women Veikals\",\"description\":\"Uzdr\u012bksties b\u016bt skaista\",\"potentialAction\":[{\"@type\":\"SearchAction\",\"target\":{\"@type\":\"EntryPoint\",\"urlTemplate\":\"https:\\\/\\\/women.lv\\\/?s={search_term_string}\"},\"query-input\":{\"@type\":\"PropertyValueSpecification\",\"valueRequired\":true,\"valueName\":\"search_term_string\"}}],\"inLanguage\":\"ru-RU\"}]}<\/script>\n<!-- \/ Yoast SEO plugin. -->","yoast_head_json":{"title":"\u0411\u0430\u043b\u044c\u0437\u0430\u043c \u0434\u043b\u044f \u0433\u0443\u0431 3,8\u0433","description":"\u012apa\u0161\u0101 formula maigi iee\u013c\u013co l\u016bpas, veidojot virs \u0101das aizsarg\u0101jo\u0161u sl\u0101ni, pasarg\u0101jot l\u016bpas no \u0101r\u0113jiem faktoriem, piem\u0113ram, v\u0113sa gaisa vai v\u0113ja. Taj\u0101 pa\u0161\u0101 laik\u0101 l\u016bpu balz\u0101ms mitrina un pie\u0161\u0137ir l\u016bp\u0101m vesel\u012bgu izskatu.","robots":{"index":"index","follow":"follow","max-snippet":"max-snippet:-1","max-image-preview":"max-image-preview:large","max-video-preview":"max-video-preview:-1"},"canonical":"https:\/\/women.lv\/ru\/product\/lupu-balzams-3-8\/","og_locale":"ru_RU","og_type":"article","og_title":"L\u016bpu balzams 3,8g","og_description":"\u012apa\u0161\u0101 formula maigi iee\u013c\u013co l\u016bpas, veidojot virs \u0101das aizsarg\u0101jo\u0161u sl\u0101ni, pasarg\u0101jot l\u016bpas no \u0101r\u0113jiem faktoriem, piem\u0113ram, v\u0113sa gaisa vai v\u0113ja. Taj\u0101 pa\u0161\u0101 laik\u0101 l\u016bpu balz\u0101ms mitrina un pie\u0161\u0137ir l\u016bp\u0101m vesel\u012bgu izskatu.","og_url":"https:\/\/women.lv\/ru\/product\/lupu-balzams-3-8\/","og_site_name":"Women Veikals","article_modified_time":"2026-04-22T05:34:42+00:00","og_image":[{"width":1000,"height":1000,"url":"https:\/\/women.lv\/wp-content\/uploads\/nc\/catalog\/India\/lip-balm-india.jpg","type":"image\/jpeg"}],"twitter_card":"summary_large_image","schema":{"@context":"https:\/\/schema.org","@graph":[{"@type":"WebPage","@id":"https:\/\/women.lv\/product\/lupu-balzams-3-8\/","url":"https:\/\/women.lv\/product\/lupu-balzams-3-8\/","name":"\u0411\u0430\u043b\u044c\u0437\u0430\u043c \u0434\u043b\u044f \u0433\u0443\u0431 3,8\u0433","isPartOf":{"@id":"https:\/\/women.lv\/#website"},"primaryImageOfPage":{"@id":"https:\/\/women.lv\/product\/lupu-balzams-3-8\/#primaryimage"},"image":{"@id":"https:\/\/women.lv\/product\/lupu-balzams-3-8\/#primaryimage"},"thumbnailUrl":"https:\/\/women.lv\/wp-content\/uploads\/nc\/catalog\/India\/lip-balm-india.jpg","datePublished":"2022-05-23T23:28:48+00:00","dateModified":"2026-04-22T05:34:42+00:00","description":"\u012apa\u0161\u0101 formula maigi iee\u013c\u013co l\u016bpas, veidojot virs \u0101das aizsarg\u0101jo\u0161u sl\u0101ni, pasarg\u0101jot l\u016bpas no \u0101r\u0113jiem faktoriem, piem\u0113ram, v\u0113sa gaisa vai v\u0113ja. Taj\u0101 pa\u0161\u0101 laik\u0101 l\u016bpu balz\u0101ms mitrina un pie\u0161\u0137ir l\u016bp\u0101m vesel\u012bgu izskatu.","breadcrumb":{"@id":"https:\/\/women.lv\/product\/lupu-balzams-3-8\/#breadcrumb"},"inLanguage":"ru-RU","potentialAction":[{"@type":"ReadAction","target":["https:\/\/women.lv\/product\/lupu-balzams-3-8\/"]}]},{"@type":"ImageObject","inLanguage":"ru-RU","@id":"https:\/\/women.lv\/product\/lupu-balzams-3-8\/#primaryimage","url":"https:\/\/women.lv\/wp-content\/uploads\/nc\/catalog\/India\/lip-balm-india.jpg","contentUrl":"https:\/\/women.lv\/wp-content\/uploads\/nc\/catalog\/India\/lip-balm-india.jpg","width":1000,"height":1000,"caption":"L\u016bpu balzams 3,8g"},{"@type":"BreadcrumbList","@id":"https:\/\/women.lv\/product\/lupu-balzams-3-8\/#breadcrumb","itemListElement":[{"@type":"ListItem","position":1,"name":"Home","item":"https:\/\/women.lv\/"},{"@type":"ListItem","position":2,"name":"Products","item":"https:\/\/women.lv\/en\/shop\/"},{"@type":"ListItem","position":3,"name":"L\u016bpu balzams 3,8g"}]},{"@type":"WebSite","@id":"https:\/\/women.lv\/#website","url":"https:\/\/women.lv\/","name":"\u041c\u0430\u0433\u0430\u0437\u0438\u043d Women","description":"Uzdr\u012bksties b\u016bt skaista","potentialAction":[{"@type":"SearchAction","target":{"@type":"EntryPoint","urlTemplate":"https:\/\/women.lv\/?s={search_term_string}"},"query-input":{"@type":"PropertyValueSpecification","valueRequired":true,"valueName":"search_term_string"}}],"inLanguage":"ru-RU"}]}},"_links":{"self":[{"href":"https:\/\/women.lv\/ru\/wp-json\/wp\/v2\/product\/28869","targetHints":{"allow":["GET"]}}],"collection":[{"href":"https:\/\/women.lv\/ru\/wp-json\/wp\/v2\/product"}],"about":[{"href":"https:\/\/women.lv\/ru\/wp-json\/wp\/v2\/types\/product"}],"replies":[{"embeddable":true,"href":"https:\/\/women.lv\/ru\/wp-json\/wp\/v2\/comments?post=28869"}],"version-history":[{"count":0,"href":"https:\/\/women.lv\/ru\/wp-json\/wp\/v2\/product\/28869\/revisions"}],"wp:featuredmedia":[{"embeddable":true,"href":"https:\/\/women.lv\/ru\/wp-json\/wp\/v2\/media\/28870"}],"wp:attachment":[{"href":"https:\/\/women.lv\/ru\/wp-json\/wp\/v2\/media?parent=28869"}],"wp:term":[{"taxonomy":"product_brand","embeddable":true,"href":"https:\/\/women.lv\/ru\/wp-json\/wp\/v2\/product_brand?post=28869"},{"taxonomy":"product_cat","embeddable":true,"href":"https:\/\/women.lv\/ru\/wp-json\/wp\/v2\/product_cat?post=28869"},{"taxonomy":"product_tag","embeddable":true,"href":"https:\/\/women.lv\/ru\/wp-json\/wp\/v2\/product_tag?post=28869"}],"curies":[{"name":"wp","href":"https:\/\/api.w.org\/{rel}","templated":true}]}}