{"id":28867,"date":"2022-01-27T15:18:17","date_gmt":"2022-01-27T15:18:17","guid":{"rendered":"https:\/\/women.lv\/?product=aloe-vera-dusas-zeleja"},"modified":"2025-11-05T13:26:25","modified_gmt":"2025-11-05T13:26:25","slug":"pure-mineral-aloe-vera-dusas-zeleja","status":"publish","type":"product","link":"https:\/\/women.lv\/ru\/product\/pure-mineral-aloe-vera-dusas-zeleja\/","title":{"rendered":"\u0413\u0435\u043b\u044c \u0434\u043b\u044f \u0434\u0443\u0448\u0430 \u0410\u043b\u043e\u044d \u0412\u0435\u0440\u0430"},"content":{"rendered":"<p><span style=\"font-family: Helvetica;\"><span style=\"font-size: 18px;\">\u0413\u0435\u043b\u044c \u0434\u043b\u044f \u0434\u0443\u0448\u0430 Pure Mineral Aloe Vera \u0441 \u0443\u043d\u0438\u043a\u0430\u043b\u044c\u043d\u044b\u043c \u0443\u0432\u043b\u0430\u0436\u043d\u044f\u044e\u0449\u0438\u043c \u043a\u043e\u043c\u043f\u043b\u0435\u043a\u0441\u043e\u043c \u043e\u0431\u0435\u0441\u043f\u0435\u0447\u0438\u0432\u0430\u0435\u0442 \u0438\u043d\u0442\u0435\u043d\u0441\u0438\u0432\u043d\u043e\u0435 \u0443\u0432\u043b\u0430\u0436\u043d\u0435\u043d\u0438\u0435 \u0432\u0430\u0448\u0435\u0439 \u043a\u043e\u0436\u0438, \u0440\u0430\u0441\u043a\u0440\u044b\u0432\u0430\u044f \u0435\u0435 \u0435\u0441\u0442\u0435\u0441\u0442\u0432\u0435\u043d\u043d\u0443\u044e \u043a\u0440\u0430\u0441\u043e\u0442\u0443. \u0415\u0433\u043e \u0440\u043e\u0441\u043a\u043e\u0448\u043d\u0430\u044f \u043a\u043e\u043d\u0441\u0438\u0441\u0442\u0435\u043d\u0446\u0438\u044f \u0438 \u043d\u0430\u0442\u0443\u0440\u0430\u043b\u044c\u043d\u044b\u0439 \u0430\u0440\u043e\u043c\u0430\u0442 \u0441\u043e\u0437\u0434\u0430\u044e\u0442 \u043f\u0440\u0438\u044f\u0442\u043d\u044b\u0435 \u043e\u0449\u0443\u0449\u0435\u043d\u0438\u044f \u0438 \u043f\u043e\u0437\u0432\u043e\u043b\u044f\u044e\u0442 \u043d\u0430\u0442\u0443\u0440\u0430\u043b\u044c\u043d\u044b\u043c \u0438\u043d\u0433\u0440\u0435\u0434\u0438\u0435\u043d\u0442\u0430\u043c \u0433\u043b\u0443\u0431\u043e\u043a\u043e \u043f\u0440\u043e\u043d\u0438\u043a\u0430\u0442\u044c \u0432 \u043a\u043e\u0436\u0443, \u043f\u0438\u0442\u0430\u044f \u0438 \u0432\u043e\u0441\u0441\u0442\u0430\u043d\u0430\u0432\u043b\u0438\u0432\u0430\u044f \u0435\u0435. \u0414\u0435\u043b\u0430\u0435\u0442 \u043a\u043e\u0436\u0443 \u043c\u044f\u0433\u043a\u043e\u0439, \u0443\u0432\u043b\u0430\u0436\u043d\u0435\u043d\u043d\u043e\u0439 \u0438 \u043f\u043e\u043b\u043d\u043e\u0439 \u0436\u0438\u0437\u043d\u0435\u043d\u043d\u043e\u0439 \u044d\u043d\u0435\u0440\u0433\u0438\u0438. \u0410\u043b\u043e\u044d \u0412\u0435\u0440\u0430 \u0435\u0441\u0442\u0435\u0441\u0442\u0432\u0435\u043d\u043d\u044b\u043c \u043e\u0431\u0440\u0430\u0437\u043e\u043c \u0443\u0441\u043f\u043e\u043a\u0430\u0438\u0432\u0430\u0435\u0442 \u0436\u0438\u0440\u043d\u0443\u044e, \u0441\u0443\u0445\u0443\u044e \u0438\u043b\u0438 \u043f\u043e\u0432\u0440\u0435\u0436\u0434\u0435\u043d\u043d\u0443\u044e \u043a\u043e\u0436\u0443. \u0411\u043e\u0433\u0430\u0442\u043e\u0435 \u0432\u0438\u0442\u0430\u043c\u0438\u043d\u0430\u043c\u0438, \u043f\u0438\u0442\u0430\u0442\u0435\u043b\u044c\u043d\u044b\u043c\u0438 \u0432\u0435\u0449\u0435\u0441\u0442\u0432\u0430\u043c\u0438 \u0438 \u0430\u043c\u0438\u043d\u043e\u043a\u0438\u0441\u043b\u043e\u0442\u0430\u043c\u0438 \u0441\u043e\u0434\u0435\u0440\u0436\u0438\u043c\u043e\u0435 \u043f\u0438\u0442\u0430\u0435\u0442, \u043e\u0441\u0432\u0435\u0436\u0430\u0435\u0442 \u0438 \u0442\u043e\u043d\u0438\u0437\u0438\u0440\u0443\u0435\u0442 \u043a\u043e\u0436\u0443, \u043f\u0440\u0438\u0434\u0430\u0432\u0430\u044f \u0435\u0439 \u0447\u0443\u0434\u0435\u0441\u043d\u044b\u0439, \u043d\u0435\u0436\u043d\u044b\u0439 \u0430\u0440\u043e\u043c\u0430\u0442.<\/span><\/span><\/p>","protected":false},"excerpt":{"rendered":"<p>\u0413\u0435\u043b\u044c \u0434\u043b\u044f \u0434\u0443\u0448\u0430 Pure Mineral Aloe Vera \u0441 \u0443\u043d\u0438\u043a\u0430\u043b\u044c\u043d\u044b\u043c \u0443\u0432\u043b\u0430\u0436\u043d\u044f\u044e\u0449\u0438\u043c \u043a\u043e\u043c\u043f\u043b\u0435\u043a\u0441\u043e\u043c \u043e\u0431\u0435\u0441\u043f\u0435\u0447\u0438\u0432\u0430\u0435\u0442 \u0438\u043d\u0442\u0435\u043d\u0441\u0438\u0432\u043d\u043e\u0435 \u0443\u0432\u043b\u0430\u0436\u043d\u0435\u043d\u0438\u0435 \u0432\u0430\u0448\u0435\u0439 \u043a\u043e\u0436\u0438, \u0440\u0430\u0441\u043a\u0440\u044b\u0432\u0430\u044f \u0435\u0435 \u0435\u0441\u0442\u0435\u0441\u0442\u0432\u0435\u043d\u043d\u0443\u044e \u043a\u0440\u0430\u0441\u043e\u0442\u0443. \u0422\u0435<\/p>","protected":false},"featured_media":28868,"comment_status":"open","ping_status":"closed","template":"","meta":[],"product_brand":[],"product_cat":[2208,2209,2215],"product_tag":[3596,3594,2244,2243,2294,3595,2245],"class_list":{"0":"post-28867","1":"product","2":"type-product","3":"status-publish","4":"has-post-thumbnail","6":"product_cat-kermena-kopsanas-lidzekii","7":"product_cat-mazgasana-un-attirisana","8":"product_cat-visi-produkti","9":"product_tag-aloe-vera-dusas-zeleja","10":"product_tag-aloe-vera-shower-gel","11":"product_tag-israel","12":"product_tag-izraela","13":"product_tag-pure-mineral","14":"product_tag-3595","15":"product_tag-2245","16":"pa_brand_nc-pure-mineral","17":"pa_ean_nc-p642","19":"first","20":"instock","21":"taxable","22":"shipping-taxable","23":"purchasable","24":"product-type-simple"},"yoast_head":"<!-- This site is optimized with the Yoast SEO plugin v27.4 - https:\/\/yoast.com\/product\/yoast-seo-wordpress\/ -->\n<title>Aloe Vera du\u0161as \u017eeleja<\/title>\n<meta name=\"description\" content=\"Pure Mineral Aloe Vera du\u0161as \u017eeleja ar unik\u0101lu mitrino\u0161u kompleksu nodro\u0161ina intens\u012bvu J\u016bsu \u0101das mitrin\u0101\u0161anu, atkl\u0101jot t\u0101s dabisko skaistumu. T\u0101s grezn\u0101 konsistence un dabiskais arom\u0101ts nodro\u0161ina pat\u012bkamu saj\u016btu un \u013cauj dab\u012bg\u0101m sast\u0101vda\u013c\u0101m dzi\u013ci iek\u013c\u016bt \u0101d\" \/>\n<meta name=\"robots\" content=\"index, follow, max-snippet:-1, max-image-preview:large, max-video-preview:-1\" \/>\n<link rel=\"canonical\" href=\"https:\/\/women.lv\/ru\/product\/pure-mineral-aloe-vera-dusas-zeleja\/\" \/>\n<meta property=\"og:locale\" content=\"ru_RU\" \/>\n<meta property=\"og:type\" content=\"article\" \/>\n<meta property=\"og:title\" content=\"Aloe Vera du\u0161as \u017eeleja\" \/>\n<meta property=\"og:description\" content=\"Pure Mineral Aloe Vera du\u0161as \u017eeleja ar unik\u0101lu mitrino\u0161u kompleksu nodro\u0161ina intens\u012bvu J\u016bsu \u0101das mitrin\u0101\u0161anu, atkl\u0101jot t\u0101s dabisko skaistumu. T\u0101s grezn\u0101 konsistence un dabiskais arom\u0101ts nodro\u0161ina pat\u012bkamu saj\u016btu un \u013cauj dab\u012bg\u0101m sast\u0101vda\u013c\u0101m dzi\u013ci iek\u013c\u016bt \u0101d\" \/>\n<meta property=\"og:url\" content=\"https:\/\/women.lv\/ru\/product\/pure-mineral-aloe-vera-dusas-zeleja\/\" \/>\n<meta property=\"og:site_name\" content=\"Women Veikals\" \/>\n<meta property=\"article:modified_time\" content=\"2025-11-05T13:26:25+00:00\" \/>\n<meta property=\"og:image\" content=\"https:\/\/women.lv\/wp-content\/uploads\/nc\/catalog\/Pure-Mineral\/pure-mineral-aloe-vera-shower-gel.jpg\" \/>\n\t<meta property=\"og:image:width\" content=\"1080\" \/>\n\t<meta property=\"og:image:height\" content=\"1080\" \/>\n\t<meta property=\"og:image:type\" content=\"image\/jpeg\" \/>\n<meta name=\"twitter:card\" content=\"summary_large_image\" \/>\n<meta name=\"twitter:label1\" content=\"\u041f\u0440\u0438\u043c\u0435\u0440\u043d\u043e\u0435 \u0432\u0440\u0435\u043c\u044f \u0434\u043b\u044f \u0447\u0442\u0435\u043d\u0438\u044f\" \/>\n\t<meta name=\"twitter:data1\" content=\"1 \u043c\u0438\u043d\u0443\u0442\u0430\" \/>\n<script type=\"application\/ld+json\" class=\"yoast-schema-graph\">{\"@context\":\"https:\\\/\\\/schema.org\",\"@graph\":[{\"@type\":\"WebPage\",\"@id\":\"https:\\\/\\\/women.lv\\\/product\\\/pure-mineral-aloe-vera-dusas-zeleja\\\/\",\"url\":\"https:\\\/\\\/women.lv\\\/product\\\/pure-mineral-aloe-vera-dusas-zeleja\\\/\",\"name\":\"Aloe Vera du\u0161as \u017eeleja\",\"isPartOf\":{\"@id\":\"https:\\\/\\\/women.lv\\\/#website\"},\"primaryImageOfPage\":{\"@id\":\"https:\\\/\\\/women.lv\\\/product\\\/pure-mineral-aloe-vera-dusas-zeleja\\\/#primaryimage\"},\"image\":{\"@id\":\"https:\\\/\\\/women.lv\\\/product\\\/pure-mineral-aloe-vera-dusas-zeleja\\\/#primaryimage\"},\"thumbnailUrl\":\"https:\\\/\\\/women.lv\\\/wp-content\\\/uploads\\\/nc\\\/catalog\\\/Pure-Mineral\\\/pure-mineral-aloe-vera-shower-gel.jpg\",\"datePublished\":\"2022-01-27T15:18:17+00:00\",\"dateModified\":\"2025-11-05T13:26:25+00:00\",\"description\":\"Pure Mineral Aloe Vera du\u0161as \u017eeleja ar unik\u0101lu mitrino\u0161u kompleksu nodro\u0161ina intens\u012bvu J\u016bsu \u0101das mitrin\u0101\u0161anu, atkl\u0101jot t\u0101s dabisko skaistumu. T\u0101s grezn\u0101 konsistence un dabiskais arom\u0101ts nodro\u0161ina pat\u012bkamu saj\u016btu un \u013cauj dab\u012bg\u0101m sast\u0101vda\u013c\u0101m dzi\u013ci iek\u013c\u016bt \u0101d\",\"breadcrumb\":{\"@id\":\"https:\\\/\\\/women.lv\\\/product\\\/pure-mineral-aloe-vera-dusas-zeleja\\\/#breadcrumb\"},\"inLanguage\":\"ru-RU\",\"potentialAction\":[{\"@type\":\"ReadAction\",\"target\":[\"https:\\\/\\\/women.lv\\\/product\\\/pure-mineral-aloe-vera-dusas-zeleja\\\/\"]}]},{\"@type\":\"ImageObject\",\"inLanguage\":\"ru-RU\",\"@id\":\"https:\\\/\\\/women.lv\\\/product\\\/pure-mineral-aloe-vera-dusas-zeleja\\\/#primaryimage\",\"url\":\"https:\\\/\\\/women.lv\\\/wp-content\\\/uploads\\\/nc\\\/catalog\\\/Pure-Mineral\\\/pure-mineral-aloe-vera-shower-gel.jpg\",\"contentUrl\":\"https:\\\/\\\/women.lv\\\/wp-content\\\/uploads\\\/nc\\\/catalog\\\/Pure-Mineral\\\/pure-mineral-aloe-vera-shower-gel.jpg\",\"width\":1080,\"height\":1080,\"caption\":\"Aloe Vera du\u0161as \u017eeleja\"},{\"@type\":\"BreadcrumbList\",\"@id\":\"https:\\\/\\\/women.lv\\\/product\\\/pure-mineral-aloe-vera-dusas-zeleja\\\/#breadcrumb\",\"itemListElement\":[{\"@type\":\"ListItem\",\"position\":1,\"name\":\"Home\",\"item\":\"https:\\\/\\\/women.lv\\\/\"},{\"@type\":\"ListItem\",\"position\":2,\"name\":\"Products\",\"item\":\"https:\\\/\\\/women.lv\\\/en\\\/shop\\\/\"},{\"@type\":\"ListItem\",\"position\":3,\"name\":\"Aloe Vera du\u0161as \u017eeleja\"}]},{\"@type\":\"WebSite\",\"@id\":\"https:\\\/\\\/women.lv\\\/#website\",\"url\":\"https:\\\/\\\/women.lv\\\/\",\"name\":\"Women Veikals\",\"description\":\"Uzdr\u012bksties b\u016bt skaista\",\"potentialAction\":[{\"@type\":\"SearchAction\",\"target\":{\"@type\":\"EntryPoint\",\"urlTemplate\":\"https:\\\/\\\/women.lv\\\/?s={search_term_string}\"},\"query-input\":{\"@type\":\"PropertyValueSpecification\",\"valueRequired\":true,\"valueName\":\"search_term_string\"}}],\"inLanguage\":\"ru-RU\"}]}<\/script>\n<!-- \/ Yoast SEO plugin. -->","yoast_head_json":{"title":"\u0413\u0435\u043b\u044c \u0434\u043b\u044f \u0434\u0443\u0448\u0430 \u0410\u043b\u043e\u044d \u0412\u0435\u0440\u0430","description":"Pure Mineral Aloe Vera du\u0161as \u017eeleja ar unik\u0101lu mitrino\u0161u kompleksu nodro\u0161ina intens\u012bvu J\u016bsu \u0101das mitrin\u0101\u0161anu, atkl\u0101jot t\u0101s dabisko skaistumu. T\u0101s grezn\u0101 konsistence un dabiskais arom\u0101ts nodro\u0161ina pat\u012bkamu saj\u016btu un \u013cauj dab\u012bg\u0101m sast\u0101vda\u013c\u0101m dzi\u013ci iek\u013c\u016bt \u0101d","robots":{"index":"index","follow":"follow","max-snippet":"max-snippet:-1","max-image-preview":"max-image-preview:large","max-video-preview":"max-video-preview:-1"},"canonical":"https:\/\/women.lv\/ru\/product\/pure-mineral-aloe-vera-dusas-zeleja\/","og_locale":"ru_RU","og_type":"article","og_title":"Aloe Vera du\u0161as \u017eeleja","og_description":"Pure Mineral Aloe Vera du\u0161as \u017eeleja ar unik\u0101lu mitrino\u0161u kompleksu nodro\u0161ina intens\u012bvu J\u016bsu \u0101das mitrin\u0101\u0161anu, atkl\u0101jot t\u0101s dabisko skaistumu. T\u0101s grezn\u0101 konsistence un dabiskais arom\u0101ts nodro\u0161ina pat\u012bkamu saj\u016btu un \u013cauj dab\u012bg\u0101m sast\u0101vda\u013c\u0101m dzi\u013ci iek\u013c\u016bt \u0101d","og_url":"https:\/\/women.lv\/ru\/product\/pure-mineral-aloe-vera-dusas-zeleja\/","og_site_name":"Women Veikals","article_modified_time":"2025-11-05T13:26:25+00:00","og_image":[{"width":1080,"height":1080,"url":"https:\/\/women.lv\/wp-content\/uploads\/nc\/catalog\/Pure-Mineral\/pure-mineral-aloe-vera-shower-gel.jpg","type":"image\/jpeg"}],"twitter_card":"summary_large_image","twitter_misc":{"\u041f\u0440\u0438\u043c\u0435\u0440\u043d\u043e\u0435 \u0432\u0440\u0435\u043c\u044f \u0434\u043b\u044f \u0447\u0442\u0435\u043d\u0438\u044f":"1 \u043c\u0438\u043d\u0443\u0442\u0430"},"schema":{"@context":"https:\/\/schema.org","@graph":[{"@type":"WebPage","@id":"https:\/\/women.lv\/product\/pure-mineral-aloe-vera-dusas-zeleja\/","url":"https:\/\/women.lv\/product\/pure-mineral-aloe-vera-dusas-zeleja\/","name":"\u0413\u0435\u043b\u044c \u0434\u043b\u044f \u0434\u0443\u0448\u0430 \u0410\u043b\u043e\u044d \u0412\u0435\u0440\u0430","isPartOf":{"@id":"https:\/\/women.lv\/#website"},"primaryImageOfPage":{"@id":"https:\/\/women.lv\/product\/pure-mineral-aloe-vera-dusas-zeleja\/#primaryimage"},"image":{"@id":"https:\/\/women.lv\/product\/pure-mineral-aloe-vera-dusas-zeleja\/#primaryimage"},"thumbnailUrl":"https:\/\/women.lv\/wp-content\/uploads\/nc\/catalog\/Pure-Mineral\/pure-mineral-aloe-vera-shower-gel.jpg","datePublished":"2022-01-27T15:18:17+00:00","dateModified":"2025-11-05T13:26:25+00:00","description":"Pure Mineral Aloe Vera du\u0161as \u017eeleja ar unik\u0101lu mitrino\u0161u kompleksu nodro\u0161ina intens\u012bvu J\u016bsu \u0101das mitrin\u0101\u0161anu, atkl\u0101jot t\u0101s dabisko skaistumu. T\u0101s grezn\u0101 konsistence un dabiskais arom\u0101ts nodro\u0161ina pat\u012bkamu saj\u016btu un \u013cauj dab\u012bg\u0101m sast\u0101vda\u013c\u0101m dzi\u013ci iek\u013c\u016bt \u0101d","breadcrumb":{"@id":"https:\/\/women.lv\/product\/pure-mineral-aloe-vera-dusas-zeleja\/#breadcrumb"},"inLanguage":"ru-RU","potentialAction":[{"@type":"ReadAction","target":["https:\/\/women.lv\/product\/pure-mineral-aloe-vera-dusas-zeleja\/"]}]},{"@type":"ImageObject","inLanguage":"ru-RU","@id":"https:\/\/women.lv\/product\/pure-mineral-aloe-vera-dusas-zeleja\/#primaryimage","url":"https:\/\/women.lv\/wp-content\/uploads\/nc\/catalog\/Pure-Mineral\/pure-mineral-aloe-vera-shower-gel.jpg","contentUrl":"https:\/\/women.lv\/wp-content\/uploads\/nc\/catalog\/Pure-Mineral\/pure-mineral-aloe-vera-shower-gel.jpg","width":1080,"height":1080,"caption":"Aloe Vera du\u0161as \u017eeleja"},{"@type":"BreadcrumbList","@id":"https:\/\/women.lv\/product\/pure-mineral-aloe-vera-dusas-zeleja\/#breadcrumb","itemListElement":[{"@type":"ListItem","position":1,"name":"Home","item":"https:\/\/women.lv\/"},{"@type":"ListItem","position":2,"name":"Products","item":"https:\/\/women.lv\/en\/shop\/"},{"@type":"ListItem","position":3,"name":"Aloe Vera du\u0161as \u017eeleja"}]},{"@type":"WebSite","@id":"https:\/\/women.lv\/#website","url":"https:\/\/women.lv\/","name":"\u041c\u0430\u0433\u0430\u0437\u0438\u043d Women","description":"Uzdr\u012bksties b\u016bt skaista","potentialAction":[{"@type":"SearchAction","target":{"@type":"EntryPoint","urlTemplate":"https:\/\/women.lv\/?s={search_term_string}"},"query-input":{"@type":"PropertyValueSpecification","valueRequired":true,"valueName":"search_term_string"}}],"inLanguage":"ru-RU"}]}},"_links":{"self":[{"href":"https:\/\/women.lv\/ru\/wp-json\/wp\/v2\/product\/28867","targetHints":{"allow":["GET"]}}],"collection":[{"href":"https:\/\/women.lv\/ru\/wp-json\/wp\/v2\/product"}],"about":[{"href":"https:\/\/women.lv\/ru\/wp-json\/wp\/v2\/types\/product"}],"replies":[{"embeddable":true,"href":"https:\/\/women.lv\/ru\/wp-json\/wp\/v2\/comments?post=28867"}],"version-history":[{"count":0,"href":"https:\/\/women.lv\/ru\/wp-json\/wp\/v2\/product\/28867\/revisions"}],"wp:featuredmedia":[{"embeddable":true,"href":"https:\/\/women.lv\/ru\/wp-json\/wp\/v2\/media\/28868"}],"wp:attachment":[{"href":"https:\/\/women.lv\/ru\/wp-json\/wp\/v2\/media?parent=28867"}],"wp:term":[{"taxonomy":"product_brand","embeddable":true,"href":"https:\/\/women.lv\/ru\/wp-json\/wp\/v2\/product_brand?post=28867"},{"taxonomy":"product_cat","embeddable":true,"href":"https:\/\/women.lv\/ru\/wp-json\/wp\/v2\/product_cat?post=28867"},{"taxonomy":"product_tag","embeddable":true,"href":"https:\/\/women.lv\/ru\/wp-json\/wp\/v2\/product_tag?post=28867"}],"curies":[{"name":"wp","href":"https:\/\/api.w.org\/{rel}","templated":true}]}}