{"id":28849,"date":"2022-01-26T19:13:02","date_gmt":"2022-01-26T19:13:02","guid":{"rendered":"https:\/\/women.lv\/?product=matu-maska-ar-keratinu"},"modified":"2026-03-21T11:53:41","modified_gmt":"2026-03-21T09:53:41","slug":"pure-mineral-matu-maska-ar-keratinu","status":"publish","type":"product","link":"https:\/\/women.lv\/ru\/product\/pure-mineral-matu-maska-ar-keratinu\/","title":{"rendered":"\u041c\u0430\u0441\u043a\u0430 \u0434\u043b\u044f \u0432\u043e\u043b\u043e\u0441 \u0441 \u043a\u0435\u0440\u0430\u0442\u0438\u043d\u043e\u043c"},"content":{"rendered":"<p><span style=\"font-family: Helvetica;\"><span style=\"font-size: 18px;\">\u0428\u0430\u043c\u043f\u0443\u043d\u044c, \u0432\u043e\u0441\u0441\u0442\u0430\u043d\u0430\u0432\u043b\u0438\u0432\u0430\u044e\u0449\u0438\u0439 \u043f\u043e\u0432\u0440\u0435\u0436\u0434\u0435\u043d\u043d\u044b\u0435 \u0432\u043e\u043b\u043e\u0441\u044b. \u0428\u0430\u043c\u043f\u0443\u043d\u044c \u0434\u0435\u043b\u0430\u0435\u0442 \u0432\u043e\u043b\u043e\u0441\u044b \u0433\u043b\u0430\u0434\u043a\u0438\u043c\u0438, \u0431\u043b\u0435\u0441\u0442\u044f\u0449\u0438\u043c\u0438 \u0438 \u043f\u0440\u0435\u0434\u043e\u0442\u0432\u0440\u0430\u0449\u0430\u0435\u0442 \u0438\u0445 \u0432\u044c\u044e\u0449\u0438\u0435\u0441\u044f \u0432\u043e\u043b\u043e\u0441\u044b, \u0430 \u0448\u0430\u043c\u043f\u0443\u043d\u044c \u0441 \u043a\u0435\u0440\u0430\u0442\u0438\u043d\u043e\u043c \u043f\u0438\u0442\u0430\u0435\u0442 \u0432\u043e\u043b\u043e\u0441\u044b \u0438 \u0437\u0430\u0449\u0438\u0449\u0430\u0435\u0442 \u0438\u0445 \u043e\u0442 \u0436\u0430\u0440\u044b, \u0433\u0440\u044f\u0437\u0438 \u0438 \u0437\u0430\u0433\u0440\u044f\u0437\u043d\u044f\u044e\u0449\u0438\u0445 \u0432\u0435\u0449\u0435\u0441\u0442\u0432. \u042d\u0442\u043e \u0442\u0430\u043a\u0436\u0435 \u043f\u043e\u043c\u043e\u0433\u0430\u0435\u0442 \u0432\u043e\u0441\u0441\u0442\u0430\u043d\u043e\u0432\u0438\u0442\u044c \u0432\u043e\u043b\u043e\u0441\u044f\u043d\u044b\u0435 \u0444\u043e\u043b\u043b\u0438\u043a\u0443\u043b\u044b \u043e\u0442 \u043a\u043e\u0440\u043d\u0435\u0439 \u0434\u043e \u043a\u043e\u043d\u0447\u0438\u043a\u043e\u0432. \u041e\u0431\u043e\u0433\u0430\u0449\u0435\u043d\u043e \u043a\u0435\u0440\u0430\u0442\u0438\u043d\u043e\u0432\u044b\u043c \u043c\u0430\u0441\u043b\u043e\u043c, \u0431\u043e\u0433\u0430\u0442\u044b\u043c \u0431\u0435\u043b\u043a\u0430\u043c\u0438 \u0438 \u0432\u0438\u0442\u0430\u043c\u0438\u043d\u0430\u043c\u0438. \u041f\u0440\u0438\u0434\u0430\u0439\u0442\u0435 \u0441\u0432\u043e\u0438\u043c \u0432\u043e\u043b\u043e\u0441\u0430\u043c \u043f\u044b\u0448\u043d\u044b\u0439 \u0438 \u0431\u043b\u0435\u0441\u0442\u044f\u0449\u0438\u0439 \u0432\u0438\u0434. \u041b\u0435\u0433\u043a\u043e \u0443\u043a\u043b\u0430\u0434\u044b\u0432\u0430\u0435\u0442\u0441\u044f \u0438 \u043c\u0435\u043d\u044c\u0448\u0435 \u0432\u044c\u0435\u0442\u0441\u044f.<\/span><\/span><\/p>\n<p><span style=\"font-family: Helvetica;\"><span style=\"font-size: 18px;\">\u042d\u0444\u0444\u0435\u043a\u0442\u0438\u0432\u0435\u043d \u0434\u043b\u044f \u0432\u0441\u0435\u0445 \u0442\u0438\u043f\u043e\u0432 \u0432\u043e\u043b\u043e\u0441.<\/span><\/span><\/p>\n<p><b style=\"font-family: Helvetica; font-size: 18px;\">\u041d\u0435 \u0441\u043e\u0434\u0435\u0440\u0436\u0438\u0442 \u043f\u0430\u0440\u0430\u0431\u0435\u043d\u043e\u0432!<\/b><\/p>","protected":false},"excerpt":{"rendered":"<p>\u0428\u0430\u043c\u043f\u0443\u043d\u044c, \u0432\u043e\u0441\u0441\u0442\u0430\u043d\u0430\u0432\u043b\u0438\u0432\u0430\u044e\u0449\u0438\u0439 \u043f\u043e\u0432\u0440\u0435\u0436\u0434\u0435\u043d\u043d\u044b\u0435 \u0432\u043e\u043b\u043e\u0441\u044b. \u0428\u0430\u043c\u043f\u0443\u043d\u044c \u0434\u0435\u043b\u0430\u0435\u0442 \u0432\u043e\u043b\u043e\u0441\u044b \u0433\u043b\u0430\u0434\u043a\u0438\u043c\u0438, \u0431\u043b\u0435\u0441\u0442\u044f\u0449\u0438\u043c\u0438 \u0438 \u043d\u0435 \u0434\u0430\u0435\u0442 \u0438\u043c \u043f\u0443\u0448\u0438\u0442\u044c\u0441\u044f, \u0430 \u0448\u0430\u043c\u043f\u0443\u043d\u044c \u0441 \u043a\u0435\u0440\u0430\u0442\u0438\u043d\u043e\u043c \u043e\u0431\u0435\u0441\u043f\u0435\u0447\u0438\u0432\u0430\u0435\u0442 \u0433\u043b\u0430\u0434\u043a\u043e\u0441\u0442\u044c \u0438 \u0431\u043b\u0435\u0441\u043a \u0432\u043e\u043b\u043e\u0441.<\/p>","protected":false},"featured_media":28850,"comment_status":"open","ping_status":"closed","template":"","meta":[],"product_brand":[],"product_cat":[2204,2207,2215],"product_tag":[2244,2243,3568,3570,2294,2245,3569],"class_list":{"0":"post-28849","1":"product","2":"type-product","3":"status-publish","4":"has-post-thumbnail","6":"product_cat-matu-kopsanas-lidzekli","7":"product_cat-matu-maskas","8":"product_cat-visi-produkti","9":"product_tag-israel","10":"product_tag-izraela","11":"product_tag-keratin-hair-mask","12":"product_tag-matu-maska-ar-keratinu","13":"product_tag-pure-mineral","14":"product_tag-2245","15":"product_tag-3569","16":"pa_brand_nc-pure-mineral","17":"pa_ean_nc-4070","19":"first","20":"instock","21":"sale","22":"taxable","23":"shipping-taxable","24":"purchasable","25":"product-type-simple"},"yoast_head":"<!-- This site is optimized with the Yoast SEO plugin v27.4 - https:\/\/yoast.com\/product\/yoast-seo-wordpress\/ -->\n<title>Matu maska ar kerat\u012bnu<\/title>\n<meta name=\"description\" content=\"\u0160amp\u016bns kas atdz\u012bvina boj\u0101tus matus. \u0160amp\u016bns padara J\u016bsu matus gludus, sp\u012bd\u012bgus un ne\u013cauj tiem \u010dirkoties, \u0161amp\u016bns ar kerat\u012bnu nodro\u0161ina J\u016bsu matu baro\u0161anu un aizsarg\u0101 tos pret karstumu, net\u012brumiem un pies\u0101r\u0146ot\u0101jiem. Tas ar\u012b pal\u012bdz atjaunot matu folikulus\" \/>\n<meta name=\"robots\" content=\"index, follow, max-snippet:-1, max-image-preview:large, max-video-preview:-1\" \/>\n<link rel=\"canonical\" href=\"https:\/\/women.lv\/ru\/product\/pure-mineral-matu-maska-ar-keratinu\/\" \/>\n<meta property=\"og:locale\" content=\"ru_RU\" \/>\n<meta property=\"og:type\" content=\"article\" \/>\n<meta property=\"og:title\" content=\"Matu maska ar kerat\u012bnu\" \/>\n<meta property=\"og:description\" content=\"\u0160amp\u016bns kas atdz\u012bvina boj\u0101tus matus. \u0160amp\u016bns padara J\u016bsu matus gludus, sp\u012bd\u012bgus un ne\u013cauj tiem \u010dirkoties, \u0161amp\u016bns ar kerat\u012bnu nodro\u0161ina J\u016bsu matu baro\u0161anu un aizsarg\u0101 tos pret karstumu, net\u012brumiem un pies\u0101r\u0146ot\u0101jiem. Tas ar\u012b pal\u012bdz atjaunot matu folikulus\" \/>\n<meta property=\"og:url\" content=\"https:\/\/women.lv\/ru\/product\/pure-mineral-matu-maska-ar-keratinu\/\" \/>\n<meta property=\"og:site_name\" content=\"Women Veikals\" \/>\n<meta property=\"article:modified_time\" content=\"2026-03-21T09:53:41+00:00\" \/>\n<meta property=\"og:image\" content=\"https:\/\/women.lv\/wp-content\/uploads\/nc\/catalog\/Pure-Mineral\/keratin-hair-mask.jpg\" \/>\n\t<meta property=\"og:image:width\" content=\"1280\" \/>\n\t<meta property=\"og:image:height\" content=\"1280\" \/>\n\t<meta property=\"og:image:type\" content=\"image\/jpeg\" \/>\n<meta name=\"twitter:card\" content=\"summary_large_image\" \/>\n<meta name=\"twitter:label1\" content=\"\u041f\u0440\u0438\u043c\u0435\u0440\u043d\u043e\u0435 \u0432\u0440\u0435\u043c\u044f \u0434\u043b\u044f \u0447\u0442\u0435\u043d\u0438\u044f\" \/>\n\t<meta name=\"twitter:data1\" content=\"1 \u043c\u0438\u043d\u0443\u0442\u0430\" \/>\n<script type=\"application\/ld+json\" class=\"yoast-schema-graph\">{\"@context\":\"https:\\\/\\\/schema.org\",\"@graph\":[{\"@type\":\"WebPage\",\"@id\":\"https:\\\/\\\/women.lv\\\/product\\\/pure-mineral-matu-maska-ar-keratinu\\\/\",\"url\":\"https:\\\/\\\/women.lv\\\/product\\\/pure-mineral-matu-maska-ar-keratinu\\\/\",\"name\":\"Matu maska ar kerat\u012bnu\",\"isPartOf\":{\"@id\":\"https:\\\/\\\/women.lv\\\/#website\"},\"primaryImageOfPage\":{\"@id\":\"https:\\\/\\\/women.lv\\\/product\\\/pure-mineral-matu-maska-ar-keratinu\\\/#primaryimage\"},\"image\":{\"@id\":\"https:\\\/\\\/women.lv\\\/product\\\/pure-mineral-matu-maska-ar-keratinu\\\/#primaryimage\"},\"thumbnailUrl\":\"https:\\\/\\\/women.lv\\\/wp-content\\\/uploads\\\/nc\\\/catalog\\\/Pure-Mineral\\\/keratin-hair-mask.jpg\",\"datePublished\":\"2022-01-26T19:13:02+00:00\",\"dateModified\":\"2026-03-21T09:53:41+00:00\",\"description\":\"\u0160amp\u016bns kas atdz\u012bvina boj\u0101tus matus. \u0160amp\u016bns padara J\u016bsu matus gludus, sp\u012bd\u012bgus un ne\u013cauj tiem \u010dirkoties, \u0161amp\u016bns ar kerat\u012bnu nodro\u0161ina J\u016bsu matu baro\u0161anu un aizsarg\u0101 tos pret karstumu, net\u012brumiem un pies\u0101r\u0146ot\u0101jiem. Tas ar\u012b pal\u012bdz atjaunot matu folikulus\",\"breadcrumb\":{\"@id\":\"https:\\\/\\\/women.lv\\\/product\\\/pure-mineral-matu-maska-ar-keratinu\\\/#breadcrumb\"},\"inLanguage\":\"ru-RU\",\"potentialAction\":[{\"@type\":\"ReadAction\",\"target\":[\"https:\\\/\\\/women.lv\\\/product\\\/pure-mineral-matu-maska-ar-keratinu\\\/\"]}]},{\"@type\":\"ImageObject\",\"inLanguage\":\"ru-RU\",\"@id\":\"https:\\\/\\\/women.lv\\\/product\\\/pure-mineral-matu-maska-ar-keratinu\\\/#primaryimage\",\"url\":\"https:\\\/\\\/women.lv\\\/wp-content\\\/uploads\\\/nc\\\/catalog\\\/Pure-Mineral\\\/keratin-hair-mask.jpg\",\"contentUrl\":\"https:\\\/\\\/women.lv\\\/wp-content\\\/uploads\\\/nc\\\/catalog\\\/Pure-Mineral\\\/keratin-hair-mask.jpg\",\"width\":1280,\"height\":1280,\"caption\":\"Matu maska ar kerat\u012bnu\"},{\"@type\":\"BreadcrumbList\",\"@id\":\"https:\\\/\\\/women.lv\\\/product\\\/pure-mineral-matu-maska-ar-keratinu\\\/#breadcrumb\",\"itemListElement\":[{\"@type\":\"ListItem\",\"position\":1,\"name\":\"Home\",\"item\":\"https:\\\/\\\/women.lv\\\/\"},{\"@type\":\"ListItem\",\"position\":2,\"name\":\"Products\",\"item\":\"https:\\\/\\\/women.lv\\\/en\\\/shop\\\/\"},{\"@type\":\"ListItem\",\"position\":3,\"name\":\"Matu maska ar kerat\u012bnu\"}]},{\"@type\":\"WebSite\",\"@id\":\"https:\\\/\\\/women.lv\\\/#website\",\"url\":\"https:\\\/\\\/women.lv\\\/\",\"name\":\"Women Veikals\",\"description\":\"Uzdr\u012bksties b\u016bt skaista\",\"potentialAction\":[{\"@type\":\"SearchAction\",\"target\":{\"@type\":\"EntryPoint\",\"urlTemplate\":\"https:\\\/\\\/women.lv\\\/?s={search_term_string}\"},\"query-input\":{\"@type\":\"PropertyValueSpecification\",\"valueRequired\":true,\"valueName\":\"search_term_string\"}}],\"inLanguage\":\"ru-RU\"}]}<\/script>\n<!-- \/ Yoast SEO plugin. -->","yoast_head_json":{"title":"\u041c\u0430\u0441\u043a\u0430 \u0434\u043b\u044f \u0432\u043e\u043b\u043e\u0441 \u0441 \u043a\u0435\u0440\u0430\u0442\u0438\u043d\u043e\u043c","description":"\u0160amp\u016bns kas atdz\u012bvina boj\u0101tus matus. \u0160amp\u016bns padara J\u016bsu matus gludus, sp\u012bd\u012bgus un ne\u013cauj tiem \u010dirkoties, \u0161amp\u016bns ar kerat\u012bnu nodro\u0161ina J\u016bsu matu baro\u0161anu un aizsarg\u0101 tos pret karstumu, net\u012brumiem un pies\u0101r\u0146ot\u0101jiem. Tas ar\u012b pal\u012bdz atjaunot matu folikulus","robots":{"index":"index","follow":"follow","max-snippet":"max-snippet:-1","max-image-preview":"max-image-preview:large","max-video-preview":"max-video-preview:-1"},"canonical":"https:\/\/women.lv\/ru\/product\/pure-mineral-matu-maska-ar-keratinu\/","og_locale":"ru_RU","og_type":"article","og_title":"Matu maska ar kerat\u012bnu","og_description":"\u0160amp\u016bns kas atdz\u012bvina boj\u0101tus matus. \u0160amp\u016bns padara J\u016bsu matus gludus, sp\u012bd\u012bgus un ne\u013cauj tiem \u010dirkoties, \u0161amp\u016bns ar kerat\u012bnu nodro\u0161ina J\u016bsu matu baro\u0161anu un aizsarg\u0101 tos pret karstumu, net\u012brumiem un pies\u0101r\u0146ot\u0101jiem. Tas ar\u012b pal\u012bdz atjaunot matu folikulus","og_url":"https:\/\/women.lv\/ru\/product\/pure-mineral-matu-maska-ar-keratinu\/","og_site_name":"Women Veikals","article_modified_time":"2026-03-21T09:53:41+00:00","og_image":[{"width":1280,"height":1280,"url":"https:\/\/women.lv\/wp-content\/uploads\/nc\/catalog\/Pure-Mineral\/keratin-hair-mask.jpg","type":"image\/jpeg"}],"twitter_card":"summary_large_image","twitter_misc":{"\u041f\u0440\u0438\u043c\u0435\u0440\u043d\u043e\u0435 \u0432\u0440\u0435\u043c\u044f \u0434\u043b\u044f \u0447\u0442\u0435\u043d\u0438\u044f":"1 \u043c\u0438\u043d\u0443\u0442\u0430"},"schema":{"@context":"https:\/\/schema.org","@graph":[{"@type":"WebPage","@id":"https:\/\/women.lv\/product\/pure-mineral-matu-maska-ar-keratinu\/","url":"https:\/\/women.lv\/product\/pure-mineral-matu-maska-ar-keratinu\/","name":"\u041c\u0430\u0441\u043a\u0430 \u0434\u043b\u044f \u0432\u043e\u043b\u043e\u0441 \u0441 \u043a\u0435\u0440\u0430\u0442\u0438\u043d\u043e\u043c","isPartOf":{"@id":"https:\/\/women.lv\/#website"},"primaryImageOfPage":{"@id":"https:\/\/women.lv\/product\/pure-mineral-matu-maska-ar-keratinu\/#primaryimage"},"image":{"@id":"https:\/\/women.lv\/product\/pure-mineral-matu-maska-ar-keratinu\/#primaryimage"},"thumbnailUrl":"https:\/\/women.lv\/wp-content\/uploads\/nc\/catalog\/Pure-Mineral\/keratin-hair-mask.jpg","datePublished":"2022-01-26T19:13:02+00:00","dateModified":"2026-03-21T09:53:41+00:00","description":"\u0160amp\u016bns kas atdz\u012bvina boj\u0101tus matus. \u0160amp\u016bns padara J\u016bsu matus gludus, sp\u012bd\u012bgus un ne\u013cauj tiem \u010dirkoties, \u0161amp\u016bns ar kerat\u012bnu nodro\u0161ina J\u016bsu matu baro\u0161anu un aizsarg\u0101 tos pret karstumu, net\u012brumiem un pies\u0101r\u0146ot\u0101jiem. Tas ar\u012b pal\u012bdz atjaunot matu folikulus","breadcrumb":{"@id":"https:\/\/women.lv\/product\/pure-mineral-matu-maska-ar-keratinu\/#breadcrumb"},"inLanguage":"ru-RU","potentialAction":[{"@type":"ReadAction","target":["https:\/\/women.lv\/product\/pure-mineral-matu-maska-ar-keratinu\/"]}]},{"@type":"ImageObject","inLanguage":"ru-RU","@id":"https:\/\/women.lv\/product\/pure-mineral-matu-maska-ar-keratinu\/#primaryimage","url":"https:\/\/women.lv\/wp-content\/uploads\/nc\/catalog\/Pure-Mineral\/keratin-hair-mask.jpg","contentUrl":"https:\/\/women.lv\/wp-content\/uploads\/nc\/catalog\/Pure-Mineral\/keratin-hair-mask.jpg","width":1280,"height":1280,"caption":"Matu maska ar kerat\u012bnu"},{"@type":"BreadcrumbList","@id":"https:\/\/women.lv\/product\/pure-mineral-matu-maska-ar-keratinu\/#breadcrumb","itemListElement":[{"@type":"ListItem","position":1,"name":"Home","item":"https:\/\/women.lv\/"},{"@type":"ListItem","position":2,"name":"Products","item":"https:\/\/women.lv\/en\/shop\/"},{"@type":"ListItem","position":3,"name":"Matu maska ar kerat\u012bnu"}]},{"@type":"WebSite","@id":"https:\/\/women.lv\/#website","url":"https:\/\/women.lv\/","name":"\u041c\u0430\u0433\u0430\u0437\u0438\u043d Women","description":"Uzdr\u012bksties b\u016bt skaista","potentialAction":[{"@type":"SearchAction","target":{"@type":"EntryPoint","urlTemplate":"https:\/\/women.lv\/?s={search_term_string}"},"query-input":{"@type":"PropertyValueSpecification","valueRequired":true,"valueName":"search_term_string"}}],"inLanguage":"ru-RU"}]}},"_links":{"self":[{"href":"https:\/\/women.lv\/ru\/wp-json\/wp\/v2\/product\/28849","targetHints":{"allow":["GET"]}}],"collection":[{"href":"https:\/\/women.lv\/ru\/wp-json\/wp\/v2\/product"}],"about":[{"href":"https:\/\/women.lv\/ru\/wp-json\/wp\/v2\/types\/product"}],"replies":[{"embeddable":true,"href":"https:\/\/women.lv\/ru\/wp-json\/wp\/v2\/comments?post=28849"}],"version-history":[{"count":0,"href":"https:\/\/women.lv\/ru\/wp-json\/wp\/v2\/product\/28849\/revisions"}],"wp:featuredmedia":[{"embeddable":true,"href":"https:\/\/women.lv\/ru\/wp-json\/wp\/v2\/media\/28850"}],"wp:attachment":[{"href":"https:\/\/women.lv\/ru\/wp-json\/wp\/v2\/media?parent=28849"}],"wp:term":[{"taxonomy":"product_brand","embeddable":true,"href":"https:\/\/women.lv\/ru\/wp-json\/wp\/v2\/product_brand?post=28849"},{"taxonomy":"product_cat","embeddable":true,"href":"https:\/\/women.lv\/ru\/wp-json\/wp\/v2\/product_cat?post=28849"},{"taxonomy":"product_tag","embeddable":true,"href":"https:\/\/women.lv\/ru\/wp-json\/wp\/v2\/product_tag?post=28849"}],"curies":[{"name":"wp","href":"https:\/\/api.w.org\/{rel}","templated":true}]}}