{"id":28841,"date":"2022-01-25T16:58:51","date_gmt":"2022-01-25T16:58:51","guid":{"rendered":"https:\/\/women.lv\/?product=pret-plaisu-pedu-krems"},"modified":"2025-11-05T13:26:24","modified_gmt":"2025-11-05T13:26:24","slug":"pret-plaisu-pedu-krems","status":"publish","type":"product","link":"https:\/\/women.lv\/ru\/product\/pret-plaisu-pedu-krems\/","title":{"rendered":"\u041a\u0440\u0435\u043c \u0434\u043b\u044f \u043d\u043e\u0433 \u043f\u0440\u043e\u0442\u0438\u0432 \u0442\u0440\u0435\u0449\u0438\u043d"},"content":{"rendered":"<p><span style=\"font-family: Helvetica;\"><span style=\"font-size: 18px;\">Nodro\u0161iniet sav\u0101m k\u0101j\u0101m vislab\u0101ko apr\u016bpi. N\u0101ves J\u016bras miner\u0101li un to vitam\u012bni nomierina J\u016bsu p\u0113das, savuk\u0101rt bag\u0101t\u012bg\u0101s e\u013c\u013cas baro un mitrina pat saus\u0101k\u0101s un viss saplais\u0101ju\u0161\u0101s p\u0113das.<\/span><\/span><\/p>\n<p>&nbsp;<\/p>","protected":false},"excerpt":{"rendered":"<p>\u041f\u043e\u0434\u0430\u0440\u0438\u0442\u0435 \u0441\u0432\u043e\u0438\u043c \u043d\u043e\u0433\u0430\u043c \u043b\u0443\u0447\u0448\u0438\u0439 \u0443\u0445\u043e\u0434. \u041c\u0438\u043d\u0435\u0440\u0430\u043b\u044b \u041c\u0435\u0440\u0442\u0432\u043e\u0433\u043e \u043c\u043e\u0440\u044f \u0438 \u0441\u043e\u0434\u0435\u0440\u0436\u0430\u0449\u0438\u0435\u0441\u044f \u0432 \u043d\u0438\u0445 \u0432\u0438\u0442\u0430\u043c\u0438\u043d\u044b \u0443\u0441\u043f\u043e\u043a\u0430\u0438\u0432\u0430\u044e\u0442 \u043d\u043e\u0433\u0438, \u0430 \u0431\u043e\u0433\u0430\u0442\u044b\u0435 \u043c\u0430\u0441\u043b\u0430 \u043f\u0438\u0442\u0430\u044e\u0442 \u0438 \u0443\u0432\u043b\u0430\u0436\u043d\u044f\u044e\u0442.<\/p>","protected":false},"featured_media":28842,"comment_status":"open","ping_status":"closed","template":"","meta":[],"product_brand":[],"product_cat":[2208,2222,2215,2231],"product_tag":[3554,2244,2243,3555,2933,2245,3556],"class_list":{"0":"post-28841","1":"product","2":"type-product","3":"status-publish","4":"has-post-thumbnail","6":"product_cat-kermena-kopsanas-lidzekii","7":"product_cat-kaju-kremi","8":"product_cat-visi-produkti","9":"product_cat-lv-on-sale","10":"product_tag-anti-crack-foot-cream","11":"product_tag-israel","12":"product_tag-izraela","13":"product_tag-pret-plaisu-pedu-krems","14":"product_tag-sea-of-spa","15":"product_tag-2245","16":"product_tag-3556","17":"pa_brand_nc-sea-of-spa","18":"pa_ean_nc-11571a","20":"first","21":"instock","22":"sale","23":"taxable","24":"shipping-taxable","25":"purchasable","26":"product-type-simple"},"yoast_head":"<!-- This site is optimized with the Yoast SEO plugin v23.9 - https:\/\/yoast.com\/wordpress\/plugins\/seo\/ -->\n<title>Pret-plaisu p\u0113du kr\u0113ms<\/title>\n<meta name=\"description\" content=\"Nodro\u0161iniet sav\u0101m k\u0101j\u0101m vislab\u0101ko apr\u016bpi. N\u0101ves J\u016bras miner\u0101li un to vitam\u012bni nomierina J\u016bsu p\u0113das, savuk\u0101rt bag\u0101t\u012bg\u0101s e\u013c\u013cas baro un mitrina pat saus\u0101k\u0101s un viss saplais\u0101jo\u0161\u0101k\u0101s p\u0113das.\" \/>\n<meta name=\"robots\" content=\"index, follow, max-snippet:-1, max-image-preview:large, max-video-preview:-1\" \/>\n<link rel=\"canonical\" href=\"https:\/\/women.lv\/ru\/product\/pret-plaisu-pedu-krems\/\" \/>\n<meta property=\"og:locale\" content=\"ru_RU\" \/>\n<meta property=\"og:type\" content=\"article\" \/>\n<meta property=\"og:title\" content=\"Pret-plaisu p\u0113du kr\u0113ms\" \/>\n<meta property=\"og:description\" content=\"Nodro\u0161iniet sav\u0101m k\u0101j\u0101m vislab\u0101ko apr\u016bpi. N\u0101ves J\u016bras miner\u0101li un to vitam\u012bni nomierina J\u016bsu p\u0113das, savuk\u0101rt bag\u0101t\u012bg\u0101s e\u013c\u013cas baro un mitrina pat saus\u0101k\u0101s un viss saplais\u0101jo\u0161\u0101k\u0101s p\u0113das.\" \/>\n<meta property=\"og:url\" content=\"https:\/\/women.lv\/ru\/product\/pret-plaisu-pedu-krems\/\" \/>\n<meta property=\"og:site_name\" content=\"Women Veikals\" \/>\n<meta property=\"article:modified_time\" content=\"2025-11-05T13:26:24+00:00\" \/>\n<meta property=\"og:image\" content=\"https:\/\/women.lv\/wp-content\/uploads\/nc\/catalog\/SOS-Sea-of-Spa\/BIO-SPA\/bio-spa-foot-cream-100-ml-tube.jpg\" \/>\n\t<meta property=\"og:image:width\" content=\"1000\" \/>\n\t<meta property=\"og:image:height\" content=\"1000\" \/>\n\t<meta property=\"og:image:type\" content=\"image\/jpeg\" \/>\n<meta name=\"twitter:card\" content=\"summary_large_image\" \/>\n<meta name=\"twitter:label1\" content=\"\u041f\u0440\u0438\u043c\u0435\u0440\u043d\u043e\u0435 \u0432\u0440\u0435\u043c\u044f \u0434\u043b\u044f \u0447\u0442\u0435\u043d\u0438\u044f\" \/>\n\t<meta name=\"twitter:data1\" content=\"1 \u043c\u0438\u043d\u0443\u0442\u0430\" \/>\n<script type=\"application\/ld+json\" class=\"yoast-schema-graph\">{\"@context\":\"https:\/\/schema.org\",\"@graph\":[{\"@type\":\"WebPage\",\"@id\":\"https:\/\/women.lv\/product\/pret-plaisu-pedu-krems\/\",\"url\":\"https:\/\/women.lv\/product\/pret-plaisu-pedu-krems\/\",\"name\":\"Pret-plaisu p\u0113du kr\u0113ms\",\"isPartOf\":{\"@id\":\"https:\/\/women.lv\/#website\"},\"primaryImageOfPage\":{\"@id\":\"https:\/\/women.lv\/product\/pret-plaisu-pedu-krems\/#primaryimage\"},\"image\":{\"@id\":\"https:\/\/women.lv\/product\/pret-plaisu-pedu-krems\/#primaryimage\"},\"thumbnailUrl\":\"https:\/\/women.lv\/wp-content\/uploads\/nc\/catalog\/SOS-Sea-of-Spa\/BIO-SPA\/bio-spa-foot-cream-100-ml-tube.jpg\",\"datePublished\":\"2022-01-25T16:58:51+00:00\",\"dateModified\":\"2025-11-05T13:26:24+00:00\",\"description\":\"Nodro\u0161iniet sav\u0101m k\u0101j\u0101m vislab\u0101ko apr\u016bpi. N\u0101ves J\u016bras miner\u0101li un to vitam\u012bni nomierina J\u016bsu p\u0113das, savuk\u0101rt bag\u0101t\u012bg\u0101s e\u013c\u013cas baro un mitrina pat saus\u0101k\u0101s un viss saplais\u0101jo\u0161\u0101k\u0101s p\u0113das.\",\"breadcrumb\":{\"@id\":\"https:\/\/women.lv\/product\/pret-plaisu-pedu-krems\/#breadcrumb\"},\"inLanguage\":\"ru-RU\",\"potentialAction\":[{\"@type\":\"ReadAction\",\"target\":[\"https:\/\/women.lv\/product\/pret-plaisu-pedu-krems\/\"]}]},{\"@type\":\"ImageObject\",\"inLanguage\":\"ru-RU\",\"@id\":\"https:\/\/women.lv\/product\/pret-plaisu-pedu-krems\/#primaryimage\",\"url\":\"https:\/\/women.lv\/wp-content\/uploads\/nc\/catalog\/SOS-Sea-of-Spa\/BIO-SPA\/bio-spa-foot-cream-100-ml-tube.jpg\",\"contentUrl\":\"https:\/\/women.lv\/wp-content\/uploads\/nc\/catalog\/SOS-Sea-of-Spa\/BIO-SPA\/bio-spa-foot-cream-100-ml-tube.jpg\",\"width\":1000,\"height\":1000,\"caption\":\"Pret-plaisu p\u0113du kr\u0113ms\"},{\"@type\":\"BreadcrumbList\",\"@id\":\"https:\/\/women.lv\/product\/pret-plaisu-pedu-krems\/#breadcrumb\",\"itemListElement\":[{\"@type\":\"ListItem\",\"position\":1,\"name\":\"Home\",\"item\":\"https:\/\/women.lv\/\"},{\"@type\":\"ListItem\",\"position\":2,\"name\":\"Products\",\"item\":\"https:\/\/women.lv\/en\/shop\/\"},{\"@type\":\"ListItem\",\"position\":3,\"name\":\"Pret-plaisu p\u0113du kr\u0113ms\"}]},{\"@type\":\"WebSite\",\"@id\":\"https:\/\/women.lv\/#website\",\"url\":\"https:\/\/women.lv\/\",\"name\":\"Women Veikals\",\"description\":\"Uzdr\u012bksties b\u016bt skaista\",\"potentialAction\":[{\"@type\":\"SearchAction\",\"target\":{\"@type\":\"EntryPoint\",\"urlTemplate\":\"https:\/\/women.lv\/?s={search_term_string}\"},\"query-input\":{\"@type\":\"PropertyValueSpecification\",\"valueRequired\":true,\"valueName\":\"search_term_string\"}}],\"inLanguage\":\"ru-RU\"}]}<\/script>\n<!-- \/ Yoast SEO plugin. -->","yoast_head_json":{"title":"Pret-plaisu p\u0113du kr\u0113ms","description":"Nodro\u0161iniet sav\u0101m k\u0101j\u0101m vislab\u0101ko apr\u016bpi. N\u0101ves J\u016bras miner\u0101li un to vitam\u012bni nomierina J\u016bsu p\u0113das, savuk\u0101rt bag\u0101t\u012bg\u0101s e\u013c\u013cas baro un mitrina pat saus\u0101k\u0101s un viss saplais\u0101jo\u0161\u0101k\u0101s p\u0113das.","robots":{"index":"index","follow":"follow","max-snippet":"max-snippet:-1","max-image-preview":"max-image-preview:large","max-video-preview":"max-video-preview:-1"},"canonical":"https:\/\/women.lv\/ru\/product\/pret-plaisu-pedu-krems\/","og_locale":"ru_RU","og_type":"article","og_title":"Pret-plaisu p\u0113du kr\u0113ms","og_description":"Nodro\u0161iniet sav\u0101m k\u0101j\u0101m vislab\u0101ko apr\u016bpi. N\u0101ves J\u016bras miner\u0101li un to vitam\u012bni nomierina J\u016bsu p\u0113das, savuk\u0101rt bag\u0101t\u012bg\u0101s e\u013c\u013cas baro un mitrina pat saus\u0101k\u0101s un viss saplais\u0101jo\u0161\u0101k\u0101s p\u0113das.","og_url":"https:\/\/women.lv\/ru\/product\/pret-plaisu-pedu-krems\/","og_site_name":"Women Veikals","article_modified_time":"2025-11-05T13:26:24+00:00","og_image":[{"width":1000,"height":1000,"url":"https:\/\/women.lv\/wp-content\/uploads\/nc\/catalog\/SOS-Sea-of-Spa\/BIO-SPA\/bio-spa-foot-cream-100-ml-tube.jpg","type":"image\/jpeg"}],"twitter_card":"summary_large_image","twitter_misc":{"\u041f\u0440\u0438\u043c\u0435\u0440\u043d\u043e\u0435 \u0432\u0440\u0435\u043c\u044f \u0434\u043b\u044f \u0447\u0442\u0435\u043d\u0438\u044f":"1 \u043c\u0438\u043d\u0443\u0442\u0430"},"schema":{"@context":"https:\/\/schema.org","@graph":[{"@type":"WebPage","@id":"https:\/\/women.lv\/product\/pret-plaisu-pedu-krems\/","url":"https:\/\/women.lv\/product\/pret-plaisu-pedu-krems\/","name":"Pret-plaisu p\u0113du kr\u0113ms","isPartOf":{"@id":"https:\/\/women.lv\/#website"},"primaryImageOfPage":{"@id":"https:\/\/women.lv\/product\/pret-plaisu-pedu-krems\/#primaryimage"},"image":{"@id":"https:\/\/women.lv\/product\/pret-plaisu-pedu-krems\/#primaryimage"},"thumbnailUrl":"https:\/\/women.lv\/wp-content\/uploads\/nc\/catalog\/SOS-Sea-of-Spa\/BIO-SPA\/bio-spa-foot-cream-100-ml-tube.jpg","datePublished":"2022-01-25T16:58:51+00:00","dateModified":"2025-11-05T13:26:24+00:00","description":"Nodro\u0161iniet sav\u0101m k\u0101j\u0101m vislab\u0101ko apr\u016bpi. N\u0101ves J\u016bras miner\u0101li un to vitam\u012bni nomierina J\u016bsu p\u0113das, savuk\u0101rt bag\u0101t\u012bg\u0101s e\u013c\u013cas baro un mitrina pat saus\u0101k\u0101s un viss saplais\u0101jo\u0161\u0101k\u0101s p\u0113das.","breadcrumb":{"@id":"https:\/\/women.lv\/product\/pret-plaisu-pedu-krems\/#breadcrumb"},"inLanguage":"ru-RU","potentialAction":[{"@type":"ReadAction","target":["https:\/\/women.lv\/product\/pret-plaisu-pedu-krems\/"]}]},{"@type":"ImageObject","inLanguage":"ru-RU","@id":"https:\/\/women.lv\/product\/pret-plaisu-pedu-krems\/#primaryimage","url":"https:\/\/women.lv\/wp-content\/uploads\/nc\/catalog\/SOS-Sea-of-Spa\/BIO-SPA\/bio-spa-foot-cream-100-ml-tube.jpg","contentUrl":"https:\/\/women.lv\/wp-content\/uploads\/nc\/catalog\/SOS-Sea-of-Spa\/BIO-SPA\/bio-spa-foot-cream-100-ml-tube.jpg","width":1000,"height":1000,"caption":"Pret-plaisu p\u0113du kr\u0113ms"},{"@type":"BreadcrumbList","@id":"https:\/\/women.lv\/product\/pret-plaisu-pedu-krems\/#breadcrumb","itemListElement":[{"@type":"ListItem","position":1,"name":"Home","item":"https:\/\/women.lv\/"},{"@type":"ListItem","position":2,"name":"Products","item":"https:\/\/women.lv\/en\/shop\/"},{"@type":"ListItem","position":3,"name":"Pret-plaisu p\u0113du kr\u0113ms"}]},{"@type":"WebSite","@id":"https:\/\/women.lv\/#website","url":"https:\/\/women.lv\/","name":"Women Veikals","description":"Uzdr\u012bksties b\u016bt skaista","potentialAction":[{"@type":"SearchAction","target":{"@type":"EntryPoint","urlTemplate":"https:\/\/women.lv\/?s={search_term_string}"},"query-input":{"@type":"PropertyValueSpecification","valueRequired":true,"valueName":"search_term_string"}}],"inLanguage":"ru-RU"}]}},"_links":{"self":[{"href":"https:\/\/women.lv\/ru\/wp-json\/wp\/v2\/product\/28841","targetHints":{"allow":["GET"]}}],"collection":[{"href":"https:\/\/women.lv\/ru\/wp-json\/wp\/v2\/product"}],"about":[{"href":"https:\/\/women.lv\/ru\/wp-json\/wp\/v2\/types\/product"}],"replies":[{"embeddable":true,"href":"https:\/\/women.lv\/ru\/wp-json\/wp\/v2\/comments?post=28841"}],"version-history":[{"count":3,"href":"https:\/\/women.lv\/ru\/wp-json\/wp\/v2\/product\/28841\/revisions"}],"predecessor-version":[{"id":32049,"href":"https:\/\/women.lv\/ru\/wp-json\/wp\/v2\/product\/28841\/revisions\/32049"}],"wp:featuredmedia":[{"embeddable":true,"href":"https:\/\/women.lv\/ru\/wp-json\/wp\/v2\/media\/28842"}],"wp:attachment":[{"href":"https:\/\/women.lv\/ru\/wp-json\/wp\/v2\/media?parent=28841"}],"wp:term":[{"taxonomy":"product_brand","embeddable":true,"href":"https:\/\/women.lv\/ru\/wp-json\/wp\/v2\/product_brand?post=28841"},{"taxonomy":"product_cat","embeddable":true,"href":"https:\/\/women.lv\/ru\/wp-json\/wp\/v2\/product_cat?post=28841"},{"taxonomy":"product_tag","embeddable":true,"href":"https:\/\/women.lv\/ru\/wp-json\/wp\/v2\/product_tag?post=28841"}],"curies":[{"name":"wp","href":"https:\/\/api.w.org\/{rel}","templated":true}]}}