{"id":28836,"date":"2021-11-05T13:35:21","date_gmt":"2021-11-05T13:35:21","guid":{"rendered":"https:\/\/women.lv\/?product=kokosriekstu-mirdzosa-ella"},"modified":"2026-03-21T11:45:05","modified_gmt":"2026-03-21T09:45:05","slug":"kokosriekstu-mirdzosa-ella","status":"publish","type":"product","link":"https:\/\/women.lv\/ru\/product\/kokosriekstu-mirdzosa-ella\/","title":{"rendered":"\u041a\u043e\u043a\u043e\u0441\u043e\u0432\u043e\u0435 \u043c\u0430\u0441\u043b\u043e \u0434\u043b\u044f \u0441\u0438\u044f\u043d\u0438\u044f"},"content":{"rendered":"<p><span style=\"font-family: Helvetica;\"><span style=\"font-size: 18px;\">Kokosriekstu e\u013c\u013ca\u00a0ir piepild\u012bta ar mirdzo\u0161\u0101m da\u013ci\u0146\u0101m, kas atstaro gaismu un pie\u0161\u0137ir \u0101dai maigu mirdzumu. Kokosriekstu e\u013c\u013ca lieliski uzs\u016bcas, neatst\u0101jot lip\u012bgu saj\u016btu. E\u013c\u013ca kopj \u0137erme\u0146a \u0101du, barojot un mitrinot to. Pateicoties kokosriekstu e\u013c\u013cai, \u0101da ieg\u016bst \u0161okol\u0101des iedegumu.<\/span><\/span><\/p>\n<ul>\n<li><span style=\"font-family: Helvetica;\"><span style=\"font-size: 18px;\">\u0438\u043d\u0442\u0435\u043d\u0441\u0438\u0432\u043d\u043e\u0435 \u0443\u0432\u043b\u0430\u0436\u043d\u0435\u043d\u0438\u0435;<\/span><\/span><\/li>\n<li><span style=\"font-family: Helvetica;\"><span style=\"font-size: 18px;\">\u0432\u043e\u0441\u0441\u0442\u0430\u043d\u043e\u0432\u043b\u0435\u043d\u0438\u0435 \u044d\u043b\u0430\u0441\u0442\u0438\u0447\u043d\u043e\u0441\u0442\u0438 \u043a\u043e\u0436\u0438;<\/span><\/span><\/li>\n<li><span style=\"font-family: Helvetica;\"><span style=\"font-size: 18px;\">\u0440\u0430\u0437\u0433\u043b\u0430\u0436\u0438\u0432\u0430\u044e\u0449\u0438\u0439 \u044d\u0444\u0444\u0435\u043a\u0442;<\/span><\/span><\/li>\n<li><span style=\"font-family: Helvetica;\"><span style=\"font-size: 18px;\">\u043c\u044f\u0433\u043a\u0430\u044f \u0438 \u0431\u0430\u0440\u0445\u0430\u0442\u0438\u0441\u0442\u0430\u044f \u043a\u043e\u0436\u0430;<\/span><\/span><\/li>\n<li><span style=\"font-family: Helvetica;\"><span style=\"font-size: 18px;\">\u043e\u0447\u0430\u0440\u043e\u0432\u0430\u0442\u0435\u043b\u044c\u043d\u043e\u0435, \u043d\u0435\u0436\u043d\u043e\u0435 \u0441\u0438\u044f\u043d\u0438\u0435.<\/span><\/span><\/li>\n<\/ul>\n<p><span style=\"font-family: Helvetica;\"><span style=\"font-size: 18px;\">\u0427\u0438\u0441\u0442\u043e\u0435 \u043a\u043e\u043a\u043e\u0441\u043e\u0432\u043e\u0435 \u043c\u0430\u0441\u043b\u043e \u0437\u0430\u0442\u0432\u0435\u0440\u0434\u0435\u0432\u0430\u0435\u0442 \u043f\u0440\u0438 \u0442\u0435\u043c\u043f\u0435\u0440\u0430\u0442\u0443\u0440\u0435 \u043d\u0438\u0436\u0435 24\u00b0 \u0433\u0440\u0430\u0434\u0443\u0441\u043e\u0432. \u0414\u043e\u0437\u0430\u0442\u043e\u0440 \u043f\u043e\u0437\u0432\u043e\u043b\u044f\u0435\u0442 \u043b\u0435\u0433\u043a\u043e \u0434\u043e\u0437\u0438\u0440\u043e\u0432\u0430\u0442\u044c \u043c\u0430\u0441\u043b\u043e \u0434\u0430\u0436\u0435 \u0432 \u0437\u0430\u0441\u0442\u044b\u0432\u0448\u0435\u043c \u0441\u043e\u0441\u0442\u043e\u044f\u043d\u0438\u0438.<\/span><\/span><\/p>","protected":false},"excerpt":{"rendered":"<p>\u041a\u043e\u043a\u043e\u0441\u043e\u0432\u043e\u0435 \u043c\u0430\u0441\u043b\u043e \u043d\u0430\u043f\u043e\u043b\u043d\u0435\u043d\u043e \u043c\u0435\u0440\u0446\u0430\u044e\u0449\u0438\u043c\u0438 \u0447\u0430\u0441\u0442\u0438\u0446\u0430\u043c\u0438, \u043a\u043e\u0442\u043e\u0440\u044b\u0435 \u043e\u0442\u0440\u0430\u0436\u0430\u044e\u0442 \u0441\u0432\u0435\u0442 \u0438 \u043f\u0440\u0438\u0434\u0430\u044e\u0442 \u043a\u043e\u0436\u0435 \u043c\u044f\u0433\u043a\u043e\u0435 \u0441\u0438\u044f\u043d\u0438\u0435. \u041a\u043e\u043a\u043e\u0441\u043e\u0432\u043e\u0435 \u043c\u0430\u0441\u043b\u043e \u0445\u043e\u0440\u043e\u0448\u043e \u0432\u043f\u0438\u0442\u044b\u0432\u0430\u0435\u0442\u0441\u044f, \u043d\u0435 \u043e\u0441\u0442\u0430\u0432\u043b\u044f\u044f \u043b\u0438\u043f\u043a\u043e\u0441\u0442\u0438.<\/p>","protected":false},"featured_media":28837,"comment_status":"open","ping_status":"closed","template":"","meta":[],"product_brand":[],"product_cat":[2217,2215],"product_tag":[3549,3548,3484,3479,3483,3547,3485],"class_list":{"0":"post-28836","1":"product","2":"type-product","3":"status-publish","4":"has-post-thumbnail","6":"product_cat-citi-produkti-kermena-kopsanai","7":"product_cat-visi-produkti","8":"product_tag-coconut-shimmer-oil","9":"product_tag-kokosriekstu-mirdzosa-ella","10":"product_tag-krievija","11":"product_tag-palm","12":"product_tag-russian","13":"product_tag-3547","14":"product_tag-3485","15":"pa_brand_nc-palm","17":"first","18":"instock","19":"sale","20":"taxable","21":"shipping-taxable","22":"purchasable","23":"product-type-simple"},"yoast_head":"<!-- This site is optimized with the Yoast SEO plugin v23.9 - https:\/\/yoast.com\/wordpress\/plugins\/seo\/ -->\n<title>Kokosriekstu mirdzo\u0161\u0101 e\u013c\u013ca<\/title>\n<meta name=\"description\" content=\"100% \u043a\u043ekosriekstu e\u013c\u013ca, izgatavota no kokosrieksa m\u012bkst\u0101s da\u013cas. Kokosriekstu e\u013c\u013ca ir piepild\u012bta ar mirdzo\u0161\u0101m da\u013ci\u0146\u0101m, kas atstaro gaismu un pie\u0161\u0137ir \u0101dai maigu mirdzumu. Kokosriekstu e\u013c\u013ca lieliski uzs\u016bcas, neatst\u0101jot lip\u012bgu saj\u016btu. E\u013c\u013ca kopj \u0137erme\u0146a \u0101du,\" \/>\n<meta name=\"robots\" content=\"index, follow, max-snippet:-1, max-image-preview:large, max-video-preview:-1\" \/>\n<link rel=\"canonical\" href=\"https:\/\/women.lv\/ru\/product\/kokosriekstu-mirdzosa-ella\/\" \/>\n<meta property=\"og:locale\" content=\"ru_RU\" \/>\n<meta property=\"og:type\" content=\"article\" \/>\n<meta property=\"og:title\" content=\"Kokosriekstu mirdzo\u0161\u0101 e\u013c\u013ca\" \/>\n<meta property=\"og:description\" content=\"100% \u043a\u043ekosriekstu e\u013c\u013ca, izgatavota no kokosrieksa m\u012bkst\u0101s da\u013cas. Kokosriekstu e\u013c\u013ca ir piepild\u012bta ar mirdzo\u0161\u0101m da\u013ci\u0146\u0101m, kas atstaro gaismu un pie\u0161\u0137ir \u0101dai maigu mirdzumu. Kokosriekstu e\u013c\u013ca lieliski uzs\u016bcas, neatst\u0101jot lip\u012bgu saj\u016btu. E\u013c\u013ca kopj \u0137erme\u0146a \u0101du,\" \/>\n<meta property=\"og:url\" content=\"https:\/\/women.lv\/ru\/product\/kokosriekstu-mirdzosa-ella\/\" \/>\n<meta property=\"og:site_name\" content=\"Women Veikals\" \/>\n<meta property=\"article:modified_time\" content=\"2026-03-21T09:45:05+00:00\" \/>\n<meta property=\"og:image\" content=\"https:\/\/women.lv\/wp-content\/uploads\/nc\/catalog\/Palm\/Coconut-shimmer-oil.jpeg\" \/>\n\t<meta property=\"og:image:width\" content=\"787\" \/>\n\t<meta property=\"og:image:height\" content=\"1280\" \/>\n\t<meta property=\"og:image:type\" content=\"image\/jpeg\" \/>\n<meta name=\"twitter:card\" content=\"summary_large_image\" \/>\n<script type=\"application\/ld+json\" class=\"yoast-schema-graph\">{\"@context\":\"https:\/\/schema.org\",\"@graph\":[{\"@type\":\"WebPage\",\"@id\":\"https:\/\/women.lv\/product\/kokosriekstu-mirdzosa-ella\/\",\"url\":\"https:\/\/women.lv\/product\/kokosriekstu-mirdzosa-ella\/\",\"name\":\"Kokosriekstu mirdzo\u0161\u0101 e\u013c\u013ca\",\"isPartOf\":{\"@id\":\"https:\/\/women.lv\/#website\"},\"primaryImageOfPage\":{\"@id\":\"https:\/\/women.lv\/product\/kokosriekstu-mirdzosa-ella\/#primaryimage\"},\"image\":{\"@id\":\"https:\/\/women.lv\/product\/kokosriekstu-mirdzosa-ella\/#primaryimage\"},\"thumbnailUrl\":\"https:\/\/women.lv\/wp-content\/uploads\/nc\/catalog\/Palm\/Coconut-shimmer-oil.jpeg\",\"datePublished\":\"2021-11-05T13:35:21+00:00\",\"dateModified\":\"2026-03-21T09:45:05+00:00\",\"description\":\"100% \u043a\u043ekosriekstu e\u013c\u013ca, izgatavota no kokosrieksa m\u012bkst\u0101s da\u013cas. Kokosriekstu e\u013c\u013ca ir piepild\u012bta ar mirdzo\u0161\u0101m da\u013ci\u0146\u0101m, kas atstaro gaismu un pie\u0161\u0137ir \u0101dai maigu mirdzumu. Kokosriekstu e\u013c\u013ca lieliski uzs\u016bcas, neatst\u0101jot lip\u012bgu saj\u016btu. E\u013c\u013ca kopj \u0137erme\u0146a \u0101du,\",\"breadcrumb\":{\"@id\":\"https:\/\/women.lv\/product\/kokosriekstu-mirdzosa-ella\/#breadcrumb\"},\"inLanguage\":\"ru-RU\",\"potentialAction\":[{\"@type\":\"ReadAction\",\"target\":[\"https:\/\/women.lv\/product\/kokosriekstu-mirdzosa-ella\/\"]}]},{\"@type\":\"ImageObject\",\"inLanguage\":\"ru-RU\",\"@id\":\"https:\/\/women.lv\/product\/kokosriekstu-mirdzosa-ella\/#primaryimage\",\"url\":\"https:\/\/women.lv\/wp-content\/uploads\/nc\/catalog\/Palm\/Coconut-shimmer-oil.jpeg\",\"contentUrl\":\"https:\/\/women.lv\/wp-content\/uploads\/nc\/catalog\/Palm\/Coconut-shimmer-oil.jpeg\",\"width\":787,\"height\":1280,\"caption\":\"Kokosriekstu mirdzo\u0161\u0101 e\u013c\u013ca\"},{\"@type\":\"BreadcrumbList\",\"@id\":\"https:\/\/women.lv\/product\/kokosriekstu-mirdzosa-ella\/#breadcrumb\",\"itemListElement\":[{\"@type\":\"ListItem\",\"position\":1,\"name\":\"Home\",\"item\":\"https:\/\/women.lv\/\"},{\"@type\":\"ListItem\",\"position\":2,\"name\":\"Products\",\"item\":\"https:\/\/women.lv\/en\/shop\/\"},{\"@type\":\"ListItem\",\"position\":3,\"name\":\"Kokosriekstu mirdzo\u0161\u0101 e\u013c\u013ca\"}]},{\"@type\":\"WebSite\",\"@id\":\"https:\/\/women.lv\/#website\",\"url\":\"https:\/\/women.lv\/\",\"name\":\"Women Veikals\",\"description\":\"Uzdr\u012bksties b\u016bt skaista\",\"potentialAction\":[{\"@type\":\"SearchAction\",\"target\":{\"@type\":\"EntryPoint\",\"urlTemplate\":\"https:\/\/women.lv\/?s={search_term_string}\"},\"query-input\":{\"@type\":\"PropertyValueSpecification\",\"valueRequired\":true,\"valueName\":\"search_term_string\"}}],\"inLanguage\":\"ru-RU\"}]}<\/script>\n<!-- \/ Yoast SEO plugin. -->","yoast_head_json":{"title":"Kokosriekstu mirdzo\u0161\u0101 e\u013c\u013ca","description":"100% \u043a\u043ekosriekstu e\u013c\u013ca, izgatavota no kokosrieksa m\u012bkst\u0101s da\u013cas. Kokosriekstu e\u013c\u013ca ir piepild\u012bta ar mirdzo\u0161\u0101m da\u013ci\u0146\u0101m, kas atstaro gaismu un pie\u0161\u0137ir \u0101dai maigu mirdzumu. Kokosriekstu e\u013c\u013ca lieliski uzs\u016bcas, neatst\u0101jot lip\u012bgu saj\u016btu. E\u013c\u013ca kopj \u0137erme\u0146a \u0101du,","robots":{"index":"index","follow":"follow","max-snippet":"max-snippet:-1","max-image-preview":"max-image-preview:large","max-video-preview":"max-video-preview:-1"},"canonical":"https:\/\/women.lv\/ru\/product\/kokosriekstu-mirdzosa-ella\/","og_locale":"ru_RU","og_type":"article","og_title":"Kokosriekstu mirdzo\u0161\u0101 e\u013c\u013ca","og_description":"100% \u043a\u043ekosriekstu e\u013c\u013ca, izgatavota no kokosrieksa m\u012bkst\u0101s da\u013cas. Kokosriekstu e\u013c\u013ca ir piepild\u012bta ar mirdzo\u0161\u0101m da\u013ci\u0146\u0101m, kas atstaro gaismu un pie\u0161\u0137ir \u0101dai maigu mirdzumu. Kokosriekstu e\u013c\u013ca lieliski uzs\u016bcas, neatst\u0101jot lip\u012bgu saj\u016btu. E\u013c\u013ca kopj \u0137erme\u0146a \u0101du,","og_url":"https:\/\/women.lv\/ru\/product\/kokosriekstu-mirdzosa-ella\/","og_site_name":"Women Veikals","article_modified_time":"2026-03-21T09:45:05+00:00","og_image":[{"width":787,"height":1280,"url":"https:\/\/women.lv\/wp-content\/uploads\/nc\/catalog\/Palm\/Coconut-shimmer-oil.jpeg","type":"image\/jpeg"}],"twitter_card":"summary_large_image","schema":{"@context":"https:\/\/schema.org","@graph":[{"@type":"WebPage","@id":"https:\/\/women.lv\/product\/kokosriekstu-mirdzosa-ella\/","url":"https:\/\/women.lv\/product\/kokosriekstu-mirdzosa-ella\/","name":"Kokosriekstu mirdzo\u0161\u0101 e\u013c\u013ca","isPartOf":{"@id":"https:\/\/women.lv\/#website"},"primaryImageOfPage":{"@id":"https:\/\/women.lv\/product\/kokosriekstu-mirdzosa-ella\/#primaryimage"},"image":{"@id":"https:\/\/women.lv\/product\/kokosriekstu-mirdzosa-ella\/#primaryimage"},"thumbnailUrl":"https:\/\/women.lv\/wp-content\/uploads\/nc\/catalog\/Palm\/Coconut-shimmer-oil.jpeg","datePublished":"2021-11-05T13:35:21+00:00","dateModified":"2026-03-21T09:45:05+00:00","description":"100% \u043a\u043ekosriekstu e\u013c\u013ca, izgatavota no kokosrieksa m\u012bkst\u0101s da\u013cas. Kokosriekstu e\u013c\u013ca ir piepild\u012bta ar mirdzo\u0161\u0101m da\u013ci\u0146\u0101m, kas atstaro gaismu un pie\u0161\u0137ir \u0101dai maigu mirdzumu. Kokosriekstu e\u013c\u013ca lieliski uzs\u016bcas, neatst\u0101jot lip\u012bgu saj\u016btu. E\u013c\u013ca kopj \u0137erme\u0146a \u0101du,","breadcrumb":{"@id":"https:\/\/women.lv\/product\/kokosriekstu-mirdzosa-ella\/#breadcrumb"},"inLanguage":"ru-RU","potentialAction":[{"@type":"ReadAction","target":["https:\/\/women.lv\/product\/kokosriekstu-mirdzosa-ella\/"]}]},{"@type":"ImageObject","inLanguage":"ru-RU","@id":"https:\/\/women.lv\/product\/kokosriekstu-mirdzosa-ella\/#primaryimage","url":"https:\/\/women.lv\/wp-content\/uploads\/nc\/catalog\/Palm\/Coconut-shimmer-oil.jpeg","contentUrl":"https:\/\/women.lv\/wp-content\/uploads\/nc\/catalog\/Palm\/Coconut-shimmer-oil.jpeg","width":787,"height":1280,"caption":"Kokosriekstu mirdzo\u0161\u0101 e\u013c\u013ca"},{"@type":"BreadcrumbList","@id":"https:\/\/women.lv\/product\/kokosriekstu-mirdzosa-ella\/#breadcrumb","itemListElement":[{"@type":"ListItem","position":1,"name":"Home","item":"https:\/\/women.lv\/"},{"@type":"ListItem","position":2,"name":"Products","item":"https:\/\/women.lv\/en\/shop\/"},{"@type":"ListItem","position":3,"name":"Kokosriekstu mirdzo\u0161\u0101 e\u013c\u013ca"}]},{"@type":"WebSite","@id":"https:\/\/women.lv\/#website","url":"https:\/\/women.lv\/","name":"Women Veikals","description":"Uzdr\u012bksties b\u016bt skaista","potentialAction":[{"@type":"SearchAction","target":{"@type":"EntryPoint","urlTemplate":"https:\/\/women.lv\/?s={search_term_string}"},"query-input":{"@type":"PropertyValueSpecification","valueRequired":true,"valueName":"search_term_string"}}],"inLanguage":"ru-RU"}]}},"_links":{"self":[{"href":"https:\/\/women.lv\/ru\/wp-json\/wp\/v2\/product\/28836","targetHints":{"allow":["GET"]}}],"collection":[{"href":"https:\/\/women.lv\/ru\/wp-json\/wp\/v2\/product"}],"about":[{"href":"https:\/\/women.lv\/ru\/wp-json\/wp\/v2\/types\/product"}],"replies":[{"embeddable":true,"href":"https:\/\/women.lv\/ru\/wp-json\/wp\/v2\/comments?post=28836"}],"version-history":[{"count":1,"href":"https:\/\/women.lv\/ru\/wp-json\/wp\/v2\/product\/28836\/revisions"}],"predecessor-version":[{"id":29687,"href":"https:\/\/women.lv\/ru\/wp-json\/wp\/v2\/product\/28836\/revisions\/29687"}],"wp:featuredmedia":[{"embeddable":true,"href":"https:\/\/women.lv\/ru\/wp-json\/wp\/v2\/media\/28837"}],"wp:attachment":[{"href":"https:\/\/women.lv\/ru\/wp-json\/wp\/v2\/media?parent=28836"}],"wp:term":[{"taxonomy":"product_brand","embeddable":true,"href":"https:\/\/women.lv\/ru\/wp-json\/wp\/v2\/product_brand?post=28836"},{"taxonomy":"product_cat","embeddable":true,"href":"https:\/\/women.lv\/ru\/wp-json\/wp\/v2\/product_cat?post=28836"},{"taxonomy":"product_tag","embeddable":true,"href":"https:\/\/women.lv\/ru\/wp-json\/wp\/v2\/product_tag?post=28836"}],"curies":[{"name":"wp","href":"https:\/\/api.w.org\/{rel}","templated":true}]}}