{"id":28834,"date":"2021-09-28T15:05:46","date_gmt":"2021-09-28T15:05:46","guid":{"rendered":"https:\/\/women.lv\/?product=arbuza-kermena-sviests"},"modified":"2026-03-21T11:45:40","modified_gmt":"2026-03-21T09:45:40","slug":"arbuza-kermena-sviests","status":"publish","type":"product","link":"https:\/\/women.lv\/ru\/product\/arbuza-kermena-sviests\/","title":{"rendered":"\u041c\u0430\u0441\u043b\u043e \u0434\u043b\u044f \u0442\u0435\u043b\u0430 \u0441 \u0430\u0440\u0431\u0443\u0437\u043e\u043c"},"content":{"rendered":"<p><span style=\"font-family: Helvetica;\"><span style=\"font-size: 18px;\">\u041c\u0430\u0441\u043b\u043e \u0434\u043b\u044f \u0442\u0435\u043b\u0430 \u00ab\u0410\u0440\u0431\u0443\u0437\u00bb \u2014 \u0443\u043d\u0438\u043a\u0430\u043b\u044c\u043d\u043e\u0435 \u043c\u0430\u0441\u043b\u043e \u0434\u043b\u044f \u0442\u0435\u043b\u0430, \u043a\u043e\u0442\u043e\u0440\u043e\u0435 \u0434\u0435\u043b\u0430\u0435\u0442 \u043e\u0434\u043d\u043e\u0432\u0440\u0435\u043c\u0435\u043d\u043d\u043e \u043d\u0435\u0441\u043a\u043e\u043b\u044c\u043a\u043e \u0432\u0435\u0449\u0435\u0439 \u2014 \u043f\u0438\u0442\u0430\u0435\u0442, \u0443\u0432\u043b\u0430\u0436\u043d\u044f\u0435\u0442, \u0432\u043e\u0441\u0441\u0442\u0430\u043d\u0430\u0432\u043b\u0438\u0432\u0430\u0435\u0442 \u0438 \u0441\u043c\u044f\u0433\u0447\u0430\u0435\u0442. \u042d\u043a\u0441\u0442\u0440\u0430\u043a\u0442 \u0430\u0440\u0431\u0443\u0437\u0430 \u0438 \u043c\u0438\u043d\u0435\u0440\u0430\u043b\u044b \u041c\u0435\u0440\u0442\u0432\u043e\u0433\u043e \u043c\u043e\u0440\u044f \u043d\u043e\u0440\u043c\u0430\u043b\u0438\u0437\u0443\u044e\u0442 pH-\u0431\u0430\u043b\u0430\u043d\u0441 \u0438 \u043e\u0431\u0435\u0441\u043f\u0435\u0447\u0438\u0432\u0430\u044e\u0442 \u0434\u043b\u0438\u0442\u0435\u043b\u044c\u043d\u043e\u0435 \u0443\u0432\u043b\u0430\u0436\u043d\u0435\u043d\u0438\u0435 \u043a\u043e\u0436\u0438, \u0441\u043f\u043e\u0441\u043e\u0431\u0441\u0442\u0432\u0443\u044e\u0442 \u0443\u043c\u0435\u043d\u044c\u0448\u0435\u043d\u0438\u044e \u0446\u0435\u043b\u043b\u044e\u043b\u0438\u0442\u0430. \u041c\u0430\u0441\u043b\u043e \u0448\u0438, \u043c\u0430\u0440\u043e\u043a\u043a\u0430\u043d\u0441\u043a\u043e\u0435 \u043c\u0430\u0441\u043b\u043e \u0432 \u0441\u043e\u0447\u0435\u0442\u0430\u043d\u0438\u0438 \u0441 \u043c\u0430\u0441\u043b\u043e\u043c \u0430\u0432\u043e\u043a\u0430\u0434\u043e \u043f\u0438\u0442\u0430\u0435\u0442 \u0438 \u0441\u043f\u043e\u0441\u043e\u0431\u0441\u0442\u0432\u0443\u0435\u0442 \u0440\u0435\u0433\u0435\u043d\u0435\u0440\u0430\u0446\u0438\u0438 \u043a\u043b\u0435\u0442\u043e\u043a, \u0432\u043e\u0441\u0441\u0442\u0430\u043d\u0430\u0432\u043b\u0438\u0432\u0430\u044f \u0433\u043b\u0430\u0434\u043a\u043e\u0441\u0442\u044c \u0438 \u044d\u043b\u0430\u0441\u0442\u0438\u0447\u043d\u043e\u0441\u0442\u044c \u043a\u043e\u0436\u0438.<\/span><\/span><\/p>\n<p><span style=\"font-family: Helvetica;\"><span style=\"font-size: 18px;\"><b>\u0424\u043e\u0440\u043c\u0443\u043b\u0430 4 \u0432 1:<\/b><\/span><\/span><\/p>\n<ul>\n<li><span style=\"font-family: Helvetica;\"><span style=\"font-size: 18px;\">\u0423\u0432\u043b\u0430\u0436\u043d\u044f\u0435\u0442<\/span><\/span><\/li>\n<li><span style=\"font-family: Helvetica;\"><span style=\"font-size: 18px;\">\u041f\u0438\u0442\u0430\u0435\u0442<\/span><\/span><\/li>\n<li><span style=\"font-family: Helvetica;\"><span style=\"font-size: 18px;\">\u0421\u043c\u044f\u0433\u0447\u0430\u0435\u0442<\/span><\/span><\/li>\n<li><span style=\"font-family: Helvetica;\"><span style=\"font-size: 18px;\">\u0412\u043e\u0441\u0441\u0442\u0430\u043d\u043e\u0432\u0438\u0442\u044c<\/span><\/span><\/li>\n<\/ul>","protected":false},"excerpt":{"rendered":"<p>\u041c\u0430\u0441\u043b\u043e \u0434\u043b\u044f \u0442\u0435\u043b\u0430 \u00ab\u0410\u0440\u0431\u0443\u0437\u00bb \u2014 \u0443\u043d\u0438\u043a\u0430\u043b\u044c\u043d\u043e\u0435 \u043c\u0430\u0441\u043b\u043e \u0434\u043b\u044f \u0442\u0435\u043b\u0430, \u043a\u043e\u0442\u043e\u0440\u043e\u0435 \u0434\u0435\u043b\u0430\u0435\u0442 \u043e\u0434\u043d\u043e\u0432\u0440\u0435\u043c\u0435\u043d\u043d\u043e \u043d\u0435\u0441\u043a\u043e\u043b\u044c\u043a\u043e \u0432\u0435\u0449\u0435\u0439 \u2014 \u043f\u0438\u0442\u0430\u0435\u0442, \u0443\u0432\u043b\u0430\u0436\u043d\u044f\u0435\u0442, \u0432\u043e\u0441\u0441\u0442\u0430\u043d\u0430\u0432\u043b\u0438\u0432\u0430\u0435\u0442 \u0438 \u0441\u043c\u044f\u0433\u0447\u0430\u0435\u0442. \u0410\u0440\u0431\u0443\u0437<\/p>","protected":false},"featured_media":28835,"comment_status":"open","ping_status":"closed","template":"","meta":[],"product_brand":[],"product_cat":[2208,2216,2215],"product_tag":[3546,3545,2240,3544],"class_list":{"0":"post-28834","1":"product","2":"type-product","3":"status-publish","4":"has-post-thumbnail","6":"product_cat-kermena-kopsanas-lidzekii","7":"product_cat-kermena-mitrinasana-un-barosana","8":"product_cat-visi-produkti","9":"product_tag-arbuza-kermena-sviests","10":"product_tag-watermelon-whipped-body-butter","11":"product_tag-yofing","12":"product_tag-3544","13":"pa_brand_nc-yofing","14":"pa_ean_nc-3543","15":"pa_ean_nc-israel","17":"first","18":"instock","19":"sale","20":"taxable","21":"shipping-taxable","22":"purchasable","23":"product-type-simple"},"yoast_head":"<!-- This site is optimized with the Yoast SEO plugin v23.9 - https:\/\/yoast.com\/wordpress\/plugins\/seo\/ -->\n<title>Arb\u016bza \u0137erme\u0146a sviests<\/title>\n<meta name=\"description\" content=\"Arb\u016bza \u0137erme\u0146a sviests tas ir unik\u0101ls \u0137erme\u0146a sviests, kas vienlaikus veic vair\u0101kas lietas - baro, mitrina, atjauno un m\u012bkstina. Arb\u016bzu ekstrakts un N\u0101ves j\u016bras miner\u0101li normaliz\u0113 pH l\u012bdzsvaru un nodro\u0161ina ilgsto\u0161u \u0101das mitrin\u0101\u0161anu, pal\u012bdz samazin\u0101t celul\" \/>\n<meta name=\"robots\" content=\"index, follow, max-snippet:-1, max-image-preview:large, max-video-preview:-1\" \/>\n<link rel=\"canonical\" href=\"https:\/\/women.lv\/ru\/product\/arbuza-kermena-sviests\/\" \/>\n<meta property=\"og:locale\" content=\"ru_RU\" \/>\n<meta property=\"og:type\" content=\"article\" \/>\n<meta property=\"og:title\" content=\"Arb\u016bza \u0137erme\u0146a sviests\" \/>\n<meta property=\"og:description\" content=\"Arb\u016bza \u0137erme\u0146a sviests tas ir unik\u0101ls \u0137erme\u0146a sviests, kas vienlaikus veic vair\u0101kas lietas - baro, mitrina, atjauno un m\u012bkstina. Arb\u016bzu ekstrakts un N\u0101ves j\u016bras miner\u0101li normaliz\u0113 pH l\u012bdzsvaru un nodro\u0161ina ilgsto\u0161u \u0101das mitrin\u0101\u0161anu, pal\u012bdz samazin\u0101t celul\" \/>\n<meta property=\"og:url\" content=\"https:\/\/women.lv\/ru\/product\/arbuza-kermena-sviests\/\" \/>\n<meta property=\"og:site_name\" content=\"Women Veikals\" \/>\n<meta property=\"article:modified_time\" content=\"2026-03-21T09:45:40+00:00\" \/>\n<meta property=\"og:image\" content=\"https:\/\/women.lv\/wp-content\/uploads\/nc\/catalog\/Yofing\/Body\/watermelon-whipped-body-butter.jpg\" \/>\n\t<meta property=\"og:image:width\" content=\"1080\" \/>\n\t<meta property=\"og:image:height\" content=\"1080\" \/>\n\t<meta property=\"og:image:type\" content=\"image\/jpeg\" \/>\n<meta name=\"twitter:card\" content=\"summary_large_image\" \/>\n<script type=\"application\/ld+json\" class=\"yoast-schema-graph\">{\"@context\":\"https:\/\/schema.org\",\"@graph\":[{\"@type\":\"WebPage\",\"@id\":\"https:\/\/women.lv\/product\/arbuza-kermena-sviests\/\",\"url\":\"https:\/\/women.lv\/product\/arbuza-kermena-sviests\/\",\"name\":\"Arb\u016bza \u0137erme\u0146a sviests\",\"isPartOf\":{\"@id\":\"https:\/\/women.lv\/#website\"},\"primaryImageOfPage\":{\"@id\":\"https:\/\/women.lv\/product\/arbuza-kermena-sviests\/#primaryimage\"},\"image\":{\"@id\":\"https:\/\/women.lv\/product\/arbuza-kermena-sviests\/#primaryimage\"},\"thumbnailUrl\":\"https:\/\/women.lv\/wp-content\/uploads\/nc\/catalog\/Yofing\/Body\/watermelon-whipped-body-butter.jpg\",\"datePublished\":\"2021-09-28T15:05:46+00:00\",\"dateModified\":\"2026-03-21T09:45:40+00:00\",\"description\":\"Arb\u016bza \u0137erme\u0146a sviests tas ir unik\u0101ls \u0137erme\u0146a sviests, kas vienlaikus veic vair\u0101kas lietas - baro, mitrina, atjauno un m\u012bkstina. Arb\u016bzu ekstrakts un N\u0101ves j\u016bras miner\u0101li normaliz\u0113 pH l\u012bdzsvaru un nodro\u0161ina ilgsto\u0161u \u0101das mitrin\u0101\u0161anu, pal\u012bdz samazin\u0101t celul\",\"breadcrumb\":{\"@id\":\"https:\/\/women.lv\/product\/arbuza-kermena-sviests\/#breadcrumb\"},\"inLanguage\":\"ru-RU\",\"potentialAction\":[{\"@type\":\"ReadAction\",\"target\":[\"https:\/\/women.lv\/product\/arbuza-kermena-sviests\/\"]}]},{\"@type\":\"ImageObject\",\"inLanguage\":\"ru-RU\",\"@id\":\"https:\/\/women.lv\/product\/arbuza-kermena-sviests\/#primaryimage\",\"url\":\"https:\/\/women.lv\/wp-content\/uploads\/nc\/catalog\/Yofing\/Body\/watermelon-whipped-body-butter.jpg\",\"contentUrl\":\"https:\/\/women.lv\/wp-content\/uploads\/nc\/catalog\/Yofing\/Body\/watermelon-whipped-body-butter.jpg\",\"width\":1080,\"height\":1080,\"caption\":\"Arb\u016bza \u0137erme\u0146a sviests\"},{\"@type\":\"BreadcrumbList\",\"@id\":\"https:\/\/women.lv\/product\/arbuza-kermena-sviests\/#breadcrumb\",\"itemListElement\":[{\"@type\":\"ListItem\",\"position\":1,\"name\":\"Home\",\"item\":\"https:\/\/women.lv\/\"},{\"@type\":\"ListItem\",\"position\":2,\"name\":\"Products\",\"item\":\"https:\/\/women.lv\/en\/shop\/\"},{\"@type\":\"ListItem\",\"position\":3,\"name\":\"Arb\u016bza \u0137erme\u0146a sviests\"}]},{\"@type\":\"WebSite\",\"@id\":\"https:\/\/women.lv\/#website\",\"url\":\"https:\/\/women.lv\/\",\"name\":\"Women Veikals\",\"description\":\"Uzdr\u012bksties b\u016bt skaista\",\"potentialAction\":[{\"@type\":\"SearchAction\",\"target\":{\"@type\":\"EntryPoint\",\"urlTemplate\":\"https:\/\/women.lv\/?s={search_term_string}\"},\"query-input\":{\"@type\":\"PropertyValueSpecification\",\"valueRequired\":true,\"valueName\":\"search_term_string\"}}],\"inLanguage\":\"ru-RU\"}]}<\/script>\n<!-- \/ Yoast SEO plugin. -->","yoast_head_json":{"title":"Arb\u016bza \u0137erme\u0146a sviests","description":"Arb\u016bza \u0137erme\u0146a sviests tas ir unik\u0101ls \u0137erme\u0146a sviests, kas vienlaikus veic vair\u0101kas lietas - baro, mitrina, atjauno un m\u012bkstina. Arb\u016bzu ekstrakts un N\u0101ves j\u016bras miner\u0101li normaliz\u0113 pH l\u012bdzsvaru un nodro\u0161ina ilgsto\u0161u \u0101das mitrin\u0101\u0161anu, pal\u012bdz samazin\u0101t celul","robots":{"index":"index","follow":"follow","max-snippet":"max-snippet:-1","max-image-preview":"max-image-preview:large","max-video-preview":"max-video-preview:-1"},"canonical":"https:\/\/women.lv\/ru\/product\/arbuza-kermena-sviests\/","og_locale":"ru_RU","og_type":"article","og_title":"Arb\u016bza \u0137erme\u0146a sviests","og_description":"Arb\u016bza \u0137erme\u0146a sviests tas ir unik\u0101ls \u0137erme\u0146a sviests, kas vienlaikus veic vair\u0101kas lietas - baro, mitrina, atjauno un m\u012bkstina. Arb\u016bzu ekstrakts un N\u0101ves j\u016bras miner\u0101li normaliz\u0113 pH l\u012bdzsvaru un nodro\u0161ina ilgsto\u0161u \u0101das mitrin\u0101\u0161anu, pal\u012bdz samazin\u0101t celul","og_url":"https:\/\/women.lv\/ru\/product\/arbuza-kermena-sviests\/","og_site_name":"Women Veikals","article_modified_time":"2026-03-21T09:45:40+00:00","og_image":[{"width":1080,"height":1080,"url":"https:\/\/women.lv\/wp-content\/uploads\/nc\/catalog\/Yofing\/Body\/watermelon-whipped-body-butter.jpg","type":"image\/jpeg"}],"twitter_card":"summary_large_image","schema":{"@context":"https:\/\/schema.org","@graph":[{"@type":"WebPage","@id":"https:\/\/women.lv\/product\/arbuza-kermena-sviests\/","url":"https:\/\/women.lv\/product\/arbuza-kermena-sviests\/","name":"Arb\u016bza \u0137erme\u0146a sviests","isPartOf":{"@id":"https:\/\/women.lv\/#website"},"primaryImageOfPage":{"@id":"https:\/\/women.lv\/product\/arbuza-kermena-sviests\/#primaryimage"},"image":{"@id":"https:\/\/women.lv\/product\/arbuza-kermena-sviests\/#primaryimage"},"thumbnailUrl":"https:\/\/women.lv\/wp-content\/uploads\/nc\/catalog\/Yofing\/Body\/watermelon-whipped-body-butter.jpg","datePublished":"2021-09-28T15:05:46+00:00","dateModified":"2026-03-21T09:45:40+00:00","description":"Arb\u016bza \u0137erme\u0146a sviests tas ir unik\u0101ls \u0137erme\u0146a sviests, kas vienlaikus veic vair\u0101kas lietas - baro, mitrina, atjauno un m\u012bkstina. Arb\u016bzu ekstrakts un N\u0101ves j\u016bras miner\u0101li normaliz\u0113 pH l\u012bdzsvaru un nodro\u0161ina ilgsto\u0161u \u0101das mitrin\u0101\u0161anu, pal\u012bdz samazin\u0101t celul","breadcrumb":{"@id":"https:\/\/women.lv\/product\/arbuza-kermena-sviests\/#breadcrumb"},"inLanguage":"ru-RU","potentialAction":[{"@type":"ReadAction","target":["https:\/\/women.lv\/product\/arbuza-kermena-sviests\/"]}]},{"@type":"ImageObject","inLanguage":"ru-RU","@id":"https:\/\/women.lv\/product\/arbuza-kermena-sviests\/#primaryimage","url":"https:\/\/women.lv\/wp-content\/uploads\/nc\/catalog\/Yofing\/Body\/watermelon-whipped-body-butter.jpg","contentUrl":"https:\/\/women.lv\/wp-content\/uploads\/nc\/catalog\/Yofing\/Body\/watermelon-whipped-body-butter.jpg","width":1080,"height":1080,"caption":"Arb\u016bza \u0137erme\u0146a sviests"},{"@type":"BreadcrumbList","@id":"https:\/\/women.lv\/product\/arbuza-kermena-sviests\/#breadcrumb","itemListElement":[{"@type":"ListItem","position":1,"name":"Home","item":"https:\/\/women.lv\/"},{"@type":"ListItem","position":2,"name":"Products","item":"https:\/\/women.lv\/en\/shop\/"},{"@type":"ListItem","position":3,"name":"Arb\u016bza \u0137erme\u0146a sviests"}]},{"@type":"WebSite","@id":"https:\/\/women.lv\/#website","url":"https:\/\/women.lv\/","name":"Women Veikals","description":"Uzdr\u012bksties b\u016bt skaista","potentialAction":[{"@type":"SearchAction","target":{"@type":"EntryPoint","urlTemplate":"https:\/\/women.lv\/?s={search_term_string}"},"query-input":{"@type":"PropertyValueSpecification","valueRequired":true,"valueName":"search_term_string"}}],"inLanguage":"ru-RU"}]}},"_links":{"self":[{"href":"https:\/\/women.lv\/ru\/wp-json\/wp\/v2\/product\/28834","targetHints":{"allow":["GET"]}}],"collection":[{"href":"https:\/\/women.lv\/ru\/wp-json\/wp\/v2\/product"}],"about":[{"href":"https:\/\/women.lv\/ru\/wp-json\/wp\/v2\/types\/product"}],"replies":[{"embeddable":true,"href":"https:\/\/women.lv\/ru\/wp-json\/wp\/v2\/comments?post=28834"}],"version-history":[{"count":2,"href":"https:\/\/women.lv\/ru\/wp-json\/wp\/v2\/product\/28834\/revisions"}],"predecessor-version":[{"id":29689,"href":"https:\/\/women.lv\/ru\/wp-json\/wp\/v2\/product\/28834\/revisions\/29689"}],"wp:featuredmedia":[{"embeddable":true,"href":"https:\/\/women.lv\/ru\/wp-json\/wp\/v2\/media\/28835"}],"wp:attachment":[{"href":"https:\/\/women.lv\/ru\/wp-json\/wp\/v2\/media?parent=28834"}],"wp:term":[{"taxonomy":"product_brand","embeddable":true,"href":"https:\/\/women.lv\/ru\/wp-json\/wp\/v2\/product_brand?post=28834"},{"taxonomy":"product_cat","embeddable":true,"href":"https:\/\/women.lv\/ru\/wp-json\/wp\/v2\/product_cat?post=28834"},{"taxonomy":"product_tag","embeddable":true,"href":"https:\/\/women.lv\/ru\/wp-json\/wp\/v2\/product_tag?post=28834"}],"curies":[{"name":"wp","href":"https:\/\/api.w.org\/{rel}","templated":true}]}}