{"id":28831,"date":"2021-09-10T16:50:39","date_gmt":"2021-09-10T16:50:39","guid":{"rendered":"https:\/\/women.lv\/?product=universalais-naves-juras-dublu-krems"},"modified":"2026-03-21T11:45:59","modified_gmt":"2026-03-21T09:45:59","slug":"universalais-naves-juras-dublu-krems","status":"publish","type":"product","link":"https:\/\/women.lv\/ru\/product\/universalais-naves-juras-dublu-krems\/","title":{"rendered":"\u0423\u043d\u0438\u0432\u0435\u0440\u0441\u0430\u043b\u044c\u043d\u044b\u0439 \u043a\u0440\u0435\u043c \u0441 \u0433\u0440\u044f\u0437\u044c\u044e \u041c\u0435\u0440\u0442\u0432\u043e\u0433\u043e \u043c\u043e\u0440\u044f"},"content":{"rendered":"<p><span style=\"font-family: Helvetica;\"><span style=\"font-size: 18px;\">N\u0101ves j\u016bras dub\u013cu daudzfunkcion\u0101lais kr\u0113ms mitrina \u0101du, padarot to maig\u0101ku un elast\u012bg\u0101ku. Piepild\u012bts ar barojo\u0161\u0101m viel\u0101m un bag\u0101t\u0101m sast\u0101vda\u013c\u0101m, piem\u0113ram k\u0101, N\u0101ves j\u016bras dub\u013ciem, avokado e\u013c\u013cu un aizsarg\u0101jo\u0161o \u0161\u012b sviestu, baro \u0101du, padarot tekst\u016bru z\u012bdaini gludu. \u012apa\u0161i labs \u0137ermenim un sausai \u0101dai.<\/span><\/span><\/p>","protected":false},"excerpt":{"rendered":"<p>\u0423\u043d\u0438\u0432\u0435\u0440\u0441\u0430\u043b\u044c\u043d\u044b\u0439 \u043a\u0440\u0435\u043c \u0441 \u0433\u0440\u044f\u0437\u044c\u044e \u041c\u0435\u0440\u0442\u0432\u043e\u0433\u043e \u043c\u043e\u0440\u044f \u0443\u0432\u043b\u0430\u0436\u043d\u044f\u0435\u0442 \u043a\u043e\u0436\u0443, \u0434\u0435\u043b\u0430\u044f \u0435\u0435 \u0431\u043e\u043b\u0435\u0435 \u043c\u044f\u0433\u043a\u043e\u0439 \u0438 \u044d\u043b\u0430\u0441\u0442\u0438\u0447\u043d\u043e\u0439. \u041d\u0430\u0441\u044b\u0449\u0435\u043d \u043f\u0438\u0442\u0430\u0442\u0435\u043b\u044c\u043d\u044b\u043c\u0438 \u0432\u0435\u0449\u0435\u0441\u0442\u0432\u0430\u043c\u0438 \u0438 \u0431\u043e\u0433\u0430\u0442\u044b\u043c\u0438 \u0438\u043d\u0433\u0440\u0435\u0434\u0438\u0435\u043d\u0442\u0430\u043c\u0438, \u0442\u0430\u043a\u0438\u043c\u0438 \u043a\u0430\u043a<\/p>","protected":false},"featured_media":32027,"comment_status":"open","ping_status":"closed","template":"","meta":[],"product_brand":[],"product_cat":[2208,2216,2215],"product_tag":[3540,3542,2240,3541],"class_list":{"0":"post-28831","1":"product","2":"type-product","3":"status-publish","4":"has-post-thumbnail","6":"product_cat-kermena-kopsanas-lidzekii","7":"product_cat-kermena-mitrinasana-un-barosana","8":"product_cat-visi-produkti","9":"product_tag-dead-sea-mud-multi-purpose-cream","10":"product_tag-universalais-naves-juras-dublu-krems","11":"product_tag-yofing","12":"product_tag-3541","13":"pa_brand_nc-yofing","14":"pa_ean_nc-3539","15":"pa_ean_nc-israel","17":"first","18":"instock","19":"sale","20":"taxable","21":"shipping-taxable","22":"purchasable","23":"product-type-simple"},"yoast_head":"<!-- This site is optimized with the Yoast SEO plugin v23.9 - https:\/\/yoast.com\/wordpress\/plugins\/seo\/ -->\n<title>Univers\u0101lais N\u0101ves j\u016bras dub\u013cu kr\u0113ms<\/title>\n<meta name=\"description\" content=\"N\u0101ves j\u016bras dub\u013cu daudzfunkcion\u0101lais kr\u0113ms mitrina \u0101du, padarot to maig\u0101ku un elast\u012bg\u0101ku. Piepild\u012bts ar barojo\u0161\u0101m viel\u0101m un bag\u0101t\u0101m sast\u0101vda\u013c\u0101m, piem\u0113ram k\u0101, N\u0101ves j\u016bras dub\u013ciem, avokado e\u013c\u013cu un aizsarg\u0101jo\u0161o \u0161\u012b sviestu, baro \u0101du, padarot tekst\u016bru z\u012bdaini\" \/>\n<meta name=\"robots\" content=\"index, follow, max-snippet:-1, max-image-preview:large, max-video-preview:-1\" \/>\n<link rel=\"canonical\" href=\"https:\/\/women.lv\/ru\/product\/universalais-naves-juras-dublu-krems\/\" \/>\n<meta property=\"og:locale\" content=\"ru_RU\" \/>\n<meta property=\"og:type\" content=\"article\" \/>\n<meta property=\"og:title\" content=\"Univers\u0101lais N\u0101ves j\u016bras dub\u013cu kr\u0113ms\" \/>\n<meta property=\"og:description\" content=\"N\u0101ves j\u016bras dub\u013cu daudzfunkcion\u0101lais kr\u0113ms mitrina \u0101du, padarot to maig\u0101ku un elast\u012bg\u0101ku. Piepild\u012bts ar barojo\u0161\u0101m viel\u0101m un bag\u0101t\u0101m sast\u0101vda\u013c\u0101m, piem\u0113ram k\u0101, N\u0101ves j\u016bras dub\u013ciem, avokado e\u013c\u013cu un aizsarg\u0101jo\u0161o \u0161\u012b sviestu, baro \u0101du, padarot tekst\u016bru z\u012bdaini\" \/>\n<meta property=\"og:url\" content=\"https:\/\/women.lv\/ru\/product\/universalais-naves-juras-dublu-krems\/\" \/>\n<meta property=\"og:site_name\" content=\"Women Veikals\" \/>\n<meta property=\"article:modified_time\" content=\"2026-03-21T09:45:59+00:00\" \/>\n<meta property=\"og:image\" content=\"https:\/\/women.lv\/wp-content\/uploads\/2021\/09\/yofing_mud_cream_new_1280.webp\" \/>\n\t<meta property=\"og:image:width\" content=\"1080\" \/>\n\t<meta property=\"og:image:height\" content=\"1080\" \/>\n\t<meta property=\"og:image:type\" content=\"image\/webp\" \/>\n<meta name=\"twitter:card\" content=\"summary_large_image\" \/>\n<meta name=\"twitter:label1\" content=\"\u041f\u0440\u0438\u043c\u0435\u0440\u043d\u043e\u0435 \u0432\u0440\u0435\u043c\u044f \u0434\u043b\u044f \u0447\u0442\u0435\u043d\u0438\u044f\" \/>\n\t<meta name=\"twitter:data1\" content=\"1 \u043c\u0438\u043d\u0443\u0442\u0430\" \/>\n<script type=\"application\/ld+json\" class=\"yoast-schema-graph\">{\"@context\":\"https:\/\/schema.org\",\"@graph\":[{\"@type\":\"WebPage\",\"@id\":\"https:\/\/women.lv\/product\/universalais-naves-juras-dublu-krems\/\",\"url\":\"https:\/\/women.lv\/product\/universalais-naves-juras-dublu-krems\/\",\"name\":\"Univers\u0101lais N\u0101ves j\u016bras dub\u013cu kr\u0113ms\",\"isPartOf\":{\"@id\":\"https:\/\/women.lv\/#website\"},\"primaryImageOfPage\":{\"@id\":\"https:\/\/women.lv\/product\/universalais-naves-juras-dublu-krems\/#primaryimage\"},\"image\":{\"@id\":\"https:\/\/women.lv\/product\/universalais-naves-juras-dublu-krems\/#primaryimage\"},\"thumbnailUrl\":\"https:\/\/women.lv\/wp-content\/uploads\/2021\/09\/yofing_mud_cream_new_1280.webp\",\"datePublished\":\"2021-09-10T16:50:39+00:00\",\"dateModified\":\"2026-03-21T09:45:59+00:00\",\"description\":\"N\u0101ves j\u016bras dub\u013cu daudzfunkcion\u0101lais kr\u0113ms mitrina \u0101du, padarot to maig\u0101ku un elast\u012bg\u0101ku. Piepild\u012bts ar barojo\u0161\u0101m viel\u0101m un bag\u0101t\u0101m sast\u0101vda\u013c\u0101m, piem\u0113ram k\u0101, N\u0101ves j\u016bras dub\u013ciem, avokado e\u013c\u013cu un aizsarg\u0101jo\u0161o \u0161\u012b sviestu, baro \u0101du, padarot tekst\u016bru z\u012bdaini\",\"breadcrumb\":{\"@id\":\"https:\/\/women.lv\/product\/universalais-naves-juras-dublu-krems\/#breadcrumb\"},\"inLanguage\":\"ru-RU\",\"potentialAction\":[{\"@type\":\"ReadAction\",\"target\":[\"https:\/\/women.lv\/product\/universalais-naves-juras-dublu-krems\/\"]}]},{\"@type\":\"ImageObject\",\"inLanguage\":\"ru-RU\",\"@id\":\"https:\/\/women.lv\/product\/universalais-naves-juras-dublu-krems\/#primaryimage\",\"url\":\"https:\/\/women.lv\/wp-content\/uploads\/2021\/09\/yofing_mud_cream_new_1280.webp\",\"contentUrl\":\"https:\/\/women.lv\/wp-content\/uploads\/2021\/09\/yofing_mud_cream_new_1280.webp\",\"width\":1080,\"height\":1080},{\"@type\":\"BreadcrumbList\",\"@id\":\"https:\/\/women.lv\/product\/universalais-naves-juras-dublu-krems\/#breadcrumb\",\"itemListElement\":[{\"@type\":\"ListItem\",\"position\":1,\"name\":\"Home\",\"item\":\"https:\/\/women.lv\/\"},{\"@type\":\"ListItem\",\"position\":2,\"name\":\"Products\",\"item\":\"https:\/\/women.lv\/en\/shop\/\"},{\"@type\":\"ListItem\",\"position\":3,\"name\":\"Univers\u0101lais N\u0101ves j\u016bras dub\u013cu kr\u0113ms\"}]},{\"@type\":\"WebSite\",\"@id\":\"https:\/\/women.lv\/#website\",\"url\":\"https:\/\/women.lv\/\",\"name\":\"Women Veikals\",\"description\":\"Uzdr\u012bksties b\u016bt skaista\",\"potentialAction\":[{\"@type\":\"SearchAction\",\"target\":{\"@type\":\"EntryPoint\",\"urlTemplate\":\"https:\/\/women.lv\/?s={search_term_string}\"},\"query-input\":{\"@type\":\"PropertyValueSpecification\",\"valueRequired\":true,\"valueName\":\"search_term_string\"}}],\"inLanguage\":\"ru-RU\"}]}<\/script>\n<!-- \/ Yoast SEO plugin. -->","yoast_head_json":{"title":"Univers\u0101lais N\u0101ves j\u016bras dub\u013cu kr\u0113ms","description":"N\u0101ves j\u016bras dub\u013cu daudzfunkcion\u0101lais kr\u0113ms mitrina \u0101du, padarot to maig\u0101ku un elast\u012bg\u0101ku. Piepild\u012bts ar barojo\u0161\u0101m viel\u0101m un bag\u0101t\u0101m sast\u0101vda\u013c\u0101m, piem\u0113ram k\u0101, N\u0101ves j\u016bras dub\u013ciem, avokado e\u013c\u013cu un aizsarg\u0101jo\u0161o \u0161\u012b sviestu, baro \u0101du, padarot tekst\u016bru z\u012bdaini","robots":{"index":"index","follow":"follow","max-snippet":"max-snippet:-1","max-image-preview":"max-image-preview:large","max-video-preview":"max-video-preview:-1"},"canonical":"https:\/\/women.lv\/ru\/product\/universalais-naves-juras-dublu-krems\/","og_locale":"ru_RU","og_type":"article","og_title":"Univers\u0101lais N\u0101ves j\u016bras dub\u013cu kr\u0113ms","og_description":"N\u0101ves j\u016bras dub\u013cu daudzfunkcion\u0101lais kr\u0113ms mitrina \u0101du, padarot to maig\u0101ku un elast\u012bg\u0101ku. Piepild\u012bts ar barojo\u0161\u0101m viel\u0101m un bag\u0101t\u0101m sast\u0101vda\u013c\u0101m, piem\u0113ram k\u0101, N\u0101ves j\u016bras dub\u013ciem, avokado e\u013c\u013cu un aizsarg\u0101jo\u0161o \u0161\u012b sviestu, baro \u0101du, padarot tekst\u016bru z\u012bdaini","og_url":"https:\/\/women.lv\/ru\/product\/universalais-naves-juras-dublu-krems\/","og_site_name":"Women Veikals","article_modified_time":"2026-03-21T09:45:59+00:00","og_image":[{"width":1080,"height":1080,"url":"https:\/\/women.lv\/wp-content\/uploads\/2021\/09\/yofing_mud_cream_new_1280.webp","type":"image\/webp"}],"twitter_card":"summary_large_image","twitter_misc":{"\u041f\u0440\u0438\u043c\u0435\u0440\u043d\u043e\u0435 \u0432\u0440\u0435\u043c\u044f \u0434\u043b\u044f \u0447\u0442\u0435\u043d\u0438\u044f":"1 \u043c\u0438\u043d\u0443\u0442\u0430"},"schema":{"@context":"https:\/\/schema.org","@graph":[{"@type":"WebPage","@id":"https:\/\/women.lv\/product\/universalais-naves-juras-dublu-krems\/","url":"https:\/\/women.lv\/product\/universalais-naves-juras-dublu-krems\/","name":"Univers\u0101lais N\u0101ves j\u016bras dub\u013cu kr\u0113ms","isPartOf":{"@id":"https:\/\/women.lv\/#website"},"primaryImageOfPage":{"@id":"https:\/\/women.lv\/product\/universalais-naves-juras-dublu-krems\/#primaryimage"},"image":{"@id":"https:\/\/women.lv\/product\/universalais-naves-juras-dublu-krems\/#primaryimage"},"thumbnailUrl":"https:\/\/women.lv\/wp-content\/uploads\/2021\/09\/yofing_mud_cream_new_1280.webp","datePublished":"2021-09-10T16:50:39+00:00","dateModified":"2026-03-21T09:45:59+00:00","description":"N\u0101ves j\u016bras dub\u013cu daudzfunkcion\u0101lais kr\u0113ms mitrina \u0101du, padarot to maig\u0101ku un elast\u012bg\u0101ku. Piepild\u012bts ar barojo\u0161\u0101m viel\u0101m un bag\u0101t\u0101m sast\u0101vda\u013c\u0101m, piem\u0113ram k\u0101, N\u0101ves j\u016bras dub\u013ciem, avokado e\u013c\u013cu un aizsarg\u0101jo\u0161o \u0161\u012b sviestu, baro \u0101du, padarot tekst\u016bru z\u012bdaini","breadcrumb":{"@id":"https:\/\/women.lv\/product\/universalais-naves-juras-dublu-krems\/#breadcrumb"},"inLanguage":"ru-RU","potentialAction":[{"@type":"ReadAction","target":["https:\/\/women.lv\/product\/universalais-naves-juras-dublu-krems\/"]}]},{"@type":"ImageObject","inLanguage":"ru-RU","@id":"https:\/\/women.lv\/product\/universalais-naves-juras-dublu-krems\/#primaryimage","url":"https:\/\/women.lv\/wp-content\/uploads\/2021\/09\/yofing_mud_cream_new_1280.webp","contentUrl":"https:\/\/women.lv\/wp-content\/uploads\/2021\/09\/yofing_mud_cream_new_1280.webp","width":1080,"height":1080},{"@type":"BreadcrumbList","@id":"https:\/\/women.lv\/product\/universalais-naves-juras-dublu-krems\/#breadcrumb","itemListElement":[{"@type":"ListItem","position":1,"name":"Home","item":"https:\/\/women.lv\/"},{"@type":"ListItem","position":2,"name":"Products","item":"https:\/\/women.lv\/en\/shop\/"},{"@type":"ListItem","position":3,"name":"Univers\u0101lais N\u0101ves j\u016bras dub\u013cu kr\u0113ms"}]},{"@type":"WebSite","@id":"https:\/\/women.lv\/#website","url":"https:\/\/women.lv\/","name":"Women Veikals","description":"Uzdr\u012bksties b\u016bt skaista","potentialAction":[{"@type":"SearchAction","target":{"@type":"EntryPoint","urlTemplate":"https:\/\/women.lv\/?s={search_term_string}"},"query-input":{"@type":"PropertyValueSpecification","valueRequired":true,"valueName":"search_term_string"}}],"inLanguage":"ru-RU"}]}},"_links":{"self":[{"href":"https:\/\/women.lv\/ru\/wp-json\/wp\/v2\/product\/28831","targetHints":{"allow":["GET"]}}],"collection":[{"href":"https:\/\/women.lv\/ru\/wp-json\/wp\/v2\/product"}],"about":[{"href":"https:\/\/women.lv\/ru\/wp-json\/wp\/v2\/types\/product"}],"replies":[{"embeddable":true,"href":"https:\/\/women.lv\/ru\/wp-json\/wp\/v2\/comments?post=28831"}],"version-history":[{"count":1,"href":"https:\/\/women.lv\/ru\/wp-json\/wp\/v2\/product\/28831\/revisions"}],"predecessor-version":[{"id":29690,"href":"https:\/\/women.lv\/ru\/wp-json\/wp\/v2\/product\/28831\/revisions\/29690"}],"wp:featuredmedia":[{"embeddable":true,"href":"https:\/\/women.lv\/ru\/wp-json\/wp\/v2\/media\/32027"}],"wp:attachment":[{"href":"https:\/\/women.lv\/ru\/wp-json\/wp\/v2\/media?parent=28831"}],"wp:term":[{"taxonomy":"product_brand","embeddable":true,"href":"https:\/\/women.lv\/ru\/wp-json\/wp\/v2\/product_brand?post=28831"},{"taxonomy":"product_cat","embeddable":true,"href":"https:\/\/women.lv\/ru\/wp-json\/wp\/v2\/product_cat?post=28831"},{"taxonomy":"product_tag","embeddable":true,"href":"https:\/\/women.lv\/ru\/wp-json\/wp\/v2\/product_tag?post=28831"}],"curies":[{"name":"wp","href":"https:\/\/api.w.org\/{rel}","templated":true}]}}