{"id":28828,"date":"2021-09-10T16:09:30","date_gmt":"2021-09-10T16:09:30","guid":{"rendered":"https:\/\/women.lv\/?product=kermena-pilings-ar-naves-juras-sali"},"modified":"2026-03-21T11:46:13","modified_gmt":"2026-03-21T09:46:13","slug":"kermena-pilings-ar-naves-juras-sali","status":"publish","type":"product","link":"https:\/\/women.lv\/ru\/product\/kermena-pilings-ar-naves-juras-sali\/","title":{"rendered":"\u041f\u0438\u043b\u0438\u043d\u0433 \u0442\u0435\u043b\u0430 \u0441 \u0441\u043e\u043b\u044c\u044e \u041c\u0435\u0440\u0442\u0432\u043e\u0433\u043e \u043c\u043e\u0440\u044f"},"content":{"rendered":"<p><span style=\"font-family: Helvetica;\"><span style=\"font-size: 18px;\">\u041e\u0442\u0448\u0435\u043b\u0443\u0448\u0438\u0432\u0430\u044e\u0449\u0438\u0439 \u0441\u043e\u0440\u0431\u0435\u0442 \u0434\u043b\u044f \u0442\u0435\u043b\u0430 \u0441 \u0441\u043e\u043b\u044c\u044e \u041c\u0435\u0440\u0442\u0432\u043e\u0433\u043e \u043c\u043e\u0440\u044f \u0441\u043f\u0435\u0446\u0438\u0430\u043b\u044c\u043d\u043e \u0440\u0430\u0437\u0440\u0430\u0431\u043e\u0442\u0430\u043d \u0434\u043b\u044f \u043c\u044f\u0433\u043a\u043e\u0433\u043e \u0443\u0434\u0430\u043b\u0435\u043d\u0438\u044f \u043e\u043c\u0435\u0440\u0442\u0432\u0435\u0432\u0448\u0438\u0445 \u043a\u043b\u0435\u0442\u043e\u043a \u0438 \u043e\u0447\u0438\u0449\u0435\u043d\u0438\u044f \u043a\u043e\u0436\u0438. \u0427\u0438\u0441\u0442\u044b\u0435 \u043c\u0438\u043d\u0435\u0440\u0430\u043b\u044b \u041c\u0435\u0440\u0442\u0432\u043e\u0433\u043e \u043c\u043e\u0440\u044f \u0438 \u044d\u043a\u0441\u0442\u0440\u0430\u043a\u0442 \u0430\u043b\u043e\u044d \u0432\u0435\u0440\u0430 \u043f\u043e\u043c\u043e\u0433\u0430\u044e\u0442 \u0434\u0435\u0442\u043e\u043a\u0441\u0438\u043a\u0430\u0446\u0438\u0438 \u043a\u043e\u0436\u0438, \u0431\u0430\u043b\u0430\u043d\u0441\u0438\u0440\u0443\u044f \u0443\u0440\u043e\u0432\u0435\u043d\u044c pH \u0432 \u043e\u0440\u0433\u0430\u043d\u0438\u0437\u043c\u0435. \u041d\u0430\u0442\u0443\u0440\u0430\u043b\u044c\u043d\u043e\u0435 \u043c\u0430\u0441\u043b\u043e \u0430\u0432\u043e\u043a\u0430\u0434\u043e, \u043a\u043e\u043a\u043e\u0441\u043e\u0432\u043e\u0435 \u043c\u0430\u0441\u043b\u043e \u0438 \u043c\u0430\u0441\u043b\u043e \u0448\u0438 \u043f\u0438\u0442\u0430\u044e\u0442 \u0438 \u0443\u0432\u043b\u0430\u0436\u043d\u044f\u044e\u0442, \u0434\u0435\u043b\u0430\u044f \u043a\u043e\u0436\u0443 \u043e\u0441\u043e\u0431\u0435\u043d\u043d\u043e \u0448\u0435\u043b\u043a\u043e\u0432\u0438\u0441\u0442\u043e\u0439, \u0433\u043b\u0430\u0434\u043a\u043e\u0439 \u0438 \u043c\u044f\u0433\u043a\u043e\u0439.<\/span><\/span><\/p>\n<ul>\n<li><span style=\"font-family: Helvetica;\"><span style=\"font-size: 18px;\">\u043f\u0438\u043b\u0438\u043d\u0433,<\/span><\/span><\/li>\n<li><span style=\"font-family: Helvetica;\"><span style=\"font-size: 18px;\">\u0447\u0438\u0441\u0442\u044b\u0439,<\/span><\/span><\/li>\n<li><span style=\"font-family: Helvetica;\"><span style=\"font-size: 18px;\">\u043a\u043e\u0440\u043c\u0438\u0442\u044c,<\/span><\/span><\/li>\n<li><span style=\"font-family: Helvetica;\"><span style=\"font-size: 18px;\"><span style=\"font-size: 18px;\">\u0423\u0432\u043b\u0430\u0436\u043d\u044f\u0435\u0442.<\/span><\/span>\u00a0<\/span><\/li>\n<\/ul>","protected":false},"excerpt":{"rendered":"<p>\u041e\u0442\u0448\u0435\u043b\u0443\u0448\u0438\u0432\u0430\u044e\u0449\u0438\u0439 \u0441\u043e\u0440\u0431\u0435\u0442 \u0434\u043b\u044f \u0442\u0435\u043b\u0430 \u0441 \u0441\u043e\u043b\u044c\u044e \u041c\u0435\u0440\u0442\u0432\u043e\u0433\u043e \u043c\u043e\u0440\u044f \u0441\u043f\u0435\u0446\u0438\u0430\u043b\u044c\u043d\u043e \u0440\u0430\u0437\u0440\u0430\u0431\u043e\u0442\u0430\u043d \u0434\u043b\u044f \u043c\u044f\u0433\u043a\u043e\u0433\u043e \u0443\u0434\u0430\u043b\u0435\u043d\u0438\u044f \u043e\u043c\u0435\u0440\u0442\u0432\u0435\u0432\u0448\u0438\u0445 \u043a\u043b\u0435\u0442\u043e\u043a \u0438 \u043e\u0447\u0438\u0449\u0435\u043d\u0438\u044f \u043a\u043e\u0436\u0438. \u0427\u0438\u0441\u0442\u043e \u041c\u0435\u0440\u0442\u0432\u043e\u0435 \u043c\u043e\u0440\u0435<\/p>","protected":false},"featured_media":28829,"comment_status":"open","ping_status":"closed","template":"","meta":[],"product_brand":[],"product_cat":[2208,2209,2215],"product_tag":[3536,3538,2240,3537],"class_list":{"0":"post-28828","1":"product","2":"type-product","3":"status-publish","4":"has-post-thumbnail","6":"product_cat-kermena-kopsanas-lidzekii","7":"product_cat-mazgasana-un-attirisana","8":"product_cat-visi-produkti","9":"product_tag-dead-sea-salt-body-peeling-sorbet","10":"product_tag-kermena-pilings-ar-naves-juras-sali","11":"product_tag-yofing","12":"product_tag-3537","13":"pa_brand_nc-yofing","14":"pa_ean_nc-3535","15":"pa_ean_nc-israel","17":"first","18":"instock","19":"sale","20":"taxable","21":"shipping-taxable","22":"purchasable","23":"product-type-simple"},"yoast_head":"<!-- This site is optimized with the Yoast SEO plugin v23.9 - https:\/\/yoast.com\/wordpress\/plugins\/seo\/ -->\n<title>\u0136erme\u0146a p\u012blings ar N\u0101ves J\u016bras s\u0101li<\/title>\n<meta name=\"description\" content=\"N\u0101ves J\u016bras s\u0101ls \u0137erme\u0146a p\u012blinga sorbets ir \u012bpa\u0161i izstr\u0101d\u0101ts, lai maigi no\u0146emtu atmiru\u0161\u0101s \u0161\u016bnas un att\u012br\u012btu \u0101du. T\u012bri N\u0101ves J\u016bras miner\u0101li un alvejas ekstrakts pal\u012bdz detoksic\u0113t \u0101du, l\u012bdzsvarojot pH l\u012bmeni organism\u0101. Dabisk\u0101 avokado e\u013c\u013ca, kokosriekstu e\u013c\u013c\" \/>\n<meta name=\"robots\" content=\"index, follow, max-snippet:-1, max-image-preview:large, max-video-preview:-1\" \/>\n<link rel=\"canonical\" href=\"https:\/\/women.lv\/ru\/product\/kermena-pilings-ar-naves-juras-sali\/\" \/>\n<meta property=\"og:locale\" content=\"ru_RU\" \/>\n<meta property=\"og:type\" content=\"article\" \/>\n<meta property=\"og:title\" content=\"\u0136erme\u0146a p\u012blings ar N\u0101ves J\u016bras s\u0101li\" \/>\n<meta property=\"og:description\" content=\"N\u0101ves J\u016bras s\u0101ls \u0137erme\u0146a p\u012blinga sorbets ir \u012bpa\u0161i izstr\u0101d\u0101ts, lai maigi no\u0146emtu atmiru\u0161\u0101s \u0161\u016bnas un att\u012br\u012btu \u0101du. T\u012bri N\u0101ves J\u016bras miner\u0101li un alvejas ekstrakts pal\u012bdz detoksic\u0113t \u0101du, l\u012bdzsvarojot pH l\u012bmeni organism\u0101. Dabisk\u0101 avokado e\u013c\u013ca, kokosriekstu e\u013c\u013c\" \/>\n<meta property=\"og:url\" content=\"https:\/\/women.lv\/ru\/product\/kermena-pilings-ar-naves-juras-sali\/\" \/>\n<meta property=\"og:site_name\" content=\"Women Veikals\" \/>\n<meta property=\"article:modified_time\" content=\"2026-03-21T09:46:13+00:00\" \/>\n<meta property=\"og:image\" content=\"https:\/\/women.lv\/wp-content\/uploads\/nc\/catalog\/Yofing\/Body\/dead-sea-salt-body-peeling-sorbet-with-aloe-vera-extract.PNG\" \/>\n\t<meta property=\"og:image:width\" content=\"618\" \/>\n\t<meta property=\"og:image:height\" content=\"618\" \/>\n\t<meta property=\"og:image:type\" content=\"image\/png\" \/>\n<meta name=\"twitter:card\" content=\"summary_large_image\" \/>\n<meta name=\"twitter:label1\" content=\"\u041f\u0440\u0438\u043c\u0435\u0440\u043d\u043e\u0435 \u0432\u0440\u0435\u043c\u044f \u0434\u043b\u044f \u0447\u0442\u0435\u043d\u0438\u044f\" \/>\n\t<meta name=\"twitter:data1\" content=\"1 \u043c\u0438\u043d\u0443\u0442\u0430\" \/>\n<script type=\"application\/ld+json\" class=\"yoast-schema-graph\">{\"@context\":\"https:\/\/schema.org\",\"@graph\":[{\"@type\":\"WebPage\",\"@id\":\"https:\/\/women.lv\/product\/kermena-pilings-ar-naves-juras-sali\/\",\"url\":\"https:\/\/women.lv\/product\/kermena-pilings-ar-naves-juras-sali\/\",\"name\":\"\u0136erme\u0146a p\u012blings ar N\u0101ves J\u016bras s\u0101li\",\"isPartOf\":{\"@id\":\"https:\/\/women.lv\/#website\"},\"primaryImageOfPage\":{\"@id\":\"https:\/\/women.lv\/product\/kermena-pilings-ar-naves-juras-sali\/#primaryimage\"},\"image\":{\"@id\":\"https:\/\/women.lv\/product\/kermena-pilings-ar-naves-juras-sali\/#primaryimage\"},\"thumbnailUrl\":\"https:\/\/women.lv\/wp-content\/uploads\/nc\/catalog\/Yofing\/Body\/dead-sea-salt-body-peeling-sorbet-with-aloe-vera-extract.PNG\",\"datePublished\":\"2021-09-10T16:09:30+00:00\",\"dateModified\":\"2026-03-21T09:46:13+00:00\",\"description\":\"N\u0101ves J\u016bras s\u0101ls \u0137erme\u0146a p\u012blinga sorbets ir \u012bpa\u0161i izstr\u0101d\u0101ts, lai maigi no\u0146emtu atmiru\u0161\u0101s \u0161\u016bnas un att\u012br\u012btu \u0101du. T\u012bri N\u0101ves J\u016bras miner\u0101li un alvejas ekstrakts pal\u012bdz detoksic\u0113t \u0101du, l\u012bdzsvarojot pH l\u012bmeni organism\u0101. Dabisk\u0101 avokado e\u013c\u013ca, kokosriekstu e\u013c\u013c\",\"breadcrumb\":{\"@id\":\"https:\/\/women.lv\/product\/kermena-pilings-ar-naves-juras-sali\/#breadcrumb\"},\"inLanguage\":\"ru-RU\",\"potentialAction\":[{\"@type\":\"ReadAction\",\"target\":[\"https:\/\/women.lv\/product\/kermena-pilings-ar-naves-juras-sali\/\"]}]},{\"@type\":\"ImageObject\",\"inLanguage\":\"ru-RU\",\"@id\":\"https:\/\/women.lv\/product\/kermena-pilings-ar-naves-juras-sali\/#primaryimage\",\"url\":\"https:\/\/women.lv\/wp-content\/uploads\/nc\/catalog\/Yofing\/Body\/dead-sea-salt-body-peeling-sorbet-with-aloe-vera-extract.PNG\",\"contentUrl\":\"https:\/\/women.lv\/wp-content\/uploads\/nc\/catalog\/Yofing\/Body\/dead-sea-salt-body-peeling-sorbet-with-aloe-vera-extract.PNG\",\"width\":618,\"height\":618,\"caption\":\"\u0136erme\u0146a p\u012blings ar N\u0101ves J\u016bras s\u0101li\"},{\"@type\":\"BreadcrumbList\",\"@id\":\"https:\/\/women.lv\/product\/kermena-pilings-ar-naves-juras-sali\/#breadcrumb\",\"itemListElement\":[{\"@type\":\"ListItem\",\"position\":1,\"name\":\"Home\",\"item\":\"https:\/\/women.lv\/\"},{\"@type\":\"ListItem\",\"position\":2,\"name\":\"Products\",\"item\":\"https:\/\/women.lv\/en\/shop\/\"},{\"@type\":\"ListItem\",\"position\":3,\"name\":\"\u0136erme\u0146a p\u012blings ar N\u0101ves J\u016bras s\u0101li\"}]},{\"@type\":\"WebSite\",\"@id\":\"https:\/\/women.lv\/#website\",\"url\":\"https:\/\/women.lv\/\",\"name\":\"Women Veikals\",\"description\":\"Uzdr\u012bksties b\u016bt skaista\",\"potentialAction\":[{\"@type\":\"SearchAction\",\"target\":{\"@type\":\"EntryPoint\",\"urlTemplate\":\"https:\/\/women.lv\/?s={search_term_string}\"},\"query-input\":{\"@type\":\"PropertyValueSpecification\",\"valueRequired\":true,\"valueName\":\"search_term_string\"}}],\"inLanguage\":\"ru-RU\"}]}<\/script>\n<!-- \/ Yoast SEO plugin. -->","yoast_head_json":{"title":"\u0136erme\u0146a p\u012blings ar N\u0101ves J\u016bras s\u0101li","description":"N\u0101ves J\u016bras s\u0101ls \u0137erme\u0146a p\u012blinga sorbets ir \u012bpa\u0161i izstr\u0101d\u0101ts, lai maigi no\u0146emtu atmiru\u0161\u0101s \u0161\u016bnas un att\u012br\u012btu \u0101du. T\u012bri N\u0101ves J\u016bras miner\u0101li un alvejas ekstrakts pal\u012bdz detoksic\u0113t \u0101du, l\u012bdzsvarojot pH l\u012bmeni organism\u0101. Dabisk\u0101 avokado e\u013c\u013ca, kokosriekstu e\u013c\u013c","robots":{"index":"index","follow":"follow","max-snippet":"max-snippet:-1","max-image-preview":"max-image-preview:large","max-video-preview":"max-video-preview:-1"},"canonical":"https:\/\/women.lv\/ru\/product\/kermena-pilings-ar-naves-juras-sali\/","og_locale":"ru_RU","og_type":"article","og_title":"\u0136erme\u0146a p\u012blings ar N\u0101ves J\u016bras s\u0101li","og_description":"N\u0101ves J\u016bras s\u0101ls \u0137erme\u0146a p\u012blinga sorbets ir \u012bpa\u0161i izstr\u0101d\u0101ts, lai maigi no\u0146emtu atmiru\u0161\u0101s \u0161\u016bnas un att\u012br\u012btu \u0101du. T\u012bri N\u0101ves J\u016bras miner\u0101li un alvejas ekstrakts pal\u012bdz detoksic\u0113t \u0101du, l\u012bdzsvarojot pH l\u012bmeni organism\u0101. Dabisk\u0101 avokado e\u013c\u013ca, kokosriekstu e\u013c\u013c","og_url":"https:\/\/women.lv\/ru\/product\/kermena-pilings-ar-naves-juras-sali\/","og_site_name":"Women Veikals","article_modified_time":"2026-03-21T09:46:13+00:00","og_image":[{"width":618,"height":618,"url":"https:\/\/women.lv\/wp-content\/uploads\/nc\/catalog\/Yofing\/Body\/dead-sea-salt-body-peeling-sorbet-with-aloe-vera-extract.PNG","type":"image\/png"}],"twitter_card":"summary_large_image","twitter_misc":{"\u041f\u0440\u0438\u043c\u0435\u0440\u043d\u043e\u0435 \u0432\u0440\u0435\u043c\u044f \u0434\u043b\u044f \u0447\u0442\u0435\u043d\u0438\u044f":"1 \u043c\u0438\u043d\u0443\u0442\u0430"},"schema":{"@context":"https:\/\/schema.org","@graph":[{"@type":"WebPage","@id":"https:\/\/women.lv\/product\/kermena-pilings-ar-naves-juras-sali\/","url":"https:\/\/women.lv\/product\/kermena-pilings-ar-naves-juras-sali\/","name":"\u0136erme\u0146a p\u012blings ar N\u0101ves J\u016bras s\u0101li","isPartOf":{"@id":"https:\/\/women.lv\/#website"},"primaryImageOfPage":{"@id":"https:\/\/women.lv\/product\/kermena-pilings-ar-naves-juras-sali\/#primaryimage"},"image":{"@id":"https:\/\/women.lv\/product\/kermena-pilings-ar-naves-juras-sali\/#primaryimage"},"thumbnailUrl":"https:\/\/women.lv\/wp-content\/uploads\/nc\/catalog\/Yofing\/Body\/dead-sea-salt-body-peeling-sorbet-with-aloe-vera-extract.PNG","datePublished":"2021-09-10T16:09:30+00:00","dateModified":"2026-03-21T09:46:13+00:00","description":"N\u0101ves J\u016bras s\u0101ls \u0137erme\u0146a p\u012blinga sorbets ir \u012bpa\u0161i izstr\u0101d\u0101ts, lai maigi no\u0146emtu atmiru\u0161\u0101s \u0161\u016bnas un att\u012br\u012btu \u0101du. T\u012bri N\u0101ves J\u016bras miner\u0101li un alvejas ekstrakts pal\u012bdz detoksic\u0113t \u0101du, l\u012bdzsvarojot pH l\u012bmeni organism\u0101. Dabisk\u0101 avokado e\u013c\u013ca, kokosriekstu e\u013c\u013c","breadcrumb":{"@id":"https:\/\/women.lv\/product\/kermena-pilings-ar-naves-juras-sali\/#breadcrumb"},"inLanguage":"ru-RU","potentialAction":[{"@type":"ReadAction","target":["https:\/\/women.lv\/product\/kermena-pilings-ar-naves-juras-sali\/"]}]},{"@type":"ImageObject","inLanguage":"ru-RU","@id":"https:\/\/women.lv\/product\/kermena-pilings-ar-naves-juras-sali\/#primaryimage","url":"https:\/\/women.lv\/wp-content\/uploads\/nc\/catalog\/Yofing\/Body\/dead-sea-salt-body-peeling-sorbet-with-aloe-vera-extract.PNG","contentUrl":"https:\/\/women.lv\/wp-content\/uploads\/nc\/catalog\/Yofing\/Body\/dead-sea-salt-body-peeling-sorbet-with-aloe-vera-extract.PNG","width":618,"height":618,"caption":"\u0136erme\u0146a p\u012blings ar N\u0101ves J\u016bras s\u0101li"},{"@type":"BreadcrumbList","@id":"https:\/\/women.lv\/product\/kermena-pilings-ar-naves-juras-sali\/#breadcrumb","itemListElement":[{"@type":"ListItem","position":1,"name":"Home","item":"https:\/\/women.lv\/"},{"@type":"ListItem","position":2,"name":"Products","item":"https:\/\/women.lv\/en\/shop\/"},{"@type":"ListItem","position":3,"name":"\u0136erme\u0146a p\u012blings ar N\u0101ves J\u016bras s\u0101li"}]},{"@type":"WebSite","@id":"https:\/\/women.lv\/#website","url":"https:\/\/women.lv\/","name":"Women Veikals","description":"Uzdr\u012bksties b\u016bt skaista","potentialAction":[{"@type":"SearchAction","target":{"@type":"EntryPoint","urlTemplate":"https:\/\/women.lv\/?s={search_term_string}"},"query-input":{"@type":"PropertyValueSpecification","valueRequired":true,"valueName":"search_term_string"}}],"inLanguage":"ru-RU"}]}},"_links":{"self":[{"href":"https:\/\/women.lv\/ru\/wp-json\/wp\/v2\/product\/28828","targetHints":{"allow":["GET"]}}],"collection":[{"href":"https:\/\/women.lv\/ru\/wp-json\/wp\/v2\/product"}],"about":[{"href":"https:\/\/women.lv\/ru\/wp-json\/wp\/v2\/types\/product"}],"replies":[{"embeddable":true,"href":"https:\/\/women.lv\/ru\/wp-json\/wp\/v2\/comments?post=28828"}],"version-history":[{"count":2,"href":"https:\/\/women.lv\/ru\/wp-json\/wp\/v2\/product\/28828\/revisions"}],"predecessor-version":[{"id":29692,"href":"https:\/\/women.lv\/ru\/wp-json\/wp\/v2\/product\/28828\/revisions\/29692"}],"wp:featuredmedia":[{"embeddable":true,"href":"https:\/\/women.lv\/ru\/wp-json\/wp\/v2\/media\/28829"}],"wp:attachment":[{"href":"https:\/\/women.lv\/ru\/wp-json\/wp\/v2\/media?parent=28828"}],"wp:term":[{"taxonomy":"product_brand","embeddable":true,"href":"https:\/\/women.lv\/ru\/wp-json\/wp\/v2\/product_brand?post=28828"},{"taxonomy":"product_cat","embeddable":true,"href":"https:\/\/women.lv\/ru\/wp-json\/wp\/v2\/product_cat?post=28828"},{"taxonomy":"product_tag","embeddable":true,"href":"https:\/\/women.lv\/ru\/wp-json\/wp\/v2\/product_tag?post=28828"}],"curies":[{"name":"wp","href":"https:\/\/api.w.org\/{rel}","templated":true}]}}