{"id":28819,"date":"2021-04-16T11:27:08","date_gmt":"2021-04-16T11:27:08","guid":{"rendered":"https:\/\/women.lv\/?product=prickly-pear-mitrinoss-sampuns-superfood"},"modified":"2026-03-21T11:47:20","modified_gmt":"2026-03-21T09:47:20","slug":"prickly-pear-mitrinoss-sampuns","status":"publish","type":"product","link":"https:\/\/women.lv\/ru\/product\/prickly-pear-mitrinoss-sampuns\/","title":{"rendered":"\u0428\u0430\u043c\u043f\u0443\u043d\u044c \u0443\u0432\u043b\u0430\u0436\u043d\u044f\u044e\u0449\u0438\u0439 \u00ab\u041a\u043e\u043b\u044e\u0447\u0430\u044f \u0433\u0440\u0443\u0448\u0430\u00bb \u2013 Superfood"},"content":{"rendered":"<p><span style=\"font-family: Helvetica;\"><span style=\"font-size: 18px;\">Prickly Pear \u0161amp\u016bns <b>atdz\u012bvin\u0101s<\/b> <b>j\u016bsu matus<\/b>, s\u0101kot no sakn\u0113m l\u012bdz matu galiem, ar veg\u0101nu e\u013c\u013cu un augu ekstraktu mais\u012bjumiem. M\u016bsu unik\u0101l\u0101 formula ir uzl\u0101d\u0113ta ar dabas sp\u0113c\u012bg\u0101kaj\u0101m sast\u0101vda\u013c\u0101m, lai ieg\u016btu redzamus rezult\u0101tus.<\/span><\/span><\/p>\n<p><span style=\"font-family: Helvetica;\"><span style=\"font-size: 18px;\">\u041a\u0430\u043a\u0442\u0443\u0441 \u043e\u043f\u0443\u043d\u0446\u0438\u044f \u043c\u043e\u0436\u0435\u0442 \u0436\u0438\u0442\u044c \u0433\u043e\u0434\u0430\u043c\u0438 \u0431\u0435\u0437 \u0432\u043b\u0430\u0433\u0438 \u0438 \u043e\u0436\u0438\u0432\u0430\u0435\u0442 \u0441 \u043f\u043e\u043c\u043e\u0449\u044c\u044e \u0432\u0441\u0435\u0433\u043e \u043b\u0438\u0448\u044c \u043a\u0430\u043f\u043b\u0438 \u0432\u043e\u0434\u044b. \u042d\u0442\u043e\u0442 \u0444\u0440\u0443\u043a\u0442 \u043f\u0443\u0441\u0442\u044b\u043d\u0438 \u2014 \u043d\u0430\u0441\u0442\u043e\u044f\u0449\u0435\u0435 \u0441\u0443\u043f\u0435\u0440\u0440\u0430\u0441\u0442\u0435\u043d\u0438\u0435, \u0431\u043e\u0433\u0430\u0442\u043e\u0435 \u0432\u0438\u0442\u0430\u043c\u0438\u043d\u0430\u043c\u0438 \u0438 \u043d\u0430\u0442\u0443\u0440\u0430\u043b\u044c\u043d\u044b\u043c\u0438 \u0431\u0435\u043b\u043a\u0430\u043c\u0438, \u0430\u043c\u0438\u043d\u043e\u043a\u0438\u0441\u043b\u043e\u0442\u0430\u043c\u0438, \u0430\u043d\u0442\u0438\u043e\u043a\u0441\u0438\u0434\u0430\u043d\u0442\u0430\u043c\u0438 \u0438 \u0431\u0435\u043b\u043a\u0430\u043c\u0438. \u0415\u0433\u043e \u0441\u0435\u043c\u0435\u043d\u0430 \u043f\u0440\u043e\u0438\u0437\u0432\u043e\u0434\u044f\u0442 \u043e\u043c\u043e\u043b\u0430\u0436\u0438\u0432\u0430\u044e\u0449\u0438\u0435 \u043c\u0430\u0441\u043b\u0430, \u043a\u043e\u0442\u043e\u0440\u044b\u0435 <b>dzi\u013ci kondicion\u0113<\/b> \u0438 <b>aizsarg\u0101 matus<\/b>.<\/span><\/span><\/p>\n<p><span style=\"font-family: Helvetica;\"><span style=\"font-size: 18px;\">B5 vitam\u012bns pie\u0161\u0137ir <b>apjomu<\/b> \u0438 <b>sp\u012bdumu<\/b>, nov\u0113r\u0161ot matu boj\u0101jumus un aizsarg\u0101jot no vides kait\u012bg\u0101s ietekmes, k\u0101 ar\u012b uzlabojot to tekst\u016bru.<\/span><\/span><\/p>\n<ul>\n<li><span style=\"font-family: Helvetica;\"><span style=\"font-size: 18px;\">\u041d\u0435 \u0441\u043e\u0434\u0435\u0440\u0436\u0438\u0442 SLS \u0438 \u043f\u0430\u0440\u0430\u0431\u0435\u043d\u043e\u0432, \u0438\u0437\u0433\u043e\u0442\u043e\u0432\u043b\u0435\u043d \u0431\u0435\u0437 \u0436\u0435\u0441\u0442\u043e\u043a\u043e\u0433\u043e \u043e\u0431\u0440\u0430\u0449\u0435\u043d\u0438\u044f \u0441 \u043e\u043a\u0440\u0443\u0436\u0430\u044e\u0449\u0435\u0439 \u0441\u0440\u0435\u0434\u043e\u0439, \u043d\u0438\u043a\u043e\u0433\u0434\u0430 \u043d\u0435 \u0442\u0435\u0441\u0442\u0438\u0440\u043e\u0432\u0430\u043b\u0441\u044f \u043d\u0430 \u0436\u0438\u0432\u043e\u0442\u043d\u044b\u0445.<\/span><\/span><\/li>\n<\/ul>","protected":false},"excerpt":{"rendered":"<p>\u0428\u0430\u043c\u043f\u0443\u043d\u044c \u00ab\u041a\u043e\u043b\u044e\u0447\u0430\u044f \u0433\u0440\u0443\u0448\u0430\u00bb \u043e\u0436\u0438\u0432\u0438\u0442 \u0432\u0430\u0448\u0438 \u0432\u043e\u043b\u043e\u0441\u044b \u043e\u0442 \u043a\u043e\u0440\u043d\u0435\u0439 \u0434\u043e \u043a\u043e\u043d\u0447\u0438\u043a\u043e\u0432 \u0441 \u043f\u043e\u043c\u043e\u0449\u044c\u044e \u0441\u043c\u0435\u0441\u0438 \u0440\u0430\u0441\u0442\u0438\u0442\u0435\u043b\u044c\u043d\u044b\u0445 \u043c\u0430\u0441\u0435\u043b \u0438 \u044d\u043a\u0441\u0442\u0440\u0430\u043a\u0442\u043e\u0432 \u0442\u0440\u0430\u0432. \u041d\u0430\u0448<\/p>","protected":false},"featured_media":28820,"comment_status":"open","ping_status":"closed","template":"","meta":[],"product_brand":[],"product_cat":[2204,2206,2215],"product_tag":[3520,2244,2243,3522,3510,3509,3513,3517,3516,3518,2245,3521],"class_list":{"0":"post-28819","1":"product","2":"type-product","3":"status-publish","4":"has-post-thumbnail","6":"product_cat-matu-kopsanas-lidzekli","7":"product_cat-sampuni","8":"product_cat-visi-produkti","9":"product_tag-hydrating-shampoo","10":"product_tag-israel","11":"product_tag-izraela","12":"product_tag-mitrinoss-sampuns","13":"product_tag-prickly-pear","14":"product_tag-schwartz","15":"product_tag-superfood","16":"product_tag-vegan","17":"product_tag-vegans","18":"product_tag-3518","19":"product_tag-2245","20":"product_tag-3521","21":"pa_brand_nc-schwartz","22":"pa_ean_nc-3519","23":"pa_ean_nc-israel","25":"first","26":"instock","27":"sale","28":"taxable","29":"shipping-taxable","30":"purchasable","31":"product-type-simple"},"yoast_head":"<!-- This site is optimized with the Yoast SEO plugin v23.9 - https:\/\/yoast.com\/wordpress\/plugins\/seo\/ -->\n<title>Prickly Pear Mitrino\u0161s \u0161amp\u016bns - Superfood<\/title>\n<meta name=\"description\" content=\"Prickly Pear \u0161amp\u016bns atdz\u012bvin\u0101s j\u016bsu matus, s\u0101kot no sakn\u0113m l\u012bdz matu galiem, ar veg\u0101nu e\u013c\u013cu un augu ekstraktu mais\u012bjumiem. M\u016bsu unik\u0101l\u0101 formula ir uzl\u0101d\u0113ta ar dabas sp\u0113c\u012bg\u0101kaj\u0101m sast\u0101vda\u013c\u0101m, lai ieg\u016btu redzamus rezult\u0101tus.\" \/>\n<meta name=\"robots\" content=\"index, follow, max-snippet:-1, max-image-preview:large, max-video-preview:-1\" \/>\n<link rel=\"canonical\" href=\"https:\/\/women.lv\/ru\/product\/prickly-pear-mitrinoss-sampuns\/\" \/>\n<meta property=\"og:locale\" content=\"ru_RU\" \/>\n<meta property=\"og:type\" content=\"article\" \/>\n<meta property=\"og:title\" content=\"Prickly Pear Mitrino\u0161s \u0161amp\u016bns - Superfood\" \/>\n<meta property=\"og:description\" content=\"Prickly Pear \u0161amp\u016bns atdz\u012bvin\u0101s j\u016bsu matus, s\u0101kot no sakn\u0113m l\u012bdz matu galiem, ar veg\u0101nu e\u013c\u013cu un augu ekstraktu mais\u012bjumiem. M\u016bsu unik\u0101l\u0101 formula ir uzl\u0101d\u0113ta ar dabas sp\u0113c\u012bg\u0101kaj\u0101m sast\u0101vda\u013c\u0101m, lai ieg\u016btu redzamus rezult\u0101tus.\" \/>\n<meta property=\"og:url\" content=\"https:\/\/women.lv\/ru\/product\/prickly-pear-mitrinoss-sampuns\/\" \/>\n<meta property=\"og:site_name\" content=\"Women Veikals\" \/>\n<meta property=\"article:modified_time\" content=\"2026-03-21T09:47:20+00:00\" \/>\n<meta property=\"og:image\" content=\"https:\/\/women.lv\/wp-content\/uploads\/nc\/catalog\/Israel\/Schwartz\/Prickly-Pear-Superfood\/prickly-pear-hydrating-shampoo.PNG\" \/>\n\t<meta property=\"og:image:width\" content=\"338\" \/>\n\t<meta property=\"og:image:height\" content=\"669\" \/>\n\t<meta property=\"og:image:type\" content=\"image\/png\" \/>\n<meta name=\"twitter:card\" content=\"summary_large_image\" \/>\n<meta name=\"twitter:label1\" content=\"\u041f\u0440\u0438\u043c\u0435\u0440\u043d\u043e\u0435 \u0432\u0440\u0435\u043c\u044f \u0434\u043b\u044f \u0447\u0442\u0435\u043d\u0438\u044f\" \/>\n\t<meta name=\"twitter:data1\" content=\"1 \u043c\u0438\u043d\u0443\u0442\u0430\" \/>\n<script type=\"application\/ld+json\" class=\"yoast-schema-graph\">{\"@context\":\"https:\/\/schema.org\",\"@graph\":[{\"@type\":\"WebPage\",\"@id\":\"https:\/\/women.lv\/product\/prickly-pear-mitrinoss-sampuns\/\",\"url\":\"https:\/\/women.lv\/product\/prickly-pear-mitrinoss-sampuns\/\",\"name\":\"Prickly Pear Mitrino\u0161s \u0161amp\u016bns - Superfood\",\"isPartOf\":{\"@id\":\"https:\/\/women.lv\/#website\"},\"primaryImageOfPage\":{\"@id\":\"https:\/\/women.lv\/product\/prickly-pear-mitrinoss-sampuns\/#primaryimage\"},\"image\":{\"@id\":\"https:\/\/women.lv\/product\/prickly-pear-mitrinoss-sampuns\/#primaryimage\"},\"thumbnailUrl\":\"https:\/\/women.lv\/wp-content\/uploads\/nc\/catalog\/Israel\/Schwartz\/Prickly-Pear-Superfood\/prickly-pear-hydrating-shampoo.PNG\",\"datePublished\":\"2021-04-16T11:27:08+00:00\",\"dateModified\":\"2026-03-21T09:47:20+00:00\",\"description\":\"Prickly Pear \u0161amp\u016bns atdz\u012bvin\u0101s j\u016bsu matus, s\u0101kot no sakn\u0113m l\u012bdz matu galiem, ar veg\u0101nu e\u013c\u013cu un augu ekstraktu mais\u012bjumiem. M\u016bsu unik\u0101l\u0101 formula ir uzl\u0101d\u0113ta ar dabas sp\u0113c\u012bg\u0101kaj\u0101m sast\u0101vda\u013c\u0101m, lai ieg\u016btu redzamus rezult\u0101tus.\",\"breadcrumb\":{\"@id\":\"https:\/\/women.lv\/product\/prickly-pear-mitrinoss-sampuns\/#breadcrumb\"},\"inLanguage\":\"ru-RU\",\"potentialAction\":[{\"@type\":\"ReadAction\",\"target\":[\"https:\/\/women.lv\/product\/prickly-pear-mitrinoss-sampuns\/\"]}]},{\"@type\":\"ImageObject\",\"inLanguage\":\"ru-RU\",\"@id\":\"https:\/\/women.lv\/product\/prickly-pear-mitrinoss-sampuns\/#primaryimage\",\"url\":\"https:\/\/women.lv\/wp-content\/uploads\/nc\/catalog\/Israel\/Schwartz\/Prickly-Pear-Superfood\/prickly-pear-hydrating-shampoo.PNG\",\"contentUrl\":\"https:\/\/women.lv\/wp-content\/uploads\/nc\/catalog\/Israel\/Schwartz\/Prickly-Pear-Superfood\/prickly-pear-hydrating-shampoo.PNG\",\"width\":338,\"height\":669,\"caption\":\"Prickly Pear Mitrino\u0161s \u0161amp\u016bns - Superfood\"},{\"@type\":\"BreadcrumbList\",\"@id\":\"https:\/\/women.lv\/product\/prickly-pear-mitrinoss-sampuns\/#breadcrumb\",\"itemListElement\":[{\"@type\":\"ListItem\",\"position\":1,\"name\":\"Home\",\"item\":\"https:\/\/women.lv\/\"},{\"@type\":\"ListItem\",\"position\":2,\"name\":\"Products\",\"item\":\"https:\/\/women.lv\/en\/shop\/\"},{\"@type\":\"ListItem\",\"position\":3,\"name\":\"Prickly Pear Mitrino\u0161s \u0161amp\u016bns &#8211; Superfood\"}]},{\"@type\":\"WebSite\",\"@id\":\"https:\/\/women.lv\/#website\",\"url\":\"https:\/\/women.lv\/\",\"name\":\"Women Veikals\",\"description\":\"Uzdr\u012bksties b\u016bt skaista\",\"potentialAction\":[{\"@type\":\"SearchAction\",\"target\":{\"@type\":\"EntryPoint\",\"urlTemplate\":\"https:\/\/women.lv\/?s={search_term_string}\"},\"query-input\":{\"@type\":\"PropertyValueSpecification\",\"valueRequired\":true,\"valueName\":\"search_term_string\"}}],\"inLanguage\":\"ru-RU\"}]}<\/script>\n<!-- \/ Yoast SEO plugin. -->","yoast_head_json":{"title":"Prickly Pear Mitrino\u0161s \u0161amp\u016bns - Superfood","description":"Prickly Pear \u0161amp\u016bns atdz\u012bvin\u0101s j\u016bsu matus, s\u0101kot no sakn\u0113m l\u012bdz matu galiem, ar veg\u0101nu e\u013c\u013cu un augu ekstraktu mais\u012bjumiem. M\u016bsu unik\u0101l\u0101 formula ir uzl\u0101d\u0113ta ar dabas sp\u0113c\u012bg\u0101kaj\u0101m sast\u0101vda\u013c\u0101m, lai ieg\u016btu redzamus rezult\u0101tus.","robots":{"index":"index","follow":"follow","max-snippet":"max-snippet:-1","max-image-preview":"max-image-preview:large","max-video-preview":"max-video-preview:-1"},"canonical":"https:\/\/women.lv\/ru\/product\/prickly-pear-mitrinoss-sampuns\/","og_locale":"ru_RU","og_type":"article","og_title":"Prickly Pear Mitrino\u0161s \u0161amp\u016bns - Superfood","og_description":"Prickly Pear \u0161amp\u016bns atdz\u012bvin\u0101s j\u016bsu matus, s\u0101kot no sakn\u0113m l\u012bdz matu galiem, ar veg\u0101nu e\u013c\u013cu un augu ekstraktu mais\u012bjumiem. M\u016bsu unik\u0101l\u0101 formula ir uzl\u0101d\u0113ta ar dabas sp\u0113c\u012bg\u0101kaj\u0101m sast\u0101vda\u013c\u0101m, lai ieg\u016btu redzamus rezult\u0101tus.","og_url":"https:\/\/women.lv\/ru\/product\/prickly-pear-mitrinoss-sampuns\/","og_site_name":"Women Veikals","article_modified_time":"2026-03-21T09:47:20+00:00","og_image":[{"width":338,"height":669,"url":"https:\/\/women.lv\/wp-content\/uploads\/nc\/catalog\/Israel\/Schwartz\/Prickly-Pear-Superfood\/prickly-pear-hydrating-shampoo.PNG","type":"image\/png"}],"twitter_card":"summary_large_image","twitter_misc":{"\u041f\u0440\u0438\u043c\u0435\u0440\u043d\u043e\u0435 \u0432\u0440\u0435\u043c\u044f \u0434\u043b\u044f \u0447\u0442\u0435\u043d\u0438\u044f":"1 \u043c\u0438\u043d\u0443\u0442\u0430"},"schema":{"@context":"https:\/\/schema.org","@graph":[{"@type":"WebPage","@id":"https:\/\/women.lv\/product\/prickly-pear-mitrinoss-sampuns\/","url":"https:\/\/women.lv\/product\/prickly-pear-mitrinoss-sampuns\/","name":"Prickly Pear Mitrino\u0161s \u0161amp\u016bns - Superfood","isPartOf":{"@id":"https:\/\/women.lv\/#website"},"primaryImageOfPage":{"@id":"https:\/\/women.lv\/product\/prickly-pear-mitrinoss-sampuns\/#primaryimage"},"image":{"@id":"https:\/\/women.lv\/product\/prickly-pear-mitrinoss-sampuns\/#primaryimage"},"thumbnailUrl":"https:\/\/women.lv\/wp-content\/uploads\/nc\/catalog\/Israel\/Schwartz\/Prickly-Pear-Superfood\/prickly-pear-hydrating-shampoo.PNG","datePublished":"2021-04-16T11:27:08+00:00","dateModified":"2026-03-21T09:47:20+00:00","description":"Prickly Pear \u0161amp\u016bns atdz\u012bvin\u0101s j\u016bsu matus, s\u0101kot no sakn\u0113m l\u012bdz matu galiem, ar veg\u0101nu e\u013c\u013cu un augu ekstraktu mais\u012bjumiem. M\u016bsu unik\u0101l\u0101 formula ir uzl\u0101d\u0113ta ar dabas sp\u0113c\u012bg\u0101kaj\u0101m sast\u0101vda\u013c\u0101m, lai ieg\u016btu redzamus rezult\u0101tus.","breadcrumb":{"@id":"https:\/\/women.lv\/product\/prickly-pear-mitrinoss-sampuns\/#breadcrumb"},"inLanguage":"ru-RU","potentialAction":[{"@type":"ReadAction","target":["https:\/\/women.lv\/product\/prickly-pear-mitrinoss-sampuns\/"]}]},{"@type":"ImageObject","inLanguage":"ru-RU","@id":"https:\/\/women.lv\/product\/prickly-pear-mitrinoss-sampuns\/#primaryimage","url":"https:\/\/women.lv\/wp-content\/uploads\/nc\/catalog\/Israel\/Schwartz\/Prickly-Pear-Superfood\/prickly-pear-hydrating-shampoo.PNG","contentUrl":"https:\/\/women.lv\/wp-content\/uploads\/nc\/catalog\/Israel\/Schwartz\/Prickly-Pear-Superfood\/prickly-pear-hydrating-shampoo.PNG","width":338,"height":669,"caption":"Prickly Pear Mitrino\u0161s \u0161amp\u016bns - Superfood"},{"@type":"BreadcrumbList","@id":"https:\/\/women.lv\/product\/prickly-pear-mitrinoss-sampuns\/#breadcrumb","itemListElement":[{"@type":"ListItem","position":1,"name":"Home","item":"https:\/\/women.lv\/"},{"@type":"ListItem","position":2,"name":"Products","item":"https:\/\/women.lv\/en\/shop\/"},{"@type":"ListItem","position":3,"name":"Prickly Pear Mitrino\u0161s \u0161amp\u016bns &#8211; Superfood"}]},{"@type":"WebSite","@id":"https:\/\/women.lv\/#website","url":"https:\/\/women.lv\/","name":"Women Veikals","description":"Uzdr\u012bksties b\u016bt skaista","potentialAction":[{"@type":"SearchAction","target":{"@type":"EntryPoint","urlTemplate":"https:\/\/women.lv\/?s={search_term_string}"},"query-input":{"@type":"PropertyValueSpecification","valueRequired":true,"valueName":"search_term_string"}}],"inLanguage":"ru-RU"}]}},"_links":{"self":[{"href":"https:\/\/women.lv\/ru\/wp-json\/wp\/v2\/product\/28819","targetHints":{"allow":["GET"]}}],"collection":[{"href":"https:\/\/women.lv\/ru\/wp-json\/wp\/v2\/product"}],"about":[{"href":"https:\/\/women.lv\/ru\/wp-json\/wp\/v2\/types\/product"}],"replies":[{"embeddable":true,"href":"https:\/\/women.lv\/ru\/wp-json\/wp\/v2\/comments?post=28819"}],"version-history":[{"count":3,"href":"https:\/\/women.lv\/ru\/wp-json\/wp\/v2\/product\/28819\/revisions"}],"predecessor-version":[{"id":29619,"href":"https:\/\/women.lv\/ru\/wp-json\/wp\/v2\/product\/28819\/revisions\/29619"}],"wp:featuredmedia":[{"embeddable":true,"href":"https:\/\/women.lv\/ru\/wp-json\/wp\/v2\/media\/28820"}],"wp:attachment":[{"href":"https:\/\/women.lv\/ru\/wp-json\/wp\/v2\/media?parent=28819"}],"wp:term":[{"taxonomy":"product_brand","embeddable":true,"href":"https:\/\/women.lv\/ru\/wp-json\/wp\/v2\/product_brand?post=28819"},{"taxonomy":"product_cat","embeddable":true,"href":"https:\/\/women.lv\/ru\/wp-json\/wp\/v2\/product_cat?post=28819"},{"taxonomy":"product_tag","embeddable":true,"href":"https:\/\/women.lv\/ru\/wp-json\/wp\/v2\/product_tag?post=28819"}],"curies":[{"name":"wp","href":"https:\/\/api.w.org\/{rel}","templated":true}]}}