{"id":28807,"date":"2020-12-29T14:04:02","date_gmt":"2020-12-29T14:04:02","guid":{"rendered":"https:\/\/women.lv\/?product=dabigs-sals-skrubis"},"modified":"2026-03-21T11:48:05","modified_gmt":"2026-03-21T09:48:05","slug":"dabigs-sals-skrubis","status":"publish","type":"product","link":"https:\/\/women.lv\/ru\/product\/dabigs-sals-skrubis\/","title":{"rendered":"\u041d\u0430\u0442\u0443\u0440\u0430\u043b\u044c\u043d\u044b\u0439 \u0441\u043e\u043b\u044f\u043d\u043e\u0439 \u0441\u043a\u0440\u0430\u0431"},"content":{"rendered":"<p><span style=\"font-size: 18px; font-family: Helvetica;\">\u041e\u043a\u0430\u0437\u044b\u0432\u0430\u0435\u0442 \u0430\u043d\u0442\u0438\u0446\u0435\u043b\u043b\u044e\u043b\u0438\u0442\u043d\u043e\u0435 \u0434\u0435\u0439\u0441\u0442\u0432\u0438\u0435, \u043f\u0440\u0438\u0434\u0430\u0435\u0442 \u043a\u043e\u0436\u0435 \u044d\u043b\u0430\u0441\u0442\u0438\u0447\u043d\u043e\u0441\u0442\u044c \u0438 \u0443\u043f\u0440\u0443\u0433\u043e\u0441\u0442\u044c, \u043e\u0441\u0432\u0435\u0442\u043b\u044f\u0435\u0442 \u0438 \u0441\u0442\u0438\u043c\u0443\u043b\u0438\u0440\u0443\u0435\u0442 \u0440\u0430\u0437\u0433\u043b\u0430\u0436\u0438\u0432\u0430\u043d\u0438\u0435 \u0440\u0430\u0441\u0442\u044f\u0436\u0435\u043a, \u0443\u0432\u043b\u0430\u0436\u043d\u044f\u0435\u0442 \u0438 \u043e\u0441\u0432\u0435\u0442\u043b\u044f\u0435\u0442 \u043a\u043e\u0436\u0443.<\/span><\/p>\n<p><span style=\"font-family: Helvetica;\"><span style=\"font-size: 18px;\"><b>\u041a\u043e\u043a\u043e\u0441\u043e\u0432\u043e\u0435 \u043c\u0430\u0441\u043b\u043e\u00a0<\/b>\u00a0\u043e\u0431\u0438\u043b\u044c\u043d\u043e \u0443\u0432\u043b\u0430\u0436\u043d\u044f\u0435\u0442 \u0438 \u043f\u0438\u0442\u0430\u0435\u0442 \u0441\u0443\u0445\u0443\u044e \u0438 \u043e\u0447\u0435\u043d\u044c \u0447\u0443\u0432\u0441\u0442\u0432\u0438\u0442\u0435\u043b\u044c\u043d\u0443\u044e \u043a\u043e\u0436\u0443. \u0412\u043e\u0441\u0441\u0442\u0430\u043d\u0430\u0432\u043b\u0438\u0432\u0430\u0435\u0442 \u0432\u0435\u0440\u0445\u043d\u0438\u0435 \u0441\u043b\u043e\u0438 \u044d\u043f\u0438\u0434\u0435\u0440\u043c\u0438\u0441\u0430, \u043f\u0440\u0435\u0434\u043e\u0442\u0432\u0440\u0430\u0449\u0430\u0435\u0442 \u0432\u043e\u0441\u043f\u0430\u043b\u0435\u043d\u0438\u044f. \u0414\u0435\u043b\u0430\u0435\u0442 \u0440\u0430\u0441\u0442\u044f\u0436\u043a\u0438 \u0431\u043e\u043b\u0435\u0435 \u043d\u0435\u0437\u0430\u043c\u0435\u0442\u043d\u044b\u043c\u0438 \u0438 \u0441\u0442\u0438\u043c\u0443\u043b\u0438\u0440\u0443\u0435\u0442 \u0441\u0433\u043b\u0430\u0436\u0438\u0432\u0430\u043d\u0438\u0435 \u043d\u0435\u0434\u043e\u0441\u0442\u0430\u0442\u043a\u043e\u0432 \u043a\u043e\u0436\u0438.<\/span><\/span><\/p>\n<p><span style=\"font-family: Helvetica;\"><span style=\"font-size: 18px;\"><strong>\u041c\u043e\u0440\u0441\u043a\u0430\u044f \u0441\u043e\u043b\u044c<\/strong> uzlabo asinsriti, izl\u012bdzina \u0101das nepiln\u012bbas, nov\u0113r\u0161 noveco\u0161an\u0101s paz\u012bmes<\/span><\/span><\/p>\n<p><b style=\"font-size: 18px; font-family: Helvetica;\">\u0413\u0438\u043c\u0430\u043b\u0430\u0439\u0441\u043a\u0438\u0439 \u0440\u043e\u0437\u043e\u0432\u044b\u0439<\/b><span style=\"font-size: 18px; font-family: Helvetica;\"> <b>\u0441\u043e\u043b\u044c<\/b> \u0434\u0435\u043b\u0430\u0435\u0442 \u043a\u043e\u0436\u0443 \u0443\u043f\u0440\u0443\u0433\u043e\u0439 \u0438 \u0433\u043b\u0430\u0434\u043a\u043e\u0439, \u043e\u043a\u0430\u0437\u044b\u0432\u0430\u0435\u0442 \u0430\u043d\u0442\u0438\u0446\u0435\u043b\u043b\u044e\u043b\u0438\u0442\u043d\u044b\u0439 \u044d\u0444\u0444\u0435\u043a\u0442.<\/span><\/p>\n<p><b style=\"font-size: 18px; font-family: Helvetica;\">\u041c\u0430\u0441\u043b\u043e \u0432\u0438\u043d\u043e\u0433\u0440\u0430\u0434\u043d\u044b\u0445 \u043a\u043e\u0441\u0442\u043e\u0447\u0435\u043a<\/b><span style=\"font-size: 18px; font-family: Helvetica;\"> \u0441\u0442\u0438\u043c\u0443\u043b\u0438\u0440\u0443\u0435\u0442 \u0432\u044b\u0440\u0430\u0431\u043e\u0442\u043a\u0443 \u043a\u043e\u043b\u043b\u0430\u0433\u0435\u043d\u0430 \u0438 \u044d\u043b\u0430\u0441\u0442\u0438\u043d\u0430, \u043a\u043e\u0442\u043e\u0440\u044b\u0435 \u043f\u0440\u0438\u0434\u0430\u044e\u0442 \u043a\u043e\u0436\u0435 \u044d\u043b\u0430\u0441\u0442\u0438\u0447\u043d\u043e\u0441\u0442\u044c \u0438 \u0443\u043f\u0440\u0443\u0433\u043e\u0441\u0442\u044c.<\/span><\/p>\n<p><b style=\"font-size: 18px; font-family: Helvetica;\">\u0414\u043b\u044f \u044d\u0444\u0438\u0440\u043d\u043e\u0433\u043e \u043c\u0430\u0441\u043b\u0430 \u043b\u0430\u0432\u0430\u043d\u0434\u044b<\/b><span style=\"font-size: 18px; font-family: Helvetica;\"> \u043e\u0431\u043b\u0430\u0434\u0430\u0435\u0442 \u0430\u043d\u0442\u0438\u0441\u0435\u043f\u0442\u0438\u0447\u0435\u0441\u043a\u0438\u043c\u0438 \u0438 \u043f\u0440\u043e\u0442\u0438\u0432\u043e\u0433\u0440\u0438\u0431\u043a\u043e\u0432\u044b\u043c\u0438 \u0441\u0432\u043e\u0439\u0441\u0442\u0432\u0430\u043c\u0438. \u0418\u0441\u043f\u043e\u043b\u044c\u0437\u0443\u0435\u0442\u0441\u044f \u0434\u043b\u044f \u0431\u043e\u0440\u044c\u0431\u044b \u0441 \u043f\u0440\u044b\u0449\u0430\u043c\u0438 \u0438 \u043c\u043e\u0440\u0449\u0438\u043d\u0430\u043c\u0438.<\/span><\/p>\n<p><b style=\"font-size: 18px; font-family: Helvetica;\">\u041a\u043e\u0441\u043c\u0435\u0442\u0438\u0447\u0435\u0441\u043a\u0438\u0439 \u043f\u0435\u0440\u043b\u0430\u043c\u0443\u0442\u0440<\/b><span style=\"font-size: 18px; font-family: Helvetica;\"> \u043f\u0440\u0438\u0434\u0430\u0435\u0442 \u043a\u043e\u0436\u0435 \u043c\u044f\u0433\u043a\u043e\u0435 \u0441\u0438\u044f\u043d\u0438\u0435.<\/span><\/p>","protected":false},"excerpt":{"rendered":"<p>\u041e\u043a\u0430\u0437\u044b\u0432\u0430\u0435\u0442 \u0430\u043d\u0442\u0438\u0446\u0435\u043b\u043b\u044e\u043b\u0438\u0442\u043d\u043e\u0435 \u0434\u0435\u0439\u0441\u0442\u0432\u0438\u0435, \u043f\u0440\u0438\u0434\u0430\u0435\u0442 \u043a\u043e\u0436\u0435 \u044d\u043b\u0430\u0441\u0442\u0438\u0447\u043d\u043e\u0441\u0442\u044c \u0438 \u0443\u043f\u0440\u0443\u0433\u043e\u0441\u0442\u044c, \u043e\u0441\u0432\u0435\u0442\u043b\u044f\u0435\u0442 \u0438 \u0441\u0442\u0438\u043c\u0443\u043b\u0438\u0440\u0443\u0435\u0442 \u0440\u0430\u0437\u0433\u043b\u0430\u0436\u0438\u0432\u0430\u043d\u0438\u0435 \u0440\u0430\u0441\u0442\u044f\u0436\u0435\u043a, \u0443\u0432\u043b\u0430\u0436\u043d\u044f\u0435\u0442 \u0438 \u043e\u0441\u0432\u0435\u0442\u043b\u044f\u0435\u0442 \u043a\u043e\u0436\u0443. \u041a\u043e\u043a\u043e\u0441\u043e\u0432\u043e\u0435 \u043c\u0430\u0441\u043b\u043e \u043e\u0431\u0438\u043b\u044c\u043d\u043e \u0443\u0432\u043b\u0430\u0436\u043d\u044f\u0435\u0442<\/p>","protected":false},"featured_media":28808,"comment_status":"open","ping_status":"closed","template":"","meta":[],"product_brand":[],"product_cat":[2214,2217,2215],"product_tag":[3490,3484,3491,3479,3483,3489,3485],"class_list":{"0":"post-28807","1":"product","2":"type-product","3":"status-publish","4":"has-post-thumbnail","6":"product_cat-citi-sejas-kopsanas-lidzekli","7":"product_cat-citi-produkti-kermena-kopsanai","8":"product_cat-visi-produkti","9":"product_tag-dabigs-sals-skrubis","10":"product_tag-krievija","11":"product_tag-natural-salt-scrub","12":"product_tag-palm","13":"product_tag-russian","14":"product_tag-3489","15":"product_tag-3485","16":"pa_brand_nc-palm","18":"first","19":"instock","20":"sale","21":"taxable","22":"shipping-taxable","23":"purchasable","24":"product-type-simple"},"yoast_head":"<!-- This site is optimized with the Yoast SEO plugin v27.4 - https:\/\/yoast.com\/product\/yoast-seo-wordpress\/ -->\n<title>Dab\u012bgs s\u0101ls skrubis<\/title>\n<meta name=\"description\" content=\"Piem\u012bt pretcelul\u012bta iedarb\u012bba, pie\u0161\u0137ir \u0101dai elast\u012bbu un tvirtumu, izgaismo un stimul\u0113 striju izl\u012bdzin\u0101\u0161anu, mitrina un izgaismo \u0101du\" \/>\n<meta name=\"robots\" content=\"index, follow, max-snippet:-1, max-image-preview:large, max-video-preview:-1\" \/>\n<link rel=\"canonical\" href=\"https:\/\/women.lv\/ru\/product\/dabigs-sals-skrubis\/\" \/>\n<meta property=\"og:locale\" content=\"ru_RU\" \/>\n<meta property=\"og:type\" content=\"article\" \/>\n<meta property=\"og:title\" content=\"Dab\u012bgs s\u0101ls skrubis\" \/>\n<meta property=\"og:description\" content=\"Piem\u012bt pretcelul\u012bta iedarb\u012bba, pie\u0161\u0137ir \u0101dai elast\u012bbu un tvirtumu, izgaismo un stimul\u0113 striju izl\u012bdzin\u0101\u0161anu, mitrina un izgaismo \u0101du\" \/>\n<meta property=\"og:url\" content=\"https:\/\/women.lv\/ru\/product\/dabigs-sals-skrubis\/\" \/>\n<meta property=\"og:site_name\" content=\"Women Veikals\" \/>\n<meta property=\"article:modified_time\" content=\"2026-03-21T09:48:05+00:00\" \/>\n<meta property=\"og:image\" content=\"https:\/\/women.lv\/wp-content\/uploads\/nc\/catalog\/Palm\/scrub_salt.PNG\" \/>\n\t<meta property=\"og:image:width\" content=\"1121\" \/>\n\t<meta property=\"og:image:height\" content=\"884\" \/>\n\t<meta property=\"og:image:type\" content=\"image\/png\" \/>\n<meta name=\"twitter:card\" content=\"summary_large_image\" \/>\n<meta name=\"twitter:label1\" content=\"\u041f\u0440\u0438\u043c\u0435\u0440\u043d\u043e\u0435 \u0432\u0440\u0435\u043c\u044f \u0434\u043b\u044f \u0447\u0442\u0435\u043d\u0438\u044f\" \/>\n\t<meta name=\"twitter:data1\" content=\"1 \u043c\u0438\u043d\u0443\u0442\u0430\" \/>\n<script type=\"application\/ld+json\" class=\"yoast-schema-graph\">{\"@context\":\"https:\\\/\\\/schema.org\",\"@graph\":[{\"@type\":\"WebPage\",\"@id\":\"https:\\\/\\\/women.lv\\\/product\\\/dabigs-sals-skrubis\\\/\",\"url\":\"https:\\\/\\\/women.lv\\\/product\\\/dabigs-sals-skrubis\\\/\",\"name\":\"Dab\u012bgs s\u0101ls skrubis\",\"isPartOf\":{\"@id\":\"https:\\\/\\\/women.lv\\\/#website\"},\"primaryImageOfPage\":{\"@id\":\"https:\\\/\\\/women.lv\\\/product\\\/dabigs-sals-skrubis\\\/#primaryimage\"},\"image\":{\"@id\":\"https:\\\/\\\/women.lv\\\/product\\\/dabigs-sals-skrubis\\\/#primaryimage\"},\"thumbnailUrl\":\"https:\\\/\\\/women.lv\\\/wp-content\\\/uploads\\\/nc\\\/catalog\\\/Palm\\\/scrub_salt.PNG\",\"datePublished\":\"2020-12-29T14:04:02+00:00\",\"dateModified\":\"2026-03-21T09:48:05+00:00\",\"description\":\"Piem\u012bt pretcelul\u012bta iedarb\u012bba, pie\u0161\u0137ir \u0101dai elast\u012bbu un tvirtumu, izgaismo un stimul\u0113 striju izl\u012bdzin\u0101\u0161anu, mitrina un izgaismo \u0101du\",\"breadcrumb\":{\"@id\":\"https:\\\/\\\/women.lv\\\/product\\\/dabigs-sals-skrubis\\\/#breadcrumb\"},\"inLanguage\":\"ru-RU\",\"potentialAction\":[{\"@type\":\"ReadAction\",\"target\":[\"https:\\\/\\\/women.lv\\\/product\\\/dabigs-sals-skrubis\\\/\"]}]},{\"@type\":\"ImageObject\",\"inLanguage\":\"ru-RU\",\"@id\":\"https:\\\/\\\/women.lv\\\/product\\\/dabigs-sals-skrubis\\\/#primaryimage\",\"url\":\"https:\\\/\\\/women.lv\\\/wp-content\\\/uploads\\\/nc\\\/catalog\\\/Palm\\\/scrub_salt.PNG\",\"contentUrl\":\"https:\\\/\\\/women.lv\\\/wp-content\\\/uploads\\\/nc\\\/catalog\\\/Palm\\\/scrub_salt.PNG\",\"width\":1121,\"height\":884,\"caption\":\"Dab\u012bgs s\u0101ls skrubis\"},{\"@type\":\"BreadcrumbList\",\"@id\":\"https:\\\/\\\/women.lv\\\/product\\\/dabigs-sals-skrubis\\\/#breadcrumb\",\"itemListElement\":[{\"@type\":\"ListItem\",\"position\":1,\"name\":\"Home\",\"item\":\"https:\\\/\\\/women.lv\\\/\"},{\"@type\":\"ListItem\",\"position\":2,\"name\":\"Products\",\"item\":\"https:\\\/\\\/women.lv\\\/en\\\/shop\\\/\"},{\"@type\":\"ListItem\",\"position\":3,\"name\":\"Dab\u012bgs s\u0101ls skrubis\"}]},{\"@type\":\"WebSite\",\"@id\":\"https:\\\/\\\/women.lv\\\/#website\",\"url\":\"https:\\\/\\\/women.lv\\\/\",\"name\":\"Women Veikals\",\"description\":\"Uzdr\u012bksties b\u016bt skaista\",\"potentialAction\":[{\"@type\":\"SearchAction\",\"target\":{\"@type\":\"EntryPoint\",\"urlTemplate\":\"https:\\\/\\\/women.lv\\\/?s={search_term_string}\"},\"query-input\":{\"@type\":\"PropertyValueSpecification\",\"valueRequired\":true,\"valueName\":\"search_term_string\"}}],\"inLanguage\":\"ru-RU\"}]}<\/script>\n<!-- \/ Yoast SEO plugin. -->","yoast_head_json":{"title":"\u041d\u0430\u0442\u0443\u0440\u0430\u043b\u044c\u043d\u044b\u0439 \u0441\u043e\u043b\u044f\u043d\u043e\u0439 \u0441\u043a\u0440\u0430\u0431","description":"Piem\u012bt pretcelul\u012bta iedarb\u012bba, pie\u0161\u0137ir \u0101dai elast\u012bbu un tvirtumu, izgaismo un stimul\u0113 striju izl\u012bdzin\u0101\u0161anu, mitrina un izgaismo \u0101du","robots":{"index":"index","follow":"follow","max-snippet":"max-snippet:-1","max-image-preview":"max-image-preview:large","max-video-preview":"max-video-preview:-1"},"canonical":"https:\/\/women.lv\/ru\/product\/dabigs-sals-skrubis\/","og_locale":"ru_RU","og_type":"article","og_title":"Dab\u012bgs s\u0101ls skrubis","og_description":"Piem\u012bt pretcelul\u012bta iedarb\u012bba, pie\u0161\u0137ir \u0101dai elast\u012bbu un tvirtumu, izgaismo un stimul\u0113 striju izl\u012bdzin\u0101\u0161anu, mitrina un izgaismo \u0101du","og_url":"https:\/\/women.lv\/ru\/product\/dabigs-sals-skrubis\/","og_site_name":"Women Veikals","article_modified_time":"2026-03-21T09:48:05+00:00","og_image":[{"width":1121,"height":884,"url":"https:\/\/women.lv\/wp-content\/uploads\/nc\/catalog\/Palm\/scrub_salt.PNG","type":"image\/png"}],"twitter_card":"summary_large_image","twitter_misc":{"\u041f\u0440\u0438\u043c\u0435\u0440\u043d\u043e\u0435 \u0432\u0440\u0435\u043c\u044f \u0434\u043b\u044f \u0447\u0442\u0435\u043d\u0438\u044f":"1 \u043c\u0438\u043d\u0443\u0442\u0430"},"schema":{"@context":"https:\/\/schema.org","@graph":[{"@type":"WebPage","@id":"https:\/\/women.lv\/product\/dabigs-sals-skrubis\/","url":"https:\/\/women.lv\/product\/dabigs-sals-skrubis\/","name":"\u041d\u0430\u0442\u0443\u0440\u0430\u043b\u044c\u043d\u044b\u0439 \u0441\u043e\u043b\u044f\u043d\u043e\u0439 \u0441\u043a\u0440\u0430\u0431","isPartOf":{"@id":"https:\/\/women.lv\/#website"},"primaryImageOfPage":{"@id":"https:\/\/women.lv\/product\/dabigs-sals-skrubis\/#primaryimage"},"image":{"@id":"https:\/\/women.lv\/product\/dabigs-sals-skrubis\/#primaryimage"},"thumbnailUrl":"https:\/\/women.lv\/wp-content\/uploads\/nc\/catalog\/Palm\/scrub_salt.PNG","datePublished":"2020-12-29T14:04:02+00:00","dateModified":"2026-03-21T09:48:05+00:00","description":"Piem\u012bt pretcelul\u012bta iedarb\u012bba, pie\u0161\u0137ir \u0101dai elast\u012bbu un tvirtumu, izgaismo un stimul\u0113 striju izl\u012bdzin\u0101\u0161anu, mitrina un izgaismo \u0101du","breadcrumb":{"@id":"https:\/\/women.lv\/product\/dabigs-sals-skrubis\/#breadcrumb"},"inLanguage":"ru-RU","potentialAction":[{"@type":"ReadAction","target":["https:\/\/women.lv\/product\/dabigs-sals-skrubis\/"]}]},{"@type":"ImageObject","inLanguage":"ru-RU","@id":"https:\/\/women.lv\/product\/dabigs-sals-skrubis\/#primaryimage","url":"https:\/\/women.lv\/wp-content\/uploads\/nc\/catalog\/Palm\/scrub_salt.PNG","contentUrl":"https:\/\/women.lv\/wp-content\/uploads\/nc\/catalog\/Palm\/scrub_salt.PNG","width":1121,"height":884,"caption":"Dab\u012bgs s\u0101ls skrubis"},{"@type":"BreadcrumbList","@id":"https:\/\/women.lv\/product\/dabigs-sals-skrubis\/#breadcrumb","itemListElement":[{"@type":"ListItem","position":1,"name":"Home","item":"https:\/\/women.lv\/"},{"@type":"ListItem","position":2,"name":"Products","item":"https:\/\/women.lv\/en\/shop\/"},{"@type":"ListItem","position":3,"name":"Dab\u012bgs s\u0101ls skrubis"}]},{"@type":"WebSite","@id":"https:\/\/women.lv\/#website","url":"https:\/\/women.lv\/","name":"\u041c\u0430\u0433\u0430\u0437\u0438\u043d Women","description":"Uzdr\u012bksties b\u016bt skaista","potentialAction":[{"@type":"SearchAction","target":{"@type":"EntryPoint","urlTemplate":"https:\/\/women.lv\/?s={search_term_string}"},"query-input":{"@type":"PropertyValueSpecification","valueRequired":true,"valueName":"search_term_string"}}],"inLanguage":"ru-RU"}]}},"_links":{"self":[{"href":"https:\/\/women.lv\/ru\/wp-json\/wp\/v2\/product\/28807","targetHints":{"allow":["GET"]}}],"collection":[{"href":"https:\/\/women.lv\/ru\/wp-json\/wp\/v2\/product"}],"about":[{"href":"https:\/\/women.lv\/ru\/wp-json\/wp\/v2\/types\/product"}],"replies":[{"embeddable":true,"href":"https:\/\/women.lv\/ru\/wp-json\/wp\/v2\/comments?post=28807"}],"version-history":[{"count":0,"href":"https:\/\/women.lv\/ru\/wp-json\/wp\/v2\/product\/28807\/revisions"}],"wp:featuredmedia":[{"embeddable":true,"href":"https:\/\/women.lv\/ru\/wp-json\/wp\/v2\/media\/28808"}],"wp:attachment":[{"href":"https:\/\/women.lv\/ru\/wp-json\/wp\/v2\/media?parent=28807"}],"wp:term":[{"taxonomy":"product_brand","embeddable":true,"href":"https:\/\/women.lv\/ru\/wp-json\/wp\/v2\/product_brand?post=28807"},{"taxonomy":"product_cat","embeddable":true,"href":"https:\/\/women.lv\/ru\/wp-json\/wp\/v2\/product_cat?post=28807"},{"taxonomy":"product_tag","embeddable":true,"href":"https:\/\/women.lv\/ru\/wp-json\/wp\/v2\/product_tag?post=28807"}],"curies":[{"name":"wp","href":"https:\/\/api.w.org\/{rel}","templated":true}]}}