{"id":28805,"date":"2020-12-29T11:35:45","date_gmt":"2020-12-29T11:35:45","guid":{"rendered":"https:\/\/women.lv\/?product=dabigs-kafijas-skrubis"},"modified":"2026-03-21T11:48:19","modified_gmt":"2026-03-21T09:48:19","slug":"dabigs-kafijas-skrubis","status":"publish","type":"product","link":"https:\/\/women.lv\/ru\/product\/dabigs-kafijas-skrubis\/","title":{"rendered":"\u041d\u0430\u0442\u0443\u0440\u0430\u043b\u044c\u043d\u044b\u0439 \u043a\u043e\u0444\u0435\u0439\u043d\u044b\u0439 \u0441\u043a\u0440\u0430\u0431"},"content":{"rendered":"<p><span style=\"font-family: Helvetica;\"><span style=\"font-size: 18px;\">\u0422\u043e\u043d\u0438\u0437\u0438\u0440\u0443\u0435\u0442, \u0443\u0434\u0430\u043b\u044f\u0435\u0442 \u043e\u043c\u0435\u0440\u0442\u0432\u0435\u0432\u0448\u0438\u0435 \u043a\u043b\u0435\u0442\u043a\u0438 \u043a\u043e\u0436\u0438, \u0443\u0432\u043b\u0430\u0436\u043d\u044f\u0435\u0442, \u0443\u043b\u0443\u0447\u0448\u0430\u0435\u0442 \u043a\u0440\u043e\u0432\u043e\u043e\u0431\u0440\u0430\u0449\u0435\u043d\u0438\u0435, \u0440\u0430\u0437\u0433\u043b\u0430\u0436\u0438\u0432\u0430\u0435\u0442 \u043a\u043e\u0436\u0443 \u0438 \u0431\u043e\u0440\u0435\u0442\u0441\u044f \u0441 \u043f\u0440\u0438\u0437\u043d\u0430\u043a\u0430\u043c\u0438 \u0446\u0435\u043b\u043b\u044e\u043b\u0438\u0442\u0430 \u0438 \u0440\u0430\u0441\u0442\u044f\u0436\u0435\u043a.<\/span><\/span><\/p>\n<p>&nbsp;<\/p>\n<p><span style=\"font-family: Helvetica;\"><span style=\"font-size: 18px;\"><b>\u041a\u043e\u043a\u043e\u0441\u043e\u0432\u043e\u0435 \u043c\u0430\u0441\u043b\u043e\u00a0<\/b> \u043e\u0431\u0438\u043b\u044c\u043d\u043e \u0443\u0432\u043b\u0430\u0436\u043d\u044f\u0435\u0442 \u0438 \u043f\u0438\u0442\u0430\u0435\u0442 \u0441\u0443\u0445\u0443\u044e \u0438 \u043e\u0447\u0435\u043d\u044c \u0447\u0443\u0432\u0441\u0442\u0432\u0438\u0442\u0435\u043b\u044c\u043d\u0443\u044e \u043a\u043e\u0436\u0443. \u0412\u043e\u0441\u0441\u0442\u0430\u043d\u0430\u0432\u043b\u0438\u0432\u0430\u0435\u0442 \u0432\u0435\u0440\u0445\u043d\u0438\u0435 \u0441\u043b\u043e\u0438 \u044d\u043f\u0438\u0434\u0435\u0440\u043c\u0438\u0441\u0430, \u043f\u0440\u0435\u0434\u043e\u0442\u0432\u0440\u0430\u0449\u0430\u0435\u0442 \u0432\u043e\u0441\u043f\u0430\u043b\u0435\u043d\u0438\u044f. \u0414\u0435\u043b\u0430\u0435\u0442 \u0440\u0430\u0441\u0442\u044f\u0436\u043a\u0438 \u0431\u043e\u043b\u0435\u0435 \u043d\u0435\u0437\u0430\u043c\u0435\u0442\u043d\u044b\u043c\u0438 \u0438 \u0441\u0442\u0438\u043c\u0443\u043b\u0438\u0440\u0443\u0435\u0442 \u0441\u0433\u043b\u0430\u0436\u0438\u0432\u0430\u043d\u0438\u0435 \u043d\u0435\u0434\u043e\u0441\u0442\u0430\u0442\u043a\u043e\u0432 \u043a\u043e\u0436\u0438. <\/span><\/span><\/p>\n<p><span style=\"font-family: Helvetica;\"><span style=\"font-size: 18px;\"><strong>\u041a\u043e\u0444\u0435\u0439\u043d\u044b\u0435 \u0437\u0435\u0440\u043d\u0430<\/strong>\u00a0\u0430\u043a\u0442\u0438\u0432\u0438\u0437\u0438\u0440\u0443\u0435\u0442 \u043e\u0431\u043c\u0435\u043d \u0432\u0435\u0449\u0435\u0441\u0442\u0432 \u043a\u043e\u0436\u0438, \u0441\u043c\u044f\u0433\u0447\u0430\u0435\u0442 \u0438 \u0437\u0430\u0449\u0438\u0449\u0430\u0435\u0442 \u0432\u0435\u0440\u0445\u043d\u0438\u0435 \u0441\u043b\u043e\u0438 \u044d\u043f\u0438\u0434\u0435\u0440\u043c\u0438\u0441\u0430. \u0423\u043b\u0443\u0447\u0448\u0430\u0435\u0442 \u044d\u043b\u0430\u0441\u0442\u0438\u0447\u043d\u043e\u0441\u0442\u044c \u043a\u043e\u0436\u0438. \u041e\u0431\u043b\u0430\u0434\u0430\u0435\u0442 \u0441\u0438\u043b\u044c\u043d\u044b\u043c\u0438 \u0430\u043d\u0442\u0438\u043e\u043a\u0441\u0438\u0434\u0430\u043d\u0442\u043d\u044b\u043c\u0438 \u0441\u0432\u043e\u0439\u0441\u0442\u0432\u0430\u043c\u0438, \u043a\u043e\u0442\u043e\u0440\u044b\u0435 \u0437\u0430\u043c\u0435\u0434\u043b\u044f\u044e\u0442 \u043f\u0440\u043e\u0446\u0435\u0441\u0441 \u0441\u0442\u0430\u0440\u0435\u043d\u0438\u044f.<\/span><\/span>.<\/p>\n<p><b style=\"font-size: 18px; font-family: Helvetica;\">\u042d\u0444\u0438\u0440\u043d\u043e\u0435 \u043c\u0430\u0441\u043b\u043e \u043b\u0438\u043c\u043e\u043d\u0430<\/b><span style=\"font-size: 18px; font-family: Helvetica;\">\u00a0\u043e\u0441\u0432\u0435\u0436\u0430\u0435\u0442 \u0438 \u0432\u043e\u0441\u0441\u0442\u0430\u043d\u0430\u0432\u043b\u0438\u0432\u0430\u0435\u0442 \u043a\u043e\u0436\u0443, \u043f\u043e\u0434\u0434\u0435\u0440\u0436\u0438\u0432\u0430\u044f \u0441\u0438\u043d\u0442\u0435\u0437 \u044d\u043b\u0430\u0441\u0442\u0430\u043d\u0430 \u0438 \u043a\u043e\u043b\u043b\u0430\u0433\u0435\u043d\u0430 \u0432 \u0442\u043a\u0430\u043d\u044f\u0445, \u043f\u043e\u043c\u043e\u0433\u0430\u044f \u0438\u0437\u0431\u0430\u0432\u0438\u0442\u044c\u0441\u044f \u043e\u0442 \u043d\u0435\u0434\u043e\u0441\u0442\u0430\u0442\u043a\u043e\u0432 \u043a\u043e\u0436\u0438.<\/span><\/p>\n<p><span style=\"font-size: 18px; font-family: Helvetica;\"><strong>\u0422\u0440\u043e\u0441\u0442\u043d\u0438\u043a\u043e\u0432\u044b\u0439 \u0441\u0430\u0445\u0430\u0440<\/strong> lieliski atbr\u012bvo no atmiru\u0161\u0101s \u0101das.<\/span><\/p>","protected":false},"excerpt":{"rendered":"<p>Toniz\u0113, atbr\u012bvo no atmiru\u0161\u0101s \u0101das, mitrina, uzlabo asinsriti, izl\u012bdzina \u0101du un c\u012bn\u0101s ar celul\u012bta un striju paz\u012bm\u0113m. &nbsp; \u041aokosriekstu e\u013c\u013ca\u00a0<\/p>","protected":false},"featured_media":28806,"comment_status":"open","ping_status":"closed","template":"","meta":[],"product_brand":[],"product_cat":[2214,2217,2215],"product_tag":[3488,3484,3487,3479,3483,3486,3485],"class_list":{"0":"post-28805","1":"product","2":"type-product","3":"status-publish","4":"has-post-thumbnail","6":"product_cat-citi-sejas-kopsanas-lidzekli","7":"product_cat-citi-produkti-kermena-kopsanai","8":"product_cat-visi-produkti","9":"product_tag-dabigs-kafijas-skrubis","10":"product_tag-krievija","11":"product_tag-natural-coffe-scrub","12":"product_tag-palm","13":"product_tag-russian","14":"product_tag-3486","15":"product_tag-3485","16":"pa_brand_nc-palm","18":"first","19":"instock","20":"sale","21":"taxable","22":"shipping-taxable","23":"purchasable","24":"product-type-simple"},"yoast_head":"<!-- This site is optimized with the Yoast SEO plugin v23.9 - https:\/\/yoast.com\/wordpress\/plugins\/seo\/ -->\n<title>Dab\u012bgs kafijas skrubis<\/title>\n<meta name=\"description\" content=\"Toniz\u0113, atbr\u012bvo no atmiru\u0161\u0101s \u0101das, mitrina, uzlabo asinsriti, izl\u012bdzina \u0101du un c\u012bn\u0101s ar celul\u012bta un striju paz\u012bm\u0113m.\" \/>\n<meta name=\"robots\" content=\"index, follow, max-snippet:-1, max-image-preview:large, max-video-preview:-1\" \/>\n<link rel=\"canonical\" href=\"https:\/\/women.lv\/ru\/product\/dabigs-kafijas-skrubis\/\" \/>\n<meta property=\"og:locale\" content=\"ru_RU\" \/>\n<meta property=\"og:type\" content=\"article\" \/>\n<meta property=\"og:title\" content=\"Dab\u012bgs kafijas skrubis\" \/>\n<meta property=\"og:description\" content=\"Toniz\u0113, atbr\u012bvo no atmiru\u0161\u0101s \u0101das, mitrina, uzlabo asinsriti, izl\u012bdzina \u0101du un c\u012bn\u0101s ar celul\u012bta un striju paz\u012bm\u0113m.\" \/>\n<meta property=\"og:url\" content=\"https:\/\/women.lv\/ru\/product\/dabigs-kafijas-skrubis\/\" \/>\n<meta property=\"og:site_name\" content=\"Women Veikals\" \/>\n<meta property=\"article:modified_time\" content=\"2026-03-21T09:48:19+00:00\" \/>\n<meta property=\"og:image\" content=\"https:\/\/women.lv\/wp-content\/uploads\/nc\/catalog\/Palm\/scrub_coffe.PNG\" \/>\n\t<meta property=\"og:image:width\" content=\"1122\" \/>\n\t<meta property=\"og:image:height\" content=\"886\" \/>\n\t<meta property=\"og:image:type\" content=\"image\/png\" \/>\n<meta name=\"twitter:card\" content=\"summary_large_image\" \/>\n<meta name=\"twitter:label1\" content=\"\u041f\u0440\u0438\u043c\u0435\u0440\u043d\u043e\u0435 \u0432\u0440\u0435\u043c\u044f \u0434\u043b\u044f \u0447\u0442\u0435\u043d\u0438\u044f\" \/>\n\t<meta name=\"twitter:data1\" content=\"1 \u043c\u0438\u043d\u0443\u0442\u0430\" \/>\n<script type=\"application\/ld+json\" class=\"yoast-schema-graph\">{\"@context\":\"https:\/\/schema.org\",\"@graph\":[{\"@type\":\"WebPage\",\"@id\":\"https:\/\/women.lv\/product\/dabigs-kafijas-skrubis\/\",\"url\":\"https:\/\/women.lv\/product\/dabigs-kafijas-skrubis\/\",\"name\":\"Dab\u012bgs kafijas skrubis\",\"isPartOf\":{\"@id\":\"https:\/\/women.lv\/#website\"},\"primaryImageOfPage\":{\"@id\":\"https:\/\/women.lv\/product\/dabigs-kafijas-skrubis\/#primaryimage\"},\"image\":{\"@id\":\"https:\/\/women.lv\/product\/dabigs-kafijas-skrubis\/#primaryimage\"},\"thumbnailUrl\":\"https:\/\/women.lv\/wp-content\/uploads\/nc\/catalog\/Palm\/scrub_coffe.PNG\",\"datePublished\":\"2020-12-29T11:35:45+00:00\",\"dateModified\":\"2026-03-21T09:48:19+00:00\",\"description\":\"Toniz\u0113, atbr\u012bvo no atmiru\u0161\u0101s \u0101das, mitrina, uzlabo asinsriti, izl\u012bdzina \u0101du un c\u012bn\u0101s ar celul\u012bta un striju paz\u012bm\u0113m.\",\"breadcrumb\":{\"@id\":\"https:\/\/women.lv\/product\/dabigs-kafijas-skrubis\/#breadcrumb\"},\"inLanguage\":\"ru-RU\",\"potentialAction\":[{\"@type\":\"ReadAction\",\"target\":[\"https:\/\/women.lv\/product\/dabigs-kafijas-skrubis\/\"]}]},{\"@type\":\"ImageObject\",\"inLanguage\":\"ru-RU\",\"@id\":\"https:\/\/women.lv\/product\/dabigs-kafijas-skrubis\/#primaryimage\",\"url\":\"https:\/\/women.lv\/wp-content\/uploads\/nc\/catalog\/Palm\/scrub_coffe.PNG\",\"contentUrl\":\"https:\/\/women.lv\/wp-content\/uploads\/nc\/catalog\/Palm\/scrub_coffe.PNG\",\"width\":1122,\"height\":886,\"caption\":\"Dab\u012bgs kafijas skrubis\"},{\"@type\":\"BreadcrumbList\",\"@id\":\"https:\/\/women.lv\/product\/dabigs-kafijas-skrubis\/#breadcrumb\",\"itemListElement\":[{\"@type\":\"ListItem\",\"position\":1,\"name\":\"Home\",\"item\":\"https:\/\/women.lv\/\"},{\"@type\":\"ListItem\",\"position\":2,\"name\":\"Products\",\"item\":\"https:\/\/women.lv\/en\/shop\/\"},{\"@type\":\"ListItem\",\"position\":3,\"name\":\"Dab\u012bgs kafijas skrubis\"}]},{\"@type\":\"WebSite\",\"@id\":\"https:\/\/women.lv\/#website\",\"url\":\"https:\/\/women.lv\/\",\"name\":\"Women Veikals\",\"description\":\"Uzdr\u012bksties b\u016bt skaista\",\"potentialAction\":[{\"@type\":\"SearchAction\",\"target\":{\"@type\":\"EntryPoint\",\"urlTemplate\":\"https:\/\/women.lv\/?s={search_term_string}\"},\"query-input\":{\"@type\":\"PropertyValueSpecification\",\"valueRequired\":true,\"valueName\":\"search_term_string\"}}],\"inLanguage\":\"ru-RU\"}]}<\/script>\n<!-- \/ Yoast SEO plugin. -->","yoast_head_json":{"title":"Dab\u012bgs kafijas skrubis","description":"Toniz\u0113, atbr\u012bvo no atmiru\u0161\u0101s \u0101das, mitrina, uzlabo asinsriti, izl\u012bdzina \u0101du un c\u012bn\u0101s ar celul\u012bta un striju paz\u012bm\u0113m.","robots":{"index":"index","follow":"follow","max-snippet":"max-snippet:-1","max-image-preview":"max-image-preview:large","max-video-preview":"max-video-preview:-1"},"canonical":"https:\/\/women.lv\/ru\/product\/dabigs-kafijas-skrubis\/","og_locale":"ru_RU","og_type":"article","og_title":"Dab\u012bgs kafijas skrubis","og_description":"Toniz\u0113, atbr\u012bvo no atmiru\u0161\u0101s \u0101das, mitrina, uzlabo asinsriti, izl\u012bdzina \u0101du un c\u012bn\u0101s ar celul\u012bta un striju paz\u012bm\u0113m.","og_url":"https:\/\/women.lv\/ru\/product\/dabigs-kafijas-skrubis\/","og_site_name":"Women Veikals","article_modified_time":"2026-03-21T09:48:19+00:00","og_image":[{"width":1122,"height":886,"url":"https:\/\/women.lv\/wp-content\/uploads\/nc\/catalog\/Palm\/scrub_coffe.PNG","type":"image\/png"}],"twitter_card":"summary_large_image","twitter_misc":{"\u041f\u0440\u0438\u043c\u0435\u0440\u043d\u043e\u0435 \u0432\u0440\u0435\u043c\u044f \u0434\u043b\u044f \u0447\u0442\u0435\u043d\u0438\u044f":"1 \u043c\u0438\u043d\u0443\u0442\u0430"},"schema":{"@context":"https:\/\/schema.org","@graph":[{"@type":"WebPage","@id":"https:\/\/women.lv\/product\/dabigs-kafijas-skrubis\/","url":"https:\/\/women.lv\/product\/dabigs-kafijas-skrubis\/","name":"Dab\u012bgs kafijas skrubis","isPartOf":{"@id":"https:\/\/women.lv\/#website"},"primaryImageOfPage":{"@id":"https:\/\/women.lv\/product\/dabigs-kafijas-skrubis\/#primaryimage"},"image":{"@id":"https:\/\/women.lv\/product\/dabigs-kafijas-skrubis\/#primaryimage"},"thumbnailUrl":"https:\/\/women.lv\/wp-content\/uploads\/nc\/catalog\/Palm\/scrub_coffe.PNG","datePublished":"2020-12-29T11:35:45+00:00","dateModified":"2026-03-21T09:48:19+00:00","description":"Toniz\u0113, atbr\u012bvo no atmiru\u0161\u0101s \u0101das, mitrina, uzlabo asinsriti, izl\u012bdzina \u0101du un c\u012bn\u0101s ar celul\u012bta un striju paz\u012bm\u0113m.","breadcrumb":{"@id":"https:\/\/women.lv\/product\/dabigs-kafijas-skrubis\/#breadcrumb"},"inLanguage":"ru-RU","potentialAction":[{"@type":"ReadAction","target":["https:\/\/women.lv\/product\/dabigs-kafijas-skrubis\/"]}]},{"@type":"ImageObject","inLanguage":"ru-RU","@id":"https:\/\/women.lv\/product\/dabigs-kafijas-skrubis\/#primaryimage","url":"https:\/\/women.lv\/wp-content\/uploads\/nc\/catalog\/Palm\/scrub_coffe.PNG","contentUrl":"https:\/\/women.lv\/wp-content\/uploads\/nc\/catalog\/Palm\/scrub_coffe.PNG","width":1122,"height":886,"caption":"Dab\u012bgs kafijas skrubis"},{"@type":"BreadcrumbList","@id":"https:\/\/women.lv\/product\/dabigs-kafijas-skrubis\/#breadcrumb","itemListElement":[{"@type":"ListItem","position":1,"name":"Home","item":"https:\/\/women.lv\/"},{"@type":"ListItem","position":2,"name":"Products","item":"https:\/\/women.lv\/en\/shop\/"},{"@type":"ListItem","position":3,"name":"Dab\u012bgs kafijas skrubis"}]},{"@type":"WebSite","@id":"https:\/\/women.lv\/#website","url":"https:\/\/women.lv\/","name":"Women Veikals","description":"Uzdr\u012bksties b\u016bt skaista","potentialAction":[{"@type":"SearchAction","target":{"@type":"EntryPoint","urlTemplate":"https:\/\/women.lv\/?s={search_term_string}"},"query-input":{"@type":"PropertyValueSpecification","valueRequired":true,"valueName":"search_term_string"}}],"inLanguage":"ru-RU"}]}},"_links":{"self":[{"href":"https:\/\/women.lv\/ru\/wp-json\/wp\/v2\/product\/28805","targetHints":{"allow":["GET"]}}],"collection":[{"href":"https:\/\/women.lv\/ru\/wp-json\/wp\/v2\/product"}],"about":[{"href":"https:\/\/women.lv\/ru\/wp-json\/wp\/v2\/types\/product"}],"replies":[{"embeddable":true,"href":"https:\/\/women.lv\/ru\/wp-json\/wp\/v2\/comments?post=28805"}],"version-history":[{"count":4,"href":"https:\/\/women.lv\/ru\/wp-json\/wp\/v2\/product\/28805\/revisions"}],"predecessor-version":[{"id":32155,"href":"https:\/\/women.lv\/ru\/wp-json\/wp\/v2\/product\/28805\/revisions\/32155"}],"wp:featuredmedia":[{"embeddable":true,"href":"https:\/\/women.lv\/ru\/wp-json\/wp\/v2\/media\/28806"}],"wp:attachment":[{"href":"https:\/\/women.lv\/ru\/wp-json\/wp\/v2\/media?parent=28805"}],"wp:term":[{"taxonomy":"product_brand","embeddable":true,"href":"https:\/\/women.lv\/ru\/wp-json\/wp\/v2\/product_brand?post=28805"},{"taxonomy":"product_cat","embeddable":true,"href":"https:\/\/women.lv\/ru\/wp-json\/wp\/v2\/product_cat?post=28805"},{"taxonomy":"product_tag","embeddable":true,"href":"https:\/\/women.lv\/ru\/wp-json\/wp\/v2\/product_tag?post=28805"}],"curies":[{"name":"wp","href":"https:\/\/api.w.org\/{rel}","templated":true}]}}