{"id":28800,"date":"2020-12-10T15:16:50","date_gmt":"2020-12-10T15:16:50","guid":{"rendered":"https:\/\/women.lv\/?product=3-peptidu-1-oligo-ha-liftinga-serums"},"modified":"2026-03-21T11:48:44","modified_gmt":"2026-03-21T09:48:44","slug":"3-peptidu-1-oligo-ha-liftinga-serums","status":"publish","type":"product","link":"https:\/\/women.lv\/ru\/product\/3-peptidu-1-oligo-ha-liftinga-serums\/","title":{"rendered":"\u041f\u0435\u043f\u0442\u0438\u0434 3% + \u043b\u0438\u0444\u0442\u0438\u043d\u0433-\u0441\u044b\u0432\u043e\u0440\u043e\u0442\u043a\u0430 1% Oligo HA"},"content":{"rendered":"<p><span style=\"font-family: Helvetica;\"><span style=\"font-size: 18px;\"><b>\u0422\u0440\u0435\u0442\u0438\u0439 \u0448\u0430\u0433 3<\/b><\/span><\/span><\/p>\n<p><span style=\"font-family: Helvetica;\"><span style=\"font-size: 18px; letter-spacing: 0.8px;\">\u0426\u0435\u043b\u044c \u0443\u043c\u0435\u043d\u044c\u0448\u0438\u0442\u044c: \u0422\u043e\u043d\u043a\u0438\u0435 \u043b\u0438\u043d\u0438\u0438 \u0438 \u043c\u043e\u0440\u0449\u0438\u043d\u044b, \u043f\u043e\u0442\u0435\u0440\u044e \u0443\u043f\u0440\u0443\u0433\u043e\u0441\u0442\u0438 \u0438 \u044d\u043b\u0430\u0441\u0442\u0438\u0447\u043d\u043e\u0441\u0442\u0438. \u0412\u044b\u0441\u043e\u043a\u043e\u044d\u0444\u0444\u0435\u043a\u0442\u0438\u0432\u043d\u0430\u044f \u0441\u044b\u0432\u043e\u0440\u043e\u0442\u043a\u0430, \u0446\u0435\u043b\u044c\u044e \u043a\u043e\u0442\u043e\u0440\u043e\u0439 \u044f\u0432\u043b\u044f\u0435\u0442\u0441\u044f \u0432\u043e\u0441\u0441\u0442\u0430\u043d\u043e\u0432\u043b\u0435\u043d\u0438\u0435 \u044d\u043b\u0430\u0441\u0442\u0438\u0447\u043d\u043e\u0441\u0442\u0438, \u0437\u0430\u043c\u0435\u0442\u043d\u043e\u0435 \u043f\u043e\u0434\u0442\u044f\u0433\u0438\u0432\u0430\u043d\u0438\u0435, \u0443\u043a\u0440\u0435\u043f\u043b\u0435\u043d\u0438\u0435 \u0438 \u043f\u0440\u0438\u0434\u0430\u043d\u0438\u0435 \u0444\u043e\u0440\u043c\u044b \u043a\u043e\u0436\u0435.<\/span><\/span><\/p>\n<ul>\n<li><span style=\"font-family: Helvetica;\"><span style=\"font-size: 18px;\">3% \u0410\u0446\u0435\u0442\u0438\u043b\u0433\u0435\u043a\u0441\u0430\u043f\u0435\u043f\u0442\u0438\u0434-8<\/span><\/span><\/li>\n<li><span style=\"font-family: Helvetica;\"><span style=\"font-size: 18px;\">1% \u041e\u043b\u0438\u0433\u043e \u0413\u0410<\/span><\/span><\/li>\n<li><span style=\"font-family: Helvetica;\"><span style=\"font-size: 18px;\">+ \u0421\u043e\u043a \u0441\u043e\u0440\u0433\u043e \u0434\u0432\u0443\u0445\u0446\u0432\u0435\u0442\u043d\u043e\u0433\u043e<\/span><\/span><\/li>\n<li><span style=\"font-family: Helvetica;\"><span style=\"font-size: 18px;\">+ \u041a\u043e\u043c\u043f\u043b\u0435\u043a\u0441 \u0430\u043a\u0430\u0446\u0438\u0438 \u0441\u0435\u043d\u0435\u0433\u0430\u043b\u044c\u0441\u043a\u043e\u0439 \u0438 \u0440\u0438\u0437\u043e\u0431\u0438\u0439\u0441\u043a\u043e\u0439 \u043a\u0430\u043c\u0435\u0434\u0438<\/span><\/span><\/li>\n<\/ul>\n<p><span style=\"font-family: Helvetica;\"><span style=\"font-size: 18px;\">\u0411\u0435\u0437 \u043a\u0440\u0430\u0441\u0438\u0442\u0435\u043b\u0435\u0439, \u0431\u0435\u0437 \u044d\u0444\u0438\u0440\u043d\u044b\u0445 \u043c\u0430\u0441\u0435\u043b, \u0431\u0435\u0437 \u043e\u0442\u0434\u0443\u0448\u0435\u043a, \u0431\u0435\u0437 \u043c\u0438\u043d\u0435\u0440\u0430\u043b\u044c\u043d\u044b\u0445 \u043c\u0430\u0441\u0435\u043b, \u0431\u0435\u0437 \u043f\u0430\u0440\u0430\u0431\u0435\u043d\u043e\u0432, \u0431\u0435\u0437 \u041f\u042d\u0413, \u0431\u0435\u0437 \u0441\u0438\u043b\u0438\u043a\u043e\u043d\u0430, \u0431\u0435\u0437 \u0441\u0443\u043b\u044c\u0444\u0430\u0442\u043e\u0432.<\/span><\/span><\/p>","protected":false},"excerpt":{"rendered":"<p>\u0428\u0430\u0433 \u0442\u0440\u0435\u0442\u0438\u0439 3. \u0426\u0435\u043b\u044c \u2013 \u0443\u043c\u0435\u043d\u044c\u0448\u0438\u0442\u044c: \u0422\u043e\u043d\u043a\u0438\u0435 \u043b\u0438\u043d\u0438\u0438 \u0438 \u043c\u043e\u0440\u0449\u0438\u043d\u044b, \u043f\u043e\u0442\u0435\u0440\u044e \u0443\u043f\u0440\u0443\u0433\u043e\u0441\u0442\u0438 \u0438 \u044d\u043b\u0430\u0441\u0442\u0438\u0447\u043d\u043e\u0441\u0442\u0438. \u0412\u044b\u0441\u043e\u043a\u043e\u044d\u0444\u0444\u0435\u043a\u0442\u0438\u0432\u043d\u0430\u044f \u0441\u044b\u0432\u043e\u0440\u043e\u0442\u043a\u0430, \u043d\u0430\u043f\u0440\u0430\u0432\u043b\u0435\u043d\u043d\u0430\u044f \u043d\u0430 \u0432\u043e\u0441\u0441\u0442\u0430\u043d\u043e\u0432\u043b\u0435\u043d\u0438\u0435 \u044d\u043b\u0430\u0441\u0442\u0438\u0447\u043d\u043e\u0441\u0442\u0438,<\/p>","protected":false},"featured_media":28801,"comment_status":"open","ping_status":"closed","template":"","meta":[],"product_brand":[],"product_cat":[2200,2202,2215,2231],"product_tag":[3475,3476,3474,3407,3408,3416,3417],"class_list":{"0":"post-28800","1":"product","2":"type-product","3":"status-publish","4":"has-post-thumbnail","6":"product_cat-sejas-kopsanas-lidzekli","7":"product_cat-serumi","8":"product_cat-visi-produkti","9":"product_cat-lv-on-sale","10":"product_tag-3-peptides-1-oligo-ha-instant-lifting-serum","11":"product_tag-3-peptidu-1-oligo-ha-liftinga-serums","12":"product_tag-3--1-oligo-ha---","13":"product_tag-beauty-pharma","14":"product_tag-bp","15":"product_tag-dermatologiska-kosmetika","16":"product_tag-3417","17":"pa_brand_nc-beauty-pharma","18":"pa_ean_nc-3473","19":"pa_ean_nc-turkey","21":"first","22":"outofstock","23":"sale","24":"taxable","25":"shipping-taxable","26":"purchasable","27":"product-type-simple"},"yoast_head":"<!-- This site is optimized with the Yoast SEO plugin v23.9 - https:\/\/yoast.com\/wordpress\/plugins\/seo\/ -->\n<title>3% pept\u012bdu + 1% Oligo HA liftinga serums<\/title>\n<meta name=\"description\" content=\"M\u0113r\u0137is samazin\u0101t: Smalkas l\u012bnijas un grumbas, stingr\u012bbas un elast\u012bbas zudums. Augstas veiktsp\u0113jas serumam, kura m\u0113r\u0137is ir atjaunot elast\u012bbu, lai redzami paceltu, nostiprin\u0101tu un veidotu \u0101du.\" \/>\n<meta name=\"robots\" content=\"index, follow, max-snippet:-1, max-image-preview:large, max-video-preview:-1\" \/>\n<link rel=\"canonical\" href=\"https:\/\/women.lv\/ru\/product\/3-peptidu-1-oligo-ha-liftinga-serums\/\" \/>\n<meta property=\"og:locale\" content=\"ru_RU\" \/>\n<meta property=\"og:type\" content=\"article\" \/>\n<meta property=\"og:title\" content=\"3% pept\u012bdu + 1% Oligo HA liftinga serums\" \/>\n<meta property=\"og:description\" content=\"M\u0113r\u0137is samazin\u0101t: Smalkas l\u012bnijas un grumbas, stingr\u012bbas un elast\u012bbas zudums. Augstas veiktsp\u0113jas serumam, kura m\u0113r\u0137is ir atjaunot elast\u012bbu, lai redzami paceltu, nostiprin\u0101tu un veidotu \u0101du.\" \/>\n<meta property=\"og:url\" content=\"https:\/\/women.lv\/ru\/product\/3-peptidu-1-oligo-ha-liftinga-serums\/\" \/>\n<meta property=\"og:site_name\" content=\"Women Veikals\" \/>\n<meta property=\"article:modified_time\" content=\"2026-03-21T09:48:44+00:00\" \/>\n<meta property=\"og:image\" content=\"https:\/\/women.lv\/wp-content\/uploads\/nc\/catalog\/Beauty-Pharma\/3-peptides-z-oligo-ha-instant-lifting-serum.jpg\" \/>\n\t<meta property=\"og:image:width\" content=\"512\" \/>\n\t<meta property=\"og:image:height\" content=\"512\" \/>\n\t<meta property=\"og:image:type\" content=\"image\/jpeg\" \/>\n<meta name=\"twitter:card\" content=\"summary_large_image\" \/>\n<script type=\"application\/ld+json\" class=\"yoast-schema-graph\">{\"@context\":\"https:\/\/schema.org\",\"@graph\":[{\"@type\":\"WebPage\",\"@id\":\"https:\/\/women.lv\/product\/3-peptidu-1-oligo-ha-liftinga-serums\/\",\"url\":\"https:\/\/women.lv\/product\/3-peptidu-1-oligo-ha-liftinga-serums\/\",\"name\":\"3% pept\u012bdu + 1% Oligo HA liftinga serums\",\"isPartOf\":{\"@id\":\"https:\/\/women.lv\/#website\"},\"primaryImageOfPage\":{\"@id\":\"https:\/\/women.lv\/product\/3-peptidu-1-oligo-ha-liftinga-serums\/#primaryimage\"},\"image\":{\"@id\":\"https:\/\/women.lv\/product\/3-peptidu-1-oligo-ha-liftinga-serums\/#primaryimage\"},\"thumbnailUrl\":\"https:\/\/women.lv\/wp-content\/uploads\/nc\/catalog\/Beauty-Pharma\/3-peptides-z-oligo-ha-instant-lifting-serum.jpg\",\"datePublished\":\"2020-12-10T15:16:50+00:00\",\"dateModified\":\"2026-03-21T09:48:44+00:00\",\"description\":\"M\u0113r\u0137is samazin\u0101t: Smalkas l\u012bnijas un grumbas, stingr\u012bbas un elast\u012bbas zudums. Augstas veiktsp\u0113jas serumam, kura m\u0113r\u0137is ir atjaunot elast\u012bbu, lai redzami paceltu, nostiprin\u0101tu un veidotu \u0101du.\",\"breadcrumb\":{\"@id\":\"https:\/\/women.lv\/product\/3-peptidu-1-oligo-ha-liftinga-serums\/#breadcrumb\"},\"inLanguage\":\"ru-RU\",\"potentialAction\":[{\"@type\":\"ReadAction\",\"target\":[\"https:\/\/women.lv\/product\/3-peptidu-1-oligo-ha-liftinga-serums\/\"]}]},{\"@type\":\"ImageObject\",\"inLanguage\":\"ru-RU\",\"@id\":\"https:\/\/women.lv\/product\/3-peptidu-1-oligo-ha-liftinga-serums\/#primaryimage\",\"url\":\"https:\/\/women.lv\/wp-content\/uploads\/nc\/catalog\/Beauty-Pharma\/3-peptides-z-oligo-ha-instant-lifting-serum.jpg\",\"contentUrl\":\"https:\/\/women.lv\/wp-content\/uploads\/nc\/catalog\/Beauty-Pharma\/3-peptides-z-oligo-ha-instant-lifting-serum.jpg\",\"width\":512,\"height\":512,\"caption\":\"3% pept\u012bdu + 1% Oligo HA liftinga serums\"},{\"@type\":\"BreadcrumbList\",\"@id\":\"https:\/\/women.lv\/product\/3-peptidu-1-oligo-ha-liftinga-serums\/#breadcrumb\",\"itemListElement\":[{\"@type\":\"ListItem\",\"position\":1,\"name\":\"Home\",\"item\":\"https:\/\/women.lv\/\"},{\"@type\":\"ListItem\",\"position\":2,\"name\":\"Products\",\"item\":\"https:\/\/women.lv\/en\/shop\/\"},{\"@type\":\"ListItem\",\"position\":3,\"name\":\"3% pept\u012bdu + 1% Oligo HA liftinga serums\"}]},{\"@type\":\"WebSite\",\"@id\":\"https:\/\/women.lv\/#website\",\"url\":\"https:\/\/women.lv\/\",\"name\":\"Women Veikals\",\"description\":\"Uzdr\u012bksties b\u016bt skaista\",\"potentialAction\":[{\"@type\":\"SearchAction\",\"target\":{\"@type\":\"EntryPoint\",\"urlTemplate\":\"https:\/\/women.lv\/?s={search_term_string}\"},\"query-input\":{\"@type\":\"PropertyValueSpecification\",\"valueRequired\":true,\"valueName\":\"search_term_string\"}}],\"inLanguage\":\"ru-RU\"}]}<\/script>\n<!-- \/ Yoast SEO plugin. -->","yoast_head_json":{"title":"3% pept\u012bdu + 1% Oligo HA liftinga serums","description":"M\u0113r\u0137is samazin\u0101t: Smalkas l\u012bnijas un grumbas, stingr\u012bbas un elast\u012bbas zudums. Augstas veiktsp\u0113jas serumam, kura m\u0113r\u0137is ir atjaunot elast\u012bbu, lai redzami paceltu, nostiprin\u0101tu un veidotu \u0101du.","robots":{"index":"index","follow":"follow","max-snippet":"max-snippet:-1","max-image-preview":"max-image-preview:large","max-video-preview":"max-video-preview:-1"},"canonical":"https:\/\/women.lv\/ru\/product\/3-peptidu-1-oligo-ha-liftinga-serums\/","og_locale":"ru_RU","og_type":"article","og_title":"3% pept\u012bdu + 1% Oligo HA liftinga serums","og_description":"M\u0113r\u0137is samazin\u0101t: Smalkas l\u012bnijas un grumbas, stingr\u012bbas un elast\u012bbas zudums. Augstas veiktsp\u0113jas serumam, kura m\u0113r\u0137is ir atjaunot elast\u012bbu, lai redzami paceltu, nostiprin\u0101tu un veidotu \u0101du.","og_url":"https:\/\/women.lv\/ru\/product\/3-peptidu-1-oligo-ha-liftinga-serums\/","og_site_name":"Women Veikals","article_modified_time":"2026-03-21T09:48:44+00:00","og_image":[{"width":512,"height":512,"url":"https:\/\/women.lv\/wp-content\/uploads\/nc\/catalog\/Beauty-Pharma\/3-peptides-z-oligo-ha-instant-lifting-serum.jpg","type":"image\/jpeg"}],"twitter_card":"summary_large_image","schema":{"@context":"https:\/\/schema.org","@graph":[{"@type":"WebPage","@id":"https:\/\/women.lv\/product\/3-peptidu-1-oligo-ha-liftinga-serums\/","url":"https:\/\/women.lv\/product\/3-peptidu-1-oligo-ha-liftinga-serums\/","name":"3% pept\u012bdu + 1% Oligo HA liftinga serums","isPartOf":{"@id":"https:\/\/women.lv\/#website"},"primaryImageOfPage":{"@id":"https:\/\/women.lv\/product\/3-peptidu-1-oligo-ha-liftinga-serums\/#primaryimage"},"image":{"@id":"https:\/\/women.lv\/product\/3-peptidu-1-oligo-ha-liftinga-serums\/#primaryimage"},"thumbnailUrl":"https:\/\/women.lv\/wp-content\/uploads\/nc\/catalog\/Beauty-Pharma\/3-peptides-z-oligo-ha-instant-lifting-serum.jpg","datePublished":"2020-12-10T15:16:50+00:00","dateModified":"2026-03-21T09:48:44+00:00","description":"M\u0113r\u0137is samazin\u0101t: Smalkas l\u012bnijas un grumbas, stingr\u012bbas un elast\u012bbas zudums. Augstas veiktsp\u0113jas serumam, kura m\u0113r\u0137is ir atjaunot elast\u012bbu, lai redzami paceltu, nostiprin\u0101tu un veidotu \u0101du.","breadcrumb":{"@id":"https:\/\/women.lv\/product\/3-peptidu-1-oligo-ha-liftinga-serums\/#breadcrumb"},"inLanguage":"ru-RU","potentialAction":[{"@type":"ReadAction","target":["https:\/\/women.lv\/product\/3-peptidu-1-oligo-ha-liftinga-serums\/"]}]},{"@type":"ImageObject","inLanguage":"ru-RU","@id":"https:\/\/women.lv\/product\/3-peptidu-1-oligo-ha-liftinga-serums\/#primaryimage","url":"https:\/\/women.lv\/wp-content\/uploads\/nc\/catalog\/Beauty-Pharma\/3-peptides-z-oligo-ha-instant-lifting-serum.jpg","contentUrl":"https:\/\/women.lv\/wp-content\/uploads\/nc\/catalog\/Beauty-Pharma\/3-peptides-z-oligo-ha-instant-lifting-serum.jpg","width":512,"height":512,"caption":"3% pept\u012bdu + 1% Oligo HA liftinga serums"},{"@type":"BreadcrumbList","@id":"https:\/\/women.lv\/product\/3-peptidu-1-oligo-ha-liftinga-serums\/#breadcrumb","itemListElement":[{"@type":"ListItem","position":1,"name":"Home","item":"https:\/\/women.lv\/"},{"@type":"ListItem","position":2,"name":"Products","item":"https:\/\/women.lv\/en\/shop\/"},{"@type":"ListItem","position":3,"name":"3% pept\u012bdu + 1% Oligo HA liftinga serums"}]},{"@type":"WebSite","@id":"https:\/\/women.lv\/#website","url":"https:\/\/women.lv\/","name":"Women Veikals","description":"Uzdr\u012bksties b\u016bt skaista","potentialAction":[{"@type":"SearchAction","target":{"@type":"EntryPoint","urlTemplate":"https:\/\/women.lv\/?s={search_term_string}"},"query-input":{"@type":"PropertyValueSpecification","valueRequired":true,"valueName":"search_term_string"}}],"inLanguage":"ru-RU"}]}},"_links":{"self":[{"href":"https:\/\/women.lv\/ru\/wp-json\/wp\/v2\/product\/28800","targetHints":{"allow":["GET"]}}],"collection":[{"href":"https:\/\/women.lv\/ru\/wp-json\/wp\/v2\/product"}],"about":[{"href":"https:\/\/women.lv\/ru\/wp-json\/wp\/v2\/types\/product"}],"replies":[{"embeddable":true,"href":"https:\/\/women.lv\/ru\/wp-json\/wp\/v2\/comments?post=28800"}],"version-history":[{"count":3,"href":"https:\/\/women.lv\/ru\/wp-json\/wp\/v2\/product\/28800\/revisions"}],"predecessor-version":[{"id":29526,"href":"https:\/\/women.lv\/ru\/wp-json\/wp\/v2\/product\/28800\/revisions\/29526"}],"wp:featuredmedia":[{"embeddable":true,"href":"https:\/\/women.lv\/ru\/wp-json\/wp\/v2\/media\/28801"}],"wp:attachment":[{"href":"https:\/\/women.lv\/ru\/wp-json\/wp\/v2\/media?parent=28800"}],"wp:term":[{"taxonomy":"product_brand","embeddable":true,"href":"https:\/\/women.lv\/ru\/wp-json\/wp\/v2\/product_brand?post=28800"},{"taxonomy":"product_cat","embeddable":true,"href":"https:\/\/women.lv\/ru\/wp-json\/wp\/v2\/product_cat?post=28800"},{"taxonomy":"product_tag","embeddable":true,"href":"https:\/\/women.lv\/ru\/wp-json\/wp\/v2\/product_tag?post=28800"}],"curies":[{"name":"wp","href":"https:\/\/api.w.org\/{rel}","templated":true}]}}