{"id":28785,"date":"2020-12-09T10:48:27","date_gmt":"2020-12-09T10:48:27","guid":{"rendered":"https:\/\/women.lv\/?product=15-c-vitamina-ha-antioksidejosais-aizsardzibas-serums"},"modified":"2026-03-21T11:49:08","modified_gmt":"2026-03-21T09:49:08","slug":"15-c-vitamina-ha-antioksidejosais-aizsardzibas-serums","status":"publish","type":"product","link":"https:\/\/women.lv\/ru\/product\/15-c-vitamina-ha-antioksidejosais-aizsardzibas-serums\/","title":{"rendered":"15% \u0410\u043d\u0442\u0438\u043e\u043a\u0441\u0438\u0434\u0430\u043d\u0442\u043d\u0430\u044f \u0437\u0430\u0449\u0438\u0442\u043d\u0430\u044f \u0441\u044b\u0432\u043e\u0440\u043e\u0442\u043a\u0430 \u0441 \u0432\u0438\u0442\u0430\u043c\u0438\u043d\u043e\u043c \u0421 + \u0413\u041a"},"content":{"rendered":"<p><span style=\"font-family: Helvetica;\"><span style=\"font-size: 18px;\"><b>\u0422\u0440\u0435\u0442\u0438\u0439 \u0448\u0430\u0433 3<\/b><\/span><\/span><\/p>\n<p><span style=\"font-family: Helvetica;\"><span style=\"font-size: 18px; letter-spacing: 0.8px;\">M\u0113r\u0137is samazin\u0101t:\u00a0Tum\u0161us plankumus, bl\u0101vumu, smalkas l\u012bnijas, \u0101das apgaismojumu, nevienm\u0113r\u012bgu tekst\u016bru, grumbas. Sp\u0113c\u012bgs serums, kas atgrie\u017e jaunekl\u012bgu spo\u017eumu, vienlaikus nodro\u0161inot antioksidantu aizsardz\u012bbu pret vides stresa faktoriem un br\u012bvajiem radik\u0101\u013ciem. Piem\u0113rots visiem \u0101das tipiem (iz\u0146emot personas ar jut\u012bgu \u0101du).<\/span><\/span><\/p>\n<ul>\n<li><span style=\"font-family: Helvetica;\"><span style=\"font-size: 18px;\">15% \u0412\u0438\u0442\u0430\u043c\u0438\u043d \u0421<\/span><\/span><\/li>\n<li><span style=\"font-family: Helvetica;\"><span style=\"font-size: 18px;\">0.5 hialuronsk\u0101be<\/span><\/span><\/li>\n<li><span style=\"font-family: Helvetica;\"><span style=\"font-size: 18px;\">+ \u0410\u043b\u043e\u044d \u0412\u0435\u0440\u0430<\/span><\/span><\/li>\n<li><span style=\"font-family: Helvetica;\"><span style=\"font-size: 18px;\">+ Me\u017eroz\u012b\u0161u un kumel\u012b\u0161u komplekss<\/span><\/span><\/li>\n<\/ul>\n<p><span style=\"font-family: Helvetica;\"><span style=\"font-size: 18px;\">\u0411\u0435\u0437 \u043a\u0440\u0430\u0441\u0438\u0442\u0435\u043b\u0435\u0439, \u0431\u0435\u0437 \u044d\u0444\u0438\u0440\u043d\u044b\u0445 \u043c\u0430\u0441\u0435\u043b, \u0431\u0435\u0437 \u043e\u0442\u0434\u0443\u0448\u0435\u043a, \u0431\u0435\u0437 \u043c\u0438\u043d\u0435\u0440\u0430\u043b\u044c\u043d\u044b\u0445 \u043c\u0430\u0441\u0435\u043b, \u0431\u0435\u0437 \u043f\u0430\u0440\u0430\u0431\u0435\u043d\u043e\u0432, \u0431\u0435\u0437 \u041f\u042d\u0413, \u0431\u0435\u0437 \u0441\u0438\u043b\u0438\u043a\u043e\u043d\u0430, \u0431\u0435\u0437 \u0441\u0443\u043b\u044c\u0444\u0430\u0442\u043e\u0432.<\/span><\/span><\/p>","protected":false},"excerpt":{"rendered":"<p>\u0428\u0430\u0433 \u0442\u0440\u0435\u0442\u0438\u0439 3. \u0421\u0442\u0440\u0435\u043c\u0438\u0442\u0435\u0441\u044c \u0443\u043c\u0435\u043d\u044c\u0448\u0438\u0442\u044c: \u0442\u0435\u043c\u043d\u044b\u0435 \u043f\u044f\u0442\u043d\u0430, \u0442\u0443\u0441\u043a\u043b\u043e\u0441\u0442\u044c, \u0442\u043e\u043d\u043a\u0438\u0435 \u043b\u0438\u043d\u0438\u0438, \u043e\u0441\u0432\u0435\u0442\u043b\u0435\u043d\u0438\u0435 \u043a\u043e\u0436\u0438, \u043d\u0435\u0440\u043e\u0432\u043d\u0443\u044e \u0442\u0435\u043a\u0441\u0442\u0443\u0440\u0443, \u043c\u043e\u0440\u0449\u0438\u043d\u044b. \u041c\u043e\u0449\u043d\u0430\u044f \u0441\u044b\u0432\u043e\u0440\u043e\u0442\u043a\u0430, \u0432\u043e\u0437\u0432\u0440\u0430\u0449\u0430\u044e\u0449\u0430\u044f \u0441\u0438\u044f\u043d\u0438\u0435 \u043c\u043e\u043b\u043e\u0434\u043e\u0441\u0442\u0438.<\/p>","protected":false},"featured_media":28786,"comment_status":"open","ping_status":"closed","template":"","meta":[],"product_brand":[],"product_cat":[2231,2201,2200,2215],"product_tag":[3447,3448,3446,3407,3408,3415,3416,3412,3413,3417,3414],"class_list":{"0":"post-28785","1":"product","2":"type-product","3":"status-publish","4":"has-post-thumbnail","6":"product_cat-lv-on-sale","7":"product_cat-pretnovecosanas-un-pretgrumbu","8":"product_cat-sejas-kopsanas-lidzekli","9":"product_cat-visi-produkti","10":"product_tag-15-c-vitamina-ha-antioksidejosais-aizsardzibas-serums","11":"product_tag-15-vitamin-c-ha-antioxidizing-defense-serum","12":"product_tag-15---","13":"product_tag-beauty-pharma","14":"product_tag-bp","15":"product_tag-dermatological-cosmetics","16":"product_tag-dermatologiska-kosmetika","17":"product_tag-turcija","18":"product_tag-turkey","19":"product_tag-3417","20":"product_tag-3414","21":"pa_brand_nc-beauty-pharma","22":"pa_ean_nc-3445","23":"pa_ean_nc-turkey","25":"first","26":"outofstock","27":"sale","28":"taxable","29":"shipping-taxable","30":"purchasable","31":"product-type-simple"},"yoast_head":"<!-- This site is optimized with the Yoast SEO plugin v27.4 - https:\/\/yoast.com\/product\/yoast-seo-wordpress\/ -->\n<title>15% C vitam\u012bna + HA antioksid\u0113jo\u0161ais aizsardz\u012bbas serums<\/title>\n<meta name=\"description\" content=\"M\u0113r\u0137is samazin\u0101t: Tum\u0161us plankumus, bl\u0101vumu, smalkas l\u012bnijas, \u0101das apgaismojumu, nevienm\u0113r\u012bgu tekst\u016bru, grumbas. Sp\u0113c\u012bgs serums, kas atgrie\u017e jaunekl\u012bgu spo\u017eumu, vienlaikus nodro\u0161inot antioksidantu aizsardz\u012bbu pret vides stresa faktoriem un br\u012bvajiem radik\" \/>\n<meta name=\"robots\" content=\"index, follow, max-snippet:-1, max-image-preview:large, max-video-preview:-1\" \/>\n<link rel=\"canonical\" href=\"https:\/\/women.lv\/ru\/product\/15-c-vitamina-ha-antioksidejosais-aizsardzibas-serums\/\" \/>\n<meta property=\"og:locale\" content=\"ru_RU\" \/>\n<meta property=\"og:type\" content=\"article\" \/>\n<meta property=\"og:title\" content=\"15% C vitam\u012bna + HA antioksid\u0113jo\u0161ais aizsardz\u012bbas serums\" \/>\n<meta property=\"og:description\" content=\"M\u0113r\u0137is samazin\u0101t: Tum\u0161us plankumus, bl\u0101vumu, smalkas l\u012bnijas, \u0101das apgaismojumu, nevienm\u0113r\u012bgu tekst\u016bru, grumbas. Sp\u0113c\u012bgs serums, kas atgrie\u017e jaunekl\u012bgu spo\u017eumu, vienlaikus nodro\u0161inot antioksidantu aizsardz\u012bbu pret vides stresa faktoriem un br\u012bvajiem radik\" \/>\n<meta property=\"og:url\" content=\"https:\/\/women.lv\/ru\/product\/15-c-vitamina-ha-antioksidejosais-aizsardzibas-serums\/\" \/>\n<meta property=\"og:site_name\" content=\"Women Veikals\" \/>\n<meta property=\"article:modified_time\" content=\"2026-03-21T09:49:08+00:00\" \/>\n<meta property=\"og:image\" content=\"https:\/\/women.lv\/wp-content\/uploads\/nc\/catalog\/Beauty-Pharma\/15-vitamin-c-ha-antioxidizing-defense-serum.PNG\" \/>\n\t<meta property=\"og:image:width\" content=\"786\" \/>\n\t<meta property=\"og:image:height\" content=\"792\" \/>\n\t<meta property=\"og:image:type\" content=\"image\/png\" \/>\n<meta name=\"twitter:card\" content=\"summary_large_image\" \/>\n<meta name=\"twitter:label1\" content=\"\u041f\u0440\u0438\u043c\u0435\u0440\u043d\u043e\u0435 \u0432\u0440\u0435\u043c\u044f \u0434\u043b\u044f \u0447\u0442\u0435\u043d\u0438\u044f\" \/>\n\t<meta name=\"twitter:data1\" content=\"1 \u043c\u0438\u043d\u0443\u0442\u0430\" \/>\n<script type=\"application\/ld+json\" class=\"yoast-schema-graph\">{\"@context\":\"https:\\\/\\\/schema.org\",\"@graph\":[{\"@type\":\"WebPage\",\"@id\":\"https:\\\/\\\/women.lv\\\/product\\\/15-c-vitamina-ha-antioksidejosais-aizsardzibas-serums\\\/\",\"url\":\"https:\\\/\\\/women.lv\\\/product\\\/15-c-vitamina-ha-antioksidejosais-aizsardzibas-serums\\\/\",\"name\":\"15% C vitam\u012bna + HA antioksid\u0113jo\u0161ais aizsardz\u012bbas serums\",\"isPartOf\":{\"@id\":\"https:\\\/\\\/women.lv\\\/#website\"},\"primaryImageOfPage\":{\"@id\":\"https:\\\/\\\/women.lv\\\/product\\\/15-c-vitamina-ha-antioksidejosais-aizsardzibas-serums\\\/#primaryimage\"},\"image\":{\"@id\":\"https:\\\/\\\/women.lv\\\/product\\\/15-c-vitamina-ha-antioksidejosais-aizsardzibas-serums\\\/#primaryimage\"},\"thumbnailUrl\":\"https:\\\/\\\/women.lv\\\/wp-content\\\/uploads\\\/nc\\\/catalog\\\/Beauty-Pharma\\\/15-vitamin-c-ha-antioxidizing-defense-serum.PNG\",\"datePublished\":\"2020-12-09T10:48:27+00:00\",\"dateModified\":\"2026-03-21T09:49:08+00:00\",\"description\":\"M\u0113r\u0137is samazin\u0101t: Tum\u0161us plankumus, bl\u0101vumu, smalkas l\u012bnijas, \u0101das apgaismojumu, nevienm\u0113r\u012bgu tekst\u016bru, grumbas. Sp\u0113c\u012bgs serums, kas atgrie\u017e jaunekl\u012bgu spo\u017eumu, vienlaikus nodro\u0161inot antioksidantu aizsardz\u012bbu pret vides stresa faktoriem un br\u012bvajiem radik\",\"breadcrumb\":{\"@id\":\"https:\\\/\\\/women.lv\\\/product\\\/15-c-vitamina-ha-antioksidejosais-aizsardzibas-serums\\\/#breadcrumb\"},\"inLanguage\":\"ru-RU\",\"potentialAction\":[{\"@type\":\"ReadAction\",\"target\":[\"https:\\\/\\\/women.lv\\\/product\\\/15-c-vitamina-ha-antioksidejosais-aizsardzibas-serums\\\/\"]}]},{\"@type\":\"ImageObject\",\"inLanguage\":\"ru-RU\",\"@id\":\"https:\\\/\\\/women.lv\\\/product\\\/15-c-vitamina-ha-antioksidejosais-aizsardzibas-serums\\\/#primaryimage\",\"url\":\"https:\\\/\\\/women.lv\\\/wp-content\\\/uploads\\\/nc\\\/catalog\\\/Beauty-Pharma\\\/15-vitamin-c-ha-antioxidizing-defense-serum.PNG\",\"contentUrl\":\"https:\\\/\\\/women.lv\\\/wp-content\\\/uploads\\\/nc\\\/catalog\\\/Beauty-Pharma\\\/15-vitamin-c-ha-antioxidizing-defense-serum.PNG\",\"width\":786,\"height\":792,\"caption\":\"15% C vitam\u012bna + HA antioksid\u0113jo\u0161ais aizsardz\u012bbas serums\"},{\"@type\":\"BreadcrumbList\",\"@id\":\"https:\\\/\\\/women.lv\\\/product\\\/15-c-vitamina-ha-antioksidejosais-aizsardzibas-serums\\\/#breadcrumb\",\"itemListElement\":[{\"@type\":\"ListItem\",\"position\":1,\"name\":\"Home\",\"item\":\"https:\\\/\\\/women.lv\\\/\"},{\"@type\":\"ListItem\",\"position\":2,\"name\":\"Products\",\"item\":\"https:\\\/\\\/women.lv\\\/en\\\/shop\\\/\"},{\"@type\":\"ListItem\",\"position\":3,\"name\":\"15% C vitam\u012bna + HA antioksid\u0113jo\u0161ais aizsardz\u012bbas serums\"}]},{\"@type\":\"WebSite\",\"@id\":\"https:\\\/\\\/women.lv\\\/#website\",\"url\":\"https:\\\/\\\/women.lv\\\/\",\"name\":\"Women Veikals\",\"description\":\"Uzdr\u012bksties b\u016bt skaista\",\"potentialAction\":[{\"@type\":\"SearchAction\",\"target\":{\"@type\":\"EntryPoint\",\"urlTemplate\":\"https:\\\/\\\/women.lv\\\/?s={search_term_string}\"},\"query-input\":{\"@type\":\"PropertyValueSpecification\",\"valueRequired\":true,\"valueName\":\"search_term_string\"}}],\"inLanguage\":\"ru-RU\"}]}<\/script>\n<!-- \/ Yoast SEO plugin. -->","yoast_head_json":{"title":"15% \u0410\u043d\u0442\u0438\u043e\u043a\u0441\u0438\u0434\u0430\u043d\u0442\u043d\u0430\u044f \u0437\u0430\u0449\u0438\u0442\u043d\u0430\u044f \u0441\u044b\u0432\u043e\u0440\u043e\u0442\u043a\u0430 \u0441 \u0432\u0438\u0442\u0430\u043c\u0438\u043d\u043e\u043c \u0421 + \u0413\u041a","description":"M\u0113r\u0137is samazin\u0101t: Tum\u0161us plankumus, bl\u0101vumu, smalkas l\u012bnijas, \u0101das apgaismojumu, nevienm\u0113r\u012bgu tekst\u016bru, grumbas. Sp\u0113c\u012bgs serums, kas atgrie\u017e jaunekl\u012bgu spo\u017eumu, vienlaikus nodro\u0161inot antioksidantu aizsardz\u012bbu pret vides stresa faktoriem un br\u012bvajiem radik","robots":{"index":"index","follow":"follow","max-snippet":"max-snippet:-1","max-image-preview":"max-image-preview:large","max-video-preview":"max-video-preview:-1"},"canonical":"https:\/\/women.lv\/ru\/product\/15-c-vitamina-ha-antioksidejosais-aizsardzibas-serums\/","og_locale":"ru_RU","og_type":"article","og_title":"15% C vitam\u012bna + HA antioksid\u0113jo\u0161ais aizsardz\u012bbas serums","og_description":"M\u0113r\u0137is samazin\u0101t: Tum\u0161us plankumus, bl\u0101vumu, smalkas l\u012bnijas, \u0101das apgaismojumu, nevienm\u0113r\u012bgu tekst\u016bru, grumbas. Sp\u0113c\u012bgs serums, kas atgrie\u017e jaunekl\u012bgu spo\u017eumu, vienlaikus nodro\u0161inot antioksidantu aizsardz\u012bbu pret vides stresa faktoriem un br\u012bvajiem radik","og_url":"https:\/\/women.lv\/ru\/product\/15-c-vitamina-ha-antioksidejosais-aizsardzibas-serums\/","og_site_name":"Women Veikals","article_modified_time":"2026-03-21T09:49:08+00:00","og_image":[{"width":786,"height":792,"url":"https:\/\/women.lv\/wp-content\/uploads\/nc\/catalog\/Beauty-Pharma\/15-vitamin-c-ha-antioxidizing-defense-serum.PNG","type":"image\/png"}],"twitter_card":"summary_large_image","twitter_misc":{"\u041f\u0440\u0438\u043c\u0435\u0440\u043d\u043e\u0435 \u0432\u0440\u0435\u043c\u044f \u0434\u043b\u044f \u0447\u0442\u0435\u043d\u0438\u044f":"1 \u043c\u0438\u043d\u0443\u0442\u0430"},"schema":{"@context":"https:\/\/schema.org","@graph":[{"@type":"WebPage","@id":"https:\/\/women.lv\/product\/15-c-vitamina-ha-antioksidejosais-aizsardzibas-serums\/","url":"https:\/\/women.lv\/product\/15-c-vitamina-ha-antioksidejosais-aizsardzibas-serums\/","name":"15% \u0410\u043d\u0442\u0438\u043e\u043a\u0441\u0438\u0434\u0430\u043d\u0442\u043d\u0430\u044f \u0437\u0430\u0449\u0438\u0442\u043d\u0430\u044f \u0441\u044b\u0432\u043e\u0440\u043e\u0442\u043a\u0430 \u0441 \u0432\u0438\u0442\u0430\u043c\u0438\u043d\u043e\u043c \u0421 + \u0413\u041a","isPartOf":{"@id":"https:\/\/women.lv\/#website"},"primaryImageOfPage":{"@id":"https:\/\/women.lv\/product\/15-c-vitamina-ha-antioksidejosais-aizsardzibas-serums\/#primaryimage"},"image":{"@id":"https:\/\/women.lv\/product\/15-c-vitamina-ha-antioksidejosais-aizsardzibas-serums\/#primaryimage"},"thumbnailUrl":"https:\/\/women.lv\/wp-content\/uploads\/nc\/catalog\/Beauty-Pharma\/15-vitamin-c-ha-antioxidizing-defense-serum.PNG","datePublished":"2020-12-09T10:48:27+00:00","dateModified":"2026-03-21T09:49:08+00:00","description":"M\u0113r\u0137is samazin\u0101t: Tum\u0161us plankumus, bl\u0101vumu, smalkas l\u012bnijas, \u0101das apgaismojumu, nevienm\u0113r\u012bgu tekst\u016bru, grumbas. Sp\u0113c\u012bgs serums, kas atgrie\u017e jaunekl\u012bgu spo\u017eumu, vienlaikus nodro\u0161inot antioksidantu aizsardz\u012bbu pret vides stresa faktoriem un br\u012bvajiem radik","breadcrumb":{"@id":"https:\/\/women.lv\/product\/15-c-vitamina-ha-antioksidejosais-aizsardzibas-serums\/#breadcrumb"},"inLanguage":"ru-RU","potentialAction":[{"@type":"ReadAction","target":["https:\/\/women.lv\/product\/15-c-vitamina-ha-antioksidejosais-aizsardzibas-serums\/"]}]},{"@type":"ImageObject","inLanguage":"ru-RU","@id":"https:\/\/women.lv\/product\/15-c-vitamina-ha-antioksidejosais-aizsardzibas-serums\/#primaryimage","url":"https:\/\/women.lv\/wp-content\/uploads\/nc\/catalog\/Beauty-Pharma\/15-vitamin-c-ha-antioxidizing-defense-serum.PNG","contentUrl":"https:\/\/women.lv\/wp-content\/uploads\/nc\/catalog\/Beauty-Pharma\/15-vitamin-c-ha-antioxidizing-defense-serum.PNG","width":786,"height":792,"caption":"15% C vitam\u012bna + HA antioksid\u0113jo\u0161ais aizsardz\u012bbas serums"},{"@type":"BreadcrumbList","@id":"https:\/\/women.lv\/product\/15-c-vitamina-ha-antioksidejosais-aizsardzibas-serums\/#breadcrumb","itemListElement":[{"@type":"ListItem","position":1,"name":"Home","item":"https:\/\/women.lv\/"},{"@type":"ListItem","position":2,"name":"Products","item":"https:\/\/women.lv\/en\/shop\/"},{"@type":"ListItem","position":3,"name":"15% C vitam\u012bna + HA antioksid\u0113jo\u0161ais aizsardz\u012bbas serums"}]},{"@type":"WebSite","@id":"https:\/\/women.lv\/#website","url":"https:\/\/women.lv\/","name":"\u041c\u0430\u0433\u0430\u0437\u0438\u043d Women","description":"Uzdr\u012bksties b\u016bt skaista","potentialAction":[{"@type":"SearchAction","target":{"@type":"EntryPoint","urlTemplate":"https:\/\/women.lv\/?s={search_term_string}"},"query-input":{"@type":"PropertyValueSpecification","valueRequired":true,"valueName":"search_term_string"}}],"inLanguage":"ru-RU"}]}},"_links":{"self":[{"href":"https:\/\/women.lv\/ru\/wp-json\/wp\/v2\/product\/28785","targetHints":{"allow":["GET"]}}],"collection":[{"href":"https:\/\/women.lv\/ru\/wp-json\/wp\/v2\/product"}],"about":[{"href":"https:\/\/women.lv\/ru\/wp-json\/wp\/v2\/types\/product"}],"replies":[{"embeddable":true,"href":"https:\/\/women.lv\/ru\/wp-json\/wp\/v2\/comments?post=28785"}],"version-history":[{"count":0,"href":"https:\/\/women.lv\/ru\/wp-json\/wp\/v2\/product\/28785\/revisions"}],"wp:featuredmedia":[{"embeddable":true,"href":"https:\/\/women.lv\/ru\/wp-json\/wp\/v2\/media\/28786"}],"wp:attachment":[{"href":"https:\/\/women.lv\/ru\/wp-json\/wp\/v2\/media?parent=28785"}],"wp:term":[{"taxonomy":"product_brand","embeddable":true,"href":"https:\/\/women.lv\/ru\/wp-json\/wp\/v2\/product_brand?post=28785"},{"taxonomy":"product_cat","embeddable":true,"href":"https:\/\/women.lv\/ru\/wp-json\/wp\/v2\/product_cat?post=28785"},{"taxonomy":"product_tag","embeddable":true,"href":"https:\/\/women.lv\/ru\/wp-json\/wp\/v2\/product_tag?post=28785"}],"curies":[{"name":"wp","href":"https:\/\/api.w.org\/{rel}","templated":true}]}}