{"id":28781,"date":"2020-12-09T09:59:21","date_gmt":"2020-12-09T09:59:21","guid":{"rendered":"https:\/\/women.lv\/?product=01-retinola-vieglais-anti-novecosanas-serums"},"modified":"2026-03-21T11:49:17","modified_gmt":"2026-03-21T09:49:17","slug":"0-1-retinola-vieglais-anti-novecosanas-serums","status":"publish","type":"product","link":"https:\/\/women.lv\/ru\/product\/0-1-retinola-vieglais-anti-novecosanas-serums\/","title":{"rendered":"0.1% \u041b\u0435\u0433\u043a\u0430\u044f \u0430\u043d\u0442\u0438\u0432\u043e\u0437\u0440\u0430\u0441\u0442\u043d\u0430\u044f \u0441\u044b\u0432\u043e\u0440\u043e\u0442\u043a\u0430 \u0441 \u0440\u0435\u0442\u0438\u043d\u043e\u043b\u043e\u043c"},"content":{"rendered":"<p><span style=\"font-family: Helvetica;\"><span style=\"font-size: 18px;\"><b>\u0422\u0440\u0435\u0442\u0438\u0439 \u0448\u0430\u0433 3<\/b><\/span><\/span><\/p>\n<p><span style=\"font-family: Helvetica;\"><span style=\"font-size: 18px; letter-spacing: 0.8px;\">\u0426\u0435\u043b\u044c: \u0443\u043c\u0435\u043d\u044c\u0448\u0438\u0442\u044c \u0442\u0443\u0441\u043a\u043b\u043e\u0441\u0442\u044c, \u0442\u043e\u043d\u043a\u0438\u0435 \u043b\u0438\u043d\u0438\u0438, \u043f\u043e\u0442\u0435\u0440\u044e \u0443\u043f\u0440\u0443\u0433\u043e\u0441\u0442\u0438, \u043d\u0435\u0440\u043e\u0432\u043d\u0443\u044e \u0442\u0435\u043a\u0441\u0442\u0443\u0440\u0443, \u043c\u043e\u0440\u0449\u0438\u043d\u044b. \u041d\u043e\u0447\u043d\u0430\u044f \u0441\u044b\u0432\u043e\u0440\u043e\u0442\u043a\u0430 \u0441 \u0440\u0435\u0442\u0438\u043d\u043e\u0438\u0434\u043e\u043c, \u043a\u043e\u0442\u043e\u0440\u0430\u044f \u0431\u043e\u0440\u0435\u0442\u0441\u044f \u0441 \u043f\u043e\u044f\u0432\u043b\u0435\u043d\u0438\u0435\u043c \u043c\u043e\u0440\u0449\u0438\u043d \u0438 \u0443\u043c\u0435\u043d\u044c\u0448\u0430\u0435\u0442 \u043f\u0440\u043e\u044f\u0432\u043b\u0435\u043d\u0438\u044f \u043d\u0435\u0441\u043e\u0432\u0435\u0440\u0448\u0435\u043d\u0441\u0442\u0432, \u043d\u0435 \u0432\u044b\u0437\u044b\u0432\u0430\u044f \u0440\u0430\u0437\u0434\u0440\u0430\u0436\u0435\u043d\u0438\u044f \u0438 \u0447\u0443\u0432\u0441\u0442\u0432\u0438\u0442\u0435\u043b\u044c\u043d\u043e\u0441\u0442\u0438 \u043a\u043e\u0436\u0438.<\/span><\/span><\/p>\n<ul>\n<li><span style=\"font-family: Helvetica;\"><span style=\"font-size: 18px;\">0,5% \u0412\u0438\u0442\u0430\u043c\u0438\u043d \u0410<\/span><\/span><\/li>\n<li><span style=\"font-family: Helvetica;\"><span style=\"font-size: 18px;\">1% \u0441\u043a\u0432\u0430\u043b\u0430\u043d<\/span><\/span><\/li>\n<li><span style=\"font-family: Helvetica;\"><span style=\"font-size: 18px;\">+ \u0413\u0438\u0430\u043b\u0443\u0440\u043e\u043d\u043e\u0432\u0430\u044f \u043a\u0438\u0441\u043b\u043e\u0442\u0430<\/span><\/span><\/li>\n<li><span style=\"font-family: Helvetica;\"><span style=\"font-size: 18px;\">+ \u0410\u0446\u0435\u0442\u0438\u043b\u0433\u0435\u043a\u0441\u0430\u043f\u0435\u043f\u0442\u0438\u0434-8<\/span><\/span><\/li>\n<li><span style=\"font-family: Helvetica;\"><span style=\"font-size: 18px;\">+ \u041f\u0440\u043e\u0432\u0438\u0442\u0430\u043c\u0438\u043d B5\n<p><\/span><\/span><\/li>\n<\/ul>\n<p><span style=\"font-family: Helvetica;\"><span style=\"font-size: 18px;\">\u0411\u0435\u0437 \u043a\u0440\u0430\u0441\u0438\u0442\u0435\u043b\u0435\u0439, \u0431\u0435\u0437 \u044d\u0444\u0438\u0440\u043d\u044b\u0445 \u043c\u0430\u0441\u0435\u043b, \u0431\u0435\u0437 \u043e\u0442\u0434\u0443\u0448\u0435\u043a, \u0431\u0435\u0437 \u043c\u0438\u043d\u0435\u0440\u0430\u043b\u044c\u043d\u044b\u0445 \u043c\u0430\u0441\u0435\u043b, \u0431\u0435\u0437 \u043f\u0430\u0440\u0430\u0431\u0435\u043d\u043e\u0432, \u0431\u0435\u0437 \u041f\u042d\u0413, \u0431\u0435\u0437 \u0441\u0438\u043b\u0438\u043a\u043e\u043d\u0430, \u0431\u0435\u0437 \u0441\u0443\u043b\u044c\u0444\u0430\u0442\u043e\u0432.<\/span><\/span><\/p>","protected":false},"excerpt":{"rendered":"<p>\u0428\u0430\u0433 \u0442\u0440\u0435\u0442\u0438\u0439 3. \u0421\u0442\u0440\u0435\u043c\u0438\u0442\u0435\u0441\u044c \u0443\u043c\u0435\u043d\u044c\u0448\u0438\u0442\u044c: \u0442\u0443\u0441\u043a\u043b\u043e\u0441\u0442\u044c, \u0442\u043e\u043d\u043a\u0438\u0435 \u043b\u0438\u043d\u0438\u0438, \u043f\u043e\u0442\u0435\u0440\u044e \u0443\u043f\u0440\u0443\u0433\u043e\u0441\u0442\u0438, \u043d\u0435\u0440\u043e\u0432\u043d\u0443\u044e \u0442\u0435\u043a\u0441\u0442\u0443\u0440\u0443, \u043c\u043e\u0440\u0449\u0438\u043d\u044b. \u041d\u043e\u0447\u043d\u0430\u044f \u0441\u044b\u0432\u043e\u0440\u043e\u0442\u043a\u0430 \u0441 \u0440\u0435\u0442\u0438\u043d\u043e\u0438\u0434\u043e\u043c, \u043a\u043e\u0442\u043e\u0440\u0430\u044f \u0431\u043e\u0440\u0435\u0442\u0441\u044f \u0441 \u043c\u043e\u0440\u0449\u0438\u043d\u0430\u043c\u0438<\/p>","protected":false},"featured_media":28782,"comment_status":"open","ping_status":"closed","template":"","meta":[],"product_brand":[],"product_cat":[2231,2201,2200,2215],"product_tag":[3439,3440,3438,3407,3408,3415,3416,3412,3413,3417,3414],"class_list":{"0":"post-28781","1":"product","2":"type-product","3":"status-publish","4":"has-post-thumbnail","6":"product_cat-lv-on-sale","7":"product_cat-pretnovecosanas-un-pretgrumbu","8":"product_cat-sejas-kopsanas-lidzekli","9":"product_cat-visi-produkti","10":"product_tag-01-retinol-light-anti-aging-serum","11":"product_tag-01-retinola-vieglais-anti-novecosanas-serums","12":"product_tag-01----","13":"product_tag-beauty-pharma","14":"product_tag-bp","15":"product_tag-dermatological-cosmetics","16":"product_tag-dermatologiska-kosmetika","17":"product_tag-turcija","18":"product_tag-turkey","19":"product_tag-3417","20":"product_tag-3414","21":"pa_brand_nc-beauty-pharma","22":"pa_ean_nc-3437","23":"pa_ean_nc-turkey","25":"first","26":"outofstock","27":"sale","28":"taxable","29":"shipping-taxable","30":"purchasable","31":"product-type-simple"},"yoast_head":"<!-- This site is optimized with the Yoast SEO plugin v27.4 - https:\/\/yoast.com\/product\/yoast-seo-wordpress\/ -->\n<title>0.1% retinola vieglais anti-noveco\u0161an\u0101s serums<\/title>\n<meta name=\"description\" content=\"M\u0113r\u0137is samazin\u0101t: Bl\u0101vumu, smalkas l\u012bnijas, stingr\u012bbas zudumu, nevienm\u0113r\u012bgu tekst\u016bru, grumbas. Retino\u012bdu serums nakts lieto\u0161anai, kas c\u012bn\u0101s ar grumbu par\u0101d\u012b\u0161anos un samazina nepiln\u012bbas izskatu bez \u0101das kairin\u0101juma vai jut\u012bguma.\" \/>\n<meta name=\"robots\" content=\"index, follow, max-snippet:-1, max-image-preview:large, max-video-preview:-1\" \/>\n<link rel=\"canonical\" href=\"https:\/\/women.lv\/ru\/product\/0-1-retinola-vieglais-anti-novecosanas-serums\/\" \/>\n<meta property=\"og:locale\" content=\"ru_RU\" \/>\n<meta property=\"og:type\" content=\"article\" \/>\n<meta property=\"og:title\" content=\"0.1% retinola vieglais anti-noveco\u0161an\u0101s serums\" \/>\n<meta property=\"og:description\" content=\"M\u0113r\u0137is samazin\u0101t: Bl\u0101vumu, smalkas l\u012bnijas, stingr\u012bbas zudumu, nevienm\u0113r\u012bgu tekst\u016bru, grumbas. Retino\u012bdu serums nakts lieto\u0161anai, kas c\u012bn\u0101s ar grumbu par\u0101d\u012b\u0161anos un samazina nepiln\u012bbas izskatu bez \u0101das kairin\u0101juma vai jut\u012bguma.\" \/>\n<meta property=\"og:url\" content=\"https:\/\/women.lv\/ru\/product\/0-1-retinola-vieglais-anti-novecosanas-serums\/\" \/>\n<meta property=\"og:site_name\" content=\"Women Veikals\" \/>\n<meta property=\"article:modified_time\" content=\"2026-03-21T09:49:17+00:00\" \/>\n<meta property=\"og:image\" content=\"https:\/\/women.lv\/wp-content\/uploads\/nc\/catalog\/Beauty-Pharma\/0-1-retinol-light-anti-aging-serum-2.PNG\" \/>\n\t<meta property=\"og:image:width\" content=\"672\" \/>\n\t<meta property=\"og:image:height\" content=\"666\" \/>\n\t<meta property=\"og:image:type\" content=\"image\/png\" \/>\n<meta name=\"twitter:card\" content=\"summary_large_image\" \/>\n<script type=\"application\/ld+json\" class=\"yoast-schema-graph\">{\"@context\":\"https:\\\/\\\/schema.org\",\"@graph\":[{\"@type\":\"WebPage\",\"@id\":\"https:\\\/\\\/women.lv\\\/product\\\/0-1-retinola-vieglais-anti-novecosanas-serums\\\/\",\"url\":\"https:\\\/\\\/women.lv\\\/product\\\/0-1-retinola-vieglais-anti-novecosanas-serums\\\/\",\"name\":\"0.1% retinola vieglais anti-noveco\u0161an\u0101s serums\",\"isPartOf\":{\"@id\":\"https:\\\/\\\/women.lv\\\/#website\"},\"primaryImageOfPage\":{\"@id\":\"https:\\\/\\\/women.lv\\\/product\\\/0-1-retinola-vieglais-anti-novecosanas-serums\\\/#primaryimage\"},\"image\":{\"@id\":\"https:\\\/\\\/women.lv\\\/product\\\/0-1-retinola-vieglais-anti-novecosanas-serums\\\/#primaryimage\"},\"thumbnailUrl\":\"https:\\\/\\\/women.lv\\\/wp-content\\\/uploads\\\/nc\\\/catalog\\\/Beauty-Pharma\\\/0-1-retinol-light-anti-aging-serum-2.PNG\",\"datePublished\":\"2020-12-09T09:59:21+00:00\",\"dateModified\":\"2026-03-21T09:49:17+00:00\",\"description\":\"M\u0113r\u0137is samazin\u0101t: Bl\u0101vumu, smalkas l\u012bnijas, stingr\u012bbas zudumu, nevienm\u0113r\u012bgu tekst\u016bru, grumbas. Retino\u012bdu serums nakts lieto\u0161anai, kas c\u012bn\u0101s ar grumbu par\u0101d\u012b\u0161anos un samazina nepiln\u012bbas izskatu bez \u0101das kairin\u0101juma vai jut\u012bguma.\",\"breadcrumb\":{\"@id\":\"https:\\\/\\\/women.lv\\\/product\\\/0-1-retinola-vieglais-anti-novecosanas-serums\\\/#breadcrumb\"},\"inLanguage\":\"ru-RU\",\"potentialAction\":[{\"@type\":\"ReadAction\",\"target\":[\"https:\\\/\\\/women.lv\\\/product\\\/0-1-retinola-vieglais-anti-novecosanas-serums\\\/\"]}]},{\"@type\":\"ImageObject\",\"inLanguage\":\"ru-RU\",\"@id\":\"https:\\\/\\\/women.lv\\\/product\\\/0-1-retinola-vieglais-anti-novecosanas-serums\\\/#primaryimage\",\"url\":\"https:\\\/\\\/women.lv\\\/wp-content\\\/uploads\\\/nc\\\/catalog\\\/Beauty-Pharma\\\/0-1-retinol-light-anti-aging-serum-2.PNG\",\"contentUrl\":\"https:\\\/\\\/women.lv\\\/wp-content\\\/uploads\\\/nc\\\/catalog\\\/Beauty-Pharma\\\/0-1-retinol-light-anti-aging-serum-2.PNG\",\"width\":672,\"height\":666,\"caption\":\"0.1% retinola vieglais anti-noveco\u0161an\u0101s serums\"},{\"@type\":\"BreadcrumbList\",\"@id\":\"https:\\\/\\\/women.lv\\\/product\\\/0-1-retinola-vieglais-anti-novecosanas-serums\\\/#breadcrumb\",\"itemListElement\":[{\"@type\":\"ListItem\",\"position\":1,\"name\":\"Home\",\"item\":\"https:\\\/\\\/women.lv\\\/\"},{\"@type\":\"ListItem\",\"position\":2,\"name\":\"Products\",\"item\":\"https:\\\/\\\/women.lv\\\/en\\\/shop\\\/\"},{\"@type\":\"ListItem\",\"position\":3,\"name\":\"0.1% retinola vieglais anti-noveco\u0161an\u0101s serums\"}]},{\"@type\":\"WebSite\",\"@id\":\"https:\\\/\\\/women.lv\\\/#website\",\"url\":\"https:\\\/\\\/women.lv\\\/\",\"name\":\"Women Veikals\",\"description\":\"Uzdr\u012bksties b\u016bt skaista\",\"potentialAction\":[{\"@type\":\"SearchAction\",\"target\":{\"@type\":\"EntryPoint\",\"urlTemplate\":\"https:\\\/\\\/women.lv\\\/?s={search_term_string}\"},\"query-input\":{\"@type\":\"PropertyValueSpecification\",\"valueRequired\":true,\"valueName\":\"search_term_string\"}}],\"inLanguage\":\"ru-RU\"}]}<\/script>\n<!-- \/ Yoast SEO plugin. -->","yoast_head_json":{"title":"0.1% \u041b\u0435\u0433\u043a\u0430\u044f \u0430\u043d\u0442\u0438\u0432\u043e\u0437\u0440\u0430\u0441\u0442\u043d\u0430\u044f \u0441\u044b\u0432\u043e\u0440\u043e\u0442\u043a\u0430 \u0441 \u0440\u0435\u0442\u0438\u043d\u043e\u043b\u043e\u043c","description":"M\u0113r\u0137is samazin\u0101t: Bl\u0101vumu, smalkas l\u012bnijas, stingr\u012bbas zudumu, nevienm\u0113r\u012bgu tekst\u016bru, grumbas. Retino\u012bdu serums nakts lieto\u0161anai, kas c\u012bn\u0101s ar grumbu par\u0101d\u012b\u0161anos un samazina nepiln\u012bbas izskatu bez \u0101das kairin\u0101juma vai jut\u012bguma.","robots":{"index":"index","follow":"follow","max-snippet":"max-snippet:-1","max-image-preview":"max-image-preview:large","max-video-preview":"max-video-preview:-1"},"canonical":"https:\/\/women.lv\/ru\/product\/0-1-retinola-vieglais-anti-novecosanas-serums\/","og_locale":"ru_RU","og_type":"article","og_title":"0.1% retinola vieglais anti-noveco\u0161an\u0101s serums","og_description":"M\u0113r\u0137is samazin\u0101t: Bl\u0101vumu, smalkas l\u012bnijas, stingr\u012bbas zudumu, nevienm\u0113r\u012bgu tekst\u016bru, grumbas. Retino\u012bdu serums nakts lieto\u0161anai, kas c\u012bn\u0101s ar grumbu par\u0101d\u012b\u0161anos un samazina nepiln\u012bbas izskatu bez \u0101das kairin\u0101juma vai jut\u012bguma.","og_url":"https:\/\/women.lv\/ru\/product\/0-1-retinola-vieglais-anti-novecosanas-serums\/","og_site_name":"Women Veikals","article_modified_time":"2026-03-21T09:49:17+00:00","og_image":[{"width":672,"height":666,"url":"https:\/\/women.lv\/wp-content\/uploads\/nc\/catalog\/Beauty-Pharma\/0-1-retinol-light-anti-aging-serum-2.PNG","type":"image\/png"}],"twitter_card":"summary_large_image","schema":{"@context":"https:\/\/schema.org","@graph":[{"@type":"WebPage","@id":"https:\/\/women.lv\/product\/0-1-retinola-vieglais-anti-novecosanas-serums\/","url":"https:\/\/women.lv\/product\/0-1-retinola-vieglais-anti-novecosanas-serums\/","name":"0.1% \u041b\u0435\u0433\u043a\u0430\u044f \u0430\u043d\u0442\u0438\u0432\u043e\u0437\u0440\u0430\u0441\u0442\u043d\u0430\u044f \u0441\u044b\u0432\u043e\u0440\u043e\u0442\u043a\u0430 \u0441 \u0440\u0435\u0442\u0438\u043d\u043e\u043b\u043e\u043c","isPartOf":{"@id":"https:\/\/women.lv\/#website"},"primaryImageOfPage":{"@id":"https:\/\/women.lv\/product\/0-1-retinola-vieglais-anti-novecosanas-serums\/#primaryimage"},"image":{"@id":"https:\/\/women.lv\/product\/0-1-retinola-vieglais-anti-novecosanas-serums\/#primaryimage"},"thumbnailUrl":"https:\/\/women.lv\/wp-content\/uploads\/nc\/catalog\/Beauty-Pharma\/0-1-retinol-light-anti-aging-serum-2.PNG","datePublished":"2020-12-09T09:59:21+00:00","dateModified":"2026-03-21T09:49:17+00:00","description":"M\u0113r\u0137is samazin\u0101t: Bl\u0101vumu, smalkas l\u012bnijas, stingr\u012bbas zudumu, nevienm\u0113r\u012bgu tekst\u016bru, grumbas. Retino\u012bdu serums nakts lieto\u0161anai, kas c\u012bn\u0101s ar grumbu par\u0101d\u012b\u0161anos un samazina nepiln\u012bbas izskatu bez \u0101das kairin\u0101juma vai jut\u012bguma.","breadcrumb":{"@id":"https:\/\/women.lv\/product\/0-1-retinola-vieglais-anti-novecosanas-serums\/#breadcrumb"},"inLanguage":"ru-RU","potentialAction":[{"@type":"ReadAction","target":["https:\/\/women.lv\/product\/0-1-retinola-vieglais-anti-novecosanas-serums\/"]}]},{"@type":"ImageObject","inLanguage":"ru-RU","@id":"https:\/\/women.lv\/product\/0-1-retinola-vieglais-anti-novecosanas-serums\/#primaryimage","url":"https:\/\/women.lv\/wp-content\/uploads\/nc\/catalog\/Beauty-Pharma\/0-1-retinol-light-anti-aging-serum-2.PNG","contentUrl":"https:\/\/women.lv\/wp-content\/uploads\/nc\/catalog\/Beauty-Pharma\/0-1-retinol-light-anti-aging-serum-2.PNG","width":672,"height":666,"caption":"0.1% retinola vieglais anti-noveco\u0161an\u0101s serums"},{"@type":"BreadcrumbList","@id":"https:\/\/women.lv\/product\/0-1-retinola-vieglais-anti-novecosanas-serums\/#breadcrumb","itemListElement":[{"@type":"ListItem","position":1,"name":"Home","item":"https:\/\/women.lv\/"},{"@type":"ListItem","position":2,"name":"Products","item":"https:\/\/women.lv\/en\/shop\/"},{"@type":"ListItem","position":3,"name":"0.1% retinola vieglais anti-noveco\u0161an\u0101s serums"}]},{"@type":"WebSite","@id":"https:\/\/women.lv\/#website","url":"https:\/\/women.lv\/","name":"\u041c\u0430\u0433\u0430\u0437\u0438\u043d Women","description":"Uzdr\u012bksties b\u016bt skaista","potentialAction":[{"@type":"SearchAction","target":{"@type":"EntryPoint","urlTemplate":"https:\/\/women.lv\/?s={search_term_string}"},"query-input":{"@type":"PropertyValueSpecification","valueRequired":true,"valueName":"search_term_string"}}],"inLanguage":"ru-RU"}]}},"_links":{"self":[{"href":"https:\/\/women.lv\/ru\/wp-json\/wp\/v2\/product\/28781","targetHints":{"allow":["GET"]}}],"collection":[{"href":"https:\/\/women.lv\/ru\/wp-json\/wp\/v2\/product"}],"about":[{"href":"https:\/\/women.lv\/ru\/wp-json\/wp\/v2\/types\/product"}],"replies":[{"embeddable":true,"href":"https:\/\/women.lv\/ru\/wp-json\/wp\/v2\/comments?post=28781"}],"version-history":[{"count":0,"href":"https:\/\/women.lv\/ru\/wp-json\/wp\/v2\/product\/28781\/revisions"}],"wp:featuredmedia":[{"embeddable":true,"href":"https:\/\/women.lv\/ru\/wp-json\/wp\/v2\/media\/28782"}],"wp:attachment":[{"href":"https:\/\/women.lv\/ru\/wp-json\/wp\/v2\/media?parent=28781"}],"wp:term":[{"taxonomy":"product_brand","embeddable":true,"href":"https:\/\/women.lv\/ru\/wp-json\/wp\/v2\/product_brand?post=28781"},{"taxonomy":"product_cat","embeddable":true,"href":"https:\/\/women.lv\/ru\/wp-json\/wp\/v2\/product_cat?post=28781"},{"taxonomy":"product_tag","embeddable":true,"href":"https:\/\/women.lv\/ru\/wp-json\/wp\/v2\/product_tag?post=28781"}],"curies":[{"name":"wp","href":"https:\/\/api.w.org\/{rel}","templated":true}]}}