{"id":28770,"date":"2020-12-07T10:28:40","date_gmt":"2020-12-07T10:28:40","guid":{"rendered":"https:\/\/women.lv\/?product=atjaunojosais-gels-ar-5-c-vitaminu-aknes-un-apsartumu-mazinasanai"},"modified":"2025-11-05T13:26:19","modified_gmt":"2025-11-05T13:26:19","slug":"atjaunojosais-gels-ar-5-c-vitaminu-aknes-un-apsartumu-mazinasanai","status":"publish","type":"product","link":"https:\/\/women.lv\/ru\/product\/atjaunojosais-gels-ar-5-c-vitaminu-aknes-un-apsartumu-mazinasanai\/","title":{"rendered":"\u0420\u0435\u0433\u0435\u043d\u0435\u0440\u0438\u0440\u0443\u044e\u0449\u0438\u0439 \u0433\u0435\u043b\u044c \u0441 \u0432\u0438\u0442\u0430\u043c\u0438\u043d\u043e\u043c \u0421 5% \u0434\u043b\u044f \u0443\u043c\u0435\u043d\u044c\u0448\u0435\u043d\u0438\u044f \u043f\u0440\u044b\u0449\u0435\u0439 \u0438 \u043f\u043e\u043a\u0440\u0430\u0441\u043d\u0435\u043d\u0438\u0439."},"content":{"rendered":"<p><span style=\"font-family: Helvetica;\"><span style=\"font-size: 18px;\"><b>\u0422\u0440\u0435\u0442\u0438\u0439 \u0448\u0430\u0433 3<\/b><\/span><\/span><\/p>\n<p><span style=\"font-family: Helvetica;\"><span style=\"font-size: 18px; letter-spacing: 0.8px;\">M\u0113r\u0137is samazin\u0101t:\u00a0P\u016bt\u012btes, plankumus, taukain\u012bbu, poras. \u012apa\u0161i maigs aknes g\u0113ls ar vitam\u012bnu C un salicilsk\u0101bi, kas pal\u012bdz mazin\u0101t aps\u0101rtumu un atjaunot jaun\u012bbu.<\/span><\/span><\/p>\n<ul>\n<li><span style=\"font-family: Helvetica;\"><span style=\"font-size: 18px;\">5% \u0412\u0438\u0442\u0430\u043c\u0438\u043d \u0421<\/span><\/span><\/li>\n<li><span style=\"font-family: Helvetica;\"><span style=\"font-size: 18px;\">+\u00a0Alanto\u012bns<\/span><\/span><\/li>\n<li><span style=\"font-family: Helvetica;\"><span style=\"font-size: 18px;\">+ \u041f\u0440\u043e\u0432\u0438\u0442\u0430\u043c\u0438\u043d B5<\/span><\/span><\/li>\n<li><span style=\"font-family: Helvetica;\"><span style=\"font-size: 18px;\">+ \u041c\u043e\u043b\u043e\u0447\u043d\u0430\u044f \u043a\u0438\u0441\u043b\u043e\u0442\u0430<\/span>\n<p><\/span><\/li>\n<\/ul>\n<p><span style=\"font-family: Helvetica;\"><span style=\"font-size: 18px;\">\u0411\u0435\u0437 \u043a\u0440\u0430\u0441\u0438\u0442\u0435\u043b\u0435\u0439, \u0431\u0435\u0437 \u044d\u0444\u0438\u0440\u043d\u044b\u0445 \u043c\u0430\u0441\u0435\u043b, \u0431\u0435\u0437 \u043e\u0442\u0434\u0443\u0448\u0435\u043a, \u0431\u0435\u0437 \u043c\u0438\u043d\u0435\u0440\u0430\u043b\u044c\u043d\u044b\u0445 \u043c\u0430\u0441\u0435\u043b, \u0431\u0435\u0437 \u043f\u0430\u0440\u0430\u0431\u0435\u043d\u043e\u0432, \u0431\u0435\u0437 \u041f\u042d\u0413, \u0431\u0435\u0437 \u0441\u0438\u043b\u0438\u043a\u043e\u043d\u0430, \u0431\u0435\u0437 \u0441\u0443\u043b\u044c\u0444\u0430\u0442\u043e\u0432.<\/span><\/span><\/p>","protected":false},"excerpt":{"rendered":"<p>\u0422\u0440\u0435\u0442\u0438\u0439 \u0448\u0430\u0433 3. \u0426\u0435\u043b\u044c: \u0443\u043c\u0435\u043d\u044c\u0448\u0438\u0442\u044c \u043f\u0440\u044b\u0449\u0438, \u043f\u044f\u0442\u043d\u0430, \u0436\u0438\u0440\u043d\u043e\u0441\u0442\u044c, \u043f\u043e\u0440\u044b. \u0423\u043b\u044c\u0442\u0440\u0430\u043c\u044f\u0433\u043a\u0438\u0439 \u0433\u0435\u043b\u044c \u043e\u0442 \u043f\u0440\u044b\u0449\u0435\u0439 \u0441 \u0432\u0438\u0442\u0430\u043c\u0438\u043d\u043e\u043c \u0421 \u0438 \u0441\u0430\u043b\u0438\u0446\u0438\u043b\u043e\u0432\u043e\u0439 \u043a\u0438\u0441\u043b\u043e\u0442\u043e\u0439, \u043f\u043e\u043c\u043e\u0433\u0430\u044e\u0449\u0438\u0439 \u0443\u043c\u0435\u043d\u044c\u0448\u0438\u0442\u044c \u0432\u044b\u0441\u044b\u043f\u0430\u043d\u0438\u044f.<\/p>","protected":false},"featured_media":28771,"comment_status":"open","ping_status":"closed","template":"","meta":[],"product_brand":[],"product_cat":[2214,2231,2200,2215],"product_tag":[3420,3419,3422,3407,3408,3415,3416,3423,3412,3413,3421,3417,3414],"class_list":{"0":"post-28770","1":"product","2":"type-product","3":"status-publish","4":"has-post-thumbnail","6":"product_cat-citi-sejas-kopsanas-lidzekli","7":"product_cat-lv-on-sale","8":"product_cat-sejas-kopsanas-lidzekli","9":"product_cat-visi-produkti","10":"product_tag-5-vitamin-c-blemish-rescue-gel","11":"product_tag-aknei","12":"product_tag-atjaunojosais-gels-ar-5-c-vitaminu-aknes-un-apsartumu-mazinasanai","13":"product_tag-beauty-pharma","14":"product_tag-bp","15":"product_tag-dermatological-cosmetics","16":"product_tag-dermatologiska-kosmetika","17":"product_tag-pinnem","18":"product_tag-turcija","19":"product_tag-turkey","20":"product_tag----5---","21":"product_tag-3417","22":"product_tag-3414","23":"pa_brand_nc-beauty-pharma","24":"pa_ean_nc-3418","25":"pa_ean_nc-turkey","27":"first","28":"instock","29":"sale","30":"taxable","31":"shipping-taxable","32":"purchasable","33":"product-type-simple"},"yoast_head":"<!-- This site is optimized with the Yoast SEO plugin v27.5 - https:\/\/yoast.com\/product\/yoast-seo-wordpress\/ -->\n<title>Atjaunojo\u0161ais g\u0113ls ar 5% C Vitam\u012bnu aknes un aps\u0101rtumu mazin\u0101\u0161anai<\/title>\n<meta name=\"description\" content=\"M\u0113r\u0137is samazin\u0101t: P\u016bt\u012btes, plankumus, taukain\u012bbu, poras. \u012apa\u0161i maigs aknes g\u0113ls ar vitam\u012bnu C un salicilsk\u0101bi, kas pal\u012bdz mazin\u0101t aps\u0101rtumu un atjaunot jaun\u012bbu.\" \/>\n<meta name=\"robots\" content=\"index, follow, max-snippet:-1, max-image-preview:large, max-video-preview:-1\" \/>\n<link rel=\"canonical\" href=\"https:\/\/women.lv\/ru\/product\/atjaunojosais-gels-ar-5-c-vitaminu-aknes-un-apsartumu-mazinasanai\/\" \/>\n<meta property=\"og:locale\" content=\"ru_RU\" \/>\n<meta property=\"og:type\" content=\"article\" \/>\n<meta property=\"og:title\" content=\"Atjaunojo\u0161ais g\u0113ls ar 5% C Vitam\u012bnu aknes un aps\u0101rtumu mazin\u0101\u0161anai\" \/>\n<meta property=\"og:description\" content=\"M\u0113r\u0137is samazin\u0101t: P\u016bt\u012btes, plankumus, taukain\u012bbu, poras. \u012apa\u0161i maigs aknes g\u0113ls ar vitam\u012bnu C un salicilsk\u0101bi, kas pal\u012bdz mazin\u0101t aps\u0101rtumu un atjaunot jaun\u012bbu.\" \/>\n<meta property=\"og:url\" content=\"https:\/\/women.lv\/ru\/product\/atjaunojosais-gels-ar-5-c-vitaminu-aknes-un-apsartumu-mazinasanai\/\" \/>\n<meta property=\"og:site_name\" content=\"Women Veikals\" \/>\n<meta property=\"article:modified_time\" content=\"2025-11-05T13:26:19+00:00\" \/>\n<meta property=\"og:image\" content=\"https:\/\/women.lv\/wp-content\/uploads\/nc\/catalog\/Beauty-Pharma\/5-vitamin-c-blemish-rescue-gel.PNG\" \/>\n\t<meta property=\"og:image:width\" content=\"791\" \/>\n\t<meta property=\"og:image:height\" content=\"789\" \/>\n\t<meta property=\"og:image:type\" content=\"image\/png\" \/>\n<meta name=\"twitter:card\" content=\"summary_large_image\" \/>\n<script type=\"application\/ld+json\" class=\"yoast-schema-graph\">{\"@context\":\"https:\\\/\\\/schema.org\",\"@graph\":[{\"@type\":\"WebPage\",\"@id\":\"https:\\\/\\\/women.lv\\\/product\\\/atjaunojosais-gels-ar-5-c-vitaminu-aknes-un-apsartumu-mazinasanai\\\/\",\"url\":\"https:\\\/\\\/women.lv\\\/product\\\/atjaunojosais-gels-ar-5-c-vitaminu-aknes-un-apsartumu-mazinasanai\\\/\",\"name\":\"Atjaunojo\u0161ais g\u0113ls ar 5% C Vitam\u012bnu aknes un aps\u0101rtumu mazin\u0101\u0161anai\",\"isPartOf\":{\"@id\":\"https:\\\/\\\/women.lv\\\/#website\"},\"primaryImageOfPage\":{\"@id\":\"https:\\\/\\\/women.lv\\\/product\\\/atjaunojosais-gels-ar-5-c-vitaminu-aknes-un-apsartumu-mazinasanai\\\/#primaryimage\"},\"image\":{\"@id\":\"https:\\\/\\\/women.lv\\\/product\\\/atjaunojosais-gels-ar-5-c-vitaminu-aknes-un-apsartumu-mazinasanai\\\/#primaryimage\"},\"thumbnailUrl\":\"https:\\\/\\\/women.lv\\\/wp-content\\\/uploads\\\/nc\\\/catalog\\\/Beauty-Pharma\\\/5-vitamin-c-blemish-rescue-gel.PNG\",\"datePublished\":\"2020-12-07T10:28:40+00:00\",\"dateModified\":\"2025-11-05T13:26:19+00:00\",\"description\":\"M\u0113r\u0137is samazin\u0101t: P\u016bt\u012btes, plankumus, taukain\u012bbu, poras. \u012apa\u0161i maigs aknes g\u0113ls ar vitam\u012bnu C un salicilsk\u0101bi, kas pal\u012bdz mazin\u0101t aps\u0101rtumu un atjaunot jaun\u012bbu.\",\"breadcrumb\":{\"@id\":\"https:\\\/\\\/women.lv\\\/product\\\/atjaunojosais-gels-ar-5-c-vitaminu-aknes-un-apsartumu-mazinasanai\\\/#breadcrumb\"},\"inLanguage\":\"ru-RU\",\"potentialAction\":[{\"@type\":\"ReadAction\",\"target\":[\"https:\\\/\\\/women.lv\\\/product\\\/atjaunojosais-gels-ar-5-c-vitaminu-aknes-un-apsartumu-mazinasanai\\\/\"]}]},{\"@type\":\"ImageObject\",\"inLanguage\":\"ru-RU\",\"@id\":\"https:\\\/\\\/women.lv\\\/product\\\/atjaunojosais-gels-ar-5-c-vitaminu-aknes-un-apsartumu-mazinasanai\\\/#primaryimage\",\"url\":\"https:\\\/\\\/women.lv\\\/wp-content\\\/uploads\\\/nc\\\/catalog\\\/Beauty-Pharma\\\/5-vitamin-c-blemish-rescue-gel.PNG\",\"contentUrl\":\"https:\\\/\\\/women.lv\\\/wp-content\\\/uploads\\\/nc\\\/catalog\\\/Beauty-Pharma\\\/5-vitamin-c-blemish-rescue-gel.PNG\",\"width\":791,\"height\":789,\"caption\":\"Atjaunojo\u0161ais g\u0113ls ar 5% C Vitam\u012bnu aknes un aps\u0101rtumu mazin\u0101\u0161anai\"},{\"@type\":\"BreadcrumbList\",\"@id\":\"https:\\\/\\\/women.lv\\\/product\\\/atjaunojosais-gels-ar-5-c-vitaminu-aknes-un-apsartumu-mazinasanai\\\/#breadcrumb\",\"itemListElement\":[{\"@type\":\"ListItem\",\"position\":1,\"name\":\"Home\",\"item\":\"https:\\\/\\\/women.lv\\\/\"},{\"@type\":\"ListItem\",\"position\":2,\"name\":\"Products\",\"item\":\"https:\\\/\\\/women.lv\\\/en\\\/shop\\\/\"},{\"@type\":\"ListItem\",\"position\":3,\"name\":\"Atjaunojo\u0161ais g\u0113ls ar 5% C Vitam\u012bnu aknes un aps\u0101rtumu mazin\u0101\u0161anai\"}]},{\"@type\":\"WebSite\",\"@id\":\"https:\\\/\\\/women.lv\\\/#website\",\"url\":\"https:\\\/\\\/women.lv\\\/\",\"name\":\"Women Veikals\",\"description\":\"Uzdr\u012bksties b\u016bt skaista\",\"potentialAction\":[{\"@type\":\"SearchAction\",\"target\":{\"@type\":\"EntryPoint\",\"urlTemplate\":\"https:\\\/\\\/women.lv\\\/?s={search_term_string}\"},\"query-input\":{\"@type\":\"PropertyValueSpecification\",\"valueRequired\":true,\"valueName\":\"search_term_string\"}}],\"inLanguage\":\"ru-RU\"}]}<\/script>\n<!-- \/ Yoast SEO plugin. -->","yoast_head_json":{"title":"\u0420\u0435\u0433\u0435\u043d\u0435\u0440\u0438\u0440\u0443\u044e\u0449\u0438\u0439 \u0433\u0435\u043b\u044c \u0441 \u0432\u0438\u0442\u0430\u043c\u0438\u043d\u043e\u043c \u0421 5% \u0434\u043b\u044f \u0443\u043c\u0435\u043d\u044c\u0448\u0435\u043d\u0438\u044f \u043f\u0440\u044b\u0449\u0435\u0439 \u0438 \u043f\u043e\u043a\u0440\u0430\u0441\u043d\u0435\u043d\u0438\u0439.","description":"M\u0113r\u0137is samazin\u0101t: P\u016bt\u012btes, plankumus, taukain\u012bbu, poras. \u012apa\u0161i maigs aknes g\u0113ls ar vitam\u012bnu C un salicilsk\u0101bi, kas pal\u012bdz mazin\u0101t aps\u0101rtumu un atjaunot jaun\u012bbu.","robots":{"index":"index","follow":"follow","max-snippet":"max-snippet:-1","max-image-preview":"max-image-preview:large","max-video-preview":"max-video-preview:-1"},"canonical":"https:\/\/women.lv\/ru\/product\/atjaunojosais-gels-ar-5-c-vitaminu-aknes-un-apsartumu-mazinasanai\/","og_locale":"ru_RU","og_type":"article","og_title":"Atjaunojo\u0161ais g\u0113ls ar 5% C Vitam\u012bnu aknes un aps\u0101rtumu mazin\u0101\u0161anai","og_description":"M\u0113r\u0137is samazin\u0101t: P\u016bt\u012btes, plankumus, taukain\u012bbu, poras. \u012apa\u0161i maigs aknes g\u0113ls ar vitam\u012bnu C un salicilsk\u0101bi, kas pal\u012bdz mazin\u0101t aps\u0101rtumu un atjaunot jaun\u012bbu.","og_url":"https:\/\/women.lv\/ru\/product\/atjaunojosais-gels-ar-5-c-vitaminu-aknes-un-apsartumu-mazinasanai\/","og_site_name":"Women Veikals","article_modified_time":"2025-11-05T13:26:19+00:00","og_image":[{"width":791,"height":789,"url":"https:\/\/women.lv\/wp-content\/uploads\/nc\/catalog\/Beauty-Pharma\/5-vitamin-c-blemish-rescue-gel.PNG","type":"image\/png"}],"twitter_card":"summary_large_image","schema":{"@context":"https:\/\/schema.org","@graph":[{"@type":"WebPage","@id":"https:\/\/women.lv\/product\/atjaunojosais-gels-ar-5-c-vitaminu-aknes-un-apsartumu-mazinasanai\/","url":"https:\/\/women.lv\/product\/atjaunojosais-gels-ar-5-c-vitaminu-aknes-un-apsartumu-mazinasanai\/","name":"\u0420\u0435\u0433\u0435\u043d\u0435\u0440\u0438\u0440\u0443\u044e\u0449\u0438\u0439 \u0433\u0435\u043b\u044c \u0441 \u0432\u0438\u0442\u0430\u043c\u0438\u043d\u043e\u043c \u0421 5% \u0434\u043b\u044f \u0443\u043c\u0435\u043d\u044c\u0448\u0435\u043d\u0438\u044f \u043f\u0440\u044b\u0449\u0435\u0439 \u0438 \u043f\u043e\u043a\u0440\u0430\u0441\u043d\u0435\u043d\u0438\u0439.","isPartOf":{"@id":"https:\/\/women.lv\/#website"},"primaryImageOfPage":{"@id":"https:\/\/women.lv\/product\/atjaunojosais-gels-ar-5-c-vitaminu-aknes-un-apsartumu-mazinasanai\/#primaryimage"},"image":{"@id":"https:\/\/women.lv\/product\/atjaunojosais-gels-ar-5-c-vitaminu-aknes-un-apsartumu-mazinasanai\/#primaryimage"},"thumbnailUrl":"https:\/\/women.lv\/wp-content\/uploads\/nc\/catalog\/Beauty-Pharma\/5-vitamin-c-blemish-rescue-gel.PNG","datePublished":"2020-12-07T10:28:40+00:00","dateModified":"2025-11-05T13:26:19+00:00","description":"M\u0113r\u0137is samazin\u0101t: P\u016bt\u012btes, plankumus, taukain\u012bbu, poras. \u012apa\u0161i maigs aknes g\u0113ls ar vitam\u012bnu C un salicilsk\u0101bi, kas pal\u012bdz mazin\u0101t aps\u0101rtumu un atjaunot jaun\u012bbu.","breadcrumb":{"@id":"https:\/\/women.lv\/product\/atjaunojosais-gels-ar-5-c-vitaminu-aknes-un-apsartumu-mazinasanai\/#breadcrumb"},"inLanguage":"ru-RU","potentialAction":[{"@type":"ReadAction","target":["https:\/\/women.lv\/product\/atjaunojosais-gels-ar-5-c-vitaminu-aknes-un-apsartumu-mazinasanai\/"]}]},{"@type":"ImageObject","inLanguage":"ru-RU","@id":"https:\/\/women.lv\/product\/atjaunojosais-gels-ar-5-c-vitaminu-aknes-un-apsartumu-mazinasanai\/#primaryimage","url":"https:\/\/women.lv\/wp-content\/uploads\/nc\/catalog\/Beauty-Pharma\/5-vitamin-c-blemish-rescue-gel.PNG","contentUrl":"https:\/\/women.lv\/wp-content\/uploads\/nc\/catalog\/Beauty-Pharma\/5-vitamin-c-blemish-rescue-gel.PNG","width":791,"height":789,"caption":"Atjaunojo\u0161ais g\u0113ls ar 5% C Vitam\u012bnu aknes un aps\u0101rtumu mazin\u0101\u0161anai"},{"@type":"BreadcrumbList","@id":"https:\/\/women.lv\/product\/atjaunojosais-gels-ar-5-c-vitaminu-aknes-un-apsartumu-mazinasanai\/#breadcrumb","itemListElement":[{"@type":"ListItem","position":1,"name":"Home","item":"https:\/\/women.lv\/"},{"@type":"ListItem","position":2,"name":"Products","item":"https:\/\/women.lv\/en\/shop\/"},{"@type":"ListItem","position":3,"name":"Atjaunojo\u0161ais g\u0113ls ar 5% C Vitam\u012bnu aknes un aps\u0101rtumu mazin\u0101\u0161anai"}]},{"@type":"WebSite","@id":"https:\/\/women.lv\/#website","url":"https:\/\/women.lv\/","name":"\u041c\u0430\u0433\u0430\u0437\u0438\u043d Women","description":"Uzdr\u012bksties b\u016bt skaista","potentialAction":[{"@type":"SearchAction","target":{"@type":"EntryPoint","urlTemplate":"https:\/\/women.lv\/?s={search_term_string}"},"query-input":{"@type":"PropertyValueSpecification","valueRequired":true,"valueName":"search_term_string"}}],"inLanguage":"ru-RU"}]}},"_links":{"self":[{"href":"https:\/\/women.lv\/ru\/wp-json\/wp\/v2\/product\/28770","targetHints":{"allow":["GET"]}}],"collection":[{"href":"https:\/\/women.lv\/ru\/wp-json\/wp\/v2\/product"}],"about":[{"href":"https:\/\/women.lv\/ru\/wp-json\/wp\/v2\/types\/product"}],"replies":[{"embeddable":true,"href":"https:\/\/women.lv\/ru\/wp-json\/wp\/v2\/comments?post=28770"}],"version-history":[{"count":0,"href":"https:\/\/women.lv\/ru\/wp-json\/wp\/v2\/product\/28770\/revisions"}],"wp:featuredmedia":[{"embeddable":true,"href":"https:\/\/women.lv\/ru\/wp-json\/wp\/v2\/media\/28771"}],"wp:attachment":[{"href":"https:\/\/women.lv\/ru\/wp-json\/wp\/v2\/media?parent=28770"}],"wp:term":[{"taxonomy":"product_brand","embeddable":true,"href":"https:\/\/women.lv\/ru\/wp-json\/wp\/v2\/product_brand?post=28770"},{"taxonomy":"product_cat","embeddable":true,"href":"https:\/\/women.lv\/ru\/wp-json\/wp\/v2\/product_cat?post=28770"},{"taxonomy":"product_tag","embeddable":true,"href":"https:\/\/women.lv\/ru\/wp-json\/wp\/v2\/product_tag?post=28770"}],"curies":[{"name":"wp","href":"https:\/\/api.w.org\/{rel}","templated":true}]}}