{"id":28767,"date":"2020-11-16T16:10:48","date_gmt":"2020-11-16T16:10:48","guid":{"rendered":"https:\/\/women.lv\/?product=davanu-karte-pec-pieprasijuma"},"modified":"2025-11-06T00:00:37","modified_gmt":"2025-11-06T00:00:37","slug":"davanu-karte-pec-pieprasijuma","status":"publish","type":"product","link":"https:\/\/women.lv\/ru\/product\/davanu-karte-pec-pieprasijuma\/","title":{"rendered":"\u041f\u043e\u0434\u0430\u0440\u043e\u0447\u043d\u0430\u044f \u043a\u0430\u0440\u0442\u0430 \u043f\u043e \u0437\u0430\u043f\u0440\u043e\u0441\u0443"},"content":{"rendered":"<ul>\n<li><span style=\"font-family: Helvetica;\"><span style=\"font-size: 18px;\">\u041c\u044b \u043f\u0440\u0435\u0434\u043b\u0430\u0433\u0430\u0435\u043c \u043f\u043e\u0434\u0430\u0440\u043e\u0447\u043d\u044b\u0435 \u043a\u0430\u0440\u0442\u044b \u043d\u0430\u0448\u0435\u0433\u043e \u043c\u0430\u0433\u0430\u0437\u0438\u043d\u0430, \u043a\u043e\u0442\u043e\u0440\u044b\u0435 \u043c\u043e\u0436\u043d\u043e \u043e\u0431\u043c\u0435\u043d\u044f\u0442\u044c \u043f\u0440\u0438 \u043f\u043e\u043a\u0443\u043f\u043a\u0435 \u043f\u0440\u043e\u0444\u0435\u0441\u0441\u0438\u043e\u043d\u0430\u043b\u044c\u043d\u043e\u0439 \u0438\u0437\u0440\u0430\u0438\u043b\u044c\u0441\u043a\u043e\u0439 \u043a\u043e\u0441\u043c\u0435\u0442\u0438\u043a\u0438 \u041c\u0435\u0440\u0442\u0432\u043e\u0433\u043e \u043c\u043e\u0440\u044f \u043a\u0430\u043a \u0432 \u043d\u0430\u0448\u0435\u043c \u0438\u043d\u0442\u0435\u0440\u043d\u0435\u0442-\u043c\u0430\u0433\u0430\u0437\u0438\u043d\u0435, \u0442\u0430\u043a \u0438 \u043b\u0438\u0447\u043d\u043e.<\/span><\/span><\/li>\n<li><span style=\"font-family: Helvetica;\"><span style=\"font-size: 18px;\">\u0421\u0442\u043e\u0438\u043c\u043e\u0441\u0442\u044c \u043f\u043e\u0434\u0430\u0440\u043e\u0447\u043d\u044b\u0445 \u043a\u0430\u0440\u0442 \u043c\u044b \u0441\u043a\u043e\u0440\u0440\u0435\u043a\u0442\u0438\u0440\u0443\u0435\u043c \u0438\u043d\u0434\u0438\u0432\u0438\u0434\u0443\u0430\u043b\u044c\u043d\u043e \u0441 \u0443\u0447\u0435\u0442\u043e\u043c \u0412\u0430\u0448\u0438\u0445 \u043f\u043e\u0436\u0435\u043b\u0430\u043d\u0438\u0439!<\/span><\/span><\/li>\n<li><span style=\"font-family: Helvetica;\"><span style=\"font-size: 18px;\">\u041e\u0442\u043b\u0438\u0447\u043d\u044b\u0439 \u043f\u0440\u0430\u0437\u0434\u043d\u0438\u0447\u043d\u044b\u0439 \u043f\u043e\u0434\u0430\u0440\u043e\u043a \u0434\u043b\u044f \u043a\u0430\u0436\u0434\u043e\u0433\u043e!<\/span><\/span><\/li>\n<li><span style=\"font-family: Helvetica;\"><span style=\"font-size: 18px;\">\u041c\u044b \u0442\u0430\u043a\u0436\u0435 \u043f\u0440\u0435\u0434\u043b\u0430\u0433\u0430\u0435\u043c \u043a\u043e\u043c\u043f\u0430\u043d\u0438\u044f\u043c \u043f\u043e\u0440\u0430\u0434\u043e\u0432\u0430\u0442\u044c \u0441\u0432\u043e\u0438\u0445 \u0441\u043e\u0442\u0440\u0443\u0434\u043d\u0438\u043a\u043e\u0432 \u0432\u043e \u0432\u0440\u0435\u043c\u044f \u043f\u0440\u0430\u0437\u0434\u043d\u0438\u043a\u043e\u0432.<\/span><\/span><\/li>\n<\/ul>\n<p><span style=\"font-family: Helvetica;\"><span style=\"font-size: 18px;\">(\u0414\u0440\u0443\u0433\u0438\u0435 \u0441\u0443\u043c\u043c\u044b \u0438 \u0434\u0438\u0437\u0430\u0439\u043d\u044b \u043e\u0431\u0441\u0443\u0436\u0434\u0430\u044e\u0442\u0441\u044f \u0438\u043d\u0434\u0438\u0432\u0438\u0434\u0443\u0430\u043b\u044c\u043d\u043e)<\/span><\/span><\/p>\n<p><span style=\"font-family: Helvetica;\"><span style=\"font-size: 18px;\"><\/p>\n<p>\u0412 \u043a\u043e\u043c\u043c\u0435\u043d\u0442\u0430\u0440\u0438\u0438 \u043d\u0430\u043f\u0438\u0448\u0438\u0442\u0435 (\u0435\u0441\u043b\u0438 \u0432\u044b \u0445\u043e\u0442\u0438\u0442\u0435, \u0447\u0442\u043e\u0431\u044b \u043e\u0434\u0430\u0440\u0438\u0432\u0430\u0435\u043c\u044b\u0439 \u043f\u043e\u043b\u0443\u0447\u0438\u043b \u0441\u043e\u043e\u0431\u0449\u0435\u043d\u0438\u0435 \u043d\u0430 \u044d\u043b\u0435\u043a\u0442\u0440\u043e\u043d\u043d\u0443\u044e \u043f\u043e\u0447\u0442\u0443) \u0443\u043a\u0430\u0437\u0430\u043d\u0438\u044f, \u043e\u0442 \u043a\u043e\u0433\u043e \u043e\u0442\u043f\u0440\u0430\u0432\u043b\u0435\u043d\u0430 \u043f\u043e\u0434\u0430\u0440\u043e\u0447\u043d\u0430\u044f \u043a\u0430\u0440\u0442\u0430 (\u0438\u043c\u044f, e-mail), \u0430 \u0442\u0430\u043a\u0436\u0435 \u043a\u043e\u043c\u0443 \u043e\u043d\u0430 \u043f\u043e\u0441\u0432\u044f\u0449\u0435\u043d\u0430 (\u0438\u043c\u044f, e-mail). -\u043f\u043e\u0447\u0442\u0430). \u0422\u0430\u043a\u0436\u0435 \u043c\u043e\u0436\u043d\u043e \u043f\u0435\u0440\u0441\u043e\u043d\u0430\u043b\u0438\u0437\u0438\u0440\u043e\u0432\u0430\u0442\u044c \u043a\u0430\u0440\u0442\u0443 \u0438 \u043d\u0430\u043f\u0438\u0441\u0430\u0442\u044c \u043d\u0430 \u043d\u0435\u0439 \u0438\u043c\u044f \u0438\u043b\u0438 \u043f\u0441\u0435\u0432\u0434\u043e\u043d\u0438\u043c \u0447\u0435\u043b\u043e\u0432\u0435\u043a\u0430.\u00a0<\/span><\/span><\/p>\n<p><span style=\"font-family: Helvetica;\"><span style=\"font-size: 18px;\"><b><\/p>\n<p>\u041f\u0440\u043e\u0438\u0437\u0432\u043e\u0434\u0441\u0442\u0432\u043e:<\/b> 1 \u0440\u0430\u0431\u043e\u0447\u0438\u0439 \u0434\u0435\u043d\u044c.<\/span><\/span><\/p>\n<p><span style=\"font-family: Helvetica;\"><span style=\"font-size: 18px;\"><b>\u041a\u0440\u0430\u0439\u043d\u0438\u0439 \u0441\u0440\u043e\u043a:<\/b> 4 \u043c\u0435\u0441\u044f\u0446\u0430 \u0441 \u043c\u043e\u043c\u0435\u043d\u0442\u0430 \u043f\u043e\u043a\u0443\u043f\u043a\u0438.<\/p>\n<p><\/span><\/span><\/p>","protected":false},"excerpt":{"rendered":"<p>\u041c\u044b \u043f\u0440\u0435\u0434\u043b\u0430\u0433\u0430\u0435\u043c \u043f\u043e\u0434\u0430\u0440\u043e\u0447\u043d\u044b\u0435 \u043a\u0430\u0440\u0442\u044b \u043d\u0430\u0448\u0435\u0433\u043e \u043c\u0430\u0433\u0430\u0437\u0438\u043d\u0430, \u043a\u043e\u0442\u043e\u0440\u044b\u0435 \u043c\u043e\u0436\u043d\u043e \u043e\u0431\u043c\u0435\u043d\u044f\u0442\u044c \u043f\u0440\u0438 \u043f\u043e\u043a\u0443\u043f\u043a\u0435 \u043f\u0440\u043e\u0444\u0435\u0441\u0441\u0438\u043e\u043d\u0430\u043b\u044c\u043d\u043e\u0439 \u0438\u0437\u0440\u0430\u0438\u043b\u044c\u0441\u043a\u043e\u0439 \u043a\u043e\u0441\u043c\u0435\u0442\u0438\u043a\u0438 \u041c\u0435\u0440\u0442\u0432\u043e\u0433\u043e \u043c\u043e\u0440\u044f \u043a\u0430\u043a \u0432 \u043d\u0430\u0448\u0435\u043c \u0438\u043d\u0442\u0435\u0440\u043d\u0435\u0442-\u043c\u0430\u0433\u0430\u0437\u0438\u043d\u0435, \u0442\u0430\u043a \u0438 \u043b\u0438\u0447\u043d\u043e.<\/p>","protected":false},"featured_media":28766,"comment_status":"open","ping_status":"closed","template":"","meta":[],"product_brand":[],"product_cat":[2227,2218,2215],"product_tag":[3402,3404,3403],"class_list":{"0":"post-28767","1":"product","2":"type-product","3":"status-publish","4":"has-post-thumbnail","6":"product_cat-davanu-karte","7":"product_cat-komplekti-davanas","8":"product_cat-visi-produkti","9":"product_tag-davanu-karte-pec-pieprasijuma","10":"product_tag-gift-card-on-request","11":"product_tag-3403","12":"pa_ean_nc-dk00","14":"first","15":"instock","16":"taxable","17":"shipping-taxable","18":"purchasable","19":"product-type-simple"},"yoast_head":"<!-- This site is optimized with the Yoast SEO plugin v23.9 - https:\/\/yoast.com\/wordpress\/plugins\/seo\/ -->\n<title>D\u0101vanu karte p\u0113c piepras\u012bjuma<\/title>\n<meta name=\"description\" content=\"D\u0101vanu karte p\u0113c piepras\u012bjuma\" \/>\n<meta name=\"robots\" content=\"index, follow, max-snippet:-1, max-image-preview:large, max-video-preview:-1\" \/>\n<link rel=\"canonical\" href=\"https:\/\/women.lv\/ru\/product\/davanu-karte-pec-pieprasijuma\/\" \/>\n<meta property=\"og:locale\" content=\"ru_RU\" \/>\n<meta property=\"og:type\" content=\"article\" \/>\n<meta property=\"og:title\" content=\"D\u0101vanu karte p\u0113c piepras\u012bjuma\" \/>\n<meta property=\"og:description\" content=\"D\u0101vanu karte p\u0113c piepras\u012bjuma\" \/>\n<meta property=\"og:url\" content=\"https:\/\/women.lv\/ru\/product\/davanu-karte-pec-pieprasijuma\/\" \/>\n<meta property=\"og:site_name\" content=\"Women Veikals\" \/>\n<meta property=\"article:modified_time\" content=\"2025-11-06T00:00:37+00:00\" \/>\n<meta property=\"og:image\" content=\"https:\/\/women.lv\/wp-content\/uploads\/nc\/catalog\/Davanu-Karte\/davanu-karte-valentindiena-2.jpeg\" \/>\n\t<meta property=\"og:image:width\" content=\"1600\" \/>\n\t<meta property=\"og:image:height\" content=\"1105\" \/>\n\t<meta property=\"og:image:type\" content=\"image\/jpeg\" \/>\n<meta name=\"twitter:card\" content=\"summary_large_image\" \/>\n<meta name=\"twitter:label1\" content=\"\u041f\u0440\u0438\u043c\u0435\u0440\u043d\u043e\u0435 \u0432\u0440\u0435\u043c\u044f \u0434\u043b\u044f \u0447\u0442\u0435\u043d\u0438\u044f\" \/>\n\t<meta name=\"twitter:data1\" content=\"1 \u043c\u0438\u043d\u0443\u0442\u0430\" \/>\n<script type=\"application\/ld+json\" class=\"yoast-schema-graph\">{\"@context\":\"https:\/\/schema.org\",\"@graph\":[{\"@type\":\"WebPage\",\"@id\":\"https:\/\/women.lv\/product\/davanu-karte-pec-pieprasijuma\/\",\"url\":\"https:\/\/women.lv\/product\/davanu-karte-pec-pieprasijuma\/\",\"name\":\"D\u0101vanu karte p\u0113c piepras\u012bjuma\",\"isPartOf\":{\"@id\":\"https:\/\/women.lv\/#website\"},\"primaryImageOfPage\":{\"@id\":\"https:\/\/women.lv\/product\/davanu-karte-pec-pieprasijuma\/#primaryimage\"},\"image\":{\"@id\":\"https:\/\/women.lv\/product\/davanu-karte-pec-pieprasijuma\/#primaryimage\"},\"thumbnailUrl\":\"https:\/\/women.lv\/wp-content\/uploads\/nc\/catalog\/Davanu-Karte\/davanu-karte-valentindiena-2.jpeg\",\"datePublished\":\"2020-11-16T16:10:48+00:00\",\"dateModified\":\"2025-11-06T00:00:37+00:00\",\"description\":\"D\u0101vanu karte p\u0113c piepras\u012bjuma\",\"breadcrumb\":{\"@id\":\"https:\/\/women.lv\/product\/davanu-karte-pec-pieprasijuma\/#breadcrumb\"},\"inLanguage\":\"ru-RU\",\"potentialAction\":[{\"@type\":\"ReadAction\",\"target\":[\"https:\/\/women.lv\/product\/davanu-karte-pec-pieprasijuma\/\"]}]},{\"@type\":\"ImageObject\",\"inLanguage\":\"ru-RU\",\"@id\":\"https:\/\/women.lv\/product\/davanu-karte-pec-pieprasijuma\/#primaryimage\",\"url\":\"https:\/\/women.lv\/wp-content\/uploads\/nc\/catalog\/Davanu-Karte\/davanu-karte-valentindiena-2.jpeg\",\"contentUrl\":\"https:\/\/women.lv\/wp-content\/uploads\/nc\/catalog\/Davanu-Karte\/davanu-karte-valentindiena-2.jpeg\",\"width\":1600,\"height\":1105,\"caption\":\"D\u0101vanu karte 100 euro\"},{\"@type\":\"BreadcrumbList\",\"@id\":\"https:\/\/women.lv\/product\/davanu-karte-pec-pieprasijuma\/#breadcrumb\",\"itemListElement\":[{\"@type\":\"ListItem\",\"position\":1,\"name\":\"Home\",\"item\":\"https:\/\/women.lv\/\"},{\"@type\":\"ListItem\",\"position\":2,\"name\":\"Products\",\"item\":\"https:\/\/women.lv\/en\/shop\/\"},{\"@type\":\"ListItem\",\"position\":3,\"name\":\"D\u0101vanu karte p\u0113c piepras\u012bjuma\"}]},{\"@type\":\"WebSite\",\"@id\":\"https:\/\/women.lv\/#website\",\"url\":\"https:\/\/women.lv\/\",\"name\":\"Women Veikals\",\"description\":\"Uzdr\u012bksties b\u016bt skaista\",\"potentialAction\":[{\"@type\":\"SearchAction\",\"target\":{\"@type\":\"EntryPoint\",\"urlTemplate\":\"https:\/\/women.lv\/?s={search_term_string}\"},\"query-input\":{\"@type\":\"PropertyValueSpecification\",\"valueRequired\":true,\"valueName\":\"search_term_string\"}}],\"inLanguage\":\"ru-RU\"}]}<\/script>\n<!-- \/ Yoast SEO plugin. -->","yoast_head_json":{"title":"D\u0101vanu karte p\u0113c piepras\u012bjuma","description":"D\u0101vanu karte p\u0113c piepras\u012bjuma","robots":{"index":"index","follow":"follow","max-snippet":"max-snippet:-1","max-image-preview":"max-image-preview:large","max-video-preview":"max-video-preview:-1"},"canonical":"https:\/\/women.lv\/ru\/product\/davanu-karte-pec-pieprasijuma\/","og_locale":"ru_RU","og_type":"article","og_title":"D\u0101vanu karte p\u0113c piepras\u012bjuma","og_description":"D\u0101vanu karte p\u0113c piepras\u012bjuma","og_url":"https:\/\/women.lv\/ru\/product\/davanu-karte-pec-pieprasijuma\/","og_site_name":"Women Veikals","article_modified_time":"2025-11-06T00:00:37+00:00","og_image":[{"width":1600,"height":1105,"url":"https:\/\/women.lv\/wp-content\/uploads\/nc\/catalog\/Davanu-Karte\/davanu-karte-valentindiena-2.jpeg","type":"image\/jpeg"}],"twitter_card":"summary_large_image","twitter_misc":{"\u041f\u0440\u0438\u043c\u0435\u0440\u043d\u043e\u0435 \u0432\u0440\u0435\u043c\u044f \u0434\u043b\u044f \u0447\u0442\u0435\u043d\u0438\u044f":"1 \u043c\u0438\u043d\u0443\u0442\u0430"},"schema":{"@context":"https:\/\/schema.org","@graph":[{"@type":"WebPage","@id":"https:\/\/women.lv\/product\/davanu-karte-pec-pieprasijuma\/","url":"https:\/\/women.lv\/product\/davanu-karte-pec-pieprasijuma\/","name":"D\u0101vanu karte p\u0113c piepras\u012bjuma","isPartOf":{"@id":"https:\/\/women.lv\/#website"},"primaryImageOfPage":{"@id":"https:\/\/women.lv\/product\/davanu-karte-pec-pieprasijuma\/#primaryimage"},"image":{"@id":"https:\/\/women.lv\/product\/davanu-karte-pec-pieprasijuma\/#primaryimage"},"thumbnailUrl":"https:\/\/women.lv\/wp-content\/uploads\/nc\/catalog\/Davanu-Karte\/davanu-karte-valentindiena-2.jpeg","datePublished":"2020-11-16T16:10:48+00:00","dateModified":"2025-11-06T00:00:37+00:00","description":"D\u0101vanu karte p\u0113c piepras\u012bjuma","breadcrumb":{"@id":"https:\/\/women.lv\/product\/davanu-karte-pec-pieprasijuma\/#breadcrumb"},"inLanguage":"ru-RU","potentialAction":[{"@type":"ReadAction","target":["https:\/\/women.lv\/product\/davanu-karte-pec-pieprasijuma\/"]}]},{"@type":"ImageObject","inLanguage":"ru-RU","@id":"https:\/\/women.lv\/product\/davanu-karte-pec-pieprasijuma\/#primaryimage","url":"https:\/\/women.lv\/wp-content\/uploads\/nc\/catalog\/Davanu-Karte\/davanu-karte-valentindiena-2.jpeg","contentUrl":"https:\/\/women.lv\/wp-content\/uploads\/nc\/catalog\/Davanu-Karte\/davanu-karte-valentindiena-2.jpeg","width":1600,"height":1105,"caption":"D\u0101vanu karte 100 euro"},{"@type":"BreadcrumbList","@id":"https:\/\/women.lv\/product\/davanu-karte-pec-pieprasijuma\/#breadcrumb","itemListElement":[{"@type":"ListItem","position":1,"name":"Home","item":"https:\/\/women.lv\/"},{"@type":"ListItem","position":2,"name":"Products","item":"https:\/\/women.lv\/en\/shop\/"},{"@type":"ListItem","position":3,"name":"D\u0101vanu karte p\u0113c piepras\u012bjuma"}]},{"@type":"WebSite","@id":"https:\/\/women.lv\/#website","url":"https:\/\/women.lv\/","name":"Women Veikals","description":"Uzdr\u012bksties b\u016bt skaista","potentialAction":[{"@type":"SearchAction","target":{"@type":"EntryPoint","urlTemplate":"https:\/\/women.lv\/?s={search_term_string}"},"query-input":{"@type":"PropertyValueSpecification","valueRequired":true,"valueName":"search_term_string"}}],"inLanguage":"ru-RU"}]}},"_links":{"self":[{"href":"https:\/\/women.lv\/ru\/wp-json\/wp\/v2\/product\/28767","targetHints":{"allow":["GET"]}}],"collection":[{"href":"https:\/\/women.lv\/ru\/wp-json\/wp\/v2\/product"}],"about":[{"href":"https:\/\/women.lv\/ru\/wp-json\/wp\/v2\/types\/product"}],"replies":[{"embeddable":true,"href":"https:\/\/women.lv\/ru\/wp-json\/wp\/v2\/comments?post=28767"}],"version-history":[{"count":1,"href":"https:\/\/women.lv\/ru\/wp-json\/wp\/v2\/product\/28767\/revisions"}],"predecessor-version":[{"id":29702,"href":"https:\/\/women.lv\/ru\/wp-json\/wp\/v2\/product\/28767\/revisions\/29702"}],"wp:featuredmedia":[{"embeddable":true,"href":"https:\/\/women.lv\/ru\/wp-json\/wp\/v2\/media\/28766"}],"wp:attachment":[{"href":"https:\/\/women.lv\/ru\/wp-json\/wp\/v2\/media?parent=28767"}],"wp:term":[{"taxonomy":"product_brand","embeddable":true,"href":"https:\/\/women.lv\/ru\/wp-json\/wp\/v2\/product_brand?post=28767"},{"taxonomy":"product_cat","embeddable":true,"href":"https:\/\/women.lv\/ru\/wp-json\/wp\/v2\/product_cat?post=28767"},{"taxonomy":"product_tag","embeddable":true,"href":"https:\/\/women.lv\/ru\/wp-json\/wp\/v2\/product_tag?post=28767"}],"curies":[{"name":"wp","href":"https:\/\/api.w.org\/{rel}","templated":true}]}}