{"id":28733,"date":"2020-10-30T15:49:39","date_gmt":"2020-10-30T15:49:39","guid":{"rendered":"https:\/\/women.lv\/?product=kermena-losjons-ar-mandarinu-un-muskusa-aromatu"},"modified":"2025-11-05T13:26:17","modified_gmt":"2025-11-05T13:26:17","slug":"kermena-losjons-ar-mandarinu-un-muskusa-aromatu","status":"publish","type":"product","link":"https:\/\/women.lv\/ru\/product\/kermena-losjons-ar-mandarinu-un-muskusa-aromatu\/","title":{"rendered":"\u041b\u043e\u0441\u044c\u043e\u043d \u0434\u043b\u044f \u0442\u0435\u043b\u0430 \u0441 \u0430\u0440\u043e\u043c\u0430\u0442\u043e\u043c \u043c\u0430\u043d\u0434\u0430\u0440\u0438\u043d\u0430 \u0438 \u043c\u0443\u0441\u043a\u0443\u0441\u0430"},"content":{"rendered":"<p><span style=\"font-family: Helvetica;\"><span style=\"font-size: 18px;\"><b>\u041e\u0447\u0435\u043d\u044c \u043b\u0435\u0433\u043a\u0430\u044f \u0442\u0435\u043a\u0441\u0442\u0443\u0440\u0430, \u043b\u0435\u0433\u043a\u043e \u0432\u043f\u0438\u0442\u044b\u0432\u0430\u0435\u0442\u0441\u044f<\/b><\/span><\/span><\/p>\n<p><span style=\"font-family: Helvetica;\"><span style=\"font-size: 18px;\">\u0410\u0440\u043e\u043c\u0430\u0442\u043d\u044b\u0439 \u043b\u043e\u0441\u044c\u043e\u043d \u0434\u043b\u044f \u0442\u0435\u043b\u0430, \u043a\u043e\u0442\u043e\u0440\u044b\u0439 \u0441\u0442\u0438\u043c\u0443\u043b\u0438\u0440\u0443\u0435\u0442 \u0447\u0443\u0432\u0441\u0442\u0432\u0430, \u0441 \u043e\u0447\u0435\u043d\u044c \u043b\u0435\u0433\u043a\u043e\u0439 \u0442\u0435\u043a\u0441\u0442\u0443\u0440\u043e\u0439, \u043a\u043e\u0442\u043e\u0440\u0430\u044f \u043b\u0435\u0433\u043a\u043e \u0432\u043f\u0438\u0442\u044b\u0432\u0430\u0435\u0442\u0441\u044f \u0432 \u043a\u043e\u0436\u0443. \u0421\u043e\u0434\u0435\u0440\u0436\u0438\u0442 \u0437\u0430\u0449\u0438\u0442\u043d\u044b\u0435 \u0438 \u043f\u0438\u0442\u0430\u0442\u0435\u043b\u044c\u043d\u044b\u0435 \u0438\u043d\u0433\u0440\u0435\u0434\u0438\u0435\u043d\u0442\u044b, \u0432\u0438\u0442\u0430\u043c\u0438\u043d \u0415 \u0434\u043b\u044f \u0437\u0430\u0449\u0438\u0442\u044b \u043a\u043e\u0436\u0438 \u0438 \u043d\u0430\u0442\u0443\u0440\u0430\u043b\u044c\u043d\u044b\u0435 \u043c\u0438\u043d\u0435\u0440\u0430\u043b\u044b \u041c\u0435\u0440\u0442\u0432\u043e\u0433\u043e \u043c\u043e\u0440\u044f \u0434\u043b\u044f \u0431\u0430\u043b\u0430\u043d\u0441\u0438\u0440\u043e\u0432\u043a\u0438 \u0435\u0441\u0442\u0435\u0441\u0442\u0432\u0435\u043d\u043d\u043e\u0433\u043e \u0443\u0440\u043e\u0432\u043d\u044f \u0432\u043b\u0430\u0436\u043d\u043e\u0441\u0442\u0438 \u043a\u043e\u0436\u0438. \u0410\u0440\u043e\u043c\u0430\u0442 \u043e\u0441\u043d\u043e\u0432\u0430\u043d \u043d\u0430 \u044d\u043a\u0441\u0442\u0440\u0430\u043a\u0442\u0430\u0445 \u043c\u0430\u043d\u0434\u0430\u0440\u0438\u043d\u0430, \u0431\u0435\u0440\u0433\u0430\u043c\u043e\u0442\u0430, \u0444\u0438\u0430\u043b\u043a\u0438 \u0438 \u0441\u0430\u043d\u0434\u0430\u043b\u0430 \u0441\u043e \u0441\u043b\u0430\u0434\u043a\u0438\u043c\u0438 \u043d\u043e\u0442\u0430\u043c\u0438 \u044d\u043a\u0441\u0442\u0440\u0430\u043a\u0442\u0430 \u0432\u0430\u043d\u0438\u043b\u0438, \u043c\u0443\u0441\u043a\u0443\u0441\u0430 \u0438 \u044d\u043a\u0441\u0442\u0440\u0430\u043a\u0442\u043e\u0432 \u043f\u0430\u0447\u0443\u043b\u0438. \u0417\u0430\u043c\u0435\u0447\u0430\u0442\u0435\u043b\u044c\u043d\u044b\u0439 \u043b\u043e\u0441\u044c\u043e\u043d \u0434\u043b\u044f \u0442\u0435\u043b\u0430, \u043a\u043e\u0442\u043e\u0440\u044b\u0439 \u0441\u0434\u0435\u043b\u0430\u0435\u0442 \u0432\u0430\u0448\u0443 \u043a\u043e\u0436\u0443 \u043c\u044f\u0433\u043a\u043e\u0439 \u0438 \u044d\u043b\u0430\u0441\u0442\u0438\u0447\u043d\u043e\u0439, \u0430 \u0435\u0435 \u0430\u0440\u043e\u043c\u0430\u0442 \u0441\u043e\u0445\u0440\u0430\u043d\u0438\u0442\u0441\u044f \u043d\u0430\u0434\u043e\u043b\u0433\u043e.<\/span><\/span><\/p>\n<ul>\n<li><span style=\"font-family: Helvetica;\"><span style=\"font-size: 18px;\">\u041b\u0435\u0433\u043a\u043e \u0432\u043f\u0438\u0442\u044b\u0432\u0430\u0435\u0442\u0441\u044f \u0438 \u043d\u0435\u0436\u0438\u0440\u043d\u044b\u0439<\/span><\/span><\/li>\n<li><span style=\"font-family: Helvetica;\"><span style=\"font-size: 18px;\">\u0421\u043e\u0434\u0435\u0440\u0436\u0438\u0442 \u0432\u0438\u0442\u0430\u043c\u0438\u043d \u0415 \u0438 \u043d\u0430\u0442\u0443\u0440\u0430\u043b\u044c\u043d\u044b\u0435 \u043c\u0438\u043d\u0435\u0440\u0430\u043b\u044b \u041c\u0435\u0440\u0442\u0432\u043e\u0433\u043e \u043c\u043e\u0440\u044f.<\/span><\/span><\/li>\n<li><span style=\"font-family: Helvetica;\"><span style=\"font-size: 18px;\">\u0410\u0440\u043e\u043c\u0430\u0442 \u043c\u0430\u043d\u0434\u0430\u0440\u0438\u043d\u043e\u0432, \u0431\u0435\u0440\u0433\u0430\u043c\u043e\u0442\u0430, \u0444\u0438\u0430\u043b\u043a\u0438 \u0438 \u043c\u0443\u0441\u043a\u0443\u0441\u0430.<\/span><\/span><\/li>\n<li><span style=\"font-family: Helvetica;\"><span style=\"font-size: 18px;\">\u0414\u0435\u043b\u0430\u0435\u0442 \u043a\u043e\u0436\u0443 \u043c\u044f\u0433\u043a\u043e\u0439, \u044d\u043b\u0430\u0441\u0442\u0438\u0447\u043d\u043e\u0439 \u0438 \u0438\u043c\u0435\u0435\u0442 \u0441\u0442\u043e\u0439\u043a\u0438\u0439 \u0430\u0440\u043e\u043c\u0430\u0442.<\/span><\/span><\/li>\n<\/ul>\n<p><strong><span style=\"font-family: Helvetica;\"><span style=\"font-size: 18px;\">\u041b\u0438\u043d\u0438\u044f \u043f\u0440\u043e\u0434\u0443\u043a\u0442\u043e\u0432, \u0441\u0442\u0438\u043c\u0443\u043b\u0438\u0440\u0443\u044e\u0449\u0438\u0445 \u0447\u0443\u0432\u0441\u0442\u0432\u0430...<\/span><\/span><\/strong><\/p>","protected":false},"excerpt":{"rendered":"<p>\u041e\u0447\u0435\u043d\u044c \u043b\u0435\u0433\u043a\u0430\u044f \u0442\u0435\u043a\u0441\u0442\u0443\u0440\u0430 \u0438 \u043b\u0435\u0433\u043a\u043e\u0435 \u0432\u043f\u0438\u0442\u044b\u0432\u0430\u043d\u0438\u0435. \u0410\u0440\u043e\u043c\u0430\u0442\u043d\u044b\u0439 \u043b\u043e\u0441\u044c\u043e\u043d \u0434\u043b\u044f \u0442\u0435\u043b\u0430, \u043a\u043e\u0442\u043e\u0440\u044b\u0439 \u0441\u0442\u0438\u043c\u0443\u043b\u0438\u0440\u0443\u0435\u0442 \u0447\u0443\u0432\u0441\u0442\u0432\u0430, \u0438\u043c\u0435\u0435\u0442 \u043e\u0447\u0435\u043d\u044c \u043b\u0435\u0433\u043a\u0443\u044e \u0442\u0435\u043a\u0441\u0442\u0443\u0440\u0443, \u043a\u043e\u0442\u043e\u0440\u0430\u044f \u043b\u0435\u0433\u043a\u043e \u0432\u043f\u0438\u0442\u044b\u0432\u0430\u0435\u0442\u0441\u044f \u0432 \u043a\u043e\u0436\u0443.<\/p>","protected":false},"featured_media":28734,"comment_status":"open","ping_status":"closed","template":"","meta":[],"product_brand":[],"product_cat":[2208,2216,2215],"product_tag":[3322,3323,3351,2244,2243,3349,3350,2245],"class_list":{"0":"post-28733","1":"product","2":"type-product","3":"status-publish","4":"has-post-thumbnail","6":"product_cat-kermena-kopsanas-lidzekii","7":"product_cat-kermena-mitrinasana-un-barosana","8":"product_cat-visi-produkti","9":"product_tag-chic","10":"product_tag-chic-senses","11":"product_tag-fragrant-body-lotion-mandarin-musk","12":"product_tag-israel","13":"product_tag-izraela","14":"product_tag-kermena-losjons-ar-mandarinu-un-muskusa-aromatu","15":"product_tag-3350","16":"product_tag-2245","17":"pa_brand_nc-chic-senses","18":"pa_ean_nc-4055","20":"first","21":"instock","22":"sale","23":"taxable","24":"shipping-taxable","25":"purchasable","26":"product-type-simple"},"yoast_head":"<!-- This site is optimized with the Yoast SEO plugin v23.9 - https:\/\/yoast.com\/wordpress\/plugins\/seo\/ -->\n<title>\u0136erme\u0146a losjons ar mandar\u012bnu un muskusa arom\u0101tu<\/title>\n<meta name=\"description\" content=\"Mandar\u012bnu, bergamotes, vijol\u012b\u0161u un muskusa smar\u017ea Produktu l\u012bnija, kas stimul\u0113 ma\u0146as ...\" \/>\n<meta name=\"robots\" content=\"index, follow, max-snippet:-1, max-image-preview:large, max-video-preview:-1\" \/>\n<link rel=\"canonical\" href=\"https:\/\/women.lv\/ru\/product\/kermena-losjons-ar-mandarinu-un-muskusa-aromatu\/\" \/>\n<meta property=\"og:locale\" content=\"ru_RU\" \/>\n<meta property=\"og:type\" content=\"article\" \/>\n<meta property=\"og:title\" content=\"\u0136erme\u0146a losjons ar mandar\u012bnu un muskusa arom\u0101tu\" \/>\n<meta property=\"og:description\" content=\"Mandar\u012bnu, bergamotes, vijol\u012b\u0161u un muskusa smar\u017ea Produktu l\u012bnija, kas stimul\u0113 ma\u0146as ...\" \/>\n<meta property=\"og:url\" content=\"https:\/\/women.lv\/ru\/product\/kermena-losjons-ar-mandarinu-un-muskusa-aromatu\/\" \/>\n<meta property=\"og:site_name\" content=\"Women Veikals\" \/>\n<meta property=\"article:modified_time\" content=\"2025-11-05T13:26:17+00:00\" \/>\n<meta property=\"og:image\" content=\"https:\/\/women.lv\/wp-content\/uploads\/nc\/catalog\/CHiC\/Senses\/senses-perfumed-body-lotion-mandarin-musk.jpg\" \/>\n\t<meta property=\"og:image:width\" content=\"423\" \/>\n\t<meta property=\"og:image:height\" content=\"700\" \/>\n\t<meta property=\"og:image:type\" content=\"image\/jpeg\" \/>\n<meta name=\"twitter:card\" content=\"summary_large_image\" \/>\n<meta name=\"twitter:label1\" content=\"\u041f\u0440\u0438\u043c\u0435\u0440\u043d\u043e\u0435 \u0432\u0440\u0435\u043c\u044f \u0434\u043b\u044f \u0447\u0442\u0435\u043d\u0438\u044f\" \/>\n\t<meta name=\"twitter:data1\" content=\"1 \u043c\u0438\u043d\u0443\u0442\u0430\" \/>\n<script type=\"application\/ld+json\" class=\"yoast-schema-graph\">{\"@context\":\"https:\/\/schema.org\",\"@graph\":[{\"@type\":\"WebPage\",\"@id\":\"https:\/\/women.lv\/product\/kermena-losjons-ar-mandarinu-un-muskusa-aromatu\/\",\"url\":\"https:\/\/women.lv\/product\/kermena-losjons-ar-mandarinu-un-muskusa-aromatu\/\",\"name\":\"\u0136erme\u0146a losjons ar mandar\u012bnu un muskusa arom\u0101tu\",\"isPartOf\":{\"@id\":\"https:\/\/women.lv\/#website\"},\"primaryImageOfPage\":{\"@id\":\"https:\/\/women.lv\/product\/kermena-losjons-ar-mandarinu-un-muskusa-aromatu\/#primaryimage\"},\"image\":{\"@id\":\"https:\/\/women.lv\/product\/kermena-losjons-ar-mandarinu-un-muskusa-aromatu\/#primaryimage\"},\"thumbnailUrl\":\"https:\/\/women.lv\/wp-content\/uploads\/nc\/catalog\/CHiC\/Senses\/senses-perfumed-body-lotion-mandarin-musk.jpg\",\"datePublished\":\"2020-10-30T15:49:39+00:00\",\"dateModified\":\"2025-11-05T13:26:17+00:00\",\"description\":\"Mandar\u012bnu, bergamotes, vijol\u012b\u0161u un muskusa smar\u017ea Produktu l\u012bnija, kas stimul\u0113 ma\u0146as ...\",\"breadcrumb\":{\"@id\":\"https:\/\/women.lv\/product\/kermena-losjons-ar-mandarinu-un-muskusa-aromatu\/#breadcrumb\"},\"inLanguage\":\"ru-RU\",\"potentialAction\":[{\"@type\":\"ReadAction\",\"target\":[\"https:\/\/women.lv\/product\/kermena-losjons-ar-mandarinu-un-muskusa-aromatu\/\"]}]},{\"@type\":\"ImageObject\",\"inLanguage\":\"ru-RU\",\"@id\":\"https:\/\/women.lv\/product\/kermena-losjons-ar-mandarinu-un-muskusa-aromatu\/#primaryimage\",\"url\":\"https:\/\/women.lv\/wp-content\/uploads\/nc\/catalog\/CHiC\/Senses\/senses-perfumed-body-lotion-mandarin-musk.jpg\",\"contentUrl\":\"https:\/\/women.lv\/wp-content\/uploads\/nc\/catalog\/CHiC\/Senses\/senses-perfumed-body-lotion-mandarin-musk.jpg\",\"width\":423,\"height\":700,\"caption\":\"\u0136erme\u0146a losjons ar mandar\u012bnu un muskusa arom\u0101tu\"},{\"@type\":\"BreadcrumbList\",\"@id\":\"https:\/\/women.lv\/product\/kermena-losjons-ar-mandarinu-un-muskusa-aromatu\/#breadcrumb\",\"itemListElement\":[{\"@type\":\"ListItem\",\"position\":1,\"name\":\"Home\",\"item\":\"https:\/\/women.lv\/\"},{\"@type\":\"ListItem\",\"position\":2,\"name\":\"Products\",\"item\":\"https:\/\/women.lv\/en\/shop\/\"},{\"@type\":\"ListItem\",\"position\":3,\"name\":\"\u0136erme\u0146a losjons ar mandar\u012bnu un muskusa arom\u0101tu\"}]},{\"@type\":\"WebSite\",\"@id\":\"https:\/\/women.lv\/#website\",\"url\":\"https:\/\/women.lv\/\",\"name\":\"Women Veikals\",\"description\":\"Uzdr\u012bksties b\u016bt skaista\",\"potentialAction\":[{\"@type\":\"SearchAction\",\"target\":{\"@type\":\"EntryPoint\",\"urlTemplate\":\"https:\/\/women.lv\/?s={search_term_string}\"},\"query-input\":{\"@type\":\"PropertyValueSpecification\",\"valueRequired\":true,\"valueName\":\"search_term_string\"}}],\"inLanguage\":\"ru-RU\"}]}<\/script>\n<!-- \/ Yoast SEO plugin. -->","yoast_head_json":{"title":"\u0136erme\u0146a losjons ar mandar\u012bnu un muskusa arom\u0101tu","description":"Mandar\u012bnu, bergamotes, vijol\u012b\u0161u un muskusa smar\u017ea Produktu l\u012bnija, kas stimul\u0113 ma\u0146as ...","robots":{"index":"index","follow":"follow","max-snippet":"max-snippet:-1","max-image-preview":"max-image-preview:large","max-video-preview":"max-video-preview:-1"},"canonical":"https:\/\/women.lv\/ru\/product\/kermena-losjons-ar-mandarinu-un-muskusa-aromatu\/","og_locale":"ru_RU","og_type":"article","og_title":"\u0136erme\u0146a losjons ar mandar\u012bnu un muskusa arom\u0101tu","og_description":"Mandar\u012bnu, bergamotes, vijol\u012b\u0161u un muskusa smar\u017ea Produktu l\u012bnija, kas stimul\u0113 ma\u0146as ...","og_url":"https:\/\/women.lv\/ru\/product\/kermena-losjons-ar-mandarinu-un-muskusa-aromatu\/","og_site_name":"Women Veikals","article_modified_time":"2025-11-05T13:26:17+00:00","og_image":[{"width":423,"height":700,"url":"https:\/\/women.lv\/wp-content\/uploads\/nc\/catalog\/CHiC\/Senses\/senses-perfumed-body-lotion-mandarin-musk.jpg","type":"image\/jpeg"}],"twitter_card":"summary_large_image","twitter_misc":{"\u041f\u0440\u0438\u043c\u0435\u0440\u043d\u043e\u0435 \u0432\u0440\u0435\u043c\u044f \u0434\u043b\u044f \u0447\u0442\u0435\u043d\u0438\u044f":"1 \u043c\u0438\u043d\u0443\u0442\u0430"},"schema":{"@context":"https:\/\/schema.org","@graph":[{"@type":"WebPage","@id":"https:\/\/women.lv\/product\/kermena-losjons-ar-mandarinu-un-muskusa-aromatu\/","url":"https:\/\/women.lv\/product\/kermena-losjons-ar-mandarinu-un-muskusa-aromatu\/","name":"\u0136erme\u0146a losjons ar mandar\u012bnu un muskusa arom\u0101tu","isPartOf":{"@id":"https:\/\/women.lv\/#website"},"primaryImageOfPage":{"@id":"https:\/\/women.lv\/product\/kermena-losjons-ar-mandarinu-un-muskusa-aromatu\/#primaryimage"},"image":{"@id":"https:\/\/women.lv\/product\/kermena-losjons-ar-mandarinu-un-muskusa-aromatu\/#primaryimage"},"thumbnailUrl":"https:\/\/women.lv\/wp-content\/uploads\/nc\/catalog\/CHiC\/Senses\/senses-perfumed-body-lotion-mandarin-musk.jpg","datePublished":"2020-10-30T15:49:39+00:00","dateModified":"2025-11-05T13:26:17+00:00","description":"Mandar\u012bnu, bergamotes, vijol\u012b\u0161u un muskusa smar\u017ea Produktu l\u012bnija, kas stimul\u0113 ma\u0146as ...","breadcrumb":{"@id":"https:\/\/women.lv\/product\/kermena-losjons-ar-mandarinu-un-muskusa-aromatu\/#breadcrumb"},"inLanguage":"ru-RU","potentialAction":[{"@type":"ReadAction","target":["https:\/\/women.lv\/product\/kermena-losjons-ar-mandarinu-un-muskusa-aromatu\/"]}]},{"@type":"ImageObject","inLanguage":"ru-RU","@id":"https:\/\/women.lv\/product\/kermena-losjons-ar-mandarinu-un-muskusa-aromatu\/#primaryimage","url":"https:\/\/women.lv\/wp-content\/uploads\/nc\/catalog\/CHiC\/Senses\/senses-perfumed-body-lotion-mandarin-musk.jpg","contentUrl":"https:\/\/women.lv\/wp-content\/uploads\/nc\/catalog\/CHiC\/Senses\/senses-perfumed-body-lotion-mandarin-musk.jpg","width":423,"height":700,"caption":"\u0136erme\u0146a losjons ar mandar\u012bnu un muskusa arom\u0101tu"},{"@type":"BreadcrumbList","@id":"https:\/\/women.lv\/product\/kermena-losjons-ar-mandarinu-un-muskusa-aromatu\/#breadcrumb","itemListElement":[{"@type":"ListItem","position":1,"name":"Home","item":"https:\/\/women.lv\/"},{"@type":"ListItem","position":2,"name":"Products","item":"https:\/\/women.lv\/en\/shop\/"},{"@type":"ListItem","position":3,"name":"\u0136erme\u0146a losjons ar mandar\u012bnu un muskusa arom\u0101tu"}]},{"@type":"WebSite","@id":"https:\/\/women.lv\/#website","url":"https:\/\/women.lv\/","name":"Women Veikals","description":"Uzdr\u012bksties b\u016bt skaista","potentialAction":[{"@type":"SearchAction","target":{"@type":"EntryPoint","urlTemplate":"https:\/\/women.lv\/?s={search_term_string}"},"query-input":{"@type":"PropertyValueSpecification","valueRequired":true,"valueName":"search_term_string"}}],"inLanguage":"ru-RU"}]}},"_links":{"self":[{"href":"https:\/\/women.lv\/ru\/wp-json\/wp\/v2\/product\/28733","targetHints":{"allow":["GET"]}}],"collection":[{"href":"https:\/\/women.lv\/ru\/wp-json\/wp\/v2\/product"}],"about":[{"href":"https:\/\/women.lv\/ru\/wp-json\/wp\/v2\/types\/product"}],"replies":[{"embeddable":true,"href":"https:\/\/women.lv\/ru\/wp-json\/wp\/v2\/comments?post=28733"}],"version-history":[{"count":2,"href":"https:\/\/women.lv\/ru\/wp-json\/wp\/v2\/product\/28733\/revisions"}],"predecessor-version":[{"id":29714,"href":"https:\/\/women.lv\/ru\/wp-json\/wp\/v2\/product\/28733\/revisions\/29714"}],"wp:featuredmedia":[{"embeddable":true,"href":"https:\/\/women.lv\/ru\/wp-json\/wp\/v2\/media\/28734"}],"wp:attachment":[{"href":"https:\/\/women.lv\/ru\/wp-json\/wp\/v2\/media?parent=28733"}],"wp:term":[{"taxonomy":"product_brand","embeddable":true,"href":"https:\/\/women.lv\/ru\/wp-json\/wp\/v2\/product_brand?post=28733"},{"taxonomy":"product_cat","embeddable":true,"href":"https:\/\/women.lv\/ru\/wp-json\/wp\/v2\/product_cat?post=28733"},{"taxonomy":"product_tag","embeddable":true,"href":"https:\/\/women.lv\/ru\/wp-json\/wp\/v2\/product_tag?post=28733"}],"curies":[{"name":"wp","href":"https:\/\/api.w.org\/{rel}","templated":true}]}}