{"id":28731,"date":"2020-10-30T15:00:35","date_gmt":"2020-10-30T15:00:35","guid":{"rendered":"https:\/\/women.lv\/?product=aromatiska-dusas-zeleja-ar-dzintara-magnolijas-aromatu"},"modified":"2025-11-05T13:26:17","modified_gmt":"2025-11-05T13:26:17","slug":"aromatiska-dusas-zeleja-ar-dzintara-magnolijas-aromatu","status":"publish","type":"product","link":"https:\/\/women.lv\/ru\/product\/aromatiska-dusas-zeleja-ar-dzintara-magnolijas-aromatu\/","title":{"rendered":"\u0410\u0440\u043e\u043c\u0430\u0442\u043d\u044b\u0439 \u0433\u0435\u043b\u044c \u0434\u043b\u044f \u0434\u0443\u0448\u0430 \u0441 \u0430\u0440\u043e\u043c\u0430\u0442\u043e\u043c \u044f\u043d\u0442\u0430\u0440\u043d\u043e\u0439 \u043c\u0430\u0433\u043d\u043e\u043b\u0438\u0438."},"content":{"rendered":"<p><span style=\"font-family: Helvetica;\"><span style=\"font-size: 18px;\"><b>\u041e\u0441\u0432\u0435\u0436\u0430\u044e\u0449\u0438\u0439 \u0430\u0440\u043e\u043c\u0430\u0442 \u043d\u0430 \u043a\u0430\u0436\u0434\u044b\u0439 \u0434\u0435\u043d\u044c<\/b><\/span><\/span><\/p>\n<p><span style=\"font-family: Helvetica;\"><span style=\"font-size: 18px;\">Du\u0161as \u017eeleja satur maigas att\u012bro\u0161as un putojo\u0161as sast\u0101vda\u013cas, kas att\u012bra \u0101du, to nesausinot. Bag\u0101tin\u0101ts ar dab\u012bg\u0101m N\u0101ves j\u016bras miner\u0101lviel\u0101m, lai aizsarg\u0101tu un uztur\u0113tu j\u016bsu \u0101das dabisko mitruma l\u012bdzsvaru. Arom\u0101ta pamat\u0101 smar\u017e\u012bgu magnoliju un nosl\u0113pumain\u0101 dzintara ekstrakti, kas papildin\u0101ti ar greipfr\u016btu un lotosa ziedu arom\u0101tu.\u00a0Apburo\u0161a un lutino\u0161a du\u0161as \u017eeleja, kas ap\u0146em \u0137ermeni ar atsvaidzino\u0161u smar\u017eu.<\/span><\/span><\/p>\n<ul>\n<li><span style=\"font-family: Helvetica;\"><span style=\"font-size: 18px;\">\u0421\u043e\u0445\u0440\u0430\u043d\u044f\u0435\u0442 \u0430\u0440\u043e\u043c\u0430\u0442 \u0434\u043e\u043b\u0433\u043e\u0435 \u0432\u0440\u0435\u043c\u044f \u043f\u043e\u0441\u043b\u0435 \u0434\u0443\u0448\u0430<\/span><\/span><\/li>\n<li><span style=\"font-family: Helvetica;\"><span style=\"font-size: 18px;\">\u041e\u0447\u0438\u0449\u0430\u0435\u0442 \u043a\u043e\u0436\u0443, \u043d\u0435 \u043f\u0435\u0440\u0435\u0441\u0443\u0448\u0438\u0432\u0430\u044f \u0435\u0435<\/span><\/span><\/li>\n<li><span style=\"font-family: Helvetica;\"><span style=\"font-size: 18px;\">\u0417\u0430\u0449\u0438\u0449\u0430\u0435\u0442 \u0438 \u043f\u043e\u0434\u0434\u0435\u0440\u0436\u0438\u0432\u0430\u0435\u0442 \u0435\u0441\u0442\u0435\u0441\u0442\u0432\u0435\u043d\u043d\u044b\u0439 \u0431\u0430\u043b\u0430\u043d\u0441 \u0432\u043b\u0430\u0433\u0438 \u0432 \u043a\u043e\u0436\u0435.<\/span><\/span><\/li>\n<\/ul>\n<p><strong><span style=\"font-family: Helvetica;\"><span style=\"font-size: 18px;\">\u041b\u0438\u043d\u0438\u044f \u043f\u0440\u043e\u0434\u0443\u043a\u0442\u043e\u0432, \u0441\u0442\u0438\u043c\u0443\u043b\u0438\u0440\u0443\u044e\u0449\u0438\u0445 \u0447\u0443\u0432\u0441\u0442\u0432\u0430...<\/span><\/span><\/strong><\/p>","protected":false},"excerpt":{"rendered":"<p>\u041e\u0441\u0432\u0435\u0436\u0430\u044e\u0449\u0438\u0439 \u0430\u0440\u043e\u043c\u0430\u0442 \u043d\u0430 \u043a\u0430\u0436\u0434\u044b\u0439 \u0434\u0435\u043d\u044c \u0413\u0435\u043b\u044c \u0434\u043b\u044f \u0434\u0443\u0448\u0430 \u0441\u043e\u0434\u0435\u0440\u0436\u0438\u0442 \u043d\u0435\u0436\u043d\u044b\u0435 \u043e\u0447\u0438\u0449\u0430\u044e\u0449\u0438\u0435 \u0438 \u043f\u0435\u043d\u044f\u0449\u0438\u0435\u0441\u044f \u0438\u043d\u0433\u0440\u0435\u0434\u0438\u0435\u043d\u0442\u044b, \u043a\u043e\u0442\u043e\u0440\u044b\u0435 \u043e\u0447\u0438\u0449\u0430\u044e\u0442 \u043a\u043e\u0436\u0443, \u043d\u0435 \u043f\u0435\u0440\u0435\u0441\u0443\u0448\u0438\u0432\u0430\u044f \u0435\u0435. \u041e\u0431\u043e\u0433\u0430\u0449\u0435\u043d \u043d\u0430\u0442\u0443\u0440\u0430\u043b\u044c\u043d\u044b\u043c\u0438<\/p>","protected":false},"featured_media":28732,"comment_status":"open","ping_status":"closed","template":"","meta":[],"product_brand":[],"product_cat":[2208,2209,2215],"product_tag":[3345,3322,3323,2244,2243,3347,3346,2245],"class_list":{"0":"post-28731","1":"product","2":"type-product","3":"status-publish","4":"has-post-thumbnail","6":"product_cat-kermena-kopsanas-lidzekii","7":"product_cat-mazgasana-un-attirisana","8":"product_cat-visi-produkti","9":"product_tag-aromatiska-dusas-zeleja-ar-dzintara-magnolijas-aromatu","10":"product_tag-chic","11":"product_tag-chic-senses","12":"product_tag-israel","13":"product_tag-izraela","14":"product_tag-perfumed-shower-gel-magnolia-amber","15":"product_tag-3346","16":"product_tag-2245","17":"pa_brand_nc-chic-senses","18":"pa_ean_nc-4054","20":"first","21":"instock","22":"sale","23":"taxable","24":"shipping-taxable","25":"purchasable","26":"product-type-simple"},"yoast_head":"<!-- This site is optimized with the Yoast SEO plugin v23.9 - https:\/\/yoast.com\/wordpress\/plugins\/seo\/ -->\n<title>Arom\u0101tiska du\u0161as \u017eeleja ar dzintara magnolijas arom\u0101tu<\/title>\n<meta name=\"description\" content=\"Magnolijas, lotosa un greipfr\u016btu arom\u0101ts Produktu l\u012bnija, kas stimul\u0113 ma\u0146as ...\" \/>\n<meta name=\"robots\" content=\"index, follow, max-snippet:-1, max-image-preview:large, max-video-preview:-1\" \/>\n<link rel=\"canonical\" href=\"https:\/\/women.lv\/ru\/product\/aromatiska-dusas-zeleja-ar-dzintara-magnolijas-aromatu\/\" \/>\n<meta property=\"og:locale\" content=\"ru_RU\" \/>\n<meta property=\"og:type\" content=\"article\" \/>\n<meta property=\"og:title\" content=\"Arom\u0101tiska du\u0161as \u017eeleja ar dzintara magnolijas arom\u0101tu\" \/>\n<meta property=\"og:description\" content=\"Magnolijas, lotosa un greipfr\u016btu arom\u0101ts Produktu l\u012bnija, kas stimul\u0113 ma\u0146as ...\" \/>\n<meta property=\"og:url\" content=\"https:\/\/women.lv\/ru\/product\/aromatiska-dusas-zeleja-ar-dzintara-magnolijas-aromatu\/\" \/>\n<meta property=\"og:site_name\" content=\"Women Veikals\" \/>\n<meta property=\"article:modified_time\" content=\"2025-11-05T13:26:17+00:00\" \/>\n<meta property=\"og:image\" content=\"https:\/\/women.lv\/wp-content\/uploads\/nc\/catalog\/CHiC\/Senses\/senses-shower-gel-amber-magnolia.jpg\" \/>\n\t<meta property=\"og:image:width\" content=\"459\" \/>\n\t<meta property=\"og:image:height\" content=\"600\" \/>\n\t<meta property=\"og:image:type\" content=\"image\/jpeg\" \/>\n<meta name=\"twitter:card\" content=\"summary_large_image\" \/>\n<meta name=\"twitter:label1\" content=\"\u041f\u0440\u0438\u043c\u0435\u0440\u043d\u043e\u0435 \u0432\u0440\u0435\u043c\u044f \u0434\u043b\u044f \u0447\u0442\u0435\u043d\u0438\u044f\" \/>\n\t<meta name=\"twitter:data1\" content=\"1 \u043c\u0438\u043d\u0443\u0442\u0430\" \/>\n<script type=\"application\/ld+json\" class=\"yoast-schema-graph\">{\"@context\":\"https:\/\/schema.org\",\"@graph\":[{\"@type\":\"WebPage\",\"@id\":\"https:\/\/women.lv\/product\/aromatiska-dusas-zeleja-ar-dzintara-magnolijas-aromatu\/\",\"url\":\"https:\/\/women.lv\/product\/aromatiska-dusas-zeleja-ar-dzintara-magnolijas-aromatu\/\",\"name\":\"Arom\u0101tiska du\u0161as \u017eeleja ar dzintara magnolijas arom\u0101tu\",\"isPartOf\":{\"@id\":\"https:\/\/women.lv\/#website\"},\"primaryImageOfPage\":{\"@id\":\"https:\/\/women.lv\/product\/aromatiska-dusas-zeleja-ar-dzintara-magnolijas-aromatu\/#primaryimage\"},\"image\":{\"@id\":\"https:\/\/women.lv\/product\/aromatiska-dusas-zeleja-ar-dzintara-magnolijas-aromatu\/#primaryimage\"},\"thumbnailUrl\":\"https:\/\/women.lv\/wp-content\/uploads\/nc\/catalog\/CHiC\/Senses\/senses-shower-gel-amber-magnolia.jpg\",\"datePublished\":\"2020-10-30T15:00:35+00:00\",\"dateModified\":\"2025-11-05T13:26:17+00:00\",\"description\":\"Magnolijas, lotosa un greipfr\u016btu arom\u0101ts Produktu l\u012bnija, kas stimul\u0113 ma\u0146as ...\",\"breadcrumb\":{\"@id\":\"https:\/\/women.lv\/product\/aromatiska-dusas-zeleja-ar-dzintara-magnolijas-aromatu\/#breadcrumb\"},\"inLanguage\":\"ru-RU\",\"potentialAction\":[{\"@type\":\"ReadAction\",\"target\":[\"https:\/\/women.lv\/product\/aromatiska-dusas-zeleja-ar-dzintara-magnolijas-aromatu\/\"]}]},{\"@type\":\"ImageObject\",\"inLanguage\":\"ru-RU\",\"@id\":\"https:\/\/women.lv\/product\/aromatiska-dusas-zeleja-ar-dzintara-magnolijas-aromatu\/#primaryimage\",\"url\":\"https:\/\/women.lv\/wp-content\/uploads\/nc\/catalog\/CHiC\/Senses\/senses-shower-gel-amber-magnolia.jpg\",\"contentUrl\":\"https:\/\/women.lv\/wp-content\/uploads\/nc\/catalog\/CHiC\/Senses\/senses-shower-gel-amber-magnolia.jpg\",\"width\":459,\"height\":600,\"caption\":\"Arom\u0101tiska du\u0161as \u017eeleja ar dzintara magnolijas arom\u0101tu\"},{\"@type\":\"BreadcrumbList\",\"@id\":\"https:\/\/women.lv\/product\/aromatiska-dusas-zeleja-ar-dzintara-magnolijas-aromatu\/#breadcrumb\",\"itemListElement\":[{\"@type\":\"ListItem\",\"position\":1,\"name\":\"Home\",\"item\":\"https:\/\/women.lv\/\"},{\"@type\":\"ListItem\",\"position\":2,\"name\":\"Products\",\"item\":\"https:\/\/women.lv\/en\/shop\/\"},{\"@type\":\"ListItem\",\"position\":3,\"name\":\"Arom\u0101tiska du\u0161as \u017eeleja ar dzintara magnolijas arom\u0101tu\"}]},{\"@type\":\"WebSite\",\"@id\":\"https:\/\/women.lv\/#website\",\"url\":\"https:\/\/women.lv\/\",\"name\":\"Women Veikals\",\"description\":\"Uzdr\u012bksties b\u016bt skaista\",\"potentialAction\":[{\"@type\":\"SearchAction\",\"target\":{\"@type\":\"EntryPoint\",\"urlTemplate\":\"https:\/\/women.lv\/?s={search_term_string}\"},\"query-input\":{\"@type\":\"PropertyValueSpecification\",\"valueRequired\":true,\"valueName\":\"search_term_string\"}}],\"inLanguage\":\"ru-RU\"}]}<\/script>\n<!-- \/ Yoast SEO plugin. -->","yoast_head_json":{"title":"Arom\u0101tiska du\u0161as \u017eeleja ar dzintara magnolijas arom\u0101tu","description":"Magnolijas, lotosa un greipfr\u016btu arom\u0101ts Produktu l\u012bnija, kas stimul\u0113 ma\u0146as ...","robots":{"index":"index","follow":"follow","max-snippet":"max-snippet:-1","max-image-preview":"max-image-preview:large","max-video-preview":"max-video-preview:-1"},"canonical":"https:\/\/women.lv\/ru\/product\/aromatiska-dusas-zeleja-ar-dzintara-magnolijas-aromatu\/","og_locale":"ru_RU","og_type":"article","og_title":"Arom\u0101tiska du\u0161as \u017eeleja ar dzintara magnolijas arom\u0101tu","og_description":"Magnolijas, lotosa un greipfr\u016btu arom\u0101ts Produktu l\u012bnija, kas stimul\u0113 ma\u0146as ...","og_url":"https:\/\/women.lv\/ru\/product\/aromatiska-dusas-zeleja-ar-dzintara-magnolijas-aromatu\/","og_site_name":"Women Veikals","article_modified_time":"2025-11-05T13:26:17+00:00","og_image":[{"width":459,"height":600,"url":"https:\/\/women.lv\/wp-content\/uploads\/nc\/catalog\/CHiC\/Senses\/senses-shower-gel-amber-magnolia.jpg","type":"image\/jpeg"}],"twitter_card":"summary_large_image","twitter_misc":{"\u041f\u0440\u0438\u043c\u0435\u0440\u043d\u043e\u0435 \u0432\u0440\u0435\u043c\u044f \u0434\u043b\u044f \u0447\u0442\u0435\u043d\u0438\u044f":"1 \u043c\u0438\u043d\u0443\u0442\u0430"},"schema":{"@context":"https:\/\/schema.org","@graph":[{"@type":"WebPage","@id":"https:\/\/women.lv\/product\/aromatiska-dusas-zeleja-ar-dzintara-magnolijas-aromatu\/","url":"https:\/\/women.lv\/product\/aromatiska-dusas-zeleja-ar-dzintara-magnolijas-aromatu\/","name":"Arom\u0101tiska du\u0161as \u017eeleja ar dzintara magnolijas arom\u0101tu","isPartOf":{"@id":"https:\/\/women.lv\/#website"},"primaryImageOfPage":{"@id":"https:\/\/women.lv\/product\/aromatiska-dusas-zeleja-ar-dzintara-magnolijas-aromatu\/#primaryimage"},"image":{"@id":"https:\/\/women.lv\/product\/aromatiska-dusas-zeleja-ar-dzintara-magnolijas-aromatu\/#primaryimage"},"thumbnailUrl":"https:\/\/women.lv\/wp-content\/uploads\/nc\/catalog\/CHiC\/Senses\/senses-shower-gel-amber-magnolia.jpg","datePublished":"2020-10-30T15:00:35+00:00","dateModified":"2025-11-05T13:26:17+00:00","description":"Magnolijas, lotosa un greipfr\u016btu arom\u0101ts Produktu l\u012bnija, kas stimul\u0113 ma\u0146as ...","breadcrumb":{"@id":"https:\/\/women.lv\/product\/aromatiska-dusas-zeleja-ar-dzintara-magnolijas-aromatu\/#breadcrumb"},"inLanguage":"ru-RU","potentialAction":[{"@type":"ReadAction","target":["https:\/\/women.lv\/product\/aromatiska-dusas-zeleja-ar-dzintara-magnolijas-aromatu\/"]}]},{"@type":"ImageObject","inLanguage":"ru-RU","@id":"https:\/\/women.lv\/product\/aromatiska-dusas-zeleja-ar-dzintara-magnolijas-aromatu\/#primaryimage","url":"https:\/\/women.lv\/wp-content\/uploads\/nc\/catalog\/CHiC\/Senses\/senses-shower-gel-amber-magnolia.jpg","contentUrl":"https:\/\/women.lv\/wp-content\/uploads\/nc\/catalog\/CHiC\/Senses\/senses-shower-gel-amber-magnolia.jpg","width":459,"height":600,"caption":"Arom\u0101tiska du\u0161as \u017eeleja ar dzintara magnolijas arom\u0101tu"},{"@type":"BreadcrumbList","@id":"https:\/\/women.lv\/product\/aromatiska-dusas-zeleja-ar-dzintara-magnolijas-aromatu\/#breadcrumb","itemListElement":[{"@type":"ListItem","position":1,"name":"Home","item":"https:\/\/women.lv\/"},{"@type":"ListItem","position":2,"name":"Products","item":"https:\/\/women.lv\/en\/shop\/"},{"@type":"ListItem","position":3,"name":"Arom\u0101tiska du\u0161as \u017eeleja ar dzintara magnolijas arom\u0101tu"}]},{"@type":"WebSite","@id":"https:\/\/women.lv\/#website","url":"https:\/\/women.lv\/","name":"Women Veikals","description":"Uzdr\u012bksties b\u016bt skaista","potentialAction":[{"@type":"SearchAction","target":{"@type":"EntryPoint","urlTemplate":"https:\/\/women.lv\/?s={search_term_string}"},"query-input":{"@type":"PropertyValueSpecification","valueRequired":true,"valueName":"search_term_string"}}],"inLanguage":"ru-RU"}]}},"_links":{"self":[{"href":"https:\/\/women.lv\/ru\/wp-json\/wp\/v2\/product\/28731","targetHints":{"allow":["GET"]}}],"collection":[{"href":"https:\/\/women.lv\/ru\/wp-json\/wp\/v2\/product"}],"about":[{"href":"https:\/\/women.lv\/ru\/wp-json\/wp\/v2\/types\/product"}],"replies":[{"embeddable":true,"href":"https:\/\/women.lv\/ru\/wp-json\/wp\/v2\/comments?post=28731"}],"version-history":[{"count":1,"href":"https:\/\/women.lv\/ru\/wp-json\/wp\/v2\/product\/28731\/revisions"}],"predecessor-version":[{"id":29715,"href":"https:\/\/women.lv\/ru\/wp-json\/wp\/v2\/product\/28731\/revisions\/29715"}],"wp:featuredmedia":[{"embeddable":true,"href":"https:\/\/women.lv\/ru\/wp-json\/wp\/v2\/media\/28732"}],"wp:attachment":[{"href":"https:\/\/women.lv\/ru\/wp-json\/wp\/v2\/media?parent=28731"}],"wp:term":[{"taxonomy":"product_brand","embeddable":true,"href":"https:\/\/women.lv\/ru\/wp-json\/wp\/v2\/product_brand?post=28731"},{"taxonomy":"product_cat","embeddable":true,"href":"https:\/\/women.lv\/ru\/wp-json\/wp\/v2\/product_cat?post=28731"},{"taxonomy":"product_tag","embeddable":true,"href":"https:\/\/women.lv\/ru\/wp-json\/wp\/v2\/product_tag?post=28731"}],"curies":[{"name":"wp","href":"https:\/\/api.w.org\/{rel}","templated":true}]}}