{"id":28713,"date":"2020-10-30T11:06:36","date_gmt":"2020-10-30T11:06:36","guid":{"rendered":"https:\/\/women.lv\/?product=kermena-pilinga-pienins-ar-vanilu"},"modified":"2025-11-05T13:26:16","modified_gmt":"2025-11-05T13:26:16","slug":"kermena-pilinga-pienins-ar-vanillu","status":"publish","type":"product","link":"https:\/\/women.lv\/ru\/product\/kermena-pilinga-pienins-ar-vanillu\/","title":{"rendered":"\u041f\u0438\u043b\u0438\u043d\u0433-\u043c\u043e\u043b\u043e\u0447\u043a\u043e \u0434\u043b\u044f \u0442\u0435\u043b\u0430 \u0441 \u0432\u0430\u043d\u0438\u043b\u044c\u044e"},"content":{"rendered":"<p><span style=\"font-family: Helvetica;\"><span style=\"font-size: 18px;\"><b>\u0414\u043b\u044f \u0447\u0438\u0441\u0442\u043e\u0439 \u0438 \u043c\u044f\u0433\u043a\u043e\u0439 \u043a\u043e\u0436\u0438<\/b><\/span><\/span><\/p>\n<p><span style=\"font-family: Helvetica;\"><span style=\"font-size: 18px;\">\u0425\u0430\u043d\u0430\u0430\u043d \u0434\u0435\u043b\u0430\u0435\u0442 \u0432\u0441\u0435 \u0432\u043e\u0437\u043c\u043e\u0436\u043d\u043e\u0435, \u0447\u0442\u043e\u0431\u044b \u043f\u0440\u0435\u0434\u043e\u0441\u0442\u0430\u0432\u0438\u0442\u044c \u043b\u0443\u0447\u0448\u0435\u0435, \u0447\u0442\u043e \u043c\u043e\u0433\u0443\u0442 \u043f\u0440\u0435\u0434\u043b\u043e\u0436\u0438\u0442\u044c \u0433\u043b\u0443\u0431\u0438\u043d\u044b \u043c\u0430\u0442\u0435\u0440\u0438-\u0437\u0435\u043c\u043b\u0438. \u0421\u043e\u0441\u0442\u0430\u0432 \u043c\u044b\u043b\u0430-\u043f\u0438\u043b\u0438\u043d\u0433\u0430 \u0434\u043b\u044f \u0442\u0435\u043b\u0430 \u0431\u043e\u0433\u0430\u0442 \u0432\u043e\u0434\u0430\u043c\u0438 \u041c\u0435\u0440\u0442\u0432\u043e\u0433\u043e \u043c\u043e\u0440\u044f.<\/span><\/p>\n<p><\/span><\/p>\n<p><span style=\"font-family: Helvetica;\"><span style=\"font-size: 18px;\">Pieni\u0146a lieto\u0161ana aktiviz\u0113 asins cirkul\u0101ciju \u0101d\u0101, l\u012bdz ar to atmiru\u0161\u0101s \u0101das \u0161\u016bnas nomazg\u0101j\u0101s bez p\u016bl\u0113m. Tas ir bag\u0101tin\u0101ts ar unik\u0101lo Canaan CSE Complex \u2122. L\u012bdz ar to, dzi\u013ci att\u012bro\u0161\u0101, bet maig\u0101 formula, pal\u012bdz uztur\u0113t dab\u012bgu PH l\u012bdzsvaru \u0101d\u0101 un atst\u0101j to gludu un t\u012bru.<\/span><\/span><\/p>\n<ul>\n<li><span style=\"font-family: Helvetica;\"><span style=\"font-size: 18px;\">\u041d\u0435 \u0441\u0443\u0448\u0438\u0442 \u043a\u043e\u0436\u0443<\/span><\/span><\/li>\n<li><span style=\"font-family: Helvetica;\"><span style=\"font-size: 18px;\">\u041e\u0447\u0435\u043d\u044c \u0445\u043e\u0440\u043e\u0448\u043e \u043e\u0447\u0438\u0449\u0430\u0435\u0442 \u043a\u043e\u0436\u0443<\/span><\/span><\/li>\n<li><span style=\"font-family: Helvetica;\"><span style=\"font-size: 18px;\">\u0423\u0441\u043f\u043e\u043a\u0430\u0438\u0432\u0430\u0435\u0442 \u0438 \u043e\u0441\u0432\u0435\u0436\u0430\u0435\u0442<\/span><\/span><\/li>\n<\/ul>","protected":false},"excerpt":{"rendered":"<p>\u0414\u043b\u044f \u0447\u0438\u0441\u0442\u043e\u0439 \u0438 \u043c\u044f\u0433\u043a\u043e\u0439 \u043a\u043e\u0436\u0438 \u0425\u0430\u043d\u0430\u0430\u043d \u043d\u0435 \u043e\u0441\u0442\u0430\u0432\u043b\u044f\u0435\u0442 \u043a\u0430\u043c\u043d\u044f \u043d\u0430 \u043a\u0430\u043c\u043d\u0435, \u043f\u0440\u0435\u0434\u043b\u0430\u0433\u0430\u044f \u043b\u0443\u0447\u0448\u0435\u0435, \u0447\u0442\u043e \u043c\u043e\u0433\u0443\u0442 \u043f\u0440\u0435\u0434\u043b\u043e\u0436\u0438\u0442\u044c \u0433\u043b\u0443\u0431\u0438\u043d\u044b \u043c\u0430\u0442\u0435\u0440\u0438-\u0437\u0435\u043c\u043b\u0438. \u041f\u0438\u043b\u0438\u043d\u0433 \u0442\u0435\u043b\u0430<\/p>","protected":false},"featured_media":28714,"comment_status":"open","ping_status":"closed","template":"","meta":[],"product_brand":[],"product_cat":[2208,2209,2215],"product_tag":[3307,2891,3292,2244,2243,3305,2245,3306],"class_list":{"0":"post-28713","1":"product","2":"type-product","3":"status-publish","4":"has-post-thumbnail","6":"product_cat-kermena-kopsanas-lidzekii","7":"product_cat-mazgasana-un-attirisana","8":"product_cat-visi-produkti","9":"product_tag-body-peeling-milk-soap-vanilla","10":"product_tag-canaan","11":"product_tag-canaan-mineralampherbs","12":"product_tag-israel","13":"product_tag-izraela","14":"product_tag-kermena-pilinga-pienins-ar-vanilu","15":"product_tag-2245","16":"product_tag-3306","17":"pa_brand_nc-canaan-mineralsampherbs","18":"pa_ean_nc-4043","20":"first","21":"instock","22":"sale","23":"taxable","24":"shipping-taxable","25":"purchasable","26":"product-type-simple"},"yoast_head":"<!-- This site is optimized with the Yoast SEO plugin v23.9 - https:\/\/yoast.com\/wordpress\/plugins\/seo\/ -->\n<title>\u0136erme\u0146a p\u012blinga pieni\u0146\u0161 ar vani\u013cu<\/title>\n<meta name=\"description\" content=\"Dzi\u013ci att\u012bro\u0161\u0101, bet maig\u0101 formula, pal\u012bdz uztur\u0113t dab\u012bgu PH l\u012bdzsvaru \u0101d\u0101 un atst\u0101j to gludu un t\u012bru.\" \/>\n<meta name=\"robots\" content=\"index, follow, max-snippet:-1, max-image-preview:large, max-video-preview:-1\" \/>\n<link rel=\"canonical\" href=\"https:\/\/women.lv\/ru\/product\/kermena-pilinga-pienins-ar-vanillu\/\" \/>\n<meta property=\"og:locale\" content=\"ru_RU\" \/>\n<meta property=\"og:type\" content=\"article\" \/>\n<meta property=\"og:title\" content=\"\u0136erme\u0146a p\u012blinga pieni\u0146\u0161 ar vani\u013cu\" \/>\n<meta property=\"og:description\" content=\"Dzi\u013ci att\u012bro\u0161\u0101, bet maig\u0101 formula, pal\u012bdz uztur\u0113t dab\u012bgu PH l\u012bdzsvaru \u0101d\u0101 un atst\u0101j to gludu un t\u012bru.\" \/>\n<meta property=\"og:url\" content=\"https:\/\/women.lv\/ru\/product\/kermena-pilinga-pienins-ar-vanillu\/\" \/>\n<meta property=\"og:site_name\" content=\"Women Veikals\" \/>\n<meta property=\"article:modified_time\" content=\"2025-11-05T13:26:16+00:00\" \/>\n<meta property=\"og:image\" content=\"https:\/\/women.lv\/wp-content\/uploads\/nc\/catalog\/CHiC\/CANAAN-Mineral-Herbs\/canaan-body-peeling-milk-soap-vanilla.jpg\" \/>\n\t<meta property=\"og:image:width\" content=\"333\" \/>\n\t<meta property=\"og:image:height\" content=\"500\" \/>\n\t<meta property=\"og:image:type\" content=\"image\/jpeg\" \/>\n<meta name=\"twitter:card\" content=\"summary_large_image\" \/>\n<meta name=\"twitter:label1\" content=\"\u041f\u0440\u0438\u043c\u0435\u0440\u043d\u043e\u0435 \u0432\u0440\u0435\u043c\u044f \u0434\u043b\u044f \u0447\u0442\u0435\u043d\u0438\u044f\" \/>\n\t<meta name=\"twitter:data1\" content=\"1 \u043c\u0438\u043d\u0443\u0442\u0430\" \/>\n<script type=\"application\/ld+json\" class=\"yoast-schema-graph\">{\"@context\":\"https:\/\/schema.org\",\"@graph\":[{\"@type\":\"WebPage\",\"@id\":\"https:\/\/women.lv\/product\/kermena-pilinga-pienins-ar-vanillu\/\",\"url\":\"https:\/\/women.lv\/product\/kermena-pilinga-pienins-ar-vanillu\/\",\"name\":\"\u0136erme\u0146a p\u012blinga pieni\u0146\u0161 ar vani\u013cu\",\"isPartOf\":{\"@id\":\"https:\/\/women.lv\/#website\"},\"primaryImageOfPage\":{\"@id\":\"https:\/\/women.lv\/product\/kermena-pilinga-pienins-ar-vanillu\/#primaryimage\"},\"image\":{\"@id\":\"https:\/\/women.lv\/product\/kermena-pilinga-pienins-ar-vanillu\/#primaryimage\"},\"thumbnailUrl\":\"https:\/\/women.lv\/wp-content\/uploads\/nc\/catalog\/CHiC\/CANAAN-Mineral-Herbs\/canaan-body-peeling-milk-soap-vanilla.jpg\",\"datePublished\":\"2020-10-30T11:06:36+00:00\",\"dateModified\":\"2025-11-05T13:26:16+00:00\",\"description\":\"Dzi\u013ci att\u012bro\u0161\u0101, bet maig\u0101 formula, pal\u012bdz uztur\u0113t dab\u012bgu PH l\u012bdzsvaru \u0101d\u0101 un atst\u0101j to gludu un t\u012bru.\",\"breadcrumb\":{\"@id\":\"https:\/\/women.lv\/product\/kermena-pilinga-pienins-ar-vanillu\/#breadcrumb\"},\"inLanguage\":\"ru-RU\",\"potentialAction\":[{\"@type\":\"ReadAction\",\"target\":[\"https:\/\/women.lv\/product\/kermena-pilinga-pienins-ar-vanillu\/\"]}]},{\"@type\":\"ImageObject\",\"inLanguage\":\"ru-RU\",\"@id\":\"https:\/\/women.lv\/product\/kermena-pilinga-pienins-ar-vanillu\/#primaryimage\",\"url\":\"https:\/\/women.lv\/wp-content\/uploads\/nc\/catalog\/CHiC\/CANAAN-Mineral-Herbs\/canaan-body-peeling-milk-soap-vanilla.jpg\",\"contentUrl\":\"https:\/\/women.lv\/wp-content\/uploads\/nc\/catalog\/CHiC\/CANAAN-Mineral-Herbs\/canaan-body-peeling-milk-soap-vanilla.jpg\",\"width\":333,\"height\":500,\"caption\":\"\u0136erme\u0146a p\u012blinga pieni\u0146\u0161 ar vani\u013cu\"},{\"@type\":\"BreadcrumbList\",\"@id\":\"https:\/\/women.lv\/product\/kermena-pilinga-pienins-ar-vanillu\/#breadcrumb\",\"itemListElement\":[{\"@type\":\"ListItem\",\"position\":1,\"name\":\"Home\",\"item\":\"https:\/\/women.lv\/\"},{\"@type\":\"ListItem\",\"position\":2,\"name\":\"Products\",\"item\":\"https:\/\/women.lv\/en\/shop\/\"},{\"@type\":\"ListItem\",\"position\":3,\"name\":\"\u0136erme\u0146a p\u012blinga pieni\u0146\u0161 ar vani\u013cu\"}]},{\"@type\":\"WebSite\",\"@id\":\"https:\/\/women.lv\/#website\",\"url\":\"https:\/\/women.lv\/\",\"name\":\"Women Veikals\",\"description\":\"Uzdr\u012bksties b\u016bt skaista\",\"potentialAction\":[{\"@type\":\"SearchAction\",\"target\":{\"@type\":\"EntryPoint\",\"urlTemplate\":\"https:\/\/women.lv\/?s={search_term_string}\"},\"query-input\":{\"@type\":\"PropertyValueSpecification\",\"valueRequired\":true,\"valueName\":\"search_term_string\"}}],\"inLanguage\":\"ru-RU\"}]}<\/script>\n<!-- \/ Yoast SEO plugin. -->","yoast_head_json":{"title":"\u0136erme\u0146a p\u012blinga pieni\u0146\u0161 ar vani\u013cu","description":"Dzi\u013ci att\u012bro\u0161\u0101, bet maig\u0101 formula, pal\u012bdz uztur\u0113t dab\u012bgu PH l\u012bdzsvaru \u0101d\u0101 un atst\u0101j to gludu un t\u012bru.","robots":{"index":"index","follow":"follow","max-snippet":"max-snippet:-1","max-image-preview":"max-image-preview:large","max-video-preview":"max-video-preview:-1"},"canonical":"https:\/\/women.lv\/ru\/product\/kermena-pilinga-pienins-ar-vanillu\/","og_locale":"ru_RU","og_type":"article","og_title":"\u0136erme\u0146a p\u012blinga pieni\u0146\u0161 ar vani\u013cu","og_description":"Dzi\u013ci att\u012bro\u0161\u0101, bet maig\u0101 formula, pal\u012bdz uztur\u0113t dab\u012bgu PH l\u012bdzsvaru \u0101d\u0101 un atst\u0101j to gludu un t\u012bru.","og_url":"https:\/\/women.lv\/ru\/product\/kermena-pilinga-pienins-ar-vanillu\/","og_site_name":"Women Veikals","article_modified_time":"2025-11-05T13:26:16+00:00","og_image":[{"width":333,"height":500,"url":"https:\/\/women.lv\/wp-content\/uploads\/nc\/catalog\/CHiC\/CANAAN-Mineral-Herbs\/canaan-body-peeling-milk-soap-vanilla.jpg","type":"image\/jpeg"}],"twitter_card":"summary_large_image","twitter_misc":{"\u041f\u0440\u0438\u043c\u0435\u0440\u043d\u043e\u0435 \u0432\u0440\u0435\u043c\u044f \u0434\u043b\u044f \u0447\u0442\u0435\u043d\u0438\u044f":"1 \u043c\u0438\u043d\u0443\u0442\u0430"},"schema":{"@context":"https:\/\/schema.org","@graph":[{"@type":"WebPage","@id":"https:\/\/women.lv\/product\/kermena-pilinga-pienins-ar-vanillu\/","url":"https:\/\/women.lv\/product\/kermena-pilinga-pienins-ar-vanillu\/","name":"\u0136erme\u0146a p\u012blinga pieni\u0146\u0161 ar vani\u013cu","isPartOf":{"@id":"https:\/\/women.lv\/#website"},"primaryImageOfPage":{"@id":"https:\/\/women.lv\/product\/kermena-pilinga-pienins-ar-vanillu\/#primaryimage"},"image":{"@id":"https:\/\/women.lv\/product\/kermena-pilinga-pienins-ar-vanillu\/#primaryimage"},"thumbnailUrl":"https:\/\/women.lv\/wp-content\/uploads\/nc\/catalog\/CHiC\/CANAAN-Mineral-Herbs\/canaan-body-peeling-milk-soap-vanilla.jpg","datePublished":"2020-10-30T11:06:36+00:00","dateModified":"2025-11-05T13:26:16+00:00","description":"Dzi\u013ci att\u012bro\u0161\u0101, bet maig\u0101 formula, pal\u012bdz uztur\u0113t dab\u012bgu PH l\u012bdzsvaru \u0101d\u0101 un atst\u0101j to gludu un t\u012bru.","breadcrumb":{"@id":"https:\/\/women.lv\/product\/kermena-pilinga-pienins-ar-vanillu\/#breadcrumb"},"inLanguage":"ru-RU","potentialAction":[{"@type":"ReadAction","target":["https:\/\/women.lv\/product\/kermena-pilinga-pienins-ar-vanillu\/"]}]},{"@type":"ImageObject","inLanguage":"ru-RU","@id":"https:\/\/women.lv\/product\/kermena-pilinga-pienins-ar-vanillu\/#primaryimage","url":"https:\/\/women.lv\/wp-content\/uploads\/nc\/catalog\/CHiC\/CANAAN-Mineral-Herbs\/canaan-body-peeling-milk-soap-vanilla.jpg","contentUrl":"https:\/\/women.lv\/wp-content\/uploads\/nc\/catalog\/CHiC\/CANAAN-Mineral-Herbs\/canaan-body-peeling-milk-soap-vanilla.jpg","width":333,"height":500,"caption":"\u0136erme\u0146a p\u012blinga pieni\u0146\u0161 ar vani\u013cu"},{"@type":"BreadcrumbList","@id":"https:\/\/women.lv\/product\/kermena-pilinga-pienins-ar-vanillu\/#breadcrumb","itemListElement":[{"@type":"ListItem","position":1,"name":"Home","item":"https:\/\/women.lv\/"},{"@type":"ListItem","position":2,"name":"Products","item":"https:\/\/women.lv\/en\/shop\/"},{"@type":"ListItem","position":3,"name":"\u0136erme\u0146a p\u012blinga pieni\u0146\u0161 ar vani\u013cu"}]},{"@type":"WebSite","@id":"https:\/\/women.lv\/#website","url":"https:\/\/women.lv\/","name":"Women Veikals","description":"Uzdr\u012bksties b\u016bt skaista","potentialAction":[{"@type":"SearchAction","target":{"@type":"EntryPoint","urlTemplate":"https:\/\/women.lv\/?s={search_term_string}"},"query-input":{"@type":"PropertyValueSpecification","valueRequired":true,"valueName":"search_term_string"}}],"inLanguage":"ru-RU"}]}},"_links":{"self":[{"href":"https:\/\/women.lv\/ru\/wp-json\/wp\/v2\/product\/28713","targetHints":{"allow":["GET"]}}],"collection":[{"href":"https:\/\/women.lv\/ru\/wp-json\/wp\/v2\/product"}],"about":[{"href":"https:\/\/women.lv\/ru\/wp-json\/wp\/v2\/types\/product"}],"replies":[{"embeddable":true,"href":"https:\/\/women.lv\/ru\/wp-json\/wp\/v2\/comments?post=28713"}],"version-history":[{"count":1,"href":"https:\/\/women.lv\/ru\/wp-json\/wp\/v2\/product\/28713\/revisions"}],"predecessor-version":[{"id":29725,"href":"https:\/\/women.lv\/ru\/wp-json\/wp\/v2\/product\/28713\/revisions\/29725"}],"wp:featuredmedia":[{"embeddable":true,"href":"https:\/\/women.lv\/ru\/wp-json\/wp\/v2\/media\/28714"}],"wp:attachment":[{"href":"https:\/\/women.lv\/ru\/wp-json\/wp\/v2\/media?parent=28713"}],"wp:term":[{"taxonomy":"product_brand","embeddable":true,"href":"https:\/\/women.lv\/ru\/wp-json\/wp\/v2\/product_brand?post=28713"},{"taxonomy":"product_cat","embeddable":true,"href":"https:\/\/women.lv\/ru\/wp-json\/wp\/v2\/product_cat?post=28713"},{"taxonomy":"product_tag","embeddable":true,"href":"https:\/\/women.lv\/ru\/wp-json\/wp\/v2\/product_tag?post=28713"}],"curies":[{"name":"wp","href":"https:\/\/api.w.org\/{rel}","templated":true}]}}