{"id":28709,"date":"2020-10-29T13:53:44","date_gmt":"2020-10-29T13:53:44","guid":{"rendered":"https:\/\/women.lv\/?product=aromatisks-vannas-sals-ar-lavandu"},"modified":"2025-11-05T13:26:16","modified_gmt":"2025-11-05T13:26:16","slug":"aromatisks-vannas-sals-ar-lavandu","status":"publish","type":"product","link":"https:\/\/women.lv\/ru\/product\/aromatisks-vannas-sals-ar-lavandu\/","title":{"rendered":"\u0410\u0440\u043e\u043c\u0430\u0442\u0438\u0447\u0435\u0441\u043a\u0430\u044f \u0441\u043e\u043b\u044c \u0434\u043b\u044f \u0432\u0430\u043d\u043d \u0441 \u043b\u0430\u0432\u0430\u043d\u0434\u043e\u0439."},"content":{"rendered":"<p><span style=\"font-family: Helvetica;\"><span style=\"font-size: 18px;\"><b>\u0423\u0441\u043f\u043e\u043a\u0430\u0438\u0432\u0430\u044e\u0449\u0430\u044f \u0438 \u043e\u0441\u0432\u0435\u0436\u0430\u044e\u0449\u0430\u044f \u0441\u043e\u043b\u044c \u0434\u043b\u044f \u0432\u0430\u043d\u043d \u0441 \u043b\u0430\u0432\u0430\u043d\u0434\u043e\u0439.<\/b><\/span><\/span><\/p>\n<p><span style=\"font-family: Helvetica;\"><span style=\"font-size: 18px;\">Palutiniet savu \u0137ermeni ar N\u0101ves j\u016bras miner\u0101lu atjaunojo\u0161aj\u0101m un dziedino\u0161aj\u0101m sp\u0113j\u0101m. \u0160ie dabiskie s\u0101ls krist\u0101li nodro\u0161ina maksim\u0101lu atsvaidzino\u0161u relaks\u0101ciju. 21 b\u016btisk\u0101kie N\u0101ves j\u016bras miner\u0101li un \u012bpa\u0161ais Canaan CSE Complex \u2122 apvienojum\u0101 ar lavandas ekstraktu nodro\u0161ina arom\u0101tisku un patiesi nomierino\u0161u un uzmundrino\u0161u saj\u016btu. \u0160is vannas s\u0101ls ir piem\u0113rots visiem \u0101das tipiem un \u012bpa\u0161i efekt\u012bvs sausai \u0101dai, ide\u0101li piem\u0113roti psori\u0101zes un citu\u00a0 \u0101das slim\u012bbu simptomu mazin\u0101\u0161anai, vienlaikus nodro\u0161inot nomierino\u0161u un atsvaidzino\u0161u saj\u016btu vis\u0101 \u0137ermen\u012b.<\/span><\/span><\/p>\n<ul>\n<li><span style=\"font-family: Helvetica;\"><span style=\"font-size: 18px;\">\u0421\u043f\u043e\u0441\u043e\u0431\u0441\u0442\u0432\u0443\u0435\u0442 \u043f\u0440\u043e\u0446\u0435\u0441\u0441\u0443 \u0437\u0430\u0436\u0438\u0432\u043b\u0435\u043d\u0438\u044f \u043a\u043e\u0436\u0438<\/span><\/span><\/li>\n<li><span style=\"font-family: Helvetica;\"><span style=\"font-size: 18px;\">\u0420\u0430\u0441\u0441\u043b\u0430\u0431\u043b\u044f\u0435\u0442 \u0438 \u043e\u0441\u0432\u0435\u0436\u0430\u0435\u0442<\/span><\/span><\/li>\n<li><span style=\"font-family: Helvetica;\"><span style=\"font-size: 18px;\">\u041f\u043e\u0441\u043b\u0435 \u043f\u0440\u0438\u043c\u0435\u043d\u0435\u043d\u0438\u044f \u043a\u043e\u0436\u0430 \u0441\u0442\u0430\u043d\u043e\u0432\u0438\u0442\u0441\u044f \u0431\u043e\u043b\u0435\u0435 \u043c\u044f\u0433\u043a\u043e\u0439 \u0438 \u0441\u0432\u0435\u0436\u0435\u0439.<\/span><\/span><\/li>\n<\/ul>","protected":false},"excerpt":{"rendered":"<p>\u0423\u0441\u043f\u043e\u043a\u0430\u0438\u0432\u0430\u044e\u0449\u0430\u044f \u0438 \u043e\u0441\u0432\u0435\u0436\u0430\u044e\u0449\u0430\u044f \u0441\u043e\u043b\u044c \u0434\u043b\u044f \u0432\u0430\u043d\u043d \u0441 \u043b\u0430\u0432\u0430\u043d\u0434\u043e\u0439 \u041f\u043e\u0431\u0430\u043b\u0443\u0439\u0442\u0435 \u0441\u0432\u043e\u0435 \u0442\u0435\u043b\u043e \u0432\u043e\u0441\u0441\u0442\u0430\u043d\u0430\u0432\u043b\u0438\u0432\u0430\u044e\u0449\u0438\u043c\u0438 \u0438 \u0446\u0435\u043b\u0435\u0431\u043d\u044b\u043c\u0438 \u0441\u0432\u043e\u0439\u0441\u0442\u0432\u0430\u043c\u0438 \u043c\u0438\u043d\u0435\u0440\u0430\u043b\u043e\u0432 \u041c\u0435\u0440\u0442\u0432\u043e\u0433\u043e \u043c\u043e\u0440\u044f. \u042d\u0442\u0438 \u0435\u0441\u0442\u0435\u0441\u0442\u0432\u0435\u043d\u043d\u044b\u0435<\/p>","protected":false},"featured_media":28710,"comment_status":"open","ping_status":"closed","template":"","meta":[],"product_brand":[],"product_cat":[2208,2209,2215],"product_tag":[3299,3297,2891,3292,2244,2243,3298,2245],"class_list":{"0":"post-28709","1":"product","2":"type-product","3":"status-publish","4":"has-post-thumbnail","6":"product_cat-kermena-kopsanas-lidzekii","7":"product_cat-mazgasana-un-attirisana","8":"product_cat-visi-produkti","9":"product_tag-aromatic-bath-salt-with-lavander","10":"product_tag-aromatisks-vannas-sals-ar-lavandu","11":"product_tag-canaan","12":"product_tag-canaan-mineralampherbs","13":"product_tag-israel","14":"product_tag-izraela","15":"product_tag-3298","16":"product_tag-2245","17":"pa_brand_nc-canaan-mineralsampherbs","18":"pa_ean_nc-4041","20":"first","21":"instock","22":"sale","23":"taxable","24":"shipping-taxable","25":"purchasable","26":"product-type-simple"},"yoast_head":"<!-- This site is optimized with the Yoast SEO plugin v23.9 - https:\/\/yoast.com\/wordpress\/plugins\/seo\/ -->\n<title>Arom\u0101tisks vannas s\u0101ls ar lavandu<\/title>\n<meta name=\"description\" content=\"Nomierino\u0161s un atsvaidzino\u0161s vannas s\u0101ls ar lavandu. \u0160is vannas s\u0101ls ir piem\u0113rots visiem \u0101das tipiem un \u012bpa\u0161i efekt\u012bvs sausai \u0101dai, ide\u0101li piem\u0113roti psori\u0101zes un citu \u0101das slim\u012bbu simptomu mazin\u0101\u0161anai.\" \/>\n<meta name=\"robots\" content=\"index, follow, max-snippet:-1, max-image-preview:large, max-video-preview:-1\" \/>\n<link rel=\"canonical\" href=\"https:\/\/women.lv\/ru\/product\/aromatisks-vannas-sals-ar-lavandu\/\" \/>\n<meta property=\"og:locale\" content=\"ru_RU\" \/>\n<meta property=\"og:type\" content=\"article\" \/>\n<meta property=\"og:title\" content=\"Arom\u0101tisks vannas s\u0101ls ar lavandu\" \/>\n<meta property=\"og:description\" content=\"Nomierino\u0161s un atsvaidzino\u0161s vannas s\u0101ls ar lavandu. \u0160is vannas s\u0101ls ir piem\u0113rots visiem \u0101das tipiem un \u012bpa\u0161i efekt\u012bvs sausai \u0101dai, ide\u0101li piem\u0113roti psori\u0101zes un citu \u0101das slim\u012bbu simptomu mazin\u0101\u0161anai.\" \/>\n<meta property=\"og:url\" content=\"https:\/\/women.lv\/ru\/product\/aromatisks-vannas-sals-ar-lavandu\/\" \/>\n<meta property=\"og:site_name\" content=\"Women Veikals\" \/>\n<meta property=\"article:modified_time\" content=\"2025-11-05T13:26:16+00:00\" \/>\n<meta property=\"og:image\" content=\"https:\/\/women.lv\/wp-content\/uploads\/nc\/catalog\/CHiC\/CANAAN-Mineral-Herbs\/Canaan_Bath-salt_Lavender.jpg\" \/>\n\t<meta property=\"og:image:width\" content=\"700\" \/>\n\t<meta property=\"og:image:height\" content=\"700\" \/>\n\t<meta property=\"og:image:type\" content=\"image\/jpeg\" \/>\n<meta name=\"twitter:card\" content=\"summary_large_image\" \/>\n<meta name=\"twitter:label1\" content=\"\u041f\u0440\u0438\u043c\u0435\u0440\u043d\u043e\u0435 \u0432\u0440\u0435\u043c\u044f \u0434\u043b\u044f \u0447\u0442\u0435\u043d\u0438\u044f\" \/>\n\t<meta name=\"twitter:data1\" content=\"1 \u043c\u0438\u043d\u0443\u0442\u0430\" \/>\n<script type=\"application\/ld+json\" class=\"yoast-schema-graph\">{\"@context\":\"https:\/\/schema.org\",\"@graph\":[{\"@type\":\"WebPage\",\"@id\":\"https:\/\/women.lv\/product\/aromatisks-vannas-sals-ar-lavandu\/\",\"url\":\"https:\/\/women.lv\/product\/aromatisks-vannas-sals-ar-lavandu\/\",\"name\":\"Arom\u0101tisks vannas s\u0101ls ar lavandu\",\"isPartOf\":{\"@id\":\"https:\/\/women.lv\/#website\"},\"primaryImageOfPage\":{\"@id\":\"https:\/\/women.lv\/product\/aromatisks-vannas-sals-ar-lavandu\/#primaryimage\"},\"image\":{\"@id\":\"https:\/\/women.lv\/product\/aromatisks-vannas-sals-ar-lavandu\/#primaryimage\"},\"thumbnailUrl\":\"https:\/\/women.lv\/wp-content\/uploads\/nc\/catalog\/CHiC\/CANAAN-Mineral-Herbs\/Canaan_Bath-salt_Lavender.jpg\",\"datePublished\":\"2020-10-29T13:53:44+00:00\",\"dateModified\":\"2025-11-05T13:26:16+00:00\",\"description\":\"Nomierino\u0161s un atsvaidzino\u0161s vannas s\u0101ls ar lavandu. \u0160is vannas s\u0101ls ir piem\u0113rots visiem \u0101das tipiem un \u012bpa\u0161i efekt\u012bvs sausai \u0101dai, ide\u0101li piem\u0113roti psori\u0101zes un citu \u0101das slim\u012bbu simptomu mazin\u0101\u0161anai.\",\"breadcrumb\":{\"@id\":\"https:\/\/women.lv\/product\/aromatisks-vannas-sals-ar-lavandu\/#breadcrumb\"},\"inLanguage\":\"ru-RU\",\"potentialAction\":[{\"@type\":\"ReadAction\",\"target\":[\"https:\/\/women.lv\/product\/aromatisks-vannas-sals-ar-lavandu\/\"]}]},{\"@type\":\"ImageObject\",\"inLanguage\":\"ru-RU\",\"@id\":\"https:\/\/women.lv\/product\/aromatisks-vannas-sals-ar-lavandu\/#primaryimage\",\"url\":\"https:\/\/women.lv\/wp-content\/uploads\/nc\/catalog\/CHiC\/CANAAN-Mineral-Herbs\/Canaan_Bath-salt_Lavender.jpg\",\"contentUrl\":\"https:\/\/women.lv\/wp-content\/uploads\/nc\/catalog\/CHiC\/CANAAN-Mineral-Herbs\/Canaan_Bath-salt_Lavender.jpg\",\"width\":700,\"height\":700,\"caption\":\"Arom\u0101tisks vannas s\u0101ls ar lavandu\"},{\"@type\":\"BreadcrumbList\",\"@id\":\"https:\/\/women.lv\/product\/aromatisks-vannas-sals-ar-lavandu\/#breadcrumb\",\"itemListElement\":[{\"@type\":\"ListItem\",\"position\":1,\"name\":\"Home\",\"item\":\"https:\/\/women.lv\/\"},{\"@type\":\"ListItem\",\"position\":2,\"name\":\"Products\",\"item\":\"https:\/\/women.lv\/en\/shop\/\"},{\"@type\":\"ListItem\",\"position\":3,\"name\":\"Arom\u0101tisks vannas s\u0101ls ar lavandu\"}]},{\"@type\":\"WebSite\",\"@id\":\"https:\/\/women.lv\/#website\",\"url\":\"https:\/\/women.lv\/\",\"name\":\"Women Veikals\",\"description\":\"Uzdr\u012bksties b\u016bt skaista\",\"potentialAction\":[{\"@type\":\"SearchAction\",\"target\":{\"@type\":\"EntryPoint\",\"urlTemplate\":\"https:\/\/women.lv\/?s={search_term_string}\"},\"query-input\":{\"@type\":\"PropertyValueSpecification\",\"valueRequired\":true,\"valueName\":\"search_term_string\"}}],\"inLanguage\":\"ru-RU\"}]}<\/script>\n<!-- \/ Yoast SEO plugin. -->","yoast_head_json":{"title":"Arom\u0101tisks vannas s\u0101ls ar lavandu","description":"Nomierino\u0161s un atsvaidzino\u0161s vannas s\u0101ls ar lavandu. \u0160is vannas s\u0101ls ir piem\u0113rots visiem \u0101das tipiem un \u012bpa\u0161i efekt\u012bvs sausai \u0101dai, ide\u0101li piem\u0113roti psori\u0101zes un citu \u0101das slim\u012bbu simptomu mazin\u0101\u0161anai.","robots":{"index":"index","follow":"follow","max-snippet":"max-snippet:-1","max-image-preview":"max-image-preview:large","max-video-preview":"max-video-preview:-1"},"canonical":"https:\/\/women.lv\/ru\/product\/aromatisks-vannas-sals-ar-lavandu\/","og_locale":"ru_RU","og_type":"article","og_title":"Arom\u0101tisks vannas s\u0101ls ar lavandu","og_description":"Nomierino\u0161s un atsvaidzino\u0161s vannas s\u0101ls ar lavandu. \u0160is vannas s\u0101ls ir piem\u0113rots visiem \u0101das tipiem un \u012bpa\u0161i efekt\u012bvs sausai \u0101dai, ide\u0101li piem\u0113roti psori\u0101zes un citu \u0101das slim\u012bbu simptomu mazin\u0101\u0161anai.","og_url":"https:\/\/women.lv\/ru\/product\/aromatisks-vannas-sals-ar-lavandu\/","og_site_name":"Women Veikals","article_modified_time":"2025-11-05T13:26:16+00:00","og_image":[{"width":700,"height":700,"url":"https:\/\/women.lv\/wp-content\/uploads\/nc\/catalog\/CHiC\/CANAAN-Mineral-Herbs\/Canaan_Bath-salt_Lavender.jpg","type":"image\/jpeg"}],"twitter_card":"summary_large_image","twitter_misc":{"\u041f\u0440\u0438\u043c\u0435\u0440\u043d\u043e\u0435 \u0432\u0440\u0435\u043c\u044f \u0434\u043b\u044f \u0447\u0442\u0435\u043d\u0438\u044f":"1 \u043c\u0438\u043d\u0443\u0442\u0430"},"schema":{"@context":"https:\/\/schema.org","@graph":[{"@type":"WebPage","@id":"https:\/\/women.lv\/product\/aromatisks-vannas-sals-ar-lavandu\/","url":"https:\/\/women.lv\/product\/aromatisks-vannas-sals-ar-lavandu\/","name":"Arom\u0101tisks vannas s\u0101ls ar lavandu","isPartOf":{"@id":"https:\/\/women.lv\/#website"},"primaryImageOfPage":{"@id":"https:\/\/women.lv\/product\/aromatisks-vannas-sals-ar-lavandu\/#primaryimage"},"image":{"@id":"https:\/\/women.lv\/product\/aromatisks-vannas-sals-ar-lavandu\/#primaryimage"},"thumbnailUrl":"https:\/\/women.lv\/wp-content\/uploads\/nc\/catalog\/CHiC\/CANAAN-Mineral-Herbs\/Canaan_Bath-salt_Lavender.jpg","datePublished":"2020-10-29T13:53:44+00:00","dateModified":"2025-11-05T13:26:16+00:00","description":"Nomierino\u0161s un atsvaidzino\u0161s vannas s\u0101ls ar lavandu. \u0160is vannas s\u0101ls ir piem\u0113rots visiem \u0101das tipiem un \u012bpa\u0161i efekt\u012bvs sausai \u0101dai, ide\u0101li piem\u0113roti psori\u0101zes un citu \u0101das slim\u012bbu simptomu mazin\u0101\u0161anai.","breadcrumb":{"@id":"https:\/\/women.lv\/product\/aromatisks-vannas-sals-ar-lavandu\/#breadcrumb"},"inLanguage":"ru-RU","potentialAction":[{"@type":"ReadAction","target":["https:\/\/women.lv\/product\/aromatisks-vannas-sals-ar-lavandu\/"]}]},{"@type":"ImageObject","inLanguage":"ru-RU","@id":"https:\/\/women.lv\/product\/aromatisks-vannas-sals-ar-lavandu\/#primaryimage","url":"https:\/\/women.lv\/wp-content\/uploads\/nc\/catalog\/CHiC\/CANAAN-Mineral-Herbs\/Canaan_Bath-salt_Lavender.jpg","contentUrl":"https:\/\/women.lv\/wp-content\/uploads\/nc\/catalog\/CHiC\/CANAAN-Mineral-Herbs\/Canaan_Bath-salt_Lavender.jpg","width":700,"height":700,"caption":"Arom\u0101tisks vannas s\u0101ls ar lavandu"},{"@type":"BreadcrumbList","@id":"https:\/\/women.lv\/product\/aromatisks-vannas-sals-ar-lavandu\/#breadcrumb","itemListElement":[{"@type":"ListItem","position":1,"name":"Home","item":"https:\/\/women.lv\/"},{"@type":"ListItem","position":2,"name":"Products","item":"https:\/\/women.lv\/en\/shop\/"},{"@type":"ListItem","position":3,"name":"Arom\u0101tisks vannas s\u0101ls ar lavandu"}]},{"@type":"WebSite","@id":"https:\/\/women.lv\/#website","url":"https:\/\/women.lv\/","name":"Women Veikals","description":"Uzdr\u012bksties b\u016bt skaista","potentialAction":[{"@type":"SearchAction","target":{"@type":"EntryPoint","urlTemplate":"https:\/\/women.lv\/?s={search_term_string}"},"query-input":{"@type":"PropertyValueSpecification","valueRequired":true,"valueName":"search_term_string"}}],"inLanguage":"ru-RU"}]}},"_links":{"self":[{"href":"https:\/\/women.lv\/ru\/wp-json\/wp\/v2\/product\/28709","targetHints":{"allow":["GET"]}}],"collection":[{"href":"https:\/\/women.lv\/ru\/wp-json\/wp\/v2\/product"}],"about":[{"href":"https:\/\/women.lv\/ru\/wp-json\/wp\/v2\/types\/product"}],"replies":[{"embeddable":true,"href":"https:\/\/women.lv\/ru\/wp-json\/wp\/v2\/comments?post=28709"}],"version-history":[{"count":1,"href":"https:\/\/women.lv\/ru\/wp-json\/wp\/v2\/product\/28709\/revisions"}],"predecessor-version":[{"id":29762,"href":"https:\/\/women.lv\/ru\/wp-json\/wp\/v2\/product\/28709\/revisions\/29762"}],"wp:featuredmedia":[{"embeddable":true,"href":"https:\/\/women.lv\/ru\/wp-json\/wp\/v2\/media\/28710"}],"wp:attachment":[{"href":"https:\/\/women.lv\/ru\/wp-json\/wp\/v2\/media?parent=28709"}],"wp:term":[{"taxonomy":"product_brand","embeddable":true,"href":"https:\/\/women.lv\/ru\/wp-json\/wp\/v2\/product_brand?post=28709"},{"taxonomy":"product_cat","embeddable":true,"href":"https:\/\/women.lv\/ru\/wp-json\/wp\/v2\/product_cat?post=28709"},{"taxonomy":"product_tag","embeddable":true,"href":"https:\/\/women.lv\/ru\/wp-json\/wp\/v2\/product_tag?post=28709"}],"curies":[{"name":"wp","href":"https:\/\/api.w.org\/{rel}","templated":true}]}}