{"id":28705,"date":"2020-10-16T15:25:54","date_gmt":"2020-10-16T15:25:54","guid":{"rendered":"https:\/\/women.lv\/?product=kermena-losjons-uz-udens-bazes-vanila"},"modified":"2025-11-05T13:26:15","modified_gmt":"2025-11-05T13:26:15","slug":"kermena-losjons-uz-udens-bazes-vaila","status":"publish","type":"product","link":"https:\/\/women.lv\/ru\/product\/kermena-losjons-uz-udens-bazes-vaila\/","title":{"rendered":"\u041b\u043e\u0441\u044c\u043e\u043d \u0434\u043b\u044f \u0442\u0435\u043b\u0430 \u043d\u0430 \u0432\u043e\u0434\u043d\u043e\u0439 \u043e\u0441\u043d\u043e\u0432\u0435 - \u0412\u0430\u043d\u0438\u043b\u044c"},"content":{"rendered":"<p><span style=\"font-family: Helvetica;\"><span style=\"font-size: 18px;\">\u0136erme\u0146a losjons uz \u016bdens b\u0101zes ar Vani\u013cas\u00a0arom\u0101tu J\u016bsu br\u012bvdien\u0101m vai jebkurai citai dienai, kur\u0101 v\u0113laties mazliet palutin\u0101t sevi ar baudas pilnu pieredzi. Losjonam l\u012bdz\u012bga tekst\u016bra un apreibino\u0161s arom\u0101ts, kas izl\u012bdzina \u0101du un sniedz relaks\u0101cijas un komforta saj\u016btu, kas ilgst visu dienu. Bag\u0101tin\u0101ts ar unik\u0101lo &#8211; CSE Complex \u2122, k\u0101 ar\u012b C vitam\u012bna un burk\u0101nu e\u013c\u013cu, \u0161is apbr\u012bnojamais \u0137erme\u0146a kr\u0113ms veicina \u0101das \u0161\u016bnu atjauno\u0161anos, aizsarg\u0101 \u0101du no gaisa pies\u0101r\u0146ojuma un pal\u012bdz saglab\u0101t \u0101du glud\u0101ku un z\u012bdain\u0101ku. Losjona lieto\u0161ana ir baud\u012bjums, kas sast\u0101v no vesel\u012bbas, mirdzuma, smar\u017eas un tekst\u016bras apvieno\u0161anas, kas izk\u016bst uz J\u016bsu \u0101das.<\/span><\/span><\/p>","protected":false},"excerpt":{"rendered":"<p>\u041b\u043e\u0441\u044c\u043e\u043d \u0434\u043b\u044f \u0442\u0435\u043b\u0430 \u043d\u0430 \u0432\u043e\u0434\u043d\u043e\u0439 \u043e\u0441\u043d\u043e\u0432\u0435 \u0441 \u0430\u0440\u043e\u043c\u0430\u0442\u043e\u043c \u0432\u0430\u043d\u0438\u043b\u0438 \u0434\u043b\u044f \u043e\u0442\u043f\u0443\u0441\u043a\u0430 \u0438\u043b\u0438 \u043b\u044e\u0431\u043e\u0433\u043e \u0434\u0440\u0443\u0433\u043e\u0433\u043e \u0434\u043d\u044f, \u043a\u043e\u0433\u0434\u0430 \u0445\u043e\u0447\u0435\u0442\u0441\u044f \u043d\u0435\u043c\u043d\u043e\u0433\u043e \u043f\u043e\u0431\u0430\u043b\u043e\u0432\u0430\u0442\u044c \u0441\u0435\u0431\u044f \u0441 \u0443\u0434\u043e\u0432\u043e\u043b\u044c\u0441\u0442\u0432\u0438\u0435\u043c.<\/p>","protected":false},"featured_media":28706,"comment_status":"open","ping_status":"closed","template":"","meta":[],"product_brand":[],"product_cat":[2208,2216,2215],"product_tag":[3288,2891,3067,2244,2243,3289,2245,3290],"class_list":{"0":"post-28705","1":"product","2":"type-product","3":"status-publish","4":"has-post-thumbnail","6":"product_cat-kermena-kopsanas-lidzekii","7":"product_cat-kermena-mitrinasana-un-barosana","8":"product_cat-visi-produkti","9":"product_tag-aqua-based-body-lotion-vanilla","10":"product_tag-canaan","11":"product_tag-canaan-minerals-and-herbs","12":"product_tag-israel","13":"product_tag-izraela","14":"product_tag-kermena-losjons-uz-udens-bazes-vanilla","15":"product_tag-2245","16":"product_tag-3290","17":"pa_brand_nc-canaan-mineralsampherbs","18":"pa_ean_nc-4039","20":"first","21":"instock","22":"sale","23":"taxable","24":"shipping-taxable","25":"purchasable","26":"product-type-simple"},"yoast_head":"<!-- This site is optimized with the Yoast SEO plugin v23.9 - https:\/\/yoast.com\/wordpress\/plugins\/seo\/ -->\n<title>\u0136erme\u0146a losjons uz \u016bdens b\u0101zes - Lavanda<\/title>\n<meta name=\"description\" content=\"\u0136erme\u0146a losjons uz \u016bdens b\u0101zes ar Vani\u013cas arom\u0101tu J\u016bsu br\u012bvdien\u0101m vai jebkurai citai dienai, kur\u0101 v\u0113laties mazliet palutin\u0101t sevi ar baudas pilnu pieredzi.\" \/>\n<meta name=\"robots\" content=\"index, follow, max-snippet:-1, max-image-preview:large, max-video-preview:-1\" \/>\n<link rel=\"canonical\" href=\"https:\/\/women.lv\/ru\/product\/kermena-losjons-uz-udens-bazes-vaila\/\" \/>\n<meta property=\"og:locale\" content=\"ru_RU\" \/>\n<meta property=\"og:type\" content=\"article\" \/>\n<meta property=\"og:title\" content=\"\u0136erme\u0146a losjons uz \u016bdens b\u0101zes - Lavanda\" \/>\n<meta property=\"og:description\" content=\"\u0136erme\u0146a losjons uz \u016bdens b\u0101zes ar Vani\u013cas arom\u0101tu J\u016bsu br\u012bvdien\u0101m vai jebkurai citai dienai, kur\u0101 v\u0113laties mazliet palutin\u0101t sevi ar baudas pilnu pieredzi.\" \/>\n<meta property=\"og:url\" content=\"https:\/\/women.lv\/ru\/product\/kermena-losjons-uz-udens-bazes-vaila\/\" \/>\n<meta property=\"og:site_name\" content=\"Women Veikals\" \/>\n<meta property=\"article:modified_time\" content=\"2025-11-05T13:26:15+00:00\" \/>\n<meta property=\"og:image\" content=\"https:\/\/women.lv\/wp-content\/uploads\/nc\/catalog\/CHiC\/CANAAN-Mineral-Herbs\/canaan-aqua-based-body-lotion2.jpg\" \/>\n\t<meta property=\"og:image:width\" content=\"800\" \/>\n\t<meta property=\"og:image:height\" content=\"757\" \/>\n\t<meta property=\"og:image:type\" content=\"image\/gif\" \/>\n<meta name=\"twitter:card\" content=\"summary_large_image\" \/>\n<meta name=\"twitter:label1\" content=\"\u041f\u0440\u0438\u043c\u0435\u0440\u043d\u043e\u0435 \u0432\u0440\u0435\u043c\u044f \u0434\u043b\u044f \u0447\u0442\u0435\u043d\u0438\u044f\" \/>\n\t<meta name=\"twitter:data1\" content=\"1 \u043c\u0438\u043d\u0443\u0442\u0430\" \/>\n<script type=\"application\/ld+json\" class=\"yoast-schema-graph\">{\"@context\":\"https:\/\/schema.org\",\"@graph\":[{\"@type\":\"WebPage\",\"@id\":\"https:\/\/women.lv\/en\/product\/kermena-losjons-uz-udens-bazes-vaila\/\",\"url\":\"https:\/\/women.lv\/en\/product\/kermena-losjons-uz-udens-bazes-vaila\/\",\"name\":\"\u0136erme\u0146a losjons uz \u016bdens b\u0101zes - Lavanda\",\"isPartOf\":{\"@id\":\"https:\/\/women.lv\/#website\"},\"primaryImageOfPage\":{\"@id\":\"https:\/\/women.lv\/en\/product\/kermena-losjons-uz-udens-bazes-vaila\/#primaryimage\"},\"image\":{\"@id\":\"https:\/\/women.lv\/en\/product\/kermena-losjons-uz-udens-bazes-vaila\/#primaryimage\"},\"thumbnailUrl\":\"https:\/\/women.lv\/wp-content\/uploads\/nc\/catalog\/CHiC\/CANAAN-Mineral-Herbs\/canaan-aqua-based-body-lotion2.jpg\",\"datePublished\":\"2020-10-16T15:25:54+00:00\",\"dateModified\":\"2025-11-05T13:26:15+00:00\",\"description\":\"\u0136erme\u0146a losjons uz \u016bdens b\u0101zes ar Vani\u013cas arom\u0101tu J\u016bsu br\u012bvdien\u0101m vai jebkurai citai dienai, kur\u0101 v\u0113laties mazliet palutin\u0101t sevi ar baudas pilnu pieredzi.\",\"breadcrumb\":{\"@id\":\"https:\/\/women.lv\/en\/product\/kermena-losjons-uz-udens-bazes-vaila\/#breadcrumb\"},\"inLanguage\":\"ru-RU\",\"potentialAction\":[{\"@type\":\"ReadAction\",\"target\":[\"https:\/\/women.lv\/en\/product\/kermena-losjons-uz-udens-bazes-vaila\/\"]}]},{\"@type\":\"ImageObject\",\"inLanguage\":\"ru-RU\",\"@id\":\"https:\/\/women.lv\/en\/product\/kermena-losjons-uz-udens-bazes-vaila\/#primaryimage\",\"url\":\"https:\/\/women.lv\/wp-content\/uploads\/nc\/catalog\/CHiC\/CANAAN-Mineral-Herbs\/canaan-aqua-based-body-lotion2.jpg\",\"contentUrl\":\"https:\/\/women.lv\/wp-content\/uploads\/nc\/catalog\/CHiC\/CANAAN-Mineral-Herbs\/canaan-aqua-based-body-lotion2.jpg\",\"width\":800,\"height\":757,\"caption\":\"\u0136erme\u0146a losjons uz \u016bdens b\u0101zes - Vani\u013ca\"},{\"@type\":\"BreadcrumbList\",\"@id\":\"https:\/\/women.lv\/en\/product\/kermena-losjons-uz-udens-bazes-vaila\/#breadcrumb\",\"itemListElement\":[{\"@type\":\"ListItem\",\"position\":1,\"name\":\"Home\",\"item\":\"https:\/\/women.lv\/\"},{\"@type\":\"ListItem\",\"position\":2,\"name\":\"Products\",\"item\":\"https:\/\/women.lv\/en\/shop\/\"},{\"@type\":\"ListItem\",\"position\":3,\"name\":\"\u0136erme\u0146a losjons uz \u016bdens b\u0101zes &#8211; Vani\u013ca\"}]},{\"@type\":\"WebSite\",\"@id\":\"https:\/\/women.lv\/#website\",\"url\":\"https:\/\/women.lv\/\",\"name\":\"Women Veikals\",\"description\":\"Uzdr\u012bksties b\u016bt skaista\",\"potentialAction\":[{\"@type\":\"SearchAction\",\"target\":{\"@type\":\"EntryPoint\",\"urlTemplate\":\"https:\/\/women.lv\/?s={search_term_string}\"},\"query-input\":{\"@type\":\"PropertyValueSpecification\",\"valueRequired\":true,\"valueName\":\"search_term_string\"}}],\"inLanguage\":\"ru-RU\"}]}<\/script>\n<!-- \/ Yoast SEO plugin. -->","yoast_head_json":{"title":"\u0136erme\u0146a losjons uz \u016bdens b\u0101zes - Lavanda","description":"\u0136erme\u0146a losjons uz \u016bdens b\u0101zes ar Vani\u013cas arom\u0101tu J\u016bsu br\u012bvdien\u0101m vai jebkurai citai dienai, kur\u0101 v\u0113laties mazliet palutin\u0101t sevi ar baudas pilnu pieredzi.","robots":{"index":"index","follow":"follow","max-snippet":"max-snippet:-1","max-image-preview":"max-image-preview:large","max-video-preview":"max-video-preview:-1"},"canonical":"https:\/\/women.lv\/ru\/product\/kermena-losjons-uz-udens-bazes-vaila\/","og_locale":"ru_RU","og_type":"article","og_title":"\u0136erme\u0146a losjons uz \u016bdens b\u0101zes - Lavanda","og_description":"\u0136erme\u0146a losjons uz \u016bdens b\u0101zes ar Vani\u013cas arom\u0101tu J\u016bsu br\u012bvdien\u0101m vai jebkurai citai dienai, kur\u0101 v\u0113laties mazliet palutin\u0101t sevi ar baudas pilnu pieredzi.","og_url":"https:\/\/women.lv\/ru\/product\/kermena-losjons-uz-udens-bazes-vaila\/","og_site_name":"Women Veikals","article_modified_time":"2025-11-05T13:26:15+00:00","og_image":[{"width":800,"height":757,"url":"https:\/\/women.lv\/wp-content\/uploads\/nc\/catalog\/CHiC\/CANAAN-Mineral-Herbs\/canaan-aqua-based-body-lotion2.jpg","type":"image\/gif"}],"twitter_card":"summary_large_image","twitter_misc":{"\u041f\u0440\u0438\u043c\u0435\u0440\u043d\u043e\u0435 \u0432\u0440\u0435\u043c\u044f \u0434\u043b\u044f \u0447\u0442\u0435\u043d\u0438\u044f":"1 \u043c\u0438\u043d\u0443\u0442\u0430"},"schema":{"@context":"https:\/\/schema.org","@graph":[{"@type":"WebPage","@id":"https:\/\/women.lv\/en\/product\/kermena-losjons-uz-udens-bazes-vaila\/","url":"https:\/\/women.lv\/en\/product\/kermena-losjons-uz-udens-bazes-vaila\/","name":"\u0136erme\u0146a losjons uz \u016bdens b\u0101zes - Lavanda","isPartOf":{"@id":"https:\/\/women.lv\/#website"},"primaryImageOfPage":{"@id":"https:\/\/women.lv\/en\/product\/kermena-losjons-uz-udens-bazes-vaila\/#primaryimage"},"image":{"@id":"https:\/\/women.lv\/en\/product\/kermena-losjons-uz-udens-bazes-vaila\/#primaryimage"},"thumbnailUrl":"https:\/\/women.lv\/wp-content\/uploads\/nc\/catalog\/CHiC\/CANAAN-Mineral-Herbs\/canaan-aqua-based-body-lotion2.jpg","datePublished":"2020-10-16T15:25:54+00:00","dateModified":"2025-11-05T13:26:15+00:00","description":"\u0136erme\u0146a losjons uz \u016bdens b\u0101zes ar Vani\u013cas arom\u0101tu J\u016bsu br\u012bvdien\u0101m vai jebkurai citai dienai, kur\u0101 v\u0113laties mazliet palutin\u0101t sevi ar baudas pilnu pieredzi.","breadcrumb":{"@id":"https:\/\/women.lv\/en\/product\/kermena-losjons-uz-udens-bazes-vaila\/#breadcrumb"},"inLanguage":"ru-RU","potentialAction":[{"@type":"ReadAction","target":["https:\/\/women.lv\/en\/product\/kermena-losjons-uz-udens-bazes-vaila\/"]}]},{"@type":"ImageObject","inLanguage":"ru-RU","@id":"https:\/\/women.lv\/en\/product\/kermena-losjons-uz-udens-bazes-vaila\/#primaryimage","url":"https:\/\/women.lv\/wp-content\/uploads\/nc\/catalog\/CHiC\/CANAAN-Mineral-Herbs\/canaan-aqua-based-body-lotion2.jpg","contentUrl":"https:\/\/women.lv\/wp-content\/uploads\/nc\/catalog\/CHiC\/CANAAN-Mineral-Herbs\/canaan-aqua-based-body-lotion2.jpg","width":800,"height":757,"caption":"\u0136erme\u0146a losjons uz \u016bdens b\u0101zes - Vani\u013ca"},{"@type":"BreadcrumbList","@id":"https:\/\/women.lv\/en\/product\/kermena-losjons-uz-udens-bazes-vaila\/#breadcrumb","itemListElement":[{"@type":"ListItem","position":1,"name":"Home","item":"https:\/\/women.lv\/"},{"@type":"ListItem","position":2,"name":"Products","item":"https:\/\/women.lv\/en\/shop\/"},{"@type":"ListItem","position":3,"name":"\u0136erme\u0146a losjons uz \u016bdens b\u0101zes &#8211; Vani\u013ca"}]},{"@type":"WebSite","@id":"https:\/\/women.lv\/#website","url":"https:\/\/women.lv\/","name":"Women Veikals","description":"Uzdr\u012bksties b\u016bt skaista","potentialAction":[{"@type":"SearchAction","target":{"@type":"EntryPoint","urlTemplate":"https:\/\/women.lv\/?s={search_term_string}"},"query-input":{"@type":"PropertyValueSpecification","valueRequired":true,"valueName":"search_term_string"}}],"inLanguage":"ru-RU"}]}},"_links":{"self":[{"href":"https:\/\/women.lv\/ru\/wp-json\/wp\/v2\/product\/28705","targetHints":{"allow":["GET"]}}],"collection":[{"href":"https:\/\/women.lv\/ru\/wp-json\/wp\/v2\/product"}],"about":[{"href":"https:\/\/women.lv\/ru\/wp-json\/wp\/v2\/types\/product"}],"replies":[{"embeddable":true,"href":"https:\/\/women.lv\/ru\/wp-json\/wp\/v2\/comments?post=28705"}],"version-history":[{"count":2,"href":"https:\/\/women.lv\/ru\/wp-json\/wp\/v2\/product\/28705\/revisions"}],"predecessor-version":[{"id":29760,"href":"https:\/\/women.lv\/ru\/wp-json\/wp\/v2\/product\/28705\/revisions\/29760"}],"wp:featuredmedia":[{"embeddable":true,"href":"https:\/\/women.lv\/ru\/wp-json\/wp\/v2\/media\/28706"}],"wp:attachment":[{"href":"https:\/\/women.lv\/ru\/wp-json\/wp\/v2\/media?parent=28705"}],"wp:term":[{"taxonomy":"product_brand","embeddable":true,"href":"https:\/\/women.lv\/ru\/wp-json\/wp\/v2\/product_brand?post=28705"},{"taxonomy":"product_cat","embeddable":true,"href":"https:\/\/women.lv\/ru\/wp-json\/wp\/v2\/product_cat?post=28705"},{"taxonomy":"product_tag","embeddable":true,"href":"https:\/\/women.lv\/ru\/wp-json\/wp\/v2\/product_tag?post=28705"}],"curies":[{"name":"wp","href":"https:\/\/api.w.org\/{rel}","templated":true}]}}