{"id":28691,"date":"2020-10-15T13:33:35","date_gmt":"2020-10-15T13:33:35","guid":{"rendered":"https:\/\/women.lv\/?product=attiross-sejas-mazgasanas-lidzeklis-ar-aktivo-ogli-100-ml"},"modified":"2025-11-05T13:26:14","modified_gmt":"2025-11-05T13:26:14","slug":"attiross-sejas-mazgasanas-lidzeklis-ar-aktivo-ogli-100-ml","status":"publish","type":"product","link":"https:\/\/women.lv\/ru\/product\/attiross-sejas-mazgasanas-lidzeklis-ar-aktivo-ogli-100-ml\/","title":{"rendered":"\u041e\u0447\u0438\u0449\u0430\u044e\u0449\u0438\u0439 \u043f\u0435\u043d\u043a\u0430 \u0434\u043b\u044f \u043b\u0438\u0446\u0430 \u0441 \u0430\u043a\u0442\u0438\u0432\u0438\u0440\u043e\u0432\u0430\u043d\u043d\u044b\u043c \u0443\u0433\u043b\u0435\u043c, 100 \u043c\u043b."},"content":{"rendered":"<p><span style=\"font-family: Helvetica;\"><span style=\"font-size: 18px;\"><b>\u0421\u0434\u0435\u043b\u0430\u0439\u0442\u0435 \u043a\u043e\u0436\u0443 \u044d\u043b\u0430\u0441\u0442\u0438\u0447\u043d\u043e\u0439<\/b><\/span><\/span><\/p>\n<p><span style=\"font-family: Helvetica;\"><span style=\"font-size: 18px;\">\u041d\u0435\u0436\u043d\u043e\u0435 \u0438 \u043e\u0447\u0438\u0449\u0430\u044e\u0449\u0435\u0435 \u0441\u0440\u0435\u0434\u0441\u0442\u0432\u043e \u0434\u043b\u044f \u0443\u043c\u044b\u0432\u0430\u043d\u0438\u044f \u043b\u0438\u0446\u0430 \u0441 \u0438\u0441\u043f\u043e\u043b\u044c\u0437\u043e\u0432\u0430\u043d\u0438\u0435\u043c \u043f\u0440\u043e\u0434\u0443\u043a\u0442\u0430 \u043d\u0430 \u043e\u0441\u043d\u043e\u0432\u0435 \u0434\u0440\u0435\u0432\u0435\u0441\u043d\u043e\u0433\u043e \u0443\u0433\u043b\u044f \u0442\u0449\u0430\u0442\u0435\u043b\u044c\u043d\u043e \u043e\u0447\u0438\u0449\u0430\u0435\u0442 \u043a\u043e\u0436\u0443, \u0437\u0430\u0449\u0438\u0449\u0430\u044f \u0435\u0435 \u0435\u0441\u0442\u0435\u0441\u0442\u0432\u0435\u043d\u043d\u044b\u0439 \u0432\u043e\u0434\u043d\u044b\u0439 \u0431\u0430\u0440\u044c\u0435\u0440.<\/span><\/span><\/p>\n<p><span style=\"font-family: Helvetica;\"><span style=\"font-size: 18px;\">\u041e\u0431\u043e\u0433\u0430\u0449\u0435\u043d \u0432\u0438\u0442\u0430\u043c\u0438\u043d\u0430\u043c\u0438 \u0438 \u043c\u0438\u043d\u0435\u0440\u0430\u043b\u0430\u043c\u0438 \u0434\u043b\u044f \u0433\u043b\u0430\u0434\u043a\u043e\u0439 \u043a\u043e\u0436\u0438 \u0438 \u0435\u0441\u0442\u0435\u0441\u0442\u0432\u0435\u043d\u043d\u043e\u0433\u043e \u0446\u0432\u0435\u0442\u0430 \u043b\u0438\u0446\u0430.<\/span><\/span><\/p>\n<p><span style=\"font-family: Helvetica;\"><span style=\"font-size: 18px;\">\u0421\u043e\u0434\u0435\u0440\u0436\u0438\u0442 \u0434\u0440\u0435\u0432\u0435\u0441\u043d\u044b\u0439 \u0443\u0433\u043e\u043b\u044c, \u043a\u043e\u0442\u043e\u0440\u044b\u0439 \u0430\u043a\u0442\u0438\u0432\u043d\u043e \u043f\u0440\u0435\u0434\u043e\u0442\u0432\u0440\u0430\u0449\u0430\u0435\u0442 \u043f\u043e\u044f\u0432\u043b\u0435\u043d\u0438\u0435 \u0431\u043b\u0435\u0441\u043a\u0430 \u0438 \u043e\u0447\u0438\u0449\u0430\u0435\u0442 \u043a\u043e\u0436\u0443. \u041a\u0440\u0430\u0441\u043d\u044b\u0439 \u0433\u0440\u0435\u0439\u043f\u0444\u0440\u0443\u0442 \u0431\u043e\u0433\u0430\u0442 \u043c\u043e\u0449\u043d\u044b\u043c\u0438 \u0430\u043d\u0442\u0438\u043e\u043a\u0441\u0438\u0434\u0430\u043d\u0442\u0430\u043c\u0438 \u0432\u0438\u0442\u0430\u043c\u0438\u043d\u043e\u043c \u0410 \u0438 \u0421, \u043a\u043e\u0442\u043e\u0440\u044b\u0435 \u0437\u043d\u0430\u0447\u0438\u0442\u0435\u043b\u044c\u043d\u043e \u0441\u043f\u043e\u0441\u043e\u0431\u0441\u0442\u0432\u0443\u044e\u0442 \u043e\u0431\u0440\u0430\u0437\u043e\u0432\u0430\u043d\u0438\u044e \u043a\u043e\u043b\u043b\u0430\u0433\u0435\u043d\u0430 \u0438 \u043e\u0441\u0432\u0435\u0442\u043b\u044f\u044e\u0442 \u043f\u0438\u0433\u043c\u0435\u043d\u0442\u0430\u0446\u0438\u044e \u043a\u043e\u0436\u0438.<\/span><\/span><\/p>\n<p><span style=\"font-family: Helvetica;\"><span style=\"font-size: 18px;\">\u0421\u0434\u0435\u043b\u0430\u0439\u0442\u0435 \u043a\u043e\u0436\u0443 \u0431\u043e\u043b\u0435\u0435 \u044d\u043b\u0430\u0441\u0442\u0438\u0447\u043d\u043e\u0439, \u0441\u043e\u0445\u0440\u0430\u043d\u044f\u044f \u043f\u0440\u0438 \u044d\u0442\u043e\u043c \u0443\u0440\u043e\u0432\u0435\u043d\u044c \u0435\u0435 \u0443\u0432\u043b\u0430\u0436\u043d\u0435\u043d\u043d\u043e\u0441\u0442\u0438.<\/span><\/span><\/p>\n<ul>\n<li><span style=\"font-family: Helvetica;\"><span style=\"font-size: 18px;\">\u041f\u043e\u043c\u043e\u0433\u0430\u0435\u0442 \u0441\u0434\u0435\u043b\u0430\u0442\u044c \u043a\u043e\u0436\u0443 \u044d\u043b\u0430\u0441\u0442\u0438\u0447\u043d\u043e\u0439;<\/span><\/span><\/li>\n<li><span style=\"font-family: Helvetica;\"><span style=\"font-size: 18px;\">\u0421\u043e\u0434\u0435\u0440\u0436\u0438\u0442 \u043e\u0447\u0438\u0449\u0430\u044e\u0449\u0438\u0439 \u043a\u043e\u0436\u0443 \u0443\u0433\u043e\u043b\u044c;<\/span><\/span><\/li>\n<li><span style=\"font-family: Helvetica;\"><span style=\"font-size: 18px;\">\u0411\u043e\u0433\u0430\u0442 \u043c\u0438\u043d\u0435\u0440\u0430\u043b\u0430\u043c\u0438 \u0438 \u0432\u0438\u0442\u0430\u043c\u0438\u043d\u0430\u043c\u0438 C \u0438 A;<\/span><\/span><\/li>\n<li><span style=\"font-family: Helvetica;\"><span style=\"font-size: 18px;\">\u041e\u0447\u0438\u0449\u0430\u0435\u0442 \u043a\u043e\u0436\u0443 \u0438 \u0437\u0430\u0449\u0438\u0449\u0430\u0435\u0442 \u0435\u0435 \u0435\u0441\u0442\u0435\u0441\u0442\u0432\u0435\u043d\u043d\u044b\u0439 \u0432\u043e\u0434\u043d\u044b\u0439 \u0431\u0430\u0440\u044c\u0435\u0440.<\/span><\/span><\/li>\n<\/ul>","protected":false},"excerpt":{"rendered":"<p>\u0421\u0434\u0435\u043b\u0430\u0439\u0442\u0435 \u043a\u043e\u0436\u0443 \u044d\u043b\u0430\u0441\u0442\u0438\u0447\u043d\u043e\u0439. \u041d\u0435\u0436\u043d\u043e\u0435 \u0438 \u043e\u0447\u0438\u0449\u0430\u044e\u0449\u0435\u0435 \u0441\u0440\u0435\u0434\u0441\u0442\u0432\u043e \u0434\u043b\u044f \u0443\u043c\u044b\u0432\u0430\u043d\u0438\u044f \u043b\u0438\u0446\u0430 \u0441\u043e \u0441\u0440\u0435\u0434\u0441\u0442\u0432\u043e\u043c \u043d\u0430 \u043e\u0441\u043d\u043e\u0432\u0435 \u0434\u0440\u0435\u0432\u0435\u0441\u043d\u043e\u0433\u043e \u0443\u0433\u043b\u044f \u0442\u0449\u0430\u0442\u0435\u043b\u044c\u043d\u043e \u043e\u0447\u0438\u0449\u0430\u0435\u0442 \u043a\u043e\u0436\u0443, \u0441\u043e\u0445\u0440\u0430\u043d\u044f\u044f \u0435\u0435 \u0435\u0441\u0442\u0435\u0441\u0442\u0432\u0435\u043d\u043d\u0443\u044e \u0432\u043b\u0430\u0436\u043d\u043e\u0441\u0442\u044c.<\/p>","protected":false},"featured_media":28692,"comment_status":"open","ping_status":"closed","template":"","meta":[],"product_brand":[],"product_cat":[2211,2231,2200,2215],"product_tag":[3261,3260,2891,3241,3262,2244,2243,2245,3249],"class_list":{"0":"post-28691","1":"product","2":"type-product","3":"status-publish","4":"has-post-thumbnail","6":"product_cat-mazgasanas-un-attirisanas-produkti","7":"product_cat-lv-on-sale","8":"product_cat-sejas-kopsanas-lidzekli","9":"product_cat-visi-produkti","10":"product_tag-100-ml","11":"product_tag-attiross-sejas-mazgasanas-lidzeklis-ar-aktivo-ogli","12":"product_tag-canaan","13":"product_tag-canaan-charcoal","14":"product_tag-charcoal-purifying-face-wash","15":"product_tag-israel","16":"product_tag-izraela","17":"product_tag-2245","18":"product_tag-3249","19":"pa_brand_nc-canaan-charcoal","20":"pa_ean_nc-4032","22":"first","23":"instock","24":"sale","25":"taxable","26":"shipping-taxable","27":"purchasable","28":"product-type-simple"},"yoast_head":"<!-- This site is optimized with the Yoast SEO plugin v27.4 - https:\/\/yoast.com\/product\/yoast-seo-wordpress\/ -->\n<title>Att\u012bro\u0161s sejas mazg\u0101\u0161anas l\u012bdzeklis ar akt\u012bvo ogli, 100 ml<\/title>\n<meta name=\"description\" content=\"Padariet \u0101du elast\u012bgu. Maiga un att\u012bro\u0161a sejas mazg\u0101\u0161ana ar kokogli saturo\u0161u l\u012bdzekli, r\u016bp\u012bgi att\u012bra \u0101du, vienlaikus aizsarg\u0101jot t\u0101s dabisko mitruma barjeru. Bag\u0101tin\u0101ts ar vitam\u012bniem un miner\u0101lviel\u0101m gludai \u0101dai un dab\u012bgai sejas kr\u0101sai.\" \/>\n<meta name=\"robots\" content=\"index, follow, max-snippet:-1, max-image-preview:large, max-video-preview:-1\" \/>\n<link rel=\"canonical\" href=\"https:\/\/women.lv\/ru\/product\/attiross-sejas-mazgasanas-lidzeklis-ar-aktivo-ogli-100-ml\/\" \/>\n<meta property=\"og:locale\" content=\"ru_RU\" \/>\n<meta property=\"og:type\" content=\"article\" \/>\n<meta property=\"og:title\" content=\"Att\u012bro\u0161s sejas mazg\u0101\u0161anas l\u012bdzeklis ar akt\u012bvo ogli, 100 ml\" \/>\n<meta property=\"og:description\" content=\"Padariet \u0101du elast\u012bgu. Maiga un att\u012bro\u0161a sejas mazg\u0101\u0161ana ar kokogli saturo\u0161u l\u012bdzekli, r\u016bp\u012bgi att\u012bra \u0101du, vienlaikus aizsarg\u0101jot t\u0101s dabisko mitruma barjeru. Bag\u0101tin\u0101ts ar vitam\u012bniem un miner\u0101lviel\u0101m gludai \u0101dai un dab\u012bgai sejas kr\u0101sai.\" \/>\n<meta property=\"og:url\" content=\"https:\/\/women.lv\/ru\/product\/attiross-sejas-mazgasanas-lidzeklis-ar-aktivo-ogli-100-ml\/\" \/>\n<meta property=\"og:site_name\" content=\"Women Veikals\" \/>\n<meta property=\"article:modified_time\" content=\"2025-11-05T13:26:14+00:00\" \/>\n<meta property=\"og:image\" content=\"https:\/\/women.lv\/wp-content\/uploads\/nc\/catalog\/CHiC\/CANAAN-Charcoal\/CANAAN-charcoal-purifying-face-wash-tube.jpg\" \/>\n\t<meta property=\"og:image:width\" content=\"800\" \/>\n\t<meta property=\"og:image:height\" content=\"800\" \/>\n\t<meta property=\"og:image:type\" content=\"image\/jpeg\" \/>\n<meta name=\"twitter:card\" content=\"summary_large_image\" \/>\n<meta name=\"twitter:label1\" content=\"\u041f\u0440\u0438\u043c\u0435\u0440\u043d\u043e\u0435 \u0432\u0440\u0435\u043c\u044f \u0434\u043b\u044f \u0447\u0442\u0435\u043d\u0438\u044f\" \/>\n\t<meta name=\"twitter:data1\" content=\"1 \u043c\u0438\u043d\u0443\u0442\u0430\" \/>\n<script type=\"application\/ld+json\" class=\"yoast-schema-graph\">{\"@context\":\"https:\\\/\\\/schema.org\",\"@graph\":[{\"@type\":\"WebPage\",\"@id\":\"https:\\\/\\\/women.lv\\\/product\\\/attiross-sejas-mazgasanas-lidzeklis-ar-aktivo-ogli-100-ml\\\/\",\"url\":\"https:\\\/\\\/women.lv\\\/product\\\/attiross-sejas-mazgasanas-lidzeklis-ar-aktivo-ogli-100-ml\\\/\",\"name\":\"Att\u012bro\u0161s sejas mazg\u0101\u0161anas l\u012bdzeklis ar akt\u012bvo ogli, 100 ml\",\"isPartOf\":{\"@id\":\"https:\\\/\\\/women.lv\\\/#website\"},\"primaryImageOfPage\":{\"@id\":\"https:\\\/\\\/women.lv\\\/product\\\/attiross-sejas-mazgasanas-lidzeklis-ar-aktivo-ogli-100-ml\\\/#primaryimage\"},\"image\":{\"@id\":\"https:\\\/\\\/women.lv\\\/product\\\/attiross-sejas-mazgasanas-lidzeklis-ar-aktivo-ogli-100-ml\\\/#primaryimage\"},\"thumbnailUrl\":\"https:\\\/\\\/women.lv\\\/wp-content\\\/uploads\\\/nc\\\/catalog\\\/CHiC\\\/CANAAN-Charcoal\\\/CANAAN-charcoal-purifying-face-wash-tube.jpg\",\"datePublished\":\"2020-10-15T13:33:35+00:00\",\"dateModified\":\"2025-11-05T13:26:14+00:00\",\"description\":\"Padariet \u0101du elast\u012bgu. Maiga un att\u012bro\u0161a sejas mazg\u0101\u0161ana ar kokogli saturo\u0161u l\u012bdzekli, r\u016bp\u012bgi att\u012bra \u0101du, vienlaikus aizsarg\u0101jot t\u0101s dabisko mitruma barjeru. Bag\u0101tin\u0101ts ar vitam\u012bniem un miner\u0101lviel\u0101m gludai \u0101dai un dab\u012bgai sejas kr\u0101sai.\",\"breadcrumb\":{\"@id\":\"https:\\\/\\\/women.lv\\\/product\\\/attiross-sejas-mazgasanas-lidzeklis-ar-aktivo-ogli-100-ml\\\/#breadcrumb\"},\"inLanguage\":\"ru-RU\",\"potentialAction\":[{\"@type\":\"ReadAction\",\"target\":[\"https:\\\/\\\/women.lv\\\/product\\\/attiross-sejas-mazgasanas-lidzeklis-ar-aktivo-ogli-100-ml\\\/\"]}]},{\"@type\":\"ImageObject\",\"inLanguage\":\"ru-RU\",\"@id\":\"https:\\\/\\\/women.lv\\\/product\\\/attiross-sejas-mazgasanas-lidzeklis-ar-aktivo-ogli-100-ml\\\/#primaryimage\",\"url\":\"https:\\\/\\\/women.lv\\\/wp-content\\\/uploads\\\/nc\\\/catalog\\\/CHiC\\\/CANAAN-Charcoal\\\/CANAAN-charcoal-purifying-face-wash-tube.jpg\",\"contentUrl\":\"https:\\\/\\\/women.lv\\\/wp-content\\\/uploads\\\/nc\\\/catalog\\\/CHiC\\\/CANAAN-Charcoal\\\/CANAAN-charcoal-purifying-face-wash-tube.jpg\",\"width\":800,\"height\":800,\"caption\":\"Att\u012bro\u0161s sejas mazg\u0101\u0161anas l\u012bdzeklis ar akt\u012bvo ogli, 100 ml\"},{\"@type\":\"BreadcrumbList\",\"@id\":\"https:\\\/\\\/women.lv\\\/product\\\/attiross-sejas-mazgasanas-lidzeklis-ar-aktivo-ogli-100-ml\\\/#breadcrumb\",\"itemListElement\":[{\"@type\":\"ListItem\",\"position\":1,\"name\":\"Home\",\"item\":\"https:\\\/\\\/women.lv\\\/\"},{\"@type\":\"ListItem\",\"position\":2,\"name\":\"Products\",\"item\":\"https:\\\/\\\/women.lv\\\/en\\\/shop\\\/\"},{\"@type\":\"ListItem\",\"position\":3,\"name\":\"Att\u012bro\u0161s sejas mazg\u0101\u0161anas l\u012bdzeklis ar akt\u012bvo ogli, 100 ml\"}]},{\"@type\":\"WebSite\",\"@id\":\"https:\\\/\\\/women.lv\\\/#website\",\"url\":\"https:\\\/\\\/women.lv\\\/\",\"name\":\"Women Veikals\",\"description\":\"Uzdr\u012bksties b\u016bt skaista\",\"potentialAction\":[{\"@type\":\"SearchAction\",\"target\":{\"@type\":\"EntryPoint\",\"urlTemplate\":\"https:\\\/\\\/women.lv\\\/?s={search_term_string}\"},\"query-input\":{\"@type\":\"PropertyValueSpecification\",\"valueRequired\":true,\"valueName\":\"search_term_string\"}}],\"inLanguage\":\"ru-RU\"}]}<\/script>\n<!-- \/ Yoast SEO plugin. -->","yoast_head_json":{"title":"\u041e\u0447\u0438\u0449\u0430\u044e\u0449\u0438\u0439 \u043f\u0435\u043d\u043a\u0430 \u0434\u043b\u044f \u043b\u0438\u0446\u0430 \u0441 \u0430\u043a\u0442\u0438\u0432\u0438\u0440\u043e\u0432\u0430\u043d\u043d\u044b\u043c \u0443\u0433\u043b\u0435\u043c, 100 \u043c\u043b.","description":"Padariet \u0101du elast\u012bgu. Maiga un att\u012bro\u0161a sejas mazg\u0101\u0161ana ar kokogli saturo\u0161u l\u012bdzekli, r\u016bp\u012bgi att\u012bra \u0101du, vienlaikus aizsarg\u0101jot t\u0101s dabisko mitruma barjeru. Bag\u0101tin\u0101ts ar vitam\u012bniem un miner\u0101lviel\u0101m gludai \u0101dai un dab\u012bgai sejas kr\u0101sai.","robots":{"index":"index","follow":"follow","max-snippet":"max-snippet:-1","max-image-preview":"max-image-preview:large","max-video-preview":"max-video-preview:-1"},"canonical":"https:\/\/women.lv\/ru\/product\/attiross-sejas-mazgasanas-lidzeklis-ar-aktivo-ogli-100-ml\/","og_locale":"ru_RU","og_type":"article","og_title":"Att\u012bro\u0161s sejas mazg\u0101\u0161anas l\u012bdzeklis ar akt\u012bvo ogli, 100 ml","og_description":"Padariet \u0101du elast\u012bgu. Maiga un att\u012bro\u0161a sejas mazg\u0101\u0161ana ar kokogli saturo\u0161u l\u012bdzekli, r\u016bp\u012bgi att\u012bra \u0101du, vienlaikus aizsarg\u0101jot t\u0101s dabisko mitruma barjeru. Bag\u0101tin\u0101ts ar vitam\u012bniem un miner\u0101lviel\u0101m gludai \u0101dai un dab\u012bgai sejas kr\u0101sai.","og_url":"https:\/\/women.lv\/ru\/product\/attiross-sejas-mazgasanas-lidzeklis-ar-aktivo-ogli-100-ml\/","og_site_name":"Women Veikals","article_modified_time":"2025-11-05T13:26:14+00:00","og_image":[{"width":800,"height":800,"url":"https:\/\/women.lv\/wp-content\/uploads\/nc\/catalog\/CHiC\/CANAAN-Charcoal\/CANAAN-charcoal-purifying-face-wash-tube.jpg","type":"image\/jpeg"}],"twitter_card":"summary_large_image","twitter_misc":{"\u041f\u0440\u0438\u043c\u0435\u0440\u043d\u043e\u0435 \u0432\u0440\u0435\u043c\u044f \u0434\u043b\u044f \u0447\u0442\u0435\u043d\u0438\u044f":"1 \u043c\u0438\u043d\u0443\u0442\u0430"},"schema":{"@context":"https:\/\/schema.org","@graph":[{"@type":"WebPage","@id":"https:\/\/women.lv\/product\/attiross-sejas-mazgasanas-lidzeklis-ar-aktivo-ogli-100-ml\/","url":"https:\/\/women.lv\/product\/attiross-sejas-mazgasanas-lidzeklis-ar-aktivo-ogli-100-ml\/","name":"\u041e\u0447\u0438\u0449\u0430\u044e\u0449\u0438\u0439 \u043f\u0435\u043d\u043a\u0430 \u0434\u043b\u044f \u043b\u0438\u0446\u0430 \u0441 \u0430\u043a\u0442\u0438\u0432\u0438\u0440\u043e\u0432\u0430\u043d\u043d\u044b\u043c \u0443\u0433\u043b\u0435\u043c, 100 \u043c\u043b.","isPartOf":{"@id":"https:\/\/women.lv\/#website"},"primaryImageOfPage":{"@id":"https:\/\/women.lv\/product\/attiross-sejas-mazgasanas-lidzeklis-ar-aktivo-ogli-100-ml\/#primaryimage"},"image":{"@id":"https:\/\/women.lv\/product\/attiross-sejas-mazgasanas-lidzeklis-ar-aktivo-ogli-100-ml\/#primaryimage"},"thumbnailUrl":"https:\/\/women.lv\/wp-content\/uploads\/nc\/catalog\/CHiC\/CANAAN-Charcoal\/CANAAN-charcoal-purifying-face-wash-tube.jpg","datePublished":"2020-10-15T13:33:35+00:00","dateModified":"2025-11-05T13:26:14+00:00","description":"Padariet \u0101du elast\u012bgu. Maiga un att\u012bro\u0161a sejas mazg\u0101\u0161ana ar kokogli saturo\u0161u l\u012bdzekli, r\u016bp\u012bgi att\u012bra \u0101du, vienlaikus aizsarg\u0101jot t\u0101s dabisko mitruma barjeru. Bag\u0101tin\u0101ts ar vitam\u012bniem un miner\u0101lviel\u0101m gludai \u0101dai un dab\u012bgai sejas kr\u0101sai.","breadcrumb":{"@id":"https:\/\/women.lv\/product\/attiross-sejas-mazgasanas-lidzeklis-ar-aktivo-ogli-100-ml\/#breadcrumb"},"inLanguage":"ru-RU","potentialAction":[{"@type":"ReadAction","target":["https:\/\/women.lv\/product\/attiross-sejas-mazgasanas-lidzeklis-ar-aktivo-ogli-100-ml\/"]}]},{"@type":"ImageObject","inLanguage":"ru-RU","@id":"https:\/\/women.lv\/product\/attiross-sejas-mazgasanas-lidzeklis-ar-aktivo-ogli-100-ml\/#primaryimage","url":"https:\/\/women.lv\/wp-content\/uploads\/nc\/catalog\/CHiC\/CANAAN-Charcoal\/CANAAN-charcoal-purifying-face-wash-tube.jpg","contentUrl":"https:\/\/women.lv\/wp-content\/uploads\/nc\/catalog\/CHiC\/CANAAN-Charcoal\/CANAAN-charcoal-purifying-face-wash-tube.jpg","width":800,"height":800,"caption":"Att\u012bro\u0161s sejas mazg\u0101\u0161anas l\u012bdzeklis ar akt\u012bvo ogli, 100 ml"},{"@type":"BreadcrumbList","@id":"https:\/\/women.lv\/product\/attiross-sejas-mazgasanas-lidzeklis-ar-aktivo-ogli-100-ml\/#breadcrumb","itemListElement":[{"@type":"ListItem","position":1,"name":"Home","item":"https:\/\/women.lv\/"},{"@type":"ListItem","position":2,"name":"Products","item":"https:\/\/women.lv\/en\/shop\/"},{"@type":"ListItem","position":3,"name":"Att\u012bro\u0161s sejas mazg\u0101\u0161anas l\u012bdzeklis ar akt\u012bvo ogli, 100 ml"}]},{"@type":"WebSite","@id":"https:\/\/women.lv\/#website","url":"https:\/\/women.lv\/","name":"\u041c\u0430\u0433\u0430\u0437\u0438\u043d Women","description":"Uzdr\u012bksties b\u016bt skaista","potentialAction":[{"@type":"SearchAction","target":{"@type":"EntryPoint","urlTemplate":"https:\/\/women.lv\/?s={search_term_string}"},"query-input":{"@type":"PropertyValueSpecification","valueRequired":true,"valueName":"search_term_string"}}],"inLanguage":"ru-RU"}]}},"_links":{"self":[{"href":"https:\/\/women.lv\/ru\/wp-json\/wp\/v2\/product\/28691","targetHints":{"allow":["GET"]}}],"collection":[{"href":"https:\/\/women.lv\/ru\/wp-json\/wp\/v2\/product"}],"about":[{"href":"https:\/\/women.lv\/ru\/wp-json\/wp\/v2\/types\/product"}],"replies":[{"embeddable":true,"href":"https:\/\/women.lv\/ru\/wp-json\/wp\/v2\/comments?post=28691"}],"version-history":[{"count":0,"href":"https:\/\/women.lv\/ru\/wp-json\/wp\/v2\/product\/28691\/revisions"}],"wp:featuredmedia":[{"embeddable":true,"href":"https:\/\/women.lv\/ru\/wp-json\/wp\/v2\/media\/28692"}],"wp:attachment":[{"href":"https:\/\/women.lv\/ru\/wp-json\/wp\/v2\/media?parent=28691"}],"wp:term":[{"taxonomy":"product_brand","embeddable":true,"href":"https:\/\/women.lv\/ru\/wp-json\/wp\/v2\/product_brand?post=28691"},{"taxonomy":"product_cat","embeddable":true,"href":"https:\/\/women.lv\/ru\/wp-json\/wp\/v2\/product_cat?post=28691"},{"taxonomy":"product_tag","embeddable":true,"href":"https:\/\/women.lv\/ru\/wp-json\/wp\/v2\/product_tag?post=28691"}],"curies":[{"name":"wp","href":"https:\/\/api.w.org\/{rel}","templated":true}]}}