{"id":28610,"date":"2020-08-10T14:03:37","date_gmt":"2020-08-10T14:03:37","guid":{"rendered":"https:\/\/women.lv\/?product=atjaunojoss-roku-krems"},"modified":"2025-11-05T13:26:10","modified_gmt":"2025-11-05T13:26:10","slug":"sea-of-spa-atjaunojoss-roku-krems","status":"publish","type":"product","link":"https:\/\/women.lv\/ru\/product\/sea-of-spa-atjaunojoss-roku-krems\/","title":{"rendered":"\u0420\u0435\u0433\u0435\u043d\u0435\u0440\u0438\u0440\u0443\u044e\u0449\u0438\u0439 \u043a\u0440\u0435\u043c \u0434\u043b\u044f \u0440\u0443\u043a"},"content":{"rendered":"<p><span style=\"font-family: Helvetica;\"><span style=\"font-size: 18px;\"><b>\u041a\u0440\u0435\u043c \u0434\u043b\u044f \u0440\u0443\u043a - \u043e\u0431\u043e\u0433\u0430\u0449\u0435\u043d \u043c\u0430\u0441\u043b\u043e\u043c \u0430\u0432\u043e\u043a\u0430\u0434\u043e \u0438 \u0430\u043b\u043e\u044d.<\/b><\/p>\n<p>Unik\u0101ls, barojo\u0161s un mitrino\u0161s roku kr\u0113ms. Satur\u00a0 avokado e\u013c\u013cu, N\u0101ves j\u016bras miner\u0101lus un vitam\u012bnus.<\/span><\/span><\/p>\n<p><span style=\"font-family: Helvetica;\">\u00a0<\/span><\/p>\n<p><span style=\"font-family: Helvetica;\"><span style=\"font-size: 18px;\"><b>\u041e\u0441\u043d\u043e\u0432\u043d\u044b\u0435 \u0438\u043d\u0433\u0440\u0435\u0434\u0438\u0435\u043d\u0442\u044b:<\/b><\/span><\/span><\/p>\n<ul>\n<li><span style=\"font-family: Helvetica;\"><span style=\"font-size: 18px;\">DUNALIELLA ALGA, \u0435\u0434\u0438\u043d\u0441\u0442\u0432\u0435\u043d\u043d\u0430\u044f \u0432\u043e\u0434\u043e\u0440\u043e\u0441\u043b\u044c, \u043e\u0431\u0438\u0442\u0430\u044e\u0449\u0430\u044f \u0432 \u0433\u043b\u0443\u0431\u0438\u043d\u0430\u0445 \u041c\u0435\u0440\u0442\u0432\u043e\u0433\u043e \u043c\u043e\u0440\u044f, \u043d\u0430\u0441\u044b\u0449\u0435\u043d\u0430 \u0432\u0430\u0436\u043d\u044b\u043c\u0438 \u043c\u0438\u043d\u0435\u0440\u0430\u043b\u0430\u043c\u0438. \u042d\u043a\u0441\u0442\u0440\u0430\u043a\u0442 \u0432\u043e\u0434\u043e\u0440\u043e\u0441\u043b\u0435\u0439 \u0432 \u0441\u043e\u0447\u0435\u0442\u0430\u043d\u0438\u0438 \u0441 \u0434\u0440\u0443\u0433\u0438\u043c \u0441\u044b\u0440\u044c\u0435\u043c \u0441\u043f\u043e\u0441\u043e\u0431\u0441\u0442\u0432\u0443\u0435\u0442 \u0437\u0430\u043c\u0435\u0434\u043b\u0435\u043d\u0438\u044e \u0441\u0442\u0430\u0440\u0435\u043d\u0438\u044f \u043a\u043e\u0436\u0438 \u0438 \u043e\u0447\u0438\u0449\u0430\u0435\u0442 \u0435\u0435 \u043e\u0442 \u0441\u0432\u043e\u0431\u043e\u0434\u043d\u044b\u0445 \u0440\u0430\u0434\u0438\u043a\u0430\u043b\u043e\u0432.<\/span><\/span><\/li>\n<li><span style=\"font-family: Helvetica;\"><span style=\"font-size: 18px;\">\u041e\u0411\u041b\u0415\u041f\u0418\u0425\u041e\u0412\u041e\u0415 \u041c\u0410\u0421\u041b\u041e \u043e\u0431\u0435\u0441\u043f\u0435\u0447\u0438\u0432\u0430\u0435\u0442 \u0438\u043d\u0442\u0435\u043d\u0441\u0438\u0432\u043d\u043e\u0435 \u043f\u0438\u0442\u0430\u043d\u0438\u0435, \u043a\u043e\u0442\u043e\u0440\u043e\u0435 \u0434\u043e\u0441\u0442\u0438\u0433\u0430\u0435\u0442\u0441\u044f \u0432\u0438\u0442\u0430\u043c\u0438\u043d\u0430\u043c\u0438 \u0410, \u0421 \u0438 \u0415. \u041c\u043e\u0449\u043d\u044b\u0439 \u0430\u043d\u0442\u0438\u043e\u043a\u0441\u0438\u0434\u0430\u043d\u0442, \u043e\u0431\u043b\u0430\u0434\u0430\u044e\u0449\u0438\u0439 \u043f\u0440\u043e\u0442\u0438\u0432\u043e\u0432\u043e\u0441\u043f\u0430\u043b\u0438\u0442\u0435\u043b\u044c\u043d\u044b\u043c\u0438 \u0441\u0432\u043e\u0439\u0441\u0442\u0432\u0430\u043c\u0438, \u0432\u043e\u0441\u0441\u0442\u0430\u043d\u0430\u0432\u043b\u0438\u0432\u0430\u0435\u0442 \u0438 \u0440\u0435\u0430\u043d\u0438\u043c\u0438\u0440\u0443\u0435\u0442 \u043f\u043e\u0432\u0440\u0435\u0436\u0434\u0435\u043d\u043d\u0443\u044e \u043a\u043e\u0436\u0443.<\/span><\/span><\/li>\n<li><span style=\"font-family: Helvetica; font-size: 18px;\">\u041e\u041b\u0418\u0412\u041a\u041e\u0412\u041e\u0415<\/span><span style=\"font-family: Helvetica;\"><span style=\"font-size: 18px;\">\u041c\u0410\u0421\u041b\u041e \u0431\u043e\u0433\u0430\u0442\u043e \u0432\u0438\u0442\u0430\u043c\u0438\u043d\u0430\u043c\u0438 \u0410, D \u0438 \u041a, \u043a\u043e\u0442\u043e\u0440\u044b\u0435 \u0437\u0430\u0449\u0438\u0449\u0430\u044e\u0442 \u043a\u043b\u0435\u0442\u043a\u0438 \u043a\u043e\u0436\u0438 \u043e\u0442 \u0441\u0442\u0430\u0440\u0435\u043d\u0438\u044f \u0438 \u043e\u043a\u0438\u0441\u043b\u0435\u043d\u0438\u044f. \u042d\u0442\u043e \u043c\u0430\u0441\u043b\u043e \u044d\u0444\u0444\u0435\u043a\u0442\u0438\u0432\u043d\u043e \u043f\u0440\u0438 \u043b\u0435\u0447\u0435\u043d\u0438\u0438 \u0441\u0443\u0445\u043e\u0439, \u043e\u043c\u0435\u0440\u0442\u0432\u0435\u0432\u0448\u0435\u0439 \u043a\u043e\u0436\u0438 \u0438 \u043f\u0440\u0438\u0434\u0430\u0435\u0442 \u0435\u0439 \u043d\u043e\u0432\u044b\u0439, \u044d\u043b\u0430\u0441\u0442\u0438\u0447\u043d\u044b\u0439 \u0438 \u0441\u0438\u044f\u044e\u0449\u0438\u0439 \u0432\u0438\u0434.<\/span><\/span><\/li>\n<li><span style=\"font-family: Helvetica;\"><span style=\"font-size: 18px;\">\u041c\u041e\u0420\u041a\u041e\u0412\u041d\u041e\u0415 \u041c\u0410\u0421\u041b\u041e, \u0431\u043e\u0433\u0430\u0442\u043e\u0435 \u0432\u0438\u0442\u0430\u043c\u0438\u043d\u0430\u043c\u0438 B, C, D, E \u0438 K. \u0412\u043e\u0441\u0441\u0442\u0430\u043d\u0430\u0432\u043b\u0438\u0432\u0430\u0435\u0442 \u043e\u0431\u0440\u0430\u0437\u043e\u0432\u0430\u043d\u0438\u0435 \u043d\u043e\u0432\u044b\u0445 \u0442\u043a\u0430\u043d\u0435\u0439 \u0438 \u043a\u043b\u0435\u0442\u043e\u043a. \u041e\u0441\u043e\u0431\u0435\u043d\u043d\u043e \u043f\u043e\u043b\u0435\u0437\u0435\u043d \u0434\u043b\u044f \u0443\u0445\u043e\u0434\u0430 \u0437\u0430 \u0441\u0443\u0445\u043e\u0439, \u0431\u0435\u0437\u0436\u0438\u0437\u043d\u0435\u043d\u043d\u043e\u0439 \u043a\u043e\u0436\u0435\u0439.<\/span><\/span><\/li>\n<li><span style=\"font-family: Helvetica;\"><span style=\"font-size: 18px;\">\u041c\u0410\u0421\u041b\u041e \u041f\u0428\u0415\u041d\u0418\u0426\u042b, \u0431\u043e\u0433\u0430\u0442\u043e\u0435 \u0432\u0438\u0442\u0430\u043c\u0438\u043d\u043e\u043c \u0415, \u043a\u043e\u0442\u043e\u0440\u044b\u0439 \u0437\u0430\u043c\u0435\u0434\u043b\u044f\u0435\u0442 \u043f\u0440\u043e\u0446\u0435\u0441\u0441 \u0441\u0442\u0430\u0440\u0435\u043d\u0438\u044f \u043a\u043e\u0436\u0438, \u0440\u0430\u0437\u0433\u043b\u0430\u0436\u0438\u0432\u0430\u0435\u0442 \u0435\u0435 \u0438 \u0441\u043f\u043e\u0441\u043e\u0431\u0441\u0442\u0432\u0443\u0435\u0442 \u043f\u043e\u0432\u044b\u0448\u0435\u043d\u0438\u044e \u044d\u043b\u0430\u0441\u0442\u0438\u0447\u043d\u043e\u0441\u0442\u0438.<\/span><\/span><\/li>\n<li><span style=\"font-family: Helvetica;\"><span style=\"font-size: 18px;\">\u041c\u0410\u0421\u041b\u041e \u0410\u0412\u041e\u041a\u0410\u0414\u041e, \u0431\u043e\u0433\u0430\u0442\u043e\u0435 \u0432\u0438\u0442\u0430\u043c\u0438\u043d\u043e\u043c \u0415 \u0438 \u043e\u043b\u0435\u0438\u043d\u043e\u0432\u043e\u0439 \u043a\u0438\u0441\u043b\u043e\u0442\u043e\u0439. \u041e\u043d\u043e \u043b\u0435\u0433\u0447\u0435 \u0432\u043f\u0438\u0442\u044b\u0432\u0430\u0435\u0442\u0441\u044f \u0432 \u043a\u043e\u0436\u0443, \u0447\u0435\u043c \u0431\u043e\u043b\u044c\u0448\u0438\u043d\u0441\u0442\u0432\u043e \u043c\u0430\u0441\u0435\u043b, \u0430 \u0435\u0433\u043e \u0441\u0430\u043c\u043e\u0435 \u0432\u044b\u0434\u0430\u044e\u0449\u0435\u0435\u0441\u044f \u0441\u0432\u043e\u0439\u0441\u0442\u0432\u043e \u2014 \u0441\u043c\u044f\u0433\u0447\u0435\u043d\u0438\u0435 \u043e\u0433\u0440\u0443\u0431\u0435\u0432\u0448\u0435\u0439, \u0441\u0443\u0445\u043e\u0439 \u043a\u043e\u0436\u0438.<\/span><\/span><\/li>\n<li><span style=\"font-family: Helvetica;\"><span style=\"font-size: 18px;\">\u0410\u041b\u041e\u042d \u0412\u0415\u0420\u0410 \u043f\u0440\u043e\u0442\u0438\u0432\u043e\u0432\u043e\u0441\u043f\u0430\u043b\u0438\u0442\u0435\u043b\u044c\u043d\u043e\u0435, \u0430\u043d\u0442\u0438\u0431\u0430\u043a\u0442\u0435\u0440\u0438\u0430\u043b\u044c\u043d\u043e\u0435 \u0441\u0440\u0435\u0434\u0441\u0442\u0432\u043e. \u0421\u043e\u0434\u0435\u0440\u0436\u0438\u0442 \u043c\u043d\u043e\u0433\u043e \u0432\u0438\u0442\u0430\u043c\u0438\u043d\u043e\u0432, \u043c\u0438\u043d\u0435\u0440\u0430\u043b\u043e\u0432, \u0430\u043c\u0438\u043d\u043e\u043a\u0438\u0441\u043b\u043e\u0442, \u0444\u0435\u0440\u043c\u0435\u043d\u0442\u043e\u0432. \u041e\u0447\u0435\u043d\u044c \u0432\u0430\u0436\u0435\u043d \u0434\u043b\u044f \u043e\u0431\u043d\u043e\u0432\u043b\u0435\u043d\u0438\u044f \u043a\u043b\u0435\u0442\u043e\u043a \u0438 \u043f\u043e\u0434\u0434\u0435\u0440\u0436\u0430\u043d\u0438\u044f \u0432\u043b\u0430\u0436\u043d\u043e\u0441\u0442\u0438 \u0438 \u044d\u043b\u0430\u0441\u0442\u0438\u0447\u043d\u043e\u0441\u0442\u0438 \u043a\u043e\u0436\u0438.<\/span><\/span><\/li>\n<li><span style=\"font-family: Helvetica;\"><span style=\"font-size: 18px;\">\u0413\u0420\u0410\u041d\u0410\u0422 \u0431\u043e\u0433\u0430\u0442 \u0432\u0438\u0442\u0430\u043c\u0438\u043d\u0430\u043c\u0438 B5, C, E \u0438 K. \u041e\u043d \u043e\u0431\u043b\u0430\u0434\u0430\u0435\u0442 \u043e\u0447\u0435\u043d\u044c \u0432\u044b\u0441\u043e\u043a\u0438\u043c\u0438 \u0430\u043d\u0442\u0438\u043e\u043a\u0441\u0438\u0434\u0430\u043d\u0442\u043d\u044b\u043c\u0438 \u0441\u0432\u043e\u0439\u0441\u0442\u0432\u0430\u043c\u0438, \u043a\u043e\u0442\u043e\u0440\u044b\u0435 \u043f\u0440\u0435\u0434\u043e\u0442\u0432\u0440\u0430\u0449\u0430\u044e\u0442 \u043e\u0431\u0440\u0430\u0437\u043e\u0432\u0430\u043d\u0438\u0435 \u0441\u0432\u043e\u0431\u043e\u0434\u043d\u044b\u0445 \u0440\u0430\u0434\u0438\u043a\u0430\u043b\u043e\u0432. \u041f\u0440\u0438\u0434\u0430\u0435\u0442 \u043a\u043e\u0436\u0435 \u0431\u043b\u0435\u0441\u043a \u0438 \u0441\u0432\u0435\u0436\u0438\u0439 \u0432\u0438\u0434.<\/span><\/span><\/li>\n<li><span style=\"font-family: Helvetica;\"><span style=\"font-size: 18px;\">\u0428\u042d\u0410 \u0443\u0432\u043b\u0430\u0436\u043d\u044f\u0435\u0442 \u043a\u043e\u0436\u0443 \u043d\u0430 \u043e\u0447\u0435\u043d\u044c \u0434\u043b\u0438\u0442\u0435\u043b\u044c\u043d\u043e\u0435 \u0432\u0440\u0435\u043c\u044f, \u043d\u0435 \u043e\u0441\u0442\u0430\u0432\u043b\u044f\u044f \u043e\u0449\u0443\u0449\u0435\u043d\u0438\u044f \u0436\u0438\u0440\u043d\u043e\u0441\u0442\u0438. \u041f\u0440\u0438\u0434\u0430\u0435\u0442 \u044d\u043b\u0430\u0441\u0442\u0438\u0447\u043d\u043e\u0441\u0442\u044c \u0438 \u043c\u044f\u0433\u043a\u043e\u0441\u0442\u044c \u043a\u043e\u0436\u0435, \u0441\u043f\u043e\u0441\u043e\u0431\u0441\u0442\u0432\u0443\u0435\u0442 \u0432\u043e\u0441\u0441\u0442\u0430\u043d\u043e\u0432\u043b\u0435\u043d\u0438\u044e \u043f\u043e\u0432\u0440\u0435\u0436\u0434\u0435\u043d\u043d\u044b\u0445 \u0442\u043a\u0430\u043d\u0435\u0439.<\/span><\/span><\/li>\n<li><span style=\"font-family: Helvetica;\"><span style=\"font-size: 18px;\">\u0421\u0435\u0440\u0438\u044f Bio Spa \u043f\u0440\u0435\u0434\u0441\u0442\u0430\u0432\u043b\u044f\u0435\u0442 \u0441\u043e\u0431\u043e\u0439 \u043f\u0440\u0435\u0432\u043e\u0441\u0445\u043e\u0434\u043d\u043e\u0435 \u0440\u0435\u0448\u0435\u043d\u0438\u0435 \u0434\u043b\u044f \u0443\u0445\u043e\u0434\u0430 \u0437\u0430 \u043a\u043e\u0436\u0435\u0439 \u0438 \u0442\u0435\u043b\u043e\u043c \u043b\u0438\u0446\u0430 \u0432 \u0442\u0435\u0447\u0435\u043d\u0438\u0435 \u0434\u043b\u0438\u0442\u0435\u043b\u044c\u043d\u043e\u0433\u043e \u043f\u0435\u0440\u0438\u043e\u0434\u0430 \u0432\u0440\u0435\u043c\u0435\u043d\u0438.<\/span><\/span><\/li>\n<\/ul>","protected":false},"excerpt":{"rendered":"<p>\u041a\u0440\u0435\u043c \u0434\u043b\u044f \u0440\u0443\u043a - \u043e\u0431\u043e\u0433\u0430\u0449\u0435\u043d \u043c\u0430\u0441\u043b\u043e\u043c \u0430\u0432\u043e\u043a\u0430\u0434\u043e \u0438 \u0430\u043b\u043e\u044d \u0432\u0435\u0440\u0430. \u0423\u043d\u0438\u043a\u0430\u043b\u044c\u043d\u044b\u0439 \u043f\u0438\u0442\u0430\u0442\u0435\u043b\u044c\u043d\u044b\u0439 \u0438 \u0443\u0432\u043b\u0430\u0436\u043d\u044f\u044e\u0449\u0438\u0439 \u043a\u0440\u0435\u043c \u0434\u043b\u044f \u0440\u0443\u043a. \u0421\u043e\u0434\u0435\u0440\u0436\u0438\u0442 \u043c\u0430\u0441\u043b\u043e \u0430\u0432\u043e\u043a\u0430\u0434\u043e, \u041c\u0435\u0440\u0442\u0432\u043e\u0435 \u043c\u043e\u0440\u0435.<\/p>","protected":false},"featured_media":28611,"comment_status":"open","ping_status":"closed","template":"","meta":[],"product_brand":[],"product_cat":[2208,2231,2221,2215],"product_tag":[3133,3137,3129,3132,3136,2244,2243,3131,2933,3134,3135,3130,2245],"class_list":{"0":"post-28610","1":"product","2":"type-product","3":"status-publish","4":"has-post-thumbnail","6":"product_cat-kermena-kopsanas-lidzekii","7":"product_cat-lv-on-sale","8":"product_cat-roku-krems","9":"product_cat-visi-produkti","10":"product_tag-aloe-vera","11":"product_tag-alveja","12":"product_tag-atjaunojoss-roku-krems","13":"product_tag-avocado-oil","14":"product_tag-avokado-ella","15":"product_tag-israel","16":"product_tag-izraela","17":"product_tag-repairing-hand-cream","18":"product_tag-sea-of-spa","19":"product_tag-3134","20":"product_tag-3135","21":"product_tag-3130","22":"product_tag-2245","23":"pa_brand_nc-sea-of-spa","24":"pa_ean_nc-11570a","26":"first","27":"outofstock","28":"sale","29":"taxable","30":"shipping-taxable","31":"purchasable","32":"product-type-simple"},"yoast_head":"<!-- This site is optimized with the Yoast SEO plugin v27.4 - https:\/\/yoast.com\/product\/yoast-seo-wordpress\/ -->\n<title>Atjaunojo\u0161s roku kr\u0113ms<\/title>\n<meta name=\"description\" content=\"Unik\u0101ls, barojo\u0161s un mitrino\u0161s roku kr\u0113ms. Satur avokado e\u013c\u013cu, N\u0101ves j\u016bras miner\u0101lus un vitam\u012bnus.\" \/>\n<meta name=\"robots\" content=\"index, follow, max-snippet:-1, max-image-preview:large, max-video-preview:-1\" \/>\n<link rel=\"canonical\" href=\"https:\/\/women.lv\/ru\/product\/sea-of-spa-atjaunojoss-roku-krems\/\" \/>\n<meta property=\"og:locale\" content=\"ru_RU\" \/>\n<meta property=\"og:type\" content=\"article\" \/>\n<meta property=\"og:title\" content=\"Atjaunojo\u0161s roku kr\u0113ms\" \/>\n<meta property=\"og:description\" content=\"Unik\u0101ls, barojo\u0161s un mitrino\u0161s roku kr\u0113ms. Satur avokado e\u013c\u013cu, N\u0101ves j\u016bras miner\u0101lus un vitam\u012bnus.\" \/>\n<meta property=\"og:url\" content=\"https:\/\/women.lv\/ru\/product\/sea-of-spa-atjaunojoss-roku-krems\/\" \/>\n<meta property=\"og:site_name\" content=\"Women Veikals\" \/>\n<meta property=\"article:modified_time\" content=\"2025-11-05T13:26:10+00:00\" \/>\n<meta property=\"og:image\" content=\"https:\/\/women.lv\/wp-content\/uploads\/nc\/catalog\/SOS-Sea-of-Spa\/BIO-SPA\/bio-spa-hand-cream-100-ml-tube.jpg\" \/>\n\t<meta property=\"og:image:width\" content=\"1000\" \/>\n\t<meta property=\"og:image:height\" content=\"1000\" \/>\n\t<meta property=\"og:image:type\" content=\"image\/jpeg\" \/>\n<meta name=\"twitter:card\" content=\"summary_large_image\" \/>\n<meta name=\"twitter:label1\" content=\"\u041f\u0440\u0438\u043c\u0435\u0440\u043d\u043e\u0435 \u0432\u0440\u0435\u043c\u044f \u0434\u043b\u044f \u0447\u0442\u0435\u043d\u0438\u044f\" \/>\n\t<meta name=\"twitter:data1\" content=\"2 \u043c\u0438\u043d\u0443\u0442\u044b\" \/>\n<script type=\"application\/ld+json\" class=\"yoast-schema-graph\">{\"@context\":\"https:\\\/\\\/schema.org\",\"@graph\":[{\"@type\":\"WebPage\",\"@id\":\"https:\\\/\\\/women.lv\\\/product\\\/sea-of-spa-atjaunojoss-roku-krems\\\/\",\"url\":\"https:\\\/\\\/women.lv\\\/product\\\/sea-of-spa-atjaunojoss-roku-krems\\\/\",\"name\":\"Atjaunojo\u0161s roku kr\u0113ms\",\"isPartOf\":{\"@id\":\"https:\\\/\\\/women.lv\\\/#website\"},\"primaryImageOfPage\":{\"@id\":\"https:\\\/\\\/women.lv\\\/product\\\/sea-of-spa-atjaunojoss-roku-krems\\\/#primaryimage\"},\"image\":{\"@id\":\"https:\\\/\\\/women.lv\\\/product\\\/sea-of-spa-atjaunojoss-roku-krems\\\/#primaryimage\"},\"thumbnailUrl\":\"https:\\\/\\\/women.lv\\\/wp-content\\\/uploads\\\/nc\\\/catalog\\\/SOS-Sea-of-Spa\\\/BIO-SPA\\\/bio-spa-hand-cream-100-ml-tube.jpg\",\"datePublished\":\"2020-08-10T14:03:37+00:00\",\"dateModified\":\"2025-11-05T13:26:10+00:00\",\"description\":\"Unik\u0101ls, barojo\u0161s un mitrino\u0161s roku kr\u0113ms. Satur avokado e\u013c\u013cu, N\u0101ves j\u016bras miner\u0101lus un vitam\u012bnus.\",\"breadcrumb\":{\"@id\":\"https:\\\/\\\/women.lv\\\/product\\\/sea-of-spa-atjaunojoss-roku-krems\\\/#breadcrumb\"},\"inLanguage\":\"ru-RU\",\"potentialAction\":[{\"@type\":\"ReadAction\",\"target\":[\"https:\\\/\\\/women.lv\\\/product\\\/sea-of-spa-atjaunojoss-roku-krems\\\/\"]}]},{\"@type\":\"ImageObject\",\"inLanguage\":\"ru-RU\",\"@id\":\"https:\\\/\\\/women.lv\\\/product\\\/sea-of-spa-atjaunojoss-roku-krems\\\/#primaryimage\",\"url\":\"https:\\\/\\\/women.lv\\\/wp-content\\\/uploads\\\/nc\\\/catalog\\\/SOS-Sea-of-Spa\\\/BIO-SPA\\\/bio-spa-hand-cream-100-ml-tube.jpg\",\"contentUrl\":\"https:\\\/\\\/women.lv\\\/wp-content\\\/uploads\\\/nc\\\/catalog\\\/SOS-Sea-of-Spa\\\/BIO-SPA\\\/bio-spa-hand-cream-100-ml-tube.jpg\",\"width\":1000,\"height\":1000,\"caption\":\"Atjaunojo\u0161s roku kr\u0113ms\"},{\"@type\":\"BreadcrumbList\",\"@id\":\"https:\\\/\\\/women.lv\\\/product\\\/sea-of-spa-atjaunojoss-roku-krems\\\/#breadcrumb\",\"itemListElement\":[{\"@type\":\"ListItem\",\"position\":1,\"name\":\"Home\",\"item\":\"https:\\\/\\\/women.lv\\\/\"},{\"@type\":\"ListItem\",\"position\":2,\"name\":\"Products\",\"item\":\"https:\\\/\\\/women.lv\\\/en\\\/shop\\\/\"},{\"@type\":\"ListItem\",\"position\":3,\"name\":\"Atjaunojo\u0161s roku kr\u0113ms\"}]},{\"@type\":\"WebSite\",\"@id\":\"https:\\\/\\\/women.lv\\\/#website\",\"url\":\"https:\\\/\\\/women.lv\\\/\",\"name\":\"Women Veikals\",\"description\":\"Uzdr\u012bksties b\u016bt skaista\",\"potentialAction\":[{\"@type\":\"SearchAction\",\"target\":{\"@type\":\"EntryPoint\",\"urlTemplate\":\"https:\\\/\\\/women.lv\\\/?s={search_term_string}\"},\"query-input\":{\"@type\":\"PropertyValueSpecification\",\"valueRequired\":true,\"valueName\":\"search_term_string\"}}],\"inLanguage\":\"ru-RU\"}]}<\/script>\n<!-- \/ Yoast SEO plugin. -->","yoast_head_json":{"title":"\u0420\u0435\u0433\u0435\u043d\u0435\u0440\u0438\u0440\u0443\u044e\u0449\u0438\u0439 \u043a\u0440\u0435\u043c \u0434\u043b\u044f \u0440\u0443\u043a","description":"Unik\u0101ls, barojo\u0161s un mitrino\u0161s roku kr\u0113ms. Satur avokado e\u013c\u013cu, N\u0101ves j\u016bras miner\u0101lus un vitam\u012bnus.","robots":{"index":"index","follow":"follow","max-snippet":"max-snippet:-1","max-image-preview":"max-image-preview:large","max-video-preview":"max-video-preview:-1"},"canonical":"https:\/\/women.lv\/ru\/product\/sea-of-spa-atjaunojoss-roku-krems\/","og_locale":"ru_RU","og_type":"article","og_title":"Atjaunojo\u0161s roku kr\u0113ms","og_description":"Unik\u0101ls, barojo\u0161s un mitrino\u0161s roku kr\u0113ms. Satur avokado e\u013c\u013cu, N\u0101ves j\u016bras miner\u0101lus un vitam\u012bnus.","og_url":"https:\/\/women.lv\/ru\/product\/sea-of-spa-atjaunojoss-roku-krems\/","og_site_name":"Women Veikals","article_modified_time":"2025-11-05T13:26:10+00:00","og_image":[{"width":1000,"height":1000,"url":"https:\/\/women.lv\/wp-content\/uploads\/nc\/catalog\/SOS-Sea-of-Spa\/BIO-SPA\/bio-spa-hand-cream-100-ml-tube.jpg","type":"image\/jpeg"}],"twitter_card":"summary_large_image","twitter_misc":{"\u041f\u0440\u0438\u043c\u0435\u0440\u043d\u043e\u0435 \u0432\u0440\u0435\u043c\u044f \u0434\u043b\u044f \u0447\u0442\u0435\u043d\u0438\u044f":"2 \u043c\u0438\u043d\u0443\u0442\u044b"},"schema":{"@context":"https:\/\/schema.org","@graph":[{"@type":"WebPage","@id":"https:\/\/women.lv\/product\/sea-of-spa-atjaunojoss-roku-krems\/","url":"https:\/\/women.lv\/product\/sea-of-spa-atjaunojoss-roku-krems\/","name":"\u0420\u0435\u0433\u0435\u043d\u0435\u0440\u0438\u0440\u0443\u044e\u0449\u0438\u0439 \u043a\u0440\u0435\u043c \u0434\u043b\u044f \u0440\u0443\u043a","isPartOf":{"@id":"https:\/\/women.lv\/#website"},"primaryImageOfPage":{"@id":"https:\/\/women.lv\/product\/sea-of-spa-atjaunojoss-roku-krems\/#primaryimage"},"image":{"@id":"https:\/\/women.lv\/product\/sea-of-spa-atjaunojoss-roku-krems\/#primaryimage"},"thumbnailUrl":"https:\/\/women.lv\/wp-content\/uploads\/nc\/catalog\/SOS-Sea-of-Spa\/BIO-SPA\/bio-spa-hand-cream-100-ml-tube.jpg","datePublished":"2020-08-10T14:03:37+00:00","dateModified":"2025-11-05T13:26:10+00:00","description":"Unik\u0101ls, barojo\u0161s un mitrino\u0161s roku kr\u0113ms. Satur avokado e\u013c\u013cu, N\u0101ves j\u016bras miner\u0101lus un vitam\u012bnus.","breadcrumb":{"@id":"https:\/\/women.lv\/product\/sea-of-spa-atjaunojoss-roku-krems\/#breadcrumb"},"inLanguage":"ru-RU","potentialAction":[{"@type":"ReadAction","target":["https:\/\/women.lv\/product\/sea-of-spa-atjaunojoss-roku-krems\/"]}]},{"@type":"ImageObject","inLanguage":"ru-RU","@id":"https:\/\/women.lv\/product\/sea-of-spa-atjaunojoss-roku-krems\/#primaryimage","url":"https:\/\/women.lv\/wp-content\/uploads\/nc\/catalog\/SOS-Sea-of-Spa\/BIO-SPA\/bio-spa-hand-cream-100-ml-tube.jpg","contentUrl":"https:\/\/women.lv\/wp-content\/uploads\/nc\/catalog\/SOS-Sea-of-Spa\/BIO-SPA\/bio-spa-hand-cream-100-ml-tube.jpg","width":1000,"height":1000,"caption":"Atjaunojo\u0161s roku kr\u0113ms"},{"@type":"BreadcrumbList","@id":"https:\/\/women.lv\/product\/sea-of-spa-atjaunojoss-roku-krems\/#breadcrumb","itemListElement":[{"@type":"ListItem","position":1,"name":"Home","item":"https:\/\/women.lv\/"},{"@type":"ListItem","position":2,"name":"Products","item":"https:\/\/women.lv\/en\/shop\/"},{"@type":"ListItem","position":3,"name":"Atjaunojo\u0161s roku kr\u0113ms"}]},{"@type":"WebSite","@id":"https:\/\/women.lv\/#website","url":"https:\/\/women.lv\/","name":"\u041c\u0430\u0433\u0430\u0437\u0438\u043d Women","description":"Uzdr\u012bksties b\u016bt skaista","potentialAction":[{"@type":"SearchAction","target":{"@type":"EntryPoint","urlTemplate":"https:\/\/women.lv\/?s={search_term_string}"},"query-input":{"@type":"PropertyValueSpecification","valueRequired":true,"valueName":"search_term_string"}}],"inLanguage":"ru-RU"}]}},"_links":{"self":[{"href":"https:\/\/women.lv\/ru\/wp-json\/wp\/v2\/product\/28610","targetHints":{"allow":["GET"]}}],"collection":[{"href":"https:\/\/women.lv\/ru\/wp-json\/wp\/v2\/product"}],"about":[{"href":"https:\/\/women.lv\/ru\/wp-json\/wp\/v2\/types\/product"}],"replies":[{"embeddable":true,"href":"https:\/\/women.lv\/ru\/wp-json\/wp\/v2\/comments?post=28610"}],"version-history":[{"count":0,"href":"https:\/\/women.lv\/ru\/wp-json\/wp\/v2\/product\/28610\/revisions"}],"wp:featuredmedia":[{"embeddable":true,"href":"https:\/\/women.lv\/ru\/wp-json\/wp\/v2\/media\/28611"}],"wp:attachment":[{"href":"https:\/\/women.lv\/ru\/wp-json\/wp\/v2\/media?parent=28610"}],"wp:term":[{"taxonomy":"product_brand","embeddable":true,"href":"https:\/\/women.lv\/ru\/wp-json\/wp\/v2\/product_brand?post=28610"},{"taxonomy":"product_cat","embeddable":true,"href":"https:\/\/women.lv\/ru\/wp-json\/wp\/v2\/product_cat?post=28610"},{"taxonomy":"product_tag","embeddable":true,"href":"https:\/\/women.lv\/ru\/wp-json\/wp\/v2\/product_tag?post=28610"}],"curies":[{"name":"wp","href":"https:\/\/api.w.org\/{rel}","templated":true}]}}