{"id":28544,"date":"2020-07-29T11:31:45","date_gmt":"2020-07-29T11:31:45","guid":{"rendered":"https:\/\/women.lv\/?product=sejas-toniks-taukainai-un-kombinetai-adai"},"modified":"2025-11-05T13:26:06","modified_gmt":"2025-11-05T13:26:06","slug":"canaan-minerals-and-herbs-sejas-toniks-taukainai-adai","status":"publish","type":"product","link":"https:\/\/women.lv\/ru\/product\/canaan-minerals-and-herbs-sejas-toniks-taukainai-adai\/","title":{"rendered":"\u0422\u043e\u043d\u0438\u043a \u0434\u043b\u044f \u043b\u0438\u0446\u0430 \u0434\u043b\u044f \u0436\u0438\u0440\u043d\u043e\u0439 \u0438 \u043a\u043e\u043c\u0431\u0438\u043d\u0438\u0440\u043e\u0432\u0430\u043d\u043d\u043e\u0439 \u043a\u043e\u0436\u0438."},"content":{"rendered":"<p><span style=\"font-family: Helvetica;\"><span style=\"font-size: 18px;\">Sejas toniks taukainai un kombin\u0113tai \u0101dai, ko ra\u017eo Canaan Dead Sea, ir lieliski piem\u0113rots taukainas sejas \u0101das t\u012br\u012b\u0161anai. Tas ir bag\u0101tin\u0101ts ar Canaan \u012bpa\u0161o CSE Complex \u2122 un pateicoties \u0161im kompleksam garant\u0113, ka atsvaidzin\u0101s j\u016bsu \u0101du, nomazg\u0101jot e\u013c\u013cu un piemais\u012bjumus, padarot j\u016bsu \u0101du maigu. Tas ir izveidots t\u0101, lai tas b\u016btu \u013coti efekt\u012bvs, tom\u0113r tas neizjauc j\u016bsu \u0101das dabisko mitrumu vai PH l\u012bdzsvaru.<\/span><\/span><\/p>","protected":false},"excerpt":{"rendered":"<p>\u0422\u043e\u043d\u0438\u043a \u0434\u043b\u044f \u043b\u0438\u0446\u0430 \u0434\u043b\u044f \u0436\u0438\u0440\u043d\u043e\u0439 \u0438 \u043a\u043e\u043c\u0431\u0438\u043d\u0438\u0440\u043e\u0432\u0430\u043d\u043d\u043e\u0439 \u043a\u043e\u0436\u0438 \u043e\u0442 Canaan Dead Sea \u0438\u0434\u0435\u0430\u043b\u044c\u043d\u043e \u043f\u043e\u0434\u0445\u043e\u0434\u0438\u0442 \u0434\u043b\u044f \u043e\u0447\u0438\u0449\u0435\u043d\u0438\u044f \u0436\u0438\u0440\u043d\u043e\u0439 \u043a\u043e\u0436\u0438 \u043b\u0438\u0446\u0430. \u042d\u0442\u043e<\/p>","protected":false},"featured_media":28545,"comment_status":"open","ping_status":"closed","template":"","meta":[],"product_brand":[],"product_cat":[2211,2200,2215],"product_tag":[2891,2995,3006,2244,2243,3004,2245,3005],"class_list":{"0":"post-28544","1":"product","2":"type-product","3":"status-publish","4":"has-post-thumbnail","6":"product_cat-mazgasanas-un-attirisanas-produkti","7":"product_cat-sejas-kopsanas-lidzekli","8":"product_cat-visi-produkti","9":"product_tag-canaan","10":"product_tag-canaan-mineralsampherbs","11":"product_tag-facial-toner-for-oily-to-combination-skin","12":"product_tag-israel","13":"product_tag-izraela","14":"product_tag-sejas-toniks-taukainai-un-kombinetai-adai","15":"product_tag-2245","16":"product_tag-3005","17":"pa_brand_nc-canaan-mineralsampherbs","18":"pa_ean_nc-3973","20":"first","21":"instock","22":"sale","23":"taxable","24":"shipping-taxable","25":"purchasable","26":"product-type-simple"},"yoast_head":"<!-- This site is optimized with the Yoast SEO plugin v27.4 - https:\/\/yoast.com\/product\/yoast-seo-wordpress\/ -->\n<title>Sejas toniks taukainai un kombin\u0113tai \u0101dai<\/title>\n<meta name=\"description\" content=\"Sejas toniks taukainai un kombin\u0113tai \u0101dai, ko ra\u017eo Canaan Dead Sea, ir lieliski piem\u0113rots taukainas sejas \u0101das t\u012br\u012b\u0161anai.\" \/>\n<meta name=\"robots\" content=\"index, follow, max-snippet:-1, max-image-preview:large, max-video-preview:-1\" \/>\n<link rel=\"canonical\" href=\"https:\/\/women.lv\/ru\/product\/canaan-minerals-and-herbs-sejas-toniks-taukainai-adai\/\" \/>\n<meta property=\"og:locale\" content=\"ru_RU\" \/>\n<meta property=\"og:type\" content=\"article\" \/>\n<meta property=\"og:title\" content=\"Sejas toniks taukainai un kombin\u0113tai \u0101dai\" \/>\n<meta property=\"og:description\" content=\"Sejas toniks taukainai un kombin\u0113tai \u0101dai, ko ra\u017eo Canaan Dead Sea, ir lieliski piem\u0113rots taukainas sejas \u0101das t\u012br\u012b\u0161anai.\" \/>\n<meta property=\"og:url\" content=\"https:\/\/women.lv\/ru\/product\/canaan-minerals-and-herbs-sejas-toniks-taukainai-adai\/\" \/>\n<meta property=\"og:site_name\" content=\"Women Veikals\" \/>\n<meta property=\"article:modified_time\" content=\"2025-11-05T13:26:06+00:00\" \/>\n<meta property=\"og:image\" content=\"https:\/\/women.lv\/wp-content\/uploads\/nc\/catalog\/CHiC\/CANAAN-Mineral-Herbs\/canaan-toning-water-oily-mixed-skin.jpg\" \/>\n\t<meta property=\"og:image:width\" content=\"1000\" \/>\n\t<meta property=\"og:image:height\" content=\"1000\" \/>\n\t<meta property=\"og:image:type\" content=\"image\/jpeg\" \/>\n<meta name=\"twitter:card\" content=\"summary_large_image\" \/>\n<script type=\"application\/ld+json\" class=\"yoast-schema-graph\">{\"@context\":\"https:\\\/\\\/schema.org\",\"@graph\":[{\"@type\":\"WebPage\",\"@id\":\"https:\\\/\\\/women.lv\\\/product\\\/canaan-minerals-and-herbs-sejas-toniks-taukainai-adai\\\/\",\"url\":\"https:\\\/\\\/women.lv\\\/product\\\/canaan-minerals-and-herbs-sejas-toniks-taukainai-adai\\\/\",\"name\":\"Sejas toniks taukainai un kombin\u0113tai \u0101dai\",\"isPartOf\":{\"@id\":\"https:\\\/\\\/women.lv\\\/#website\"},\"primaryImageOfPage\":{\"@id\":\"https:\\\/\\\/women.lv\\\/product\\\/canaan-minerals-and-herbs-sejas-toniks-taukainai-adai\\\/#primaryimage\"},\"image\":{\"@id\":\"https:\\\/\\\/women.lv\\\/product\\\/canaan-minerals-and-herbs-sejas-toniks-taukainai-adai\\\/#primaryimage\"},\"thumbnailUrl\":\"https:\\\/\\\/women.lv\\\/wp-content\\\/uploads\\\/nc\\\/catalog\\\/CHiC\\\/CANAAN-Mineral-Herbs\\\/canaan-toning-water-oily-mixed-skin.jpg\",\"datePublished\":\"2020-07-29T11:31:45+00:00\",\"dateModified\":\"2025-11-05T13:26:06+00:00\",\"description\":\"Sejas toniks taukainai un kombin\u0113tai \u0101dai, ko ra\u017eo Canaan Dead Sea, ir lieliski piem\u0113rots taukainas sejas \u0101das t\u012br\u012b\u0161anai.\",\"breadcrumb\":{\"@id\":\"https:\\\/\\\/women.lv\\\/product\\\/canaan-minerals-and-herbs-sejas-toniks-taukainai-adai\\\/#breadcrumb\"},\"inLanguage\":\"ru-RU\",\"potentialAction\":[{\"@type\":\"ReadAction\",\"target\":[\"https:\\\/\\\/women.lv\\\/product\\\/canaan-minerals-and-herbs-sejas-toniks-taukainai-adai\\\/\"]}]},{\"@type\":\"ImageObject\",\"inLanguage\":\"ru-RU\",\"@id\":\"https:\\\/\\\/women.lv\\\/product\\\/canaan-minerals-and-herbs-sejas-toniks-taukainai-adai\\\/#primaryimage\",\"url\":\"https:\\\/\\\/women.lv\\\/wp-content\\\/uploads\\\/nc\\\/catalog\\\/CHiC\\\/CANAAN-Mineral-Herbs\\\/canaan-toning-water-oily-mixed-skin.jpg\",\"contentUrl\":\"https:\\\/\\\/women.lv\\\/wp-content\\\/uploads\\\/nc\\\/catalog\\\/CHiC\\\/CANAAN-Mineral-Herbs\\\/canaan-toning-water-oily-mixed-skin.jpg\",\"width\":1000,\"height\":1000,\"caption\":\"Sejas toniks taukainai un kombin\u0113tai \u0101dai\"},{\"@type\":\"BreadcrumbList\",\"@id\":\"https:\\\/\\\/women.lv\\\/product\\\/canaan-minerals-and-herbs-sejas-toniks-taukainai-adai\\\/#breadcrumb\",\"itemListElement\":[{\"@type\":\"ListItem\",\"position\":1,\"name\":\"Home\",\"item\":\"https:\\\/\\\/women.lv\\\/\"},{\"@type\":\"ListItem\",\"position\":2,\"name\":\"Products\",\"item\":\"https:\\\/\\\/women.lv\\\/en\\\/shop\\\/\"},{\"@type\":\"ListItem\",\"position\":3,\"name\":\"Sejas toniks taukainai un kombin\u0113tai \u0101dai\"}]},{\"@type\":\"WebSite\",\"@id\":\"https:\\\/\\\/women.lv\\\/#website\",\"url\":\"https:\\\/\\\/women.lv\\\/\",\"name\":\"Women Veikals\",\"description\":\"Uzdr\u012bksties b\u016bt skaista\",\"potentialAction\":[{\"@type\":\"SearchAction\",\"target\":{\"@type\":\"EntryPoint\",\"urlTemplate\":\"https:\\\/\\\/women.lv\\\/?s={search_term_string}\"},\"query-input\":{\"@type\":\"PropertyValueSpecification\",\"valueRequired\":true,\"valueName\":\"search_term_string\"}}],\"inLanguage\":\"ru-RU\"}]}<\/script>\n<!-- \/ Yoast SEO plugin. -->","yoast_head_json":{"title":"\u0422\u043e\u043d\u0438\u043a \u0434\u043b\u044f \u043b\u0438\u0446\u0430 \u0434\u043b\u044f \u0436\u0438\u0440\u043d\u043e\u0439 \u0438 \u043a\u043e\u043c\u0431\u0438\u043d\u0438\u0440\u043e\u0432\u0430\u043d\u043d\u043e\u0439 \u043a\u043e\u0436\u0438.","description":"Sejas toniks taukainai un kombin\u0113tai \u0101dai, ko ra\u017eo Canaan Dead Sea, ir lieliski piem\u0113rots taukainas sejas \u0101das t\u012br\u012b\u0161anai.","robots":{"index":"index","follow":"follow","max-snippet":"max-snippet:-1","max-image-preview":"max-image-preview:large","max-video-preview":"max-video-preview:-1"},"canonical":"https:\/\/women.lv\/ru\/product\/canaan-minerals-and-herbs-sejas-toniks-taukainai-adai\/","og_locale":"ru_RU","og_type":"article","og_title":"Sejas toniks taukainai un kombin\u0113tai \u0101dai","og_description":"Sejas toniks taukainai un kombin\u0113tai \u0101dai, ko ra\u017eo Canaan Dead Sea, ir lieliski piem\u0113rots taukainas sejas \u0101das t\u012br\u012b\u0161anai.","og_url":"https:\/\/women.lv\/ru\/product\/canaan-minerals-and-herbs-sejas-toniks-taukainai-adai\/","og_site_name":"Women Veikals","article_modified_time":"2025-11-05T13:26:06+00:00","og_image":[{"width":1000,"height":1000,"url":"https:\/\/women.lv\/wp-content\/uploads\/nc\/catalog\/CHiC\/CANAAN-Mineral-Herbs\/canaan-toning-water-oily-mixed-skin.jpg","type":"image\/jpeg"}],"twitter_card":"summary_large_image","schema":{"@context":"https:\/\/schema.org","@graph":[{"@type":"WebPage","@id":"https:\/\/women.lv\/product\/canaan-minerals-and-herbs-sejas-toniks-taukainai-adai\/","url":"https:\/\/women.lv\/product\/canaan-minerals-and-herbs-sejas-toniks-taukainai-adai\/","name":"\u0422\u043e\u043d\u0438\u043a \u0434\u043b\u044f \u043b\u0438\u0446\u0430 \u0434\u043b\u044f \u0436\u0438\u0440\u043d\u043e\u0439 \u0438 \u043a\u043e\u043c\u0431\u0438\u043d\u0438\u0440\u043e\u0432\u0430\u043d\u043d\u043e\u0439 \u043a\u043e\u0436\u0438.","isPartOf":{"@id":"https:\/\/women.lv\/#website"},"primaryImageOfPage":{"@id":"https:\/\/women.lv\/product\/canaan-minerals-and-herbs-sejas-toniks-taukainai-adai\/#primaryimage"},"image":{"@id":"https:\/\/women.lv\/product\/canaan-minerals-and-herbs-sejas-toniks-taukainai-adai\/#primaryimage"},"thumbnailUrl":"https:\/\/women.lv\/wp-content\/uploads\/nc\/catalog\/CHiC\/CANAAN-Mineral-Herbs\/canaan-toning-water-oily-mixed-skin.jpg","datePublished":"2020-07-29T11:31:45+00:00","dateModified":"2025-11-05T13:26:06+00:00","description":"Sejas toniks taukainai un kombin\u0113tai \u0101dai, ko ra\u017eo Canaan Dead Sea, ir lieliski piem\u0113rots taukainas sejas \u0101das t\u012br\u012b\u0161anai.","breadcrumb":{"@id":"https:\/\/women.lv\/product\/canaan-minerals-and-herbs-sejas-toniks-taukainai-adai\/#breadcrumb"},"inLanguage":"ru-RU","potentialAction":[{"@type":"ReadAction","target":["https:\/\/women.lv\/product\/canaan-minerals-and-herbs-sejas-toniks-taukainai-adai\/"]}]},{"@type":"ImageObject","inLanguage":"ru-RU","@id":"https:\/\/women.lv\/product\/canaan-minerals-and-herbs-sejas-toniks-taukainai-adai\/#primaryimage","url":"https:\/\/women.lv\/wp-content\/uploads\/nc\/catalog\/CHiC\/CANAAN-Mineral-Herbs\/canaan-toning-water-oily-mixed-skin.jpg","contentUrl":"https:\/\/women.lv\/wp-content\/uploads\/nc\/catalog\/CHiC\/CANAAN-Mineral-Herbs\/canaan-toning-water-oily-mixed-skin.jpg","width":1000,"height":1000,"caption":"Sejas toniks taukainai un kombin\u0113tai \u0101dai"},{"@type":"BreadcrumbList","@id":"https:\/\/women.lv\/product\/canaan-minerals-and-herbs-sejas-toniks-taukainai-adai\/#breadcrumb","itemListElement":[{"@type":"ListItem","position":1,"name":"Home","item":"https:\/\/women.lv\/"},{"@type":"ListItem","position":2,"name":"Products","item":"https:\/\/women.lv\/en\/shop\/"},{"@type":"ListItem","position":3,"name":"Sejas toniks taukainai un kombin\u0113tai \u0101dai"}]},{"@type":"WebSite","@id":"https:\/\/women.lv\/#website","url":"https:\/\/women.lv\/","name":"\u041c\u0430\u0433\u0430\u0437\u0438\u043d Women","description":"Uzdr\u012bksties b\u016bt skaista","potentialAction":[{"@type":"SearchAction","target":{"@type":"EntryPoint","urlTemplate":"https:\/\/women.lv\/?s={search_term_string}"},"query-input":{"@type":"PropertyValueSpecification","valueRequired":true,"valueName":"search_term_string"}}],"inLanguage":"ru-RU"}]}},"_links":{"self":[{"href":"https:\/\/women.lv\/ru\/wp-json\/wp\/v2\/product\/28544","targetHints":{"allow":["GET"]}}],"collection":[{"href":"https:\/\/women.lv\/ru\/wp-json\/wp\/v2\/product"}],"about":[{"href":"https:\/\/women.lv\/ru\/wp-json\/wp\/v2\/types\/product"}],"replies":[{"embeddable":true,"href":"https:\/\/women.lv\/ru\/wp-json\/wp\/v2\/comments?post=28544"}],"version-history":[{"count":0,"href":"https:\/\/women.lv\/ru\/wp-json\/wp\/v2\/product\/28544\/revisions"}],"wp:featuredmedia":[{"embeddable":true,"href":"https:\/\/women.lv\/ru\/wp-json\/wp\/v2\/media\/28545"}],"wp:attachment":[{"href":"https:\/\/women.lv\/ru\/wp-json\/wp\/v2\/media?parent=28544"}],"wp:term":[{"taxonomy":"product_brand","embeddable":true,"href":"https:\/\/women.lv\/ru\/wp-json\/wp\/v2\/product_brand?post=28544"},{"taxonomy":"product_cat","embeddable":true,"href":"https:\/\/women.lv\/ru\/wp-json\/wp\/v2\/product_cat?post=28544"},{"taxonomy":"product_tag","embeddable":true,"href":"https:\/\/women.lv\/ru\/wp-json\/wp\/v2\/product_tag?post=28544"}],"curies":[{"name":"wp","href":"https:\/\/api.w.org\/{rel}","templated":true}]}}