{"id":28505,"date":"2020-07-24T12:36:22","date_gmt":"2020-07-24T12:36:22","guid":{"rendered":"https:\/\/women.lv\/?product=kermena-pilinga-zeleja"},"modified":"2025-12-06T18:41:16","modified_gmt":"2025-12-06T16:41:16","slug":"canaan-organic-kermena-pilinga-zeleja","status":"publish","type":"product","link":"https:\/\/women.lv\/ru\/product\/canaan-organic-kermena-pilinga-zeleja\/","title":{"rendered":"\u041f\u0438\u043b\u0438\u043d\u0433-\u0433\u0435\u043b\u044c \u0434\u043b\u044f \u0442\u0435\u043b\u0430"},"content":{"rendered":"<p><span style=\"font-family: Helvetica;\"><span style=\"font-size: 18px;\">\u041f\u043e\u0431\u0430\u043b\u0443\u0439\u0442\u0435 \u0441\u0432\u043e\u0435 \u0442\u0435\u043b\u043e \u0431\u043e\u0434\u0440\u044f\u0449\u0435\u0439 \u043f\u0440\u043e\u0446\u0435\u0434\u0443\u0440\u043e\u0439. \u0415\u0433\u043e \u043d\u0435\u0436\u043d\u043e\u0435, \u0435\u0441\u0442\u0435\u0441\u0442\u0432\u0435\u043d\u043d\u043e\u0435 \u043e\u0442\u0448\u0435\u043b\u0443\u0448\u0438\u0432\u0430\u044e\u0449\u0435\u0435 \u0434\u0435\u0439\u0441\u0442\u0432\u0438\u0435 \u043f\u043e\u043c\u043e\u0433\u0430\u0435\u0442 \u0443\u0434\u0430\u043b\u0438\u0442\u044c \u043e\u043c\u0435\u0440\u0442\u0432\u0435\u0432\u0448\u0438\u0435 \u043a\u043b\u0435\u0442\u043a\u0438 \u043a\u043e\u0436\u0438 \u0438 \u0441\u043f\u043e\u0441\u043e\u0431\u0441\u0442\u0432\u0443\u0435\u0442 \u0440\u043e\u0441\u0442\u0443 \u043d\u043e\u0432\u044b\u0445 \u043a\u043b\u0435\u0442\u043e\u043a \u0431\u0435\u0437 \u0440\u0430\u0437\u0434\u0440\u0430\u0436\u0435\u043d\u0438\u044f. \u0421\u043e\u0437\u0434\u0430\u043d\u043d\u044b\u0439 \u0432 \u0432\u0438\u0434\u0435 \u043e\u0440\u0433\u0430\u043d\u0438\u0447\u0435\u0441\u043a\u043e\u0433\u043e \u043e\u0442\u0448\u0435\u043b\u0443\u0448\u0438\u0432\u0430\u044e\u0449\u0435\u0433\u043e \u0441\u0440\u0435\u0434\u0441\u0442\u0432\u0430, \u043e\u043d \u0441\u043e\u0434\u0435\u0440\u0436\u0438\u0442 \u043f\u043e\u0440\u043e\u0448\u043e\u043a \u0430\u0431\u0440\u0438\u043a\u043e\u0441\u043e\u0432\u044b\u0445 \u043a\u043e\u0441\u0442\u043e\u0447\u0435\u043a, \u043a\u043e\u0442\u043e\u0440\u044b\u0439 \u043e\u0447\u0435\u043d\u044c \u044d\u0444\u0444\u0435\u043a\u0442\u0438\u0432\u043d\u043e \u0440\u0430\u0437\u0433\u043b\u0430\u0436\u0438\u0432\u0430\u0435\u0442 \u043d\u0435\u0440\u043e\u0432\u043d\u0443\u044e \u0442\u0435\u043a\u0441\u0442\u0443\u0440\u0443 \u043a\u043e\u0436\u0438 \u0438 \u0441\u0442\u0438\u043c\u0443\u043b\u0438\u0440\u0443\u0435\u0442 \u044d\u043f\u0438\u0434\u0435\u0440\u043c\u0438\u0441. \u041e\u043d \u043e\u0441\u043d\u043e\u0432\u0430\u043d \u043d\u0430 \u043d\u0430\u0448\u0435\u043c \u0443\u043d\u0438\u043a\u0430\u043b\u044c\u043d\u043e\u043c \u043a\u043e\u043c\u043f\u043b\u0435\u043a\u0441\u0435, \u0432\u043a\u043b\u044e\u0447\u0430\u044e\u0449\u0435\u043c \u043e\u0440\u0433\u0430\u043d\u0438\u0447\u0435\u0441\u043a\u043e\u0435 \u043e\u043b\u0438\u0432\u043a\u043e\u0432\u043e\u0435 \u043c\u0430\u0441\u043b\u043e, \u043c\u0430\u0441\u043b\u043e \u043e\u0440\u0435\u0445\u0430 \u043c\u0430\u043a\u0430\u0434\u0430\u043c\u0438\u0438 \u0438 \u043c\u0430\u0441\u043b\u043e \u0436\u043e\u0436\u043e\u0431\u0430, \u043a\u043e\u0442\u043e\u0440\u044b\u0435 \u0437\u0430\u0449\u0438\u0449\u0430\u044e\u0442 \u043a\u043e\u0436\u0443 \u0438 \u0431\u043e\u0440\u044e\u0442\u0441\u044f \u0441 \u0432\u043e\u0441\u043f\u0430\u043b\u0435\u043d\u0438\u044f\u043c\u0438, \u0434\u0435\u043b\u0430\u044f \u0435\u0435 \u0431\u043e\u043b\u0435\u0435 \u0443\u043f\u0440\u0443\u0433\u043e\u0439 \u0438 \u044d\u043b\u0430\u0441\u0442\u0438\u0447\u043d\u043e\u0439. \u0415\u0436\u0435\u0434\u043d\u0435\u0432\u043d\u043e\u0435 \u0438\u0441\u043f\u043e\u043b\u044c\u0437\u043e\u0432\u0430\u043d\u0438\u0435 \u043f\u043e\u0434\u0430\u0440\u0438\u0442 \u0432\u0430\u043c \u043e\u0449\u0443\u0449\u0435\u043d\u0438\u0435 \u043e\u043c\u043e\u043b\u043e\u0436\u0435\u043d\u0438\u044f \u0438 \u0431\u043e\u0434\u0440\u043e\u0441\u0442\u0438.<\/span><\/span><\/p>\n<ul>\n<li><span style=\"font-family: Helvetica;\"><span style=\"font-size: 18px;\">\u041e\u0440\u0433\u0430\u043d\u0438\u0447\u0435\u0441\u043a\u0430\u044f \u043a\u043e\u0441\u043c\u0435\u0442\u0438\u043a\u0430 \u0441\u0435\u0440\u0442\u0438\u0444\u0438\u0446\u0438\u0440\u043e\u0432\u0430\u043d\u0430 ECOCERT.<\/span><\/span><\/li>\n<li><span style=\"font-family: Helvetica;\"><span style=\"font-size: 18px;\">99.70% \u0432\u0441\u0435\u0445 \u0438\u043d\u0433\u0440\u0435\u0434\u0438\u0435\u043d\u0442\u043e\u0432 \u043d\u0430\u0442\u0443\u0440\u0430\u043b\u044c\u043d\u043e\u0433\u043e \u043f\u0440\u043e\u0438\u0441\u0445\u043e\u0436\u0434\u0435\u043d\u0438\u044f.<\/span><\/span><\/li>\n<li><span style=\"font-family: Helvetica;\"><span style=\"font-size: 18px;\">46 001 TP3T \u0432\u0441\u0435\u0445 \u0438\u043d\u0433\u0440\u0435\u0434\u0438\u0435\u043d\u0442\u043e\u0432 \u043f\u043e\u043b\u0443\u0447\u0435\u043d\u044b \u0438\u0437 \u043e\u0440\u0433\u0430\u043d\u0438\u0447\u0435\u0441\u043a\u043e\u0433\u043e \u0437\u0435\u043c\u043b\u0435\u0434\u0435\u043b\u0438\u044f.<\/span><\/span><\/li>\n<li><span style=\"font-family: Helvetica;\"><span style=\"font-size: 18px;\">\u0427\u0438\u0441\u0442\u043e\u0435 \u043e\u0440\u0433\u0430\u043d\u0438\u0447\u0435\u0441\u043a\u043e\u0435 \u043e\u043b\u0438\u0432\u043a\u043e\u0432\u043e\u0435 \u043c\u0430\u0441\u043b\u043e, \u0436\u043e\u0436\u043e\u0431\u0430, \u043e\u0440\u0435\u0445\u0438 \u043c\u0430\u043a\u0430\u0434\u0430\u043c\u0438\u044f.<\/span><\/span><\/li>\n<li><span style=\"font-family: Helvetica;\"><span style=\"font-size: 18px;\">\u0421\u043e\u0434\u0435\u0440\u0436\u0438\u0442 \u043f\u043e\u0440\u043e\u0448\u043e\u043a \u043a\u043e\u0441\u0442\u043e\u0447\u0435\u043a \u0430\u0431\u0440\u0438\u043a\u043e\u0441\u0430.<\/span><\/span><\/li>\n<\/ul>\n<p><span style=\"font-family: Helvetica;\"><span style=\"font-size: 18px;\"><b><span style=\"font-size: 18px;\">\u0414\u0435\u0440\u043c\u0430\u0442\u043e\u043b\u043e\u0433\u0438\u0447\u0435\u0441\u043a\u0438 \u043f\u0440\u043e\u0442\u0435\u0441\u0442\u0438\u0440\u043e\u0432\u0430\u043d\u043e.<\/span><\/b><\/p>\n<p><span style=\"font-size: 18px;\">* \u0421\u043e\u0441\u0442\u0430\u0432 \u0438\u0437 \u043e\u0440\u0433\u0430\u043d\u0438\u0447\u0435\u0441\u043a\u043e\u0433\u043e \u0437\u0435\u043c\u043b\u0435\u0434\u0435\u043b\u0438\u044f.<\/span><\/span><\/span><\/p>","protected":false},"excerpt":{"rendered":"<p>\u041f\u043e\u0431\u0430\u043b\u0443\u0439\u0442\u0435 \u0441\u0432\u043e\u0435 \u0442\u0435\u043b\u043e \u0431\u043e\u0434\u0440\u044f\u0449\u0435\u0439 \u043f\u0440\u043e\u0446\u0435\u0434\u0443\u0440\u043e\u0439. \u0415\u0433\u043e \u043d\u0435\u0436\u043d\u043e\u0435, \u0435\u0441\u0442\u0435\u0441\u0442\u0432\u0435\u043d\u043d\u043e\u0435 \u043e\u0442\u0448\u0435\u043b\u0443\u0448\u0438\u0432\u0430\u044e\u0449\u0435\u0435 \u0434\u0435\u0439\u0441\u0442\u0432\u0438\u0435 \u043f\u043e\u043c\u043e\u0433\u0430\u0435\u0442 \u0443\u0434\u0430\u043b\u0438\u0442\u044c \u043e\u043c\u0435\u0440\u0442\u0432\u0435\u0432\u0448\u0438\u0435 \u043a\u043b\u0435\u0442\u043a\u0438 \u043a\u043e\u0436\u0438 \u0438 \u0441\u0442\u0438\u043c\u0443\u043b\u0438\u0440\u043e\u0432\u0430\u0442\u044c \u043f\u043e\u044f\u0432\u043b\u0435\u043d\u0438\u0435 \u043d\u043e\u0432\u044b\u0445.<\/p>","protected":false},"featured_media":28506,"comment_status":"open","ping_status":"closed","template":"","meta":[],"product_brand":[],"product_cat":[2208,2209,2231,2215],"product_tag":[2891,2921,2930,2244,2243,2928,2922,2927,2245,2929],"class_list":{"0":"post-28505","1":"product","2":"type-product","3":"status-publish","4":"has-post-thumbnail","6":"product_cat-kermena-kopsanas-lidzekii","7":"product_cat-mazgasana-un-attirisana","8":"product_cat-lv-on-sale","9":"product_cat-visi-produkti","10":"product_tag-canaan","11":"product_tag-canaan-organics","12":"product_tag-exfoliating-body-gel","13":"product_tag-israel","14":"product_tag-izraela","15":"product_tag-kermena-pilinga-zeleja","16":"product_tag-organic","17":"product_tag-organisks","18":"product_tag-2245","19":"product_tag-2929","20":"pa_brand_nc-canaan-organic","21":"pa_ean_nc-3955","23":"first","24":"instock","25":"sale","26":"taxable","27":"shipping-taxable","28":"purchasable","29":"product-type-simple"},"yoast_head":"<!-- This site is optimized with the Yoast SEO plugin v27.5 - https:\/\/yoast.com\/product\/yoast-seo-wordpress\/ -->\n<title>\u0136erme\u0146a p\u012blinga \u017eeleja<\/title>\n<meta name=\"description\" content=\"Palutiniet savu \u0137ermeni ar ener\u0123iju atjaunojo\u0161u proced\u016bru. T\u0101s maig\u0101, dab\u012bg\u0101 p\u012blinga darb\u012bba pal\u012bdz no\u0146emt atmiru\u0161\u0101s \u0101das \u0161\u016bnas un veicina jaunu \u0161\u016bnu veido\u0161anos bez kairino\u0161as iedarb\u012bbas.\" \/>\n<meta name=\"robots\" content=\"index, follow, max-snippet:-1, max-image-preview:large, max-video-preview:-1\" \/>\n<link rel=\"canonical\" href=\"https:\/\/women.lv\/ru\/product\/canaan-organic-kermena-pilinga-zeleja\/\" \/>\n<meta property=\"og:locale\" content=\"ru_RU\" \/>\n<meta property=\"og:type\" content=\"article\" \/>\n<meta property=\"og:title\" content=\"\u0136erme\u0146a p\u012blinga \u017eeleja\" \/>\n<meta property=\"og:description\" content=\"Palutiniet savu \u0137ermeni ar ener\u0123iju atjaunojo\u0161u proced\u016bru. T\u0101s maig\u0101, dab\u012bg\u0101 p\u012blinga darb\u012bba pal\u012bdz no\u0146emt atmiru\u0161\u0101s \u0101das \u0161\u016bnas un veicina jaunu \u0161\u016bnu veido\u0161anos bez kairino\u0161as iedarb\u012bbas.\" \/>\n<meta property=\"og:url\" content=\"https:\/\/women.lv\/ru\/product\/canaan-organic-kermena-pilinga-zeleja\/\" \/>\n<meta property=\"og:site_name\" content=\"Women Veikals\" \/>\n<meta property=\"article:modified_time\" content=\"2025-12-06T16:41:16+00:00\" \/>\n<meta property=\"og:image\" content=\"https:\/\/women.lv\/wp-content\/uploads\/nc\/catalog\/CHiC\/Canaan-Organic\/exfoliating-body-gel.PNG\" \/>\n\t<meta property=\"og:image:width\" content=\"526\" \/>\n\t<meta property=\"og:image:height\" content=\"726\" \/>\n\t<meta property=\"og:image:type\" content=\"image\/png\" \/>\n<meta name=\"twitter:card\" content=\"summary_large_image\" \/>\n<meta name=\"twitter:label1\" content=\"\u041f\u0440\u0438\u043c\u0435\u0440\u043d\u043e\u0435 \u0432\u0440\u0435\u043c\u044f \u0434\u043b\u044f \u0447\u0442\u0435\u043d\u0438\u044f\" \/>\n\t<meta name=\"twitter:data1\" content=\"1 \u043c\u0438\u043d\u0443\u0442\u0430\" \/>\n<script type=\"application\/ld+json\" class=\"yoast-schema-graph\">{\"@context\":\"https:\\\/\\\/schema.org\",\"@graph\":[{\"@type\":\"WebPage\",\"@id\":\"https:\\\/\\\/women.lv\\\/product\\\/canaan-organic-kermena-pilinga-zeleja\\\/\",\"url\":\"https:\\\/\\\/women.lv\\\/product\\\/canaan-organic-kermena-pilinga-zeleja\\\/\",\"name\":\"\u0136erme\u0146a p\u012blinga \u017eeleja\",\"isPartOf\":{\"@id\":\"https:\\\/\\\/women.lv\\\/#website\"},\"primaryImageOfPage\":{\"@id\":\"https:\\\/\\\/women.lv\\\/product\\\/canaan-organic-kermena-pilinga-zeleja\\\/#primaryimage\"},\"image\":{\"@id\":\"https:\\\/\\\/women.lv\\\/product\\\/canaan-organic-kermena-pilinga-zeleja\\\/#primaryimage\"},\"thumbnailUrl\":\"https:\\\/\\\/women.lv\\\/wp-content\\\/uploads\\\/nc\\\/catalog\\\/CHiC\\\/Canaan-Organic\\\/exfoliating-body-gel.PNG\",\"datePublished\":\"2020-07-24T12:36:22+00:00\",\"dateModified\":\"2025-12-06T16:41:16+00:00\",\"description\":\"Palutiniet savu \u0137ermeni ar ener\u0123iju atjaunojo\u0161u proced\u016bru. T\u0101s maig\u0101, dab\u012bg\u0101 p\u012blinga darb\u012bba pal\u012bdz no\u0146emt atmiru\u0161\u0101s \u0101das \u0161\u016bnas un veicina jaunu \u0161\u016bnu veido\u0161anos bez kairino\u0161as iedarb\u012bbas.\",\"breadcrumb\":{\"@id\":\"https:\\\/\\\/women.lv\\\/product\\\/canaan-organic-kermena-pilinga-zeleja\\\/#breadcrumb\"},\"inLanguage\":\"ru-RU\",\"potentialAction\":[{\"@type\":\"ReadAction\",\"target\":[\"https:\\\/\\\/women.lv\\\/product\\\/canaan-organic-kermena-pilinga-zeleja\\\/\"]}]},{\"@type\":\"ImageObject\",\"inLanguage\":\"ru-RU\",\"@id\":\"https:\\\/\\\/women.lv\\\/product\\\/canaan-organic-kermena-pilinga-zeleja\\\/#primaryimage\",\"url\":\"https:\\\/\\\/women.lv\\\/wp-content\\\/uploads\\\/nc\\\/catalog\\\/CHiC\\\/Canaan-Organic\\\/exfoliating-body-gel.PNG\",\"contentUrl\":\"https:\\\/\\\/women.lv\\\/wp-content\\\/uploads\\\/nc\\\/catalog\\\/CHiC\\\/Canaan-Organic\\\/exfoliating-body-gel.PNG\",\"width\":526,\"height\":726,\"caption\":\"\u0136erme\u0146a p\u012blinga \u017eeleja\"},{\"@type\":\"BreadcrumbList\",\"@id\":\"https:\\\/\\\/women.lv\\\/product\\\/canaan-organic-kermena-pilinga-zeleja\\\/#breadcrumb\",\"itemListElement\":[{\"@type\":\"ListItem\",\"position\":1,\"name\":\"Home\",\"item\":\"https:\\\/\\\/women.lv\\\/\"},{\"@type\":\"ListItem\",\"position\":2,\"name\":\"Products\",\"item\":\"https:\\\/\\\/women.lv\\\/en\\\/shop\\\/\"},{\"@type\":\"ListItem\",\"position\":3,\"name\":\"\u0136erme\u0146a p\u012blinga \u017eeleja\"}]},{\"@type\":\"WebSite\",\"@id\":\"https:\\\/\\\/women.lv\\\/#website\",\"url\":\"https:\\\/\\\/women.lv\\\/\",\"name\":\"Women Veikals\",\"description\":\"Uzdr\u012bksties b\u016bt skaista\",\"potentialAction\":[{\"@type\":\"SearchAction\",\"target\":{\"@type\":\"EntryPoint\",\"urlTemplate\":\"https:\\\/\\\/women.lv\\\/?s={search_term_string}\"},\"query-input\":{\"@type\":\"PropertyValueSpecification\",\"valueRequired\":true,\"valueName\":\"search_term_string\"}}],\"inLanguage\":\"ru-RU\"}]}<\/script>\n<!-- \/ Yoast SEO plugin. -->","yoast_head_json":{"title":"\u041f\u0438\u043b\u0438\u043d\u0433-\u0433\u0435\u043b\u044c \u0434\u043b\u044f \u0442\u0435\u043b\u0430","description":"Palutiniet savu \u0137ermeni ar ener\u0123iju atjaunojo\u0161u proced\u016bru. T\u0101s maig\u0101, dab\u012bg\u0101 p\u012blinga darb\u012bba pal\u012bdz no\u0146emt atmiru\u0161\u0101s \u0101das \u0161\u016bnas un veicina jaunu \u0161\u016bnu veido\u0161anos bez kairino\u0161as iedarb\u012bbas.","robots":{"index":"index","follow":"follow","max-snippet":"max-snippet:-1","max-image-preview":"max-image-preview:large","max-video-preview":"max-video-preview:-1"},"canonical":"https:\/\/women.lv\/ru\/product\/canaan-organic-kermena-pilinga-zeleja\/","og_locale":"ru_RU","og_type":"article","og_title":"\u0136erme\u0146a p\u012blinga \u017eeleja","og_description":"Palutiniet savu \u0137ermeni ar ener\u0123iju atjaunojo\u0161u proced\u016bru. T\u0101s maig\u0101, dab\u012bg\u0101 p\u012blinga darb\u012bba pal\u012bdz no\u0146emt atmiru\u0161\u0101s \u0101das \u0161\u016bnas un veicina jaunu \u0161\u016bnu veido\u0161anos bez kairino\u0161as iedarb\u012bbas.","og_url":"https:\/\/women.lv\/ru\/product\/canaan-organic-kermena-pilinga-zeleja\/","og_site_name":"Women Veikals","article_modified_time":"2025-12-06T16:41:16+00:00","og_image":[{"width":526,"height":726,"url":"https:\/\/women.lv\/wp-content\/uploads\/nc\/catalog\/CHiC\/Canaan-Organic\/exfoliating-body-gel.PNG","type":"image\/png"}],"twitter_card":"summary_large_image","twitter_misc":{"\u041f\u0440\u0438\u043c\u0435\u0440\u043d\u043e\u0435 \u0432\u0440\u0435\u043c\u044f \u0434\u043b\u044f \u0447\u0442\u0435\u043d\u0438\u044f":"1 \u043c\u0438\u043d\u0443\u0442\u0430"},"schema":{"@context":"https:\/\/schema.org","@graph":[{"@type":"WebPage","@id":"https:\/\/women.lv\/product\/canaan-organic-kermena-pilinga-zeleja\/","url":"https:\/\/women.lv\/product\/canaan-organic-kermena-pilinga-zeleja\/","name":"\u041f\u0438\u043b\u0438\u043d\u0433-\u0433\u0435\u043b\u044c \u0434\u043b\u044f \u0442\u0435\u043b\u0430","isPartOf":{"@id":"https:\/\/women.lv\/#website"},"primaryImageOfPage":{"@id":"https:\/\/women.lv\/product\/canaan-organic-kermena-pilinga-zeleja\/#primaryimage"},"image":{"@id":"https:\/\/women.lv\/product\/canaan-organic-kermena-pilinga-zeleja\/#primaryimage"},"thumbnailUrl":"https:\/\/women.lv\/wp-content\/uploads\/nc\/catalog\/CHiC\/Canaan-Organic\/exfoliating-body-gel.PNG","datePublished":"2020-07-24T12:36:22+00:00","dateModified":"2025-12-06T16:41:16+00:00","description":"Palutiniet savu \u0137ermeni ar ener\u0123iju atjaunojo\u0161u proced\u016bru. T\u0101s maig\u0101, dab\u012bg\u0101 p\u012blinga darb\u012bba pal\u012bdz no\u0146emt atmiru\u0161\u0101s \u0101das \u0161\u016bnas un veicina jaunu \u0161\u016bnu veido\u0161anos bez kairino\u0161as iedarb\u012bbas.","breadcrumb":{"@id":"https:\/\/women.lv\/product\/canaan-organic-kermena-pilinga-zeleja\/#breadcrumb"},"inLanguage":"ru-RU","potentialAction":[{"@type":"ReadAction","target":["https:\/\/women.lv\/product\/canaan-organic-kermena-pilinga-zeleja\/"]}]},{"@type":"ImageObject","inLanguage":"ru-RU","@id":"https:\/\/women.lv\/product\/canaan-organic-kermena-pilinga-zeleja\/#primaryimage","url":"https:\/\/women.lv\/wp-content\/uploads\/nc\/catalog\/CHiC\/Canaan-Organic\/exfoliating-body-gel.PNG","contentUrl":"https:\/\/women.lv\/wp-content\/uploads\/nc\/catalog\/CHiC\/Canaan-Organic\/exfoliating-body-gel.PNG","width":526,"height":726,"caption":"\u0136erme\u0146a p\u012blinga \u017eeleja"},{"@type":"BreadcrumbList","@id":"https:\/\/women.lv\/product\/canaan-organic-kermena-pilinga-zeleja\/#breadcrumb","itemListElement":[{"@type":"ListItem","position":1,"name":"Home","item":"https:\/\/women.lv\/"},{"@type":"ListItem","position":2,"name":"Products","item":"https:\/\/women.lv\/en\/shop\/"},{"@type":"ListItem","position":3,"name":"\u0136erme\u0146a p\u012blinga \u017eeleja"}]},{"@type":"WebSite","@id":"https:\/\/women.lv\/#website","url":"https:\/\/women.lv\/","name":"\u041c\u0430\u0433\u0430\u0437\u0438\u043d Women","description":"Uzdr\u012bksties b\u016bt skaista","potentialAction":[{"@type":"SearchAction","target":{"@type":"EntryPoint","urlTemplate":"https:\/\/women.lv\/?s={search_term_string}"},"query-input":{"@type":"PropertyValueSpecification","valueRequired":true,"valueName":"search_term_string"}}],"inLanguage":"ru-RU"}]}},"_links":{"self":[{"href":"https:\/\/women.lv\/ru\/wp-json\/wp\/v2\/product\/28505","targetHints":{"allow":["GET"]}}],"collection":[{"href":"https:\/\/women.lv\/ru\/wp-json\/wp\/v2\/product"}],"about":[{"href":"https:\/\/women.lv\/ru\/wp-json\/wp\/v2\/types\/product"}],"replies":[{"embeddable":true,"href":"https:\/\/women.lv\/ru\/wp-json\/wp\/v2\/comments?post=28505"}],"version-history":[{"count":0,"href":"https:\/\/women.lv\/ru\/wp-json\/wp\/v2\/product\/28505\/revisions"}],"wp:featuredmedia":[{"embeddable":true,"href":"https:\/\/women.lv\/ru\/wp-json\/wp\/v2\/media\/28506"}],"wp:attachment":[{"href":"https:\/\/women.lv\/ru\/wp-json\/wp\/v2\/media?parent=28505"}],"wp:term":[{"taxonomy":"product_brand","embeddable":true,"href":"https:\/\/women.lv\/ru\/wp-json\/wp\/v2\/product_brand?post=28505"},{"taxonomy":"product_cat","embeddable":true,"href":"https:\/\/women.lv\/ru\/wp-json\/wp\/v2\/product_cat?post=28505"},{"taxonomy":"product_tag","embeddable":true,"href":"https:\/\/women.lv\/ru\/wp-json\/wp\/v2\/product_tag?post=28505"}],"curies":[{"name":"wp","href":"https:\/\/api.w.org\/{rel}","templated":true}]}}