{"id":28476,"date":"2020-07-14T12:30:12","date_gmt":"2020-07-14T12:30:12","guid":{"rendered":"https:\/\/women.lv\/?product=testeris-matu-serumiem-10ml"},"modified":"2025-11-06T00:00:33","modified_gmt":"2025-11-06T00:00:33","slug":"testeris-10ml","status":"publish","type":"product","link":"https:\/\/women.lv\/ru\/product\/testeris-10ml\/","title":{"rendered":"\u0422\u0435\u0441\u0442\u0435\u0440 \u0441\u044b\u0432\u043e\u0440\u043e\u0442\u043e\u043a \u0434\u043b\u044f \u0432\u043e\u043b\u043e\u0441 10\u043c\u043b"},"content":{"rendered":"<p><font face=\"Helvetica\"><span style=\"font-size: 18px;\">\u0412\u044b \u0437\u0430\u0438\u043d\u0442\u0435\u0440\u0435\u0441\u043e\u0432\u0430\u043d\u044b \u0432 \u043f\u043e\u043a\u0443\u043f\u043a\u0435 \u0436\u0435\u043b\u0430\u0435\u043c\u043e\u0433\u043e \u043f\u0440\u043e\u0434\u0443\u043a\u0442\u0430, \u043d\u043e \u043d\u0435 \u0437\u043d\u0430\u0435\u0442\u0435, \u043f\u043e\u0434\u043e\u0439\u0434\u0435\u0442 \u043b\u0438 \u043e\u043d \u0432\u0430\u043c?&nbsp;<\/span><br style=\"font-size: 13.3333px;\"><span style=\"font-size: 18px;\">\u041f\u0440\u0435\u0434\u043b\u0430\u0433\u0430\u0435\u043c \u043a\u0443\u043f\u0438\u0442\u044c \u0442\u0435\u0441\u0442\u0435\u0440, \u0447\u0442\u043e\u0431\u044b \u0443\u0437\u043d\u0430\u0442\u044c, \u043f\u043e\u0434\u0445\u043e\u0434\u0438\u0442 \u043b\u0438 \u0432\u0430\u043c \u044d\u0442\u043e\u0442 \u0442\u043e\u0432\u0430\u0440!<\/span><\/font><\/p>\n<p><\/p>\n<p><span style=\"font-size: 18px;\"><font face=\"Helvetica\"><b>\u0418\u0441\u043f\u043e\u043b\u044c\u0437\u043e\u0432\u0430\u043d\u0438\u0435:<\/b> Testeris piem\u0113rots matu serumiem.<\/font><\/span><\/p>\n<p><span style=\"font-size: 13.3333px;\"><font face=\"Helvetica\"><span style=\"font-size: 18px;\"><b>\u041e\u0431\u044a\u0435\u043c:<\/b> 10 \u043c\u043b<\/span><br \/><\/font><\/span><\/p>\n<p><span style=\"font-size: 13.3333px;\"><font face=\"Helvetica\"><span style=\"font-size: 18px;\">Pas\u016btot<\/p>\n<p> \u0161o testeri koment\u0101r\u0101 ieraksti:&#8221; TESTERIS: (produkta nosaukums vai m\u016bsu <\/p>\n<p>m\u0101jas lapas saite uz t\u0101). &#8221;<br \/><\/span><br \/><\/font><\/span><b><font face=\"Helvetica\"><span style=\"font-size: 18px;\"><i>Pas\u016bti atbild\u012bgi un neaizmirsti ievad\u012bt koment\u0101ru!<\/i><\/span><\/font><\/b><\/p>","protected":false},"excerpt":{"rendered":"<p>\u0412\u044b \u0437\u0430\u0438\u043d\u0442\u0435\u0440\u0435\u0441\u043e\u0432\u0430\u043d\u044b \u0432 \u043f\u043e\u043a\u0443\u043f\u043a\u0435 \u0436\u0435\u043b\u0430\u0435\u043c\u043e\u0433\u043e \u043f\u0440\u043e\u0434\u0443\u043a\u0442\u0430, \u043d\u043e \u043d\u0435 \u0437\u043d\u0430\u0435\u0442\u0435, \u043f\u043e\u0434\u043e\u0439\u0434\u0435\u0442 \u043b\u0438 \u043e\u043d \u0432\u0430\u043c? \u041f\u0440\u0435\u0434\u043b\u0430\u0433\u0430\u0435\u043c \u043a\u0443\u043f\u0438\u0442\u044c \u0442\u0435\u0441\u0442\u0435\u0440, \u0447\u0442\u043e\u0431\u044b \u0443\u0437\u043d\u0430\u0442\u044c<\/p>","protected":false},"featured_media":28477,"comment_status":"open","ping_status":"closed","template":"","meta":[],"product_brand":[],"product_cat":[2215,2219],"product_tag":[2885,2883,2884],"class_list":{"0":"post-28476","1":"product","2":"type-product","3":"status-publish","4":"has-post-thumbnail","6":"product_cat-visi-produkti","7":"product_cat-testeri","8":"product_tag-tester","9":"product_tag-testeris","10":"product_tag-2884","12":"first","13":"instock","14":"taxable","15":"shipping-taxable","16":"purchasable","17":"product-type-simple"},"yoast_head":"<!-- This site is optimized with the Yoast SEO plugin v23.9 - https:\/\/yoast.com\/wordpress\/plugins\/seo\/ -->\n<title>Testeris 10ml<\/title>\n<meta name=\"description\" content=\"Interes\u0113 ieg\u0101d\u0101ties sev k\u0101roto produktu, bet nezin\u0101t vai Jums tie\u0161i \u0161is produkts ir piem\u0113rots un atbilsto\u0161s?  Pied\u0101v\u0101jam ieg\u0101d\u0101ties testeri, lai noskaidrotu, vai \u0161is produkts ir tas, ko J\u016bs v\u0113laties!\" \/>\n<meta name=\"robots\" content=\"index, follow, max-snippet:-1, max-image-preview:large, max-video-preview:-1\" \/>\n<link rel=\"canonical\" href=\"https:\/\/women.lv\/ru\/product\/testeris-10ml\/\" \/>\n<meta property=\"og:locale\" content=\"ru_RU\" \/>\n<meta property=\"og:type\" content=\"article\" \/>\n<meta property=\"og:title\" content=\"Testeris 10ml\" \/>\n<meta property=\"og:description\" content=\"Interes\u0113 ieg\u0101d\u0101ties sev k\u0101roto produktu, bet nezin\u0101t vai Jums tie\u0161i \u0161is produkts ir piem\u0113rots un atbilsto\u0161s?  Pied\u0101v\u0101jam ieg\u0101d\u0101ties testeri, lai noskaidrotu, vai \u0161is produkts ir tas, ko J\u016bs v\u0113laties!\" \/>\n<meta property=\"og:url\" content=\"https:\/\/women.lv\/ru\/product\/testeris-10ml\/\" \/>\n<meta property=\"og:site_name\" content=\"Women Veikals\" \/>\n<meta property=\"article:modified_time\" content=\"2025-11-06T00:00:33+00:00\" \/>\n<meta property=\"og:image\" content=\"https:\/\/women.lv\/wp-content\/uploads\/nc\/catalog\/TESTER\/testers_pip.png\" \/>\n\t<meta property=\"og:image:width\" content=\"1557\" \/>\n\t<meta property=\"og:image:height\" content=\"1600\" \/>\n\t<meta property=\"og:image:type\" content=\"image\/png\" \/>\n<meta name=\"twitter:card\" content=\"summary_large_image\" \/>\n<script type=\"application\/ld+json\" class=\"yoast-schema-graph\">{\"@context\":\"https:\/\/schema.org\",\"@graph\":[{\"@type\":\"WebPage\",\"@id\":\"https:\/\/women.lv\/product\/testeris-10ml\/\",\"url\":\"https:\/\/women.lv\/product\/testeris-10ml\/\",\"name\":\"Testeris 10ml\",\"isPartOf\":{\"@id\":\"https:\/\/women.lv\/#website\"},\"primaryImageOfPage\":{\"@id\":\"https:\/\/women.lv\/product\/testeris-10ml\/#primaryimage\"},\"image\":{\"@id\":\"https:\/\/women.lv\/product\/testeris-10ml\/#primaryimage\"},\"thumbnailUrl\":\"https:\/\/women.lv\/wp-content\/uploads\/nc\/catalog\/TESTER\/testers_pip.png\",\"datePublished\":\"2020-07-14T12:30:12+00:00\",\"dateModified\":\"2025-11-06T00:00:33+00:00\",\"description\":\"Interes\u0113 ieg\u0101d\u0101ties sev k\u0101roto produktu, bet nezin\u0101t vai Jums tie\u0161i \u0161is produkts ir piem\u0113rots un atbilsto\u0161s? Pied\u0101v\u0101jam ieg\u0101d\u0101ties testeri, lai noskaidrotu, vai \u0161is produkts ir tas, ko J\u016bs v\u0113laties!\",\"breadcrumb\":{\"@id\":\"https:\/\/women.lv\/product\/testeris-10ml\/#breadcrumb\"},\"inLanguage\":\"ru-RU\",\"potentialAction\":[{\"@type\":\"ReadAction\",\"target\":[\"https:\/\/women.lv\/product\/testeris-10ml\/\"]}]},{\"@type\":\"ImageObject\",\"inLanguage\":\"ru-RU\",\"@id\":\"https:\/\/women.lv\/product\/testeris-10ml\/#primaryimage\",\"url\":\"https:\/\/women.lv\/wp-content\/uploads\/nc\/catalog\/TESTER\/testers_pip.png\",\"contentUrl\":\"https:\/\/women.lv\/wp-content\/uploads\/nc\/catalog\/TESTER\/testers_pip.png\",\"width\":1557,\"height\":1600,\"caption\":\"Testeris matu serumiem 10ml\"},{\"@type\":\"BreadcrumbList\",\"@id\":\"https:\/\/women.lv\/product\/testeris-10ml\/#breadcrumb\",\"itemListElement\":[{\"@type\":\"ListItem\",\"position\":1,\"name\":\"Home\",\"item\":\"https:\/\/women.lv\/\"},{\"@type\":\"ListItem\",\"position\":2,\"name\":\"Products\",\"item\":\"https:\/\/women.lv\/en\/shop\/\"},{\"@type\":\"ListItem\",\"position\":3,\"name\":\"Testeris matu serumiem 10ml\"}]},{\"@type\":\"WebSite\",\"@id\":\"https:\/\/women.lv\/#website\",\"url\":\"https:\/\/women.lv\/\",\"name\":\"Women Veikals\",\"description\":\"Uzdr\u012bksties b\u016bt skaista\",\"potentialAction\":[{\"@type\":\"SearchAction\",\"target\":{\"@type\":\"EntryPoint\",\"urlTemplate\":\"https:\/\/women.lv\/?s={search_term_string}\"},\"query-input\":{\"@type\":\"PropertyValueSpecification\",\"valueRequired\":true,\"valueName\":\"search_term_string\"}}],\"inLanguage\":\"ru-RU\"}]}<\/script>\n<!-- \/ Yoast SEO plugin. -->","yoast_head_json":{"title":"Testeris 10ml","description":"Interes\u0113 ieg\u0101d\u0101ties sev k\u0101roto produktu, bet nezin\u0101t vai Jums tie\u0161i \u0161is produkts ir piem\u0113rots un atbilsto\u0161s?  Pied\u0101v\u0101jam ieg\u0101d\u0101ties testeri, lai noskaidrotu, vai \u0161is produkts ir tas, ko J\u016bs v\u0113laties!","robots":{"index":"index","follow":"follow","max-snippet":"max-snippet:-1","max-image-preview":"max-image-preview:large","max-video-preview":"max-video-preview:-1"},"canonical":"https:\/\/women.lv\/ru\/product\/testeris-10ml\/","og_locale":"ru_RU","og_type":"article","og_title":"Testeris 10ml","og_description":"Interes\u0113 ieg\u0101d\u0101ties sev k\u0101roto produktu, bet nezin\u0101t vai Jums tie\u0161i \u0161is produkts ir piem\u0113rots un atbilsto\u0161s?  Pied\u0101v\u0101jam ieg\u0101d\u0101ties testeri, lai noskaidrotu, vai \u0161is produkts ir tas, ko J\u016bs v\u0113laties!","og_url":"https:\/\/women.lv\/ru\/product\/testeris-10ml\/","og_site_name":"Women Veikals","article_modified_time":"2025-11-06T00:00:33+00:00","og_image":[{"width":1557,"height":1600,"url":"https:\/\/women.lv\/wp-content\/uploads\/nc\/catalog\/TESTER\/testers_pip.png","type":"image\/png"}],"twitter_card":"summary_large_image","schema":{"@context":"https:\/\/schema.org","@graph":[{"@type":"WebPage","@id":"https:\/\/women.lv\/product\/testeris-10ml\/","url":"https:\/\/women.lv\/product\/testeris-10ml\/","name":"Testeris 10ml","isPartOf":{"@id":"https:\/\/women.lv\/#website"},"primaryImageOfPage":{"@id":"https:\/\/women.lv\/product\/testeris-10ml\/#primaryimage"},"image":{"@id":"https:\/\/women.lv\/product\/testeris-10ml\/#primaryimage"},"thumbnailUrl":"https:\/\/women.lv\/wp-content\/uploads\/nc\/catalog\/TESTER\/testers_pip.png","datePublished":"2020-07-14T12:30:12+00:00","dateModified":"2025-11-06T00:00:33+00:00","description":"Interes\u0113 ieg\u0101d\u0101ties sev k\u0101roto produktu, bet nezin\u0101t vai Jums tie\u0161i \u0161is produkts ir piem\u0113rots un atbilsto\u0161s? Pied\u0101v\u0101jam ieg\u0101d\u0101ties testeri, lai noskaidrotu, vai \u0161is produkts ir tas, ko J\u016bs v\u0113laties!","breadcrumb":{"@id":"https:\/\/women.lv\/product\/testeris-10ml\/#breadcrumb"},"inLanguage":"ru-RU","potentialAction":[{"@type":"ReadAction","target":["https:\/\/women.lv\/product\/testeris-10ml\/"]}]},{"@type":"ImageObject","inLanguage":"ru-RU","@id":"https:\/\/women.lv\/product\/testeris-10ml\/#primaryimage","url":"https:\/\/women.lv\/wp-content\/uploads\/nc\/catalog\/TESTER\/testers_pip.png","contentUrl":"https:\/\/women.lv\/wp-content\/uploads\/nc\/catalog\/TESTER\/testers_pip.png","width":1557,"height":1600,"caption":"Testeris matu serumiem 10ml"},{"@type":"BreadcrumbList","@id":"https:\/\/women.lv\/product\/testeris-10ml\/#breadcrumb","itemListElement":[{"@type":"ListItem","position":1,"name":"Home","item":"https:\/\/women.lv\/"},{"@type":"ListItem","position":2,"name":"Products","item":"https:\/\/women.lv\/en\/shop\/"},{"@type":"ListItem","position":3,"name":"Testeris matu serumiem 10ml"}]},{"@type":"WebSite","@id":"https:\/\/women.lv\/#website","url":"https:\/\/women.lv\/","name":"Women Veikals","description":"Uzdr\u012bksties b\u016bt skaista","potentialAction":[{"@type":"SearchAction","target":{"@type":"EntryPoint","urlTemplate":"https:\/\/women.lv\/?s={search_term_string}"},"query-input":{"@type":"PropertyValueSpecification","valueRequired":true,"valueName":"search_term_string"}}],"inLanguage":"ru-RU"}]}},"_links":{"self":[{"href":"https:\/\/women.lv\/ru\/wp-json\/wp\/v2\/product\/28476","targetHints":{"allow":["GET"]}}],"collection":[{"href":"https:\/\/women.lv\/ru\/wp-json\/wp\/v2\/product"}],"about":[{"href":"https:\/\/women.lv\/ru\/wp-json\/wp\/v2\/types\/product"}],"replies":[{"embeddable":true,"href":"https:\/\/women.lv\/ru\/wp-json\/wp\/v2\/comments?post=28476"}],"version-history":[{"count":1,"href":"https:\/\/women.lv\/ru\/wp-json\/wp\/v2\/product\/28476\/revisions"}],"predecessor-version":[{"id":30036,"href":"https:\/\/women.lv\/ru\/wp-json\/wp\/v2\/product\/28476\/revisions\/30036"}],"wp:featuredmedia":[{"embeddable":true,"href":"https:\/\/women.lv\/ru\/wp-json\/wp\/v2\/media\/28477"}],"wp:attachment":[{"href":"https:\/\/women.lv\/ru\/wp-json\/wp\/v2\/media?parent=28476"}],"wp:term":[{"taxonomy":"product_brand","embeddable":true,"href":"https:\/\/women.lv\/ru\/wp-json\/wp\/v2\/product_brand?post=28476"},{"taxonomy":"product_cat","embeddable":true,"href":"https:\/\/women.lv\/ru\/wp-json\/wp\/v2\/product_cat?post=28476"},{"taxonomy":"product_tag","embeddable":true,"href":"https:\/\/women.lv\/ru\/wp-json\/wp\/v2\/product_tag?post=28476"}],"curies":[{"name":"wp","href":"https:\/\/api.w.org\/{rel}","templated":true}]}}