{"id":28438,"date":"2020-05-29T17:03:22","date_gmt":"2020-05-29T17:03:22","guid":{"rendered":"https:\/\/women.lv\/?product=naves-juras-sals-ar-organiskajiem-rudzupuku-ziediem"},"modified":"2025-11-05T13:26:01","modified_gmt":"2025-11-05T13:26:01","slug":"yofing-naves-juras-sals-ar-organiskajiem-rudzupuku-ziediem","status":"publish","type":"product","link":"https:\/\/women.lv\/ru\/product\/yofing-naves-juras-sals-ar-organiskajiem-rudzupuku-ziediem\/","title":{"rendered":"\u0421\u043e\u043b\u044c \u041c\u0435\u0440\u0442\u0432\u043e\u0433\u043e \u043c\u043e\u0440\u044f \u0441 \u043e\u0440\u0433\u0430\u043d\u0438\u0447\u0435\u0441\u043a\u0438\u043c\u0438 \u0432\u0430\u0441\u0438\u043b\u044c\u043a\u0430\u043c\u0438."},"content":{"rendered":"<p><span style=\"font-family: Helvetica;\"><span style=\"font-size: 18px;\">Profesion\u0101ls 100% t\u012bra N\u0101ves j\u016bras s\u0101ls\u00a0 ar\u00a0 rudzupu\u0137u \u0113terisko e\u013c\u013cu un ziediem &#8211; \u0101das atjauno\u0161ana, \u0101das tonusa uzlabo\u0161ana, p\u016bt\u012b\u0161u \u0101rst\u0113\u0161ana, N\u0101ves j\u016bras s\u0101ls &#8211;\u00a0 ekz\u0113mas \u0101rst\u0113\u0161ana<\/span><\/p>\n<p><span style=\"font-size: 18px;\"><b><span style=\"font-size: 18px;\">\u041e\u043c\u043e\u043b\u0430\u0436\u0438\u0432\u0430\u0435\u0442 \u043a\u043e\u0436\u0443:<\/span><\/b><span style=\"font-size: 18px;\"> \u0421\u043e\u043b\u044c \u041c\u0435\u0440\u0442\u0432\u043e\u0433\u043e \u043c\u043e\u0440\u044f \u0431\u043e\u0433\u0430\u0442\u0430 \u043c\u0438\u043d\u0435\u0440\u0430\u043b\u0430\u043c\u0438, \u0442\u0430\u043a\u0438\u043c\u0438 \u043a\u0430\u043a \u043d\u0430\u0442\u0440\u0438\u0439, \u0436\u0435\u043b\u0435\u0437\u043e, \u043a\u0430\u043b\u044c\u0446\u0438\u0439, \u043a\u0430\u043b\u0438\u0439, \u0445\u043b\u043e\u0440\u0438\u0434 \u0438 \u043c\u0430\u0433\u043d\u0438\u0439, \u043a\u043e\u0442\u043e\u0440\u044b\u0435 \u043f\u043e\u043c\u043e\u0433\u0430\u044e\u0442 \u0443\u043c\u0435\u043d\u044c\u0448\u0438\u0442\u044c \u043d\u0435\u0440\u043e\u0432\u043d\u043e\u0441\u0442\u0438 \u043a\u043e\u0436\u0438, \u0432\u044b\u0437\u044b\u0432\u0430\u044e\u0449\u0438\u0435 \u0433\u043b\u0443\u0431\u043e\u043a\u0438\u0435 \u043c\u043e\u0440\u0449\u0438\u043d\u044b. \u0418\u0441\u0441\u043b\u0435\u0434\u043e\u0432\u0430\u043d\u0438\u044f \u0434\u043e\u043a\u0430\u0437\u0430\u043b\u0438, \u0447\u0442\u043e \u0441\u043e\u043b\u044c \u041c\u0435\u0440\u0442\u0432\u043e\u0433\u043e \u043c\u043e\u0440\u044f \u043e\u0447\u0438\u0449\u0430\u0435\u0442, \u0443\u0432\u043b\u0430\u0436\u043d\u044f\u0435\u0442 \u0438 \u0441\u043c\u044f\u0433\u0447\u0430\u0435\u0442 \u043a\u043e\u0436\u0443, \u0430 \u0432\u0430\u0448\u0430 \u043a\u043e\u0436\u0430 \u0441\u0442\u0430\u043d\u043e\u0432\u0438\u0442\u0441\u044f \u043c\u043e\u043b\u043e\u0436\u0435 \u0438 \u043a\u0440\u0430\u0441\u0438\u0432\u0435\u0435.<\/span><\/span><\/p>\n<p><span style=\"font-size: 18px;\"><b><span style=\"font-size: 18px;\">\u0414\u0435\u0442\u043e\u043a\u0441\u0438\u043a\u0430\u0446\u0438\u044f \u043a\u043e\u0436\u0438:<\/span><\/b><span style=\"font-size: 18px;\"> \u041c\u0438\u043d\u0435\u0440\u0430\u043b\u044c\u043d\u0430\u044f \u0432\u043e\u0434\u0430 \u041c\u0435\u0440\u0442\u0432\u043e\u0433\u043e \u043c\u043e\u0440\u044f \u043e\u0431\u043b\u0430\u0434\u0430\u0435\u0442 \u043f\u0440\u0435\u0432\u043e\u0441\u0445\u043e\u0434\u043d\u044b\u043c\u0438 \u0434\u0435\u0442\u043e\u043a\u0441\u0438\u0446\u0438\u0440\u0443\u044e\u0449\u0438\u043c\u0438 \u0438 \u0434\u0435\u0437\u0438\u043d\u0444\u0438\u0446\u0438\u0440\u0443\u044e\u0449\u0438\u043c\u0438 \u0441\u0432\u043e\u0439\u0441\u0442\u0432\u0430\u043c\u0438, \u043a\u043e\u0442\u043e\u0440\u044b\u0435 \u043e\u0447\u0438\u0449\u0430\u044e\u0442 \u043a\u043e\u0436\u0443, \u0443\u0434\u0430\u043b\u044f\u044f \u0432\u0441\u0435 \u043d\u0435\u0436\u0435\u043b\u0430\u0442\u0435\u043b\u044c\u043d\u044b\u0435 \u043e\u043c\u0435\u0440\u0442\u0432\u0435\u0432\u0448\u0438\u0435 \u043a\u043b\u0435\u0442\u043a\u0438, \u043c\u0438\u043a\u0440\u043e\u0431\u044b, \u0433\u0440\u044f\u0437\u044c \u0438 \u043a\u043e\u0436\u043d\u044b\u0439 \u0436\u0438\u0440. <\/span><\/span><span style=\"font-size: 18px;\"><span style=\"font-size: 18px;\">\u041b\u044e\u0434\u0438 \u0441 \u043f\u0440\u044b\u0449\u0430\u043c\u0438 \u0438 \u0436\u0438\u0440\u043d\u043e\u0439 \u043a\u043e\u0436\u0435\u0439 \u043f\u043e\u043b\u0443\u0447\u0430\u044e\u0442 \u0437\u043d\u0430\u0447\u0438\u0442\u0435\u043b\u044c\u043d\u0443\u044e \u043f\u043e\u043b\u044c\u0437\u0443 \u043e\u0442 \u0443\u0445\u043e\u0434\u0430 \u0437\u0430 \u043a\u043e\u0436\u0435\u0439 \u0441 \u0438\u0441\u043f\u043e\u043b\u044c\u0437\u043e\u0432\u0430\u043d\u0438\u0435\u043c \u0441\u043e\u043b\u0438 \u041c\u0435\u0440\u0442\u0432\u043e\u0433\u043e \u043c\u043e\u0440\u044f.<\/span><\/span><\/p>\n<p><span style=\"font-size: 18px;\"><b><span style=\"font-size: 18px;\">\u0413\u043b\u0443\u0431\u043e\u043a\u043e \u0443\u0432\u043b\u0430\u0436\u043d\u044f\u0435\u0442:<\/span><\/b><span style=\"font-size: 18px;\"> N\u0101ves j\u016bras s\u0101ls lieto\u0161ana vann\u0101 pal\u012bdz uzlabot \u0101das mitrin\u0101\u0161anu un samazina \u0101das nel\u012bdzenumus un aps\u0101rtumu. N\u0101ves j\u016bras s\u0101ls vannai ar\u012b uzlabo \u0101das aizsargbarjeru, kas samazina \u0101das sausumu. Augstais magnija saturs, kas atrodams N\u0101ves j\u016bras s\u0101ls sast\u0101v\u0101, iz\u0161\u0137\u012bst vannas \u016bden\u012b, t\u0101dej\u0101di tas uzlabo \u0101das caurlaid\u012bbu un absorbciju. Labi mitrin\u0101ta \u0101da ir pamats labai \u0101das vesel\u012bbai un\u00a0 nov\u0113r\u0161 neskait\u0101mas \u0101das slim\u012bbas.<\/span><\/span><\/p>\n<p><span style=\"font-size: 18px;\">\u041b\u0435\u0447\u0438\u0442 \u043f\u0440\u043e\u0431\u043b\u0435\u043c\u044b \u0441 \u043a\u043e\u0436\u0435\u0439: \u043c\u0438\u043d\u0435\u0440\u0430\u043b\u044b \u041c\u0435\u0440\u0442\u0432\u043e\u0433\u043e \u043c\u043e\u0440\u044f \u0441\u043f\u043e\u0441\u043e\u0431\u0441\u0442\u0432\u0443\u044e\u0442 \u043b\u0435\u0447\u0435\u043d\u0438\u044e \u0440\u0430\u0437\u043b\u0438\u0447\u043d\u044b\u0445 \u043a\u043e\u0436\u043d\u044b\u0445 \u0437\u0430\u0431\u043e\u043b\u0435\u0432\u0430\u043d\u0438\u0439. \u0421 \u043f\u043e\u043c\u043e\u0449\u044c\u044e \u044d\u0442\u043e\u0439 \u0441\u043e\u043b\u0438 \u043c\u043e\u0436\u043d\u043e \u0432\u044b\u043b\u0435\u0447\u0438\u0442\u044c \u0434\u0435\u0440\u043c\u0430\u0442\u0438\u0442, \u0447\u0435\u0441\u043e\u0442\u043a\u0443, \u043f\u0435\u0440\u0445\u043e\u0442\u044c \u0438 \u0441\u0435\u0431\u043e\u0440\u0435\u044e. \u0418\u0441\u043f\u043e\u043b\u044c\u0437\u043e\u0432\u0430\u043d\u0438\u0435 \u0441\u043e\u043b\u0438 \u041c\u0435\u0440\u0442\u0432\u043e\u0433\u043e \u043c\u043e\u0440\u044f \u043f\u0440\u0438 \u043b\u0435\u0447\u0435\u043d\u0438\u0438 \u043f\u0441\u043e\u0440\u0438\u0430\u0437\u0430 \u0438 \u044d\u043a\u0437\u0435\u043c\u044b, \u0430 \u0442\u0430\u043a\u0436\u0435 \u0432 \u043f\u0440\u043e\u0434\u0443\u043a\u0442\u0430\u0445, \u043f\u0440\u0435\u0434\u043d\u0430\u0437\u043d\u0430\u0447\u0435\u043d\u043d\u044b\u0445 \u0434\u043b\u044f \u044d\u0442\u043e\u0439 \u0446\u0435\u043b\u0438, \u043e\u0442\u0440\u0430\u0436\u0430\u0435\u0442 \u044d\u0444\u0444\u0435\u043a\u0442\u0438\u0432\u043d\u043e\u0441\u0442\u044c \u044d\u0442\u043e\u0433\u043e \u0441\u0440\u0435\u0434\u0441\u0442\u0432\u0430 \u0432 \u0431\u043e\u0440\u044c\u0431\u0435 \u0441 \u0431\u043e\u043b\u0435\u0437\u043d\u044f\u043c\u0438.<\/span><\/p>\n<p><span style=\"font-size: 18px;\"><b><span style=\"font-size: 18px;\">\u041b\u0435\u0447\u0438\u0442 \u043f\u0435\u0440\u0445\u043e\u0442\u044c:<\/span><\/b><span style=\"font-size: 18px;\"> \u042d\u0442\u0430 \u0441\u043e\u043b\u044c \u041c\u0435\u0440\u0442\u0432\u043e\u0433\u043e \u043c\u043e\u0440\u044f \u0441\u0442\u043e\u043b\u044c \u0436\u0435 \u044d\u0444\u0444\u0435\u043a\u0442\u0438\u0432\u043d\u0430 \u043f\u0440\u0438 \u043b\u0435\u0447\u0435\u043d\u0438\u0438 \u0432\u043e\u043b\u043e\u0441, \u043a\u0430\u043a \u0438 \u043f\u0440\u0438 \u043a\u043e\u0436\u043d\u044b\u0445 \u0437\u0430\u0431\u043e\u043b\u0435\u0432\u0430\u043d\u0438\u044f\u0445, \u043f\u043e\u0441\u043a\u043e\u043b\u044c\u043a\u0443 \u0441\u043e\u0434\u0435\u0440\u0436\u0438\u0442 \u043d\u0430\u0442\u0440\u0438\u0439 \u0438 \u0441\u0435\u0440\u0443, \u043a\u043e\u0442\u043e\u0440\u044b\u0435 \u043f\u043e\u043c\u043e\u0433\u0430\u044e\u0442 \u0442\u0449\u0430\u0442\u0435\u043b\u044c\u043d\u043e \u043e\u0447\u0438\u0441\u0442\u0438\u0442\u044c \u043a\u043e\u0436\u0443 \u0433\u043e\u043b\u043e\u0432\u044b. \u041e\u0440\u0433\u0430\u043d\u0438\u0447\u0435\u0441\u043a\u0438\u0435 \u043c\u0438\u043d\u0435\u0440\u0430\u043b\u044b \u0432 \u0441\u043e\u043b\u044f\u0445 \u041c\u0435\u0440\u0442\u0432\u043e\u0433\u043e \u043c\u043e\u0440\u044f \u0442\u0430\u043a\u0436\u0435 \u043f\u043e\u043c\u043e\u0433\u0430\u044e\u0442 \u043b\u0435\u0447\u0438\u0442\u044c \u0441\u0435\u0431\u043e\u0440\u0435\u044e \u0438 \u043f\u0441\u043e\u0440\u0438\u0430\u0437 \u043a\u043e\u0436\u0438 \u0433\u043e\u043b\u043e\u0432\u044b, \u0430 \u0442\u0430\u043a\u0436\u0435 \u0443\u043b\u0443\u0447\u0448\u0430\u044e\u0442 \u043a\u0430\u0447\u0435\u0441\u0442\u0432\u043e \u0432\u043e\u043b\u043e\u0441.<\/span><\/span><\/p>\n<p><\/span><\/p>","protected":false},"excerpt":{"rendered":"<p>\u041f\u0440\u043e\u0444\u0435\u0441\u0441\u0438\u043e\u043d\u0430\u043b\u044c\u043d\u0430\u044f \u0447\u0438\u0441\u0442\u0430\u044f \u0441\u043e\u043b\u044c \u041c\u0435\u0440\u0442\u0432\u043e\u0433\u043e \u043c\u043e\u0440\u044f 100% \u0441 \u044d\u0444\u0438\u0440\u043d\u044b\u043c \u043c\u0430\u0441\u043b\u043e\u043c \u0432\u0430\u0441\u0438\u043b\u044c\u043a\u0430 \u0438 \u0446\u0432\u0435\u0442\u043a\u0430\u043c\u0438 - \u043e\u043c\u043e\u043b\u043e\u0436\u0435\u043d\u0438\u0435 \u043a\u043e\u0436\u0438, \u0443\u043b\u0443\u0447\u0448\u0435\u043d\u0438\u0435 \u0446\u0432\u0435\u0442\u0430 \u043a\u043e\u0436\u0438, \u043b\u0435\u0447\u0435\u043d\u0438\u0435 \u0430\u043a\u043d\u0435,<\/p>","protected":false},"featured_media":28439,"comment_status":"open","ping_status":"closed","template":"","meta":[],"product_brand":[],"product_cat":[2208,2209,2217,2215,2231],"product_tag":[2841,2244,2243,2839,2240,2838,2245,2840],"class_list":{"0":"post-28438","1":"product","2":"type-product","3":"status-publish","4":"has-post-thumbnail","6":"product_cat-kermena-kopsanas-lidzekii","7":"product_cat-mazgasana-un-attirisana","8":"product_cat-citi-produkti-kermena-kopsanai","9":"product_cat-visi-produkti","10":"product_cat-lv-on-sale","11":"product_tag-dead-sea-salt-with-organic-ornflower-flowers","12":"product_tag-israel","13":"product_tag-izraela","14":"product_tag-naves-juras-sals-ar-organiskajiem-rudzupuku-ziediem","15":"product_tag-yofing","16":"product_tag-yofing-new-generation","17":"product_tag-2245","18":"product_tag-2840","19":"pa_brand_nc-yofing","20":"pa_ean_nc-2837","21":"pa_ean_nc-israel","23":"first","24":"instock","25":"sale","26":"taxable","27":"shipping-taxable","28":"purchasable","29":"product-type-simple"},"yoast_head":"<!-- This site is optimized with the Yoast SEO plugin v23.9 - https:\/\/yoast.com\/wordpress\/plugins\/seo\/ -->\n<title>N\u0101ves j\u016bras s\u0101ls ar organiskajiem rudzupu\u0137u ziediem<\/title>\n<meta name=\"description\" content=\"N\u0101ves j\u016bras s\u0101ls ar rudzupu\u0137u \u0113terisko e\u013c\u013cu un ziediem - \u0101das atjauno\u0161ana, \u0101das tonusa uzlabo\u0161ana, p\u016bt\u012b\u0161u \u0101rst\u0113\u0161ana, N\u0101ves j\u016bras s\u0101ls - ekz\u0113mas \u0101rst\u0113\u0161ana\" \/>\n<meta name=\"robots\" content=\"index, follow, max-snippet:-1, max-image-preview:large, max-video-preview:-1\" \/>\n<link rel=\"canonical\" href=\"https:\/\/women.lv\/ru\/product\/yofing-naves-juras-sals-ar-organiskajiem-rudzupuku-ziediem\/\" \/>\n<meta property=\"og:locale\" content=\"ru_RU\" \/>\n<meta property=\"og:type\" content=\"article\" \/>\n<meta property=\"og:title\" content=\"N\u0101ves j\u016bras s\u0101ls ar organiskajiem rudzupu\u0137u ziediem\" \/>\n<meta property=\"og:description\" content=\"N\u0101ves j\u016bras s\u0101ls ar rudzupu\u0137u \u0113terisko e\u013c\u013cu un ziediem - \u0101das atjauno\u0161ana, \u0101das tonusa uzlabo\u0161ana, p\u016bt\u012b\u0161u \u0101rst\u0113\u0161ana, N\u0101ves j\u016bras s\u0101ls - ekz\u0113mas \u0101rst\u0113\u0161ana\" \/>\n<meta property=\"og:url\" content=\"https:\/\/women.lv\/ru\/product\/yofing-naves-juras-sals-ar-organiskajiem-rudzupuku-ziediem\/\" \/>\n<meta property=\"og:site_name\" content=\"Women Veikals\" \/>\n<meta property=\"article:modified_time\" content=\"2025-11-05T13:26:01+00:00\" \/>\n<meta property=\"og:image\" content=\"https:\/\/women.lv\/wp-content\/uploads\/nc\/catalog\/Israel\/Yofing\/Salt\/salt-with-cornflower.PNG\" \/>\n\t<meta property=\"og:image:width\" content=\"601\" \/>\n\t<meta property=\"og:image:height\" content=\"603\" \/>\n\t<meta property=\"og:image:type\" content=\"image\/png\" \/>\n<meta name=\"twitter:card\" content=\"summary_large_image\" \/>\n<meta name=\"twitter:label1\" content=\"\u041f\u0440\u0438\u043c\u0435\u0440\u043d\u043e\u0435 \u0432\u0440\u0435\u043c\u044f \u0434\u043b\u044f \u0447\u0442\u0435\u043d\u0438\u044f\" \/>\n\t<meta name=\"twitter:data1\" content=\"2 \u043c\u0438\u043d\u0443\u0442\u044b\" \/>\n<script type=\"application\/ld+json\" class=\"yoast-schema-graph\">{\"@context\":\"https:\/\/schema.org\",\"@graph\":[{\"@type\":\"WebPage\",\"@id\":\"https:\/\/women.lv\/product\/yofing-naves-juras-sals-ar-organiskajiem-rudzupuku-ziediem\/\",\"url\":\"https:\/\/women.lv\/product\/yofing-naves-juras-sals-ar-organiskajiem-rudzupuku-ziediem\/\",\"name\":\"N\u0101ves j\u016bras s\u0101ls ar organiskajiem rudzupu\u0137u ziediem\",\"isPartOf\":{\"@id\":\"https:\/\/women.lv\/#website\"},\"primaryImageOfPage\":{\"@id\":\"https:\/\/women.lv\/product\/yofing-naves-juras-sals-ar-organiskajiem-rudzupuku-ziediem\/#primaryimage\"},\"image\":{\"@id\":\"https:\/\/women.lv\/product\/yofing-naves-juras-sals-ar-organiskajiem-rudzupuku-ziediem\/#primaryimage\"},\"thumbnailUrl\":\"https:\/\/women.lv\/wp-content\/uploads\/nc\/catalog\/Israel\/Yofing\/Salt\/salt-with-cornflower.PNG\",\"datePublished\":\"2020-05-29T17:03:22+00:00\",\"dateModified\":\"2025-11-05T13:26:01+00:00\",\"description\":\"N\u0101ves j\u016bras s\u0101ls ar rudzupu\u0137u \u0113terisko e\u013c\u013cu un ziediem - \u0101das atjauno\u0161ana, \u0101das tonusa uzlabo\u0161ana, p\u016bt\u012b\u0161u \u0101rst\u0113\u0161ana, N\u0101ves j\u016bras s\u0101ls - ekz\u0113mas \u0101rst\u0113\u0161ana\",\"breadcrumb\":{\"@id\":\"https:\/\/women.lv\/product\/yofing-naves-juras-sals-ar-organiskajiem-rudzupuku-ziediem\/#breadcrumb\"},\"inLanguage\":\"ru-RU\",\"potentialAction\":[{\"@type\":\"ReadAction\",\"target\":[\"https:\/\/women.lv\/product\/yofing-naves-juras-sals-ar-organiskajiem-rudzupuku-ziediem\/\"]}]},{\"@type\":\"ImageObject\",\"inLanguage\":\"ru-RU\",\"@id\":\"https:\/\/women.lv\/product\/yofing-naves-juras-sals-ar-organiskajiem-rudzupuku-ziediem\/#primaryimage\",\"url\":\"https:\/\/women.lv\/wp-content\/uploads\/nc\/catalog\/Israel\/Yofing\/Salt\/salt-with-cornflower.PNG\",\"contentUrl\":\"https:\/\/women.lv\/wp-content\/uploads\/nc\/catalog\/Israel\/Yofing\/Salt\/salt-with-cornflower.PNG\",\"width\":601,\"height\":603,\"caption\":\"N\u0101ves j\u016bras s\u0101ls ar organiskajiem rudzupu\u0137u ziediem\"},{\"@type\":\"BreadcrumbList\",\"@id\":\"https:\/\/women.lv\/product\/yofing-naves-juras-sals-ar-organiskajiem-rudzupuku-ziediem\/#breadcrumb\",\"itemListElement\":[{\"@type\":\"ListItem\",\"position\":1,\"name\":\"Home\",\"item\":\"https:\/\/women.lv\/\"},{\"@type\":\"ListItem\",\"position\":2,\"name\":\"Products\",\"item\":\"https:\/\/women.lv\/en\/shop\/\"},{\"@type\":\"ListItem\",\"position\":3,\"name\":\"N\u0101ves j\u016bras s\u0101ls ar organiskajiem rudzupu\u0137u ziediem\"}]},{\"@type\":\"WebSite\",\"@id\":\"https:\/\/women.lv\/#website\",\"url\":\"https:\/\/women.lv\/\",\"name\":\"Women Veikals\",\"description\":\"Uzdr\u012bksties b\u016bt skaista\",\"potentialAction\":[{\"@type\":\"SearchAction\",\"target\":{\"@type\":\"EntryPoint\",\"urlTemplate\":\"https:\/\/women.lv\/?s={search_term_string}\"},\"query-input\":{\"@type\":\"PropertyValueSpecification\",\"valueRequired\":true,\"valueName\":\"search_term_string\"}}],\"inLanguage\":\"ru-RU\"}]}<\/script>\n<!-- \/ Yoast SEO plugin. -->","yoast_head_json":{"title":"N\u0101ves j\u016bras s\u0101ls ar organiskajiem rudzupu\u0137u ziediem","description":"N\u0101ves j\u016bras s\u0101ls ar rudzupu\u0137u \u0113terisko e\u013c\u013cu un ziediem - \u0101das atjauno\u0161ana, \u0101das tonusa uzlabo\u0161ana, p\u016bt\u012b\u0161u \u0101rst\u0113\u0161ana, N\u0101ves j\u016bras s\u0101ls - ekz\u0113mas \u0101rst\u0113\u0161ana","robots":{"index":"index","follow":"follow","max-snippet":"max-snippet:-1","max-image-preview":"max-image-preview:large","max-video-preview":"max-video-preview:-1"},"canonical":"https:\/\/women.lv\/ru\/product\/yofing-naves-juras-sals-ar-organiskajiem-rudzupuku-ziediem\/","og_locale":"ru_RU","og_type":"article","og_title":"N\u0101ves j\u016bras s\u0101ls ar organiskajiem rudzupu\u0137u ziediem","og_description":"N\u0101ves j\u016bras s\u0101ls ar rudzupu\u0137u \u0113terisko e\u013c\u013cu un ziediem - \u0101das atjauno\u0161ana, \u0101das tonusa uzlabo\u0161ana, p\u016bt\u012b\u0161u \u0101rst\u0113\u0161ana, N\u0101ves j\u016bras s\u0101ls - ekz\u0113mas \u0101rst\u0113\u0161ana","og_url":"https:\/\/women.lv\/ru\/product\/yofing-naves-juras-sals-ar-organiskajiem-rudzupuku-ziediem\/","og_site_name":"Women Veikals","article_modified_time":"2025-11-05T13:26:01+00:00","og_image":[{"width":601,"height":603,"url":"https:\/\/women.lv\/wp-content\/uploads\/nc\/catalog\/Israel\/Yofing\/Salt\/salt-with-cornflower.PNG","type":"image\/png"}],"twitter_card":"summary_large_image","twitter_misc":{"\u041f\u0440\u0438\u043c\u0435\u0440\u043d\u043e\u0435 \u0432\u0440\u0435\u043c\u044f \u0434\u043b\u044f \u0447\u0442\u0435\u043d\u0438\u044f":"2 \u043c\u0438\u043d\u0443\u0442\u044b"},"schema":{"@context":"https:\/\/schema.org","@graph":[{"@type":"WebPage","@id":"https:\/\/women.lv\/product\/yofing-naves-juras-sals-ar-organiskajiem-rudzupuku-ziediem\/","url":"https:\/\/women.lv\/product\/yofing-naves-juras-sals-ar-organiskajiem-rudzupuku-ziediem\/","name":"N\u0101ves j\u016bras s\u0101ls ar organiskajiem rudzupu\u0137u ziediem","isPartOf":{"@id":"https:\/\/women.lv\/#website"},"primaryImageOfPage":{"@id":"https:\/\/women.lv\/product\/yofing-naves-juras-sals-ar-organiskajiem-rudzupuku-ziediem\/#primaryimage"},"image":{"@id":"https:\/\/women.lv\/product\/yofing-naves-juras-sals-ar-organiskajiem-rudzupuku-ziediem\/#primaryimage"},"thumbnailUrl":"https:\/\/women.lv\/wp-content\/uploads\/nc\/catalog\/Israel\/Yofing\/Salt\/salt-with-cornflower.PNG","datePublished":"2020-05-29T17:03:22+00:00","dateModified":"2025-11-05T13:26:01+00:00","description":"N\u0101ves j\u016bras s\u0101ls ar rudzupu\u0137u \u0113terisko e\u013c\u013cu un ziediem - \u0101das atjauno\u0161ana, \u0101das tonusa uzlabo\u0161ana, p\u016bt\u012b\u0161u \u0101rst\u0113\u0161ana, N\u0101ves j\u016bras s\u0101ls - ekz\u0113mas \u0101rst\u0113\u0161ana","breadcrumb":{"@id":"https:\/\/women.lv\/product\/yofing-naves-juras-sals-ar-organiskajiem-rudzupuku-ziediem\/#breadcrumb"},"inLanguage":"ru-RU","potentialAction":[{"@type":"ReadAction","target":["https:\/\/women.lv\/product\/yofing-naves-juras-sals-ar-organiskajiem-rudzupuku-ziediem\/"]}]},{"@type":"ImageObject","inLanguage":"ru-RU","@id":"https:\/\/women.lv\/product\/yofing-naves-juras-sals-ar-organiskajiem-rudzupuku-ziediem\/#primaryimage","url":"https:\/\/women.lv\/wp-content\/uploads\/nc\/catalog\/Israel\/Yofing\/Salt\/salt-with-cornflower.PNG","contentUrl":"https:\/\/women.lv\/wp-content\/uploads\/nc\/catalog\/Israel\/Yofing\/Salt\/salt-with-cornflower.PNG","width":601,"height":603,"caption":"N\u0101ves j\u016bras s\u0101ls ar organiskajiem rudzupu\u0137u ziediem"},{"@type":"BreadcrumbList","@id":"https:\/\/women.lv\/product\/yofing-naves-juras-sals-ar-organiskajiem-rudzupuku-ziediem\/#breadcrumb","itemListElement":[{"@type":"ListItem","position":1,"name":"Home","item":"https:\/\/women.lv\/"},{"@type":"ListItem","position":2,"name":"Products","item":"https:\/\/women.lv\/en\/shop\/"},{"@type":"ListItem","position":3,"name":"N\u0101ves j\u016bras s\u0101ls ar organiskajiem rudzupu\u0137u ziediem"}]},{"@type":"WebSite","@id":"https:\/\/women.lv\/#website","url":"https:\/\/women.lv\/","name":"Women Veikals","description":"Uzdr\u012bksties b\u016bt skaista","potentialAction":[{"@type":"SearchAction","target":{"@type":"EntryPoint","urlTemplate":"https:\/\/women.lv\/?s={search_term_string}"},"query-input":{"@type":"PropertyValueSpecification","valueRequired":true,"valueName":"search_term_string"}}],"inLanguage":"ru-RU"}]}},"_links":{"self":[{"href":"https:\/\/women.lv\/ru\/wp-json\/wp\/v2\/product\/28438","targetHints":{"allow":["GET"]}}],"collection":[{"href":"https:\/\/women.lv\/ru\/wp-json\/wp\/v2\/product"}],"about":[{"href":"https:\/\/women.lv\/ru\/wp-json\/wp\/v2\/types\/product"}],"replies":[{"embeddable":true,"href":"https:\/\/women.lv\/ru\/wp-json\/wp\/v2\/comments?post=28438"}],"version-history":[{"count":3,"href":"https:\/\/women.lv\/ru\/wp-json\/wp\/v2\/product\/28438\/revisions"}],"predecessor-version":[{"id":31609,"href":"https:\/\/women.lv\/ru\/wp-json\/wp\/v2\/product\/28438\/revisions\/31609"}],"wp:featuredmedia":[{"embeddable":true,"href":"https:\/\/women.lv\/ru\/wp-json\/wp\/v2\/media\/28439"}],"wp:attachment":[{"href":"https:\/\/women.lv\/ru\/wp-json\/wp\/v2\/media?parent=28438"}],"wp:term":[{"taxonomy":"product_brand","embeddable":true,"href":"https:\/\/women.lv\/ru\/wp-json\/wp\/v2\/product_brand?post=28438"},{"taxonomy":"product_cat","embeddable":true,"href":"https:\/\/women.lv\/ru\/wp-json\/wp\/v2\/product_cat?post=28438"},{"taxonomy":"product_tag","embeddable":true,"href":"https:\/\/women.lv\/ru\/wp-json\/wp\/v2\/product_tag?post=28438"}],"curies":[{"name":"wp","href":"https:\/\/api.w.org\/{rel}","templated":true}]}}