{"id":28315,"date":"2020-05-11T16:41:45","date_gmt":"2020-05-11T16:41:45","guid":{"rendered":"https:\/\/women.lv\/?product=hemp-oil-gold-acu-un-lupu-krems-ar-naves-juras-mineraliem"},"modified":"2025-11-05T13:25:56","modified_gmt":"2025-11-05T13:25:56","slug":"hemp-oil-gold-acu-un-lupu-krems-ar-naves-juras-mineraliem","status":"publish","type":"product","link":"https:\/\/women.lv\/ru\/product\/hemp-oil-gold-acu-un-lupu-krems-ar-naves-juras-mineraliem\/","title":{"rendered":"Hemp oil &#038; gold acu un l\u016bpu kr\u0113ms ar N\u0101ves J\u016bras miner\u0101liem"},"content":{"rendered":"<p><span style=\"font-family: Helvetica;\"><span style=\"font-size: 18px;\"><b>Eye &amp; Lips Cream<\/b> &#8211; ikdienas kop\u0161anas l\u012bdzeklis jut\u012bgai \u0101dai ap ac\u012bm un l\u016bp\u0101m. Inovat\u012bvai formulai ar ka\u0146epju e\u013c\u013cu un re\u0101l\u0101 zelta akt\u012bvaj\u0101m sast\u0101vda\u013c\u0101m ir sp\u0113c\u012bgs anti-noveco\u0161an\u0101s efekts. Lieliski izl\u012bdzina smalk\u0101s grumbi\u0146as un nov\u0113r\u0161 to atk\u0101rtotu veido\u0161anos. \u0100da ap ac\u012bm k\u013c\u016bst z\u012bdain\u0101ka un ieg\u016bst dabisku mirdzumu. Hialuronsk\u0101be kop\u0101 ar dabiskaj\u0101m kolag\u0113na \u0161\u0137iedr\u0101m ar\u012b veicina izteiksmes grumbu izl\u012bdzin\u0101\u0161anu.<\/span><\/p>\n<p><span style=\"font-size: 18px;\">N\u0101ves j\u016bras miner\u0101li kop\u0101 ar augu e\u013c\u013c\u0101m no\u0146em tum\u0161os lokus un piet\u016bkumu, ko izraisa stress un nogurums. Izvada toks\u012bnus un veicina pa\u0101trin\u0101tu \u0161\u016bnu atjauno\u0161anos. Miner\u0101li papildina mitruma l\u012bdzsvaru un pies\u0101tina \u0161\u016bnas ar sk\u0101bekli. Inovat\u012bvs kr\u0113ma sast\u0101vs nodro\u0161ina dzi\u013cu mitrin\u0101\u0161anu un \u0101das &#8220;liftingu&#8221;.<\/span><\/span><\/p>\n<ul>\n<li><span style=\"font-family: Helvetica;\"><span style=\"font-size: 18px;\">Bez parab\u0113na<\/span><\/span><\/li>\n<li><span style=\"font-family: Helvetica;\"><span style=\"font-size: 18px;\">Bez SLS<\/span><\/span><\/li>\n<\/ul>","protected":false},"excerpt":{"rendered":"<p>Eye &amp; Lips Cream &#8211; ikdienas kop\u0161anas l\u012bdzeklis jut\u012bgai \u0101dai ap ac\u012bm un l\u016bp\u0101m. Inovat\u012bvai formulai ar ka\u0146epju e\u013c\u013cu un<\/p>","protected":false},"featured_media":28316,"comment_status":"open","ping_status":"closed","template":"","meta":[],"product_brand":[],"product_cat":[2225,2200,2215],"product_tag":[2653,2671,2670,2244,2243,2652,2245,2669],"class_list":{"0":"post-28315","1":"product","2":"type-product","3":"status-publish","4":"has-post-thumbnail","6":"product_cat-acu-kremi-un-serumi","7":"product_cat-sejas-kopsanas-lidzekli","8":"product_cat-visi-produkti","9":"product_tag-hemp-oil","10":"product_tag-hemp-oil-amp-gold-acu-un-lupu-krems-ar-naves-juras-mineraliem","11":"product_tag-hemp-oil-amp-gold-eye-amp-lips-cream","12":"product_tag-israel","13":"product_tag-izraela","14":"product_tag-shemen-amor","15":"product_tag-2245","16":"product_tag-2669","17":"pa_brand_nc-shemen-amour","18":"pa_ean_nc-3913","20":"first","21":"instock","22":"sale","23":"taxable","24":"shipping-taxable","25":"purchasable","26":"product-type-simple"},"yoast_head":"<!-- This site is optimized with the Yoast SEO plugin v23.9 - https:\/\/yoast.com\/wordpress\/plugins\/seo\/ -->\n<title>Hemp oil &amp; Gold acu un l\u016bpu kr\u0113ms ar N\u0101ves J\u016bras miner\u0101liem<\/title>\n<meta name=\"description\" content=\"Eye &amp; Lips Cream - ikdienas kop\u0161anas l\u012bdzeklis jut\u012bgai \u0101dai ap ac\u012bm un l\u016bp\u0101m. Inovat\u012bvai formulai ar ka\u0146epju e\u013c\u013cu un re\u0101l\u0101 zelta akt\u012bvaj\u0101m sast\u0101vda\u013c\u0101m ir sp\u0113c\u012bgs anti-noveco\u0161an\u0101s efekts. Lieliski izl\u012bdzina smalk\u0101s grumbi\u0146as.\" \/>\n<meta name=\"robots\" content=\"index, follow, max-snippet:-1, max-image-preview:large, max-video-preview:-1\" \/>\n<link rel=\"canonical\" href=\"https:\/\/women.lv\/ru\/product\/hemp-oil-gold-acu-un-lupu-krems-ar-naves-juras-mineraliem\/\" \/>\n<meta property=\"og:locale\" content=\"ru_RU\" \/>\n<meta property=\"og:type\" content=\"article\" \/>\n<meta property=\"og:title\" content=\"Hemp oil &amp; Gold acu un l\u016bpu kr\u0113ms ar N\u0101ves J\u016bras miner\u0101liem\" \/>\n<meta property=\"og:description\" content=\"Eye &amp; Lips Cream - ikdienas kop\u0161anas l\u012bdzeklis jut\u012bgai \u0101dai ap ac\u012bm un l\u016bp\u0101m. Inovat\u012bvai formulai ar ka\u0146epju e\u013c\u013cu un re\u0101l\u0101 zelta akt\u012bvaj\u0101m sast\u0101vda\u013c\u0101m ir sp\u0113c\u012bgs anti-noveco\u0161an\u0101s efekts. Lieliski izl\u012bdzina smalk\u0101s grumbi\u0146as.\" \/>\n<meta property=\"og:url\" content=\"https:\/\/women.lv\/ru\/product\/hemp-oil-gold-acu-un-lupu-krems-ar-naves-juras-mineraliem\/\" \/>\n<meta property=\"og:site_name\" content=\"Women Veikals\" \/>\n<meta property=\"article:modified_time\" content=\"2025-11-05T13:25:56+00:00\" \/>\n<meta property=\"og:image\" content=\"https:\/\/women.lv\/wp-content\/uploads\/nc\/catalog\/Shemen-Amour\/hemp-oil\/Hemp-oil-eye-and-lips-cream.PNG\" \/>\n\t<meta property=\"og:image:width\" content=\"566\" \/>\n\t<meta property=\"og:image:height\" content=\"574\" \/>\n\t<meta property=\"og:image:type\" content=\"image\/png\" \/>\n<meta name=\"twitter:card\" content=\"summary_large_image\" \/>\n<meta name=\"twitter:label1\" content=\"\u041f\u0440\u0438\u043c\u0435\u0440\u043d\u043e\u0435 \u0432\u0440\u0435\u043c\u044f \u0434\u043b\u044f \u0447\u0442\u0435\u043d\u0438\u044f\" \/>\n\t<meta name=\"twitter:data1\" content=\"1 \u043c\u0438\u043d\u0443\u0442\u0430\" \/>\n<script type=\"application\/ld+json\" class=\"yoast-schema-graph\">{\"@context\":\"https:\/\/schema.org\",\"@graph\":[{\"@type\":\"WebPage\",\"@id\":\"https:\/\/women.lv\/product\/hemp-oil-gold-acu-un-lupu-krems-ar-naves-juras-mineraliem\/\",\"url\":\"https:\/\/women.lv\/product\/hemp-oil-gold-acu-un-lupu-krems-ar-naves-juras-mineraliem\/\",\"name\":\"Hemp oil & Gold acu un l\u016bpu kr\u0113ms ar N\u0101ves J\u016bras miner\u0101liem\",\"isPartOf\":{\"@id\":\"https:\/\/women.lv\/#website\"},\"primaryImageOfPage\":{\"@id\":\"https:\/\/women.lv\/product\/hemp-oil-gold-acu-un-lupu-krems-ar-naves-juras-mineraliem\/#primaryimage\"},\"image\":{\"@id\":\"https:\/\/women.lv\/product\/hemp-oil-gold-acu-un-lupu-krems-ar-naves-juras-mineraliem\/#primaryimage\"},\"thumbnailUrl\":\"https:\/\/women.lv\/wp-content\/uploads\/nc\/catalog\/Shemen-Amour\/hemp-oil\/Hemp-oil-eye-and-lips-cream.PNG\",\"datePublished\":\"2020-05-11T16:41:45+00:00\",\"dateModified\":\"2025-11-05T13:25:56+00:00\",\"description\":\"Eye & Lips Cream - ikdienas kop\u0161anas l\u012bdzeklis jut\u012bgai \u0101dai ap ac\u012bm un l\u016bp\u0101m. Inovat\u012bvai formulai ar ka\u0146epju e\u013c\u013cu un re\u0101l\u0101 zelta akt\u012bvaj\u0101m sast\u0101vda\u013c\u0101m ir sp\u0113c\u012bgs anti-noveco\u0161an\u0101s efekts. Lieliski izl\u012bdzina smalk\u0101s grumbi\u0146as.\",\"breadcrumb\":{\"@id\":\"https:\/\/women.lv\/product\/hemp-oil-gold-acu-un-lupu-krems-ar-naves-juras-mineraliem\/#breadcrumb\"},\"inLanguage\":\"ru-RU\",\"potentialAction\":[{\"@type\":\"ReadAction\",\"target\":[\"https:\/\/women.lv\/product\/hemp-oil-gold-acu-un-lupu-krems-ar-naves-juras-mineraliem\/\"]}]},{\"@type\":\"ImageObject\",\"inLanguage\":\"ru-RU\",\"@id\":\"https:\/\/women.lv\/product\/hemp-oil-gold-acu-un-lupu-krems-ar-naves-juras-mineraliem\/#primaryimage\",\"url\":\"https:\/\/women.lv\/wp-content\/uploads\/nc\/catalog\/Shemen-Amour\/hemp-oil\/Hemp-oil-eye-and-lips-cream.PNG\",\"contentUrl\":\"https:\/\/women.lv\/wp-content\/uploads\/nc\/catalog\/Shemen-Amour\/hemp-oil\/Hemp-oil-eye-and-lips-cream.PNG\",\"width\":566,\"height\":574,\"caption\":\"Hemp oil & gold acu un l\u016bpu kr\u0113ms ar N\u0101ves J\u016bras miner\u0101liem\"},{\"@type\":\"BreadcrumbList\",\"@id\":\"https:\/\/women.lv\/product\/hemp-oil-gold-acu-un-lupu-krems-ar-naves-juras-mineraliem\/#breadcrumb\",\"itemListElement\":[{\"@type\":\"ListItem\",\"position\":1,\"name\":\"Home\",\"item\":\"https:\/\/women.lv\/\"},{\"@type\":\"ListItem\",\"position\":2,\"name\":\"Products\",\"item\":\"https:\/\/women.lv\/en\/shop\/\"},{\"@type\":\"ListItem\",\"position\":3,\"name\":\"Hemp oil &#038; gold acu un l\u016bpu kr\u0113ms ar N\u0101ves J\u016bras miner\u0101liem\"}]},{\"@type\":\"WebSite\",\"@id\":\"https:\/\/women.lv\/#website\",\"url\":\"https:\/\/women.lv\/\",\"name\":\"Women Veikals\",\"description\":\"Uzdr\u012bksties b\u016bt skaista\",\"potentialAction\":[{\"@type\":\"SearchAction\",\"target\":{\"@type\":\"EntryPoint\",\"urlTemplate\":\"https:\/\/women.lv\/?s={search_term_string}\"},\"query-input\":{\"@type\":\"PropertyValueSpecification\",\"valueRequired\":true,\"valueName\":\"search_term_string\"}}],\"inLanguage\":\"ru-RU\"}]}<\/script>\n<!-- \/ Yoast SEO plugin. -->","yoast_head_json":{"title":"Hemp oil & Gold acu un l\u016bpu kr\u0113ms ar N\u0101ves J\u016bras miner\u0101liem","description":"Eye & Lips Cream - ikdienas kop\u0161anas l\u012bdzeklis jut\u012bgai \u0101dai ap ac\u012bm un l\u016bp\u0101m. Inovat\u012bvai formulai ar ka\u0146epju e\u013c\u013cu un re\u0101l\u0101 zelta akt\u012bvaj\u0101m sast\u0101vda\u013c\u0101m ir sp\u0113c\u012bgs anti-noveco\u0161an\u0101s efekts. Lieliski izl\u012bdzina smalk\u0101s grumbi\u0146as.","robots":{"index":"index","follow":"follow","max-snippet":"max-snippet:-1","max-image-preview":"max-image-preview:large","max-video-preview":"max-video-preview:-1"},"canonical":"https:\/\/women.lv\/ru\/product\/hemp-oil-gold-acu-un-lupu-krems-ar-naves-juras-mineraliem\/","og_locale":"ru_RU","og_type":"article","og_title":"Hemp oil & Gold acu un l\u016bpu kr\u0113ms ar N\u0101ves J\u016bras miner\u0101liem","og_description":"Eye & Lips Cream - ikdienas kop\u0161anas l\u012bdzeklis jut\u012bgai \u0101dai ap ac\u012bm un l\u016bp\u0101m. Inovat\u012bvai formulai ar ka\u0146epju e\u013c\u013cu un re\u0101l\u0101 zelta akt\u012bvaj\u0101m sast\u0101vda\u013c\u0101m ir sp\u0113c\u012bgs anti-noveco\u0161an\u0101s efekts. Lieliski izl\u012bdzina smalk\u0101s grumbi\u0146as.","og_url":"https:\/\/women.lv\/ru\/product\/hemp-oil-gold-acu-un-lupu-krems-ar-naves-juras-mineraliem\/","og_site_name":"Women Veikals","article_modified_time":"2025-11-05T13:25:56+00:00","og_image":[{"width":566,"height":574,"url":"https:\/\/women.lv\/wp-content\/uploads\/nc\/catalog\/Shemen-Amour\/hemp-oil\/Hemp-oil-eye-and-lips-cream.PNG","type":"image\/png"}],"twitter_card":"summary_large_image","twitter_misc":{"\u041f\u0440\u0438\u043c\u0435\u0440\u043d\u043e\u0435 \u0432\u0440\u0435\u043c\u044f \u0434\u043b\u044f \u0447\u0442\u0435\u043d\u0438\u044f":"1 \u043c\u0438\u043d\u0443\u0442\u0430"},"schema":{"@context":"https:\/\/schema.org","@graph":[{"@type":"WebPage","@id":"https:\/\/women.lv\/product\/hemp-oil-gold-acu-un-lupu-krems-ar-naves-juras-mineraliem\/","url":"https:\/\/women.lv\/product\/hemp-oil-gold-acu-un-lupu-krems-ar-naves-juras-mineraliem\/","name":"Hemp oil & Gold acu un l\u016bpu kr\u0113ms ar N\u0101ves J\u016bras miner\u0101liem","isPartOf":{"@id":"https:\/\/women.lv\/#website"},"primaryImageOfPage":{"@id":"https:\/\/women.lv\/product\/hemp-oil-gold-acu-un-lupu-krems-ar-naves-juras-mineraliem\/#primaryimage"},"image":{"@id":"https:\/\/women.lv\/product\/hemp-oil-gold-acu-un-lupu-krems-ar-naves-juras-mineraliem\/#primaryimage"},"thumbnailUrl":"https:\/\/women.lv\/wp-content\/uploads\/nc\/catalog\/Shemen-Amour\/hemp-oil\/Hemp-oil-eye-and-lips-cream.PNG","datePublished":"2020-05-11T16:41:45+00:00","dateModified":"2025-11-05T13:25:56+00:00","description":"Eye & Lips Cream - ikdienas kop\u0161anas l\u012bdzeklis jut\u012bgai \u0101dai ap ac\u012bm un l\u016bp\u0101m. Inovat\u012bvai formulai ar ka\u0146epju e\u013c\u013cu un re\u0101l\u0101 zelta akt\u012bvaj\u0101m sast\u0101vda\u013c\u0101m ir sp\u0113c\u012bgs anti-noveco\u0161an\u0101s efekts. Lieliski izl\u012bdzina smalk\u0101s grumbi\u0146as.","breadcrumb":{"@id":"https:\/\/women.lv\/product\/hemp-oil-gold-acu-un-lupu-krems-ar-naves-juras-mineraliem\/#breadcrumb"},"inLanguage":"ru-RU","potentialAction":[{"@type":"ReadAction","target":["https:\/\/women.lv\/product\/hemp-oil-gold-acu-un-lupu-krems-ar-naves-juras-mineraliem\/"]}]},{"@type":"ImageObject","inLanguage":"ru-RU","@id":"https:\/\/women.lv\/product\/hemp-oil-gold-acu-un-lupu-krems-ar-naves-juras-mineraliem\/#primaryimage","url":"https:\/\/women.lv\/wp-content\/uploads\/nc\/catalog\/Shemen-Amour\/hemp-oil\/Hemp-oil-eye-and-lips-cream.PNG","contentUrl":"https:\/\/women.lv\/wp-content\/uploads\/nc\/catalog\/Shemen-Amour\/hemp-oil\/Hemp-oil-eye-and-lips-cream.PNG","width":566,"height":574,"caption":"Hemp oil & gold acu un l\u016bpu kr\u0113ms ar N\u0101ves J\u016bras miner\u0101liem"},{"@type":"BreadcrumbList","@id":"https:\/\/women.lv\/product\/hemp-oil-gold-acu-un-lupu-krems-ar-naves-juras-mineraliem\/#breadcrumb","itemListElement":[{"@type":"ListItem","position":1,"name":"Home","item":"https:\/\/women.lv\/"},{"@type":"ListItem","position":2,"name":"Products","item":"https:\/\/women.lv\/en\/shop\/"},{"@type":"ListItem","position":3,"name":"Hemp oil &#038; gold acu un l\u016bpu kr\u0113ms ar N\u0101ves J\u016bras miner\u0101liem"}]},{"@type":"WebSite","@id":"https:\/\/women.lv\/#website","url":"https:\/\/women.lv\/","name":"Women Veikals","description":"Uzdr\u012bksties b\u016bt skaista","potentialAction":[{"@type":"SearchAction","target":{"@type":"EntryPoint","urlTemplate":"https:\/\/women.lv\/?s={search_term_string}"},"query-input":{"@type":"PropertyValueSpecification","valueRequired":true,"valueName":"search_term_string"}}],"inLanguage":"ru-RU"}]}},"_links":{"self":[{"href":"https:\/\/women.lv\/ru\/wp-json\/wp\/v2\/product\/28315","targetHints":{"allow":["GET"]}}],"collection":[{"href":"https:\/\/women.lv\/ru\/wp-json\/wp\/v2\/product"}],"about":[{"href":"https:\/\/women.lv\/ru\/wp-json\/wp\/v2\/types\/product"}],"replies":[{"embeddable":true,"href":"https:\/\/women.lv\/ru\/wp-json\/wp\/v2\/comments?post=28315"}],"version-history":[{"count":1,"href":"https:\/\/women.lv\/ru\/wp-json\/wp\/v2\/product\/28315\/revisions"}],"predecessor-version":[{"id":32034,"href":"https:\/\/women.lv\/ru\/wp-json\/wp\/v2\/product\/28315\/revisions\/32034"}],"wp:featuredmedia":[{"embeddable":true,"href":"https:\/\/women.lv\/ru\/wp-json\/wp\/v2\/media\/28316"}],"wp:attachment":[{"href":"https:\/\/women.lv\/ru\/wp-json\/wp\/v2\/media?parent=28315"}],"wp:term":[{"taxonomy":"product_brand","embeddable":true,"href":"https:\/\/women.lv\/ru\/wp-json\/wp\/v2\/product_brand?post=28315"},{"taxonomy":"product_cat","embeddable":true,"href":"https:\/\/women.lv\/ru\/wp-json\/wp\/v2\/product_cat?post=28315"},{"taxonomy":"product_tag","embeddable":true,"href":"https:\/\/women.lv\/ru\/wp-json\/wp\/v2\/product_tag?post=28315"}],"curies":[{"name":"wp","href":"https:\/\/api.w.org\/{rel}","templated":true}]}}