{"id":28258,"date":"2020-05-07T13:50:23","date_gmt":"2020-05-07T13:50:23","guid":{"rendered":"https:\/\/women.lv\/?product=barojoss-sampuns-ar-kava-kava-un-ginkgo-biloba-ellam"},"modified":"2026-03-18T21:16:34","modified_gmt":"2026-03-18T19:16:34","slug":"kava-kava-barojoss-sampuns-ar-kava-kava-un-ginkgo-biloba-ellam","status":"publish","type":"product","link":"https:\/\/women.lv\/ru\/product\/kava-kava-barojoss-sampuns-ar-kava-kava-un-ginkgo-biloba-ellam\/","title":{"rendered":"\u041f\u0438\u0442\u0430\u0442\u0435\u043b\u044c\u043d\u044b\u0439 \u0448\u0430\u043c\u043f\u0443\u043d\u044c \u0441 \u043c\u0430\u0441\u043b\u0430\u043c\u0438 \u043a\u0430\u0432\u0430-\u043a\u0430\u0432\u0430 \u0438 \u0433\u0438\u043d\u043a\u0433\u043e \u0431\u0438\u043b\u043e\u0431\u0430."},"content":{"rendered":"<p><span style=\"font-family: Helvetica;\"><span style=\"font-size: 18px;\"><b>\u0428\u0430\u043c\u043f\u0443\u043d\u044c\u00a0<\/b><\/span><\/span><strong style=\"font-family: Helvetica, sans-serif;\"><span style=\"font-size: 18px;\">\u0421\u043f\u0430\u0441\u0430\u0442\u0435\u043b\u044c\u043d\u044b\u0439 \u0448\u0430\u043c\u043f\u0443\u043d\u044c<\/span><\/strong><span style=\"font-family: Helvetica;\"><span style=\"font-size: 18px;\">\u00a0\u0441 \u043c\u0430\u0441\u043b\u0430\u043c\u0438 \u043a\u0430\u0432\u0430-\u043a\u0430\u0432\u044b \u0438 \u0433\u0438\u043d\u043a\u0433\u043e \u0431\u0438\u043b\u043e\u0431\u0430 \u0431\u0435\u0440\u0435\u0436\u043d\u043e \u043e\u0447\u0438\u0449\u0430\u0435\u0442 \u0438 \u043d\u0430\u0441\u044b\u0449\u0430\u0435\u0442 \u043f\u0440\u044f\u0434\u0438 \u043f\u0438\u0442\u0430\u0442\u0435\u043b\u044c\u043d\u044b\u043c\u0438 \u0432\u0435\u0449\u0435\u0441\u0442\u0432\u0430\u043c\u0438. \u0418\u043d\u0442\u0435\u043d\u0441\u0438\u0432\u043d\u043e \u043f\u0438\u0442\u0430\u0435\u0442 \u0444\u043e\u043b\u043b\u0438\u043a\u0443\u043b\u044b, \u0443\u043a\u0440\u0435\u043f\u043b\u044f\u044f \u0438 \u0430\u043a\u0442\u0438\u0432\u0438\u0440\u0443\u044f \u0440\u043e\u0441\u0442 \u0432\u043e\u043b\u043e\u0441. \u041c\u0430\u0441\u043b\u043e \u0440\u043e\u0437\u043c\u0430\u0440\u0438\u043d\u0430 \u043d\u043e\u0440\u043c\u0430\u043b\u0438\u0437\u0443\u0435\u0442 \u0434\u0435\u044f\u0442\u0435\u043b\u044c\u043d\u043e\u0441\u0442\u044c \u0441\u0430\u043b\u044c\u043d\u044b\u0445 \u0436\u0435\u043b\u0435\u0437. \u041e\u0431\u0435\u0441\u043f\u0435\u0447\u0438\u0432\u0430\u0435\u0442 \u043f\u0440\u0430\u0432\u0438\u043b\u044c\u043d\u043e\u0435 \u043f\u0438\u0442\u0430\u043d\u0438\u0435 \u0432\u043e\u043b\u043e\u0441\u044f\u043d\u044b\u0445 \u0444\u043e\u043b\u043b\u0438\u043a\u0443\u043b\u043e\u0432 \u0438 \u0443\u0432\u043b\u0430\u0436\u043d\u044f\u0435\u0442 \u0441\u0443\u0445\u0438\u0435 \u043f\u0440\u044f\u0434\u0438, \u043d\u043e\u0440\u043c\u0430\u043b\u0438\u0437\u0443\u044f \u0441\u043e\u0434\u0435\u0440\u0436\u0430\u043d\u0438\u0435 \u0432\u043e\u0434\u044b \u0432 \u043f\u0440\u044f\u0434\u044f\u0445. \u0420\u0435\u0433\u0435\u043d\u0435\u0440\u0438\u0440\u0443\u044e\u0449\u0438\u0439 \u0448\u0430\u043c\u043f\u0443\u043d\u044c \u043e\u0431\u043e\u0433\u0430\u0449\u0435\u043d \u043a\u0435\u0440\u0430\u0442\u0438\u043d\u043e\u0432\u044b\u043c\u0438 \u0432\u043e\u043b\u043e\u043a\u043d\u0430\u043c\u0438, \u0431\u043b\u0430\u0433\u043e\u0434\u0430\u0440\u044f \u0447\u0435\u043c\u0443 \u0432\u043e\u0441\u0441\u0442\u0430\u043d\u0430\u0432\u043b\u0438\u0432\u0430\u0435\u0442\u0441\u044f \u0441\u0442\u0440\u0443\u043a\u0442\u0443\u0440\u0430 \u043f\u043e\u0432\u0440\u0435\u0436\u0434\u0435\u043d\u043d\u044b\u0445 \u043f\u0440\u044f\u0434\u0435\u0439.<\/span><\/span><\/p>","protected":false},"excerpt":{"rendered":"<p>\u0428\u0430\u043c\u043f\u0443\u043d\u044c \u00ab\u0421\u043f\u0430\u0441\u0435\u043d\u0438\u0435\u00bb \u0441 \u043c\u0430\u0441\u043b\u0430\u043c\u0438 \u043a\u0430\u0432\u0430-\u043a\u0430\u0432\u0430 \u0438 \u0433\u0438\u043d\u043a\u0433\u043e \u0431\u0438\u043b\u043e\u0431\u0430 \u0431\u0435\u0440\u0435\u0436\u043d\u043e \u043e\u0447\u0438\u0449\u0430\u0435\u0442 \u0438 \u043d\u0430\u0441\u044b\u0449\u0430\u0435\u0442 \u043f\u0440\u044f\u0434\u0438 \u043f\u0438\u0442\u0430\u0442\u0435\u043b\u044c\u043d\u044b\u043c\u0438 \u0432\u0435\u0449\u0435\u0441\u0442\u0432\u0430\u043c\u0438. \u0418\u043d\u0442\u0435\u043d\u0441\u0438\u0432\u043d\u043e \u043f\u0438\u0442\u0430\u0435\u0442 \u0444\u043e\u043b\u043b\u0438\u043a\u0443\u043b\u044b, \u0443\u043a\u0440\u0435\u043f\u043b\u044f\u044f \u0438\u0445.<\/p>","protected":false},"featured_media":28259,"comment_status":"open","ping_status":"closed","template":"","meta":[],"product_brand":[],"product_cat":[2204,2206,2215],"product_tag":[2583,2244,2243,2534,2581,2245,2582],"class_list":{"0":"post-28258","1":"product","2":"type-product","3":"status-publish","4":"has-post-thumbnail","6":"product_cat-matu-kopsanas-lidzekli","7":"product_cat-sampuni","8":"product_cat-visi-produkti","9":"product_tag-barojoss-sampuns-ar-kava-kava-un-ginkgo-biloba-ellam","10":"product_tag-israel","11":"product_tag-izraela","12":"product_tag-kava-kava","13":"product_tag-rescue-shampoo","14":"product_tag-2245","15":"product_tag-2582","16":"pa_brand_nc-kava-kava","17":"pa_ean_nc-2580","18":"pa_ean_nc-israel","20":"first","21":"instock","22":"taxable","23":"shipping-taxable","24":"purchasable","25":"product-type-simple"},"yoast_head":"<!-- This site is optimized with the Yoast SEO plugin v23.9 - https:\/\/yoast.com\/wordpress\/plugins\/seo\/ -->\n<title>Barojo\u0161s \u0161amp\u016bns ar kava kava un ginkgo biloba e\u013c\u013c\u0101m<\/title>\n<meta name=\"description\" content=\"\u0160amp\u016bns Rescue Shampoo ar kava kava un ginkgo biloba e\u013c\u013c\u0101m maigi att\u012bra un baro \u0161\u0137ipsnas ar bar\u012bbas viel\u0101m. Intens\u012bvi baro folikulus, stiprinot un aktiviz\u0113jot matu aug\u0161anu. Rozmar\u012bna e\u013c\u013ca normaliz\u0113 tauku dziedzeru darb\u012bbu.\" \/>\n<meta name=\"robots\" content=\"index, follow, max-snippet:-1, max-image-preview:large, max-video-preview:-1\" \/>\n<link rel=\"canonical\" href=\"https:\/\/women.lv\/ru\/product\/kava-kava-barojoss-sampuns-ar-kava-kava-un-ginkgo-biloba-ellam\/\" \/>\n<meta property=\"og:locale\" content=\"ru_RU\" \/>\n<meta property=\"og:type\" content=\"article\" \/>\n<meta property=\"og:title\" content=\"Barojo\u0161s \u0161amp\u016bns ar kava kava un ginkgo biloba e\u013c\u013c\u0101m\" \/>\n<meta property=\"og:description\" content=\"\u0160amp\u016bns Rescue Shampoo ar kava kava un ginkgo biloba e\u013c\u013c\u0101m maigi att\u012bra un baro \u0161\u0137ipsnas ar bar\u012bbas viel\u0101m. Intens\u012bvi baro folikulus, stiprinot un aktiviz\u0113jot matu aug\u0161anu. Rozmar\u012bna e\u013c\u013ca normaliz\u0113 tauku dziedzeru darb\u012bbu.\" \/>\n<meta property=\"og:url\" content=\"https:\/\/women.lv\/ru\/product\/kava-kava-barojoss-sampuns-ar-kava-kava-un-ginkgo-biloba-ellam\/\" \/>\n<meta property=\"og:site_name\" content=\"Women Veikals\" \/>\n<meta property=\"article:modified_time\" content=\"2026-03-18T19:16:34+00:00\" \/>\n<meta property=\"og:image\" content=\"https:\/\/women.lv\/wp-content\/uploads\/nc\/catalog\/Israel\/Kava-Kava\/rescue-shampoo.PNG\" \/>\n\t<meta property=\"og:image:width\" content=\"577\" \/>\n\t<meta property=\"og:image:height\" content=\"653\" \/>\n\t<meta property=\"og:image:type\" content=\"image\/png\" \/>\n<meta name=\"twitter:card\" content=\"summary_large_image\" \/>\n<script type=\"application\/ld+json\" class=\"yoast-schema-graph\">{\"@context\":\"https:\/\/schema.org\",\"@graph\":[{\"@type\":\"WebPage\",\"@id\":\"https:\/\/women.lv\/product\/kava-kava-barojoss-sampuns-ar-kava-kava-un-ginkgo-biloba-ellam\/\",\"url\":\"https:\/\/women.lv\/product\/kava-kava-barojoss-sampuns-ar-kava-kava-un-ginkgo-biloba-ellam\/\",\"name\":\"Barojo\u0161s \u0161amp\u016bns ar kava kava un ginkgo biloba e\u013c\u013c\u0101m\",\"isPartOf\":{\"@id\":\"https:\/\/women.lv\/#website\"},\"primaryImageOfPage\":{\"@id\":\"https:\/\/women.lv\/product\/kava-kava-barojoss-sampuns-ar-kava-kava-un-ginkgo-biloba-ellam\/#primaryimage\"},\"image\":{\"@id\":\"https:\/\/women.lv\/product\/kava-kava-barojoss-sampuns-ar-kava-kava-un-ginkgo-biloba-ellam\/#primaryimage\"},\"thumbnailUrl\":\"https:\/\/women.lv\/wp-content\/uploads\/nc\/catalog\/Israel\/Kava-Kava\/rescue-shampoo.PNG\",\"datePublished\":\"2020-05-07T13:50:23+00:00\",\"dateModified\":\"2026-03-18T19:16:34+00:00\",\"description\":\"\u0160amp\u016bns Rescue Shampoo ar kava kava un ginkgo biloba e\u013c\u013c\u0101m maigi att\u012bra un baro \u0161\u0137ipsnas ar bar\u012bbas viel\u0101m. Intens\u012bvi baro folikulus, stiprinot un aktiviz\u0113jot matu aug\u0161anu. Rozmar\u012bna e\u013c\u013ca normaliz\u0113 tauku dziedzeru darb\u012bbu.\",\"breadcrumb\":{\"@id\":\"https:\/\/women.lv\/product\/kava-kava-barojoss-sampuns-ar-kava-kava-un-ginkgo-biloba-ellam\/#breadcrumb\"},\"inLanguage\":\"ru-RU\",\"potentialAction\":[{\"@type\":\"ReadAction\",\"target\":[\"https:\/\/women.lv\/product\/kava-kava-barojoss-sampuns-ar-kava-kava-un-ginkgo-biloba-ellam\/\"]}]},{\"@type\":\"ImageObject\",\"inLanguage\":\"ru-RU\",\"@id\":\"https:\/\/women.lv\/product\/kava-kava-barojoss-sampuns-ar-kava-kava-un-ginkgo-biloba-ellam\/#primaryimage\",\"url\":\"https:\/\/women.lv\/wp-content\/uploads\/nc\/catalog\/Israel\/Kava-Kava\/rescue-shampoo.PNG\",\"contentUrl\":\"https:\/\/women.lv\/wp-content\/uploads\/nc\/catalog\/Israel\/Kava-Kava\/rescue-shampoo.PNG\",\"width\":577,\"height\":653,\"caption\":\"Barojo\u0161s \u0161amp\u016bns ar kava kava un ginkgo biloba e\u013c\u013c\u0101m\"},{\"@type\":\"BreadcrumbList\",\"@id\":\"https:\/\/women.lv\/product\/kava-kava-barojoss-sampuns-ar-kava-kava-un-ginkgo-biloba-ellam\/#breadcrumb\",\"itemListElement\":[{\"@type\":\"ListItem\",\"position\":1,\"name\":\"Home\",\"item\":\"https:\/\/women.lv\/\"},{\"@type\":\"ListItem\",\"position\":2,\"name\":\"Products\",\"item\":\"https:\/\/women.lv\/en\/shop\/\"},{\"@type\":\"ListItem\",\"position\":3,\"name\":\"Barojo\u0161s \u0161amp\u016bns ar kava kava un ginkgo biloba e\u013c\u013c\u0101m\"}]},{\"@type\":\"WebSite\",\"@id\":\"https:\/\/women.lv\/#website\",\"url\":\"https:\/\/women.lv\/\",\"name\":\"Women Veikals\",\"description\":\"Uzdr\u012bksties b\u016bt skaista\",\"potentialAction\":[{\"@type\":\"SearchAction\",\"target\":{\"@type\":\"EntryPoint\",\"urlTemplate\":\"https:\/\/women.lv\/?s={search_term_string}\"},\"query-input\":{\"@type\":\"PropertyValueSpecification\",\"valueRequired\":true,\"valueName\":\"search_term_string\"}}],\"inLanguage\":\"ru-RU\"}]}<\/script>\n<!-- \/ Yoast SEO plugin. -->","yoast_head_json":{"title":"Barojo\u0161s \u0161amp\u016bns ar kava kava un ginkgo biloba e\u013c\u013c\u0101m","description":"\u0160amp\u016bns Rescue Shampoo ar kava kava un ginkgo biloba e\u013c\u013c\u0101m maigi att\u012bra un baro \u0161\u0137ipsnas ar bar\u012bbas viel\u0101m. Intens\u012bvi baro folikulus, stiprinot un aktiviz\u0113jot matu aug\u0161anu. Rozmar\u012bna e\u013c\u013ca normaliz\u0113 tauku dziedzeru darb\u012bbu.","robots":{"index":"index","follow":"follow","max-snippet":"max-snippet:-1","max-image-preview":"max-image-preview:large","max-video-preview":"max-video-preview:-1"},"canonical":"https:\/\/women.lv\/ru\/product\/kava-kava-barojoss-sampuns-ar-kava-kava-un-ginkgo-biloba-ellam\/","og_locale":"ru_RU","og_type":"article","og_title":"Barojo\u0161s \u0161amp\u016bns ar kava kava un ginkgo biloba e\u013c\u013c\u0101m","og_description":"\u0160amp\u016bns Rescue Shampoo ar kava kava un ginkgo biloba e\u013c\u013c\u0101m maigi att\u012bra un baro \u0161\u0137ipsnas ar bar\u012bbas viel\u0101m. Intens\u012bvi baro folikulus, stiprinot un aktiviz\u0113jot matu aug\u0161anu. Rozmar\u012bna e\u013c\u013ca normaliz\u0113 tauku dziedzeru darb\u012bbu.","og_url":"https:\/\/women.lv\/ru\/product\/kava-kava-barojoss-sampuns-ar-kava-kava-un-ginkgo-biloba-ellam\/","og_site_name":"Women Veikals","article_modified_time":"2026-03-18T19:16:34+00:00","og_image":[{"width":577,"height":653,"url":"https:\/\/women.lv\/wp-content\/uploads\/nc\/catalog\/Israel\/Kava-Kava\/rescue-shampoo.PNG","type":"image\/png"}],"twitter_card":"summary_large_image","schema":{"@context":"https:\/\/schema.org","@graph":[{"@type":"WebPage","@id":"https:\/\/women.lv\/product\/kava-kava-barojoss-sampuns-ar-kava-kava-un-ginkgo-biloba-ellam\/","url":"https:\/\/women.lv\/product\/kava-kava-barojoss-sampuns-ar-kava-kava-un-ginkgo-biloba-ellam\/","name":"Barojo\u0161s \u0161amp\u016bns ar kava kava un ginkgo biloba e\u013c\u013c\u0101m","isPartOf":{"@id":"https:\/\/women.lv\/#website"},"primaryImageOfPage":{"@id":"https:\/\/women.lv\/product\/kava-kava-barojoss-sampuns-ar-kava-kava-un-ginkgo-biloba-ellam\/#primaryimage"},"image":{"@id":"https:\/\/women.lv\/product\/kava-kava-barojoss-sampuns-ar-kava-kava-un-ginkgo-biloba-ellam\/#primaryimage"},"thumbnailUrl":"https:\/\/women.lv\/wp-content\/uploads\/nc\/catalog\/Israel\/Kava-Kava\/rescue-shampoo.PNG","datePublished":"2020-05-07T13:50:23+00:00","dateModified":"2026-03-18T19:16:34+00:00","description":"\u0160amp\u016bns Rescue Shampoo ar kava kava un ginkgo biloba e\u013c\u013c\u0101m maigi att\u012bra un baro \u0161\u0137ipsnas ar bar\u012bbas viel\u0101m. Intens\u012bvi baro folikulus, stiprinot un aktiviz\u0113jot matu aug\u0161anu. Rozmar\u012bna e\u013c\u013ca normaliz\u0113 tauku dziedzeru darb\u012bbu.","breadcrumb":{"@id":"https:\/\/women.lv\/product\/kava-kava-barojoss-sampuns-ar-kava-kava-un-ginkgo-biloba-ellam\/#breadcrumb"},"inLanguage":"ru-RU","potentialAction":[{"@type":"ReadAction","target":["https:\/\/women.lv\/product\/kava-kava-barojoss-sampuns-ar-kava-kava-un-ginkgo-biloba-ellam\/"]}]},{"@type":"ImageObject","inLanguage":"ru-RU","@id":"https:\/\/women.lv\/product\/kava-kava-barojoss-sampuns-ar-kava-kava-un-ginkgo-biloba-ellam\/#primaryimage","url":"https:\/\/women.lv\/wp-content\/uploads\/nc\/catalog\/Israel\/Kava-Kava\/rescue-shampoo.PNG","contentUrl":"https:\/\/women.lv\/wp-content\/uploads\/nc\/catalog\/Israel\/Kava-Kava\/rescue-shampoo.PNG","width":577,"height":653,"caption":"Barojo\u0161s \u0161amp\u016bns ar kava kava un ginkgo biloba e\u013c\u013c\u0101m"},{"@type":"BreadcrumbList","@id":"https:\/\/women.lv\/product\/kava-kava-barojoss-sampuns-ar-kava-kava-un-ginkgo-biloba-ellam\/#breadcrumb","itemListElement":[{"@type":"ListItem","position":1,"name":"Home","item":"https:\/\/women.lv\/"},{"@type":"ListItem","position":2,"name":"Products","item":"https:\/\/women.lv\/en\/shop\/"},{"@type":"ListItem","position":3,"name":"Barojo\u0161s \u0161amp\u016bns ar kava kava un ginkgo biloba e\u013c\u013c\u0101m"}]},{"@type":"WebSite","@id":"https:\/\/women.lv\/#website","url":"https:\/\/women.lv\/","name":"Women Veikals","description":"Uzdr\u012bksties b\u016bt skaista","potentialAction":[{"@type":"SearchAction","target":{"@type":"EntryPoint","urlTemplate":"https:\/\/women.lv\/?s={search_term_string}"},"query-input":{"@type":"PropertyValueSpecification","valueRequired":true,"valueName":"search_term_string"}}],"inLanguage":"ru-RU"}]}},"_links":{"self":[{"href":"https:\/\/women.lv\/ru\/wp-json\/wp\/v2\/product\/28258","targetHints":{"allow":["GET"]}}],"collection":[{"href":"https:\/\/women.lv\/ru\/wp-json\/wp\/v2\/product"}],"about":[{"href":"https:\/\/women.lv\/ru\/wp-json\/wp\/v2\/types\/product"}],"replies":[{"embeddable":true,"href":"https:\/\/women.lv\/ru\/wp-json\/wp\/v2\/comments?post=28258"}],"version-history":[{"count":1,"href":"https:\/\/women.lv\/ru\/wp-json\/wp\/v2\/product\/28258\/revisions"}],"predecessor-version":[{"id":29599,"href":"https:\/\/women.lv\/ru\/wp-json\/wp\/v2\/product\/28258\/revisions\/29599"}],"wp:featuredmedia":[{"embeddable":true,"href":"https:\/\/women.lv\/ru\/wp-json\/wp\/v2\/media\/28259"}],"wp:attachment":[{"href":"https:\/\/women.lv\/ru\/wp-json\/wp\/v2\/media?parent=28258"}],"wp:term":[{"taxonomy":"product_brand","embeddable":true,"href":"https:\/\/women.lv\/ru\/wp-json\/wp\/v2\/product_brand?post=28258"},{"taxonomy":"product_cat","embeddable":true,"href":"https:\/\/women.lv\/ru\/wp-json\/wp\/v2\/product_cat?post=28258"},{"taxonomy":"product_tag","embeddable":true,"href":"https:\/\/women.lv\/ru\/wp-json\/wp\/v2\/product_tag?post=28258"}],"curies":[{"name":"wp","href":"https:\/\/api.w.org\/{rel}","templated":true}]}}